{"id":1605,"date":"2022-03-19T00:01:04","date_gmt":"2022-03-19T00:01:04","guid":{"rendered":"https:\/\/gooddealersmeds.com\/fi\/?post_type=product&#038;p=1605"},"modified":"2022-10-03T18:15:13","modified_gmt":"2022-10-03T18:15:13","slug":"osta-4mmc-mefedroni-verkosta","status":"publish","type":"product","link":"https:\/\/gooddealersmeds.com\/fi\/product\/osta-4mmc-mefedroni-verkosta\/","title":{"rendered":"Osta 4MMC (Mephedrone) verkosta"},"content":{"rendered":"<p>Osta mefedronia verkosta verkkosivustoltamme ilman resepti\u00e4 tai ilman resepti\u00e4. Tarjoamme korkealaatuisia tutkimuskemikaaleja. Kemikaalimme ovat 99,5 % puhtaita ja ne on standardoitu sek\u00e4 tutkimukseen ett\u00e4 henkil\u00f6kohtaiseen k\u00e4ytt\u00f6\u00f6n. Myymme eritt\u00e4in alhaisilla hinnoilla ja tarjoamme suuria alennuksia. Koska meill\u00e4 on suora p\u00e4\u00e4sy tuotantolaitokseen, tutkimuskemikaalituotteemme ovat eritt\u00e4in kilpailukykyisesti hinnoiteltuja.<\/p>\n<p>Mephedrone <a href=\"https:\/\/gooddealersmeds.com\/fi\/product\/buy-4mmc-mephedrone- online\/\">4MMC myyt\u00e4v\u00e4n\u00e4<\/a> verkossa. Sit\u00e4 kutsutaan my\u00f6s 4-metyylimetkatinoniksi (4-MMC) tai 4-metyyliefedroniksi, eik\u00e4 sit\u00e4 pid\u00e4 sekoittaa<br \/> metadoniin, joka on t\u00e4ysin eri aine. Se on kiraalinen kemikaali, ja sen molemmilla molekyyleill\u00e4 on samanlainen teho kuin dopamiinin kuljettajasubstraateilla. R-mefedroni on huomattavasti heikompi substraatti kuin S-mefedroni. Mefedronia voi ostaa verkosta.<\/p>\n<p>Mefedronia (4-MMC) k\u00e4ytet\u00e4\u00e4n laajalti alkoholin kanssa. Hiiritutkimuksessa tarkasteltiin n\u00e4iden kahden l\u00e4\u00e4kkeen vuorovaikutusta ja keskityttiin 4-MMC:n psykostimulantiin ja palkitsemisominaisuuksiin. Paljastettiin, ett\u00e4 pienet annokset viinaa (ei-energiaa lis\u00e4\u00e4v\u00e4\u00e4) paransivat pohjimmiltaan 4-MMC:n psykostimulantia. T\u00e4t\u00e4 vaikutusta lievensi synaptisen dopamiinin lis\u00e4\u00e4ntyminen, koska haloperidolilla, mutta ei ketanseriinilla, oli kyky est\u00e4\u00e4 alkoholin aiheuttama tehostuminen. Pieni, ei-kompensoiva m\u00e4\u00e4r\u00e4 viinaa lis\u00e4ttiin my\u00f6s 4-MMC:n palkitseviin ominaisuuksiin.<\/p>\n<p>Mefedroni, kuten muutkin fenyylietyyliamiinit, toimii dopamiinin (DA) ja serotoniinin (5-HT) kuljettajan substraattina ja keskeytt\u00e4\u00e4 vesikulaarinen varastointi ja nostaa merkitt\u00e4v\u00e4sti dopamiini- ja serotoniinitasoja, mik\u00e4 johtaa voimakkaisiin psykostimulantteihin, enaktogeenisiin ja hallusinogeenisiin vaikutuksiin.<\/p>\n<p>Mefedronin k\u00e4ytt\u00e4j\u00e4t sanovat, ett\u00e4 se antaa stimulaation tunteen ja ett\u00e4 se tehostaa seuraavia toimintoja:<\/p>\n<ul>\n<li>Valppaus<\/li>\n<li>Levottomuus<\/li>\n<li>Euforia<\/li>\n<li>Innostus<\/li>\n<li>Tarko puhua<\/li>\n<li>Avoimuus<\/li>\n<li>Seksihalu<\/li>\n<\/ul>\n<p>Mephedronen (4-MMC) tilaaminen verkosta on aina hyv\u00e4 p\u00e4\u00e4t\u00f6s, sill\u00e4 se auttaa s\u00e4\u00e4st\u00e4m\u00e4\u00e4n sek\u00e4 rahaa ett\u00e4 aikaa. Ja ainoa luotettava tapa ostaa Mephedrone (4-MMC) verkosta on muodostaa yhteys verkkoapteekkiin. Voit odottaa heilt\u00e4 huippulaatuisia tuotteita ja oikea-aikaista toimitusta etk\u00e4 tunne mink\u00e4\u00e4nlaista taakkaa.<\/p>\n<p>Voit ostaa mefedronia helposti verkosta <a href=\"https:\/\/gooddealersmeds.com\/fi \/products\/\">verkkosivusto<\/a> reseptill\u00e4 tai ilman resepti\u00e4.<\/p>\n<p>&nbsp;<\/p>\n","protected":false},"excerpt":{"rendered":"<p><strong>Autamme sinua kaikissa tarpeissasi ja vaatimuksissasi. Ota helposti yhteytt\u00e4 verkkokauppaamme ja tee ostoksesi mukavasti. Vaatimuksesi ovat nyt vain napsautuksen p\u00e4\u00e4ss\u00e4. Ota meihin yhteytt\u00e4 v\u00e4litt\u00f6m\u00e4sti! (Osta Mephedrone 4MMC)<\/strong><\/p>\n<p>Toimitamme eritt\u00e4in puhtaita tuotteita eritt\u00e4in hyv\u00e4ll\u00e4 ja huomaamattomalla toimitusj\u00e4rjestelm\u00e4ll\u00e4. 12 vuoden kokemus tutkimuskemikaalien toimittamisesta; keskitymme turvallisuuteen.<\/p>\n","protected":false},"featured_media":1698,"comment_status":"open","ping_status":"closed","template":"","meta":{"inline_featured_image":false},"product_brand":[],"product_cat":[343],"product_tag":[158,161,120,121,149,129,135,132,137,131,133,130,144,134,142,143,156,105,118,147,163,128,125,141,127,157,162,154,138,152,146,139,119,123,150,145,148,151,136,159,117,116,122,126,160,155,153,140,107,109,110,106,104,108,124],"class_list":{"0":"post-1605","1":"product","2":"type-product","3":"status-publish","4":"has-post-thumbnail","6":"product_cat-muut","7":"product_tag-4-mmc-mefedroni","8":"product_tag-4-metyylimetkatinoni-mefedroni","9":"product_tag-4mmc-mefedroni-myynniss","10":"product_tag-4mmc-mefedroni-myydn-usa","11":"product_tag-best-site-to-buy-mephedrone","12":"product_tag-buy-mephedrone-4mmc-online-buy-mephedrone","13":"product_tag-buy-mephedrone-bath-salts","14":"product_tag-buy-mephedrone-czech-republic","15":"product_tag-buy-mephedrone-from-china","16":"product_tag-buy-mephedrone-online","17":"product_tag-buy-mephedrone-online-usa","18":"product_tag-buy-mephedrone-plant-food","19":"product_tag-buy-mephedrone-plant-food-for-marijuana-plant","20":"product_tag-buy-mephedrone-plant-food-online-supplier","21":"product_tag-buy-mephedrone-powder","22":"product_tag-buy-mephedrone-usa-mastercard","23":"product_tag-buy-mephedrone-wholesale","24":"product_tag-canada","25":"product_tag-how-to-buy-4mmc-mephedrone-online","26":"product_tag-how-to-buy-mephedrone-online","27":"product_tag-huume-foorumi-mefedroni","28":"product_tag-is-4mmc-mephedrone-in-canada","29":"product_tag-is-4mmc-mephedrone-legal-in-usa","30":"product_tag-kasvi-ruoka-mefedroni-toimittajat","31":"product_tag-miten-tilaus-4mmc-mefedroni","32":"product_tag-mefedroni-4-mmc","33":"product_tag-mefedroni-4-metyylimetkatinoni","34":"product_tag-mefedroni-kasviruoka-osta-verkosta","35":"product_tag-mefedroni-myytvn","36":"product_tag-mefedroni-osta-online-usa","37":"product_tag-mefedroni-ostettavaksi","38":"product_tag-mefedroni-kasviruoka","39":"product_tag-mist-ostaa-4mmc-mefedroni","40":"product_tag-mist-ostaa-4mmc-mefedroni-verkossa","41":"product_tag-mist-osta-mefedroni-usa","42":"product_tag-mist-voin-ostaa-mefedronia","43":"product_tag-mist-voin-ostaa-mefedronia-verkosta","44":"product_tag-mist-voin-ostaa-mefedronia-yhdysvalloissa","45":"product_tag-mist-voin-ostaa-mefedroni-uk","46":"product_tag-snort-mefedroni","47":"product_tag-osta-4mmc-mephedrone-near-me","48":"product_tag-osta-4mmc-mefedroni-verkosta-osta-mefedroni","49":"product_tag-osta-4mmc-mefedroni-verkosta-nyt","50":"product_tag-osta-4mmc-mephedrone-online-usa","51":"product_tag-osta-kasvi-lannoite-mefedroni","52":"product_tag-osta-kasvi-ruokaa-verkosta-mefedroni","53":"product_tag-mefedroni-kasvi-ruoka-osta","54":"product_tag-osta-mefedroni-verkosta","55":"product_tag-ostaa","56":"product_tag-toimittajia","57":"product_tag-turvallinen-toimitus","58":"product_tag-uk","59":"product_tag-usa","60":"product_tag-verkossa","61":"product_tag-voit-viel-saat-4mmc-mefedronia","62":"pa_grams-1-kg-1000-g","63":"pa_grams-100-g","64":"pa_grams-20-g","65":"pa_grams-200-g","66":"pa_grams-250-g","67":"pa_grams-35-g","68":"pa_grams-50-g","69":"pa_grams-500-g","71":"first","72":"instock","73":"featured","74":"shipping-taxable","75":"purchasable","76":"product-type-variable","77":"has-default-attributes"},"yoast_head":"<!-- This site is optimized with the Yoast SEO Premium plugin v20.6 (Yoast SEO v27.3) - https:\/\/yoast.com\/product\/yoast-seo-premium-wordpress\/ -->\n<title>Osta Mephedrone Online (4MMC) | Hyvien j\u00e4lleenmyyjien l\u00e4\u00e4kkeet<\/title>\n<meta name=\"description\" content=\"Osta Mephedrone Online (4MMC). Laadukkaita ahdistuneisuusl\u00e4\u00e4kkeit\u00e4 ja tutkimuskemikaaleja voi ostaa verkosta Good Dealers Medsist\u00e4.\" \/>\n<meta name=\"robots\" content=\"index, follow, max-snippet:-1, max-image-preview:large, max-video-preview:-1\" \/>\n<link rel=\"canonical\" href=\"https:\/\/gooddealersmeds.com\/fi\/product\/osta-4mmc-mefedroni-verkosta\/\" \/>\n<meta property=\"og:locale\" content=\"en_US\" \/>\n<meta property=\"og:type\" content=\"article\" \/>\n<meta property=\"og:title\" content=\"Osta 4MMC (Mephedrone) verkosta\" \/>\n<meta property=\"og:description\" content=\"Osta Mephedrone Online (4MMC). Laadukkaita ahdistuneisuusl\u00e4\u00e4kkeit\u00e4 ja tutkimuskemikaaleja voi ostaa verkosta Good Dealers Medsist\u00e4.\" \/>\n<meta property=\"og:url\" content=\"https:\/\/gooddealersmeds.com\/fi\/product\/osta-4mmc-mefedroni-verkosta\/\" \/>\n<meta property=\"og:site_name\" content=\"Good Dealers Meds\" \/>\n<meta property=\"article:modified_time\" content=\"2022-10-03T18:15:13+00:00\" \/>\n<meta property=\"og:image\" content=\"https:\/\/gooddealersmeds.com\/fi\/wp-content\/uploads\/sites\/6\/2022\/03\/ff.jpg\" \/>\n\t<meta property=\"og:image:width\" content=\"550\" \/>\n\t<meta property=\"og:image:height\" content=\"412\" \/>\n\t<meta property=\"og:image:type\" content=\"image\/jpeg\" \/>\n<meta name=\"twitter:card\" content=\"summary_large_image\" \/>\n<meta name=\"twitter:label1\" content=\"Est. reading time\" \/>\n\t<meta name=\"twitter:data1\" content=\"1 minute\" \/>\n<script type=\"application\/ld+json\" class=\"yoast-schema-graph\">{\"@context\":\"https:\\\/\\\/schema.org\",\"@graph\":[{\"@type\":\"WebPage\",\"@id\":\"https:\\\/\\\/gooddealersmeds.com\\\/fi\\\/product\\\/osta-4mmc-mefedroni-verkosta\\\/\",\"url\":\"https:\\\/\\\/gooddealersmeds.com\\\/fi\\\/product\\\/osta-4mmc-mefedroni-verkosta\\\/\",\"name\":\"Osta Mephedrone Online (4MMC) | Hyvien j\u00e4lleenmyyjien l\u00e4\u00e4kkeet\",\"isPartOf\":{\"@id\":\"https:\\\/\\\/gooddealersmeds.com\\\/fi\\\/#website\"},\"primaryImageOfPage\":{\"@id\":\"https:\\\/\\\/gooddealersmeds.com\\\/fi\\\/product\\\/osta-4mmc-mefedroni-verkosta\\\/#primaryimage\"},\"image\":{\"@id\":\"https:\\\/\\\/gooddealersmeds.com\\\/fi\\\/product\\\/osta-4mmc-mefedroni-verkosta\\\/#primaryimage\"},\"thumbnailUrl\":\"https:\\\/\\\/gooddealersmeds.com\\\/fi\\\/wp-content\\\/uploads\\\/sites\\\/6\\\/2022\\\/03\\\/ff.jpg\",\"datePublished\":\"2022-03-19T00:01:04+00:00\",\"dateModified\":\"2022-10-03T18:15:13+00:00\",\"description\":\"Osta Mephedrone Online (4MMC). Laadukkaita ahdistuneisuusl\u00e4\u00e4kkeit\u00e4 ja tutkimuskemikaaleja voi ostaa verkosta Good Dealers Medsist\u00e4.\",\"breadcrumb\":{\"@id\":\"https:\\\/\\\/gooddealersmeds.com\\\/fi\\\/product\\\/osta-4mmc-mefedroni-verkosta\\\/#breadcrumb\"},\"inLanguage\":\"en-US\",\"potentialAction\":[{\"@type\":\"ReadAction\",\"target\":[\"https:\\\/\\\/gooddealersmeds.com\\\/fi\\\/product\\\/osta-4mmc-mefedroni-verkosta\\\/\"]}]},{\"@type\":\"ImageObject\",\"inLanguage\":\"en-US\",\"@id\":\"https:\\\/\\\/gooddealersmeds.com\\\/fi\\\/product\\\/osta-4mmc-mefedroni-verkosta\\\/#primaryimage\",\"url\":\"https:\\\/\\\/gooddealersmeds.com\\\/fi\\\/wp-content\\\/uploads\\\/sites\\\/6\\\/2022\\\/03\\\/ff.jpg\",\"contentUrl\":\"https:\\\/\\\/gooddealersmeds.com\\\/fi\\\/wp-content\\\/uploads\\\/sites\\\/6\\\/2022\\\/03\\\/ff.jpg\",\"width\":550,\"height\":412,\"caption\":\"Buy 4MMC Mephedrone Online\"},{\"@type\":\"BreadcrumbList\",\"@id\":\"https:\\\/\\\/gooddealersmeds.com\\\/fi\\\/product\\\/osta-4mmc-mefedroni-verkosta\\\/#breadcrumb\",\"itemListElement\":[{\"@type\":\"ListItem\",\"position\":1,\"name\":\"Home\",\"item\":\"https:\\\/\\\/gooddealersmeds.com\\\/fi\\\/\"},{\"@type\":\"ListItem\",\"position\":2,\"name\":\"Tuotteet\",\"item\":\"https:\\\/\\\/gooddealersmeds.com\\\/fi\\\/tuotteet\\\/\"},{\"@type\":\"ListItem\",\"position\":3,\"name\":\"Osta 4MMC (Mephedrone) verkosta\"}]},{\"@type\":\"WebSite\",\"@id\":\"https:\\\/\\\/gooddealersmeds.com\\\/fi\\\/#website\",\"url\":\"https:\\\/\\\/gooddealersmeds.com\\\/fi\\\/\",\"name\":\"Good Dealers Meds\",\"description\":\"All our best\",\"publisher\":{\"@id\":\"https:\\\/\\\/gooddealersmeds.com\\\/fi\\\/#organization\"},\"potentialAction\":[{\"@type\":\"SearchAction\",\"target\":{\"@type\":\"EntryPoint\",\"urlTemplate\":\"https:\\\/\\\/gooddealersmeds.com\\\/fi\\\/?s={search_term_string}\"},\"query-input\":{\"@type\":\"PropertyValueSpecification\",\"valueRequired\":true,\"valueName\":\"search_term_string\"}}],\"inLanguage\":\"en-US\"},{\"@type\":\"Organization\",\"@id\":\"https:\\\/\\\/gooddealersmeds.com\\\/fi\\\/#organization\",\"name\":\"Good Dealers Meds\",\"url\":\"https:\\\/\\\/gooddealersmeds.com\\\/fi\\\/\",\"logo\":{\"@type\":\"ImageObject\",\"inLanguage\":\"en-US\",\"@id\":\"https:\\\/\\\/gooddealersmeds.com\\\/fi\\\/#\\\/schema\\\/logo\\\/image\\\/\",\"url\":\"https:\\\/\\\/gooddealersmeds.com\\\/fi\\\/wp-content\\\/uploads\\\/sites\\\/6\\\/2022\\\/03\\\/gooddealersmeds__logo__20220317T222800Z.00.png\",\"contentUrl\":\"https:\\\/\\\/gooddealersmeds.com\\\/fi\\\/wp-content\\\/uploads\\\/sites\\\/6\\\/2022\\\/03\\\/gooddealersmeds__logo__20220317T222800Z.00.png\",\"width\":500,\"height\":325,\"caption\":\"Good Dealers Meds\"},\"image\":{\"@id\":\"https:\\\/\\\/gooddealersmeds.com\\\/fi\\\/#\\\/schema\\\/logo\\\/image\\\/\"}}]}<\/script>\n<!-- \/ Yoast SEO Premium plugin. -->","yoast_head_json":{"title":"Osta Mephedrone Online (4MMC) | Hyvien j\u00e4lleenmyyjien l\u00e4\u00e4kkeet","description":"Osta Mephedrone Online (4MMC). Laadukkaita ahdistuneisuusl\u00e4\u00e4kkeit\u00e4 ja tutkimuskemikaaleja voi ostaa verkosta Good Dealers Medsist\u00e4.","robots":{"index":"index","follow":"follow","max-snippet":"max-snippet:-1","max-image-preview":"max-image-preview:large","max-video-preview":"max-video-preview:-1"},"canonical":"https:\/\/gooddealersmeds.com\/fi\/product\/osta-4mmc-mefedroni-verkosta\/","og_locale":"en_US","og_type":"article","og_title":"Osta 4MMC (Mephedrone) verkosta","og_description":"Osta Mephedrone Online (4MMC). Laadukkaita ahdistuneisuusl\u00e4\u00e4kkeit\u00e4 ja tutkimuskemikaaleja voi ostaa verkosta Good Dealers Medsist\u00e4.","og_url":"https:\/\/gooddealersmeds.com\/fi\/product\/osta-4mmc-mefedroni-verkosta\/","og_site_name":"Good Dealers Meds","article_modified_time":"2022-10-03T18:15:13+00:00","og_image":[{"width":550,"height":412,"url":"https:\/\/gooddealersmeds.com\/fi\/wp-content\/uploads\/sites\/6\/2022\/03\/ff.jpg","type":"image\/jpeg"}],"twitter_card":"summary_large_image","twitter_misc":{"Est. reading time":"1 minute"},"schema":{"@context":"https:\/\/schema.org","@graph":[{"@type":"WebPage","@id":"https:\/\/gooddealersmeds.com\/fi\/product\/osta-4mmc-mefedroni-verkosta\/","url":"https:\/\/gooddealersmeds.com\/fi\/product\/osta-4mmc-mefedroni-verkosta\/","name":"Osta Mephedrone Online (4MMC) | Hyvien j\u00e4lleenmyyjien l\u00e4\u00e4kkeet","isPartOf":{"@id":"https:\/\/gooddealersmeds.com\/fi\/#website"},"primaryImageOfPage":{"@id":"https:\/\/gooddealersmeds.com\/fi\/product\/osta-4mmc-mefedroni-verkosta\/#primaryimage"},"image":{"@id":"https:\/\/gooddealersmeds.com\/fi\/product\/osta-4mmc-mefedroni-verkosta\/#primaryimage"},"thumbnailUrl":"https:\/\/gooddealersmeds.com\/fi\/wp-content\/uploads\/sites\/6\/2022\/03\/ff.jpg","datePublished":"2022-03-19T00:01:04+00:00","dateModified":"2022-10-03T18:15:13+00:00","description":"Osta Mephedrone Online (4MMC). Laadukkaita ahdistuneisuusl\u00e4\u00e4kkeit\u00e4 ja tutkimuskemikaaleja voi ostaa verkosta Good Dealers Medsist\u00e4.","breadcrumb":{"@id":"https:\/\/gooddealersmeds.com\/fi\/product\/osta-4mmc-mefedroni-verkosta\/#breadcrumb"},"inLanguage":"en-US","potentialAction":[{"@type":"ReadAction","target":["https:\/\/gooddealersmeds.com\/fi\/product\/osta-4mmc-mefedroni-verkosta\/"]}]},{"@type":"ImageObject","inLanguage":"en-US","@id":"https:\/\/gooddealersmeds.com\/fi\/product\/osta-4mmc-mefedroni-verkosta\/#primaryimage","url":"https:\/\/gooddealersmeds.com\/fi\/wp-content\/uploads\/sites\/6\/2022\/03\/ff.jpg","contentUrl":"https:\/\/gooddealersmeds.com\/fi\/wp-content\/uploads\/sites\/6\/2022\/03\/ff.jpg","width":550,"height":412,"caption":"Buy 4MMC Mephedrone Online"},{"@type":"BreadcrumbList","@id":"https:\/\/gooddealersmeds.com\/fi\/product\/osta-4mmc-mefedroni-verkosta\/#breadcrumb","itemListElement":[{"@type":"ListItem","position":1,"name":"Home","item":"https:\/\/gooddealersmeds.com\/fi\/"},{"@type":"ListItem","position":2,"name":"Tuotteet","item":"https:\/\/gooddealersmeds.com\/fi\/tuotteet\/"},{"@type":"ListItem","position":3,"name":"Osta 4MMC (Mephedrone) verkosta"}]},{"@type":"WebSite","@id":"https:\/\/gooddealersmeds.com\/fi\/#website","url":"https:\/\/gooddealersmeds.com\/fi\/","name":"Good Dealers Meds","description":"All our best","publisher":{"@id":"https:\/\/gooddealersmeds.com\/fi\/#organization"},"potentialAction":[{"@type":"SearchAction","target":{"@type":"EntryPoint","urlTemplate":"https:\/\/gooddealersmeds.com\/fi\/?s={search_term_string}"},"query-input":{"@type":"PropertyValueSpecification","valueRequired":true,"valueName":"search_term_string"}}],"inLanguage":"en-US"},{"@type":"Organization","@id":"https:\/\/gooddealersmeds.com\/fi\/#organization","name":"Good Dealers Meds","url":"https:\/\/gooddealersmeds.com\/fi\/","logo":{"@type":"ImageObject","inLanguage":"en-US","@id":"https:\/\/gooddealersmeds.com\/fi\/#\/schema\/logo\/image\/","url":"https:\/\/gooddealersmeds.com\/fi\/wp-content\/uploads\/sites\/6\/2022\/03\/gooddealersmeds__logo__20220317T222800Z.00.png","contentUrl":"https:\/\/gooddealersmeds.com\/fi\/wp-content\/uploads\/sites\/6\/2022\/03\/gooddealersmeds__logo__20220317T222800Z.00.png","width":500,"height":325,"caption":"Good Dealers Meds"},"image":{"@id":"https:\/\/gooddealersmeds.com\/fi\/#\/schema\/logo\/image\/"}}]}},"_links":{"self":[{"href":"https:\/\/gooddealersmeds.com\/fi\/wp-json\/wp\/v2\/product\/1605","targetHints":{"allow":["GET"]}}],"collection":[{"href":"https:\/\/gooddealersmeds.com\/fi\/wp-json\/wp\/v2\/product"}],"about":[{"href":"https:\/\/gooddealersmeds.com\/fi\/wp-json\/wp\/v2\/types\/product"}],"replies":[{"embeddable":true,"href":"https:\/\/gooddealersmeds.com\/fi\/wp-json\/wp\/v2\/comments?post=1605"}],"wp:featuredmedia":[{"embeddable":true,"href":"https:\/\/gooddealersmeds.com\/fi\/wp-json\/wp\/v2\/media\/1698"}],"wp:attachment":[{"href":"https:\/\/gooddealersmeds.com\/fi\/wp-json\/wp\/v2\/media?parent=1605"}],"wp:term":[{"taxonomy":"product_brand","embeddable":true,"href":"https:\/\/gooddealersmeds.com\/fi\/wp-json\/wp\/v2\/product_brand?post=1605"},{"taxonomy":"product_cat","embeddable":true,"href":"https:\/\/gooddealersmeds.com\/fi\/wp-json\/wp\/v2\/product_cat?post=1605"},{"taxonomy":"product_tag","embeddable":true,"href":"https:\/\/gooddealersmeds.com\/fi\/wp-json\/wp\/v2\/product_tag?post=1605"}],"curies":[{"name":"wp","href":"https:\/\/api.w.org\/{rel}","templated":true}]}}