{"id":1588,"date":"2022-03-18T23:47:24","date_gmt":"2022-03-18T23:47:24","guid":{"rendered":"https:\/\/gooddealersmeds.com\/fi\/?post_type=product&#038;p=1588"},"modified":"2022-10-03T18:15:21","modified_gmt":"2022-10-03T18:15:21","slug":"osta-fentanyyli-tabletteja-verkosta","status":"publish","type":"product","link":"https:\/\/gooddealersmeds.com\/fi\/product\/osta-fentanyyli-tabletteja-verkosta\/","title":{"rendered":"Osta fentanyylitabletteja verkosta"},"content":{"rendered":"<h1><strong>Fentanyylijauhe<\/strong><\/h1>\n<p>Fentanyyli kuuluu huumeluokkaan, joka tunnetaan nimell\u00e4 fentanyyli. se on nopeasti vaikuttava opioidil\u00e4\u00e4ke (synteettinen opiaatti), joka lievitt\u00e4\u00e4 kipua aiheuttamatta tajunnan menetyst\u00e4 (kipul\u00e4\u00e4ke) &#8211; Osta fentanyylitabletteja verkosta. Fentanyyli heikent\u00e4\u00e4 keskushermoston (CNS) ja hengitystoiminnan toimintaa. Se on 50\u2013100 kertaa vahvempaa kuin morfiini, mutta on hyvin identtinen sen kanssa.<\/p>\n<p>&nbsp;<\/p>\n<p>Fentanyyliyliannostuksen uhrien hengitys voi vaikeutua tai lakata kokonaan. Yliannostus tapahtuu, kun l\u00e4\u00e4ke tuottaa vakavia haittavaikutuksia ja hengenvaarallisia oireita. Kun ihmiset yliannostavat fentanyyli\u00e4, heid\u00e4n hengityksens\u00e4 voi hidastua tai pys\u00e4hty\u00e4. T\u00e4m\u00e4 voi v\u00e4hent\u00e4\u00e4 kehon soluihin p\u00e4\u00e4sev\u00e4n hapen m\u00e4\u00e4r\u00e4\u00e4, jota kutsutaan hypoksiaksi. Fentanyylin teho tekee siit\u00e4 riippuvuutta aiheuttavaa. K\u00e4ytett\u00e4ess\u00e4 fentanyyli\u00e4 reseptill\u00e4 l\u00e4\u00e4k\u00e4rin ohjeiden mukaan, voi kehitty\u00e4 riippuvuus, joka ilmenee vieroitusoireina l\u00e4\u00e4kkeen k\u00e4yt\u00f6n lopettamisen j\u00e4lkeen. Vaikka ihminen saattaa olla riippuvainen aineesta olematta riippuvainen siit\u00e4, riippuvuus voi joskus seurata aivojen riippuvuutta &#8211; Miten voin ostaa fentanyylitabletin. Se on tehokkain opioidikipul\u00e4\u00e4ke, jota nyky\u00e4\u00e4n k\u00e4ytet\u00e4\u00e4n sairaanhoidossa.<\/p>\n<p>Huolimatta siit\u00e4, ett\u00e4 fentanyyli\u00e4 pidet\u00e4\u00e4n turvallisena ja tehokkaana, kun sit\u00e4 k\u00e4ytet\u00e4\u00e4n kontrolloidussa l\u00e4\u00e4ketieteellisess\u00e4 ymp\u00e4rist\u00f6ss\u00e4, l\u00e4\u00e4kkeell\u00e4 on suuri v\u00e4\u00e4rink\u00e4yt\u00f6n mahdollisuus. Jotkut ihmiset valmistavat fentanyylianalogeja, jotka ovat hyvin samanlaisia \u200b\u200bkuin alkuper\u00e4inen l\u00e4\u00e4ke. Fentanyyli sitoutuu aivojen reseptoreihin, jotka hallitsevat kipua ja tunteita, aivan kuten muutkin opioidil\u00e4\u00e4kkeet. Fentanyyli aiheuttaa yleens\u00e4 haittavaikutuksia, kuten pahoinvointia, oksentelua, ummetusta, kutinaa, uneliaisuutta, sekavuutta ja koordinaation puutteesta johtuvia vammoja. Hengityslama, hallusinaatiot, serotoniinioireyhtym\u00e4, matala verenpaine tai opioidien k\u00e4ytt\u00f6ongelman ilmaantuminen ovat esimerkkej\u00e4 vakavista negatiivisista vaikutuksista.<\/p>\n<p>Lis\u00e4ksi sit\u00e4 k\u00e4ytet\u00e4\u00e4n jatkuvan kivun, kuten sy\u00f6p\u00e4kivun, hoitoon. . Potilaat, jotka eiv\u00e4t voi ottaa morfiinia tai joiden hengenahdistus on vastustuskykyinen morfiinille, voivat my\u00f6s k\u00e4ytt\u00e4\u00e4 fentanyyli\u00e4 oireidensa hoitoon. Palliatiivisessa hoidossa, jossa voimakasta kipua ja hengenahdistusta on hoidettava vahvoilla opioideilla, fentanyyli on erityisen hy\u00f6dyllinen yhdistelm\u00e4n osoittamisessa.<\/p>\n<p>Koska sen eritt\u00e4in vaihteleva kuolemaan johtava annos, kun sit\u00e4 k\u00e4ytet\u00e4\u00e4n yhdess\u00e4 muiden l\u00e4\u00e4kkeiden kanssa, fentanyyli aiheuttaa ihmisill\u00e4 poikkeuksellisen suuren yliannostusvaaran. Yliannostukset ovat vain marginaalisesti arvaamattomia puhtaimmassa muodossaan. Mist\u00e4 saa fentanyylitabletteja ilman resepti\u00e4<\/p>\n<p><a href=\"https:\/\/gooddealersmeds.com\/fi\/product\/buy-fentanyl-tablets-online\/\">Fentanyylipillereit\u00e4 myynniss\u00e4<\/a> osoitteessa GoodDealersMeds, Olisi aiheellista korostaa, ett\u00e4 mainittujen tuotteiden hy\u00f6dylliset ja virkistysominaisuudet riippuvat vastuullisesta k\u00e4yt\u00f6st\u00e4.<\/p>\n","protected":false},"excerpt":{"rendered":"<h1>Osta fentanyylitransdermaalinen j\u00e4rjestelm\u00e4laastari<\/h1>\n<p>Vakavien sivuvaikutusten (kuten hidas\/matala hengitys, vaikea uneliaisuus\/huimaus) riski voi kasvaa, jos t\u00e4t\u00e4 l\u00e4\u00e4kett\u00e4 k\u00e4ytet\u00e4\u00e4n muiden uneliaisuutta aiheuttavien tuotteiden kanssa. tai hengitysvaikeuksia.<\/p>\n","protected":false},"featured_media":1596,"comment_status":"open","ping_status":"closed","template":"","meta":{"inline_featured_image":false},"product_brand":[],"product_cat":[347],"product_tag":[97,99,103,115,112,114,98,102,95,113,96,101,100,110,111],"class_list":{"0":"post-1588","1":"product","2":"type-product","3":"status-publish","4":"has-post-thumbnail","6":"product_cat-opioidi-kipulke","7":"product_tag-buy-fentanyl-online","8":"product_tag-fentanyyli-tabletit-myynniss","9":"product_tag-fentanyyli-tabletit-myynniss-usa","10":"product_tag-is-fentanyl-tablets-legal-in-canada","11":"product_tag-is-fentanyl-tablets-legal-in-usa","12":"product_tag-miten-tilaa-fentanyyli-tabletteja","13":"product_tag-mist-ostaa-fentanyyli-tabletteja","14":"product_tag-mist-ostaa-fentanyyli-tabletteja-verkosta","15":"product_tag-osta-fentanyyli-tabletit-online-osta-tabletit","16":"product_tag-osta-fentanyyli-tabletit-online-usa","17":"product_tag-osta-fentanyyli-tabletit","18":"product_tag-osta-tabletteja-verkosta","19":"product_tag-tabletit-myynniss","20":"product_tag-turvallinen-toimitus","21":"product_tag-voit-viel-saada-fentanyyli-tabletteja","22":"pa_pills-100-pills","23":"pa_pills-1000-pills","24":"pa_pills-30-pills","25":"pa_pills-300-pills","26":"pa_pills-50-pills","27":"pa_pills-500-pills","29":"first","30":"instock","31":"featured","32":"shipping-taxable","33":"purchasable","34":"product-type-variable","35":"has-default-attributes"},"yoast_head":"<!-- This site is optimized with the Yoast SEO Premium plugin v20.6 (Yoast SEO v27.3) - https:\/\/yoast.com\/product\/yoast-seo-premium-wordpress\/ -->\n<title>Osta fentanyylitabletteja verkosta ilman resepti\u00e4 | Hyvien j\u00e4lleenmyyjien l\u00e4\u00e4kkeet<\/title>\n<meta name=\"description\" content=\"Osta fentanyylitabletteja verkosta GoodDealersMedsilt\u00e4. Fentanyylipillereit\u00e4 myyd\u00e4\u00e4n maailmanlaajuisesti. Tilaa nyt ja saat toimituksen kotiovellesi.\" \/>\n<meta name=\"robots\" content=\"index, follow, max-snippet:-1, max-image-preview:large, max-video-preview:-1\" \/>\n<link rel=\"canonical\" href=\"https:\/\/gooddealersmeds.com\/fi\/product\/osta-fentanyyli-tabletteja-verkosta\/\" \/>\n<meta property=\"og:locale\" content=\"en_US\" \/>\n<meta property=\"og:type\" content=\"article\" \/>\n<meta property=\"og:title\" content=\"Osta fentanyylitabletteja verkosta\" \/>\n<meta property=\"og:description\" content=\"Osta fentanyylitabletteja verkosta GoodDealersMedsilt\u00e4. Fentanyylipillereit\u00e4 myyd\u00e4\u00e4n maailmanlaajuisesti. Tilaa nyt ja saat toimituksen kotiovellesi.\" \/>\n<meta property=\"og:url\" content=\"https:\/\/gooddealersmeds.com\/fi\/product\/osta-fentanyyli-tabletteja-verkosta\/\" \/>\n<meta property=\"og:site_name\" content=\"Good Dealers Meds\" \/>\n<meta property=\"article:modified_time\" content=\"2022-10-03T18:15:21+00:00\" \/>\n<meta property=\"og:image\" content=\"https:\/\/gooddealersmeds.com\/fi\/wp-content\/uploads\/sites\/6\/2022\/03\/buy-fentanyl-tablets-online.jpg\" \/>\n\t<meta property=\"og:image:width\" content=\"600\" \/>\n\t<meta property=\"og:image:height\" content=\"600\" \/>\n\t<meta property=\"og:image:type\" content=\"image\/jpeg\" \/>\n<meta name=\"twitter:card\" content=\"summary_large_image\" \/>\n<meta name=\"twitter:label1\" content=\"Est. reading time\" \/>\n\t<meta name=\"twitter:data1\" content=\"2 minutes\" \/>\n<script type=\"application\/ld+json\" class=\"yoast-schema-graph\">{\"@context\":\"https:\\\/\\\/schema.org\",\"@graph\":[{\"@type\":\"WebPage\",\"@id\":\"https:\\\/\\\/gooddealersmeds.com\\\/fi\\\/product\\\/osta-fentanyyli-tabletteja-verkosta\\\/\",\"url\":\"https:\\\/\\\/gooddealersmeds.com\\\/fi\\\/product\\\/osta-fentanyyli-tabletteja-verkosta\\\/\",\"name\":\"Osta fentanyylitabletteja verkosta ilman resepti\u00e4 | Hyvien j\u00e4lleenmyyjien l\u00e4\u00e4kkeet\",\"isPartOf\":{\"@id\":\"https:\\\/\\\/gooddealersmeds.com\\\/fi\\\/#website\"},\"primaryImageOfPage\":{\"@id\":\"https:\\\/\\\/gooddealersmeds.com\\\/fi\\\/product\\\/osta-fentanyyli-tabletteja-verkosta\\\/#primaryimage\"},\"image\":{\"@id\":\"https:\\\/\\\/gooddealersmeds.com\\\/fi\\\/product\\\/osta-fentanyyli-tabletteja-verkosta\\\/#primaryimage\"},\"thumbnailUrl\":\"https:\\\/\\\/gooddealersmeds.com\\\/fi\\\/wp-content\\\/uploads\\\/sites\\\/6\\\/2022\\\/03\\\/buy-fentanyl-tablets-online.jpg\",\"datePublished\":\"2022-03-18T23:47:24+00:00\",\"dateModified\":\"2022-10-03T18:15:21+00:00\",\"description\":\"Osta fentanyylitabletteja verkosta GoodDealersMedsilt\u00e4. Fentanyylipillereit\u00e4 myyd\u00e4\u00e4n maailmanlaajuisesti. Tilaa nyt ja saat toimituksen kotiovellesi.\",\"breadcrumb\":{\"@id\":\"https:\\\/\\\/gooddealersmeds.com\\\/fi\\\/product\\\/osta-fentanyyli-tabletteja-verkosta\\\/#breadcrumb\"},\"inLanguage\":\"en-US\",\"potentialAction\":[{\"@type\":\"ReadAction\",\"target\":[\"https:\\\/\\\/gooddealersmeds.com\\\/fi\\\/product\\\/osta-fentanyyli-tabletteja-verkosta\\\/\"]}]},{\"@type\":\"ImageObject\",\"inLanguage\":\"en-US\",\"@id\":\"https:\\\/\\\/gooddealersmeds.com\\\/fi\\\/product\\\/osta-fentanyyli-tabletteja-verkosta\\\/#primaryimage\",\"url\":\"https:\\\/\\\/gooddealersmeds.com\\\/fi\\\/wp-content\\\/uploads\\\/sites\\\/6\\\/2022\\\/03\\\/buy-fentanyl-tablets-online.jpg\",\"contentUrl\":\"https:\\\/\\\/gooddealersmeds.com\\\/fi\\\/wp-content\\\/uploads\\\/sites\\\/6\\\/2022\\\/03\\\/buy-fentanyl-tablets-online.jpg\",\"width\":600,\"height\":600,\"caption\":\"Buy Fentanyl Tablets Online\"},{\"@type\":\"BreadcrumbList\",\"@id\":\"https:\\\/\\\/gooddealersmeds.com\\\/fi\\\/product\\\/osta-fentanyyli-tabletteja-verkosta\\\/#breadcrumb\",\"itemListElement\":[{\"@type\":\"ListItem\",\"position\":1,\"name\":\"Home\",\"item\":\"https:\\\/\\\/gooddealersmeds.com\\\/fi\\\/\"},{\"@type\":\"ListItem\",\"position\":2,\"name\":\"Tuotteet\",\"item\":\"https:\\\/\\\/gooddealersmeds.com\\\/fi\\\/tuotteet\\\/\"},{\"@type\":\"ListItem\",\"position\":3,\"name\":\"Osta fentanyylitabletteja verkosta\"}]},{\"@type\":\"WebSite\",\"@id\":\"https:\\\/\\\/gooddealersmeds.com\\\/fi\\\/#website\",\"url\":\"https:\\\/\\\/gooddealersmeds.com\\\/fi\\\/\",\"name\":\"Good Dealers Meds\",\"description\":\"All our best\",\"publisher\":{\"@id\":\"https:\\\/\\\/gooddealersmeds.com\\\/fi\\\/#organization\"},\"potentialAction\":[{\"@type\":\"SearchAction\",\"target\":{\"@type\":\"EntryPoint\",\"urlTemplate\":\"https:\\\/\\\/gooddealersmeds.com\\\/fi\\\/?s={search_term_string}\"},\"query-input\":{\"@type\":\"PropertyValueSpecification\",\"valueRequired\":true,\"valueName\":\"search_term_string\"}}],\"inLanguage\":\"en-US\"},{\"@type\":\"Organization\",\"@id\":\"https:\\\/\\\/gooddealersmeds.com\\\/fi\\\/#organization\",\"name\":\"Good Dealers Meds\",\"url\":\"https:\\\/\\\/gooddealersmeds.com\\\/fi\\\/\",\"logo\":{\"@type\":\"ImageObject\",\"inLanguage\":\"en-US\",\"@id\":\"https:\\\/\\\/gooddealersmeds.com\\\/fi\\\/#\\\/schema\\\/logo\\\/image\\\/\",\"url\":\"https:\\\/\\\/gooddealersmeds.com\\\/fi\\\/wp-content\\\/uploads\\\/sites\\\/6\\\/2022\\\/03\\\/gooddealersmeds__logo__20220317T222800Z.00.png\",\"contentUrl\":\"https:\\\/\\\/gooddealersmeds.com\\\/fi\\\/wp-content\\\/uploads\\\/sites\\\/6\\\/2022\\\/03\\\/gooddealersmeds__logo__20220317T222800Z.00.png\",\"width\":500,\"height\":325,\"caption\":\"Good Dealers Meds\"},\"image\":{\"@id\":\"https:\\\/\\\/gooddealersmeds.com\\\/fi\\\/#\\\/schema\\\/logo\\\/image\\\/\"}}]}<\/script>\n<!-- \/ Yoast SEO Premium plugin. -->","yoast_head_json":{"title":"Osta fentanyylitabletteja verkosta ilman resepti\u00e4 | Hyvien j\u00e4lleenmyyjien l\u00e4\u00e4kkeet","description":"Osta fentanyylitabletteja verkosta GoodDealersMedsilt\u00e4. Fentanyylipillereit\u00e4 myyd\u00e4\u00e4n maailmanlaajuisesti. Tilaa nyt ja saat toimituksen kotiovellesi.","robots":{"index":"index","follow":"follow","max-snippet":"max-snippet:-1","max-image-preview":"max-image-preview:large","max-video-preview":"max-video-preview:-1"},"canonical":"https:\/\/gooddealersmeds.com\/fi\/product\/osta-fentanyyli-tabletteja-verkosta\/","og_locale":"en_US","og_type":"article","og_title":"Osta fentanyylitabletteja verkosta","og_description":"Osta fentanyylitabletteja verkosta GoodDealersMedsilt\u00e4. Fentanyylipillereit\u00e4 myyd\u00e4\u00e4n maailmanlaajuisesti. Tilaa nyt ja saat toimituksen kotiovellesi.","og_url":"https:\/\/gooddealersmeds.com\/fi\/product\/osta-fentanyyli-tabletteja-verkosta\/","og_site_name":"Good Dealers Meds","article_modified_time":"2022-10-03T18:15:21+00:00","og_image":[{"width":600,"height":600,"url":"https:\/\/gooddealersmeds.com\/fi\/wp-content\/uploads\/sites\/6\/2022\/03\/buy-fentanyl-tablets-online.jpg","type":"image\/jpeg"}],"twitter_card":"summary_large_image","twitter_misc":{"Est. reading time":"2 minutes"},"schema":{"@context":"https:\/\/schema.org","@graph":[{"@type":"WebPage","@id":"https:\/\/gooddealersmeds.com\/fi\/product\/osta-fentanyyli-tabletteja-verkosta\/","url":"https:\/\/gooddealersmeds.com\/fi\/product\/osta-fentanyyli-tabletteja-verkosta\/","name":"Osta fentanyylitabletteja verkosta ilman resepti\u00e4 | Hyvien j\u00e4lleenmyyjien l\u00e4\u00e4kkeet","isPartOf":{"@id":"https:\/\/gooddealersmeds.com\/fi\/#website"},"primaryImageOfPage":{"@id":"https:\/\/gooddealersmeds.com\/fi\/product\/osta-fentanyyli-tabletteja-verkosta\/#primaryimage"},"image":{"@id":"https:\/\/gooddealersmeds.com\/fi\/product\/osta-fentanyyli-tabletteja-verkosta\/#primaryimage"},"thumbnailUrl":"https:\/\/gooddealersmeds.com\/fi\/wp-content\/uploads\/sites\/6\/2022\/03\/buy-fentanyl-tablets-online.jpg","datePublished":"2022-03-18T23:47:24+00:00","dateModified":"2022-10-03T18:15:21+00:00","description":"Osta fentanyylitabletteja verkosta GoodDealersMedsilt\u00e4. Fentanyylipillereit\u00e4 myyd\u00e4\u00e4n maailmanlaajuisesti. Tilaa nyt ja saat toimituksen kotiovellesi.","breadcrumb":{"@id":"https:\/\/gooddealersmeds.com\/fi\/product\/osta-fentanyyli-tabletteja-verkosta\/#breadcrumb"},"inLanguage":"en-US","potentialAction":[{"@type":"ReadAction","target":["https:\/\/gooddealersmeds.com\/fi\/product\/osta-fentanyyli-tabletteja-verkosta\/"]}]},{"@type":"ImageObject","inLanguage":"en-US","@id":"https:\/\/gooddealersmeds.com\/fi\/product\/osta-fentanyyli-tabletteja-verkosta\/#primaryimage","url":"https:\/\/gooddealersmeds.com\/fi\/wp-content\/uploads\/sites\/6\/2022\/03\/buy-fentanyl-tablets-online.jpg","contentUrl":"https:\/\/gooddealersmeds.com\/fi\/wp-content\/uploads\/sites\/6\/2022\/03\/buy-fentanyl-tablets-online.jpg","width":600,"height":600,"caption":"Buy Fentanyl Tablets Online"},{"@type":"BreadcrumbList","@id":"https:\/\/gooddealersmeds.com\/fi\/product\/osta-fentanyyli-tabletteja-verkosta\/#breadcrumb","itemListElement":[{"@type":"ListItem","position":1,"name":"Home","item":"https:\/\/gooddealersmeds.com\/fi\/"},{"@type":"ListItem","position":2,"name":"Tuotteet","item":"https:\/\/gooddealersmeds.com\/fi\/tuotteet\/"},{"@type":"ListItem","position":3,"name":"Osta fentanyylitabletteja verkosta"}]},{"@type":"WebSite","@id":"https:\/\/gooddealersmeds.com\/fi\/#website","url":"https:\/\/gooddealersmeds.com\/fi\/","name":"Good Dealers Meds","description":"All our best","publisher":{"@id":"https:\/\/gooddealersmeds.com\/fi\/#organization"},"potentialAction":[{"@type":"SearchAction","target":{"@type":"EntryPoint","urlTemplate":"https:\/\/gooddealersmeds.com\/fi\/?s={search_term_string}"},"query-input":{"@type":"PropertyValueSpecification","valueRequired":true,"valueName":"search_term_string"}}],"inLanguage":"en-US"},{"@type":"Organization","@id":"https:\/\/gooddealersmeds.com\/fi\/#organization","name":"Good Dealers Meds","url":"https:\/\/gooddealersmeds.com\/fi\/","logo":{"@type":"ImageObject","inLanguage":"en-US","@id":"https:\/\/gooddealersmeds.com\/fi\/#\/schema\/logo\/image\/","url":"https:\/\/gooddealersmeds.com\/fi\/wp-content\/uploads\/sites\/6\/2022\/03\/gooddealersmeds__logo__20220317T222800Z.00.png","contentUrl":"https:\/\/gooddealersmeds.com\/fi\/wp-content\/uploads\/sites\/6\/2022\/03\/gooddealersmeds__logo__20220317T222800Z.00.png","width":500,"height":325,"caption":"Good Dealers Meds"},"image":{"@id":"https:\/\/gooddealersmeds.com\/fi\/#\/schema\/logo\/image\/"}}]}},"_links":{"self":[{"href":"https:\/\/gooddealersmeds.com\/fi\/wp-json\/wp\/v2\/product\/1588","targetHints":{"allow":["GET"]}}],"collection":[{"href":"https:\/\/gooddealersmeds.com\/fi\/wp-json\/wp\/v2\/product"}],"about":[{"href":"https:\/\/gooddealersmeds.com\/fi\/wp-json\/wp\/v2\/types\/product"}],"replies":[{"embeddable":true,"href":"https:\/\/gooddealersmeds.com\/fi\/wp-json\/wp\/v2\/comments?post=1588"}],"wp:featuredmedia":[{"embeddable":true,"href":"https:\/\/gooddealersmeds.com\/fi\/wp-json\/wp\/v2\/media\/1596"}],"wp:attachment":[{"href":"https:\/\/gooddealersmeds.com\/fi\/wp-json\/wp\/v2\/media?parent=1588"}],"wp:term":[{"taxonomy":"product_brand","embeddable":true,"href":"https:\/\/gooddealersmeds.com\/fi\/wp-json\/wp\/v2\/product_brand?post=1588"},{"taxonomy":"product_cat","embeddable":true,"href":"https:\/\/gooddealersmeds.com\/fi\/wp-json\/wp\/v2\/product_cat?post=1588"},{"taxonomy":"product_tag","embeddable":true,"href":"https:\/\/gooddealersmeds.com\/fi\/wp-json\/wp\/v2\/product_tag?post=1588"}],"curies":[{"name":"wp","href":"https:\/\/api.w.org\/{rel}","templated":true}]}}