{"id":1582,"date":"2022-03-18T23:46:33","date_gmt":"2022-03-18T23:46:33","guid":{"rendered":"https:\/\/gooddealersmeds.com\/fi\/?post_type=product&#038;p=1582"},"modified":"2022-10-03T18:15:30","modified_gmt":"2022-10-03T18:15:30","slug":"amfetamiini-kapseli","status":"publish","type":"product","link":"https:\/\/gooddealersmeds.com\/fi\/product\/amfetamiini-kapseli\/","title":{"rendered":"Osta amfetamiinikapseli verkosta"},"content":{"rendered":"<h3>Amfetamiini<\/h3>\n<p>Amfetamiini (sopimus <u>a<\/u>lpha\u2013<u>m<\/u>etyyli<u>ph<\/u>en<u>et<\/u> &gt;hyl<u>amiini<\/u>) on keskushermostoa stimuloiva aine, jota markkinoidaan muun muassa tuotenimell\u00e4 Evekeo. Ensinn\u00e4kin sit\u00e4 k\u00e4ytet\u00e4\u00e4n ADHD:n, narkolepsian ja liikalihavuuden hoidossa. Lis\u00e4ksi amfetamiinit ovat pirist\u00e4vi\u00e4 huumeita, mik\u00e4 tarkoittaa, ett\u00e4 ne nopeuttavat viestien kulkemista aivojen ja kehon v\u00e4lill\u00e4. Amfetamiinijauhe. Tilaa amfetamiini verkosta.<\/p>\n<p>Lis\u00e4ksi amfetamiinia k\u00e4ytet\u00e4\u00e4n my\u00f6s urheilullisen suorituskyvyn parantajana ja kognitiivisena tehostajana sek\u00e4 virkistysk\u00e4yt\u00f6ss\u00e4 afrodisiakkina ja euforiana. Lis\u00e4ksi se on reseptil\u00e4\u00e4ke monissa maissa, ja amfetamiinin luvatonta hallussapitoa ja jakelua valvotaan usein tiukasti virkistysk\u00e4ytt\u00f6\u00f6n liittyvien merkitt\u00e4vien terveysriskien vuoksi. Amfetamiinijauhe.<\/p>\n<h3>Lis\u00e4tietoja<\/h3>\n<p>L\u00e4\u00e4k\u00e4rit m\u00e4\u00e4r\u00e4\u00e4v\u00e4t laillisesti tietyntyyppisi\u00e4 amfetamiinia sairauksien, kuten ADHD:n ja narkolepsian (jossa henkil\u00f6ll\u00e4 on hallitsematon halu nukkua) hoitoon.<\/p>\n<p> p&gt; <\/p>\n<p>Lis\u00e4ksi amfetamiinien ulkon\u00e4k\u00f6 vaihtelee. Lis\u00e4ksi ne voivat olla jauheen, tablettien, kiteiden ja kapseleiden muodossa. Pakkaamme my\u00f6s &#8216;folioihin&#8217; (alumiinifolioon), muovipusseihin tai pieniin ilmapalloihin toimituksen yhteydess\u00e4. Tilaa amfetamiini verkosta.<\/p>\n<p>Amfetamiinijauheen v\u00e4ri voi vaihdella valkoisesta ruskeaan, joskus siin\u00e4 voi olla harmaita tai vaaleanpunaisia \u200b\u200bj\u00e4lki\u00e4. Siin\u00e4 on voimakas tuoksu ja karvas maku. Lis\u00e4ksi amfetamiinikapselit ja -tabletit vaihtelevat huomattavasti kooltaan ja v\u00e4rilt\u00e4\u00e4n. Amfetamiini myynniss\u00e4.<\/p>\n<p>Lis\u00e4ksi laittomasti tuotetut amfetamiinit voivat olla sekoitus huumeita, sideaineita, kofeiinia ja sokeria. Tilaa amfetamiinia verkosta.<\/p>\n<h3>K\u00e4ytt\u00f6\u00f6notto<\/h3>\n<p>Amfetamiinia yleens\u00e4 niell\u00e4\u00e4n, ruiskutetaan tai poltetaan. Niit\u00e4 my\u00f6s kuorsataan. Osta amfetamiinijauhe verkosta.<\/p>\n<h3>Amfetamiinien vaikutukset<\/h3>\n<p>Ensinn\u00e4kin amfetamiinit vaikuttavat jokaiseen eri tavalla koon, painon ja terveyden perusteella, onko henkil\u00f6 tottunut k\u00e4ytt\u00e4m\u00e4\u00e4n sit\u00e4, onko muita huumeita suunnilleen samaan aikaan otettu m\u00e4\u00e4r\u00e4, l\u00e4\u00e4kkeen vahvuus (vaihtelee laittomasti tuotettujen l\u00e4\u00e4kkeiden eriss\u00e4). Osta amfetamiinia verkosta.<\/p>\n<p>Siksi amfetamiinien vaikutukset voivat tuntua v\u00e4litt\u00f6m\u00e4sti (jos ruiskeena tai tupakoidaan) tai 30 minuutin kuluessa (jos nielty tai nuuskaa). Osta amfetamiinia verkosta.<\/p>\n<p>Lis\u00e4ksi voit kokea seuraavia vaikutuksia:<\/p>\n<ul>\n<li>Onnellisuus ja luottamus<\/li>\n<li>Puhua enemm\u00e4n ja tunnet itsesi energiseksi<\/li>\n<li>Yksinkertaisten asioiden, kuten kutina ja naarmuuntumista, toistaminen<\/li>\n<li>Isot pupillit ja suun kuivuminen<\/li>\n<li>Nopea syd\u00e4menly\u00f6nti ja hengitys<\/li>\n<li>Hampaiden narskuttelu<\/li>\n<li>V\u00e4hentynyt ruokahalu<\/li>\n<li>Liikallinen hikoilu<\/li>\n<li>Lis\u00e4stynyt sukupuolihalu<\/li>\n<\/ul>\n<p>Lis\u00e4ksi masennusl\u00e4\u00e4kkeiden, kuten alkoholin, bentsodiatsepiinien tai kannabiksen, k\u00e4ytt\u00f6 &#8216;come&#8217;in vaikutukset voivat johtaa riippuvuuden kierteeseen molemmista huumetyypeist\u00e4. Lis\u00e4ksi osta amfetamiini verkosta. <a href=\"https:\/\/gooddealersmeds.com\/fi\/product\/amfetamine-capsule\/\">Myynniss\u00e4 korkealaatuista amfetamiinia<\/a><\/p>\n<h3>Amfetamiinipsykoosi<\/h3>\n<p>Ja korkea annokset ja toistuva runsas k\u00e4ytt\u00f6 voivat my\u00f6s aiheuttaa &#8220;amfetamiinipsykoosin&#8221;, jolle on ominaista vainoharhaisuus, hallusinaatiot ja luonteeltaan aggressiivinen tai v\u00e4kivaltainen k\u00e4ytt\u00e4ytyminen. Lis\u00e4ksi n\u00e4m\u00e4 oireet h\u00e4vi\u00e4v\u00e4t yleens\u00e4 muutaman p\u00e4iv\u00e4n kuluttua siit\u00e4, kun henkil\u00f6 lopettaa amfetamiinien k\u00e4yt\u00f6n.<\/p>\n<h3>Amfetamiinien sekoittaminen muihin huumeisiin<\/h3>\n<p>Ensinn\u00e4kin huumeiden yhteisvaikutukset voivat muuttaa amfetamiinin toimintaa tai lis\u00e4t\u00e4 vakavien sairauksien riski\u00e4 sivuvaikutukset. Pid\u00e4 luettelo kaikista k\u00e4ytt\u00e4mist\u00e4si tuotteista (mukaan lukien reseptil\u00e4\u00e4kkeet\/reseptil\u00e4\u00e4kkeet ja kasviper\u00e4iset tuotteet) ja jaa se kanssamme:<\/p>\n<p>Lis\u00e4ksi amfetamiinit ja jotkut masennusl\u00e4\u00e4kkeet voivat nostaa verenpainetta, mik\u00e4 voi johtaa ep\u00e4s\u00e4\u00e4nn\u00f6lliseen syd\u00e4menly\u00f6ntiin , syd\u00e4men vajaatoiminta ja aivohalvaus. Laadukasta amfetamiinia myynniss\u00e4 verkossa osoitteessa <span style=\"color: #333333\"><a style=\"color: #333333\" href=\"https:\/\/gooddealersmeds.com\/fi\/\">Good Dealers Meds<\/a> <\/span>.<\/p>\n<p>My\u00f6s amfetamiinien sekoittaminen alkoholiin, kannabikseen tai bentsodiatsepiinit aiheuttavat keholle suurta stressi\u00e4, kun se yritt\u00e4\u00e4 k\u00e4sitell\u00e4 molempien l\u00e4\u00e4kkeiden ristiriitaisia \u200b\u200bvaikutuksia, mik\u00e4 voi johtaa yliannostukseen. Amfetamiini myynniss\u00e4.<\/p>\n","protected":false},"excerpt":{"rendered":"<p>Osta amfetamiini verkosta luotettavalta toimittajalta ja hanki paras laatu. Tarjoamme sinulle parhaan toimituskokemuksen. Osta metamfetamiinia.<\/p>\n","protected":false},"featured_media":1950,"comment_status":"open","ping_status":"closed","template":"","meta":{"inline_featured_image":false},"product_brand":[],"product_cat":[346],"product_tag":[],"class_list":{"0":"post-1582","1":"product","2":"type-product","3":"status-publish","4":"has-post-thumbnail","6":"product_cat-piristeit","7":"pa_pills-100-pills","8":"pa_pills-1000-pills","9":"pa_pills-30-pills","10":"pa_pills-300-pills","11":"pa_pills-50-pills","12":"pa_pills-500-pills","14":"first","15":"instock","16":"featured","17":"shipping-taxable","18":"purchasable","19":"product-type-variable","20":"has-default-attributes"},"yoast_head":"<!-- This site is optimized with the Yoast SEO Premium plugin v20.6 (Yoast SEO v27.3) - https:\/\/yoast.com\/product\/yoast-seo-premium-wordpress\/ -->\n<title>Osta amfetamiini verkosta - Amfetamiini myyt\u00e4v\u00e4n\u00e4 | Hyvien j\u00e4lleenmyyjien l\u00e4\u00e4kkeet<\/title>\n<meta name=\"description\" content=\"Osta amfetamiinia verkosta halvalla hinnalla Good Dealers Medsilt\u00e4 parhaalla laadulla ADHD:n, narkolepsian ja liikalihavuuden hoitoon.\" \/>\n<meta name=\"robots\" content=\"index, follow, max-snippet:-1, max-image-preview:large, max-video-preview:-1\" \/>\n<link rel=\"canonical\" href=\"https:\/\/gooddealersmeds.com\/fi\/product\/amfetamiini-kapseli\/\" \/>\n<meta property=\"og:locale\" content=\"en_US\" \/>\n<meta property=\"og:type\" content=\"article\" \/>\n<meta property=\"og:title\" content=\"Osta amfetamiinikapseli verkosta\" \/>\n<meta property=\"og:description\" content=\"Osta amfetamiinia verkosta halvalla hinnalla Good Dealers Medsilt\u00e4 parhaalla laadulla ADHD:n, narkolepsian ja liikalihavuuden hoitoon.\" \/>\n<meta property=\"og:url\" content=\"https:\/\/gooddealersmeds.com\/fi\/product\/amfetamiini-kapseli\/\" \/>\n<meta property=\"og:site_name\" content=\"Good Dealers Meds\" \/>\n<meta property=\"article:modified_time\" content=\"2022-10-03T18:15:30+00:00\" \/>\n<meta property=\"og:image\" content=\"https:\/\/gooddealersmeds.com\/fi\/wp-content\/uploads\/sites\/6\/2022\/03\/Amphetamine-Capsule.jpg\" \/>\n\t<meta property=\"og:image:width\" content=\"400\" \/>\n\t<meta property=\"og:image:height\" content=\"533\" \/>\n\t<meta property=\"og:image:type\" content=\"image\/jpeg\" \/>\n<meta name=\"twitter:card\" content=\"summary_large_image\" \/>\n<meta name=\"twitter:label1\" content=\"Est. reading time\" \/>\n\t<meta name=\"twitter:data1\" content=\"3 minutes\" \/>\n<script type=\"application\/ld+json\" class=\"yoast-schema-graph\">{\"@context\":\"https:\\\/\\\/schema.org\",\"@graph\":[{\"@type\":\"WebPage\",\"@id\":\"https:\\\/\\\/gooddealersmeds.com\\\/fi\\\/product\\\/amfetamiini-kapseli\\\/\",\"url\":\"https:\\\/\\\/gooddealersmeds.com\\\/fi\\\/product\\\/amfetamiini-kapseli\\\/\",\"name\":\"Osta amfetamiini verkosta - Amfetamiini myyt\u00e4v\u00e4n\u00e4 | Hyvien j\u00e4lleenmyyjien l\u00e4\u00e4kkeet\",\"isPartOf\":{\"@id\":\"https:\\\/\\\/gooddealersmeds.com\\\/fi\\\/#website\"},\"primaryImageOfPage\":{\"@id\":\"https:\\\/\\\/gooddealersmeds.com\\\/fi\\\/product\\\/amfetamiini-kapseli\\\/#primaryimage\"},\"image\":{\"@id\":\"https:\\\/\\\/gooddealersmeds.com\\\/fi\\\/product\\\/amfetamiini-kapseli\\\/#primaryimage\"},\"thumbnailUrl\":\"https:\\\/\\\/gooddealersmeds.com\\\/fi\\\/wp-content\\\/uploads\\\/sites\\\/6\\\/2022\\\/03\\\/Amphetamine-Capsule.jpg\",\"datePublished\":\"2022-03-18T23:46:33+00:00\",\"dateModified\":\"2022-10-03T18:15:30+00:00\",\"description\":\"Osta amfetamiinia verkosta halvalla hinnalla Good Dealers Medsilt\u00e4 parhaalla laadulla ADHD:n, narkolepsian ja liikalihavuuden hoitoon.\",\"breadcrumb\":{\"@id\":\"https:\\\/\\\/gooddealersmeds.com\\\/fi\\\/product\\\/amfetamiini-kapseli\\\/#breadcrumb\"},\"inLanguage\":\"en-US\",\"potentialAction\":[{\"@type\":\"ReadAction\",\"target\":[\"https:\\\/\\\/gooddealersmeds.com\\\/fi\\\/product\\\/amfetamiini-kapseli\\\/\"]}]},{\"@type\":\"ImageObject\",\"inLanguage\":\"en-US\",\"@id\":\"https:\\\/\\\/gooddealersmeds.com\\\/fi\\\/product\\\/amfetamiini-kapseli\\\/#primaryimage\",\"url\":\"https:\\\/\\\/gooddealersmeds.com\\\/fi\\\/wp-content\\\/uploads\\\/sites\\\/6\\\/2022\\\/03\\\/Amphetamine-Capsule.jpg\",\"contentUrl\":\"https:\\\/\\\/gooddealersmeds.com\\\/fi\\\/wp-content\\\/uploads\\\/sites\\\/6\\\/2022\\\/03\\\/Amphetamine-Capsule.jpg\",\"width\":400,\"height\":533,\"caption\":\"Buy Amphetamine Online\"},{\"@type\":\"BreadcrumbList\",\"@id\":\"https:\\\/\\\/gooddealersmeds.com\\\/fi\\\/product\\\/amfetamiini-kapseli\\\/#breadcrumb\",\"itemListElement\":[{\"@type\":\"ListItem\",\"position\":1,\"name\":\"Home\",\"item\":\"https:\\\/\\\/gooddealersmeds.com\\\/fi\\\/\"},{\"@type\":\"ListItem\",\"position\":2,\"name\":\"Tuotteet\",\"item\":\"https:\\\/\\\/gooddealersmeds.com\\\/fi\\\/tuotteet\\\/\"},{\"@type\":\"ListItem\",\"position\":3,\"name\":\"Osta amfetamiinikapseli verkosta\"}]},{\"@type\":\"WebSite\",\"@id\":\"https:\\\/\\\/gooddealersmeds.com\\\/fi\\\/#website\",\"url\":\"https:\\\/\\\/gooddealersmeds.com\\\/fi\\\/\",\"name\":\"Good Dealers Meds\",\"description\":\"All our best\",\"publisher\":{\"@id\":\"https:\\\/\\\/gooddealersmeds.com\\\/fi\\\/#organization\"},\"potentialAction\":[{\"@type\":\"SearchAction\",\"target\":{\"@type\":\"EntryPoint\",\"urlTemplate\":\"https:\\\/\\\/gooddealersmeds.com\\\/fi\\\/?s={search_term_string}\"},\"query-input\":{\"@type\":\"PropertyValueSpecification\",\"valueRequired\":true,\"valueName\":\"search_term_string\"}}],\"inLanguage\":\"en-US\"},{\"@type\":\"Organization\",\"@id\":\"https:\\\/\\\/gooddealersmeds.com\\\/fi\\\/#organization\",\"name\":\"Good Dealers Meds\",\"url\":\"https:\\\/\\\/gooddealersmeds.com\\\/fi\\\/\",\"logo\":{\"@type\":\"ImageObject\",\"inLanguage\":\"en-US\",\"@id\":\"https:\\\/\\\/gooddealersmeds.com\\\/fi\\\/#\\\/schema\\\/logo\\\/image\\\/\",\"url\":\"https:\\\/\\\/gooddealersmeds.com\\\/fi\\\/wp-content\\\/uploads\\\/sites\\\/6\\\/2022\\\/03\\\/gooddealersmeds__logo__20220317T222800Z.00.png\",\"contentUrl\":\"https:\\\/\\\/gooddealersmeds.com\\\/fi\\\/wp-content\\\/uploads\\\/sites\\\/6\\\/2022\\\/03\\\/gooddealersmeds__logo__20220317T222800Z.00.png\",\"width\":500,\"height\":325,\"caption\":\"Good Dealers Meds\"},\"image\":{\"@id\":\"https:\\\/\\\/gooddealersmeds.com\\\/fi\\\/#\\\/schema\\\/logo\\\/image\\\/\"}}]}<\/script>\n<!-- \/ Yoast SEO Premium plugin. -->","yoast_head_json":{"title":"Osta amfetamiini verkosta - Amfetamiini myyt\u00e4v\u00e4n\u00e4 | Hyvien j\u00e4lleenmyyjien l\u00e4\u00e4kkeet","description":"Osta amfetamiinia verkosta halvalla hinnalla Good Dealers Medsilt\u00e4 parhaalla laadulla ADHD:n, narkolepsian ja liikalihavuuden hoitoon.","robots":{"index":"index","follow":"follow","max-snippet":"max-snippet:-1","max-image-preview":"max-image-preview:large","max-video-preview":"max-video-preview:-1"},"canonical":"https:\/\/gooddealersmeds.com\/fi\/product\/amfetamiini-kapseli\/","og_locale":"en_US","og_type":"article","og_title":"Osta amfetamiinikapseli verkosta","og_description":"Osta amfetamiinia verkosta halvalla hinnalla Good Dealers Medsilt\u00e4 parhaalla laadulla ADHD:n, narkolepsian ja liikalihavuuden hoitoon.","og_url":"https:\/\/gooddealersmeds.com\/fi\/product\/amfetamiini-kapseli\/","og_site_name":"Good Dealers Meds","article_modified_time":"2022-10-03T18:15:30+00:00","og_image":[{"width":400,"height":533,"url":"https:\/\/gooddealersmeds.com\/fi\/wp-content\/uploads\/sites\/6\/2022\/03\/Amphetamine-Capsule.jpg","type":"image\/jpeg"}],"twitter_card":"summary_large_image","twitter_misc":{"Est. reading time":"3 minutes"},"schema":{"@context":"https:\/\/schema.org","@graph":[{"@type":"WebPage","@id":"https:\/\/gooddealersmeds.com\/fi\/product\/amfetamiini-kapseli\/","url":"https:\/\/gooddealersmeds.com\/fi\/product\/amfetamiini-kapseli\/","name":"Osta amfetamiini verkosta - Amfetamiini myyt\u00e4v\u00e4n\u00e4 | Hyvien j\u00e4lleenmyyjien l\u00e4\u00e4kkeet","isPartOf":{"@id":"https:\/\/gooddealersmeds.com\/fi\/#website"},"primaryImageOfPage":{"@id":"https:\/\/gooddealersmeds.com\/fi\/product\/amfetamiini-kapseli\/#primaryimage"},"image":{"@id":"https:\/\/gooddealersmeds.com\/fi\/product\/amfetamiini-kapseli\/#primaryimage"},"thumbnailUrl":"https:\/\/gooddealersmeds.com\/fi\/wp-content\/uploads\/sites\/6\/2022\/03\/Amphetamine-Capsule.jpg","datePublished":"2022-03-18T23:46:33+00:00","dateModified":"2022-10-03T18:15:30+00:00","description":"Osta amfetamiinia verkosta halvalla hinnalla Good Dealers Medsilt\u00e4 parhaalla laadulla ADHD:n, narkolepsian ja liikalihavuuden hoitoon.","breadcrumb":{"@id":"https:\/\/gooddealersmeds.com\/fi\/product\/amfetamiini-kapseli\/#breadcrumb"},"inLanguage":"en-US","potentialAction":[{"@type":"ReadAction","target":["https:\/\/gooddealersmeds.com\/fi\/product\/amfetamiini-kapseli\/"]}]},{"@type":"ImageObject","inLanguage":"en-US","@id":"https:\/\/gooddealersmeds.com\/fi\/product\/amfetamiini-kapseli\/#primaryimage","url":"https:\/\/gooddealersmeds.com\/fi\/wp-content\/uploads\/sites\/6\/2022\/03\/Amphetamine-Capsule.jpg","contentUrl":"https:\/\/gooddealersmeds.com\/fi\/wp-content\/uploads\/sites\/6\/2022\/03\/Amphetamine-Capsule.jpg","width":400,"height":533,"caption":"Buy Amphetamine Online"},{"@type":"BreadcrumbList","@id":"https:\/\/gooddealersmeds.com\/fi\/product\/amfetamiini-kapseli\/#breadcrumb","itemListElement":[{"@type":"ListItem","position":1,"name":"Home","item":"https:\/\/gooddealersmeds.com\/fi\/"},{"@type":"ListItem","position":2,"name":"Tuotteet","item":"https:\/\/gooddealersmeds.com\/fi\/tuotteet\/"},{"@type":"ListItem","position":3,"name":"Osta amfetamiinikapseli verkosta"}]},{"@type":"WebSite","@id":"https:\/\/gooddealersmeds.com\/fi\/#website","url":"https:\/\/gooddealersmeds.com\/fi\/","name":"Good Dealers Meds","description":"All our best","publisher":{"@id":"https:\/\/gooddealersmeds.com\/fi\/#organization"},"potentialAction":[{"@type":"SearchAction","target":{"@type":"EntryPoint","urlTemplate":"https:\/\/gooddealersmeds.com\/fi\/?s={search_term_string}"},"query-input":{"@type":"PropertyValueSpecification","valueRequired":true,"valueName":"search_term_string"}}],"inLanguage":"en-US"},{"@type":"Organization","@id":"https:\/\/gooddealersmeds.com\/fi\/#organization","name":"Good Dealers Meds","url":"https:\/\/gooddealersmeds.com\/fi\/","logo":{"@type":"ImageObject","inLanguage":"en-US","@id":"https:\/\/gooddealersmeds.com\/fi\/#\/schema\/logo\/image\/","url":"https:\/\/gooddealersmeds.com\/fi\/wp-content\/uploads\/sites\/6\/2022\/03\/gooddealersmeds__logo__20220317T222800Z.00.png","contentUrl":"https:\/\/gooddealersmeds.com\/fi\/wp-content\/uploads\/sites\/6\/2022\/03\/gooddealersmeds__logo__20220317T222800Z.00.png","width":500,"height":325,"caption":"Good Dealers Meds"},"image":{"@id":"https:\/\/gooddealersmeds.com\/fi\/#\/schema\/logo\/image\/"}}]}},"_links":{"self":[{"href":"https:\/\/gooddealersmeds.com\/fi\/wp-json\/wp\/v2\/product\/1582","targetHints":{"allow":["GET"]}}],"collection":[{"href":"https:\/\/gooddealersmeds.com\/fi\/wp-json\/wp\/v2\/product"}],"about":[{"href":"https:\/\/gooddealersmeds.com\/fi\/wp-json\/wp\/v2\/types\/product"}],"replies":[{"embeddable":true,"href":"https:\/\/gooddealersmeds.com\/fi\/wp-json\/wp\/v2\/comments?post=1582"}],"wp:featuredmedia":[{"embeddable":true,"href":"https:\/\/gooddealersmeds.com\/fi\/wp-json\/wp\/v2\/media\/1950"}],"wp:attachment":[{"href":"https:\/\/gooddealersmeds.com\/fi\/wp-json\/wp\/v2\/media?parent=1582"}],"wp:term":[{"taxonomy":"product_brand","embeddable":true,"href":"https:\/\/gooddealersmeds.com\/fi\/wp-json\/wp\/v2\/product_brand?post=1582"},{"taxonomy":"product_cat","embeddable":true,"href":"https:\/\/gooddealersmeds.com\/fi\/wp-json\/wp\/v2\/product_cat?post=1582"},{"taxonomy":"product_tag","embeddable":true,"href":"https:\/\/gooddealersmeds.com\/fi\/wp-json\/wp\/v2\/product_tag?post=1582"}],"curies":[{"name":"wp","href":"https:\/\/api.w.org\/{rel}","templated":true}]}}