{"id":1572,"date":"2022-03-18T01:52:51","date_gmt":"2022-03-18T01:52:51","guid":{"rendered":"https:\/\/gooddealersmeds.com\/fi\/?post_type=product&#038;p=1572"},"modified":"2022-10-03T18:15:38","modified_gmt":"2022-10-03T18:15:38","slug":"mdma-ecstasy-or-molly","status":"publish","type":"product","link":"https:\/\/gooddealersmeds.com\/fi\/product\/mdma-ecstasy-or-molly\/","title":{"rendered":"MDMA (Ecstasy tai Molly)"},"content":{"rendered":"<p><strong>Osta MDMA verkossa (MOLLY\/ECSTASY)<\/strong><\/p>\n<p>&#8220;<strong><em>Osta MDMA verkossa&#8221; <\/em><\/strong>osoitteesta <span><a style=\"color: #333333\" href=\"https:\/\/gooddealersmeds.com\/fi\/\">Good Dealers Meds<\/a><\/span>. MDMA tai 3,4-metyleenidioksimetamfetamiini, josta k\u00e4ytet\u00e4\u00e4n yleisesti nimityst\u00e4 <a href=\"https:\/\/gooddealersmeds.com\/fi\/product\/mdma-ecstasy-or-molly\/\">ecstasy<\/a>, voi olla mielt\u00e4 muuttava huume k\u00e4ytet\u00e4\u00e4n ensisijaisesti <span style=\"color: #333333\"><a style=\"color: #333333\" href=\"https:\/\/en.wikipedia.org\/wiki\/Narcotic\">huumeena<\/a><\/span>. MDMA:n toivottuja vaikutuksia ovat muuntuneet tuntemukset ja lis\u00e4\u00e4ntynyt energia, empatia ja mielihyv\u00e4.<\/p>\n<p>ABON MDMA-testi on nopea, yksivaiheinen immunokromatografinen m\u00e4\u00e4ritys, joka on suunniteltu l\u00e4\u00e4keaineen metaboliitin kvalitatiiviseen havaitsemiseen ihmisen virtsasta raja-arvolla. keskittyminen.<\/p>\n<p>Suurin osa aiemmista tutkimuksista on keskittynyt vaaroihin, jotka liittyv\u00e4t ei-kliinisen (&#8220;virkistys&#8221;) MDMA:n k\u00e4ytt\u00f6\u00f6n. MDMA-avusteisen psykoterapian mahdolliset edut nostavat esiin aiheen, voivatko MDMA:n vapaa-ajan k\u00e4ytt\u00e4j\u00e4t kokea MDMA:n k\u00e4yt\u00f6n my\u00f6nteisi\u00e4 pitk\u00e4aikaisvaikutuksia.<\/p>\n<p><strong>MITEN MDMA VAIKUTTAA AIVOIHIN? strong&gt;<\/p>\n<p>MDMA lis\u00e4\u00e4 kolmen aivokemikaalin toimintaa, jotka ovat:<\/p>\n<ul>\n<li>DOPAMIINI lis\u00e4\u00e4 energiaa\/aktiivisuutta ja toimii k\u00e4ytt\u00e4ytymist\u00e4 vahvistavana j\u00e4rjestelm\u00e4n\u00e4.<\/li>\n<li>Norepinefriini \u2013 lis\u00e4\u00e4 pulssia ja elintoimintoja, jotka ovat vaarallisia ihmisille, joilla on syd\u00e4n- ja verisuoniongelmia.<\/li>\n<li>SEROTONIINI \u2013 vaikuttaa mielialaan, ruokahaluun, uneen ja muihin toimintoihin. Se laukaisee my\u00f6s hormoneja, jotka voivat vaikuttaa seksuaaliseen kiihottumiseen ja luottamukseen. Valtavien serotoniinim\u00e4\u00e4rien vapautuminen voi todenn\u00e4k\u00f6isesti aiheuttaa MDMA:ta k\u00e4ytt\u00e4vien henkist\u00e4 l\u00e4heisyytt\u00e4, kohottaa mielialaa ja empatiaa.<\/li>\n<\/ul>\n<p><strong>MUITA TERVEYSVAIKUTUKSIA ON:<\/strong><\/p>\n<ul>\n<li>Pahoinvointi<\/li>\n<li>Lihasten kouristukset<\/li>\n<li>Tahattomat hampaiden puristuminen<\/li>\n<li>n\u00e4\u00f6n h\u00e4m\u00e4rtyminen<\/li>\n<li>V\u00e4riv\u00e4ristykset<\/li>\n<li>hikoilu<\/li>\n<\/ul>\n","protected":false},"excerpt":{"rendered":"<p>MDMA tai 3,4-metyleenidioksimetamfetamiini, jota yleisesti kutsutaan ekstaasiksi, voi olla mielt\u00e4 muuttava huume, jota k\u00e4ytet\u00e4\u00e4n ensisijaisesti huumeena. MDMA:n toivottuja vaikutuksia ovat muuntuneet tuntemukset ja lis\u00e4\u00e4ntynyt energia, empatia ja mielihyv\u00e4.<\/p>\n","protected":false},"featured_media":1581,"comment_status":"open","ping_status":"closed","template":"","meta":{"inline_featured_image":false},"product_brand":[],"product_cat":[345],"product_tag":[],"class_list":{"0":"post-1572","1":"product","2":"type-product","3":"status-publish","4":"has-post-thumbnail","6":"product_cat-psykedeeliset-huumeet","7":"pa_pills-100-pills","8":"pa_pills-1000-pills","9":"pa_pills-30-pills","10":"pa_pills-300-pills","11":"pa_pills-50-pills","12":"pa_pills-500-pills","14":"first","15":"instock","16":"featured","17":"shipping-taxable","18":"purchasable","19":"product-type-variable","20":"has-default-attributes"},"yoast_head":"<!-- This site is optimized with the Yoast SEO Premium plugin v20.6 (Yoast SEO v27.4) - https:\/\/yoast.com\/product\/yoast-seo-premium-wordpress\/ -->\n<title>Osta MDMA verkossa ilman resepti\u00e4 | Hyvien j\u00e4lleenmyyjien l\u00e4\u00e4kkeet<\/title>\n<meta name=\"description\" content=\"Osta MDMA verkosta, jota yleisesti kutsutaan ekstaasiksi, voi olla mielt\u00e4 muuttava l\u00e4\u00e4ke, jota k\u00e4ytet\u00e4\u00e4n p\u00e4\u00e4asiassa huumeena Good Dealers Medsilt\u00e4.\" \/>\n<meta name=\"robots\" content=\"index, follow, max-snippet:-1, max-image-preview:large, max-video-preview:-1\" \/>\n<link rel=\"canonical\" href=\"https:\/\/gooddealersmeds.com\/fi\/product\/mdma-ecstasy-or-molly\/\" \/>\n<meta property=\"og:locale\" content=\"en_US\" \/>\n<meta property=\"og:type\" content=\"article\" \/>\n<meta property=\"og:title\" content=\"MDMA (Ecstasy tai Molly)\" \/>\n<meta property=\"og:description\" content=\"Osta MDMA verkosta, jota yleisesti kutsutaan ekstaasiksi, voi olla mielt\u00e4 muuttava l\u00e4\u00e4ke, jota k\u00e4ytet\u00e4\u00e4n p\u00e4\u00e4asiassa huumeena Good Dealers Medsilt\u00e4.\" \/>\n<meta property=\"og:url\" content=\"https:\/\/gooddealersmeds.com\/fi\/product\/mdma-ecstasy-or-molly\/\" \/>\n<meta property=\"og:site_name\" content=\"Good Dealers Meds\" \/>\n<meta property=\"article:modified_time\" content=\"2022-10-03T18:15:38+00:00\" \/>\n<meta property=\"og:image\" content=\"https:\/\/gooddealersmeds.com\/fi\/wp-content\/uploads\/sites\/6\/2022\/03\/MDMA-Ecstasy-or-Molly-1.jpeg\" \/>\n\t<meta property=\"og:image:width\" content=\"600\" \/>\n\t<meta property=\"og:image:height\" content=\"600\" \/>\n\t<meta property=\"og:image:type\" content=\"image\/jpeg\" \/>\n<meta name=\"twitter:card\" content=\"summary_large_image\" \/>\n<meta name=\"twitter:label1\" content=\"Est. reading time\" \/>\n\t<meta name=\"twitter:data1\" content=\"1 minute\" \/>\n<script type=\"application\/ld+json\" class=\"yoast-schema-graph\">{\"@context\":\"https:\\\/\\\/schema.org\",\"@graph\":[{\"@type\":\"WebPage\",\"@id\":\"https:\\\/\\\/gooddealersmeds.com\\\/fi\\\/product\\\/mdma-ecstasy-or-molly\\\/\",\"url\":\"https:\\\/\\\/gooddealersmeds.com\\\/fi\\\/product\\\/mdma-ecstasy-or-molly\\\/\",\"name\":\"Osta MDMA verkossa ilman resepti\u00e4 | Hyvien j\u00e4lleenmyyjien l\u00e4\u00e4kkeet\",\"isPartOf\":{\"@id\":\"https:\\\/\\\/gooddealersmeds.com\\\/fi\\\/#website\"},\"primaryImageOfPage\":{\"@id\":\"https:\\\/\\\/gooddealersmeds.com\\\/fi\\\/product\\\/mdma-ecstasy-or-molly\\\/#primaryimage\"},\"image\":{\"@id\":\"https:\\\/\\\/gooddealersmeds.com\\\/fi\\\/product\\\/mdma-ecstasy-or-molly\\\/#primaryimage\"},\"thumbnailUrl\":\"https:\\\/\\\/gooddealersmeds.com\\\/fi\\\/wp-content\\\/uploads\\\/sites\\\/6\\\/2022\\\/03\\\/MDMA-Ecstasy-or-Molly-1.jpeg\",\"datePublished\":\"2022-03-18T01:52:51+00:00\",\"dateModified\":\"2022-10-03T18:15:38+00:00\",\"description\":\"Osta MDMA verkosta, jota yleisesti kutsutaan ekstaasiksi, voi olla mielt\u00e4 muuttava l\u00e4\u00e4ke, jota k\u00e4ytet\u00e4\u00e4n p\u00e4\u00e4asiassa huumeena Good Dealers Medsilt\u00e4.\",\"breadcrumb\":{\"@id\":\"https:\\\/\\\/gooddealersmeds.com\\\/fi\\\/product\\\/mdma-ecstasy-or-molly\\\/#breadcrumb\"},\"inLanguage\":\"en-US\",\"potentialAction\":[{\"@type\":\"ReadAction\",\"target\":[\"https:\\\/\\\/gooddealersmeds.com\\\/fi\\\/product\\\/mdma-ecstasy-or-molly\\\/\"]}]},{\"@type\":\"ImageObject\",\"inLanguage\":\"en-US\",\"@id\":\"https:\\\/\\\/gooddealersmeds.com\\\/fi\\\/product\\\/mdma-ecstasy-or-molly\\\/#primaryimage\",\"url\":\"https:\\\/\\\/gooddealersmeds.com\\\/fi\\\/wp-content\\\/uploads\\\/sites\\\/6\\\/2022\\\/03\\\/MDMA-Ecstasy-or-Molly-1.jpeg\",\"contentUrl\":\"https:\\\/\\\/gooddealersmeds.com\\\/fi\\\/wp-content\\\/uploads\\\/sites\\\/6\\\/2022\\\/03\\\/MDMA-Ecstasy-or-Molly-1.jpeg\",\"width\":600,\"height\":600,\"caption\":\"Buy MDMA Online\"},{\"@type\":\"BreadcrumbList\",\"@id\":\"https:\\\/\\\/gooddealersmeds.com\\\/fi\\\/product\\\/mdma-ecstasy-or-molly\\\/#breadcrumb\",\"itemListElement\":[{\"@type\":\"ListItem\",\"position\":1,\"name\":\"Home\",\"item\":\"https:\\\/\\\/gooddealersmeds.com\\\/fi\\\/\"},{\"@type\":\"ListItem\",\"position\":2,\"name\":\"Tuotteet\",\"item\":\"https:\\\/\\\/gooddealersmeds.com\\\/fi\\\/tuotteet\\\/\"},{\"@type\":\"ListItem\",\"position\":3,\"name\":\"MDMA (Ecstasy tai Molly)\"}]},{\"@type\":\"WebSite\",\"@id\":\"https:\\\/\\\/gooddealersmeds.com\\\/fi\\\/#website\",\"url\":\"https:\\\/\\\/gooddealersmeds.com\\\/fi\\\/\",\"name\":\"Good Dealers Meds\",\"description\":\"All our best\",\"publisher\":{\"@id\":\"https:\\\/\\\/gooddealersmeds.com\\\/fi\\\/#organization\"},\"potentialAction\":[{\"@type\":\"SearchAction\",\"target\":{\"@type\":\"EntryPoint\",\"urlTemplate\":\"https:\\\/\\\/gooddealersmeds.com\\\/fi\\\/?s={search_term_string}\"},\"query-input\":{\"@type\":\"PropertyValueSpecification\",\"valueRequired\":true,\"valueName\":\"search_term_string\"}}],\"inLanguage\":\"en-US\"},{\"@type\":\"Organization\",\"@id\":\"https:\\\/\\\/gooddealersmeds.com\\\/fi\\\/#organization\",\"name\":\"Good Dealers Meds\",\"url\":\"https:\\\/\\\/gooddealersmeds.com\\\/fi\\\/\",\"logo\":{\"@type\":\"ImageObject\",\"inLanguage\":\"en-US\",\"@id\":\"https:\\\/\\\/gooddealersmeds.com\\\/fi\\\/#\\\/schema\\\/logo\\\/image\\\/\",\"url\":\"https:\\\/\\\/gooddealersmeds.com\\\/fi\\\/wp-content\\\/uploads\\\/sites\\\/6\\\/2022\\\/03\\\/gooddealersmeds__logo__20220317T222800Z.00.png\",\"contentUrl\":\"https:\\\/\\\/gooddealersmeds.com\\\/fi\\\/wp-content\\\/uploads\\\/sites\\\/6\\\/2022\\\/03\\\/gooddealersmeds__logo__20220317T222800Z.00.png\",\"width\":500,\"height\":325,\"caption\":\"Good Dealers Meds\"},\"image\":{\"@id\":\"https:\\\/\\\/gooddealersmeds.com\\\/fi\\\/#\\\/schema\\\/logo\\\/image\\\/\"}}]}<\/script>\n<!-- \/ Yoast SEO Premium plugin. -->","yoast_head_json":{"title":"Osta MDMA verkossa ilman resepti\u00e4 | Hyvien j\u00e4lleenmyyjien l\u00e4\u00e4kkeet","description":"Osta MDMA verkosta, jota yleisesti kutsutaan ekstaasiksi, voi olla mielt\u00e4 muuttava l\u00e4\u00e4ke, jota k\u00e4ytet\u00e4\u00e4n p\u00e4\u00e4asiassa huumeena Good Dealers Medsilt\u00e4.","robots":{"index":"index","follow":"follow","max-snippet":"max-snippet:-1","max-image-preview":"max-image-preview:large","max-video-preview":"max-video-preview:-1"},"canonical":"https:\/\/gooddealersmeds.com\/fi\/product\/mdma-ecstasy-or-molly\/","og_locale":"en_US","og_type":"article","og_title":"MDMA (Ecstasy tai Molly)","og_description":"Osta MDMA verkosta, jota yleisesti kutsutaan ekstaasiksi, voi olla mielt\u00e4 muuttava l\u00e4\u00e4ke, jota k\u00e4ytet\u00e4\u00e4n p\u00e4\u00e4asiassa huumeena Good Dealers Medsilt\u00e4.","og_url":"https:\/\/gooddealersmeds.com\/fi\/product\/mdma-ecstasy-or-molly\/","og_site_name":"Good Dealers Meds","article_modified_time":"2022-10-03T18:15:38+00:00","og_image":[{"width":600,"height":600,"url":"https:\/\/gooddealersmeds.com\/fi\/wp-content\/uploads\/sites\/6\/2022\/03\/MDMA-Ecstasy-or-Molly-1.jpeg","type":"image\/jpeg"}],"twitter_card":"summary_large_image","twitter_misc":{"Est. reading time":"1 minute"},"schema":{"@context":"https:\/\/schema.org","@graph":[{"@type":"WebPage","@id":"https:\/\/gooddealersmeds.com\/fi\/product\/mdma-ecstasy-or-molly\/","url":"https:\/\/gooddealersmeds.com\/fi\/product\/mdma-ecstasy-or-molly\/","name":"Osta MDMA verkossa ilman resepti\u00e4 | Hyvien j\u00e4lleenmyyjien l\u00e4\u00e4kkeet","isPartOf":{"@id":"https:\/\/gooddealersmeds.com\/fi\/#website"},"primaryImageOfPage":{"@id":"https:\/\/gooddealersmeds.com\/fi\/product\/mdma-ecstasy-or-molly\/#primaryimage"},"image":{"@id":"https:\/\/gooddealersmeds.com\/fi\/product\/mdma-ecstasy-or-molly\/#primaryimage"},"thumbnailUrl":"https:\/\/gooddealersmeds.com\/fi\/wp-content\/uploads\/sites\/6\/2022\/03\/MDMA-Ecstasy-or-Molly-1.jpeg","datePublished":"2022-03-18T01:52:51+00:00","dateModified":"2022-10-03T18:15:38+00:00","description":"Osta MDMA verkosta, jota yleisesti kutsutaan ekstaasiksi, voi olla mielt\u00e4 muuttava l\u00e4\u00e4ke, jota k\u00e4ytet\u00e4\u00e4n p\u00e4\u00e4asiassa huumeena Good Dealers Medsilt\u00e4.","breadcrumb":{"@id":"https:\/\/gooddealersmeds.com\/fi\/product\/mdma-ecstasy-or-molly\/#breadcrumb"},"inLanguage":"en-US","potentialAction":[{"@type":"ReadAction","target":["https:\/\/gooddealersmeds.com\/fi\/product\/mdma-ecstasy-or-molly\/"]}]},{"@type":"ImageObject","inLanguage":"en-US","@id":"https:\/\/gooddealersmeds.com\/fi\/product\/mdma-ecstasy-or-molly\/#primaryimage","url":"https:\/\/gooddealersmeds.com\/fi\/wp-content\/uploads\/sites\/6\/2022\/03\/MDMA-Ecstasy-or-Molly-1.jpeg","contentUrl":"https:\/\/gooddealersmeds.com\/fi\/wp-content\/uploads\/sites\/6\/2022\/03\/MDMA-Ecstasy-or-Molly-1.jpeg","width":600,"height":600,"caption":"Buy MDMA Online"},{"@type":"BreadcrumbList","@id":"https:\/\/gooddealersmeds.com\/fi\/product\/mdma-ecstasy-or-molly\/#breadcrumb","itemListElement":[{"@type":"ListItem","position":1,"name":"Home","item":"https:\/\/gooddealersmeds.com\/fi\/"},{"@type":"ListItem","position":2,"name":"Tuotteet","item":"https:\/\/gooddealersmeds.com\/fi\/tuotteet\/"},{"@type":"ListItem","position":3,"name":"MDMA (Ecstasy tai Molly)"}]},{"@type":"WebSite","@id":"https:\/\/gooddealersmeds.com\/fi\/#website","url":"https:\/\/gooddealersmeds.com\/fi\/","name":"Good Dealers Meds","description":"All our best","publisher":{"@id":"https:\/\/gooddealersmeds.com\/fi\/#organization"},"potentialAction":[{"@type":"SearchAction","target":{"@type":"EntryPoint","urlTemplate":"https:\/\/gooddealersmeds.com\/fi\/?s={search_term_string}"},"query-input":{"@type":"PropertyValueSpecification","valueRequired":true,"valueName":"search_term_string"}}],"inLanguage":"en-US"},{"@type":"Organization","@id":"https:\/\/gooddealersmeds.com\/fi\/#organization","name":"Good Dealers Meds","url":"https:\/\/gooddealersmeds.com\/fi\/","logo":{"@type":"ImageObject","inLanguage":"en-US","@id":"https:\/\/gooddealersmeds.com\/fi\/#\/schema\/logo\/image\/","url":"https:\/\/gooddealersmeds.com\/fi\/wp-content\/uploads\/sites\/6\/2022\/03\/gooddealersmeds__logo__20220317T222800Z.00.png","contentUrl":"https:\/\/gooddealersmeds.com\/fi\/wp-content\/uploads\/sites\/6\/2022\/03\/gooddealersmeds__logo__20220317T222800Z.00.png","width":500,"height":325,"caption":"Good Dealers Meds"},"image":{"@id":"https:\/\/gooddealersmeds.com\/fi\/#\/schema\/logo\/image\/"}}]}},"_links":{"self":[{"href":"https:\/\/gooddealersmeds.com\/fi\/wp-json\/wp\/v2\/product\/1572","targetHints":{"allow":["GET"]}}],"collection":[{"href":"https:\/\/gooddealersmeds.com\/fi\/wp-json\/wp\/v2\/product"}],"about":[{"href":"https:\/\/gooddealersmeds.com\/fi\/wp-json\/wp\/v2\/types\/product"}],"replies":[{"embeddable":true,"href":"https:\/\/gooddealersmeds.com\/fi\/wp-json\/wp\/v2\/comments?post=1572"}],"wp:featuredmedia":[{"embeddable":true,"href":"https:\/\/gooddealersmeds.com\/fi\/wp-json\/wp\/v2\/media\/1581"}],"wp:attachment":[{"href":"https:\/\/gooddealersmeds.com\/fi\/wp-json\/wp\/v2\/media?parent=1572"}],"wp:term":[{"taxonomy":"product_brand","embeddable":true,"href":"https:\/\/gooddealersmeds.com\/fi\/wp-json\/wp\/v2\/product_brand?post=1572"},{"taxonomy":"product_cat","embeddable":true,"href":"https:\/\/gooddealersmeds.com\/fi\/wp-json\/wp\/v2\/product_cat?post=1572"},{"taxonomy":"product_tag","embeddable":true,"href":"https:\/\/gooddealersmeds.com\/fi\/wp-json\/wp\/v2\/product_tag?post=1572"}],"curies":[{"name":"wp","href":"https:\/\/api.w.org\/{rel}","templated":true}]}}