{"id":1563,"date":"2022-03-18T01:19:50","date_gmt":"2022-03-18T01:19:50","guid":{"rendered":"https:\/\/gooddealersmeds.com\/fi\/?post_type=product&#038;p=1563"},"modified":"2022-10-03T18:15:47","modified_gmt":"2022-10-03T18:15:47","slug":"osta-amfetamiini-jauhe-verkosta","status":"publish","type":"product","link":"https:\/\/gooddealersmeds.com\/fi\/product\/osta-amfetamiini-jauhe-verkosta\/","title":{"rendered":"Osta amfetamiinijauhe verkosta"},"content":{"rendered":"<p>Osta amfetamiinijauhetta verkosta. Amfetamiini ovat pirist\u00e4vi\u00e4 l\u00e4\u00e4kkeit\u00e4, jotka stimuloivat tiettyjen aivokemikaalien toimintaa. N\u00e4m\u00e4 l\u00e4\u00e4kkeet sis\u00e4lt\u00e4v\u00e4t amfetamiinia, keskushermostoa stimuloivaa ainetta, jota k\u00e4ytet\u00e4\u00e4n tarkkaavaisuush\u00e4iri\u00f6n, narkolepsian ja liikalihavuuden hoitoon. Useimmissa tapauksissa kaksi kemikaalia yhdistyv\u00e4t muodostamaan sen. Niit\u00e4 on kaksi: levoamfetamiini ja dekstroamfetamiini. Varsinainen ADHD:n hoitoon k\u00e4ytetty l\u00e4\u00e4ke on dekstroamfetamiini. Levoamfetamiini puolestaan \u200b\u200bon psykostimulantti, joka edist\u00e4\u00e4 valppautta ja keskittymist\u00e4.<\/p>\n<p>Deksamfetamiini, sulfaatti ja metamfetamiini, tehokkaampi versio amfetamiinista, ovat muita esimerkkej\u00e4. Amfetamiinia sis\u00e4lt\u00e4vi\u00e4 l\u00e4\u00e4kkeit\u00e4 myyd\u00e4\u00e4n kuitenkin Euroopassa useilla tuotenimill\u00e4. <a href=\"https:\/\/gooddealersmeds.com\/fi\/product\/buy-amfetamine-powder-online\/\">Myynniss\u00e4 olevaa amfetamiinijauhetta<\/a> k\u00e4ytet\u00e4\u00e4n tarkkaavaisuush\u00e4iri\u00f6n hoitoon l\u00e4\u00e4k\u00e4reiden suosituksesta. .<\/p>\n<p>Jauhe on nielty tai haistettu. Amfetamiinisulfaatti ei ole riitt\u00e4v\u00e4n haihtuva poltettavaksi Toisin kuin metamfetamiinin hydrokloridisuola.<\/p>\n<p><strong>Vaikutukset<\/strong><\/p>\n<p>Ensinn\u00e4kin se vaikuttaa jokaiseen eri tavalla riippuen koosta, painosta, ja terveys, onko henkil\u00f6 tottunut ottamaan sit\u00e4, otetaanko muita l\u00e4\u00e4kkeit\u00e4 samaan aikaan, kulutettu m\u00e4\u00e4r\u00e4 ja l\u00e4\u00e4kkeen vahvuus (vaihtelee erist\u00e4 laittomasti tuotettujen l\u00e4\u00e4kkeiden kanssa).<\/p>\n<p>Kuten seurauksena, sen vaikutukset voivat tuntua v\u00e4litt\u00f6m\u00e4sti (jos ruiskeena tai tupakoidaan) tai 30 minuutissa (jos kuorsataan tai nielty).<\/p>\n<p>Seuraavia vaikutuksia voi esiinty\u00e4:<\/p>\n<ul>\n<li> Onnea ja luottamusta<\/li>\n<li>Puhua enemm\u00e4n ja tunnet itsesi energiseksi<\/li>\n<li>Yksinkertaisten asioiden, kuten kutina ja naarmuuntumista, toistaminen<\/li>\n<li>Isot pupillit ja suun kuivuminen<\/li>\n<li>Nopea syd\u00e4menly\u00f6nti ja hengitys<\/li>\n<li>Hampaiden narskuttelu<\/li>\n<li>Alentunut ruokahalu<\/li>\n<li>Liikahikoilu<\/li>\n<li>Liikainen seksihalu<\/li>\n<\/ul>\n<p> <strong>Kuinka Amfetamiinijauhe toimii?<\/strong><\/p>\n<p>T se tulee ottaa l\u00e4\u00e4k\u00e4rin ohjeiden mukaan l\u00e4\u00e4ketieteellisiin tarpeisiin. Aloita pienimm\u00e4ll\u00e4 mahdollisella m\u00e4\u00e4r\u00e4ll\u00e4 virkistystarkoituksiin varmistaaksesi, ett\u00e4 aineella ei ole kielteist\u00e4 vaikutusta. Liev\u00e4 annos on 5-20 mg, kun taas kaikkea sit\u00e4 suurempia pidet\u00e4\u00e4n voimakkaana annoksena (40-70 mg).<\/p>\n<p><strong>Haittavaikutukset<\/strong><\/p>\n<p>Ep\u00e4s\u00e4\u00e4nn\u00f6llinen syke, korkea verenpaine ja korkea l\u00e4mp\u00f6tila. On my\u00f6s mahdollisuus verisuonten halkeamiseen, syd\u00e4nkohtaukseen tai aivohalvaukseen. Jopa kuolema voi tapahtua.<\/p>\n<p>Voit ostaa amfetamiinijauhetta verkosta <a href=\"https:\/\/gooddealersmeds.com\/fi\/products\/\">myym\u00e4l\u00e4st\u00e4mme<\/a>, jossa on turvallinen toimitus kaikkialle Eurooppaan .<\/p>\n","protected":false},"excerpt":{"rendered":"<p>Osta amfetamiinijauhe verkosta luotettavalta toimittajalta ja hanki parasta laatua. Tarjoamme sinulle parhaan toimituskokemuksen. Osta metamfetamiinia.<\/p>\n","protected":false},"featured_media":1571,"comment_status":"open","ping_status":"closed","template":"","meta":{"inline_featured_image":false},"product_brand":[],"product_cat":[343],"product_tag":[],"class_list":{"0":"post-1563","1":"product","2":"type-product","3":"status-publish","4":"has-post-thumbnail","6":"product_cat-muut","7":"pa_grams-1-kg-1000-g","8":"pa_grams-100-g","9":"pa_grams-20-g","10":"pa_grams-200-g","11":"pa_grams-250-g","12":"pa_grams-35-g","13":"pa_grams-50-g","14":"pa_grams-500-g","16":"first","17":"instock","18":"featured","19":"shipping-taxable","20":"purchasable","21":"product-type-variable","22":"has-default-attributes"},"yoast_head":"<!-- This site is optimized with the Yoast SEO Premium plugin v20.6 (Yoast SEO v27.4) - https:\/\/yoast.com\/product\/yoast-seo-premium-wordpress\/ -->\n<title>Osta amfetamiinijauhe verkosta | Hyvien j\u00e4lleenmyyjien l\u00e4\u00e4kkeet<\/title>\n<meta name=\"description\" content=\"Osta amfetamiinijauhe verkosta luotettavalta toimittajalta ja hanki parasta laatua. Tarjoamme sinulle parhaan toimituskokemuksen.\" \/>\n<meta name=\"robots\" content=\"index, follow, max-snippet:-1, max-image-preview:large, max-video-preview:-1\" \/>\n<link rel=\"canonical\" href=\"https:\/\/gooddealersmeds.com\/fi\/product\/osta-amfetamiini-jauhe-verkosta\/\" \/>\n<meta property=\"og:locale\" content=\"en_US\" \/>\n<meta property=\"og:type\" content=\"article\" \/>\n<meta property=\"og:title\" content=\"Osta amfetamiinijauhe verkosta\" \/>\n<meta property=\"og:description\" content=\"Osta amfetamiinijauhe verkosta luotettavalta toimittajalta ja hanki parasta laatua. Tarjoamme sinulle parhaan toimituskokemuksen.\" \/>\n<meta property=\"og:url\" content=\"https:\/\/gooddealersmeds.com\/fi\/product\/osta-amfetamiini-jauhe-verkosta\/\" \/>\n<meta property=\"og:site_name\" content=\"Good Dealers Meds\" \/>\n<meta property=\"article:modified_time\" content=\"2022-10-03T18:15:47+00:00\" \/>\n<meta property=\"og:image\" content=\"https:\/\/gooddealersmeds.com\/fi\/wp-content\/uploads\/sites\/6\/2022\/03\/AMPHETAMINE-POWDER.jpg\" \/>\n\t<meta property=\"og:image:width\" content=\"480\" \/>\n\t<meta property=\"og:image:height\" content=\"480\" \/>\n\t<meta property=\"og:image:type\" content=\"image\/jpeg\" \/>\n<meta name=\"twitter:card\" content=\"summary_large_image\" \/>\n<meta name=\"twitter:label1\" content=\"Est. reading time\" \/>\n\t<meta name=\"twitter:data1\" content=\"2 minutes\" \/>\n<script type=\"application\/ld+json\" class=\"yoast-schema-graph\">{\"@context\":\"https:\\\/\\\/schema.org\",\"@graph\":[{\"@type\":\"WebPage\",\"@id\":\"https:\\\/\\\/gooddealersmeds.com\\\/fi\\\/product\\\/osta-amfetamiini-jauhe-verkosta\\\/\",\"url\":\"https:\\\/\\\/gooddealersmeds.com\\\/fi\\\/product\\\/osta-amfetamiini-jauhe-verkosta\\\/\",\"name\":\"Osta amfetamiinijauhe verkosta | Hyvien j\u00e4lleenmyyjien l\u00e4\u00e4kkeet\",\"isPartOf\":{\"@id\":\"https:\\\/\\\/gooddealersmeds.com\\\/fi\\\/#website\"},\"primaryImageOfPage\":{\"@id\":\"https:\\\/\\\/gooddealersmeds.com\\\/fi\\\/product\\\/osta-amfetamiini-jauhe-verkosta\\\/#primaryimage\"},\"image\":{\"@id\":\"https:\\\/\\\/gooddealersmeds.com\\\/fi\\\/product\\\/osta-amfetamiini-jauhe-verkosta\\\/#primaryimage\"},\"thumbnailUrl\":\"https:\\\/\\\/gooddealersmeds.com\\\/fi\\\/wp-content\\\/uploads\\\/sites\\\/6\\\/2022\\\/03\\\/AMPHETAMINE-POWDER.jpg\",\"datePublished\":\"2022-03-18T01:19:50+00:00\",\"dateModified\":\"2022-10-03T18:15:47+00:00\",\"description\":\"Osta amfetamiinijauhe verkosta luotettavalta toimittajalta ja hanki parasta laatua. Tarjoamme sinulle parhaan toimituskokemuksen.\",\"breadcrumb\":{\"@id\":\"https:\\\/\\\/gooddealersmeds.com\\\/fi\\\/product\\\/osta-amfetamiini-jauhe-verkosta\\\/#breadcrumb\"},\"inLanguage\":\"en-US\",\"potentialAction\":[{\"@type\":\"ReadAction\",\"target\":[\"https:\\\/\\\/gooddealersmeds.com\\\/fi\\\/product\\\/osta-amfetamiini-jauhe-verkosta\\\/\"]}]},{\"@type\":\"ImageObject\",\"inLanguage\":\"en-US\",\"@id\":\"https:\\\/\\\/gooddealersmeds.com\\\/fi\\\/product\\\/osta-amfetamiini-jauhe-verkosta\\\/#primaryimage\",\"url\":\"https:\\\/\\\/gooddealersmeds.com\\\/fi\\\/wp-content\\\/uploads\\\/sites\\\/6\\\/2022\\\/03\\\/AMPHETAMINE-POWDER.jpg\",\"contentUrl\":\"https:\\\/\\\/gooddealersmeds.com\\\/fi\\\/wp-content\\\/uploads\\\/sites\\\/6\\\/2022\\\/03\\\/AMPHETAMINE-POWDER.jpg\",\"width\":480,\"height\":480,\"caption\":\"Buy Amphetamine Powder Online\"},{\"@type\":\"BreadcrumbList\",\"@id\":\"https:\\\/\\\/gooddealersmeds.com\\\/fi\\\/product\\\/osta-amfetamiini-jauhe-verkosta\\\/#breadcrumb\",\"itemListElement\":[{\"@type\":\"ListItem\",\"position\":1,\"name\":\"Home\",\"item\":\"https:\\\/\\\/gooddealersmeds.com\\\/fi\\\/\"},{\"@type\":\"ListItem\",\"position\":2,\"name\":\"Tuotteet\",\"item\":\"https:\\\/\\\/gooddealersmeds.com\\\/fi\\\/tuotteet\\\/\"},{\"@type\":\"ListItem\",\"position\":3,\"name\":\"Osta amfetamiinijauhe verkosta\"}]},{\"@type\":\"WebSite\",\"@id\":\"https:\\\/\\\/gooddealersmeds.com\\\/fi\\\/#website\",\"url\":\"https:\\\/\\\/gooddealersmeds.com\\\/fi\\\/\",\"name\":\"Good Dealers Meds\",\"description\":\"All our best\",\"publisher\":{\"@id\":\"https:\\\/\\\/gooddealersmeds.com\\\/fi\\\/#organization\"},\"potentialAction\":[{\"@type\":\"SearchAction\",\"target\":{\"@type\":\"EntryPoint\",\"urlTemplate\":\"https:\\\/\\\/gooddealersmeds.com\\\/fi\\\/?s={search_term_string}\"},\"query-input\":{\"@type\":\"PropertyValueSpecification\",\"valueRequired\":true,\"valueName\":\"search_term_string\"}}],\"inLanguage\":\"en-US\"},{\"@type\":\"Organization\",\"@id\":\"https:\\\/\\\/gooddealersmeds.com\\\/fi\\\/#organization\",\"name\":\"Good Dealers Meds\",\"url\":\"https:\\\/\\\/gooddealersmeds.com\\\/fi\\\/\",\"logo\":{\"@type\":\"ImageObject\",\"inLanguage\":\"en-US\",\"@id\":\"https:\\\/\\\/gooddealersmeds.com\\\/fi\\\/#\\\/schema\\\/logo\\\/image\\\/\",\"url\":\"https:\\\/\\\/gooddealersmeds.com\\\/fi\\\/wp-content\\\/uploads\\\/sites\\\/6\\\/2022\\\/03\\\/gooddealersmeds__logo__20220317T222800Z.00.png\",\"contentUrl\":\"https:\\\/\\\/gooddealersmeds.com\\\/fi\\\/wp-content\\\/uploads\\\/sites\\\/6\\\/2022\\\/03\\\/gooddealersmeds__logo__20220317T222800Z.00.png\",\"width\":500,\"height\":325,\"caption\":\"Good Dealers Meds\"},\"image\":{\"@id\":\"https:\\\/\\\/gooddealersmeds.com\\\/fi\\\/#\\\/schema\\\/logo\\\/image\\\/\"}}]}<\/script>\n<!-- \/ Yoast SEO Premium plugin. -->","yoast_head_json":{"title":"Osta amfetamiinijauhe verkosta | Hyvien j\u00e4lleenmyyjien l\u00e4\u00e4kkeet","description":"Osta amfetamiinijauhe verkosta luotettavalta toimittajalta ja hanki parasta laatua. Tarjoamme sinulle parhaan toimituskokemuksen.","robots":{"index":"index","follow":"follow","max-snippet":"max-snippet:-1","max-image-preview":"max-image-preview:large","max-video-preview":"max-video-preview:-1"},"canonical":"https:\/\/gooddealersmeds.com\/fi\/product\/osta-amfetamiini-jauhe-verkosta\/","og_locale":"en_US","og_type":"article","og_title":"Osta amfetamiinijauhe verkosta","og_description":"Osta amfetamiinijauhe verkosta luotettavalta toimittajalta ja hanki parasta laatua. Tarjoamme sinulle parhaan toimituskokemuksen.","og_url":"https:\/\/gooddealersmeds.com\/fi\/product\/osta-amfetamiini-jauhe-verkosta\/","og_site_name":"Good Dealers Meds","article_modified_time":"2022-10-03T18:15:47+00:00","og_image":[{"width":480,"height":480,"url":"https:\/\/gooddealersmeds.com\/fi\/wp-content\/uploads\/sites\/6\/2022\/03\/AMPHETAMINE-POWDER.jpg","type":"image\/jpeg"}],"twitter_card":"summary_large_image","twitter_misc":{"Est. reading time":"2 minutes"},"schema":{"@context":"https:\/\/schema.org","@graph":[{"@type":"WebPage","@id":"https:\/\/gooddealersmeds.com\/fi\/product\/osta-amfetamiini-jauhe-verkosta\/","url":"https:\/\/gooddealersmeds.com\/fi\/product\/osta-amfetamiini-jauhe-verkosta\/","name":"Osta amfetamiinijauhe verkosta | Hyvien j\u00e4lleenmyyjien l\u00e4\u00e4kkeet","isPartOf":{"@id":"https:\/\/gooddealersmeds.com\/fi\/#website"},"primaryImageOfPage":{"@id":"https:\/\/gooddealersmeds.com\/fi\/product\/osta-amfetamiini-jauhe-verkosta\/#primaryimage"},"image":{"@id":"https:\/\/gooddealersmeds.com\/fi\/product\/osta-amfetamiini-jauhe-verkosta\/#primaryimage"},"thumbnailUrl":"https:\/\/gooddealersmeds.com\/fi\/wp-content\/uploads\/sites\/6\/2022\/03\/AMPHETAMINE-POWDER.jpg","datePublished":"2022-03-18T01:19:50+00:00","dateModified":"2022-10-03T18:15:47+00:00","description":"Osta amfetamiinijauhe verkosta luotettavalta toimittajalta ja hanki parasta laatua. Tarjoamme sinulle parhaan toimituskokemuksen.","breadcrumb":{"@id":"https:\/\/gooddealersmeds.com\/fi\/product\/osta-amfetamiini-jauhe-verkosta\/#breadcrumb"},"inLanguage":"en-US","potentialAction":[{"@type":"ReadAction","target":["https:\/\/gooddealersmeds.com\/fi\/product\/osta-amfetamiini-jauhe-verkosta\/"]}]},{"@type":"ImageObject","inLanguage":"en-US","@id":"https:\/\/gooddealersmeds.com\/fi\/product\/osta-amfetamiini-jauhe-verkosta\/#primaryimage","url":"https:\/\/gooddealersmeds.com\/fi\/wp-content\/uploads\/sites\/6\/2022\/03\/AMPHETAMINE-POWDER.jpg","contentUrl":"https:\/\/gooddealersmeds.com\/fi\/wp-content\/uploads\/sites\/6\/2022\/03\/AMPHETAMINE-POWDER.jpg","width":480,"height":480,"caption":"Buy Amphetamine Powder Online"},{"@type":"BreadcrumbList","@id":"https:\/\/gooddealersmeds.com\/fi\/product\/osta-amfetamiini-jauhe-verkosta\/#breadcrumb","itemListElement":[{"@type":"ListItem","position":1,"name":"Home","item":"https:\/\/gooddealersmeds.com\/fi\/"},{"@type":"ListItem","position":2,"name":"Tuotteet","item":"https:\/\/gooddealersmeds.com\/fi\/tuotteet\/"},{"@type":"ListItem","position":3,"name":"Osta amfetamiinijauhe verkosta"}]},{"@type":"WebSite","@id":"https:\/\/gooddealersmeds.com\/fi\/#website","url":"https:\/\/gooddealersmeds.com\/fi\/","name":"Good Dealers Meds","description":"All our best","publisher":{"@id":"https:\/\/gooddealersmeds.com\/fi\/#organization"},"potentialAction":[{"@type":"SearchAction","target":{"@type":"EntryPoint","urlTemplate":"https:\/\/gooddealersmeds.com\/fi\/?s={search_term_string}"},"query-input":{"@type":"PropertyValueSpecification","valueRequired":true,"valueName":"search_term_string"}}],"inLanguage":"en-US"},{"@type":"Organization","@id":"https:\/\/gooddealersmeds.com\/fi\/#organization","name":"Good Dealers Meds","url":"https:\/\/gooddealersmeds.com\/fi\/","logo":{"@type":"ImageObject","inLanguage":"en-US","@id":"https:\/\/gooddealersmeds.com\/fi\/#\/schema\/logo\/image\/","url":"https:\/\/gooddealersmeds.com\/fi\/wp-content\/uploads\/sites\/6\/2022\/03\/gooddealersmeds__logo__20220317T222800Z.00.png","contentUrl":"https:\/\/gooddealersmeds.com\/fi\/wp-content\/uploads\/sites\/6\/2022\/03\/gooddealersmeds__logo__20220317T222800Z.00.png","width":500,"height":325,"caption":"Good Dealers Meds"},"image":{"@id":"https:\/\/gooddealersmeds.com\/fi\/#\/schema\/logo\/image\/"}}]}},"_links":{"self":[{"href":"https:\/\/gooddealersmeds.com\/fi\/wp-json\/wp\/v2\/product\/1563","targetHints":{"allow":["GET"]}}],"collection":[{"href":"https:\/\/gooddealersmeds.com\/fi\/wp-json\/wp\/v2\/product"}],"about":[{"href":"https:\/\/gooddealersmeds.com\/fi\/wp-json\/wp\/v2\/types\/product"}],"replies":[{"embeddable":true,"href":"https:\/\/gooddealersmeds.com\/fi\/wp-json\/wp\/v2\/comments?post=1563"}],"wp:featuredmedia":[{"embeddable":true,"href":"https:\/\/gooddealersmeds.com\/fi\/wp-json\/wp\/v2\/media\/1571"}],"wp:attachment":[{"href":"https:\/\/gooddealersmeds.com\/fi\/wp-json\/wp\/v2\/media?parent=1563"}],"wp:term":[{"taxonomy":"product_brand","embeddable":true,"href":"https:\/\/gooddealersmeds.com\/fi\/wp-json\/wp\/v2\/product_brand?post=1563"},{"taxonomy":"product_cat","embeddable":true,"href":"https:\/\/gooddealersmeds.com\/fi\/wp-json\/wp\/v2\/product_cat?post=1563"},{"taxonomy":"product_tag","embeddable":true,"href":"https:\/\/gooddealersmeds.com\/fi\/wp-json\/wp\/v2\/product_tag?post=1563"}],"curies":[{"name":"wp","href":"https:\/\/api.w.org\/{rel}","templated":true}]}}