{"id":1554,"date":"2022-03-18T00:49:43","date_gmt":"2022-03-18T00:49:43","guid":{"rendered":"https:\/\/gooddealersmeds.com\/fi\/?post_type=product&#038;p=1554"},"modified":"2022-10-03T18:15:54","modified_gmt":"2022-10-03T18:15:54","slug":"efedriini-hcl","status":"publish","type":"product","link":"https:\/\/gooddealersmeds.com\/fi\/product\/efedriini-hcl\/","title":{"rendered":"Osta Ephedrine HCL verkossa"},"content":{"rendered":"<h1>Osta efedriini\u00e4 verkosta ilman resepti\u00e4 edulliseen hintaan<\/h1>\n<p>Efedriini on l\u00e4\u00e4ke ja piriste. Sit\u00e4 k\u00e4ytet\u00e4\u00e4n usein est\u00e4m\u00e4\u00e4n matalaa verenpainetta spinaalipuudutuksen aikana. Sit\u00e4 on k\u00e4ytetty my\u00f6s <a href=\"https:\/\/www.cdc.gov\/asthma\/faqs.htm\" target=\"_blank\" rel=\"noopener\"><span style=\"color: #333333\">astmaan<\/span>, narkolepsia ja lihavuus, mutta se ei ole ensisijainen hoitomuoto. Siit\u00e4 on ep\u00e4selv\u00e4\u00e4 hy\u00f6ty\u00e4 nen\u00e4n tukkoisuudessa. Se voidaan ottaa suun kautta tai injektiona lihakseen, laskimoon tai ihon alle. Osta t\u00e4m\u00e4 tuote meilt\u00e4, \u200b\u200bsuonensis\u00e4inen k\u00e4ytt\u00f6 alkaa nopeasti, kun taas lihakseen injektointi voi kest\u00e4\u00e4 20 minuuttia ja suun kautta tunnin vaikutus. Injektiona annettuna se kest\u00e4\u00e4 noin tunnin ja suun kautta otettuna jopa nelj\u00e4 tuntia. <a href=\"https:\/\/gooddealersmeds.com\/fi\/product\/ephedrine-hcl\/\">efedriini myynniss\u00e4<\/a> verkossa osoitteessa <span style=\"color: #333333\"><a style=\"color: #333333\" href=\"https:\/\/gooddealersmeds.com\/fi\/\" target=\"_blank\" rel=\"noopener\">Good Dealers -l\u00e4\u00e4kkeet<\/a><\/span>.<\/p>\n<p>Vaikka se on todenn\u00e4k\u00f6isesti turvallista raskauden aikana, sen k\u00e4ytt\u00f6 t\u00e4ss\u00e4 populaatiossa on tutkittu huonosti. K\u00e4ytt\u00f6\u00e4 imetyksen aikana ei suositella. Efedriini tehostaa \u03b1- ja \u03b2-adrenergisten reseptorien aktiivisuutta.<\/p>\n<p>Efedriini\u00e4 k\u00e4ytet\u00e4\u00e4n tilap\u00e4iseen lievitykseen keuhkoastman aiheuttaman hengenahdistuksen, puristavan tunnetta rinnassa ja hengityksen vinkumista varten. Efedriini\u00e4 voidaan k\u00e4ytt\u00e4\u00e4 my\u00f6s muihin l\u00e4\u00e4k\u00e4risi m\u00e4\u00e4r\u00e4\u00e4miin sairauksiin.<\/p>\n<p>Efedriini on dekongestantti ja keuhkoputkia laajentava aine. Se toimii v\u00e4hent\u00e4m\u00e4ll\u00e4 turvotusta ja supistamalla verisuonia nen\u00e4k\u00e4yt\u00e4viss\u00e4 ja laajentamalla keuhkojen hengitysteit\u00e4, jolloin voit hengitt\u00e4\u00e4 helpommin.<\/p>\n<p>Olemme auttaneet monia potilaita kokemuksemme ja l\u00e4\u00e4kkeidemme aidon luonteen ansiosta. hyv\u00e4n terveyden saamiseksi. Tehokas apteekkari- ja teknikkotiimimme pyrkii tarjoamaan nopeaa ja yst\u00e4v\u00e4llist\u00e4 palvelua. Laatu ja tarkkuus ovat arvoja, joista emme halua tinki\u00e4. osta efedriini verkosta<\/p>\n","protected":false},"excerpt":{"rendered":"<p>Efedriini\u00e4 k\u00e4ytet\u00e4\u00e4n keuhkoastman aiheuttaman hengenahdistuksen, puristavan rintakipun ja hengityksen vinkumisen tilap\u00e4iseen lievitykseen.<\/p>\n","protected":false},"featured_media":1562,"comment_status":"open","ping_status":"closed","template":"","meta":{"inline_featured_image":false},"product_brand":[],"product_cat":[346],"product_tag":[],"class_list":{"0":"post-1554","1":"product","2":"type-product","3":"status-publish","4":"has-post-thumbnail","6":"product_cat-piristeit","7":"pa_pills-100-pills","8":"pa_pills-1000-pills","9":"pa_pills-30-pills","10":"pa_pills-300-pills","11":"pa_pills-50-pills","12":"pa_pills-500-pills","14":"first","15":"instock","16":"featured","17":"shipping-taxable","18":"purchasable","19":"product-type-variable","20":"has-default-attributes"},"yoast_head":"<!-- This site is optimized with the Yoast SEO Premium plugin v20.6 (Yoast SEO v27.3) - https:\/\/yoast.com\/product\/yoast-seo-premium-wordpress\/ -->\n<title>Osta efedriini verkosta ilman resepti\u00e4 | Hyvien j\u00e4lleenmyyjien l\u00e4\u00e4kkeet<\/title>\n<meta name=\"description\" content=\"Osta efedriini\u00e4 verkosta parhaalla laadulla hyvilt\u00e4 j\u00e4lleenmyyjilt\u00e4 l\u00e4\u00e4kkeit\u00e4, joita k\u00e4ytet\u00e4\u00e4n tilap\u00e4iseen hengenahdistukseen, puristamiseen rinnassa ja hengityksen vinkumiseen.\" \/>\n<meta name=\"robots\" content=\"index, follow, max-snippet:-1, max-image-preview:large, max-video-preview:-1\" \/>\n<link rel=\"canonical\" href=\"https:\/\/gooddealersmeds.com\/fi\/product\/efedriini-hcl\/\" \/>\n<meta property=\"og:locale\" content=\"en_US\" \/>\n<meta property=\"og:type\" content=\"article\" \/>\n<meta property=\"og:title\" content=\"Osta Ephedrine HCL verkossa\" \/>\n<meta property=\"og:description\" content=\"Osta efedriini\u00e4 verkosta parhaalla laadulla hyvilt\u00e4 j\u00e4lleenmyyjilt\u00e4 l\u00e4\u00e4kkeit\u00e4, joita k\u00e4ytet\u00e4\u00e4n tilap\u00e4iseen hengenahdistukseen, puristamiseen rinnassa ja hengityksen vinkumiseen.\" \/>\n<meta property=\"og:url\" content=\"https:\/\/gooddealersmeds.com\/fi\/product\/efedriini-hcl\/\" \/>\n<meta property=\"og:site_name\" content=\"Good Dealers Meds\" \/>\n<meta property=\"article:modified_time\" content=\"2022-10-03T18:15:54+00:00\" \/>\n<meta property=\"og:image\" content=\"https:\/\/gooddealersmeds.com\/fi\/wp-content\/uploads\/sites\/6\/2022\/03\/buy-ephedrine-online.jpg\" \/>\n\t<meta property=\"og:image:width\" content=\"900\" \/>\n\t<meta property=\"og:image:height\" content=\"800\" \/>\n\t<meta property=\"og:image:type\" content=\"image\/jpeg\" \/>\n<meta name=\"twitter:card\" content=\"summary_large_image\" \/>\n<meta name=\"twitter:label1\" content=\"Est. reading time\" \/>\n\t<meta name=\"twitter:data1\" content=\"1 minute\" \/>\n<script type=\"application\/ld+json\" class=\"yoast-schema-graph\">{\"@context\":\"https:\\\/\\\/schema.org\",\"@graph\":[{\"@type\":\"WebPage\",\"@id\":\"https:\\\/\\\/gooddealersmeds.com\\\/fi\\\/product\\\/efedriini-hcl\\\/\",\"url\":\"https:\\\/\\\/gooddealersmeds.com\\\/fi\\\/product\\\/efedriini-hcl\\\/\",\"name\":\"Osta efedriini verkosta ilman resepti\u00e4 | Hyvien j\u00e4lleenmyyjien l\u00e4\u00e4kkeet\",\"isPartOf\":{\"@id\":\"https:\\\/\\\/gooddealersmeds.com\\\/fi\\\/#website\"},\"primaryImageOfPage\":{\"@id\":\"https:\\\/\\\/gooddealersmeds.com\\\/fi\\\/product\\\/efedriini-hcl\\\/#primaryimage\"},\"image\":{\"@id\":\"https:\\\/\\\/gooddealersmeds.com\\\/fi\\\/product\\\/efedriini-hcl\\\/#primaryimage\"},\"thumbnailUrl\":\"https:\\\/\\\/gooddealersmeds.com\\\/fi\\\/wp-content\\\/uploads\\\/sites\\\/6\\\/2022\\\/03\\\/buy-ephedrine-online.jpg\",\"datePublished\":\"2022-03-18T00:49:43+00:00\",\"dateModified\":\"2022-10-03T18:15:54+00:00\",\"description\":\"Osta efedriini\u00e4 verkosta parhaalla laadulla hyvilt\u00e4 j\u00e4lleenmyyjilt\u00e4 l\u00e4\u00e4kkeit\u00e4, joita k\u00e4ytet\u00e4\u00e4n tilap\u00e4iseen hengenahdistukseen, puristamiseen rinnassa ja hengityksen vinkumiseen.\",\"breadcrumb\":{\"@id\":\"https:\\\/\\\/gooddealersmeds.com\\\/fi\\\/product\\\/efedriini-hcl\\\/#breadcrumb\"},\"inLanguage\":\"en-US\",\"potentialAction\":[{\"@type\":\"ReadAction\",\"target\":[\"https:\\\/\\\/gooddealersmeds.com\\\/fi\\\/product\\\/efedriini-hcl\\\/\"]}]},{\"@type\":\"ImageObject\",\"inLanguage\":\"en-US\",\"@id\":\"https:\\\/\\\/gooddealersmeds.com\\\/fi\\\/product\\\/efedriini-hcl\\\/#primaryimage\",\"url\":\"https:\\\/\\\/gooddealersmeds.com\\\/fi\\\/wp-content\\\/uploads\\\/sites\\\/6\\\/2022\\\/03\\\/buy-ephedrine-online.jpg\",\"contentUrl\":\"https:\\\/\\\/gooddealersmeds.com\\\/fi\\\/wp-content\\\/uploads\\\/sites\\\/6\\\/2022\\\/03\\\/buy-ephedrine-online.jpg\",\"width\":900,\"height\":800,\"caption\":\"Buy Ephedrine Online\"},{\"@type\":\"BreadcrumbList\",\"@id\":\"https:\\\/\\\/gooddealersmeds.com\\\/fi\\\/product\\\/efedriini-hcl\\\/#breadcrumb\",\"itemListElement\":[{\"@type\":\"ListItem\",\"position\":1,\"name\":\"Home\",\"item\":\"https:\\\/\\\/gooddealersmeds.com\\\/fi\\\/\"},{\"@type\":\"ListItem\",\"position\":2,\"name\":\"Tuotteet\",\"item\":\"https:\\\/\\\/gooddealersmeds.com\\\/fi\\\/tuotteet\\\/\"},{\"@type\":\"ListItem\",\"position\":3,\"name\":\"Osta Ephedrine HCL verkossa\"}]},{\"@type\":\"WebSite\",\"@id\":\"https:\\\/\\\/gooddealersmeds.com\\\/fi\\\/#website\",\"url\":\"https:\\\/\\\/gooddealersmeds.com\\\/fi\\\/\",\"name\":\"Good Dealers Meds\",\"description\":\"All our best\",\"publisher\":{\"@id\":\"https:\\\/\\\/gooddealersmeds.com\\\/fi\\\/#organization\"},\"potentialAction\":[{\"@type\":\"SearchAction\",\"target\":{\"@type\":\"EntryPoint\",\"urlTemplate\":\"https:\\\/\\\/gooddealersmeds.com\\\/fi\\\/?s={search_term_string}\"},\"query-input\":{\"@type\":\"PropertyValueSpecification\",\"valueRequired\":true,\"valueName\":\"search_term_string\"}}],\"inLanguage\":\"en-US\"},{\"@type\":\"Organization\",\"@id\":\"https:\\\/\\\/gooddealersmeds.com\\\/fi\\\/#organization\",\"name\":\"Good Dealers Meds\",\"url\":\"https:\\\/\\\/gooddealersmeds.com\\\/fi\\\/\",\"logo\":{\"@type\":\"ImageObject\",\"inLanguage\":\"en-US\",\"@id\":\"https:\\\/\\\/gooddealersmeds.com\\\/fi\\\/#\\\/schema\\\/logo\\\/image\\\/\",\"url\":\"https:\\\/\\\/gooddealersmeds.com\\\/fi\\\/wp-content\\\/uploads\\\/sites\\\/6\\\/2022\\\/03\\\/gooddealersmeds__logo__20220317T222800Z.00.png\",\"contentUrl\":\"https:\\\/\\\/gooddealersmeds.com\\\/fi\\\/wp-content\\\/uploads\\\/sites\\\/6\\\/2022\\\/03\\\/gooddealersmeds__logo__20220317T222800Z.00.png\",\"width\":500,\"height\":325,\"caption\":\"Good Dealers Meds\"},\"image\":{\"@id\":\"https:\\\/\\\/gooddealersmeds.com\\\/fi\\\/#\\\/schema\\\/logo\\\/image\\\/\"}}]}<\/script>\n<!-- \/ Yoast SEO Premium plugin. -->","yoast_head_json":{"title":"Osta efedriini verkosta ilman resepti\u00e4 | Hyvien j\u00e4lleenmyyjien l\u00e4\u00e4kkeet","description":"Osta efedriini\u00e4 verkosta parhaalla laadulla hyvilt\u00e4 j\u00e4lleenmyyjilt\u00e4 l\u00e4\u00e4kkeit\u00e4, joita k\u00e4ytet\u00e4\u00e4n tilap\u00e4iseen hengenahdistukseen, puristamiseen rinnassa ja hengityksen vinkumiseen.","robots":{"index":"index","follow":"follow","max-snippet":"max-snippet:-1","max-image-preview":"max-image-preview:large","max-video-preview":"max-video-preview:-1"},"canonical":"https:\/\/gooddealersmeds.com\/fi\/product\/efedriini-hcl\/","og_locale":"en_US","og_type":"article","og_title":"Osta Ephedrine HCL verkossa","og_description":"Osta efedriini\u00e4 verkosta parhaalla laadulla hyvilt\u00e4 j\u00e4lleenmyyjilt\u00e4 l\u00e4\u00e4kkeit\u00e4, joita k\u00e4ytet\u00e4\u00e4n tilap\u00e4iseen hengenahdistukseen, puristamiseen rinnassa ja hengityksen vinkumiseen.","og_url":"https:\/\/gooddealersmeds.com\/fi\/product\/efedriini-hcl\/","og_site_name":"Good Dealers Meds","article_modified_time":"2022-10-03T18:15:54+00:00","og_image":[{"width":900,"height":800,"url":"https:\/\/gooddealersmeds.com\/fi\/wp-content\/uploads\/sites\/6\/2022\/03\/buy-ephedrine-online.jpg","type":"image\/jpeg"}],"twitter_card":"summary_large_image","twitter_misc":{"Est. reading time":"1 minute"},"schema":{"@context":"https:\/\/schema.org","@graph":[{"@type":"WebPage","@id":"https:\/\/gooddealersmeds.com\/fi\/product\/efedriini-hcl\/","url":"https:\/\/gooddealersmeds.com\/fi\/product\/efedriini-hcl\/","name":"Osta efedriini verkosta ilman resepti\u00e4 | Hyvien j\u00e4lleenmyyjien l\u00e4\u00e4kkeet","isPartOf":{"@id":"https:\/\/gooddealersmeds.com\/fi\/#website"},"primaryImageOfPage":{"@id":"https:\/\/gooddealersmeds.com\/fi\/product\/efedriini-hcl\/#primaryimage"},"image":{"@id":"https:\/\/gooddealersmeds.com\/fi\/product\/efedriini-hcl\/#primaryimage"},"thumbnailUrl":"https:\/\/gooddealersmeds.com\/fi\/wp-content\/uploads\/sites\/6\/2022\/03\/buy-ephedrine-online.jpg","datePublished":"2022-03-18T00:49:43+00:00","dateModified":"2022-10-03T18:15:54+00:00","description":"Osta efedriini\u00e4 verkosta parhaalla laadulla hyvilt\u00e4 j\u00e4lleenmyyjilt\u00e4 l\u00e4\u00e4kkeit\u00e4, joita k\u00e4ytet\u00e4\u00e4n tilap\u00e4iseen hengenahdistukseen, puristamiseen rinnassa ja hengityksen vinkumiseen.","breadcrumb":{"@id":"https:\/\/gooddealersmeds.com\/fi\/product\/efedriini-hcl\/#breadcrumb"},"inLanguage":"en-US","potentialAction":[{"@type":"ReadAction","target":["https:\/\/gooddealersmeds.com\/fi\/product\/efedriini-hcl\/"]}]},{"@type":"ImageObject","inLanguage":"en-US","@id":"https:\/\/gooddealersmeds.com\/fi\/product\/efedriini-hcl\/#primaryimage","url":"https:\/\/gooddealersmeds.com\/fi\/wp-content\/uploads\/sites\/6\/2022\/03\/buy-ephedrine-online.jpg","contentUrl":"https:\/\/gooddealersmeds.com\/fi\/wp-content\/uploads\/sites\/6\/2022\/03\/buy-ephedrine-online.jpg","width":900,"height":800,"caption":"Buy Ephedrine Online"},{"@type":"BreadcrumbList","@id":"https:\/\/gooddealersmeds.com\/fi\/product\/efedriini-hcl\/#breadcrumb","itemListElement":[{"@type":"ListItem","position":1,"name":"Home","item":"https:\/\/gooddealersmeds.com\/fi\/"},{"@type":"ListItem","position":2,"name":"Tuotteet","item":"https:\/\/gooddealersmeds.com\/fi\/tuotteet\/"},{"@type":"ListItem","position":3,"name":"Osta Ephedrine HCL verkossa"}]},{"@type":"WebSite","@id":"https:\/\/gooddealersmeds.com\/fi\/#website","url":"https:\/\/gooddealersmeds.com\/fi\/","name":"Good Dealers Meds","description":"All our best","publisher":{"@id":"https:\/\/gooddealersmeds.com\/fi\/#organization"},"potentialAction":[{"@type":"SearchAction","target":{"@type":"EntryPoint","urlTemplate":"https:\/\/gooddealersmeds.com\/fi\/?s={search_term_string}"},"query-input":{"@type":"PropertyValueSpecification","valueRequired":true,"valueName":"search_term_string"}}],"inLanguage":"en-US"},{"@type":"Organization","@id":"https:\/\/gooddealersmeds.com\/fi\/#organization","name":"Good Dealers Meds","url":"https:\/\/gooddealersmeds.com\/fi\/","logo":{"@type":"ImageObject","inLanguage":"en-US","@id":"https:\/\/gooddealersmeds.com\/fi\/#\/schema\/logo\/image\/","url":"https:\/\/gooddealersmeds.com\/fi\/wp-content\/uploads\/sites\/6\/2022\/03\/gooddealersmeds__logo__20220317T222800Z.00.png","contentUrl":"https:\/\/gooddealersmeds.com\/fi\/wp-content\/uploads\/sites\/6\/2022\/03\/gooddealersmeds__logo__20220317T222800Z.00.png","width":500,"height":325,"caption":"Good Dealers Meds"},"image":{"@id":"https:\/\/gooddealersmeds.com\/fi\/#\/schema\/logo\/image\/"}}]}},"_links":{"self":[{"href":"https:\/\/gooddealersmeds.com\/fi\/wp-json\/wp\/v2\/product\/1554","targetHints":{"allow":["GET"]}}],"collection":[{"href":"https:\/\/gooddealersmeds.com\/fi\/wp-json\/wp\/v2\/product"}],"about":[{"href":"https:\/\/gooddealersmeds.com\/fi\/wp-json\/wp\/v2\/types\/product"}],"replies":[{"embeddable":true,"href":"https:\/\/gooddealersmeds.com\/fi\/wp-json\/wp\/v2\/comments?post=1554"}],"wp:featuredmedia":[{"embeddable":true,"href":"https:\/\/gooddealersmeds.com\/fi\/wp-json\/wp\/v2\/media\/1562"}],"wp:attachment":[{"href":"https:\/\/gooddealersmeds.com\/fi\/wp-json\/wp\/v2\/media?parent=1554"}],"wp:term":[{"taxonomy":"product_brand","embeddable":true,"href":"https:\/\/gooddealersmeds.com\/fi\/wp-json\/wp\/v2\/product_brand?post=1554"},{"taxonomy":"product_cat","embeddable":true,"href":"https:\/\/gooddealersmeds.com\/fi\/wp-json\/wp\/v2\/product_cat?post=1554"},{"taxonomy":"product_tag","embeddable":true,"href":"https:\/\/gooddealersmeds.com\/fi\/wp-json\/wp\/v2\/product_tag?post=1554"}],"curies":[{"name":"wp","href":"https:\/\/api.w.org\/{rel}","templated":true}]}}