{"id":1544,"date":"2022-03-18T00:24:33","date_gmt":"2022-03-18T00:24:33","guid":{"rendered":"https:\/\/gooddealersmeds.com\/fi\/?post_type=product&#038;p=1544"},"modified":"2022-10-03T18:16:02","modified_gmt":"2022-10-03T18:16:02","slug":"oksikontiini","status":"publish","type":"product","link":"https:\/\/gooddealersmeds.com\/fi\/product\/oksikontiini\/","title":{"rendered":"Oxycontin myyt\u00e4v\u00e4n\u00e4"},"content":{"rendered":"<h1>Osta Oxycontin verkosta<\/h1>\n<p class=\"p1\">&#8220;<em><strong>Osta Oxycontin verkosta<\/strong><\/em>&#8220;, T\u00e4t\u00e4 l\u00e4\u00e4kett\u00e4 k\u00e4ytet\u00e4\u00e4n lievitt\u00e4m\u00e4\u00e4n vaikeaa jatkuvaa kipua (esim. kuten sy\u00f6v\u00e4n vuoksi). Oksikodoni kuuluu l\u00e4\u00e4keryhm\u00e4\u00e4n, joka tunnetaan nimell\u00e4 opioidikipul\u00e4\u00e4kkeet. Se toimii aivoissa ja muuttaa sit\u00e4, miten kehosi tuntuu ja reagoi kipuun. <a href=\"https:\/\/gooddealersmeds.com\/fi\/product\/oxycontin\/\">Osta Oxycontin<\/a> verkosta, osta oxy verkosta ilman resepti\u00e4<\/p>\n<p class=\"p1\"> t\u00e4t\u00e4 l\u00e4\u00e4kett\u00e4 (yli 40 milligrammaa per tabletti) tulee k\u00e4ytt\u00e4\u00e4 vain, jos olet s\u00e4\u00e4nn\u00f6llisesti k\u00e4ytt\u00e4nyt kohtalaisia \u200b\u200btai suuria m\u00e4\u00e4ri\u00e4 opioidikipul\u00e4\u00e4kett\u00e4. N\u00e4m\u00e4 vahvuudet voivat aiheuttaa yliannostuksen (jopa kuoleman), jos niit\u00e4 ottaa henkil\u00f6, joka ei ole k\u00e4ytt\u00e4nyt s\u00e4\u00e4nn\u00f6llisesti opioideja.<\/p>\n<p class=\"p1\">\u00c4l\u00e4 k\u00e4yt\u00e4 oksikodonin pitk\u00e4vaikutteista muotoa liev\u00e4n kivun lievitykseen. tai se menee ohi muutamassa p\u00e4iv\u00e4ss\u00e4. T\u00e4m\u00e4 l\u00e4\u00e4kitys ei ole satunnaiseen (&#8220;tarvittaessa&#8221;) k\u00e4ytt\u00f6\u00f6n.<\/p>\n<p class=\"p1\">T\u00e4t\u00e4 l\u00e4\u00e4kett\u00e4 k\u00e4ytet\u00e4\u00e4n lievitt\u00e4m\u00e4\u00e4n vaikeaa jatkuvaa kipua (kuten sy\u00f6v\u00e4n aiheuttamaa). Oksikodoni kuuluu l\u00e4\u00e4keryhm\u00e4\u00e4n, joka tunnetaan nimell\u00e4 opioidikipul\u00e4\u00e4kkeet. Se toimii aivoissa ja muuttaa sit\u00e4, miten kehosi tuntuu ja reagoi kipuun.<\/p>\n<p class=\"p1\">\u00c4l\u00e4 k\u00e4yt\u00e4 oksikodonin pitkitetysti vapauttavaa muotoa lievitt\u00e4\u00e4ksesi kipua, joka on liev\u00e4\u00e4 tai h\u00e4vi\u00e4\u00e4 Muutama p\u00e4iv\u00e4. T\u00e4m\u00e4 l\u00e4\u00e4ke ei ole satunnaiseen (&#8220;tarvittaessa&#8221;) k\u00e4ytt\u00f6\u00f6n.<\/p>\n<h3 class=\"p1\"><strong>Opioidien v\u00e4\u00e4rink\u00e4ytt\u00f6, v\u00e4\u00e4rink\u00e4ytt\u00f6 ja v\u00e4\u00e4rink\u00e4ytt\u00f6<\/strong><\/h3>\n<p class=\" p1\">Oksikodoni on morfiinityyppinen opioidiagonisti. T\u00e4llaisia \u200b\u200bhuumeita etsiv\u00e4t huumeiden v\u00e4\u00e4rink\u00e4ytt\u00e4j\u00e4t ja riippuvuush\u00e4iri\u00f6ist\u00e4 k\u00e4rsiv\u00e4t henkil\u00f6t, ja ne ovat rikollisen k\u00e4yt\u00f6n kohteena. <span style=\"color: #000000\"><a style=\"color: #000000\" href=\"https:\/\/gooddealersmeds.com\/fi\/products\/\">Oksikodonia<\/a><\/span> voidaan k\u00e4ytt\u00e4\u00e4 v\u00e4\u00e4rin samalla tavalla kuin muut opioidiagonistit, lailliset tai laittomat. T\u00e4m\u00e4 tulee ottaa huomioon m\u00e4\u00e4r\u00e4tt\u00e4ess\u00e4 tai jaettaessa OxyContin-valmistetta tilanteissa, joissa l\u00e4\u00e4k\u00e4ri tai apteekkihenkil\u00f6kunta on huolissaan lis\u00e4\u00e4ntyneest\u00e4 v\u00e4\u00e4rink\u00e4yt\u00f6n, v\u00e4\u00e4rink\u00e4yt\u00f6n tai v\u00e4\u00e4rink\u00e4yt\u00f6n riskist\u00e4. OxyContinin on raportoitu k\u00e4ytt\u00e4neen v\u00e4\u00e4rin murskaamalla, pureskelemalla, nuuskaamalla tai ruiskuttamalla liuennutta tuotetta.<\/p>\n<h3 class=\"p1\"><strong>VAROTOIMET<\/strong><\/h3>\n<p class=\"p1 \">Opioidikipul\u00e4\u00e4keill\u00e4 on kapea terapeuttinen indeksi tietyiss\u00e4 potilasryhmiss\u00e4, varsinkin kun niit\u00e4 yhdistet\u00e4\u00e4n keskushermostoa lamaavien l\u00e4\u00e4kkeiden kanssa, ja ne tulisi varata tapauksiin, joissa opioidianalgesian hy\u00f6dyt ovat suuremmat kuin tunnetut hengityslaman, muuttuneen henkisen tilan ja asentohypotension riskit. Oxycontinin k\u00e4ytt\u00f6\u00f6n liittyy lis\u00e4\u00e4ntyneet mahdolliset riskit, ja sit\u00e4 tulee k\u00e4ytt\u00e4\u00e4 vain varoen seuraavissa olosuhteissa: akuutti alkoholismi; lis\u00e4munuaiskuoren vajaatoiminta (esim. Addisonin tauti); keskushermoston masennus tai kooma; juoppohulluus; heikentyneet potilaat; kyphoscoliosis, joka liittyy hengityslamaan; myksedeema tai kilpirauhasen vajaatoiminta; eturauhasen liikakasvu tai virtsaputken ahtauma; vaikea maksan, keuhkojen tai munuaisten vajaatoiminta; ja toksinen psykoosi. Oksikodonin antaminen voi h\u00e4m\u00e4rt\u00e4\u00e4 diagnoosia tai kliinist\u00e4 kulkua potilailla, joilla on akuutti <span style=\"color: #333333\"><a style=\"color: #333333\" href=\"https:\/\/www.mountsinai.org\/health -kirjasto\/oireet\/abdominal-pain\">vatsan sairaudet<\/a><\/span>. Oksikodoni voi pahentaa kouristuksia potilailla, joilla on kouristush\u00e4iri\u00f6it\u00e4, ja kaikki opioidit voivat aiheuttaa tai pahentaa kouristuskohtauksia joissakin kliinisiss\u00e4 olosuhteissa.<\/p>\n","protected":false},"excerpt":{"rendered":"<p>Oxycontin 40mg on kipul\u00e4\u00e4ke. Sit\u00e4 k\u00e4ytet\u00e4\u00e4n jatkuvan kivun hoitoon, joka kest\u00e4\u00e4 yli muutaman p\u00e4iv\u00e4n. Sit\u00e4 k\u00e4ytt\u00e4v\u00e4t ihmiset, jotka ovat k\u00e4ytt\u00e4neet opioidi- tai huumausainekipul\u00e4\u00e4kett\u00e4<\/p>\n","protected":false},"featured_media":1553,"comment_status":"open","ping_status":"closed","template":"","meta":{"inline_featured_image":false},"product_brand":[],"product_cat":[347],"product_tag":[92,85,88,89,87,86,90,91],"class_list":{"0":"post-1544","1":"product","2":"type-product","3":"status-publish","4":"has-post-thumbnail","6":"product_cat-opioidi-kipulke","7":"product_tag-oxycontin-tabletit-myynniss","8":"product_tag-osta-laillinen-oksikontin-online","9":"product_tag-osta-oksikontin-verkkoapteekki","10":"product_tag-osta-oxycontin-online-uk","11":"product_tag-osta-oksikontin-online-ilman-resepti","12":"product_tag-osta-online-oksikontin","13":"product_tag-oxycontin-myynniss-australia","14":"product_tag-oxycontin-pillerit-myynniss","15":"pa_pills-100-pills","16":"pa_pills-1000-pills","17":"pa_pills-30-pills","18":"pa_pills-300-pills","19":"pa_pills-50-pills","20":"pa_pills-500-pills","22":"first","23":"instock","24":"featured","25":"shipping-taxable","26":"purchasable","27":"product-type-variable","28":"has-default-attributes"},"yoast_head":"<!-- This site is optimized with the Yoast SEO Premium plugin v20.6 (Yoast SEO v27.3) - https:\/\/yoast.com\/product\/yoast-seo-premium-wordpress\/ -->\n<title>Osta Oxycontin Online | Osta Oxy verkossa ilman resepti\u00e4<\/title>\n<meta name=\"description\" content=\"Oxycontinia k\u00e4ytet\u00e4\u00e4n lievitt\u00e4m\u00e4\u00e4n vaikeaa kipua. Se vaikuttaa aivoihin saamaan kehon vastustamaan kipua. osta Oxycontin verkosta, osta oxy verkosta.\" \/>\n<meta name=\"robots\" content=\"index, follow, max-snippet:-1, max-image-preview:large, max-video-preview:-1\" \/>\n<link rel=\"canonical\" href=\"https:\/\/gooddealersmeds.com\/fi\/product\/oksikontiini\/\" \/>\n<meta property=\"og:locale\" content=\"en_US\" \/>\n<meta property=\"og:type\" content=\"article\" \/>\n<meta property=\"og:title\" content=\"Oxycontin myyt\u00e4v\u00e4n\u00e4\" \/>\n<meta property=\"og:description\" content=\"Oxycontinia k\u00e4ytet\u00e4\u00e4n lievitt\u00e4m\u00e4\u00e4n vaikeaa kipua. Se vaikuttaa aivoihin saamaan kehon vastustamaan kipua. osta Oxycontin verkosta, osta oxy verkosta.\" \/>\n<meta property=\"og:url\" content=\"https:\/\/gooddealersmeds.com\/fi\/product\/oksikontiini\/\" \/>\n<meta property=\"og:site_name\" content=\"Good Dealers Meds\" \/>\n<meta property=\"article:modified_time\" content=\"2022-10-03T18:16:02+00:00\" \/>\n<meta property=\"og:image\" content=\"https:\/\/gooddealersmeds.com\/fi\/wp-content\/uploads\/sites\/6\/2022\/03\/Buy-Oxycontin-online-one.jpg\" \/>\n\t<meta property=\"og:image:width\" content=\"600\" \/>\n\t<meta property=\"og:image:height\" content=\"450\" \/>\n\t<meta property=\"og:image:type\" content=\"image\/jpeg\" \/>\n<meta name=\"twitter:card\" content=\"summary_large_image\" \/>\n<meta name=\"twitter:label1\" content=\"Est. reading time\" \/>\n\t<meta name=\"twitter:data1\" content=\"2 minutes\" \/>\n<script type=\"application\/ld+json\" class=\"yoast-schema-graph\">{\"@context\":\"https:\\\/\\\/schema.org\",\"@graph\":[{\"@type\":\"WebPage\",\"@id\":\"https:\\\/\\\/gooddealersmeds.com\\\/fi\\\/product\\\/oksikontiini\\\/\",\"url\":\"https:\\\/\\\/gooddealersmeds.com\\\/fi\\\/product\\\/oksikontiini\\\/\",\"name\":\"Osta Oxycontin Online | Osta Oxy verkossa ilman resepti\u00e4\",\"isPartOf\":{\"@id\":\"https:\\\/\\\/gooddealersmeds.com\\\/fi\\\/#website\"},\"primaryImageOfPage\":{\"@id\":\"https:\\\/\\\/gooddealersmeds.com\\\/fi\\\/product\\\/oksikontiini\\\/#primaryimage\"},\"image\":{\"@id\":\"https:\\\/\\\/gooddealersmeds.com\\\/fi\\\/product\\\/oksikontiini\\\/#primaryimage\"},\"thumbnailUrl\":\"https:\\\/\\\/gooddealersmeds.com\\\/fi\\\/wp-content\\\/uploads\\\/sites\\\/6\\\/2022\\\/03\\\/Buy-Oxycontin-online-one.jpg\",\"datePublished\":\"2022-03-18T00:24:33+00:00\",\"dateModified\":\"2022-10-03T18:16:02+00:00\",\"description\":\"Oxycontinia k\u00e4ytet\u00e4\u00e4n lievitt\u00e4m\u00e4\u00e4n vaikeaa kipua. Se vaikuttaa aivoihin saamaan kehon vastustamaan kipua. osta Oxycontin verkosta, osta oxy verkosta.\",\"breadcrumb\":{\"@id\":\"https:\\\/\\\/gooddealersmeds.com\\\/fi\\\/product\\\/oksikontiini\\\/#breadcrumb\"},\"inLanguage\":\"en-US\",\"potentialAction\":[{\"@type\":\"ReadAction\",\"target\":[\"https:\\\/\\\/gooddealersmeds.com\\\/fi\\\/product\\\/oksikontiini\\\/\"]}]},{\"@type\":\"ImageObject\",\"inLanguage\":\"en-US\",\"@id\":\"https:\\\/\\\/gooddealersmeds.com\\\/fi\\\/product\\\/oksikontiini\\\/#primaryimage\",\"url\":\"https:\\\/\\\/gooddealersmeds.com\\\/fi\\\/wp-content\\\/uploads\\\/sites\\\/6\\\/2022\\\/03\\\/Buy-Oxycontin-online-one.jpg\",\"contentUrl\":\"https:\\\/\\\/gooddealersmeds.com\\\/fi\\\/wp-content\\\/uploads\\\/sites\\\/6\\\/2022\\\/03\\\/Buy-Oxycontin-online-one.jpg\",\"width\":600,\"height\":450,\"caption\":\"Buy Oxycontin Online\"},{\"@type\":\"BreadcrumbList\",\"@id\":\"https:\\\/\\\/gooddealersmeds.com\\\/fi\\\/product\\\/oksikontiini\\\/#breadcrumb\",\"itemListElement\":[{\"@type\":\"ListItem\",\"position\":1,\"name\":\"Home\",\"item\":\"https:\\\/\\\/gooddealersmeds.com\\\/fi\\\/\"},{\"@type\":\"ListItem\",\"position\":2,\"name\":\"Tuotteet\",\"item\":\"https:\\\/\\\/gooddealersmeds.com\\\/fi\\\/tuotteet\\\/\"},{\"@type\":\"ListItem\",\"position\":3,\"name\":\"Oxycontin myyt\u00e4v\u00e4n\u00e4\"}]},{\"@type\":\"WebSite\",\"@id\":\"https:\\\/\\\/gooddealersmeds.com\\\/fi\\\/#website\",\"url\":\"https:\\\/\\\/gooddealersmeds.com\\\/fi\\\/\",\"name\":\"Good Dealers Meds\",\"description\":\"All our best\",\"publisher\":{\"@id\":\"https:\\\/\\\/gooddealersmeds.com\\\/fi\\\/#organization\"},\"potentialAction\":[{\"@type\":\"SearchAction\",\"target\":{\"@type\":\"EntryPoint\",\"urlTemplate\":\"https:\\\/\\\/gooddealersmeds.com\\\/fi\\\/?s={search_term_string}\"},\"query-input\":{\"@type\":\"PropertyValueSpecification\",\"valueRequired\":true,\"valueName\":\"search_term_string\"}}],\"inLanguage\":\"en-US\"},{\"@type\":\"Organization\",\"@id\":\"https:\\\/\\\/gooddealersmeds.com\\\/fi\\\/#organization\",\"name\":\"Good Dealers Meds\",\"url\":\"https:\\\/\\\/gooddealersmeds.com\\\/fi\\\/\",\"logo\":{\"@type\":\"ImageObject\",\"inLanguage\":\"en-US\",\"@id\":\"https:\\\/\\\/gooddealersmeds.com\\\/fi\\\/#\\\/schema\\\/logo\\\/image\\\/\",\"url\":\"https:\\\/\\\/gooddealersmeds.com\\\/fi\\\/wp-content\\\/uploads\\\/sites\\\/6\\\/2022\\\/03\\\/gooddealersmeds__logo__20220317T222800Z.00.png\",\"contentUrl\":\"https:\\\/\\\/gooddealersmeds.com\\\/fi\\\/wp-content\\\/uploads\\\/sites\\\/6\\\/2022\\\/03\\\/gooddealersmeds__logo__20220317T222800Z.00.png\",\"width\":500,\"height\":325,\"caption\":\"Good Dealers Meds\"},\"image\":{\"@id\":\"https:\\\/\\\/gooddealersmeds.com\\\/fi\\\/#\\\/schema\\\/logo\\\/image\\\/\"}}]}<\/script>\n<!-- \/ Yoast SEO Premium plugin. -->","yoast_head_json":{"title":"Osta Oxycontin Online | Osta Oxy verkossa ilman resepti\u00e4","description":"Oxycontinia k\u00e4ytet\u00e4\u00e4n lievitt\u00e4m\u00e4\u00e4n vaikeaa kipua. Se vaikuttaa aivoihin saamaan kehon vastustamaan kipua. osta Oxycontin verkosta, osta oxy verkosta.","robots":{"index":"index","follow":"follow","max-snippet":"max-snippet:-1","max-image-preview":"max-image-preview:large","max-video-preview":"max-video-preview:-1"},"canonical":"https:\/\/gooddealersmeds.com\/fi\/product\/oksikontiini\/","og_locale":"en_US","og_type":"article","og_title":"Oxycontin myyt\u00e4v\u00e4n\u00e4","og_description":"Oxycontinia k\u00e4ytet\u00e4\u00e4n lievitt\u00e4m\u00e4\u00e4n vaikeaa kipua. Se vaikuttaa aivoihin saamaan kehon vastustamaan kipua. osta Oxycontin verkosta, osta oxy verkosta.","og_url":"https:\/\/gooddealersmeds.com\/fi\/product\/oksikontiini\/","og_site_name":"Good Dealers Meds","article_modified_time":"2022-10-03T18:16:02+00:00","og_image":[{"width":600,"height":450,"url":"https:\/\/gooddealersmeds.com\/fi\/wp-content\/uploads\/sites\/6\/2022\/03\/Buy-Oxycontin-online-one.jpg","type":"image\/jpeg"}],"twitter_card":"summary_large_image","twitter_misc":{"Est. reading time":"2 minutes"},"schema":{"@context":"https:\/\/schema.org","@graph":[{"@type":"WebPage","@id":"https:\/\/gooddealersmeds.com\/fi\/product\/oksikontiini\/","url":"https:\/\/gooddealersmeds.com\/fi\/product\/oksikontiini\/","name":"Osta Oxycontin Online | Osta Oxy verkossa ilman resepti\u00e4","isPartOf":{"@id":"https:\/\/gooddealersmeds.com\/fi\/#website"},"primaryImageOfPage":{"@id":"https:\/\/gooddealersmeds.com\/fi\/product\/oksikontiini\/#primaryimage"},"image":{"@id":"https:\/\/gooddealersmeds.com\/fi\/product\/oksikontiini\/#primaryimage"},"thumbnailUrl":"https:\/\/gooddealersmeds.com\/fi\/wp-content\/uploads\/sites\/6\/2022\/03\/Buy-Oxycontin-online-one.jpg","datePublished":"2022-03-18T00:24:33+00:00","dateModified":"2022-10-03T18:16:02+00:00","description":"Oxycontinia k\u00e4ytet\u00e4\u00e4n lievitt\u00e4m\u00e4\u00e4n vaikeaa kipua. Se vaikuttaa aivoihin saamaan kehon vastustamaan kipua. osta Oxycontin verkosta, osta oxy verkosta.","breadcrumb":{"@id":"https:\/\/gooddealersmeds.com\/fi\/product\/oksikontiini\/#breadcrumb"},"inLanguage":"en-US","potentialAction":[{"@type":"ReadAction","target":["https:\/\/gooddealersmeds.com\/fi\/product\/oksikontiini\/"]}]},{"@type":"ImageObject","inLanguage":"en-US","@id":"https:\/\/gooddealersmeds.com\/fi\/product\/oksikontiini\/#primaryimage","url":"https:\/\/gooddealersmeds.com\/fi\/wp-content\/uploads\/sites\/6\/2022\/03\/Buy-Oxycontin-online-one.jpg","contentUrl":"https:\/\/gooddealersmeds.com\/fi\/wp-content\/uploads\/sites\/6\/2022\/03\/Buy-Oxycontin-online-one.jpg","width":600,"height":450,"caption":"Buy Oxycontin Online"},{"@type":"BreadcrumbList","@id":"https:\/\/gooddealersmeds.com\/fi\/product\/oksikontiini\/#breadcrumb","itemListElement":[{"@type":"ListItem","position":1,"name":"Home","item":"https:\/\/gooddealersmeds.com\/fi\/"},{"@type":"ListItem","position":2,"name":"Tuotteet","item":"https:\/\/gooddealersmeds.com\/fi\/tuotteet\/"},{"@type":"ListItem","position":3,"name":"Oxycontin myyt\u00e4v\u00e4n\u00e4"}]},{"@type":"WebSite","@id":"https:\/\/gooddealersmeds.com\/fi\/#website","url":"https:\/\/gooddealersmeds.com\/fi\/","name":"Good Dealers Meds","description":"All our best","publisher":{"@id":"https:\/\/gooddealersmeds.com\/fi\/#organization"},"potentialAction":[{"@type":"SearchAction","target":{"@type":"EntryPoint","urlTemplate":"https:\/\/gooddealersmeds.com\/fi\/?s={search_term_string}"},"query-input":{"@type":"PropertyValueSpecification","valueRequired":true,"valueName":"search_term_string"}}],"inLanguage":"en-US"},{"@type":"Organization","@id":"https:\/\/gooddealersmeds.com\/fi\/#organization","name":"Good Dealers Meds","url":"https:\/\/gooddealersmeds.com\/fi\/","logo":{"@type":"ImageObject","inLanguage":"en-US","@id":"https:\/\/gooddealersmeds.com\/fi\/#\/schema\/logo\/image\/","url":"https:\/\/gooddealersmeds.com\/fi\/wp-content\/uploads\/sites\/6\/2022\/03\/gooddealersmeds__logo__20220317T222800Z.00.png","contentUrl":"https:\/\/gooddealersmeds.com\/fi\/wp-content\/uploads\/sites\/6\/2022\/03\/gooddealersmeds__logo__20220317T222800Z.00.png","width":500,"height":325,"caption":"Good Dealers Meds"},"image":{"@id":"https:\/\/gooddealersmeds.com\/fi\/#\/schema\/logo\/image\/"}}]}},"_links":{"self":[{"href":"https:\/\/gooddealersmeds.com\/fi\/wp-json\/wp\/v2\/product\/1544","targetHints":{"allow":["GET"]}}],"collection":[{"href":"https:\/\/gooddealersmeds.com\/fi\/wp-json\/wp\/v2\/product"}],"about":[{"href":"https:\/\/gooddealersmeds.com\/fi\/wp-json\/wp\/v2\/types\/product"}],"replies":[{"embeddable":true,"href":"https:\/\/gooddealersmeds.com\/fi\/wp-json\/wp\/v2\/comments?post=1544"}],"wp:featuredmedia":[{"embeddable":true,"href":"https:\/\/gooddealersmeds.com\/fi\/wp-json\/wp\/v2\/media\/1553"}],"wp:attachment":[{"href":"https:\/\/gooddealersmeds.com\/fi\/wp-json\/wp\/v2\/media?parent=1544"}],"wp:term":[{"taxonomy":"product_brand","embeddable":true,"href":"https:\/\/gooddealersmeds.com\/fi\/wp-json\/wp\/v2\/product_brand?post=1544"},{"taxonomy":"product_cat","embeddable":true,"href":"https:\/\/gooddealersmeds.com\/fi\/wp-json\/wp\/v2\/product_cat?post=1544"},{"taxonomy":"product_tag","embeddable":true,"href":"https:\/\/gooddealersmeds.com\/fi\/wp-json\/wp\/v2\/product_tag?post=1544"}],"curies":[{"name":"wp","href":"https:\/\/api.w.org\/{rel}","templated":true}]}}