{"id":1524,"date":"2022-03-17T23:13:27","date_gmt":"2022-03-17T23:13:27","guid":{"rendered":"https:\/\/gooddealersmeds.com\/fi\/?post_type=product&#038;p=1524"},"modified":"2022-10-03T18:16:16","modified_gmt":"2022-10-03T18:16:16","slug":"osta-adderall-verkosta","status":"publish","type":"product","link":"https:\/\/gooddealersmeds.com\/fi\/product\/osta-adderall-verkosta\/","title":{"rendered":"Osta Adderall verkossa"},"content":{"rendered":"<p>Useimmat asiakkaat, jotka etsiv\u00e4t 30 p\u00e4iv\u00e4n geneerist\u00e4 Adderall-valmistetta, haluavat ostaa ja t\u00e4ytt\u00e4\u00e4 reseptins\u00e4 hyv\u00e4maineisesta l\u00e4hteest\u00e4. Tavoitteemme on tarjota paikka, josta potilaat voivat saada reseptins\u00e4 vakuutusturvastaan \u200b\u200btai taloudellisesta tilanteestaan \u200b\u200briippumatta. Avullamme voit helposti ostaa Adderallin verkosta ja hallita reseptej\u00e4si!<\/p>\n<p>Yleinen Adderall (dekstroamfetamiini\/amfetamiini) on kahden keskushermostoa stimuloivan l\u00e4\u00e4kkeen seos, joita k\u00e4ytet\u00e4\u00e4n huomiokyvytt\u00f6myysh\u00e4iri\u00f6n eli ADHD:n hoitoon. Se toimii nostamalla noradrenaliinia ja dopamiinia, kahta aivoissa luonnostaan \u200b\u200besiintyv\u00e4\u00e4 kemikaalia, jotka stimuloivat aivojen toimintaa ja voivat auttaa sinua kiinnitt\u00e4m\u00e4\u00e4n huomiota, pysym\u00e4\u00e4n keskittyneen\u00e4 teht\u00e4v\u00e4\u00e4n ja hallitsemaan k\u00e4ytt\u00e4ytymisongelmia. Se toimii muuttamalla tiettyjen kemiallisten molekyylien m\u00e4\u00e4ri\u00e4 aivoissa.<\/p>\n<p>Amfetamiini\/dekstroamfetamiini kuuluu stimulanttien luokkaan. Se voi my\u00f6s auttaa ty\u00f6n organisoinnissa ja kuuntelutaitojen kehitt\u00e4misess\u00e4. T\u00e4t\u00e4 l\u00e4\u00e4kett\u00e4 k\u00e4ytet\u00e4\u00e4n my\u00f6s tietyn narkolepsia-nimisen unih\u00e4iri\u00f6n hoitoon auttamaan sinua pysym\u00e4\u00e4n hereill\u00e4 p\u00e4iv\u00e4n aikana. Sit\u00e4 ei tule k\u00e4ytt\u00e4\u00e4 v\u00e4symyksen hoitoon tai nukkumaanmenon lykk\u00e4\u00e4miseen niille, joilla ei ole unih\u00e4iri\u00f6it\u00e4.<\/p>\n<p>Annostus perustuu sairauteen ja hoitovasteeseen. Saadaksesi suurimmat hy\u00f6dyt t\u00e4st\u00e4 l\u00e4\u00e4kkeest\u00e4, ota se usein. Ota se samaan aikaan joka p\u00e4iv\u00e4 auttaaksesi muistia. T\u00e4m\u00e4n tuotteen sis\u00e4lt\u00e4m\u00e4t inaktiiviset kemikaalit voivat aiheuttaa allergisia reaktioita tai muita komplikaatioita.<\/p>\n<p>Oikeasta verkkoapteekista l\u00f6yd\u00e4t t\u00e4ytt\u00f6pakkauksia <a href=\"https:\/\/gooddealersmeds.com\/fi\/product\/buy\">Adderall<\/a> resepti kohtuulliseen hintaan. Haluamme murtaa esteet potilaiden ja heid\u00e4n el\u00e4m\u00e4\u00e4ns\u00e4 tarvitsemiensa l\u00e4\u00e4kkeiden v\u00e4lill\u00e4 minimaalisilla sivuvaikutuksilla. Kun hankit geneerisen Adderall-tuotteen kanssamme, saat k\u00e4ytt\u00f6\u00f6si edullisimman tavan hankkia ADHD-l\u00e4\u00e4kkeesi.<\/p>\n<p>Voit ostaa Adderallin verkosta osoitteesta <a href=\"https:\/\/gooddealersmeds.com \/fi\/products\/\">myym\u00e4l\u00e4<\/a>, jossa on turvallinen toimitus koko Euroopassamme.<\/p>\n","protected":false},"excerpt":{"rendered":"<p>ADHD ja narkolepsia ovat kaksi p\u00e4\u00e4sairautta, jotka voivat tuhota ihmisten yhteisen el\u00e4m\u00e4n kaikkialla maailmassa. ADHD on yleens\u00e4 huomiovaje-yliherkkyysh\u00e4iri\u00f6, jossa useimmat ihmiset eiv\u00e4t ehk\u00e4 pysty kiinnitt\u00e4m\u00e4\u00e4n huomiota tai keskittym\u00e4\u00e4n tiettyihin teht\u00e4viin ja asioihin el\u00e4m\u00e4ss\u00e4. T\u00e4m\u00e4 johtuu aivojen kemikaalien ep\u00e4tasapainosta, joka johtaa tarkkaamattomuuteen. Adderall-l\u00e4\u00e4kityst\u00e4 voidaan k\u00e4ytt\u00e4\u00e4 tarkkaamattomuuden, narkolepsian ja hyperaktiivisuuden hoitoon. H\u00e4mmentymisen tunne on hyvin yleist\u00e4 ADHD-h\u00e4iri\u00f6iden ja narkolepsian yhteydess\u00e4; ihmisill\u00e4 on taipumus nukkua jopa parittomina aikoina. Kaiken t\u00e4m\u00e4n j\u00e4lkeen Adderallista voi tulla tapa, jos sit\u00e4 k\u00e4ytet\u00e4\u00e4n v\u00e4\u00e4rin ilman l\u00e4\u00e4k\u00e4rin kuulemista. \u00c4l\u00e4 my\u00f6sk\u00e4\u00e4n anna Adderall 30 mg:aa tuntemattomille tuntemattomille tai yst\u00e4ville, joilla on aiemmin ollut huumeriippuvuus ja v\u00e4\u00e4rink\u00e4ytt\u00f6.<\/p>\n","protected":false},"featured_media":1532,"comment_status":"open","ping_status":"closed","template":"","meta":{"inline_featured_image":false},"product_brand":[],"product_cat":[346],"product_tag":[],"class_list":{"0":"post-1524","1":"product","2":"type-product","3":"status-publish","4":"has-post-thumbnail","6":"product_cat-piristeit","7":"pa_pills-100-pills","8":"pa_pills-1000-pills","9":"pa_pills-30-pills","10":"pa_pills-300-pills","11":"pa_pills-50-pills","12":"pa_pills-500-pills","14":"first","15":"instock","16":"featured","17":"shipping-taxable","18":"purchasable","19":"product-type-variable","20":"has-default-attributes"},"yoast_head":"<!-- This site is optimized with the Yoast SEO Premium plugin v20.6 (Yoast SEO v27.3) - https:\/\/yoast.com\/product\/yoast-seo-premium-wordpress\/ -->\n<title>Osta Adderall Online - Edullinen Adderall myyt\u00e4v\u00e4n\u00e4 30mg | Hyvien j\u00e4lleenmyyjien l\u00e4\u00e4kkeet<\/title>\n<meta name=\"description\" content=\"Osta adderall 30mg verkosta ilman resepti\u00e4 halvalla hinnalla Good Dealers Medsilta ADHD:n ja narkolepsian hoitoon.\" \/>\n<meta name=\"robots\" content=\"index, follow, max-snippet:-1, max-image-preview:large, max-video-preview:-1\" \/>\n<link rel=\"canonical\" href=\"https:\/\/gooddealersmeds.com\/fi\/product\/osta-adderall-verkosta\/\" \/>\n<meta property=\"og:locale\" content=\"en_US\" \/>\n<meta property=\"og:type\" content=\"article\" \/>\n<meta property=\"og:title\" content=\"Osta Adderall verkossa\" \/>\n<meta property=\"og:description\" content=\"Osta adderall 30mg verkosta ilman resepti\u00e4 halvalla hinnalla Good Dealers Medsilta ADHD:n ja narkolepsian hoitoon.\" \/>\n<meta property=\"og:url\" content=\"https:\/\/gooddealersmeds.com\/fi\/product\/osta-adderall-verkosta\/\" \/>\n<meta property=\"og:site_name\" content=\"Good Dealers Meds\" \/>\n<meta property=\"article:modified_time\" content=\"2022-10-03T18:16:16+00:00\" \/>\n<meta property=\"og:image\" content=\"https:\/\/gooddealersmeds.com\/fi\/wp-content\/uploads\/sites\/6\/2022\/03\/buy-adderall-online1.jpg\" \/>\n\t<meta property=\"og:image:width\" content=\"300\" \/>\n\t<meta property=\"og:image:height\" content=\"300\" \/>\n\t<meta property=\"og:image:type\" content=\"image\/jpeg\" \/>\n<meta name=\"twitter:card\" content=\"summary_large_image\" \/>\n<meta name=\"twitter:label1\" content=\"Est. reading time\" \/>\n\t<meta name=\"twitter:data1\" content=\"1 minute\" \/>\n<script type=\"application\/ld+json\" class=\"yoast-schema-graph\">{\"@context\":\"https:\\\/\\\/schema.org\",\"@graph\":[{\"@type\":\"WebPage\",\"@id\":\"https:\\\/\\\/gooddealersmeds.com\\\/fi\\\/product\\\/osta-adderall-verkosta\\\/\",\"url\":\"https:\\\/\\\/gooddealersmeds.com\\\/fi\\\/product\\\/osta-adderall-verkosta\\\/\",\"name\":\"Osta Adderall Online - Edullinen Adderall myyt\u00e4v\u00e4n\u00e4 30mg | Hyvien j\u00e4lleenmyyjien l\u00e4\u00e4kkeet\",\"isPartOf\":{\"@id\":\"https:\\\/\\\/gooddealersmeds.com\\\/fi\\\/#website\"},\"primaryImageOfPage\":{\"@id\":\"https:\\\/\\\/gooddealersmeds.com\\\/fi\\\/product\\\/osta-adderall-verkosta\\\/#primaryimage\"},\"image\":{\"@id\":\"https:\\\/\\\/gooddealersmeds.com\\\/fi\\\/product\\\/osta-adderall-verkosta\\\/#primaryimage\"},\"thumbnailUrl\":\"https:\\\/\\\/gooddealersmeds.com\\\/fi\\\/wp-content\\\/uploads\\\/sites\\\/6\\\/2022\\\/03\\\/buy-adderall-online1.jpg\",\"datePublished\":\"2022-03-17T23:13:27+00:00\",\"dateModified\":\"2022-10-03T18:16:16+00:00\",\"description\":\"Osta adderall 30mg verkosta ilman resepti\u00e4 halvalla hinnalla Good Dealers Medsilta ADHD:n ja narkolepsian hoitoon.\",\"breadcrumb\":{\"@id\":\"https:\\\/\\\/gooddealersmeds.com\\\/fi\\\/product\\\/osta-adderall-verkosta\\\/#breadcrumb\"},\"inLanguage\":\"en-US\",\"potentialAction\":[{\"@type\":\"ReadAction\",\"target\":[\"https:\\\/\\\/gooddealersmeds.com\\\/fi\\\/product\\\/osta-adderall-verkosta\\\/\"]}]},{\"@type\":\"ImageObject\",\"inLanguage\":\"en-US\",\"@id\":\"https:\\\/\\\/gooddealersmeds.com\\\/fi\\\/product\\\/osta-adderall-verkosta\\\/#primaryimage\",\"url\":\"https:\\\/\\\/gooddealersmeds.com\\\/fi\\\/wp-content\\\/uploads\\\/sites\\\/6\\\/2022\\\/03\\\/buy-adderall-online1.jpg\",\"contentUrl\":\"https:\\\/\\\/gooddealersmeds.com\\\/fi\\\/wp-content\\\/uploads\\\/sites\\\/6\\\/2022\\\/03\\\/buy-adderall-online1.jpg\",\"width\":300,\"height\":300,\"caption\":\"Buy Adderall Online\"},{\"@type\":\"BreadcrumbList\",\"@id\":\"https:\\\/\\\/gooddealersmeds.com\\\/fi\\\/product\\\/osta-adderall-verkosta\\\/#breadcrumb\",\"itemListElement\":[{\"@type\":\"ListItem\",\"position\":1,\"name\":\"Home\",\"item\":\"https:\\\/\\\/gooddealersmeds.com\\\/fi\\\/\"},{\"@type\":\"ListItem\",\"position\":2,\"name\":\"Tuotteet\",\"item\":\"https:\\\/\\\/gooddealersmeds.com\\\/fi\\\/tuotteet\\\/\"},{\"@type\":\"ListItem\",\"position\":3,\"name\":\"Osta Adderall verkossa\"}]},{\"@type\":\"WebSite\",\"@id\":\"https:\\\/\\\/gooddealersmeds.com\\\/fi\\\/#website\",\"url\":\"https:\\\/\\\/gooddealersmeds.com\\\/fi\\\/\",\"name\":\"Good Dealers Meds\",\"description\":\"All our best\",\"publisher\":{\"@id\":\"https:\\\/\\\/gooddealersmeds.com\\\/fi\\\/#organization\"},\"potentialAction\":[{\"@type\":\"SearchAction\",\"target\":{\"@type\":\"EntryPoint\",\"urlTemplate\":\"https:\\\/\\\/gooddealersmeds.com\\\/fi\\\/?s={search_term_string}\"},\"query-input\":{\"@type\":\"PropertyValueSpecification\",\"valueRequired\":true,\"valueName\":\"search_term_string\"}}],\"inLanguage\":\"en-US\"},{\"@type\":\"Organization\",\"@id\":\"https:\\\/\\\/gooddealersmeds.com\\\/fi\\\/#organization\",\"name\":\"Good Dealers Meds\",\"url\":\"https:\\\/\\\/gooddealersmeds.com\\\/fi\\\/\",\"logo\":{\"@type\":\"ImageObject\",\"inLanguage\":\"en-US\",\"@id\":\"https:\\\/\\\/gooddealersmeds.com\\\/fi\\\/#\\\/schema\\\/logo\\\/image\\\/\",\"url\":\"https:\\\/\\\/gooddealersmeds.com\\\/fi\\\/wp-content\\\/uploads\\\/sites\\\/6\\\/2022\\\/03\\\/gooddealersmeds__logo__20220317T222800Z.00.png\",\"contentUrl\":\"https:\\\/\\\/gooddealersmeds.com\\\/fi\\\/wp-content\\\/uploads\\\/sites\\\/6\\\/2022\\\/03\\\/gooddealersmeds__logo__20220317T222800Z.00.png\",\"width\":500,\"height\":325,\"caption\":\"Good Dealers Meds\"},\"image\":{\"@id\":\"https:\\\/\\\/gooddealersmeds.com\\\/fi\\\/#\\\/schema\\\/logo\\\/image\\\/\"}}]}<\/script>\n<!-- \/ Yoast SEO Premium plugin. -->","yoast_head_json":{"title":"Osta Adderall Online - Edullinen Adderall myyt\u00e4v\u00e4n\u00e4 30mg | Hyvien j\u00e4lleenmyyjien l\u00e4\u00e4kkeet","description":"Osta adderall 30mg verkosta ilman resepti\u00e4 halvalla hinnalla Good Dealers Medsilta ADHD:n ja narkolepsian hoitoon.","robots":{"index":"index","follow":"follow","max-snippet":"max-snippet:-1","max-image-preview":"max-image-preview:large","max-video-preview":"max-video-preview:-1"},"canonical":"https:\/\/gooddealersmeds.com\/fi\/product\/osta-adderall-verkosta\/","og_locale":"en_US","og_type":"article","og_title":"Osta Adderall verkossa","og_description":"Osta adderall 30mg verkosta ilman resepti\u00e4 halvalla hinnalla Good Dealers Medsilta ADHD:n ja narkolepsian hoitoon.","og_url":"https:\/\/gooddealersmeds.com\/fi\/product\/osta-adderall-verkosta\/","og_site_name":"Good Dealers Meds","article_modified_time":"2022-10-03T18:16:16+00:00","og_image":[{"width":300,"height":300,"url":"https:\/\/gooddealersmeds.com\/fi\/wp-content\/uploads\/sites\/6\/2022\/03\/buy-adderall-online1.jpg","type":"image\/jpeg"}],"twitter_card":"summary_large_image","twitter_misc":{"Est. reading time":"1 minute"},"schema":{"@context":"https:\/\/schema.org","@graph":[{"@type":"WebPage","@id":"https:\/\/gooddealersmeds.com\/fi\/product\/osta-adderall-verkosta\/","url":"https:\/\/gooddealersmeds.com\/fi\/product\/osta-adderall-verkosta\/","name":"Osta Adderall Online - Edullinen Adderall myyt\u00e4v\u00e4n\u00e4 30mg | Hyvien j\u00e4lleenmyyjien l\u00e4\u00e4kkeet","isPartOf":{"@id":"https:\/\/gooddealersmeds.com\/fi\/#website"},"primaryImageOfPage":{"@id":"https:\/\/gooddealersmeds.com\/fi\/product\/osta-adderall-verkosta\/#primaryimage"},"image":{"@id":"https:\/\/gooddealersmeds.com\/fi\/product\/osta-adderall-verkosta\/#primaryimage"},"thumbnailUrl":"https:\/\/gooddealersmeds.com\/fi\/wp-content\/uploads\/sites\/6\/2022\/03\/buy-adderall-online1.jpg","datePublished":"2022-03-17T23:13:27+00:00","dateModified":"2022-10-03T18:16:16+00:00","description":"Osta adderall 30mg verkosta ilman resepti\u00e4 halvalla hinnalla Good Dealers Medsilta ADHD:n ja narkolepsian hoitoon.","breadcrumb":{"@id":"https:\/\/gooddealersmeds.com\/fi\/product\/osta-adderall-verkosta\/#breadcrumb"},"inLanguage":"en-US","potentialAction":[{"@type":"ReadAction","target":["https:\/\/gooddealersmeds.com\/fi\/product\/osta-adderall-verkosta\/"]}]},{"@type":"ImageObject","inLanguage":"en-US","@id":"https:\/\/gooddealersmeds.com\/fi\/product\/osta-adderall-verkosta\/#primaryimage","url":"https:\/\/gooddealersmeds.com\/fi\/wp-content\/uploads\/sites\/6\/2022\/03\/buy-adderall-online1.jpg","contentUrl":"https:\/\/gooddealersmeds.com\/fi\/wp-content\/uploads\/sites\/6\/2022\/03\/buy-adderall-online1.jpg","width":300,"height":300,"caption":"Buy Adderall Online"},{"@type":"BreadcrumbList","@id":"https:\/\/gooddealersmeds.com\/fi\/product\/osta-adderall-verkosta\/#breadcrumb","itemListElement":[{"@type":"ListItem","position":1,"name":"Home","item":"https:\/\/gooddealersmeds.com\/fi\/"},{"@type":"ListItem","position":2,"name":"Tuotteet","item":"https:\/\/gooddealersmeds.com\/fi\/tuotteet\/"},{"@type":"ListItem","position":3,"name":"Osta Adderall verkossa"}]},{"@type":"WebSite","@id":"https:\/\/gooddealersmeds.com\/fi\/#website","url":"https:\/\/gooddealersmeds.com\/fi\/","name":"Good Dealers Meds","description":"All our best","publisher":{"@id":"https:\/\/gooddealersmeds.com\/fi\/#organization"},"potentialAction":[{"@type":"SearchAction","target":{"@type":"EntryPoint","urlTemplate":"https:\/\/gooddealersmeds.com\/fi\/?s={search_term_string}"},"query-input":{"@type":"PropertyValueSpecification","valueRequired":true,"valueName":"search_term_string"}}],"inLanguage":"en-US"},{"@type":"Organization","@id":"https:\/\/gooddealersmeds.com\/fi\/#organization","name":"Good Dealers Meds","url":"https:\/\/gooddealersmeds.com\/fi\/","logo":{"@type":"ImageObject","inLanguage":"en-US","@id":"https:\/\/gooddealersmeds.com\/fi\/#\/schema\/logo\/image\/","url":"https:\/\/gooddealersmeds.com\/fi\/wp-content\/uploads\/sites\/6\/2022\/03\/gooddealersmeds__logo__20220317T222800Z.00.png","contentUrl":"https:\/\/gooddealersmeds.com\/fi\/wp-content\/uploads\/sites\/6\/2022\/03\/gooddealersmeds__logo__20220317T222800Z.00.png","width":500,"height":325,"caption":"Good Dealers Meds"},"image":{"@id":"https:\/\/gooddealersmeds.com\/fi\/#\/schema\/logo\/image\/"}}]}},"_links":{"self":[{"href":"https:\/\/gooddealersmeds.com\/fi\/wp-json\/wp\/v2\/product\/1524","targetHints":{"allow":["GET"]}}],"collection":[{"href":"https:\/\/gooddealersmeds.com\/fi\/wp-json\/wp\/v2\/product"}],"about":[{"href":"https:\/\/gooddealersmeds.com\/fi\/wp-json\/wp\/v2\/types\/product"}],"replies":[{"embeddable":true,"href":"https:\/\/gooddealersmeds.com\/fi\/wp-json\/wp\/v2\/comments?post=1524"}],"wp:featuredmedia":[{"embeddable":true,"href":"https:\/\/gooddealersmeds.com\/fi\/wp-json\/wp\/v2\/media\/1532"}],"wp:attachment":[{"href":"https:\/\/gooddealersmeds.com\/fi\/wp-json\/wp\/v2\/media?parent=1524"}],"wp:term":[{"taxonomy":"product_brand","embeddable":true,"href":"https:\/\/gooddealersmeds.com\/fi\/wp-json\/wp\/v2\/product_brand?post=1524"},{"taxonomy":"product_cat","embeddable":true,"href":"https:\/\/gooddealersmeds.com\/fi\/wp-json\/wp\/v2\/product_cat?post=1524"},{"taxonomy":"product_tag","embeddable":true,"href":"https:\/\/gooddealersmeds.com\/fi\/wp-json\/wp\/v2\/product_tag?post=1524"}],"curies":[{"name":"wp","href":"https:\/\/api.w.org\/{rel}","templated":true}]}}