{"id":2224,"date":"2023-01-08T19:01:23","date_gmt":"2023-01-08T19:01:23","guid":{"rendered":"https:\/\/gooddealersmeds.com\/es\/?post_type=product&#038;p=2224"},"modified":"2025-01-09T11:30:39","modified_gmt":"2025-01-09T11:30:39","slug":"comprar-cianuro-de-potasio","status":"publish","type":"product","link":"https:\/\/gooddealersmeds.com\/es\/product\/comprar-cianuro-de-potasio\/","title":{"rendered":"Comprar cianuro de potasio"},"content":{"rendered":"<h2>Compre cianuro de potasio en l\u00ednea<strong><br \/>\n<\/strong><\/h2>\n<p>El cianuro de potasio es una sal altamente t\u00f3xica de cianuro inorg\u00e1nico que las personas pueden usar como sustituto del cianuro de sodio m\u00e1s popular. Comprar cianuro de potasio en l\u00ednea =\u00a0 Su f\u00f3rmula qu\u00edmica es KCN. Las personas toman principalmente cianuro de potasio en forma de tabletas o polvo. Si nos env\u00eda, la dosis disponible es una p\u00edldora oral de 300 mg y un pedido m\u00ednimo de 100 gramos en forma de polvo, compre cianuro de potasio legal, compre cianuro de potasio en Canad\u00e1, compre cianuro de potasio en EE. UU., compre cianuro de potasio en Australia, compre cianuro de potasio, compre potasio comprar cianuro de potasio cerca de m\u00ed, comprar cianuro de potasio venenoso, comprar cianuro de potasio, comprar oro de cianuro de potasio, comprar cianuro de potasio Australia, comprar cianuro de potasio a granel, d\u00f3nde puedo comprar cianuro de potasio en Londres, comprar cianuro de potasio al por mayor, Comprar cianuro de potasio en l\u00ednea<\/p>\n<p>&nbsp;<\/p>\n<p>Nuestro laboratorio fabrica y distribuye potasio de la mejor calidad que es un compuesto cristalino incoloro. Nuestro cianuro de potasio es conocido por los comerciantes de joyer\u00eda por sus propiedades extremas y excepcionales de pulido y dorado qu\u00edmico de alta calidad. Nuestra miner\u00eda de oro. S\u00edntesis org\u00e1nica. y los clientes de galvanoplastia nunca han buscado en ninguna parte desde que probaron nuestro cianuro de potasio. El cianuro de potasio se ofrece en forma de polvo o tabletas cil\u00edndricas, cada una de las cuales pesa 100 gramos. Es un compuesto inorg\u00e1nico con la f\u00f3rmula KCN. Este compuesto cristalino incoloro. similar en apariencia al az\u00facar. es altamente soluble en agua. La mayor parte de KCN se utiliza en la extracci\u00f3n de oro. S\u00edntesis org\u00e1nica. cometer suicidio y galvanoplastia. Ordene cianuro de potasio en l\u00ednea, cianuro de potasio a la venta<\/p>\n","protected":false},"excerpt":{"rendered":"<p>Compre cianuro de potasio en l\u00ednea a precios asequibles y rec\u00edbalo en la puerta de su casa. Enviamos a todo el mundo. Venta de cianuro de potasio<\/p>\n","protected":false},"featured_media":2254,"comment_status":"open","ping_status":"closed","template":"","meta":{"inline_featured_image":false},"product_brand":[],"product_cat":[343],"product_tag":[],"class_list":{"0":"post-2224","1":"product","2":"type-product","3":"status-publish","4":"has-post-thumbnail","6":"product_cat-otros","8":"first","9":"instock","10":"shipping-taxable","11":"purchasable","12":"product-type-variable","13":"has-default-attributes"},"yoast_head":"<!-- This site is optimized with the Yoast SEO Premium plugin v20.6 (Yoast SEO v27.4) - https:\/\/yoast.com\/product\/yoast-seo-premium-wordpress\/ -->\n<title>Comprar cianuro de potasio en l\u00ednea | Venta de cianuro de potasio<\/title>\n<meta name=\"description\" content=\"Comprar cianuro de potasio en l\u00ednea a precios asequibles y rec\u00edbalo en la puerta de su casa. Enviamos a todo el mundo. Venta de cianuro de potasio\" \/>\n<meta name=\"robots\" content=\"index, follow, max-snippet:-1, max-image-preview:large, max-video-preview:-1\" \/>\n<link rel=\"canonical\" href=\"https:\/\/gooddealersmeds.com\/es\/product\/comprar-cianuro-de-potasio\/\" \/>\n<meta property=\"og:locale\" content=\"en_US\" \/>\n<meta property=\"og:type\" content=\"article\" \/>\n<meta property=\"og:title\" content=\"Comprar cianuro de potasio\" \/>\n<meta property=\"og:description\" content=\"Comprar cianuro de potasio en l\u00ednea a precios asequibles y rec\u00edbalo en la puerta de su casa. Enviamos a todo el mundo. Venta de cianuro de potasio\" \/>\n<meta property=\"og:url\" content=\"https:\/\/gooddealersmeds.com\/es\/product\/comprar-cianuro-de-potasio\/\" \/>\n<meta property=\"og:site_name\" content=\"Good Dealers Meds\" \/>\n<meta property=\"article:modified_time\" content=\"2025-01-09T11:30:39+00:00\" \/>\n<meta property=\"og:image\" content=\"https:\/\/gooddealersmeds.com\/es\/wp-content\/uploads\/sites\/4\/2023\/01\/potassium-cyanide.jpg\" \/>\n\t<meta property=\"og:image:width\" content=\"503\" \/>\n\t<meta property=\"og:image:height\" content=\"505\" \/>\n\t<meta property=\"og:image:type\" content=\"image\/jpeg\" \/>\n<meta name=\"twitter:card\" content=\"summary_large_image\" \/>\n<meta name=\"twitter:label1\" content=\"Est. reading time\" \/>\n\t<meta name=\"twitter:data1\" content=\"2 minutes\" \/>\n<script type=\"application\/ld+json\" class=\"yoast-schema-graph\">{\"@context\":\"https:\\\/\\\/schema.org\",\"@graph\":[{\"@type\":\"WebPage\",\"@id\":\"https:\\\/\\\/gooddealersmeds.com\\\/es\\\/product\\\/comprar-cianuro-de-potasio\\\/\",\"url\":\"https:\\\/\\\/gooddealersmeds.com\\\/es\\\/product\\\/comprar-cianuro-de-potasio\\\/\",\"name\":\"Comprar cianuro de potasio en l\u00ednea | Venta de cianuro de potasio\",\"isPartOf\":{\"@id\":\"https:\\\/\\\/gooddealersmeds.com\\\/es\\\/#website\"},\"primaryImageOfPage\":{\"@id\":\"https:\\\/\\\/gooddealersmeds.com\\\/es\\\/product\\\/comprar-cianuro-de-potasio\\\/#primaryimage\"},\"image\":{\"@id\":\"https:\\\/\\\/gooddealersmeds.com\\\/es\\\/product\\\/comprar-cianuro-de-potasio\\\/#primaryimage\"},\"thumbnailUrl\":\"https:\\\/\\\/gooddealersmeds.com\\\/es\\\/wp-content\\\/uploads\\\/sites\\\/4\\\/2023\\\/01\\\/potassium-cyanide.jpg\",\"datePublished\":\"2023-01-08T19:01:23+00:00\",\"dateModified\":\"2025-01-09T11:30:39+00:00\",\"description\":\"Comprar cianuro de potasio en l\u00ednea a precios asequibles y rec\u00edbalo en la puerta de su casa. Enviamos a todo el mundo. Venta de cianuro de potasio\",\"breadcrumb\":{\"@id\":\"https:\\\/\\\/gooddealersmeds.com\\\/es\\\/product\\\/comprar-cianuro-de-potasio\\\/#breadcrumb\"},\"inLanguage\":\"en-US\",\"potentialAction\":[{\"@type\":\"ReadAction\",\"target\":[\"https:\\\/\\\/gooddealersmeds.com\\\/es\\\/product\\\/comprar-cianuro-de-potasio\\\/\"]}]},{\"@type\":\"ImageObject\",\"inLanguage\":\"en-US\",\"@id\":\"https:\\\/\\\/gooddealersmeds.com\\\/es\\\/product\\\/comprar-cianuro-de-potasio\\\/#primaryimage\",\"url\":\"https:\\\/\\\/gooddealersmeds.com\\\/es\\\/wp-content\\\/uploads\\\/sites\\\/4\\\/2023\\\/01\\\/potassium-cyanide.jpg\",\"contentUrl\":\"https:\\\/\\\/gooddealersmeds.com\\\/es\\\/wp-content\\\/uploads\\\/sites\\\/4\\\/2023\\\/01\\\/potassium-cyanide.jpg\",\"width\":503,\"height\":505},{\"@type\":\"BreadcrumbList\",\"@id\":\"https:\\\/\\\/gooddealersmeds.com\\\/es\\\/product\\\/comprar-cianuro-de-potasio\\\/#breadcrumb\",\"itemListElement\":[{\"@type\":\"ListItem\",\"position\":1,\"name\":\"Home\",\"item\":\"https:\\\/\\\/gooddealersmeds.com\\\/es\\\/\"},{\"@type\":\"ListItem\",\"position\":2,\"name\":\"Productos\",\"item\":\"https:\\\/\\\/gooddealersmeds.com\\\/es\\\/productos\\\/\"},{\"@type\":\"ListItem\",\"position\":3,\"name\":\"Comprar cianuro de potasio\"}]},{\"@type\":\"WebSite\",\"@id\":\"https:\\\/\\\/gooddealersmeds.com\\\/es\\\/#website\",\"url\":\"https:\\\/\\\/gooddealersmeds.com\\\/es\\\/\",\"name\":\"Good Dealers Meds\",\"description\":\"All our best\",\"publisher\":{\"@id\":\"https:\\\/\\\/gooddealersmeds.com\\\/es\\\/#organization\"},\"potentialAction\":[{\"@type\":\"SearchAction\",\"target\":{\"@type\":\"EntryPoint\",\"urlTemplate\":\"https:\\\/\\\/gooddealersmeds.com\\\/es\\\/?s={search_term_string}\"},\"query-input\":{\"@type\":\"PropertyValueSpecification\",\"valueRequired\":true,\"valueName\":\"search_term_string\"}}],\"inLanguage\":\"en-US\"},{\"@type\":\"Organization\",\"@id\":\"https:\\\/\\\/gooddealersmeds.com\\\/es\\\/#organization\",\"name\":\"Good Dealers Meds\",\"url\":\"https:\\\/\\\/gooddealersmeds.com\\\/es\\\/\",\"logo\":{\"@type\":\"ImageObject\",\"inLanguage\":\"en-US\",\"@id\":\"https:\\\/\\\/gooddealersmeds.com\\\/es\\\/#\\\/schema\\\/logo\\\/image\\\/\",\"url\":\"https:\\\/\\\/gooddealersmeds.com\\\/es\\\/wp-content\\\/uploads\\\/sites\\\/4\\\/2022\\\/03\\\/gooddealersmeds__logo__20220317T222800Z.00.png\",\"contentUrl\":\"https:\\\/\\\/gooddealersmeds.com\\\/es\\\/wp-content\\\/uploads\\\/sites\\\/4\\\/2022\\\/03\\\/gooddealersmeds__logo__20220317T222800Z.00.png\",\"width\":500,\"height\":325,\"caption\":\"Good Dealers Meds\"},\"image\":{\"@id\":\"https:\\\/\\\/gooddealersmeds.com\\\/es\\\/#\\\/schema\\\/logo\\\/image\\\/\"}}]}<\/script>\n<!-- \/ Yoast SEO Premium plugin. -->","yoast_head_json":{"title":"Comprar cianuro de potasio en l\u00ednea | Venta de cianuro de potasio","description":"Comprar cianuro de potasio en l\u00ednea a precios asequibles y rec\u00edbalo en la puerta de su casa. Enviamos a todo el mundo. Venta de cianuro de potasio","robots":{"index":"index","follow":"follow","max-snippet":"max-snippet:-1","max-image-preview":"max-image-preview:large","max-video-preview":"max-video-preview:-1"},"canonical":"https:\/\/gooddealersmeds.com\/es\/product\/comprar-cianuro-de-potasio\/","og_locale":"en_US","og_type":"article","og_title":"Comprar cianuro de potasio","og_description":"Comprar cianuro de potasio en l\u00ednea a precios asequibles y rec\u00edbalo en la puerta de su casa. Enviamos a todo el mundo. Venta de cianuro de potasio","og_url":"https:\/\/gooddealersmeds.com\/es\/product\/comprar-cianuro-de-potasio\/","og_site_name":"Good Dealers Meds","article_modified_time":"2025-01-09T11:30:39+00:00","og_image":[{"width":503,"height":505,"url":"https:\/\/gooddealersmeds.com\/es\/wp-content\/uploads\/sites\/4\/2023\/01\/potassium-cyanide.jpg","type":"image\/jpeg"}],"twitter_card":"summary_large_image","twitter_misc":{"Est. reading time":"2 minutes"},"schema":{"@context":"https:\/\/schema.org","@graph":[{"@type":"WebPage","@id":"https:\/\/gooddealersmeds.com\/es\/product\/comprar-cianuro-de-potasio\/","url":"https:\/\/gooddealersmeds.com\/es\/product\/comprar-cianuro-de-potasio\/","name":"Comprar cianuro de potasio en l\u00ednea | Venta de cianuro de potasio","isPartOf":{"@id":"https:\/\/gooddealersmeds.com\/es\/#website"},"primaryImageOfPage":{"@id":"https:\/\/gooddealersmeds.com\/es\/product\/comprar-cianuro-de-potasio\/#primaryimage"},"image":{"@id":"https:\/\/gooddealersmeds.com\/es\/product\/comprar-cianuro-de-potasio\/#primaryimage"},"thumbnailUrl":"https:\/\/gooddealersmeds.com\/es\/wp-content\/uploads\/sites\/4\/2023\/01\/potassium-cyanide.jpg","datePublished":"2023-01-08T19:01:23+00:00","dateModified":"2025-01-09T11:30:39+00:00","description":"Comprar cianuro de potasio en l\u00ednea a precios asequibles y rec\u00edbalo en la puerta de su casa. Enviamos a todo el mundo. Venta de cianuro de potasio","breadcrumb":{"@id":"https:\/\/gooddealersmeds.com\/es\/product\/comprar-cianuro-de-potasio\/#breadcrumb"},"inLanguage":"en-US","potentialAction":[{"@type":"ReadAction","target":["https:\/\/gooddealersmeds.com\/es\/product\/comprar-cianuro-de-potasio\/"]}]},{"@type":"ImageObject","inLanguage":"en-US","@id":"https:\/\/gooddealersmeds.com\/es\/product\/comprar-cianuro-de-potasio\/#primaryimage","url":"https:\/\/gooddealersmeds.com\/es\/wp-content\/uploads\/sites\/4\/2023\/01\/potassium-cyanide.jpg","contentUrl":"https:\/\/gooddealersmeds.com\/es\/wp-content\/uploads\/sites\/4\/2023\/01\/potassium-cyanide.jpg","width":503,"height":505},{"@type":"BreadcrumbList","@id":"https:\/\/gooddealersmeds.com\/es\/product\/comprar-cianuro-de-potasio\/#breadcrumb","itemListElement":[{"@type":"ListItem","position":1,"name":"Home","item":"https:\/\/gooddealersmeds.com\/es\/"},{"@type":"ListItem","position":2,"name":"Productos","item":"https:\/\/gooddealersmeds.com\/es\/productos\/"},{"@type":"ListItem","position":3,"name":"Comprar cianuro de potasio"}]},{"@type":"WebSite","@id":"https:\/\/gooddealersmeds.com\/es\/#website","url":"https:\/\/gooddealersmeds.com\/es\/","name":"Good Dealers Meds","description":"All our best","publisher":{"@id":"https:\/\/gooddealersmeds.com\/es\/#organization"},"potentialAction":[{"@type":"SearchAction","target":{"@type":"EntryPoint","urlTemplate":"https:\/\/gooddealersmeds.com\/es\/?s={search_term_string}"},"query-input":{"@type":"PropertyValueSpecification","valueRequired":true,"valueName":"search_term_string"}}],"inLanguage":"en-US"},{"@type":"Organization","@id":"https:\/\/gooddealersmeds.com\/es\/#organization","name":"Good Dealers Meds","url":"https:\/\/gooddealersmeds.com\/es\/","logo":{"@type":"ImageObject","inLanguage":"en-US","@id":"https:\/\/gooddealersmeds.com\/es\/#\/schema\/logo\/image\/","url":"https:\/\/gooddealersmeds.com\/es\/wp-content\/uploads\/sites\/4\/2022\/03\/gooddealersmeds__logo__20220317T222800Z.00.png","contentUrl":"https:\/\/gooddealersmeds.com\/es\/wp-content\/uploads\/sites\/4\/2022\/03\/gooddealersmeds__logo__20220317T222800Z.00.png","width":500,"height":325,"caption":"Good Dealers Meds"},"image":{"@id":"https:\/\/gooddealersmeds.com\/es\/#\/schema\/logo\/image\/"}}]}},"_links":{"self":[{"href":"https:\/\/gooddealersmeds.com\/es\/wp-json\/wp\/v2\/product\/2224","targetHints":{"allow":["GET"]}}],"collection":[{"href":"https:\/\/gooddealersmeds.com\/es\/wp-json\/wp\/v2\/product"}],"about":[{"href":"https:\/\/gooddealersmeds.com\/es\/wp-json\/wp\/v2\/types\/product"}],"replies":[{"embeddable":true,"href":"https:\/\/gooddealersmeds.com\/es\/wp-json\/wp\/v2\/comments?post=2224"}],"wp:featuredmedia":[{"embeddable":true,"href":"https:\/\/gooddealersmeds.com\/es\/wp-json\/wp\/v2\/media\/2254"}],"wp:attachment":[{"href":"https:\/\/gooddealersmeds.com\/es\/wp-json\/wp\/v2\/media?parent=2224"}],"wp:term":[{"taxonomy":"product_brand","embeddable":true,"href":"https:\/\/gooddealersmeds.com\/es\/wp-json\/wp\/v2\/product_brand?post=2224"},{"taxonomy":"product_cat","embeddable":true,"href":"https:\/\/gooddealersmeds.com\/es\/wp-json\/wp\/v2\/product_cat?post=2224"},{"taxonomy":"product_tag","embeddable":true,"href":"https:\/\/gooddealersmeds.com\/es\/wp-json\/wp\/v2\/product_tag?post=2224"}],"curies":[{"name":"wp","href":"https:\/\/api.w.org\/{rel}","templated":true}]}}