{"id":2223,"date":"2023-01-08T19:01:23","date_gmt":"2023-01-08T19:01:23","guid":{"rendered":"https:\/\/gooddealersmeds.com\/es\/?post_type=product&#038;p=2223"},"modified":"2023-03-12T03:37:47","modified_gmt":"2023-03-12T03:37:47","slug":"gamma-butirolactona-gbl-liquida","status":"publish","type":"product","link":"https:\/\/gooddealersmeds.com\/es\/product\/gamma-butirolactona-gbl-liquida\/","title":{"rendered":"Gamma Butirolactona (Gbl) L\u00edquida"},"content":{"rendered":"<h2>D\u00f3nde comprar GBL, comprar gamma butirolactona en l\u00ednea<\/h2>\n<p>Compre gamma butirolactona en l\u00ednea. D\u00f3nde comprar GBL, se ha encontrado gamma-butirolactona en extractos de muestras de vinos no adulterados. Este hallazgo indica que\u00a0<a href=\"https:\/\/gooddealersmeds.com\/es\/product\/gamma-butirolactona-gbl-liquida\/\">GBL<\/a>\u00a0es un componente natural en algunos vinos y puede estar presente en productos similares. La concentraci\u00f3n detectada fue de aproximadamente 5 \u00b5g\/mL y se observ\u00f3 f\u00e1cilmente usando una t\u00e9cnica de extracci\u00f3n simple seguida de an\u00e1lisis GC\/MS. El GBL se puede encontrar en los saborizantes de queso, pero por lo general da como resultado un contenido de 0,0002\u00a0% de\u00a0GBL\u00a0en el producto alimenticio final.<\/p>\n<p>La gamma butirolactona es una sustancia qu\u00edmica. La gente lo usa como medicina. Tenga cuidado de no confundir la butirolactona gamma (GBL) con el hidroxibutirato gamma (GHB). A pesar de las serias preocupaciones de seguridad y la ilegalidad, las personas toman butirolactona gamma para mejorar el rendimiento deportivo, el sue\u00f1o y el placer y el rendimiento sexual. Compre gamma butirolactona en l\u00ednea, investigue productos qu\u00edmicos en l\u00ednea en Europa<\/p>\n<p>Nuestras ventajas. D\u00f3nde pedir gamma-butirolactona<\/p>\n<p>\u2013 Vendemos productos de alta calidad de los mejores productores,<\/p>\n<p>-los productos ofrecidos est\u00e1n disponibles en el almac\u00e9n,<\/p>\n<p>-los env\u00edos est\u00e1n muy bien embalados,<\/p>\n<p>-El env\u00edo siempre se realiza en el ritmo expreso,<\/p>\n<p>-Somos una empresa que opera legalmente.<\/p>\n<p>-siempre obtiene recibo o factura de los bienes adquiridos.<\/p>\n<p>GoodDealChem ofrece la mejor gamma-butirolactona. Vendemos productos de buena calidad. D\u00f3nde comprar gamma-butirolactona.<\/p>\n<p>ordenar gamma-butirolactona en EE. UU., ordenar gamma-butirolactona en Amazon, ordenar gamma-butirolactona en l\u00ednea EE. UU., compra de limpiador de gamma-butirolactona en EE. UU., d\u00f3nde pedir gamma butirolactona, limpiador de gamma-butirolactona en EE. , ordenar gamma-butirolactona en l\u00ednea australia, gamma-butirolactona en l\u00ednea para la venta, limpiador m\u00e1gico gamma-butirolactona, ordenar gamma-butirolactona en l\u00ednea india, proveedores de gamma-butirolactona, limpiador de gamma-butirolactona amazon, el mejor lugar para ordenar gamma-butirolactona, gamma-butirolactona a la venta, gamma butirolactona ebay, el mejor lugar para ordenar gamma-butirolactona,\u00a0<b><\/b><\/p>\n<p>Descripci\u00f3n<br \/>\nL\u00edquido incoloro (comprado en botellas peque\u00f1as), c\u00e1psulas de colores.<br \/>\nuso terap\u00e9utico<br \/>\nAnest\u00e9sico con calidad sedante. El GHB se ha utilizado como premedicaci\u00f3n para la cirug\u00eda y, m\u00e1s recientemente, se ha utilizado en el tratamiento de los trastornos del sue\u00f1o.<br \/>\nLa abstinencia produce un estado agitado, como ocurre con otros tipos de f\u00e1rmacos sedantes.<\/p>\n","protected":false},"excerpt":{"rendered":"<p>Suministramos GBL de alta pureza en todo el mundo. D\u00f3nde comprar GBL. Nuestra calidad es la mejor que puede encontrar. Pida GBL aqu\u00ed con env\u00edo expr\u00e9s.<\/p>\n","protected":false},"featured_media":2253,"comment_status":"open","ping_status":"closed","template":"","meta":{"inline_featured_image":false},"product_brand":[],"product_cat":[344],"product_tag":[],"class_list":{"0":"post-2223","1":"product","2":"type-product","3":"status-publish","4":"has-post-thumbnail","6":"product_cat-productos-qumicos-de-investigacin","8":"first","9":"instock","10":"shipping-taxable","11":"purchasable","12":"product-type-variable","13":"has-default-attributes"},"yoast_head":"<!-- This site is optimized with the Yoast SEO Premium plugin v20.6 (Yoast SEO v27.3) - https:\/\/yoast.com\/product\/yoast-seo-premium-wordpress\/ -->\n<title>D\u00f3nde comprar GBL | GBL en venta | Ordene GBL en l\u00ednea | Compra GBL.<\/title>\n<meta name=\"description\" content=\"Suministramos GBL de alta pureza en todo el mundo. D\u00f3nde comprar GBL. Nuestra calidad es la mejor que puede encontrar. Pida GBL aqu\u00ed con env\u00edo expr\u00e9s.\" \/>\n<meta name=\"robots\" content=\"index, follow, max-snippet:-1, max-image-preview:large, max-video-preview:-1\" \/>\n<link rel=\"canonical\" href=\"https:\/\/gooddealersmeds.com\/es\/product\/gamma-butirolactona-gbl-liquida\/\" \/>\n<meta property=\"og:locale\" content=\"en_US\" \/>\n<meta property=\"og:type\" content=\"article\" \/>\n<meta property=\"og:title\" content=\"Gamma Butirolactona (Gbl) L\u00edquida\" \/>\n<meta property=\"og:description\" content=\"Suministramos GBL de alta pureza en todo el mundo. D\u00f3nde comprar GBL. Nuestra calidad es la mejor que puede encontrar. Pida GBL aqu\u00ed con env\u00edo expr\u00e9s.\" \/>\n<meta property=\"og:url\" content=\"https:\/\/gooddealersmeds.com\/es\/product\/gamma-butirolactona-gbl-liquida\/\" \/>\n<meta property=\"og:site_name\" content=\"Good Dealers Meds\" \/>\n<meta property=\"article:modified_time\" content=\"2023-03-12T03:37:47+00:00\" \/>\n<meta property=\"og:image\" content=\"https:\/\/gooddealersmeds.com\/es\/wp-content\/uploads\/sites\/4\/2023\/01\/ht.jpg\" \/>\n\t<meta property=\"og:image:width\" content=\"600\" \/>\n\t<meta property=\"og:image:height\" content=\"600\" \/>\n\t<meta property=\"og:image:type\" content=\"image\/jpeg\" \/>\n<meta name=\"twitter:card\" content=\"summary_large_image\" \/>\n<meta name=\"twitter:label1\" content=\"Est. reading time\" \/>\n\t<meta name=\"twitter:data1\" content=\"2 minutes\" \/>\n<script type=\"application\/ld+json\" class=\"yoast-schema-graph\">{\"@context\":\"https:\\\/\\\/schema.org\",\"@graph\":[{\"@type\":\"WebPage\",\"@id\":\"https:\\\/\\\/gooddealersmeds.com\\\/es\\\/product\\\/gamma-butirolactona-gbl-liquida\\\/\",\"url\":\"https:\\\/\\\/gooddealersmeds.com\\\/es\\\/product\\\/gamma-butirolactona-gbl-liquida\\\/\",\"name\":\"D\u00f3nde comprar GBL | GBL en venta | Ordene GBL en l\u00ednea | Compra GBL.\",\"isPartOf\":{\"@id\":\"https:\\\/\\\/gooddealersmeds.com\\\/es\\\/#website\"},\"primaryImageOfPage\":{\"@id\":\"https:\\\/\\\/gooddealersmeds.com\\\/es\\\/product\\\/gamma-butirolactona-gbl-liquida\\\/#primaryimage\"},\"image\":{\"@id\":\"https:\\\/\\\/gooddealersmeds.com\\\/es\\\/product\\\/gamma-butirolactona-gbl-liquida\\\/#primaryimage\"},\"thumbnailUrl\":\"https:\\\/\\\/gooddealersmeds.com\\\/es\\\/wp-content\\\/uploads\\\/sites\\\/4\\\/2023\\\/01\\\/ht.jpg\",\"datePublished\":\"2023-01-08T19:01:23+00:00\",\"dateModified\":\"2023-03-12T03:37:47+00:00\",\"description\":\"Suministramos GBL de alta pureza en todo el mundo. D\u00f3nde comprar GBL. Nuestra calidad es la mejor que puede encontrar. Pida GBL aqu\u00ed con env\u00edo expr\u00e9s.\",\"breadcrumb\":{\"@id\":\"https:\\\/\\\/gooddealersmeds.com\\\/es\\\/product\\\/gamma-butirolactona-gbl-liquida\\\/#breadcrumb\"},\"inLanguage\":\"en-US\",\"potentialAction\":[{\"@type\":\"ReadAction\",\"target\":[\"https:\\\/\\\/gooddealersmeds.com\\\/es\\\/product\\\/gamma-butirolactona-gbl-liquida\\\/\"]}]},{\"@type\":\"ImageObject\",\"inLanguage\":\"en-US\",\"@id\":\"https:\\\/\\\/gooddealersmeds.com\\\/es\\\/product\\\/gamma-butirolactona-gbl-liquida\\\/#primaryimage\",\"url\":\"https:\\\/\\\/gooddealersmeds.com\\\/es\\\/wp-content\\\/uploads\\\/sites\\\/4\\\/2023\\\/01\\\/ht.jpg\",\"contentUrl\":\"https:\\\/\\\/gooddealersmeds.com\\\/es\\\/wp-content\\\/uploads\\\/sites\\\/4\\\/2023\\\/01\\\/ht.jpg\",\"width\":600,\"height\":600},{\"@type\":\"BreadcrumbList\",\"@id\":\"https:\\\/\\\/gooddealersmeds.com\\\/es\\\/product\\\/gamma-butirolactona-gbl-liquida\\\/#breadcrumb\",\"itemListElement\":[{\"@type\":\"ListItem\",\"position\":1,\"name\":\"Home\",\"item\":\"https:\\\/\\\/gooddealersmeds.com\\\/es\\\/\"},{\"@type\":\"ListItem\",\"position\":2,\"name\":\"Productos\",\"item\":\"https:\\\/\\\/gooddealersmeds.com\\\/es\\\/productos\\\/\"},{\"@type\":\"ListItem\",\"position\":3,\"name\":\"Gamma Butirolactona (Gbl) L\u00edquida\"}]},{\"@type\":\"WebSite\",\"@id\":\"https:\\\/\\\/gooddealersmeds.com\\\/es\\\/#website\",\"url\":\"https:\\\/\\\/gooddealersmeds.com\\\/es\\\/\",\"name\":\"Good Dealers Meds\",\"description\":\"All our best\",\"publisher\":{\"@id\":\"https:\\\/\\\/gooddealersmeds.com\\\/es\\\/#organization\"},\"potentialAction\":[{\"@type\":\"SearchAction\",\"target\":{\"@type\":\"EntryPoint\",\"urlTemplate\":\"https:\\\/\\\/gooddealersmeds.com\\\/es\\\/?s={search_term_string}\"},\"query-input\":{\"@type\":\"PropertyValueSpecification\",\"valueRequired\":true,\"valueName\":\"search_term_string\"}}],\"inLanguage\":\"en-US\"},{\"@type\":\"Organization\",\"@id\":\"https:\\\/\\\/gooddealersmeds.com\\\/es\\\/#organization\",\"name\":\"Good Dealers Meds\",\"url\":\"https:\\\/\\\/gooddealersmeds.com\\\/es\\\/\",\"logo\":{\"@type\":\"ImageObject\",\"inLanguage\":\"en-US\",\"@id\":\"https:\\\/\\\/gooddealersmeds.com\\\/es\\\/#\\\/schema\\\/logo\\\/image\\\/\",\"url\":\"https:\\\/\\\/gooddealersmeds.com\\\/es\\\/wp-content\\\/uploads\\\/sites\\\/4\\\/2022\\\/03\\\/gooddealersmeds__logo__20220317T222800Z.00.png\",\"contentUrl\":\"https:\\\/\\\/gooddealersmeds.com\\\/es\\\/wp-content\\\/uploads\\\/sites\\\/4\\\/2022\\\/03\\\/gooddealersmeds__logo__20220317T222800Z.00.png\",\"width\":500,\"height\":325,\"caption\":\"Good Dealers Meds\"},\"image\":{\"@id\":\"https:\\\/\\\/gooddealersmeds.com\\\/es\\\/#\\\/schema\\\/logo\\\/image\\\/\"}}]}<\/script>\n<!-- \/ Yoast SEO Premium plugin. -->","yoast_head_json":{"title":"D\u00f3nde comprar GBL | GBL en venta | Ordene GBL en l\u00ednea | Compra GBL.","description":"Suministramos GBL de alta pureza en todo el mundo. D\u00f3nde comprar GBL. Nuestra calidad es la mejor que puede encontrar. Pida GBL aqu\u00ed con env\u00edo expr\u00e9s.","robots":{"index":"index","follow":"follow","max-snippet":"max-snippet:-1","max-image-preview":"max-image-preview:large","max-video-preview":"max-video-preview:-1"},"canonical":"https:\/\/gooddealersmeds.com\/es\/product\/gamma-butirolactona-gbl-liquida\/","og_locale":"en_US","og_type":"article","og_title":"Gamma Butirolactona (Gbl) L\u00edquida","og_description":"Suministramos GBL de alta pureza en todo el mundo. D\u00f3nde comprar GBL. Nuestra calidad es la mejor que puede encontrar. Pida GBL aqu\u00ed con env\u00edo expr\u00e9s.","og_url":"https:\/\/gooddealersmeds.com\/es\/product\/gamma-butirolactona-gbl-liquida\/","og_site_name":"Good Dealers Meds","article_modified_time":"2023-03-12T03:37:47+00:00","og_image":[{"width":600,"height":600,"url":"https:\/\/gooddealersmeds.com\/es\/wp-content\/uploads\/sites\/4\/2023\/01\/ht.jpg","type":"image\/jpeg"}],"twitter_card":"summary_large_image","twitter_misc":{"Est. reading time":"2 minutes"},"schema":{"@context":"https:\/\/schema.org","@graph":[{"@type":"WebPage","@id":"https:\/\/gooddealersmeds.com\/es\/product\/gamma-butirolactona-gbl-liquida\/","url":"https:\/\/gooddealersmeds.com\/es\/product\/gamma-butirolactona-gbl-liquida\/","name":"D\u00f3nde comprar GBL | GBL en venta | Ordene GBL en l\u00ednea | Compra GBL.","isPartOf":{"@id":"https:\/\/gooddealersmeds.com\/es\/#website"},"primaryImageOfPage":{"@id":"https:\/\/gooddealersmeds.com\/es\/product\/gamma-butirolactona-gbl-liquida\/#primaryimage"},"image":{"@id":"https:\/\/gooddealersmeds.com\/es\/product\/gamma-butirolactona-gbl-liquida\/#primaryimage"},"thumbnailUrl":"https:\/\/gooddealersmeds.com\/es\/wp-content\/uploads\/sites\/4\/2023\/01\/ht.jpg","datePublished":"2023-01-08T19:01:23+00:00","dateModified":"2023-03-12T03:37:47+00:00","description":"Suministramos GBL de alta pureza en todo el mundo. D\u00f3nde comprar GBL. Nuestra calidad es la mejor que puede encontrar. Pida GBL aqu\u00ed con env\u00edo expr\u00e9s.","breadcrumb":{"@id":"https:\/\/gooddealersmeds.com\/es\/product\/gamma-butirolactona-gbl-liquida\/#breadcrumb"},"inLanguage":"en-US","potentialAction":[{"@type":"ReadAction","target":["https:\/\/gooddealersmeds.com\/es\/product\/gamma-butirolactona-gbl-liquida\/"]}]},{"@type":"ImageObject","inLanguage":"en-US","@id":"https:\/\/gooddealersmeds.com\/es\/product\/gamma-butirolactona-gbl-liquida\/#primaryimage","url":"https:\/\/gooddealersmeds.com\/es\/wp-content\/uploads\/sites\/4\/2023\/01\/ht.jpg","contentUrl":"https:\/\/gooddealersmeds.com\/es\/wp-content\/uploads\/sites\/4\/2023\/01\/ht.jpg","width":600,"height":600},{"@type":"BreadcrumbList","@id":"https:\/\/gooddealersmeds.com\/es\/product\/gamma-butirolactona-gbl-liquida\/#breadcrumb","itemListElement":[{"@type":"ListItem","position":1,"name":"Home","item":"https:\/\/gooddealersmeds.com\/es\/"},{"@type":"ListItem","position":2,"name":"Productos","item":"https:\/\/gooddealersmeds.com\/es\/productos\/"},{"@type":"ListItem","position":3,"name":"Gamma Butirolactona (Gbl) L\u00edquida"}]},{"@type":"WebSite","@id":"https:\/\/gooddealersmeds.com\/es\/#website","url":"https:\/\/gooddealersmeds.com\/es\/","name":"Good Dealers Meds","description":"All our best","publisher":{"@id":"https:\/\/gooddealersmeds.com\/es\/#organization"},"potentialAction":[{"@type":"SearchAction","target":{"@type":"EntryPoint","urlTemplate":"https:\/\/gooddealersmeds.com\/es\/?s={search_term_string}"},"query-input":{"@type":"PropertyValueSpecification","valueRequired":true,"valueName":"search_term_string"}}],"inLanguage":"en-US"},{"@type":"Organization","@id":"https:\/\/gooddealersmeds.com\/es\/#organization","name":"Good Dealers Meds","url":"https:\/\/gooddealersmeds.com\/es\/","logo":{"@type":"ImageObject","inLanguage":"en-US","@id":"https:\/\/gooddealersmeds.com\/es\/#\/schema\/logo\/image\/","url":"https:\/\/gooddealersmeds.com\/es\/wp-content\/uploads\/sites\/4\/2022\/03\/gooddealersmeds__logo__20220317T222800Z.00.png","contentUrl":"https:\/\/gooddealersmeds.com\/es\/wp-content\/uploads\/sites\/4\/2022\/03\/gooddealersmeds__logo__20220317T222800Z.00.png","width":500,"height":325,"caption":"Good Dealers Meds"},"image":{"@id":"https:\/\/gooddealersmeds.com\/es\/#\/schema\/logo\/image\/"}}]}},"_links":{"self":[{"href":"https:\/\/gooddealersmeds.com\/es\/wp-json\/wp\/v2\/product\/2223","targetHints":{"allow":["GET"]}}],"collection":[{"href":"https:\/\/gooddealersmeds.com\/es\/wp-json\/wp\/v2\/product"}],"about":[{"href":"https:\/\/gooddealersmeds.com\/es\/wp-json\/wp\/v2\/types\/product"}],"replies":[{"embeddable":true,"href":"https:\/\/gooddealersmeds.com\/es\/wp-json\/wp\/v2\/comments?post=2223"}],"wp:featuredmedia":[{"embeddable":true,"href":"https:\/\/gooddealersmeds.com\/es\/wp-json\/wp\/v2\/media\/2253"}],"wp:attachment":[{"href":"https:\/\/gooddealersmeds.com\/es\/wp-json\/wp\/v2\/media?parent=2223"}],"wp:term":[{"taxonomy":"product_brand","embeddable":true,"href":"https:\/\/gooddealersmeds.com\/es\/wp-json\/wp\/v2\/product_brand?post=2223"},{"taxonomy":"product_cat","embeddable":true,"href":"https:\/\/gooddealersmeds.com\/es\/wp-json\/wp\/v2\/product_cat?post=2223"},{"taxonomy":"product_tag","embeddable":true,"href":"https:\/\/gooddealersmeds.com\/es\/wp-json\/wp\/v2\/product_tag?post=2223"}],"curies":[{"name":"wp","href":"https:\/\/api.w.org\/{rel}","templated":true}]}}