{"id":2222,"date":"2023-01-08T19:01:23","date_gmt":"2023-01-08T19:01:23","guid":{"rendered":"https:\/\/gooddealersmeds.com\/es\/?post_type=product&#038;p=2222"},"modified":"2023-03-12T03:43:20","modified_gmt":"2023-03-12T03:43:20","slug":"ordene-apaan-alfa-fenilacetoacetonitrilo-en-linea","status":"publish","type":"product","link":"https:\/\/gooddealersmeds.com\/es\/product\/ordene-apaan-alfa-fenilacetoacetonitrilo-en-linea\/","title":{"rendered":"Ordene APAAN (alfa-fenilacetoacetonitrilo) en l\u00ednea"},"content":{"rendered":"<h2>Compre APAAN (alfa-fenilacetoacetonitrilo) en l\u00ednea \u2013 Ordene APAAN en l\u00ednea<\/h2>\n<p>Ordene APAAN en l\u00ednea. APAAN (tambi\u00e9n llamado: apane) o alfa-fenilacetoacetonitrilo (ingl\u00e9s: alfa-fenilacetoacetonitrilo) es un compuesto org\u00e1nico utilizado en la fabricaci\u00f3n de varios productos farmac\u00e9uticos. APAAN contiene un grupo nitrilo y un anillo de benceno (grupo fenilo).<\/p>\n<p>La sustancia sirve como precursor de drogas para la producci\u00f3n de la sustancia fenilacetona (tambi\u00e9n conocida como BMK = bencilmetilcetona) y se utiliza para la producci\u00f3n de metanfetamina y anfetamina estimulantes. Hay otras formas de hacer metanfetamina. En particular, el Departamento de Estado de EE. UU. cita a los Pa\u00edses Bajos como un lugar donde se utiliza APAAN. [1] El Observatorio Europeo de las Drogas y las Toxicoman\u00edas (OEDT) menciona espec\u00edficamente a Polonia. Compre APAAN (<a href=\"https:\/\/gooddealersmeds.com\/es\/product\/ordene-apaan-alfa-fenilacetoacetonitrilo-en-linea\/\">alfa-fenilacetoacetonitrilo<\/a>) en l\u00ednea<\/p>\n<p>&nbsp;<\/p>\n<p>Por lo general, localizar cualquier cosa disponible para comprar nunca es algo dif\u00edcil. El problema viene con la compra de esa cosa. Cuando se trata de APAAN, hay tantos proveedores que prometen venderle el producto a un precio muy asequible. Sin embargo, debe tener en cuenta que APAAN es una sustancia controlada en la mayor\u00eda de las naciones y no hay forma de que sea tan f\u00e1cilmente accesible. Hay demasiados riesgos involucrados cuando se trata de la venta de APAAN, y estos podr\u00edan ser estafadores que intentan defraudarlo con el dinero que tanto le cost\u00f3 ganar.<\/p>\n<h3>Entonces, \u00bfd\u00f3nde se vende APAAN?<\/h3>\n<p>Una forma f\u00e1cil de obtener\u00a0APAAN\u00a0es hacerlo desde una tienda en l\u00ednea. A medida que el negocio en l\u00ednea contin\u00faa creciendo, se vuelve m\u00e1s f\u00e1cil obtener incluso sustancias controladas. Todo lo que necesita hacer es encontrar una buena compa\u00f1\u00eda en l\u00ednea que le entregue discretamente su producto. Somos una de esas empresas.<\/p>\n<p>Hemos estado vendiendo APAAN y otras sustancias relacionadas a un precio muy asequible. Despu\u00e9s de estar en el negocio durante un per\u00edodo prolongado, sabemos exactamente lo que todos nuestros clientes quieren y merecen. Estamos todos acerca de los servicios y productos de calidad. Cada vez que nos compre, obtendr\u00e1 lo mejor.<\/p>\n<p>Cuando se trata de entregas, nos aseguramos de que sean discretas y lo m\u00e1s r\u00e1pidas posible. Su paquete se env\u00eda dentro de las 24 horas posteriores a la recepci\u00f3n de su pago y lo enviamos a trav\u00e9s de un servicio de mensajer\u00eda de entrega r\u00e1pida para que reciba su paquete en menos de cinco d\u00edas despu\u00e9s de que hayamos enviado. Tambi\u00e9n recibe un correo electr\u00f3nico con el n\u00famero de seguimiento de su paquete. Tambi\u00e9n hacemos devoluciones de paquetes que se pueden perder en el camino o se rompen. Sin embargo, podemos garantizar que estos casos son muy pocos ya que nos esforzamos cada d\u00eda para ofrecerle los servicios de calidad que usted se merece. En lo que respecta a las tarifas de env\u00edo, incluir\u00e1n las tarifas de embalaje y manejo, as\u00ed como los costos de env\u00edo. Tenga en cuenta que su tarifa de env\u00edo depender\u00e1 de la cantidad que haya pedido y el destino de su paquete.<\/p>\n<p>Tambi\u00e9n nos aseguramos de que se tome su seguridad. Enviamos de forma discreta y directa para garantizar que su paquete no entre en contacto con nadie. Tambi\u00e9n hemos invertido en la \u00faltima tecnolog\u00eda de encriptaci\u00f3n para proteger su informaci\u00f3n personal y financiera de cualquier pirata inform\u00e1tico.<\/p>\n","protected":false},"excerpt":{"rendered":"<p>Ordene APAAN en l\u00ednea, somos un proveedor confiable y confiable de APAAN, con entrega r\u00e1pida 100% garantizado y amp; confiado Comprar APAAN barato online.<\/p>\n","protected":false},"featured_media":2252,"comment_status":"open","ping_status":"closed","template":"","meta":{"inline_featured_image":false},"product_brand":[],"product_cat":[344],"product_tag":[647,649,645,648,644,646],"class_list":{"0":"post-2222","1":"product","2":"type-product","3":"status-publish","4":"has-post-thumbnail","6":"product_cat-productos-qumicos-de-investigacin","7":"product_tag-compre-apaan-en-linea","8":"product_tag-donde-comprar-apaan-en-linea","9":"product_tag-fabricantes-de-apaan-en-linea","10":"product_tag-ordene-apaan-a-buenos-precios","11":"product_tag-precio-a-granel-de-alfa-fenilacetoacetonitrilo","12":"product_tag-venta-completa-de-apaan-en-linea","14":"first","15":"instock","16":"shipping-taxable","17":"purchasable","18":"product-type-variable","19":"has-default-attributes"},"yoast_head":"<!-- This site is optimized with the Yoast SEO Premium plugin v20.6 (Yoast SEO v27.3) - https:\/\/yoast.com\/product\/yoast-seo-premium-wordpress\/ -->\n<title>Ordene APAAN en l\u00ednea | APAAN en venta | comprar APAAN<\/title>\n<meta name=\"description\" content=\"Ordene APAAN en l\u00ednea, somos un proveedor confiable y confiable de APAAN, con entrega r\u00e1pida 100% garantizado y confiable. Comprar APAAN barato online.\" \/>\n<meta name=\"robots\" content=\"index, follow, max-snippet:-1, max-image-preview:large, max-video-preview:-1\" \/>\n<link rel=\"canonical\" href=\"https:\/\/gooddealersmeds.com\/es\/product\/ordene-apaan-alfa-fenilacetoacetonitrilo-en-linea\/\" \/>\n<meta property=\"og:locale\" content=\"en_US\" \/>\n<meta property=\"og:type\" content=\"article\" \/>\n<meta property=\"og:title\" content=\"Ordene APAAN (alfa-fenilacetoacetonitrilo) en l\u00ednea\" \/>\n<meta property=\"og:description\" content=\"Ordene APAAN en l\u00ednea, somos un proveedor confiable y confiable de APAAN, con entrega r\u00e1pida 100% garantizado y confiable. Comprar APAAN barato online.\" \/>\n<meta property=\"og:url\" content=\"https:\/\/gooddealersmeds.com\/es\/product\/ordene-apaan-alfa-fenilacetoacetonitrilo-en-linea\/\" \/>\n<meta property=\"og:site_name\" content=\"Good Dealers Meds\" \/>\n<meta property=\"article:modified_time\" content=\"2023-03-12T03:43:20+00:00\" \/>\n<meta property=\"og:image\" content=\"https:\/\/gooddealersmeds.com\/es\/wp-content\/uploads\/sites\/4\/2023\/01\/apaan.jpg\" \/>\n\t<meta property=\"og:image:width\" content=\"600\" \/>\n\t<meta property=\"og:image:height\" content=\"600\" \/>\n\t<meta property=\"og:image:type\" content=\"image\/jpeg\" \/>\n<meta name=\"twitter:card\" content=\"summary_large_image\" \/>\n<meta name=\"twitter:label1\" content=\"Est. reading time\" \/>\n\t<meta name=\"twitter:data1\" content=\"3 minutes\" \/>\n<script type=\"application\/ld+json\" class=\"yoast-schema-graph\">{\"@context\":\"https:\\\/\\\/schema.org\",\"@graph\":[{\"@type\":\"WebPage\",\"@id\":\"https:\\\/\\\/gooddealersmeds.com\\\/es\\\/product\\\/ordene-apaan-alfa-fenilacetoacetonitrilo-en-linea\\\/\",\"url\":\"https:\\\/\\\/gooddealersmeds.com\\\/es\\\/product\\\/ordene-apaan-alfa-fenilacetoacetonitrilo-en-linea\\\/\",\"name\":\"Ordene APAAN en l\u00ednea | APAAN en venta | comprar APAAN\",\"isPartOf\":{\"@id\":\"https:\\\/\\\/gooddealersmeds.com\\\/es\\\/#website\"},\"primaryImageOfPage\":{\"@id\":\"https:\\\/\\\/gooddealersmeds.com\\\/es\\\/product\\\/ordene-apaan-alfa-fenilacetoacetonitrilo-en-linea\\\/#primaryimage\"},\"image\":{\"@id\":\"https:\\\/\\\/gooddealersmeds.com\\\/es\\\/product\\\/ordene-apaan-alfa-fenilacetoacetonitrilo-en-linea\\\/#primaryimage\"},\"thumbnailUrl\":\"https:\\\/\\\/gooddealersmeds.com\\\/es\\\/wp-content\\\/uploads\\\/sites\\\/4\\\/2023\\\/01\\\/apaan.jpg\",\"datePublished\":\"2023-01-08T19:01:23+00:00\",\"dateModified\":\"2023-03-12T03:43:20+00:00\",\"description\":\"Ordene APAAN en l\u00ednea, somos un proveedor confiable y confiable de APAAN, con entrega r\u00e1pida 100% garantizado y confiable. Comprar APAAN barato online.\",\"breadcrumb\":{\"@id\":\"https:\\\/\\\/gooddealersmeds.com\\\/es\\\/product\\\/ordene-apaan-alfa-fenilacetoacetonitrilo-en-linea\\\/#breadcrumb\"},\"inLanguage\":\"en-US\",\"potentialAction\":[{\"@type\":\"ReadAction\",\"target\":[\"https:\\\/\\\/gooddealersmeds.com\\\/es\\\/product\\\/ordene-apaan-alfa-fenilacetoacetonitrilo-en-linea\\\/\"]}]},{\"@type\":\"ImageObject\",\"inLanguage\":\"en-US\",\"@id\":\"https:\\\/\\\/gooddealersmeds.com\\\/es\\\/product\\\/ordene-apaan-alfa-fenilacetoacetonitrilo-en-linea\\\/#primaryimage\",\"url\":\"https:\\\/\\\/gooddealersmeds.com\\\/es\\\/wp-content\\\/uploads\\\/sites\\\/4\\\/2023\\\/01\\\/apaan.jpg\",\"contentUrl\":\"https:\\\/\\\/gooddealersmeds.com\\\/es\\\/wp-content\\\/uploads\\\/sites\\\/4\\\/2023\\\/01\\\/apaan.jpg\",\"width\":600,\"height\":600},{\"@type\":\"BreadcrumbList\",\"@id\":\"https:\\\/\\\/gooddealersmeds.com\\\/es\\\/product\\\/ordene-apaan-alfa-fenilacetoacetonitrilo-en-linea\\\/#breadcrumb\",\"itemListElement\":[{\"@type\":\"ListItem\",\"position\":1,\"name\":\"Home\",\"item\":\"https:\\\/\\\/gooddealersmeds.com\\\/es\\\/\"},{\"@type\":\"ListItem\",\"position\":2,\"name\":\"Productos\",\"item\":\"https:\\\/\\\/gooddealersmeds.com\\\/es\\\/productos\\\/\"},{\"@type\":\"ListItem\",\"position\":3,\"name\":\"Ordene APAAN (alfa-fenilacetoacetonitrilo) en l\u00ednea\"}]},{\"@type\":\"WebSite\",\"@id\":\"https:\\\/\\\/gooddealersmeds.com\\\/es\\\/#website\",\"url\":\"https:\\\/\\\/gooddealersmeds.com\\\/es\\\/\",\"name\":\"Good Dealers Meds\",\"description\":\"All our best\",\"publisher\":{\"@id\":\"https:\\\/\\\/gooddealersmeds.com\\\/es\\\/#organization\"},\"potentialAction\":[{\"@type\":\"SearchAction\",\"target\":{\"@type\":\"EntryPoint\",\"urlTemplate\":\"https:\\\/\\\/gooddealersmeds.com\\\/es\\\/?s={search_term_string}\"},\"query-input\":{\"@type\":\"PropertyValueSpecification\",\"valueRequired\":true,\"valueName\":\"search_term_string\"}}],\"inLanguage\":\"en-US\"},{\"@type\":\"Organization\",\"@id\":\"https:\\\/\\\/gooddealersmeds.com\\\/es\\\/#organization\",\"name\":\"Good Dealers Meds\",\"url\":\"https:\\\/\\\/gooddealersmeds.com\\\/es\\\/\",\"logo\":{\"@type\":\"ImageObject\",\"inLanguage\":\"en-US\",\"@id\":\"https:\\\/\\\/gooddealersmeds.com\\\/es\\\/#\\\/schema\\\/logo\\\/image\\\/\",\"url\":\"https:\\\/\\\/gooddealersmeds.com\\\/es\\\/wp-content\\\/uploads\\\/sites\\\/4\\\/2022\\\/03\\\/gooddealersmeds__logo__20220317T222800Z.00.png\",\"contentUrl\":\"https:\\\/\\\/gooddealersmeds.com\\\/es\\\/wp-content\\\/uploads\\\/sites\\\/4\\\/2022\\\/03\\\/gooddealersmeds__logo__20220317T222800Z.00.png\",\"width\":500,\"height\":325,\"caption\":\"Good Dealers Meds\"},\"image\":{\"@id\":\"https:\\\/\\\/gooddealersmeds.com\\\/es\\\/#\\\/schema\\\/logo\\\/image\\\/\"}}]}<\/script>\n<!-- \/ Yoast SEO Premium plugin. -->","yoast_head_json":{"title":"Ordene APAAN en l\u00ednea | APAAN en venta | comprar APAAN","description":"Ordene APAAN en l\u00ednea, somos un proveedor confiable y confiable de APAAN, con entrega r\u00e1pida 100% garantizado y confiable. Comprar APAAN barato online.","robots":{"index":"index","follow":"follow","max-snippet":"max-snippet:-1","max-image-preview":"max-image-preview:large","max-video-preview":"max-video-preview:-1"},"canonical":"https:\/\/gooddealersmeds.com\/es\/product\/ordene-apaan-alfa-fenilacetoacetonitrilo-en-linea\/","og_locale":"en_US","og_type":"article","og_title":"Ordene APAAN (alfa-fenilacetoacetonitrilo) en l\u00ednea","og_description":"Ordene APAAN en l\u00ednea, somos un proveedor confiable y confiable de APAAN, con entrega r\u00e1pida 100% garantizado y confiable. Comprar APAAN barato online.","og_url":"https:\/\/gooddealersmeds.com\/es\/product\/ordene-apaan-alfa-fenilacetoacetonitrilo-en-linea\/","og_site_name":"Good Dealers Meds","article_modified_time":"2023-03-12T03:43:20+00:00","og_image":[{"width":600,"height":600,"url":"https:\/\/gooddealersmeds.com\/es\/wp-content\/uploads\/sites\/4\/2023\/01\/apaan.jpg","type":"image\/jpeg"}],"twitter_card":"summary_large_image","twitter_misc":{"Est. reading time":"3 minutes"},"schema":{"@context":"https:\/\/schema.org","@graph":[{"@type":"WebPage","@id":"https:\/\/gooddealersmeds.com\/es\/product\/ordene-apaan-alfa-fenilacetoacetonitrilo-en-linea\/","url":"https:\/\/gooddealersmeds.com\/es\/product\/ordene-apaan-alfa-fenilacetoacetonitrilo-en-linea\/","name":"Ordene APAAN en l\u00ednea | APAAN en venta | comprar APAAN","isPartOf":{"@id":"https:\/\/gooddealersmeds.com\/es\/#website"},"primaryImageOfPage":{"@id":"https:\/\/gooddealersmeds.com\/es\/product\/ordene-apaan-alfa-fenilacetoacetonitrilo-en-linea\/#primaryimage"},"image":{"@id":"https:\/\/gooddealersmeds.com\/es\/product\/ordene-apaan-alfa-fenilacetoacetonitrilo-en-linea\/#primaryimage"},"thumbnailUrl":"https:\/\/gooddealersmeds.com\/es\/wp-content\/uploads\/sites\/4\/2023\/01\/apaan.jpg","datePublished":"2023-01-08T19:01:23+00:00","dateModified":"2023-03-12T03:43:20+00:00","description":"Ordene APAAN en l\u00ednea, somos un proveedor confiable y confiable de APAAN, con entrega r\u00e1pida 100% garantizado y confiable. Comprar APAAN barato online.","breadcrumb":{"@id":"https:\/\/gooddealersmeds.com\/es\/product\/ordene-apaan-alfa-fenilacetoacetonitrilo-en-linea\/#breadcrumb"},"inLanguage":"en-US","potentialAction":[{"@type":"ReadAction","target":["https:\/\/gooddealersmeds.com\/es\/product\/ordene-apaan-alfa-fenilacetoacetonitrilo-en-linea\/"]}]},{"@type":"ImageObject","inLanguage":"en-US","@id":"https:\/\/gooddealersmeds.com\/es\/product\/ordene-apaan-alfa-fenilacetoacetonitrilo-en-linea\/#primaryimage","url":"https:\/\/gooddealersmeds.com\/es\/wp-content\/uploads\/sites\/4\/2023\/01\/apaan.jpg","contentUrl":"https:\/\/gooddealersmeds.com\/es\/wp-content\/uploads\/sites\/4\/2023\/01\/apaan.jpg","width":600,"height":600},{"@type":"BreadcrumbList","@id":"https:\/\/gooddealersmeds.com\/es\/product\/ordene-apaan-alfa-fenilacetoacetonitrilo-en-linea\/#breadcrumb","itemListElement":[{"@type":"ListItem","position":1,"name":"Home","item":"https:\/\/gooddealersmeds.com\/es\/"},{"@type":"ListItem","position":2,"name":"Productos","item":"https:\/\/gooddealersmeds.com\/es\/productos\/"},{"@type":"ListItem","position":3,"name":"Ordene APAAN (alfa-fenilacetoacetonitrilo) en l\u00ednea"}]},{"@type":"WebSite","@id":"https:\/\/gooddealersmeds.com\/es\/#website","url":"https:\/\/gooddealersmeds.com\/es\/","name":"Good Dealers Meds","description":"All our best","publisher":{"@id":"https:\/\/gooddealersmeds.com\/es\/#organization"},"potentialAction":[{"@type":"SearchAction","target":{"@type":"EntryPoint","urlTemplate":"https:\/\/gooddealersmeds.com\/es\/?s={search_term_string}"},"query-input":{"@type":"PropertyValueSpecification","valueRequired":true,"valueName":"search_term_string"}}],"inLanguage":"en-US"},{"@type":"Organization","@id":"https:\/\/gooddealersmeds.com\/es\/#organization","name":"Good Dealers Meds","url":"https:\/\/gooddealersmeds.com\/es\/","logo":{"@type":"ImageObject","inLanguage":"en-US","@id":"https:\/\/gooddealersmeds.com\/es\/#\/schema\/logo\/image\/","url":"https:\/\/gooddealersmeds.com\/es\/wp-content\/uploads\/sites\/4\/2022\/03\/gooddealersmeds__logo__20220317T222800Z.00.png","contentUrl":"https:\/\/gooddealersmeds.com\/es\/wp-content\/uploads\/sites\/4\/2022\/03\/gooddealersmeds__logo__20220317T222800Z.00.png","width":500,"height":325,"caption":"Good Dealers Meds"},"image":{"@id":"https:\/\/gooddealersmeds.com\/es\/#\/schema\/logo\/image\/"}}]}},"_links":{"self":[{"href":"https:\/\/gooddealersmeds.com\/es\/wp-json\/wp\/v2\/product\/2222","targetHints":{"allow":["GET"]}}],"collection":[{"href":"https:\/\/gooddealersmeds.com\/es\/wp-json\/wp\/v2\/product"}],"about":[{"href":"https:\/\/gooddealersmeds.com\/es\/wp-json\/wp\/v2\/types\/product"}],"replies":[{"embeddable":true,"href":"https:\/\/gooddealersmeds.com\/es\/wp-json\/wp\/v2\/comments?post=2222"}],"wp:featuredmedia":[{"embeddable":true,"href":"https:\/\/gooddealersmeds.com\/es\/wp-json\/wp\/v2\/media\/2252"}],"wp:attachment":[{"href":"https:\/\/gooddealersmeds.com\/es\/wp-json\/wp\/v2\/media?parent=2222"}],"wp:term":[{"taxonomy":"product_brand","embeddable":true,"href":"https:\/\/gooddealersmeds.com\/es\/wp-json\/wp\/v2\/product_brand?post=2222"},{"taxonomy":"product_cat","embeddable":true,"href":"https:\/\/gooddealersmeds.com\/es\/wp-json\/wp\/v2\/product_cat?post=2222"},{"taxonomy":"product_tag","embeddable":true,"href":"https:\/\/gooddealersmeds.com\/es\/wp-json\/wp\/v2\/product_tag?post=2222"}],"curies":[{"name":"wp","href":"https:\/\/api.w.org\/{rel}","templated":true}]}}