{"id":2221,"date":"2023-01-08T19:01:22","date_gmt":"2023-01-08T19:01:22","guid":{"rendered":"https:\/\/gooddealersmeds.com\/es\/?post_type=product&#038;p=2221"},"modified":"2023-03-12T04:04:08","modified_gmt":"2023-03-12T04:04:08","slug":"liquido-de-fenilacetona-para-la-venta","status":"publish","type":"product","link":"https:\/\/gooddealersmeds.com\/es\/product\/liquido-de-fenilacetona-para-la-venta\/","title":{"rendered":"L\u00edquido de fenilacetona para la venta"},"content":{"rendered":"<h2>Compre fenilacetona en l\u00ednea: L\u00edquido de fenilacetona para la venta<\/h2>\n<p>La bencilmetilcetona (<a href=\"https:\/\/gooddealersmeds.com\/es\/product\/liquido-de-fenilacetona-para-la-venta\/\">fenilacetona<\/a>) es un compuesto org\u00e1nico con la f\u00f3rmula qu\u00edmica C6H5CH2COCH3. L\u00edquido de fenilacetona para la venta, tambi\u00e9n es un aceite incoloro que es soluble en solventes org\u00e1nicos. Adem\u00e1s, esta sustancia se utiliza en la fabricaci\u00f3n de metanfetamina y anfetamina, donde se la conoce com\u00fanmente como P2P. Tambi\u00e9n el precursor m\u00e1s popular de la anfetamina y la metanfetamina es la fenil-2-propanona o\u00a0fenilacetona. Tambi\u00e9n hay una asombrosa variedad de rutas sint\u00e9ticas para este compuesto, debido tanto a la estructura relativamente simple del compuesto como a su popularidad. Finalmente, muchas de las s\u00edntesis tambi\u00e9n se pueden modificar para producir fenil-2-propanonas sustituidas, como el siempre popular precursor de MDMA MDP2P (3,4-metilendioxifenil-2-propanona) mediante el uso de materiales de partida con los deseables sustituyentes arom\u00e1ticos.<\/p>\n<p>orden de fenilacetona<br \/>\ndonde puedo comprar fenilacetona<br \/>\nVenta de fenilacetona<br \/>\nfenilacetona<br \/>\ncomprar fenilacetona en l\u00ednea<br \/>\nFenilacetona comprar aqu\u00ed<br \/>\npedir fenilacetona en l\u00ednea<br \/>\nFenilacetona barata a la venta<br \/>\nFenilacetona aqu\u00ed<br \/>\nFenilacetona cerca de m\u00ed<br \/>\nFenilacetona donde pedir<br \/>\ndistribuidor de fenilacetona<br \/>\nordenar fenilacetona en l\u00ednea<br \/>\nComprar fenilacetona en l\u00ednea<br \/>\n\u00bfEs legal la fenilacetona?<br \/>\nProveedor leg\u00edtimo de fenilacetona<\/p>\n<p>&nbsp;<\/p>\n<p>Somos fundamentales para proporcionar a nuestros valiosos clientes fenilacetona de excelente calidad, que est\u00e1 disponible con las siguientes especificaciones:-<br \/>\nCAS:103-79-7<br \/>\nF\u00f3rmula molecular: C9H10O<br \/>\nPeso de la f\u00f3rmula: 134,18<\/p>\n<p>Cuando se trat\u00f3 el 2-nitro-1-fenilpropano con microsomas de h\u00edgado de conejo, se descubri\u00f3 que la fenilacetona era el principal metabolito producido. El aumento del producto con prote\u00edna microsomal y la dependencia de NADPH y ox\u00edgeno sirvieron como evidencia de que el proceso era enzim\u00e1tico. Adem\u00e1s, la inducci\u00f3n de fenobarbital impuls\u00f3 significativamente la producci\u00f3n de fenilacetona. El proceso fue inhibido por mon\u00f3xido de carbono, lo que indica la presencia de una metaloenzima. Los experimentos con H2(18)O mostraron que el ox\u00edgeno del carbonilo proven\u00eda del agua. Se plantea la hip\u00f3tesis de que un proceso enzim\u00e1tico precede a la hidr\u00f3lisis qu\u00edmica de un intermediario, probablemente un \u00e1cido nitr\u00f3nico secundario, en el metabolismo microsomal del 2-nitro-1-fenilpropano.<\/p>\n","protected":false},"excerpt":{"rendered":"<p>Somos los mejores proveedores de fenilacetona a un precio asequible y garantizamos la entrega. Ordene la mejor calidad, Phenylacetone Liquid For Sale.<\/p>\n","protected":false},"featured_media":2251,"comment_status":"open","ping_status":"closed","template":"","meta":{"inline_featured_image":false},"product_brand":[],"product_cat":[344],"product_tag":[667,668,666,654,653,655,651,650,652,658,665,661,662,657,623,656,663,660,664,659],"class_list":{"0":"post-2221","1":"product","2":"type-product","3":"status-publish","4":"has-post-thumbnail","6":"product_cat-productos-qumicos-de-investigacin","7":"product_tag-donde-puedo-comprar-fenilacetona","8":"product_tag-donde-puedo-pedir-fenilacetona","9":"product_tag-que-es-la-fenilacetona","10":"product_tag-como-hacer-fenilacetona","11":"product_tag-como-obtener-fenilacetona","12":"product_tag-como-preparar-fenilacetona","13":"product_tag-comprar-cristal-de-fenilacetona","14":"product_tag-comprar-fenilacetona","15":"product_tag-comprar-liquido-de-fenilacetona","16":"product_tag-cristal-de-fenilacetona","17":"product_tag-fenilacetona-a-la-metanfetamina","18":"product_tag-fenilacetona-liquida","19":"product_tag-fenilacetona-liquida-a-la-venta","20":"product_tag-fenilacetona-y-metilamina","21":"product_tag-p2p","22":"product_tag-pedir-fenilacetona-en-linea","23":"product_tag-precio-de-fenilacetona","24":"product_tag-proveedor-legitimo-de-fenilacetona","25":"product_tag-proveedores-de-fenilacetona","26":"product_tag-venta-de-fenilacetona","28":"first","29":"instock","30":"shipping-taxable","31":"purchasable","32":"product-type-variable","33":"has-default-attributes"},"yoast_head":"<!-- This site is optimized with the Yoast SEO Premium plugin v20.6 (Yoast SEO v27.4) - https:\/\/yoast.com\/product\/yoast-seo-premium-wordpress\/ -->\n<title>L\u00edquido de fenilacetona para la venta | Fenilacetona | Compra fenilacetona<\/title>\n<meta name=\"description\" content=\"Somos los mejores proveedores de fenilacetona a un precio asequible y garantizamos la entrega. Ordene la mejor calidad, L\u00edquido de fenilacetona para la venta\" \/>\n<meta name=\"robots\" content=\"index, follow, max-snippet:-1, max-image-preview:large, max-video-preview:-1\" \/>\n<link rel=\"canonical\" href=\"https:\/\/gooddealersmeds.com\/es\/product\/liquido-de-fenilacetona-para-la-venta\/\" \/>\n<meta property=\"og:locale\" content=\"en_US\" \/>\n<meta property=\"og:type\" content=\"article\" \/>\n<meta property=\"og:title\" content=\"L\u00edquido de fenilacetona para la venta\" \/>\n<meta property=\"og:description\" content=\"Somos los mejores proveedores de fenilacetona a un precio asequible y garantizamos la entrega. Ordene la mejor calidad, L\u00edquido de fenilacetona para la venta\" \/>\n<meta property=\"og:url\" content=\"https:\/\/gooddealersmeds.com\/es\/product\/liquido-de-fenilacetona-para-la-venta\/\" \/>\n<meta property=\"og:site_name\" content=\"Good Dealers Meds\" \/>\n<meta property=\"article:modified_time\" content=\"2023-03-12T04:04:08+00:00\" \/>\n<meta property=\"og:image\" content=\"https:\/\/gooddealersmeds.com\/es\/wp-content\/uploads\/sites\/4\/2023\/01\/Phenylacetone-Liquid.jpg\" \/>\n\t<meta property=\"og:image:width\" content=\"600\" \/>\n\t<meta property=\"og:image:height\" content=\"600\" \/>\n\t<meta property=\"og:image:type\" content=\"image\/jpeg\" \/>\n<meta name=\"twitter:card\" content=\"summary_large_image\" \/>\n<meta name=\"twitter:label1\" content=\"Est. reading time\" \/>\n\t<meta name=\"twitter:data1\" content=\"2 minutes\" \/>\n<script type=\"application\/ld+json\" class=\"yoast-schema-graph\">{\"@context\":\"https:\\\/\\\/schema.org\",\"@graph\":[{\"@type\":\"WebPage\",\"@id\":\"https:\\\/\\\/gooddealersmeds.com\\\/es\\\/product\\\/liquido-de-fenilacetona-para-la-venta\\\/\",\"url\":\"https:\\\/\\\/gooddealersmeds.com\\\/es\\\/product\\\/liquido-de-fenilacetona-para-la-venta\\\/\",\"name\":\"L\u00edquido de fenilacetona para la venta | Fenilacetona | Compra fenilacetona\",\"isPartOf\":{\"@id\":\"https:\\\/\\\/gooddealersmeds.com\\\/es\\\/#website\"},\"primaryImageOfPage\":{\"@id\":\"https:\\\/\\\/gooddealersmeds.com\\\/es\\\/product\\\/liquido-de-fenilacetona-para-la-venta\\\/#primaryimage\"},\"image\":{\"@id\":\"https:\\\/\\\/gooddealersmeds.com\\\/es\\\/product\\\/liquido-de-fenilacetona-para-la-venta\\\/#primaryimage\"},\"thumbnailUrl\":\"https:\\\/\\\/gooddealersmeds.com\\\/es\\\/wp-content\\\/uploads\\\/sites\\\/4\\\/2023\\\/01\\\/Phenylacetone-Liquid.jpg\",\"datePublished\":\"2023-01-08T19:01:22+00:00\",\"dateModified\":\"2023-03-12T04:04:08+00:00\",\"description\":\"Somos los mejores proveedores de fenilacetona a un precio asequible y garantizamos la entrega. Ordene la mejor calidad, L\u00edquido de fenilacetona para la venta\",\"breadcrumb\":{\"@id\":\"https:\\\/\\\/gooddealersmeds.com\\\/es\\\/product\\\/liquido-de-fenilacetona-para-la-venta\\\/#breadcrumb\"},\"inLanguage\":\"en-US\",\"potentialAction\":[{\"@type\":\"ReadAction\",\"target\":[\"https:\\\/\\\/gooddealersmeds.com\\\/es\\\/product\\\/liquido-de-fenilacetona-para-la-venta\\\/\"]}]},{\"@type\":\"ImageObject\",\"inLanguage\":\"en-US\",\"@id\":\"https:\\\/\\\/gooddealersmeds.com\\\/es\\\/product\\\/liquido-de-fenilacetona-para-la-venta\\\/#primaryimage\",\"url\":\"https:\\\/\\\/gooddealersmeds.com\\\/es\\\/wp-content\\\/uploads\\\/sites\\\/4\\\/2023\\\/01\\\/Phenylacetone-Liquid.jpg\",\"contentUrl\":\"https:\\\/\\\/gooddealersmeds.com\\\/es\\\/wp-content\\\/uploads\\\/sites\\\/4\\\/2023\\\/01\\\/Phenylacetone-Liquid.jpg\",\"width\":600,\"height\":600},{\"@type\":\"BreadcrumbList\",\"@id\":\"https:\\\/\\\/gooddealersmeds.com\\\/es\\\/product\\\/liquido-de-fenilacetona-para-la-venta\\\/#breadcrumb\",\"itemListElement\":[{\"@type\":\"ListItem\",\"position\":1,\"name\":\"Home\",\"item\":\"https:\\\/\\\/gooddealersmeds.com\\\/es\\\/\"},{\"@type\":\"ListItem\",\"position\":2,\"name\":\"Productos\",\"item\":\"https:\\\/\\\/gooddealersmeds.com\\\/es\\\/productos\\\/\"},{\"@type\":\"ListItem\",\"position\":3,\"name\":\"L\u00edquido de fenilacetona para la venta\"}]},{\"@type\":\"WebSite\",\"@id\":\"https:\\\/\\\/gooddealersmeds.com\\\/es\\\/#website\",\"url\":\"https:\\\/\\\/gooddealersmeds.com\\\/es\\\/\",\"name\":\"Good Dealers Meds\",\"description\":\"All our best\",\"publisher\":{\"@id\":\"https:\\\/\\\/gooddealersmeds.com\\\/es\\\/#organization\"},\"potentialAction\":[{\"@type\":\"SearchAction\",\"target\":{\"@type\":\"EntryPoint\",\"urlTemplate\":\"https:\\\/\\\/gooddealersmeds.com\\\/es\\\/?s={search_term_string}\"},\"query-input\":{\"@type\":\"PropertyValueSpecification\",\"valueRequired\":true,\"valueName\":\"search_term_string\"}}],\"inLanguage\":\"en-US\"},{\"@type\":\"Organization\",\"@id\":\"https:\\\/\\\/gooddealersmeds.com\\\/es\\\/#organization\",\"name\":\"Good Dealers Meds\",\"url\":\"https:\\\/\\\/gooddealersmeds.com\\\/es\\\/\",\"logo\":{\"@type\":\"ImageObject\",\"inLanguage\":\"en-US\",\"@id\":\"https:\\\/\\\/gooddealersmeds.com\\\/es\\\/#\\\/schema\\\/logo\\\/image\\\/\",\"url\":\"https:\\\/\\\/gooddealersmeds.com\\\/es\\\/wp-content\\\/uploads\\\/sites\\\/4\\\/2022\\\/03\\\/gooddealersmeds__logo__20220317T222800Z.00.png\",\"contentUrl\":\"https:\\\/\\\/gooddealersmeds.com\\\/es\\\/wp-content\\\/uploads\\\/sites\\\/4\\\/2022\\\/03\\\/gooddealersmeds__logo__20220317T222800Z.00.png\",\"width\":500,\"height\":325,\"caption\":\"Good Dealers Meds\"},\"image\":{\"@id\":\"https:\\\/\\\/gooddealersmeds.com\\\/es\\\/#\\\/schema\\\/logo\\\/image\\\/\"}}]}<\/script>\n<!-- \/ Yoast SEO Premium plugin. -->","yoast_head_json":{"title":"L\u00edquido de fenilacetona para la venta | Fenilacetona | Compra fenilacetona","description":"Somos los mejores proveedores de fenilacetona a un precio asequible y garantizamos la entrega. Ordene la mejor calidad, L\u00edquido de fenilacetona para la venta","robots":{"index":"index","follow":"follow","max-snippet":"max-snippet:-1","max-image-preview":"max-image-preview:large","max-video-preview":"max-video-preview:-1"},"canonical":"https:\/\/gooddealersmeds.com\/es\/product\/liquido-de-fenilacetona-para-la-venta\/","og_locale":"en_US","og_type":"article","og_title":"L\u00edquido de fenilacetona para la venta","og_description":"Somos los mejores proveedores de fenilacetona a un precio asequible y garantizamos la entrega. Ordene la mejor calidad, L\u00edquido de fenilacetona para la venta","og_url":"https:\/\/gooddealersmeds.com\/es\/product\/liquido-de-fenilacetona-para-la-venta\/","og_site_name":"Good Dealers Meds","article_modified_time":"2023-03-12T04:04:08+00:00","og_image":[{"width":600,"height":600,"url":"https:\/\/gooddealersmeds.com\/es\/wp-content\/uploads\/sites\/4\/2023\/01\/Phenylacetone-Liquid.jpg","type":"image\/jpeg"}],"twitter_card":"summary_large_image","twitter_misc":{"Est. reading time":"2 minutes"},"schema":{"@context":"https:\/\/schema.org","@graph":[{"@type":"WebPage","@id":"https:\/\/gooddealersmeds.com\/es\/product\/liquido-de-fenilacetona-para-la-venta\/","url":"https:\/\/gooddealersmeds.com\/es\/product\/liquido-de-fenilacetona-para-la-venta\/","name":"L\u00edquido de fenilacetona para la venta | Fenilacetona | Compra fenilacetona","isPartOf":{"@id":"https:\/\/gooddealersmeds.com\/es\/#website"},"primaryImageOfPage":{"@id":"https:\/\/gooddealersmeds.com\/es\/product\/liquido-de-fenilacetona-para-la-venta\/#primaryimage"},"image":{"@id":"https:\/\/gooddealersmeds.com\/es\/product\/liquido-de-fenilacetona-para-la-venta\/#primaryimage"},"thumbnailUrl":"https:\/\/gooddealersmeds.com\/es\/wp-content\/uploads\/sites\/4\/2023\/01\/Phenylacetone-Liquid.jpg","datePublished":"2023-01-08T19:01:22+00:00","dateModified":"2023-03-12T04:04:08+00:00","description":"Somos los mejores proveedores de fenilacetona a un precio asequible y garantizamos la entrega. Ordene la mejor calidad, L\u00edquido de fenilacetona para la venta","breadcrumb":{"@id":"https:\/\/gooddealersmeds.com\/es\/product\/liquido-de-fenilacetona-para-la-venta\/#breadcrumb"},"inLanguage":"en-US","potentialAction":[{"@type":"ReadAction","target":["https:\/\/gooddealersmeds.com\/es\/product\/liquido-de-fenilacetona-para-la-venta\/"]}]},{"@type":"ImageObject","inLanguage":"en-US","@id":"https:\/\/gooddealersmeds.com\/es\/product\/liquido-de-fenilacetona-para-la-venta\/#primaryimage","url":"https:\/\/gooddealersmeds.com\/es\/wp-content\/uploads\/sites\/4\/2023\/01\/Phenylacetone-Liquid.jpg","contentUrl":"https:\/\/gooddealersmeds.com\/es\/wp-content\/uploads\/sites\/4\/2023\/01\/Phenylacetone-Liquid.jpg","width":600,"height":600},{"@type":"BreadcrumbList","@id":"https:\/\/gooddealersmeds.com\/es\/product\/liquido-de-fenilacetona-para-la-venta\/#breadcrumb","itemListElement":[{"@type":"ListItem","position":1,"name":"Home","item":"https:\/\/gooddealersmeds.com\/es\/"},{"@type":"ListItem","position":2,"name":"Productos","item":"https:\/\/gooddealersmeds.com\/es\/productos\/"},{"@type":"ListItem","position":3,"name":"L\u00edquido de fenilacetona para la venta"}]},{"@type":"WebSite","@id":"https:\/\/gooddealersmeds.com\/es\/#website","url":"https:\/\/gooddealersmeds.com\/es\/","name":"Good Dealers Meds","description":"All our best","publisher":{"@id":"https:\/\/gooddealersmeds.com\/es\/#organization"},"potentialAction":[{"@type":"SearchAction","target":{"@type":"EntryPoint","urlTemplate":"https:\/\/gooddealersmeds.com\/es\/?s={search_term_string}"},"query-input":{"@type":"PropertyValueSpecification","valueRequired":true,"valueName":"search_term_string"}}],"inLanguage":"en-US"},{"@type":"Organization","@id":"https:\/\/gooddealersmeds.com\/es\/#organization","name":"Good Dealers Meds","url":"https:\/\/gooddealersmeds.com\/es\/","logo":{"@type":"ImageObject","inLanguage":"en-US","@id":"https:\/\/gooddealersmeds.com\/es\/#\/schema\/logo\/image\/","url":"https:\/\/gooddealersmeds.com\/es\/wp-content\/uploads\/sites\/4\/2022\/03\/gooddealersmeds__logo__20220317T222800Z.00.png","contentUrl":"https:\/\/gooddealersmeds.com\/es\/wp-content\/uploads\/sites\/4\/2022\/03\/gooddealersmeds__logo__20220317T222800Z.00.png","width":500,"height":325,"caption":"Good Dealers Meds"},"image":{"@id":"https:\/\/gooddealersmeds.com\/es\/#\/schema\/logo\/image\/"}}]}},"_links":{"self":[{"href":"https:\/\/gooddealersmeds.com\/es\/wp-json\/wp\/v2\/product\/2221","targetHints":{"allow":["GET"]}}],"collection":[{"href":"https:\/\/gooddealersmeds.com\/es\/wp-json\/wp\/v2\/product"}],"about":[{"href":"https:\/\/gooddealersmeds.com\/es\/wp-json\/wp\/v2\/types\/product"}],"replies":[{"embeddable":true,"href":"https:\/\/gooddealersmeds.com\/es\/wp-json\/wp\/v2\/comments?post=2221"}],"wp:featuredmedia":[{"embeddable":true,"href":"https:\/\/gooddealersmeds.com\/es\/wp-json\/wp\/v2\/media\/2251"}],"wp:attachment":[{"href":"https:\/\/gooddealersmeds.com\/es\/wp-json\/wp\/v2\/media?parent=2221"}],"wp:term":[{"taxonomy":"product_brand","embeddable":true,"href":"https:\/\/gooddealersmeds.com\/es\/wp-json\/wp\/v2\/product_brand?post=2221"},{"taxonomy":"product_cat","embeddable":true,"href":"https:\/\/gooddealersmeds.com\/es\/wp-json\/wp\/v2\/product_cat?post=2221"},{"taxonomy":"product_tag","embeddable":true,"href":"https:\/\/gooddealersmeds.com\/es\/wp-json\/wp\/v2\/product_tag?post=2221"}],"curies":[{"name":"wp","href":"https:\/\/api.w.org\/{rel}","templated":true}]}}