{"id":2220,"date":"2023-01-08T19:01:22","date_gmt":"2023-01-08T19:01:22","guid":{"rendered":"https:\/\/gooddealersmeds.com\/es\/?post_type=product&#038;p=2220"},"modified":"2023-03-12T04:33:36","modified_gmt":"2023-03-12T04:33:36","slug":"comprar-aceite-de-pmk-piperonil-metil-cetona","status":"publish","type":"product","link":"https:\/\/gooddealersmeds.com\/es\/product\/comprar-aceite-de-pmk-piperonil-metil-cetona\/","title":{"rendered":"Comprar aceite de PMK (Piperonil metil cetona)"},"content":{"rendered":"<h2>Comprar aceite\u00a0 de Piperonil metil cetona<\/h2>\n<p>Comprar aceite PMK en l\u00ednea (<a href=\"https:\/\/gooddealersmeds.com\/es\/product\/comprar-aceite-de-pmk-piperonil-metil-cetona\/\">Piperonil metil cetona<\/a>). La 3,4-metilendioxifenilpropan-2-ona o piperonilmetilcetona (MDP2P o PMK) es un compuesto qu\u00edmico que consiste en un resto de fenilacetona sustituido con un grupo funcional metilendioxi. Por lo general, se sintetiza a partir de safrol (a diferencia de 3-[3,4-(metilendioxi)fenil]-2-propeno) o del is\u00f3mero de isosafrol mediante oxidaci\u00f3n utilizando el m\u00e9todo de oxidaci\u00f3n de Wacker u oxidaci\u00f3n con peroxi\u00e1cidos. MDP2P es inestable a temperatura ambiente y debe colocarse en el congelador para un almacenamiento adecuado, Comprar aceite PMK<\/p>\n<p>MDP2P es un precursor en la s\u00edntesis qu\u00edmica de la clase de compuestos metilendioxifenetilamina (MDxx), un ejemplo cl\u00e1sico de los cuales es la 3,4-metilendioxi-N-metilanfetamina (MDMA), y tambi\u00e9n es un intermedio entre la familia MDxx y la m\u00e1s distante. precursor, safrol o isosaphrol. Debido a sus asignaciones a las clases qu\u00edmicas MDxx, MDP2P, as\u00ed como al safrol y al isosafrol, se incluye en la lista de sustancias qu\u00edmicas de la Lista I de la Ley de Sustancias Controladas de la Administraci\u00f3n de Drogas de los Estados Unidos (USAA) que dirige la Ley de sustancias qu\u00edmicas y productos qu\u00edmicos. Trata de Personas (CDTA). Tambi\u00e9n se considera un material de partida de Categor\u00eda 1 en la Uni\u00f3n Europea, Comprar aceite PMK en l\u00ednea<\/p>\n<p>&nbsp;<\/p>\n<p>3, 4-Metilendioxifenilpropan-2-ona<br \/>\nPMK<br \/>\nMDP2P<br \/>\nNSC 16688<br \/>\nPVI-2<\/p>\n<h3>\u00bfD\u00f3nde se puede pedir PMK?<\/h3>\n<p>\u00bfTe acabas de despertar tal vez por la noche y tu mente qued\u00f3 fascinada con un buen pensamiento: \u201c\u00bfpuedo hacer mi propio molly\/\u00e9xtasis? Bueno, puedes, pero es m\u00e1s dif\u00edcil de lo que piensas. Necesita ciertos precursores como PMK para hacer eso. \u00bfO tal vez no quiere que PMK produzca MDMA? Lo quieres para fines de investigaci\u00f3n o cosas por el estilo. \u00bfD\u00f3nde puedes comprarlo? \u00bfO d\u00f3nde conseguir\u00e1 PMK? Comprar aceite PMK<\/p>\n","protected":false},"excerpt":{"rendered":"<p>Compre aceite PMK en l\u00ednea, somos proveedores confiables y confiables de aceite PMK (Piperonil metil cetona), con entrega r\u00e1pida 100% garantizada y amp; confiado<\/p>\n","protected":false},"featured_media":2250,"comment_status":"open","ping_status":"closed","template":"","meta":{"inline_featured_image":false},"product_brand":[],"product_cat":[344],"product_tag":[],"class_list":{"0":"post-2220","1":"product","2":"type-product","3":"status-publish","4":"has-post-thumbnail","6":"product_cat-productos-qumicos-de-investigacin","8":"first","9":"instock","10":"shipping-taxable","11":"purchasable","12":"product-type-variable","13":"has-default-attributes"},"yoast_head":"<!-- This site is optimized with the Yoast SEO Premium plugin v20.6 (Yoast SEO v27.4) - https:\/\/yoast.com\/product\/yoast-seo-premium-wordpress\/ -->\n<title>Comprar aceite PMK en l\u00ednea | Pedir PMK (Piperonil Metil Cetona) Aceite<\/title>\n<meta name=\"description\" content=\"Comprar aceite PMK en l\u00ednea, somos un proveedor confiable y confiable de aceite PMK (Piperonil metil cetona), con entrega r\u00e1pida 100% garantizada y confiable.\" \/>\n<meta name=\"robots\" content=\"index, follow, max-snippet:-1, max-image-preview:large, max-video-preview:-1\" \/>\n<link rel=\"canonical\" href=\"https:\/\/gooddealersmeds.com\/es\/product\/comprar-aceite-de-pmk-piperonil-metil-cetona\/\" \/>\n<meta property=\"og:locale\" content=\"en_US\" \/>\n<meta property=\"og:type\" content=\"article\" \/>\n<meta property=\"og:title\" content=\"Comprar aceite de PMK (Piperonil metil cetona)\" \/>\n<meta property=\"og:description\" content=\"Comprar aceite PMK en l\u00ednea, somos un proveedor confiable y confiable de aceite PMK (Piperonil metil cetona), con entrega r\u00e1pida 100% garantizada y confiable.\" \/>\n<meta property=\"og:url\" content=\"https:\/\/gooddealersmeds.com\/es\/product\/comprar-aceite-de-pmk-piperonil-metil-cetona\/\" \/>\n<meta property=\"og:site_name\" content=\"Good Dealers Meds\" \/>\n<meta property=\"article:modified_time\" content=\"2023-03-12T04:33:36+00:00\" \/>\n<meta property=\"og:image\" content=\"https:\/\/gooddealersmeds.com\/es\/wp-content\/uploads\/sites\/4\/2023\/01\/PMK-Piperonyl-Methyl-Ketone-Oil-1.jpg\" \/>\n\t<meta property=\"og:image:width\" content=\"600\" \/>\n\t<meta property=\"og:image:height\" content=\"600\" \/>\n\t<meta property=\"og:image:type\" content=\"image\/jpeg\" \/>\n<meta name=\"twitter:card\" content=\"summary_large_image\" \/>\n<meta name=\"twitter:label1\" content=\"Est. reading time\" \/>\n\t<meta name=\"twitter:data1\" content=\"2 minutes\" \/>\n<script type=\"application\/ld+json\" class=\"yoast-schema-graph\">{\"@context\":\"https:\\\/\\\/schema.org\",\"@graph\":[{\"@type\":\"WebPage\",\"@id\":\"https:\\\/\\\/gooddealersmeds.com\\\/es\\\/product\\\/comprar-aceite-de-pmk-piperonil-metil-cetona\\\/\",\"url\":\"https:\\\/\\\/gooddealersmeds.com\\\/es\\\/product\\\/comprar-aceite-de-pmk-piperonil-metil-cetona\\\/\",\"name\":\"Comprar aceite PMK en l\u00ednea | Pedir PMK (Piperonil Metil Cetona) Aceite\",\"isPartOf\":{\"@id\":\"https:\\\/\\\/gooddealersmeds.com\\\/es\\\/#website\"},\"primaryImageOfPage\":{\"@id\":\"https:\\\/\\\/gooddealersmeds.com\\\/es\\\/product\\\/comprar-aceite-de-pmk-piperonil-metil-cetona\\\/#primaryimage\"},\"image\":{\"@id\":\"https:\\\/\\\/gooddealersmeds.com\\\/es\\\/product\\\/comprar-aceite-de-pmk-piperonil-metil-cetona\\\/#primaryimage\"},\"thumbnailUrl\":\"https:\\\/\\\/gooddealersmeds.com\\\/es\\\/wp-content\\\/uploads\\\/sites\\\/4\\\/2023\\\/01\\\/PMK-Piperonyl-Methyl-Ketone-Oil-1.jpg\",\"datePublished\":\"2023-01-08T19:01:22+00:00\",\"dateModified\":\"2023-03-12T04:33:36+00:00\",\"description\":\"Comprar aceite PMK en l\u00ednea, somos un proveedor confiable y confiable de aceite PMK (Piperonil metil cetona), con entrega r\u00e1pida 100% garantizada y confiable.\",\"breadcrumb\":{\"@id\":\"https:\\\/\\\/gooddealersmeds.com\\\/es\\\/product\\\/comprar-aceite-de-pmk-piperonil-metil-cetona\\\/#breadcrumb\"},\"inLanguage\":\"en-US\",\"potentialAction\":[{\"@type\":\"ReadAction\",\"target\":[\"https:\\\/\\\/gooddealersmeds.com\\\/es\\\/product\\\/comprar-aceite-de-pmk-piperonil-metil-cetona\\\/\"]}]},{\"@type\":\"ImageObject\",\"inLanguage\":\"en-US\",\"@id\":\"https:\\\/\\\/gooddealersmeds.com\\\/es\\\/product\\\/comprar-aceite-de-pmk-piperonil-metil-cetona\\\/#primaryimage\",\"url\":\"https:\\\/\\\/gooddealersmeds.com\\\/es\\\/wp-content\\\/uploads\\\/sites\\\/4\\\/2023\\\/01\\\/PMK-Piperonyl-Methyl-Ketone-Oil-1.jpg\",\"contentUrl\":\"https:\\\/\\\/gooddealersmeds.com\\\/es\\\/wp-content\\\/uploads\\\/sites\\\/4\\\/2023\\\/01\\\/PMK-Piperonyl-Methyl-Ketone-Oil-1.jpg\",\"width\":600,\"height\":600},{\"@type\":\"BreadcrumbList\",\"@id\":\"https:\\\/\\\/gooddealersmeds.com\\\/es\\\/product\\\/comprar-aceite-de-pmk-piperonil-metil-cetona\\\/#breadcrumb\",\"itemListElement\":[{\"@type\":\"ListItem\",\"position\":1,\"name\":\"Home\",\"item\":\"https:\\\/\\\/gooddealersmeds.com\\\/es\\\/\"},{\"@type\":\"ListItem\",\"position\":2,\"name\":\"Productos\",\"item\":\"https:\\\/\\\/gooddealersmeds.com\\\/es\\\/productos\\\/\"},{\"@type\":\"ListItem\",\"position\":3,\"name\":\"Comprar aceite de PMK (Piperonil metil cetona)\"}]},{\"@type\":\"WebSite\",\"@id\":\"https:\\\/\\\/gooddealersmeds.com\\\/es\\\/#website\",\"url\":\"https:\\\/\\\/gooddealersmeds.com\\\/es\\\/\",\"name\":\"Good Dealers Meds\",\"description\":\"All our best\",\"publisher\":{\"@id\":\"https:\\\/\\\/gooddealersmeds.com\\\/es\\\/#organization\"},\"potentialAction\":[{\"@type\":\"SearchAction\",\"target\":{\"@type\":\"EntryPoint\",\"urlTemplate\":\"https:\\\/\\\/gooddealersmeds.com\\\/es\\\/?s={search_term_string}\"},\"query-input\":{\"@type\":\"PropertyValueSpecification\",\"valueRequired\":true,\"valueName\":\"search_term_string\"}}],\"inLanguage\":\"en-US\"},{\"@type\":\"Organization\",\"@id\":\"https:\\\/\\\/gooddealersmeds.com\\\/es\\\/#organization\",\"name\":\"Good Dealers Meds\",\"url\":\"https:\\\/\\\/gooddealersmeds.com\\\/es\\\/\",\"logo\":{\"@type\":\"ImageObject\",\"inLanguage\":\"en-US\",\"@id\":\"https:\\\/\\\/gooddealersmeds.com\\\/es\\\/#\\\/schema\\\/logo\\\/image\\\/\",\"url\":\"https:\\\/\\\/gooddealersmeds.com\\\/es\\\/wp-content\\\/uploads\\\/sites\\\/4\\\/2022\\\/03\\\/gooddealersmeds__logo__20220317T222800Z.00.png\",\"contentUrl\":\"https:\\\/\\\/gooddealersmeds.com\\\/es\\\/wp-content\\\/uploads\\\/sites\\\/4\\\/2022\\\/03\\\/gooddealersmeds__logo__20220317T222800Z.00.png\",\"width\":500,\"height\":325,\"caption\":\"Good Dealers Meds\"},\"image\":{\"@id\":\"https:\\\/\\\/gooddealersmeds.com\\\/es\\\/#\\\/schema\\\/logo\\\/image\\\/\"}}]}<\/script>\n<!-- \/ Yoast SEO Premium plugin. -->","yoast_head_json":{"title":"Comprar aceite PMK en l\u00ednea | Pedir PMK (Piperonil Metil Cetona) Aceite","description":"Comprar aceite PMK en l\u00ednea, somos un proveedor confiable y confiable de aceite PMK (Piperonil metil cetona), con entrega r\u00e1pida 100% garantizada y confiable.","robots":{"index":"index","follow":"follow","max-snippet":"max-snippet:-1","max-image-preview":"max-image-preview:large","max-video-preview":"max-video-preview:-1"},"canonical":"https:\/\/gooddealersmeds.com\/es\/product\/comprar-aceite-de-pmk-piperonil-metil-cetona\/","og_locale":"en_US","og_type":"article","og_title":"Comprar aceite de PMK (Piperonil metil cetona)","og_description":"Comprar aceite PMK en l\u00ednea, somos un proveedor confiable y confiable de aceite PMK (Piperonil metil cetona), con entrega r\u00e1pida 100% garantizada y confiable.","og_url":"https:\/\/gooddealersmeds.com\/es\/product\/comprar-aceite-de-pmk-piperonil-metil-cetona\/","og_site_name":"Good Dealers Meds","article_modified_time":"2023-03-12T04:33:36+00:00","og_image":[{"width":600,"height":600,"url":"https:\/\/gooddealersmeds.com\/es\/wp-content\/uploads\/sites\/4\/2023\/01\/PMK-Piperonyl-Methyl-Ketone-Oil-1.jpg","type":"image\/jpeg"}],"twitter_card":"summary_large_image","twitter_misc":{"Est. reading time":"2 minutes"},"schema":{"@context":"https:\/\/schema.org","@graph":[{"@type":"WebPage","@id":"https:\/\/gooddealersmeds.com\/es\/product\/comprar-aceite-de-pmk-piperonil-metil-cetona\/","url":"https:\/\/gooddealersmeds.com\/es\/product\/comprar-aceite-de-pmk-piperonil-metil-cetona\/","name":"Comprar aceite PMK en l\u00ednea | Pedir PMK (Piperonil Metil Cetona) Aceite","isPartOf":{"@id":"https:\/\/gooddealersmeds.com\/es\/#website"},"primaryImageOfPage":{"@id":"https:\/\/gooddealersmeds.com\/es\/product\/comprar-aceite-de-pmk-piperonil-metil-cetona\/#primaryimage"},"image":{"@id":"https:\/\/gooddealersmeds.com\/es\/product\/comprar-aceite-de-pmk-piperonil-metil-cetona\/#primaryimage"},"thumbnailUrl":"https:\/\/gooddealersmeds.com\/es\/wp-content\/uploads\/sites\/4\/2023\/01\/PMK-Piperonyl-Methyl-Ketone-Oil-1.jpg","datePublished":"2023-01-08T19:01:22+00:00","dateModified":"2023-03-12T04:33:36+00:00","description":"Comprar aceite PMK en l\u00ednea, somos un proveedor confiable y confiable de aceite PMK (Piperonil metil cetona), con entrega r\u00e1pida 100% garantizada y confiable.","breadcrumb":{"@id":"https:\/\/gooddealersmeds.com\/es\/product\/comprar-aceite-de-pmk-piperonil-metil-cetona\/#breadcrumb"},"inLanguage":"en-US","potentialAction":[{"@type":"ReadAction","target":["https:\/\/gooddealersmeds.com\/es\/product\/comprar-aceite-de-pmk-piperonil-metil-cetona\/"]}]},{"@type":"ImageObject","inLanguage":"en-US","@id":"https:\/\/gooddealersmeds.com\/es\/product\/comprar-aceite-de-pmk-piperonil-metil-cetona\/#primaryimage","url":"https:\/\/gooddealersmeds.com\/es\/wp-content\/uploads\/sites\/4\/2023\/01\/PMK-Piperonyl-Methyl-Ketone-Oil-1.jpg","contentUrl":"https:\/\/gooddealersmeds.com\/es\/wp-content\/uploads\/sites\/4\/2023\/01\/PMK-Piperonyl-Methyl-Ketone-Oil-1.jpg","width":600,"height":600},{"@type":"BreadcrumbList","@id":"https:\/\/gooddealersmeds.com\/es\/product\/comprar-aceite-de-pmk-piperonil-metil-cetona\/#breadcrumb","itemListElement":[{"@type":"ListItem","position":1,"name":"Home","item":"https:\/\/gooddealersmeds.com\/es\/"},{"@type":"ListItem","position":2,"name":"Productos","item":"https:\/\/gooddealersmeds.com\/es\/productos\/"},{"@type":"ListItem","position":3,"name":"Comprar aceite de PMK (Piperonil metil cetona)"}]},{"@type":"WebSite","@id":"https:\/\/gooddealersmeds.com\/es\/#website","url":"https:\/\/gooddealersmeds.com\/es\/","name":"Good Dealers Meds","description":"All our best","publisher":{"@id":"https:\/\/gooddealersmeds.com\/es\/#organization"},"potentialAction":[{"@type":"SearchAction","target":{"@type":"EntryPoint","urlTemplate":"https:\/\/gooddealersmeds.com\/es\/?s={search_term_string}"},"query-input":{"@type":"PropertyValueSpecification","valueRequired":true,"valueName":"search_term_string"}}],"inLanguage":"en-US"},{"@type":"Organization","@id":"https:\/\/gooddealersmeds.com\/es\/#organization","name":"Good Dealers Meds","url":"https:\/\/gooddealersmeds.com\/es\/","logo":{"@type":"ImageObject","inLanguage":"en-US","@id":"https:\/\/gooddealersmeds.com\/es\/#\/schema\/logo\/image\/","url":"https:\/\/gooddealersmeds.com\/es\/wp-content\/uploads\/sites\/4\/2022\/03\/gooddealersmeds__logo__20220317T222800Z.00.png","contentUrl":"https:\/\/gooddealersmeds.com\/es\/wp-content\/uploads\/sites\/4\/2022\/03\/gooddealersmeds__logo__20220317T222800Z.00.png","width":500,"height":325,"caption":"Good Dealers Meds"},"image":{"@id":"https:\/\/gooddealersmeds.com\/es\/#\/schema\/logo\/image\/"}}]}},"_links":{"self":[{"href":"https:\/\/gooddealersmeds.com\/es\/wp-json\/wp\/v2\/product\/2220","targetHints":{"allow":["GET"]}}],"collection":[{"href":"https:\/\/gooddealersmeds.com\/es\/wp-json\/wp\/v2\/product"}],"about":[{"href":"https:\/\/gooddealersmeds.com\/es\/wp-json\/wp\/v2\/types\/product"}],"replies":[{"embeddable":true,"href":"https:\/\/gooddealersmeds.com\/es\/wp-json\/wp\/v2\/comments?post=2220"}],"wp:featuredmedia":[{"embeddable":true,"href":"https:\/\/gooddealersmeds.com\/es\/wp-json\/wp\/v2\/media\/2250"}],"wp:attachment":[{"href":"https:\/\/gooddealersmeds.com\/es\/wp-json\/wp\/v2\/media?parent=2220"}],"wp:term":[{"taxonomy":"product_brand","embeddable":true,"href":"https:\/\/gooddealersmeds.com\/es\/wp-json\/wp\/v2\/product_brand?post=2220"},{"taxonomy":"product_cat","embeddable":true,"href":"https:\/\/gooddealersmeds.com\/es\/wp-json\/wp\/v2\/product_cat?post=2220"},{"taxonomy":"product_tag","embeddable":true,"href":"https:\/\/gooddealersmeds.com\/es\/wp-json\/wp\/v2\/product_tag?post=2220"}],"curies":[{"name":"wp","href":"https:\/\/api.w.org\/{rel}","templated":true}]}}