{"id":2219,"date":"2023-01-08T19:01:22","date_gmt":"2023-01-08T19:01:22","guid":{"rendered":"https:\/\/gooddealersmeds.com\/es\/?post_type=product&#038;p=2219"},"modified":"2023-03-12T22:21:17","modified_gmt":"2023-03-12T22:21:17","slug":"comprar-jwh-250-en-linea","status":"publish","type":"product","link":"https:\/\/gooddealersmeds.com\/es\/product\/comprar-jwh-250-en-linea\/","title":{"rendered":"Comprar JWH-250 en l\u00ednea"},"content":{"rendered":"<h2>Comprar JWH-250 en l\u00ednea<\/h2>\n<p>JWH-250 es un cannabimim\u00e9tico de indol que exhibe una alta afinidad por los receptores de cannabinoides centrales y perif\u00e9ricos. Comprar JWH-250 en l\u00ednea se ha identificado como un componente de varios productos diferentes de &#8220;incienso de hierbas&#8221;, a menudo vendido como &#8220;no humano&#8221;. JWH-250 pertenece a la categor\u00eda de f\u00e1rmacos agonistas de los receptores de cannabinoides sint\u00e9ticos (SCRA) y tiene efectos similares al THC. La cantidad de JWH-250 en un paquete puede variar significativamente, lo que aumenta la posibilidad de una sobredosis porque los consumidores no conocen completamente el contenido de este producto a base de hierbas. Los efectos de sobredosis informados incluyen taquicardia, hipertensi\u00f3n, agitaci\u00f3n, alucinaciones, elevaci\u00f3n leve del az\u00facar en la sangre, hipopotasemia y v\u00f3mitos. JWH-250.<\/p>\n<p>&nbsp;<\/p>\n<p>Compre JWH-250 en l\u00ednea. JWH-250\u00a0es un agonista de receptor cannabinoide sint\u00e9tico que se ha detectado en productos desde finales de la d\u00e9cada de 2000. Fue creado por el Dr. John W. Huffman y Huffman et al. publicaron un informe en 2005. Comprar JWH-250 en l\u00ednea<\/p>\n<p>&nbsp;<\/p>\n<p>El f\u00e1rmaco es un fenilacetilindol y funciona como agonista de los receptores CB1 y CB2. Tiene una afinidad de ~11 nM en CB1 y ~33 nM en CB2.<\/p>\n<p>Unos a\u00f1os despu\u00e9s de que se mencionara por primera vez en la literatura,\u00a0JWH-250\u00a0apareci\u00f3 en el mercado.<\/p>\n<p>Tambi\u00e9n se ha detectado en polvos y mezclas vendidos a trav\u00e9s de Internet a investigadores en Jap\u00f3n. Esas muestras conten\u00edan 77-165 mg por producto.<\/p>\n<p>Debido a la forma en que se vendi\u00f3, es probable que la gente se haya encontrado con JWH-250 sin darse cuenta.<\/p>\n<p>Masa molar:\u00a0335,439\u00a0g\/mol<\/p>\n<p>ID de ChEMBL:\u00a0188031<\/p>\n<p>ID de ChemSpider:\u00a023256117<\/p>\n<p>CID de PubChem:\u00a044397540<\/p>\n<p>F\u00f3rmula:\u00a0C22H25NO2<\/p>\n<p>comprar JWH-250 leg\u00edtimo en la p\u00e1gina web de venta, c\u00f3mo comprar JWH-250 barato con env\u00edo mundial, medicamento JWH-250 a la venta, sales de ba\u00f1o JWH-250 a la venta, JWH-250 a la venta, JWH-250 alimento vegetal a la venta, calidad JWH -250 a la venta, sitios web de compra de JWH-250, d\u00f3nde comprar JWH-250, pedir JWH-250, venta de JWH-250, d\u00f3nde puedo comprar JWH-250, d\u00f3nde comprar JWH-250, el mejor lugar para comprar JWH-250 ,mJWH-250 proveedores, compre JWH-250, JWH-250 puro, compre JWH-250, tienda JWH-250, JWH-250 al por mayor<\/p>\n","protected":false},"excerpt":{"rendered":"<p>JWH-250 es un cannabimim\u00e9tico de indol que exhibe una alta afinidad por los receptores de cannabinoides centrales y perif\u00e9ricos. Comprar JWH-250 en l\u00ednea se ha identificado como un componente de varios productos diferentes de &#8220;incienso de hierbas&#8221;, a menudo vendido como &#8220;no humano&#8221;.<\/p>\n","protected":false},"featured_media":2249,"comment_status":"open","ping_status":"closed","template":"","meta":{"inline_featured_image":false},"product_brand":[],"product_cat":[344],"product_tag":[],"class_list":{"0":"post-2219","1":"product","2":"type-product","3":"status-publish","4":"has-post-thumbnail","6":"product_cat-productos-qumicos-de-investigacin","8":"first","9":"instock","10":"shipping-taxable","11":"purchasable","12":"product-type-variable","13":"has-default-attributes"},"yoast_head":"<!-- This site is optimized with the Yoast SEO Premium plugin v20.6 (Yoast SEO v27.3) - https:\/\/yoast.com\/product\/yoast-seo-premium-wordpress\/ -->\n<title>Comprar JWH-250 en l\u00ednea | Pedido JWH-250 | JWH-250 en venta<\/title>\n<meta name=\"description\" content=\"Comprar JWH-250 en l\u00ednea a un precio asequible. Somos un proveedor confiable y confiable de JWH-250, con entrega r\u00e1pida 100% garantizado y confiable.\" \/>\n<meta name=\"robots\" content=\"index, follow, max-snippet:-1, max-image-preview:large, max-video-preview:-1\" \/>\n<link rel=\"canonical\" href=\"https:\/\/gooddealersmeds.com\/es\/product\/comprar-jwh-250-en-linea\/\" \/>\n<meta property=\"og:locale\" content=\"en_US\" \/>\n<meta property=\"og:type\" content=\"article\" \/>\n<meta property=\"og:title\" content=\"Comprar JWH-250 en l\u00ednea\" \/>\n<meta property=\"og:description\" content=\"Comprar JWH-250 en l\u00ednea a un precio asequible. Somos un proveedor confiable y confiable de JWH-250, con entrega r\u00e1pida 100% garantizado y confiable.\" \/>\n<meta property=\"og:url\" content=\"https:\/\/gooddealersmeds.com\/es\/product\/comprar-jwh-250-en-linea\/\" \/>\n<meta property=\"og:site_name\" content=\"Good Dealers Meds\" \/>\n<meta property=\"article:modified_time\" content=\"2023-03-12T22:21:17+00:00\" \/>\n<meta property=\"og:image\" content=\"https:\/\/gooddealersmeds.com\/es\/wp-content\/uploads\/sites\/4\/2023\/01\/jhw.png\" \/>\n\t<meta property=\"og:image:width\" content=\"267\" \/>\n\t<meta property=\"og:image:height\" content=\"189\" \/>\n\t<meta property=\"og:image:type\" content=\"image\/png\" \/>\n<meta name=\"twitter:card\" content=\"summary_large_image\" \/>\n<meta name=\"twitter:label1\" content=\"Est. reading time\" \/>\n\t<meta name=\"twitter:data1\" content=\"2 minutes\" \/>\n<script type=\"application\/ld+json\" class=\"yoast-schema-graph\">{\"@context\":\"https:\\\/\\\/schema.org\",\"@graph\":[{\"@type\":\"WebPage\",\"@id\":\"https:\\\/\\\/gooddealersmeds.com\\\/es\\\/product\\\/comprar-jwh-250-en-linea\\\/\",\"url\":\"https:\\\/\\\/gooddealersmeds.com\\\/es\\\/product\\\/comprar-jwh-250-en-linea\\\/\",\"name\":\"Comprar JWH-250 en l\u00ednea | Pedido JWH-250 | JWH-250 en venta\",\"isPartOf\":{\"@id\":\"https:\\\/\\\/gooddealersmeds.com\\\/es\\\/#website\"},\"primaryImageOfPage\":{\"@id\":\"https:\\\/\\\/gooddealersmeds.com\\\/es\\\/product\\\/comprar-jwh-250-en-linea\\\/#primaryimage\"},\"image\":{\"@id\":\"https:\\\/\\\/gooddealersmeds.com\\\/es\\\/product\\\/comprar-jwh-250-en-linea\\\/#primaryimage\"},\"thumbnailUrl\":\"https:\\\/\\\/gooddealersmeds.com\\\/es\\\/wp-content\\\/uploads\\\/sites\\\/4\\\/2023\\\/01\\\/jhw.png\",\"datePublished\":\"2023-01-08T19:01:22+00:00\",\"dateModified\":\"2023-03-12T22:21:17+00:00\",\"description\":\"Comprar JWH-250 en l\u00ednea a un precio asequible. Somos un proveedor confiable y confiable de JWH-250, con entrega r\u00e1pida 100% garantizado y confiable.\",\"breadcrumb\":{\"@id\":\"https:\\\/\\\/gooddealersmeds.com\\\/es\\\/product\\\/comprar-jwh-250-en-linea\\\/#breadcrumb\"},\"inLanguage\":\"en-US\",\"potentialAction\":[{\"@type\":\"ReadAction\",\"target\":[\"https:\\\/\\\/gooddealersmeds.com\\\/es\\\/product\\\/comprar-jwh-250-en-linea\\\/\"]}]},{\"@type\":\"ImageObject\",\"inLanguage\":\"en-US\",\"@id\":\"https:\\\/\\\/gooddealersmeds.com\\\/es\\\/product\\\/comprar-jwh-250-en-linea\\\/#primaryimage\",\"url\":\"https:\\\/\\\/gooddealersmeds.com\\\/es\\\/wp-content\\\/uploads\\\/sites\\\/4\\\/2023\\\/01\\\/jhw.png\",\"contentUrl\":\"https:\\\/\\\/gooddealersmeds.com\\\/es\\\/wp-content\\\/uploads\\\/sites\\\/4\\\/2023\\\/01\\\/jhw.png\",\"width\":267,\"height\":189},{\"@type\":\"BreadcrumbList\",\"@id\":\"https:\\\/\\\/gooddealersmeds.com\\\/es\\\/product\\\/comprar-jwh-250-en-linea\\\/#breadcrumb\",\"itemListElement\":[{\"@type\":\"ListItem\",\"position\":1,\"name\":\"Home\",\"item\":\"https:\\\/\\\/gooddealersmeds.com\\\/es\\\/\"},{\"@type\":\"ListItem\",\"position\":2,\"name\":\"Productos\",\"item\":\"https:\\\/\\\/gooddealersmeds.com\\\/es\\\/productos\\\/\"},{\"@type\":\"ListItem\",\"position\":3,\"name\":\"Comprar JWH-250 en l\u00ednea\"}]},{\"@type\":\"WebSite\",\"@id\":\"https:\\\/\\\/gooddealersmeds.com\\\/es\\\/#website\",\"url\":\"https:\\\/\\\/gooddealersmeds.com\\\/es\\\/\",\"name\":\"Good Dealers Meds\",\"description\":\"All our best\",\"publisher\":{\"@id\":\"https:\\\/\\\/gooddealersmeds.com\\\/es\\\/#organization\"},\"potentialAction\":[{\"@type\":\"SearchAction\",\"target\":{\"@type\":\"EntryPoint\",\"urlTemplate\":\"https:\\\/\\\/gooddealersmeds.com\\\/es\\\/?s={search_term_string}\"},\"query-input\":{\"@type\":\"PropertyValueSpecification\",\"valueRequired\":true,\"valueName\":\"search_term_string\"}}],\"inLanguage\":\"en-US\"},{\"@type\":\"Organization\",\"@id\":\"https:\\\/\\\/gooddealersmeds.com\\\/es\\\/#organization\",\"name\":\"Good Dealers Meds\",\"url\":\"https:\\\/\\\/gooddealersmeds.com\\\/es\\\/\",\"logo\":{\"@type\":\"ImageObject\",\"inLanguage\":\"en-US\",\"@id\":\"https:\\\/\\\/gooddealersmeds.com\\\/es\\\/#\\\/schema\\\/logo\\\/image\\\/\",\"url\":\"https:\\\/\\\/gooddealersmeds.com\\\/es\\\/wp-content\\\/uploads\\\/sites\\\/4\\\/2022\\\/03\\\/gooddealersmeds__logo__20220317T222800Z.00.png\",\"contentUrl\":\"https:\\\/\\\/gooddealersmeds.com\\\/es\\\/wp-content\\\/uploads\\\/sites\\\/4\\\/2022\\\/03\\\/gooddealersmeds__logo__20220317T222800Z.00.png\",\"width\":500,\"height\":325,\"caption\":\"Good Dealers Meds\"},\"image\":{\"@id\":\"https:\\\/\\\/gooddealersmeds.com\\\/es\\\/#\\\/schema\\\/logo\\\/image\\\/\"}}]}<\/script>\n<!-- \/ Yoast SEO Premium plugin. -->","yoast_head_json":{"title":"Comprar JWH-250 en l\u00ednea | Pedido JWH-250 | JWH-250 en venta","description":"Comprar JWH-250 en l\u00ednea a un precio asequible. Somos un proveedor confiable y confiable de JWH-250, con entrega r\u00e1pida 100% garantizado y confiable.","robots":{"index":"index","follow":"follow","max-snippet":"max-snippet:-1","max-image-preview":"max-image-preview:large","max-video-preview":"max-video-preview:-1"},"canonical":"https:\/\/gooddealersmeds.com\/es\/product\/comprar-jwh-250-en-linea\/","og_locale":"en_US","og_type":"article","og_title":"Comprar JWH-250 en l\u00ednea","og_description":"Comprar JWH-250 en l\u00ednea a un precio asequible. Somos un proveedor confiable y confiable de JWH-250, con entrega r\u00e1pida 100% garantizado y confiable.","og_url":"https:\/\/gooddealersmeds.com\/es\/product\/comprar-jwh-250-en-linea\/","og_site_name":"Good Dealers Meds","article_modified_time":"2023-03-12T22:21:17+00:00","og_image":[{"width":267,"height":189,"url":"https:\/\/gooddealersmeds.com\/es\/wp-content\/uploads\/sites\/4\/2023\/01\/jhw.png","type":"image\/png"}],"twitter_card":"summary_large_image","twitter_misc":{"Est. reading time":"2 minutes"},"schema":{"@context":"https:\/\/schema.org","@graph":[{"@type":"WebPage","@id":"https:\/\/gooddealersmeds.com\/es\/product\/comprar-jwh-250-en-linea\/","url":"https:\/\/gooddealersmeds.com\/es\/product\/comprar-jwh-250-en-linea\/","name":"Comprar JWH-250 en l\u00ednea | Pedido JWH-250 | JWH-250 en venta","isPartOf":{"@id":"https:\/\/gooddealersmeds.com\/es\/#website"},"primaryImageOfPage":{"@id":"https:\/\/gooddealersmeds.com\/es\/product\/comprar-jwh-250-en-linea\/#primaryimage"},"image":{"@id":"https:\/\/gooddealersmeds.com\/es\/product\/comprar-jwh-250-en-linea\/#primaryimage"},"thumbnailUrl":"https:\/\/gooddealersmeds.com\/es\/wp-content\/uploads\/sites\/4\/2023\/01\/jhw.png","datePublished":"2023-01-08T19:01:22+00:00","dateModified":"2023-03-12T22:21:17+00:00","description":"Comprar JWH-250 en l\u00ednea a un precio asequible. Somos un proveedor confiable y confiable de JWH-250, con entrega r\u00e1pida 100% garantizado y confiable.","breadcrumb":{"@id":"https:\/\/gooddealersmeds.com\/es\/product\/comprar-jwh-250-en-linea\/#breadcrumb"},"inLanguage":"en-US","potentialAction":[{"@type":"ReadAction","target":["https:\/\/gooddealersmeds.com\/es\/product\/comprar-jwh-250-en-linea\/"]}]},{"@type":"ImageObject","inLanguage":"en-US","@id":"https:\/\/gooddealersmeds.com\/es\/product\/comprar-jwh-250-en-linea\/#primaryimage","url":"https:\/\/gooddealersmeds.com\/es\/wp-content\/uploads\/sites\/4\/2023\/01\/jhw.png","contentUrl":"https:\/\/gooddealersmeds.com\/es\/wp-content\/uploads\/sites\/4\/2023\/01\/jhw.png","width":267,"height":189},{"@type":"BreadcrumbList","@id":"https:\/\/gooddealersmeds.com\/es\/product\/comprar-jwh-250-en-linea\/#breadcrumb","itemListElement":[{"@type":"ListItem","position":1,"name":"Home","item":"https:\/\/gooddealersmeds.com\/es\/"},{"@type":"ListItem","position":2,"name":"Productos","item":"https:\/\/gooddealersmeds.com\/es\/productos\/"},{"@type":"ListItem","position":3,"name":"Comprar JWH-250 en l\u00ednea"}]},{"@type":"WebSite","@id":"https:\/\/gooddealersmeds.com\/es\/#website","url":"https:\/\/gooddealersmeds.com\/es\/","name":"Good Dealers Meds","description":"All our best","publisher":{"@id":"https:\/\/gooddealersmeds.com\/es\/#organization"},"potentialAction":[{"@type":"SearchAction","target":{"@type":"EntryPoint","urlTemplate":"https:\/\/gooddealersmeds.com\/es\/?s={search_term_string}"},"query-input":{"@type":"PropertyValueSpecification","valueRequired":true,"valueName":"search_term_string"}}],"inLanguage":"en-US"},{"@type":"Organization","@id":"https:\/\/gooddealersmeds.com\/es\/#organization","name":"Good Dealers Meds","url":"https:\/\/gooddealersmeds.com\/es\/","logo":{"@type":"ImageObject","inLanguage":"en-US","@id":"https:\/\/gooddealersmeds.com\/es\/#\/schema\/logo\/image\/","url":"https:\/\/gooddealersmeds.com\/es\/wp-content\/uploads\/sites\/4\/2022\/03\/gooddealersmeds__logo__20220317T222800Z.00.png","contentUrl":"https:\/\/gooddealersmeds.com\/es\/wp-content\/uploads\/sites\/4\/2022\/03\/gooddealersmeds__logo__20220317T222800Z.00.png","width":500,"height":325,"caption":"Good Dealers Meds"},"image":{"@id":"https:\/\/gooddealersmeds.com\/es\/#\/schema\/logo\/image\/"}}]}},"_links":{"self":[{"href":"https:\/\/gooddealersmeds.com\/es\/wp-json\/wp\/v2\/product\/2219","targetHints":{"allow":["GET"]}}],"collection":[{"href":"https:\/\/gooddealersmeds.com\/es\/wp-json\/wp\/v2\/product"}],"about":[{"href":"https:\/\/gooddealersmeds.com\/es\/wp-json\/wp\/v2\/types\/product"}],"replies":[{"embeddable":true,"href":"https:\/\/gooddealersmeds.com\/es\/wp-json\/wp\/v2\/comments?post=2219"}],"wp:featuredmedia":[{"embeddable":true,"href":"https:\/\/gooddealersmeds.com\/es\/wp-json\/wp\/v2\/media\/2249"}],"wp:attachment":[{"href":"https:\/\/gooddealersmeds.com\/es\/wp-json\/wp\/v2\/media?parent=2219"}],"wp:term":[{"taxonomy":"product_brand","embeddable":true,"href":"https:\/\/gooddealersmeds.com\/es\/wp-json\/wp\/v2\/product_brand?post=2219"},{"taxonomy":"product_cat","embeddable":true,"href":"https:\/\/gooddealersmeds.com\/es\/wp-json\/wp\/v2\/product_cat?post=2219"},{"taxonomy":"product_tag","embeddable":true,"href":"https:\/\/gooddealersmeds.com\/es\/wp-json\/wp\/v2\/product_tag?post=2219"}],"curies":[{"name":"wp","href":"https:\/\/api.w.org\/{rel}","templated":true}]}}