{"id":2218,"date":"2023-01-08T19:01:22","date_gmt":"2023-01-08T19:01:22","guid":{"rendered":"https:\/\/gooddealersmeds.com\/es\/?post_type=product&#038;p=2218"},"modified":"2023-03-12T22:24:56","modified_gmt":"2023-03-12T22:24:56","slug":"comprar-jwh-018-en-linea","status":"publish","type":"product","link":"https:\/\/gooddealersmeds.com\/es\/product\/comprar-jwh-018-en-linea\/","title":{"rendered":"Comprar JWH-018 en l\u00ednea"},"content":{"rendered":"<h2>Polvo JWH 018: Comprar JWH-018 en l\u00ednea<\/h2>\n<p>Comprar JWH-018 online es un material anal\u00edtico de referencia clasificado como <a href=\"https:\/\/www.frontiersin.org\/articles\/10.3389\/fpsyt.2018.00055\/full\">cannabinoide sint\u00e9tico<\/a>. 1. Se encuentra en mezclas de hierbas tipo Spice\/K2 y puede tener propiedades neurot\u00f3xicas. JWH-018 tambi\u00e9n se obtuvo de tres fuentes en l\u00ednea no tradicionales diferentes: jwh018\u00a0gooddealchem.com.<\/p>\n<p>Ver y comprar JWH 018 en alta pureza. JWH-018 es un agonista cannabinoide sint\u00e9tico sin la estructura qu\u00edmica cannabinoide cl\u00e1sica. Se ha utilizado en la investigaci\u00f3n como una herramienta de investigaci\u00f3n.<\/p>\n<p>Orden JWH-018<br \/>\n\u00bfD\u00f3nde puedo comprar JWH-018?<br \/>\nJWH-018 en venta<br \/>\nJWH-018<br \/>\ncomprar JWH-018 en l\u00ednea<br \/>\nJWH-018 comprar aqu\u00ed<\/p>\n<p>&nbsp;<\/p>\n<h3>JWH-018 a la venta<\/h3>\n<p>Estamos comprometidos a ayudar a los clientes de todo el mundo con sus diversas necesidades brind\u00e1ndoles servicios integrales y profesionales. Disfruta de una buena reputaci\u00f3n entre nuestros socios comerciales y clientes por productos de alta calidad, mantiene los m\u00e1s altos est\u00e1ndares en la fabricaci\u00f3n de nuestros productos y la selecci\u00f3n de todos los productos que incluimos en nuestra gama con a\u00f1os de experiencia.<\/p>\n<p>En esta industria, hemos construido una reputaci\u00f3n como uno de los proveedores m\u00e1s confiables en el Reino Unido, Europa y el mundo.<\/p>\n<p>Sabemos que hay muchas opciones diferentes para la entrega de sus productos qu\u00edmicos de investigaci\u00f3n,<\/p>\n<p>As\u00ed que t\u00f3mese un momento para leer lo que nos hace diferentes del resto.<\/p>\n<p>ordenar JWH-018 en l\u00ednea<br \/>\nJWH-018 barato a la venta<br \/>\nJWH-018 aqu\u00ed<br \/>\nJWH-018 cerca de m\u00ed<br \/>\nJWH-018 donde ordenar<br \/>\nDistribuidor JWH-018<\/p>\n","protected":false},"excerpt":{"rendered":"<p><strong>Comprar JWH 018 en l\u00ednea:<\/strong><\/p>\n<p>Muchos clientes de JWH 018 nos hacen pedidos. Vendemos JWH-018 de la mejor calidad en l\u00ednea y nuestro mejor m\u00e9todo de pago. Puede pedir JWH-018 y recibirlo al d\u00eda siguiente, la entrega se realiza con cuidado, no se requiere firma. Gooddealchem.com es su soluci\u00f3n para comprar JWH-018 en l\u00ednea.<\/p>\n","protected":false},"featured_media":2248,"comment_status":"open","ping_status":"closed","template":"","meta":{"inline_featured_image":false},"product_brand":[],"product_cat":[344],"product_tag":[669,670,671],"class_list":{"0":"post-2218","1":"product","2":"type-product","3":"status-publish","4":"has-post-thumbnail","6":"product_cat-productos-qumicos-de-investigacin","7":"product_tag-comprar-jwh-018-en-linea","8":"product_tag-es-jwh-018-legal","9":"product_tag-proveedor-legitimo-de-jwh-018","11":"first","12":"instock","13":"shipping-taxable","14":"purchasable","15":"product-type-variable","16":"has-default-attributes"},"yoast_head":"<!-- This site is optimized with the Yoast SEO Premium plugin v20.6 (Yoast SEO v27.3) - https:\/\/yoast.com\/product\/yoast-seo-premium-wordpress\/ -->\n<title>Comprar JWH-018 en l\u00ednea | Ordene JWH-018 aqu\u00ed | JWH-018 a la venta.<\/title>\n<meta name=\"description\" content=\"Comprar JWH-018 en l\u00ednea, somos los mejores proveedores de JWH-018 a un precio asequible y garantizamos la entrega. Pide el producto de la mejor calidad.\" \/>\n<meta name=\"robots\" content=\"index, follow, max-snippet:-1, max-image-preview:large, max-video-preview:-1\" \/>\n<link rel=\"canonical\" href=\"https:\/\/gooddealersmeds.com\/es\/product\/comprar-jwh-018-en-linea\/\" \/>\n<meta property=\"og:locale\" content=\"en_US\" \/>\n<meta property=\"og:type\" content=\"article\" \/>\n<meta property=\"og:title\" content=\"Comprar JWH-018 en l\u00ednea\" \/>\n<meta property=\"og:description\" content=\"Comprar JWH-018 en l\u00ednea, somos los mejores proveedores de JWH-018 a un precio asequible y garantizamos la entrega. Pide el producto de la mejor calidad.\" \/>\n<meta property=\"og:url\" content=\"https:\/\/gooddealersmeds.com\/es\/product\/comprar-jwh-018-en-linea\/\" \/>\n<meta property=\"og:site_name\" content=\"Good Dealers Meds\" \/>\n<meta property=\"article:modified_time\" content=\"2023-03-12T22:24:56+00:00\" \/>\n<meta property=\"og:image\" content=\"https:\/\/gooddealersmeds.com\/es\/wp-content\/uploads\/sites\/4\/2023\/01\/JHW-018-1.jpg\" \/>\n\t<meta property=\"og:image:width\" content=\"600\" \/>\n\t<meta property=\"og:image:height\" content=\"600\" \/>\n\t<meta property=\"og:image:type\" content=\"image\/jpeg\" \/>\n<meta name=\"twitter:card\" content=\"summary_large_image\" \/>\n<meta name=\"twitter:label1\" content=\"Est. reading time\" \/>\n\t<meta name=\"twitter:data1\" content=\"1 minute\" \/>\n<script type=\"application\/ld+json\" class=\"yoast-schema-graph\">{\"@context\":\"https:\\\/\\\/schema.org\",\"@graph\":[{\"@type\":\"WebPage\",\"@id\":\"https:\\\/\\\/gooddealersmeds.com\\\/es\\\/product\\\/comprar-jwh-018-en-linea\\\/\",\"url\":\"https:\\\/\\\/gooddealersmeds.com\\\/es\\\/product\\\/comprar-jwh-018-en-linea\\\/\",\"name\":\"Comprar JWH-018 en l\u00ednea | Ordene JWH-018 aqu\u00ed | JWH-018 a la venta.\",\"isPartOf\":{\"@id\":\"https:\\\/\\\/gooddealersmeds.com\\\/es\\\/#website\"},\"primaryImageOfPage\":{\"@id\":\"https:\\\/\\\/gooddealersmeds.com\\\/es\\\/product\\\/comprar-jwh-018-en-linea\\\/#primaryimage\"},\"image\":{\"@id\":\"https:\\\/\\\/gooddealersmeds.com\\\/es\\\/product\\\/comprar-jwh-018-en-linea\\\/#primaryimage\"},\"thumbnailUrl\":\"https:\\\/\\\/gooddealersmeds.com\\\/es\\\/wp-content\\\/uploads\\\/sites\\\/4\\\/2023\\\/01\\\/JHW-018-1.jpg\",\"datePublished\":\"2023-01-08T19:01:22+00:00\",\"dateModified\":\"2023-03-12T22:24:56+00:00\",\"description\":\"Comprar JWH-018 en l\u00ednea, somos los mejores proveedores de JWH-018 a un precio asequible y garantizamos la entrega. Pide el producto de la mejor calidad.\",\"breadcrumb\":{\"@id\":\"https:\\\/\\\/gooddealersmeds.com\\\/es\\\/product\\\/comprar-jwh-018-en-linea\\\/#breadcrumb\"},\"inLanguage\":\"en-US\",\"potentialAction\":[{\"@type\":\"ReadAction\",\"target\":[\"https:\\\/\\\/gooddealersmeds.com\\\/es\\\/product\\\/comprar-jwh-018-en-linea\\\/\"]}]},{\"@type\":\"ImageObject\",\"inLanguage\":\"en-US\",\"@id\":\"https:\\\/\\\/gooddealersmeds.com\\\/es\\\/product\\\/comprar-jwh-018-en-linea\\\/#primaryimage\",\"url\":\"https:\\\/\\\/gooddealersmeds.com\\\/es\\\/wp-content\\\/uploads\\\/sites\\\/4\\\/2023\\\/01\\\/JHW-018-1.jpg\",\"contentUrl\":\"https:\\\/\\\/gooddealersmeds.com\\\/es\\\/wp-content\\\/uploads\\\/sites\\\/4\\\/2023\\\/01\\\/JHW-018-1.jpg\",\"width\":600,\"height\":600},{\"@type\":\"BreadcrumbList\",\"@id\":\"https:\\\/\\\/gooddealersmeds.com\\\/es\\\/product\\\/comprar-jwh-018-en-linea\\\/#breadcrumb\",\"itemListElement\":[{\"@type\":\"ListItem\",\"position\":1,\"name\":\"Home\",\"item\":\"https:\\\/\\\/gooddealersmeds.com\\\/es\\\/\"},{\"@type\":\"ListItem\",\"position\":2,\"name\":\"Productos\",\"item\":\"https:\\\/\\\/gooddealersmeds.com\\\/es\\\/productos\\\/\"},{\"@type\":\"ListItem\",\"position\":3,\"name\":\"Comprar JWH-018 en l\u00ednea\"}]},{\"@type\":\"WebSite\",\"@id\":\"https:\\\/\\\/gooddealersmeds.com\\\/es\\\/#website\",\"url\":\"https:\\\/\\\/gooddealersmeds.com\\\/es\\\/\",\"name\":\"Good Dealers Meds\",\"description\":\"All our best\",\"publisher\":{\"@id\":\"https:\\\/\\\/gooddealersmeds.com\\\/es\\\/#organization\"},\"potentialAction\":[{\"@type\":\"SearchAction\",\"target\":{\"@type\":\"EntryPoint\",\"urlTemplate\":\"https:\\\/\\\/gooddealersmeds.com\\\/es\\\/?s={search_term_string}\"},\"query-input\":{\"@type\":\"PropertyValueSpecification\",\"valueRequired\":true,\"valueName\":\"search_term_string\"}}],\"inLanguage\":\"en-US\"},{\"@type\":\"Organization\",\"@id\":\"https:\\\/\\\/gooddealersmeds.com\\\/es\\\/#organization\",\"name\":\"Good Dealers Meds\",\"url\":\"https:\\\/\\\/gooddealersmeds.com\\\/es\\\/\",\"logo\":{\"@type\":\"ImageObject\",\"inLanguage\":\"en-US\",\"@id\":\"https:\\\/\\\/gooddealersmeds.com\\\/es\\\/#\\\/schema\\\/logo\\\/image\\\/\",\"url\":\"https:\\\/\\\/gooddealersmeds.com\\\/es\\\/wp-content\\\/uploads\\\/sites\\\/4\\\/2022\\\/03\\\/gooddealersmeds__logo__20220317T222800Z.00.png\",\"contentUrl\":\"https:\\\/\\\/gooddealersmeds.com\\\/es\\\/wp-content\\\/uploads\\\/sites\\\/4\\\/2022\\\/03\\\/gooddealersmeds__logo__20220317T222800Z.00.png\",\"width\":500,\"height\":325,\"caption\":\"Good Dealers Meds\"},\"image\":{\"@id\":\"https:\\\/\\\/gooddealersmeds.com\\\/es\\\/#\\\/schema\\\/logo\\\/image\\\/\"}}]}<\/script>\n<!-- \/ Yoast SEO Premium plugin. -->","yoast_head_json":{"title":"Comprar JWH-018 en l\u00ednea | Ordene JWH-018 aqu\u00ed | JWH-018 a la venta.","description":"Comprar JWH-018 en l\u00ednea, somos los mejores proveedores de JWH-018 a un precio asequible y garantizamos la entrega. Pide el producto de la mejor calidad.","robots":{"index":"index","follow":"follow","max-snippet":"max-snippet:-1","max-image-preview":"max-image-preview:large","max-video-preview":"max-video-preview:-1"},"canonical":"https:\/\/gooddealersmeds.com\/es\/product\/comprar-jwh-018-en-linea\/","og_locale":"en_US","og_type":"article","og_title":"Comprar JWH-018 en l\u00ednea","og_description":"Comprar JWH-018 en l\u00ednea, somos los mejores proveedores de JWH-018 a un precio asequible y garantizamos la entrega. Pide el producto de la mejor calidad.","og_url":"https:\/\/gooddealersmeds.com\/es\/product\/comprar-jwh-018-en-linea\/","og_site_name":"Good Dealers Meds","article_modified_time":"2023-03-12T22:24:56+00:00","og_image":[{"width":600,"height":600,"url":"https:\/\/gooddealersmeds.com\/es\/wp-content\/uploads\/sites\/4\/2023\/01\/JHW-018-1.jpg","type":"image\/jpeg"}],"twitter_card":"summary_large_image","twitter_misc":{"Est. reading time":"1 minute"},"schema":{"@context":"https:\/\/schema.org","@graph":[{"@type":"WebPage","@id":"https:\/\/gooddealersmeds.com\/es\/product\/comprar-jwh-018-en-linea\/","url":"https:\/\/gooddealersmeds.com\/es\/product\/comprar-jwh-018-en-linea\/","name":"Comprar JWH-018 en l\u00ednea | Ordene JWH-018 aqu\u00ed | JWH-018 a la venta.","isPartOf":{"@id":"https:\/\/gooddealersmeds.com\/es\/#website"},"primaryImageOfPage":{"@id":"https:\/\/gooddealersmeds.com\/es\/product\/comprar-jwh-018-en-linea\/#primaryimage"},"image":{"@id":"https:\/\/gooddealersmeds.com\/es\/product\/comprar-jwh-018-en-linea\/#primaryimage"},"thumbnailUrl":"https:\/\/gooddealersmeds.com\/es\/wp-content\/uploads\/sites\/4\/2023\/01\/JHW-018-1.jpg","datePublished":"2023-01-08T19:01:22+00:00","dateModified":"2023-03-12T22:24:56+00:00","description":"Comprar JWH-018 en l\u00ednea, somos los mejores proveedores de JWH-018 a un precio asequible y garantizamos la entrega. Pide el producto de la mejor calidad.","breadcrumb":{"@id":"https:\/\/gooddealersmeds.com\/es\/product\/comprar-jwh-018-en-linea\/#breadcrumb"},"inLanguage":"en-US","potentialAction":[{"@type":"ReadAction","target":["https:\/\/gooddealersmeds.com\/es\/product\/comprar-jwh-018-en-linea\/"]}]},{"@type":"ImageObject","inLanguage":"en-US","@id":"https:\/\/gooddealersmeds.com\/es\/product\/comprar-jwh-018-en-linea\/#primaryimage","url":"https:\/\/gooddealersmeds.com\/es\/wp-content\/uploads\/sites\/4\/2023\/01\/JHW-018-1.jpg","contentUrl":"https:\/\/gooddealersmeds.com\/es\/wp-content\/uploads\/sites\/4\/2023\/01\/JHW-018-1.jpg","width":600,"height":600},{"@type":"BreadcrumbList","@id":"https:\/\/gooddealersmeds.com\/es\/product\/comprar-jwh-018-en-linea\/#breadcrumb","itemListElement":[{"@type":"ListItem","position":1,"name":"Home","item":"https:\/\/gooddealersmeds.com\/es\/"},{"@type":"ListItem","position":2,"name":"Productos","item":"https:\/\/gooddealersmeds.com\/es\/productos\/"},{"@type":"ListItem","position":3,"name":"Comprar JWH-018 en l\u00ednea"}]},{"@type":"WebSite","@id":"https:\/\/gooddealersmeds.com\/es\/#website","url":"https:\/\/gooddealersmeds.com\/es\/","name":"Good Dealers Meds","description":"All our best","publisher":{"@id":"https:\/\/gooddealersmeds.com\/es\/#organization"},"potentialAction":[{"@type":"SearchAction","target":{"@type":"EntryPoint","urlTemplate":"https:\/\/gooddealersmeds.com\/es\/?s={search_term_string}"},"query-input":{"@type":"PropertyValueSpecification","valueRequired":true,"valueName":"search_term_string"}}],"inLanguage":"en-US"},{"@type":"Organization","@id":"https:\/\/gooddealersmeds.com\/es\/#organization","name":"Good Dealers Meds","url":"https:\/\/gooddealersmeds.com\/es\/","logo":{"@type":"ImageObject","inLanguage":"en-US","@id":"https:\/\/gooddealersmeds.com\/es\/#\/schema\/logo\/image\/","url":"https:\/\/gooddealersmeds.com\/es\/wp-content\/uploads\/sites\/4\/2022\/03\/gooddealersmeds__logo__20220317T222800Z.00.png","contentUrl":"https:\/\/gooddealersmeds.com\/es\/wp-content\/uploads\/sites\/4\/2022\/03\/gooddealersmeds__logo__20220317T222800Z.00.png","width":500,"height":325,"caption":"Good Dealers Meds"},"image":{"@id":"https:\/\/gooddealersmeds.com\/es\/#\/schema\/logo\/image\/"}}]}},"_links":{"self":[{"href":"https:\/\/gooddealersmeds.com\/es\/wp-json\/wp\/v2\/product\/2218","targetHints":{"allow":["GET"]}}],"collection":[{"href":"https:\/\/gooddealersmeds.com\/es\/wp-json\/wp\/v2\/product"}],"about":[{"href":"https:\/\/gooddealersmeds.com\/es\/wp-json\/wp\/v2\/types\/product"}],"replies":[{"embeddable":true,"href":"https:\/\/gooddealersmeds.com\/es\/wp-json\/wp\/v2\/comments?post=2218"}],"wp:featuredmedia":[{"embeddable":true,"href":"https:\/\/gooddealersmeds.com\/es\/wp-json\/wp\/v2\/media\/2248"}],"wp:attachment":[{"href":"https:\/\/gooddealersmeds.com\/es\/wp-json\/wp\/v2\/media?parent=2218"}],"wp:term":[{"taxonomy":"product_brand","embeddable":true,"href":"https:\/\/gooddealersmeds.com\/es\/wp-json\/wp\/v2\/product_brand?post=2218"},{"taxonomy":"product_cat","embeddable":true,"href":"https:\/\/gooddealersmeds.com\/es\/wp-json\/wp\/v2\/product_cat?post=2218"},{"taxonomy":"product_tag","embeddable":true,"href":"https:\/\/gooddealersmeds.com\/es\/wp-json\/wp\/v2\/product_tag?post=2218"}],"curies":[{"name":"wp","href":"https:\/\/api.w.org\/{rel}","templated":true}]}}