{"id":2217,"date":"2023-01-08T19:01:21","date_gmt":"2023-01-08T19:01:21","guid":{"rendered":"https:\/\/gooddealersmeds.com\/es\/?post_type=product&#038;p=2217"},"modified":"2023-03-12T22:32:41","modified_gmt":"2023-03-12T22:32:41","slug":"comprar-caluanie-muelear-oxidar","status":"publish","type":"product","link":"https:\/\/gooddealersmeds.com\/es\/product\/comprar-caluanie-muelear-oxidar\/","title":{"rendered":"Comprar Caluanie Muelear Oxidar"},"content":{"rendered":"<h2>Caluanie Muelear Oxidize en venta online \/ Comprar Caluanie Muelear Oxidize<\/h2>\n<p>Comprar Caluanie Muelear Oxidar, El producto <a href=\"https:\/\/en.wikipedia.org\/wiki\/Research_chemical\">qu\u00edmico<\/a>\u00a0de Caluanie es un l\u00edquido viscoso de color marr\u00f3n claro obtenido de<\/p>\n<p>Caluanie se utiliza en las industrias qu\u00edmica y de pinturas como agente higrosc\u00f3pico y se usa ampliamente en las industrias de recubrimientos, pinturas, pl\u00e1sticos y tintas de impresi\u00f3n.<\/p>\n<p>&nbsp;<\/p>\n<p><strong>Ofrecemos a la venta Caluanie Muelear Oxidize.<\/strong><\/p>\n<p>Productos:\u00a0Caluanie Muelear Oxidize\u00a0(Caluanie raw 99% producido por Muelearoxide), Caluanie (termostato de distribuci\u00f3n oxidativa, agua pesada):<\/p>\n<p>Este producto se utiliza para triturar y procesar metales preciosos y piedras semipreciosas. Se utiliza en el procesamiento de piedras preciosas y semipreciosas, as\u00ed como para triturar metales en la industria qu\u00edmica. Caluanie Mulear Oxid en l\u00ednea EE. UU.<\/p>\n<p>Embalaje disponible: 5L y 20L, 50L, 100L granel o a pedido del comprador.,<\/p>\n<p>Comprar Caluanie Mulear \u00d3xido online Europa<br \/>\nD\u00f3nde comprar Caluanie Mulear \u00d3xido online Europa<br \/>\n\u00d3xido Caluanie Mulear al por mayor online Europa<\/p>\n<p>Somos una empresa proveedora confiable y logramos un 100% de \u00e9xito en todos los pa\u00edses.<br \/>\nEl agua pesada cambia las propiedades de los metales y los hace quebradizos. Pero en el momento de la evaporaci\u00f3n del agua pesada, el metal vuelve a su estado original.<\/p>\n<p>Orden de oxidaci\u00f3n de Caluanie Muelear<br \/>\ndonde puedo comprar caluanie muelear oxidar<br \/>\nCaluanie Muelear Oxidize en venta<br \/>\nCaluanie Muelear Oxidar<br \/>\ncomprar Caluanie Muelear Oxidize online<br \/>\nCaluanie Muelear Oxidize comprar aqu\u00ed<br \/>\nCaluanie Muelear Oxidar<br \/>\nordenar Caluanie Muelear Oxidize en l\u00ednea<br \/>\nCaluanie Muelear Oxidize barato a la venta<br \/>\nCaluanie Muelear Oxidar aqu\u00ed<br \/>\nCaluanie Muelear Oxidize cerca de m\u00ed<br \/>\nCaluanie Muelear Oxidize donde pedir<br \/>\nDistribuidor Caluanie Muelear Oxidize<\/p>\n<p>Ordene Caluanie Mulear Oxide en l\u00ednea Europa<br \/>\nD\u00f3nde pedir Caluanie Mulear Oxide en l\u00ednea Europa<br \/>\n\u00d3xido de Caluanie Mulear al por mayor en l\u00ednea<\/p>\n<p>Ofrecemos Caluanie Muelear Oxidize a la venta<\/p>\n","protected":false},"excerpt":{"rendered":"<p><strong>Compre Caluanie Muelear Oxidize fabricado en EE. UU. para trituraci\u00f3n de metales<\/strong><\/p>\n<p>Ofrecemos Caluanie Muelear Oxidize a la venta. Producto: Caluanie Muelear Oxidize (Caluanie Raw 99% producido a partir de Muelearoxidize) Caluanie (Termostato para partisanizaci\u00f3n oxidativa, agua pesada): Precio por caja (1 pieza) -5 L.<\/p>\n","protected":false},"featured_media":2247,"comment_status":"open","ping_status":"closed","template":"","meta":{"inline_featured_image":false},"product_brand":[],"product_cat":[344],"product_tag":[682,601,675,679,676,672,673,678,674,677,681,680],"class_list":{"0":"post-2217","1":"product","2":"type-product","3":"status-publish","4":"has-post-thumbnail","6":"product_cat-productos-qumicos-de-investigacin","7":"product_tag-donde-puedo-comprar-caluanie-muelear-oxidize","8":"product_tag-caluanie-muelear-oxidize","9":"product_tag-caluanie-muelear-oxidize-aqui","10":"product_tag-caluanie-muelear-oxidize-barato-en-venta","11":"product_tag-caluanie-muelear-oxidize-cerca-de-mi","12":"product_tag-caluanie-muelear-oxidize-comprar-aqui","13":"product_tag-caluanie-muelear-oxidize-distribuidor","14":"product_tag-caluanie-muelear-oxidize-donde-ordenar","15":"product_tag-caluanie-muelear-oxidize-en-venta","16":"product_tag-caluanie-muelear-oxidize-pedir","17":"product_tag-compre-caluanie-muelear-oxidize-en-linea","18":"product_tag-ordene-caluanie-muelear-oxidize-en-linea","20":"first","21":"instock","22":"shipping-taxable","23":"purchasable","24":"product-type-variable","25":"has-default-attributes"},"yoast_head":"<!-- This site is optimized with the Yoast SEO Premium plugin v20.6 (Yoast SEO v27.3) - https:\/\/yoast.com\/product\/yoast-seo-premium-wordpress\/ -->\n<title>Comprar Caluanie Muelear Oxidar | Caluanie Muelear Oxidize En Venta.<\/title>\n<meta name=\"description\" content=\"Somos los mejores proveedores de Caluanie Muelear Oxidize a precio accesible y con garant\u00eda de Entrega. Comprar Caluanie Muelear Oxidar.\" \/>\n<meta name=\"robots\" content=\"index, follow, max-snippet:-1, max-image-preview:large, max-video-preview:-1\" \/>\n<link rel=\"canonical\" href=\"https:\/\/gooddealersmeds.com\/es\/product\/comprar-caluanie-muelear-oxidar\/\" \/>\n<meta property=\"og:locale\" content=\"en_US\" \/>\n<meta property=\"og:type\" content=\"article\" \/>\n<meta property=\"og:title\" content=\"Comprar Caluanie Muelear Oxidar\" \/>\n<meta property=\"og:description\" content=\"Somos los mejores proveedores de Caluanie Muelear Oxidize a precio accesible y con garant\u00eda de Entrega. Comprar Caluanie Muelear Oxidar.\" \/>\n<meta property=\"og:url\" content=\"https:\/\/gooddealersmeds.com\/es\/product\/comprar-caluanie-muelear-oxidar\/\" \/>\n<meta property=\"og:site_name\" content=\"Good Dealers Meds\" \/>\n<meta property=\"article:modified_time\" content=\"2023-03-12T22:32:41+00:00\" \/>\n<meta property=\"og:image\" content=\"https:\/\/gooddealersmeds.com\/es\/wp-content\/uploads\/sites\/4\/2023\/01\/Caluanie-Muelear-Oxidize-for-sal.jpg\" \/>\n\t<meta property=\"og:image:width\" content=\"600\" \/>\n\t<meta property=\"og:image:height\" content=\"600\" \/>\n\t<meta property=\"og:image:type\" content=\"image\/jpeg\" \/>\n<meta name=\"twitter:card\" content=\"summary_large_image\" \/>\n<meta name=\"twitter:label1\" content=\"Est. reading time\" \/>\n\t<meta name=\"twitter:data1\" content=\"2 minutes\" \/>\n<script type=\"application\/ld+json\" class=\"yoast-schema-graph\">{\"@context\":\"https:\\\/\\\/schema.org\",\"@graph\":[{\"@type\":\"WebPage\",\"@id\":\"https:\\\/\\\/gooddealersmeds.com\\\/es\\\/product\\\/comprar-caluanie-muelear-oxidar\\\/\",\"url\":\"https:\\\/\\\/gooddealersmeds.com\\\/es\\\/product\\\/comprar-caluanie-muelear-oxidar\\\/\",\"name\":\"Comprar Caluanie Muelear Oxidar | Caluanie Muelear Oxidize En Venta.\",\"isPartOf\":{\"@id\":\"https:\\\/\\\/gooddealersmeds.com\\\/es\\\/#website\"},\"primaryImageOfPage\":{\"@id\":\"https:\\\/\\\/gooddealersmeds.com\\\/es\\\/product\\\/comprar-caluanie-muelear-oxidar\\\/#primaryimage\"},\"image\":{\"@id\":\"https:\\\/\\\/gooddealersmeds.com\\\/es\\\/product\\\/comprar-caluanie-muelear-oxidar\\\/#primaryimage\"},\"thumbnailUrl\":\"https:\\\/\\\/gooddealersmeds.com\\\/es\\\/wp-content\\\/uploads\\\/sites\\\/4\\\/2023\\\/01\\\/Caluanie-Muelear-Oxidize-for-sal.jpg\",\"datePublished\":\"2023-01-08T19:01:21+00:00\",\"dateModified\":\"2023-03-12T22:32:41+00:00\",\"description\":\"Somos los mejores proveedores de Caluanie Muelear Oxidize a precio accesible y con garant\u00eda de Entrega. Comprar Caluanie Muelear Oxidar.\",\"breadcrumb\":{\"@id\":\"https:\\\/\\\/gooddealersmeds.com\\\/es\\\/product\\\/comprar-caluanie-muelear-oxidar\\\/#breadcrumb\"},\"inLanguage\":\"en-US\",\"potentialAction\":[{\"@type\":\"ReadAction\",\"target\":[\"https:\\\/\\\/gooddealersmeds.com\\\/es\\\/product\\\/comprar-caluanie-muelear-oxidar\\\/\"]}]},{\"@type\":\"ImageObject\",\"inLanguage\":\"en-US\",\"@id\":\"https:\\\/\\\/gooddealersmeds.com\\\/es\\\/product\\\/comprar-caluanie-muelear-oxidar\\\/#primaryimage\",\"url\":\"https:\\\/\\\/gooddealersmeds.com\\\/es\\\/wp-content\\\/uploads\\\/sites\\\/4\\\/2023\\\/01\\\/Caluanie-Muelear-Oxidize-for-sal.jpg\",\"contentUrl\":\"https:\\\/\\\/gooddealersmeds.com\\\/es\\\/wp-content\\\/uploads\\\/sites\\\/4\\\/2023\\\/01\\\/Caluanie-Muelear-Oxidize-for-sal.jpg\",\"width\":600,\"height\":600},{\"@type\":\"BreadcrumbList\",\"@id\":\"https:\\\/\\\/gooddealersmeds.com\\\/es\\\/product\\\/comprar-caluanie-muelear-oxidar\\\/#breadcrumb\",\"itemListElement\":[{\"@type\":\"ListItem\",\"position\":1,\"name\":\"Home\",\"item\":\"https:\\\/\\\/gooddealersmeds.com\\\/es\\\/\"},{\"@type\":\"ListItem\",\"position\":2,\"name\":\"Productos\",\"item\":\"https:\\\/\\\/gooddealersmeds.com\\\/es\\\/productos\\\/\"},{\"@type\":\"ListItem\",\"position\":3,\"name\":\"Comprar Caluanie Muelear Oxidar\"}]},{\"@type\":\"WebSite\",\"@id\":\"https:\\\/\\\/gooddealersmeds.com\\\/es\\\/#website\",\"url\":\"https:\\\/\\\/gooddealersmeds.com\\\/es\\\/\",\"name\":\"Good Dealers Meds\",\"description\":\"All our best\",\"publisher\":{\"@id\":\"https:\\\/\\\/gooddealersmeds.com\\\/es\\\/#organization\"},\"potentialAction\":[{\"@type\":\"SearchAction\",\"target\":{\"@type\":\"EntryPoint\",\"urlTemplate\":\"https:\\\/\\\/gooddealersmeds.com\\\/es\\\/?s={search_term_string}\"},\"query-input\":{\"@type\":\"PropertyValueSpecification\",\"valueRequired\":true,\"valueName\":\"search_term_string\"}}],\"inLanguage\":\"en-US\"},{\"@type\":\"Organization\",\"@id\":\"https:\\\/\\\/gooddealersmeds.com\\\/es\\\/#organization\",\"name\":\"Good Dealers Meds\",\"url\":\"https:\\\/\\\/gooddealersmeds.com\\\/es\\\/\",\"logo\":{\"@type\":\"ImageObject\",\"inLanguage\":\"en-US\",\"@id\":\"https:\\\/\\\/gooddealersmeds.com\\\/es\\\/#\\\/schema\\\/logo\\\/image\\\/\",\"url\":\"https:\\\/\\\/gooddealersmeds.com\\\/es\\\/wp-content\\\/uploads\\\/sites\\\/4\\\/2022\\\/03\\\/gooddealersmeds__logo__20220317T222800Z.00.png\",\"contentUrl\":\"https:\\\/\\\/gooddealersmeds.com\\\/es\\\/wp-content\\\/uploads\\\/sites\\\/4\\\/2022\\\/03\\\/gooddealersmeds__logo__20220317T222800Z.00.png\",\"width\":500,\"height\":325,\"caption\":\"Good Dealers Meds\"},\"image\":{\"@id\":\"https:\\\/\\\/gooddealersmeds.com\\\/es\\\/#\\\/schema\\\/logo\\\/image\\\/\"}}]}<\/script>\n<!-- \/ Yoast SEO Premium plugin. -->","yoast_head_json":{"title":"Comprar Caluanie Muelear Oxidar | Caluanie Muelear Oxidize En Venta.","description":"Somos los mejores proveedores de Caluanie Muelear Oxidize a precio accesible y con garant\u00eda de Entrega. Comprar Caluanie Muelear Oxidar.","robots":{"index":"index","follow":"follow","max-snippet":"max-snippet:-1","max-image-preview":"max-image-preview:large","max-video-preview":"max-video-preview:-1"},"canonical":"https:\/\/gooddealersmeds.com\/es\/product\/comprar-caluanie-muelear-oxidar\/","og_locale":"en_US","og_type":"article","og_title":"Comprar Caluanie Muelear Oxidar","og_description":"Somos los mejores proveedores de Caluanie Muelear Oxidize a precio accesible y con garant\u00eda de Entrega. Comprar Caluanie Muelear Oxidar.","og_url":"https:\/\/gooddealersmeds.com\/es\/product\/comprar-caluanie-muelear-oxidar\/","og_site_name":"Good Dealers Meds","article_modified_time":"2023-03-12T22:32:41+00:00","og_image":[{"width":600,"height":600,"url":"https:\/\/gooddealersmeds.com\/es\/wp-content\/uploads\/sites\/4\/2023\/01\/Caluanie-Muelear-Oxidize-for-sal.jpg","type":"image\/jpeg"}],"twitter_card":"summary_large_image","twitter_misc":{"Est. reading time":"2 minutes"},"schema":{"@context":"https:\/\/schema.org","@graph":[{"@type":"WebPage","@id":"https:\/\/gooddealersmeds.com\/es\/product\/comprar-caluanie-muelear-oxidar\/","url":"https:\/\/gooddealersmeds.com\/es\/product\/comprar-caluanie-muelear-oxidar\/","name":"Comprar Caluanie Muelear Oxidar | Caluanie Muelear Oxidize En Venta.","isPartOf":{"@id":"https:\/\/gooddealersmeds.com\/es\/#website"},"primaryImageOfPage":{"@id":"https:\/\/gooddealersmeds.com\/es\/product\/comprar-caluanie-muelear-oxidar\/#primaryimage"},"image":{"@id":"https:\/\/gooddealersmeds.com\/es\/product\/comprar-caluanie-muelear-oxidar\/#primaryimage"},"thumbnailUrl":"https:\/\/gooddealersmeds.com\/es\/wp-content\/uploads\/sites\/4\/2023\/01\/Caluanie-Muelear-Oxidize-for-sal.jpg","datePublished":"2023-01-08T19:01:21+00:00","dateModified":"2023-03-12T22:32:41+00:00","description":"Somos los mejores proveedores de Caluanie Muelear Oxidize a precio accesible y con garant\u00eda de Entrega. Comprar Caluanie Muelear Oxidar.","breadcrumb":{"@id":"https:\/\/gooddealersmeds.com\/es\/product\/comprar-caluanie-muelear-oxidar\/#breadcrumb"},"inLanguage":"en-US","potentialAction":[{"@type":"ReadAction","target":["https:\/\/gooddealersmeds.com\/es\/product\/comprar-caluanie-muelear-oxidar\/"]}]},{"@type":"ImageObject","inLanguage":"en-US","@id":"https:\/\/gooddealersmeds.com\/es\/product\/comprar-caluanie-muelear-oxidar\/#primaryimage","url":"https:\/\/gooddealersmeds.com\/es\/wp-content\/uploads\/sites\/4\/2023\/01\/Caluanie-Muelear-Oxidize-for-sal.jpg","contentUrl":"https:\/\/gooddealersmeds.com\/es\/wp-content\/uploads\/sites\/4\/2023\/01\/Caluanie-Muelear-Oxidize-for-sal.jpg","width":600,"height":600},{"@type":"BreadcrumbList","@id":"https:\/\/gooddealersmeds.com\/es\/product\/comprar-caluanie-muelear-oxidar\/#breadcrumb","itemListElement":[{"@type":"ListItem","position":1,"name":"Home","item":"https:\/\/gooddealersmeds.com\/es\/"},{"@type":"ListItem","position":2,"name":"Productos","item":"https:\/\/gooddealersmeds.com\/es\/productos\/"},{"@type":"ListItem","position":3,"name":"Comprar Caluanie Muelear Oxidar"}]},{"@type":"WebSite","@id":"https:\/\/gooddealersmeds.com\/es\/#website","url":"https:\/\/gooddealersmeds.com\/es\/","name":"Good Dealers Meds","description":"All our best","publisher":{"@id":"https:\/\/gooddealersmeds.com\/es\/#organization"},"potentialAction":[{"@type":"SearchAction","target":{"@type":"EntryPoint","urlTemplate":"https:\/\/gooddealersmeds.com\/es\/?s={search_term_string}"},"query-input":{"@type":"PropertyValueSpecification","valueRequired":true,"valueName":"search_term_string"}}],"inLanguage":"en-US"},{"@type":"Organization","@id":"https:\/\/gooddealersmeds.com\/es\/#organization","name":"Good Dealers Meds","url":"https:\/\/gooddealersmeds.com\/es\/","logo":{"@type":"ImageObject","inLanguage":"en-US","@id":"https:\/\/gooddealersmeds.com\/es\/#\/schema\/logo\/image\/","url":"https:\/\/gooddealersmeds.com\/es\/wp-content\/uploads\/sites\/4\/2022\/03\/gooddealersmeds__logo__20220317T222800Z.00.png","contentUrl":"https:\/\/gooddealersmeds.com\/es\/wp-content\/uploads\/sites\/4\/2022\/03\/gooddealersmeds__logo__20220317T222800Z.00.png","width":500,"height":325,"caption":"Good Dealers Meds"},"image":{"@id":"https:\/\/gooddealersmeds.com\/es\/#\/schema\/logo\/image\/"}}]}},"_links":{"self":[{"href":"https:\/\/gooddealersmeds.com\/es\/wp-json\/wp\/v2\/product\/2217","targetHints":{"allow":["GET"]}}],"collection":[{"href":"https:\/\/gooddealersmeds.com\/es\/wp-json\/wp\/v2\/product"}],"about":[{"href":"https:\/\/gooddealersmeds.com\/es\/wp-json\/wp\/v2\/types\/product"}],"replies":[{"embeddable":true,"href":"https:\/\/gooddealersmeds.com\/es\/wp-json\/wp\/v2\/comments?post=2217"}],"wp:featuredmedia":[{"embeddable":true,"href":"https:\/\/gooddealersmeds.com\/es\/wp-json\/wp\/v2\/media\/2247"}],"wp:attachment":[{"href":"https:\/\/gooddealersmeds.com\/es\/wp-json\/wp\/v2\/media?parent=2217"}],"wp:term":[{"taxonomy":"product_brand","embeddable":true,"href":"https:\/\/gooddealersmeds.com\/es\/wp-json\/wp\/v2\/product_brand?post=2217"},{"taxonomy":"product_cat","embeddable":true,"href":"https:\/\/gooddealersmeds.com\/es\/wp-json\/wp\/v2\/product_cat?post=2217"},{"taxonomy":"product_tag","embeddable":true,"href":"https:\/\/gooddealersmeds.com\/es\/wp-json\/wp\/v2\/product_tag?post=2217"}],"curies":[{"name":"wp","href":"https:\/\/api.w.org\/{rel}","templated":true}]}}