{"id":2216,"date":"2023-01-08T19:01:21","date_gmt":"2023-01-08T19:01:21","guid":{"rendered":"https:\/\/gooddealersmeds.com\/es\/?post_type=product&#038;p=2216"},"modified":"2023-03-12T22:31:44","modified_gmt":"2023-03-12T22:31:44","slug":"comprar-a-oil-aceite-de-anfetamina","status":"publish","type":"product","link":"https:\/\/gooddealersmeds.com\/es\/product\/comprar-a-oil-aceite-de-anfetamina\/","title":{"rendered":"Comprar A-Oil (aceite de anfetamina)"},"content":{"rendered":"<h2><strong>Compre aceite de anfetamina (A-oil) en l\u00ednea ahora<\/strong><\/h2>\n<p>comprar aceite de anfetamina. El aceite de <a href=\"https:\/\/www.emcdda.europa.eu\/publications\/drug-profiles\/amphetamine_en\">A-anfetamina<\/a>\u00a0se usa en la reacci\u00f3n de la marihuana para sintetizar anfetamina, pero esta droga es dif\u00edcil de aislar y purificar. Cuando se calienta con \u00e1cido f\u00f3rmico, la N-formilanfetamina forma una mezcla de fenilactona y formafetamida, que se hidroliza para producir clorhidrato de anfetamina. El aceite de anfetamina se obtiene despu\u00e9s de la neutralizaci\u00f3n con una base m\u00e1s blanda. El aceite de anfetamina luego se destila al vapor para producir anfetamina pura. Luego se usa \u00e1cido sulf\u00farico para tratar la anfetamina b\u00e1sica para producir una sal cristalina. solicite aceite de anfetamina (A-oil) en l\u00ednea, proveedor de aceite de anfetamina en l\u00ednea, solicite aceite de anfetamina a granel a un precio econ\u00f3mico, el aceite de anfetamina tambi\u00e9n se llama aceite A, c\u00f3mo usar el aceite de anfetamina,<\/p>\n<p>Otra posibilidad es sintetizar anfetamina por aminaci\u00f3n reductora de fenilacetona. En el caso del gas amon\u00edaco, la anfetamina produce fenilacetona cuando se reduce catal\u00edticamente (Pd\/C o Pt2O).<\/p>\n<p>S\u00edntesis de metanfetamina y anfetamina oculta con anfetamina reducida en aceite. El paso de reducci\u00f3n en la s\u00edntesis en un punto es fundamental para las diversas rutas publicadas para la s\u00edntesis de anfetamina y metanfetamina. De las 95 referencias consideradas para la s\u00edntesis, todas menos diez utilizaron un enfoque reduccionista. Dada esta diversidad, consideramos una revisi\u00f3n de la qu\u00edmica y la discusi\u00f3n de la literatura compuesta. d\u00f3nde pedir aceite de anfetamina, pedir aceite A en l\u00ednea, aceite de anfetamina a la venta, c\u00f3mo obtener aceite de anfetamina, pedido de aceite de anfetamina, aceite A a la venta, c\u00f3mo comprar aceite A en l\u00ednea,<\/p>\n","protected":false},"excerpt":{"rendered":"<p>Compre aceite de anfetamina (A-oil) en l\u00ednea. El aceite de anfetamina A se usa en la reacci\u00f3n de la olla para sintetizar anfetamina, pero esta droga es dif\u00edcil de aislar y purificar.<\/p>\n","protected":false},"featured_media":2246,"comment_status":"open","ping_status":"closed","template":"","meta":{"inline_featured_image":false},"product_brand":[],"product_cat":[344],"product_tag":[],"class_list":{"0":"post-2216","1":"product","2":"type-product","3":"status-publish","4":"has-post-thumbnail","6":"product_cat-productos-qumicos-de-investigacin","8":"first","9":"instock","10":"shipping-taxable","11":"purchasable","12":"product-type-variable","13":"has-default-attributes"},"yoast_head":"<!-- This site is optimized with the Yoast SEO Premium plugin v20.6 (Yoast SEO v27.4) - https:\/\/yoast.com\/product\/yoast-seo-premium-wordpress\/ -->\n<title>comprar aceite de anfetamina | de aceite de anfetamina (A-oil) a la venta<\/title>\n<meta name=\"description\" content=\"comprar aceite de anfetamina a precios asequibles y rec\u00edbalo en la puerta de su casa. Enviamos a todo el mundo. orden de aceite de anfetamina\" \/>\n<meta name=\"robots\" content=\"index, follow, max-snippet:-1, max-image-preview:large, max-video-preview:-1\" \/>\n<link rel=\"canonical\" href=\"https:\/\/gooddealersmeds.com\/es\/product\/comprar-a-oil-aceite-de-anfetamina\/\" \/>\n<meta property=\"og:locale\" content=\"en_US\" \/>\n<meta property=\"og:type\" content=\"article\" \/>\n<meta property=\"og:title\" content=\"Comprar A-Oil (aceite de anfetamina)\" \/>\n<meta property=\"og:description\" content=\"comprar aceite de anfetamina a precios asequibles y rec\u00edbalo en la puerta de su casa. Enviamos a todo el mundo. orden de aceite de anfetamina\" \/>\n<meta property=\"og:url\" content=\"https:\/\/gooddealersmeds.com\/es\/product\/comprar-a-oil-aceite-de-anfetamina\/\" \/>\n<meta property=\"og:site_name\" content=\"Good Dealers Meds\" \/>\n<meta property=\"article:modified_time\" content=\"2023-03-12T22:31:44+00:00\" \/>\n<meta property=\"og:image\" content=\"https:\/\/gooddealersmeds.com\/es\/wp-content\/uploads\/sites\/4\/2023\/01\/A-Oil-Amphetamine-Oil-1.jpg\" \/>\n\t<meta property=\"og:image:width\" content=\"600\" \/>\n\t<meta property=\"og:image:height\" content=\"600\" \/>\n\t<meta property=\"og:image:type\" content=\"image\/jpeg\" \/>\n<meta name=\"twitter:card\" content=\"summary_large_image\" \/>\n<meta name=\"twitter:label1\" content=\"Est. reading time\" \/>\n\t<meta name=\"twitter:data1\" content=\"2 minutes\" \/>\n<script type=\"application\/ld+json\" class=\"yoast-schema-graph\">{\"@context\":\"https:\\\/\\\/schema.org\",\"@graph\":[{\"@type\":\"WebPage\",\"@id\":\"https:\\\/\\\/gooddealersmeds.com\\\/es\\\/product\\\/comprar-a-oil-aceite-de-anfetamina\\\/\",\"url\":\"https:\\\/\\\/gooddealersmeds.com\\\/es\\\/product\\\/comprar-a-oil-aceite-de-anfetamina\\\/\",\"name\":\"comprar aceite de anfetamina | de aceite de anfetamina (A-oil) a la venta\",\"isPartOf\":{\"@id\":\"https:\\\/\\\/gooddealersmeds.com\\\/es\\\/#website\"},\"primaryImageOfPage\":{\"@id\":\"https:\\\/\\\/gooddealersmeds.com\\\/es\\\/product\\\/comprar-a-oil-aceite-de-anfetamina\\\/#primaryimage\"},\"image\":{\"@id\":\"https:\\\/\\\/gooddealersmeds.com\\\/es\\\/product\\\/comprar-a-oil-aceite-de-anfetamina\\\/#primaryimage\"},\"thumbnailUrl\":\"https:\\\/\\\/gooddealersmeds.com\\\/es\\\/wp-content\\\/uploads\\\/sites\\\/4\\\/2023\\\/01\\\/A-Oil-Amphetamine-Oil-1.jpg\",\"datePublished\":\"2023-01-08T19:01:21+00:00\",\"dateModified\":\"2023-03-12T22:31:44+00:00\",\"description\":\"comprar aceite de anfetamina a precios asequibles y rec\u00edbalo en la puerta de su casa. Enviamos a todo el mundo. orden de aceite de anfetamina\",\"breadcrumb\":{\"@id\":\"https:\\\/\\\/gooddealersmeds.com\\\/es\\\/product\\\/comprar-a-oil-aceite-de-anfetamina\\\/#breadcrumb\"},\"inLanguage\":\"en-US\",\"potentialAction\":[{\"@type\":\"ReadAction\",\"target\":[\"https:\\\/\\\/gooddealersmeds.com\\\/es\\\/product\\\/comprar-a-oil-aceite-de-anfetamina\\\/\"]}]},{\"@type\":\"ImageObject\",\"inLanguage\":\"en-US\",\"@id\":\"https:\\\/\\\/gooddealersmeds.com\\\/es\\\/product\\\/comprar-a-oil-aceite-de-anfetamina\\\/#primaryimage\",\"url\":\"https:\\\/\\\/gooddealersmeds.com\\\/es\\\/wp-content\\\/uploads\\\/sites\\\/4\\\/2023\\\/01\\\/A-Oil-Amphetamine-Oil-1.jpg\",\"contentUrl\":\"https:\\\/\\\/gooddealersmeds.com\\\/es\\\/wp-content\\\/uploads\\\/sites\\\/4\\\/2023\\\/01\\\/A-Oil-Amphetamine-Oil-1.jpg\",\"width\":600,\"height\":600},{\"@type\":\"BreadcrumbList\",\"@id\":\"https:\\\/\\\/gooddealersmeds.com\\\/es\\\/product\\\/comprar-a-oil-aceite-de-anfetamina\\\/#breadcrumb\",\"itemListElement\":[{\"@type\":\"ListItem\",\"position\":1,\"name\":\"Home\",\"item\":\"https:\\\/\\\/gooddealersmeds.com\\\/es\\\/\"},{\"@type\":\"ListItem\",\"position\":2,\"name\":\"Productos\",\"item\":\"https:\\\/\\\/gooddealersmeds.com\\\/es\\\/productos\\\/\"},{\"@type\":\"ListItem\",\"position\":3,\"name\":\"Comprar A-Oil (aceite de anfetamina)\"}]},{\"@type\":\"WebSite\",\"@id\":\"https:\\\/\\\/gooddealersmeds.com\\\/es\\\/#website\",\"url\":\"https:\\\/\\\/gooddealersmeds.com\\\/es\\\/\",\"name\":\"Good Dealers Meds\",\"description\":\"All our best\",\"publisher\":{\"@id\":\"https:\\\/\\\/gooddealersmeds.com\\\/es\\\/#organization\"},\"potentialAction\":[{\"@type\":\"SearchAction\",\"target\":{\"@type\":\"EntryPoint\",\"urlTemplate\":\"https:\\\/\\\/gooddealersmeds.com\\\/es\\\/?s={search_term_string}\"},\"query-input\":{\"@type\":\"PropertyValueSpecification\",\"valueRequired\":true,\"valueName\":\"search_term_string\"}}],\"inLanguage\":\"en-US\"},{\"@type\":\"Organization\",\"@id\":\"https:\\\/\\\/gooddealersmeds.com\\\/es\\\/#organization\",\"name\":\"Good Dealers Meds\",\"url\":\"https:\\\/\\\/gooddealersmeds.com\\\/es\\\/\",\"logo\":{\"@type\":\"ImageObject\",\"inLanguage\":\"en-US\",\"@id\":\"https:\\\/\\\/gooddealersmeds.com\\\/es\\\/#\\\/schema\\\/logo\\\/image\\\/\",\"url\":\"https:\\\/\\\/gooddealersmeds.com\\\/es\\\/wp-content\\\/uploads\\\/sites\\\/4\\\/2022\\\/03\\\/gooddealersmeds__logo__20220317T222800Z.00.png\",\"contentUrl\":\"https:\\\/\\\/gooddealersmeds.com\\\/es\\\/wp-content\\\/uploads\\\/sites\\\/4\\\/2022\\\/03\\\/gooddealersmeds__logo__20220317T222800Z.00.png\",\"width\":500,\"height\":325,\"caption\":\"Good Dealers Meds\"},\"image\":{\"@id\":\"https:\\\/\\\/gooddealersmeds.com\\\/es\\\/#\\\/schema\\\/logo\\\/image\\\/\"}}]}<\/script>\n<!-- \/ Yoast SEO Premium plugin. -->","yoast_head_json":{"title":"comprar aceite de anfetamina | de aceite de anfetamina (A-oil) a la venta","description":"comprar aceite de anfetamina a precios asequibles y rec\u00edbalo en la puerta de su casa. Enviamos a todo el mundo. orden de aceite de anfetamina","robots":{"index":"index","follow":"follow","max-snippet":"max-snippet:-1","max-image-preview":"max-image-preview:large","max-video-preview":"max-video-preview:-1"},"canonical":"https:\/\/gooddealersmeds.com\/es\/product\/comprar-a-oil-aceite-de-anfetamina\/","og_locale":"en_US","og_type":"article","og_title":"Comprar A-Oil (aceite de anfetamina)","og_description":"comprar aceite de anfetamina a precios asequibles y rec\u00edbalo en la puerta de su casa. Enviamos a todo el mundo. orden de aceite de anfetamina","og_url":"https:\/\/gooddealersmeds.com\/es\/product\/comprar-a-oil-aceite-de-anfetamina\/","og_site_name":"Good Dealers Meds","article_modified_time":"2023-03-12T22:31:44+00:00","og_image":[{"width":600,"height":600,"url":"https:\/\/gooddealersmeds.com\/es\/wp-content\/uploads\/sites\/4\/2023\/01\/A-Oil-Amphetamine-Oil-1.jpg","type":"image\/jpeg"}],"twitter_card":"summary_large_image","twitter_misc":{"Est. reading time":"2 minutes"},"schema":{"@context":"https:\/\/schema.org","@graph":[{"@type":"WebPage","@id":"https:\/\/gooddealersmeds.com\/es\/product\/comprar-a-oil-aceite-de-anfetamina\/","url":"https:\/\/gooddealersmeds.com\/es\/product\/comprar-a-oil-aceite-de-anfetamina\/","name":"comprar aceite de anfetamina | de aceite de anfetamina (A-oil) a la venta","isPartOf":{"@id":"https:\/\/gooddealersmeds.com\/es\/#website"},"primaryImageOfPage":{"@id":"https:\/\/gooddealersmeds.com\/es\/product\/comprar-a-oil-aceite-de-anfetamina\/#primaryimage"},"image":{"@id":"https:\/\/gooddealersmeds.com\/es\/product\/comprar-a-oil-aceite-de-anfetamina\/#primaryimage"},"thumbnailUrl":"https:\/\/gooddealersmeds.com\/es\/wp-content\/uploads\/sites\/4\/2023\/01\/A-Oil-Amphetamine-Oil-1.jpg","datePublished":"2023-01-08T19:01:21+00:00","dateModified":"2023-03-12T22:31:44+00:00","description":"comprar aceite de anfetamina a precios asequibles y rec\u00edbalo en la puerta de su casa. Enviamos a todo el mundo. orden de aceite de anfetamina","breadcrumb":{"@id":"https:\/\/gooddealersmeds.com\/es\/product\/comprar-a-oil-aceite-de-anfetamina\/#breadcrumb"},"inLanguage":"en-US","potentialAction":[{"@type":"ReadAction","target":["https:\/\/gooddealersmeds.com\/es\/product\/comprar-a-oil-aceite-de-anfetamina\/"]}]},{"@type":"ImageObject","inLanguage":"en-US","@id":"https:\/\/gooddealersmeds.com\/es\/product\/comprar-a-oil-aceite-de-anfetamina\/#primaryimage","url":"https:\/\/gooddealersmeds.com\/es\/wp-content\/uploads\/sites\/4\/2023\/01\/A-Oil-Amphetamine-Oil-1.jpg","contentUrl":"https:\/\/gooddealersmeds.com\/es\/wp-content\/uploads\/sites\/4\/2023\/01\/A-Oil-Amphetamine-Oil-1.jpg","width":600,"height":600},{"@type":"BreadcrumbList","@id":"https:\/\/gooddealersmeds.com\/es\/product\/comprar-a-oil-aceite-de-anfetamina\/#breadcrumb","itemListElement":[{"@type":"ListItem","position":1,"name":"Home","item":"https:\/\/gooddealersmeds.com\/es\/"},{"@type":"ListItem","position":2,"name":"Productos","item":"https:\/\/gooddealersmeds.com\/es\/productos\/"},{"@type":"ListItem","position":3,"name":"Comprar A-Oil (aceite de anfetamina)"}]},{"@type":"WebSite","@id":"https:\/\/gooddealersmeds.com\/es\/#website","url":"https:\/\/gooddealersmeds.com\/es\/","name":"Good Dealers Meds","description":"All our best","publisher":{"@id":"https:\/\/gooddealersmeds.com\/es\/#organization"},"potentialAction":[{"@type":"SearchAction","target":{"@type":"EntryPoint","urlTemplate":"https:\/\/gooddealersmeds.com\/es\/?s={search_term_string}"},"query-input":{"@type":"PropertyValueSpecification","valueRequired":true,"valueName":"search_term_string"}}],"inLanguage":"en-US"},{"@type":"Organization","@id":"https:\/\/gooddealersmeds.com\/es\/#organization","name":"Good Dealers Meds","url":"https:\/\/gooddealersmeds.com\/es\/","logo":{"@type":"ImageObject","inLanguage":"en-US","@id":"https:\/\/gooddealersmeds.com\/es\/#\/schema\/logo\/image\/","url":"https:\/\/gooddealersmeds.com\/es\/wp-content\/uploads\/sites\/4\/2022\/03\/gooddealersmeds__logo__20220317T222800Z.00.png","contentUrl":"https:\/\/gooddealersmeds.com\/es\/wp-content\/uploads\/sites\/4\/2022\/03\/gooddealersmeds__logo__20220317T222800Z.00.png","width":500,"height":325,"caption":"Good Dealers Meds"},"image":{"@id":"https:\/\/gooddealersmeds.com\/es\/#\/schema\/logo\/image\/"}}]}},"_links":{"self":[{"href":"https:\/\/gooddealersmeds.com\/es\/wp-json\/wp\/v2\/product\/2216","targetHints":{"allow":["GET"]}}],"collection":[{"href":"https:\/\/gooddealersmeds.com\/es\/wp-json\/wp\/v2\/product"}],"about":[{"href":"https:\/\/gooddealersmeds.com\/es\/wp-json\/wp\/v2\/types\/product"}],"replies":[{"embeddable":true,"href":"https:\/\/gooddealersmeds.com\/es\/wp-json\/wp\/v2\/comments?post=2216"}],"wp:featuredmedia":[{"embeddable":true,"href":"https:\/\/gooddealersmeds.com\/es\/wp-json\/wp\/v2\/media\/2246"}],"wp:attachment":[{"href":"https:\/\/gooddealersmeds.com\/es\/wp-json\/wp\/v2\/media?parent=2216"}],"wp:term":[{"taxonomy":"product_brand","embeddable":true,"href":"https:\/\/gooddealersmeds.com\/es\/wp-json\/wp\/v2\/product_brand?post=2216"},{"taxonomy":"product_cat","embeddable":true,"href":"https:\/\/gooddealersmeds.com\/es\/wp-json\/wp\/v2\/product_cat?post=2216"},{"taxonomy":"product_tag","embeddable":true,"href":"https:\/\/gooddealersmeds.com\/es\/wp-json\/wp\/v2\/product_tag?post=2216"}],"curies":[{"name":"wp","href":"https:\/\/api.w.org\/{rel}","templated":true}]}}