{"id":2215,"date":"2023-01-08T19:01:21","date_gmt":"2023-01-08T19:01:21","guid":{"rendered":"https:\/\/gooddealersmeds.com\/es\/?post_type=product&#038;p=2215"},"modified":"2023-03-12T22:33:21","modified_gmt":"2023-03-12T22:33:21","slug":"aceite-de-bencilmetilcetona-bmk","status":"publish","type":"product","link":"https:\/\/gooddealersmeds.com\/es\/product\/aceite-de-bencilmetilcetona-bmk\/","title":{"rendered":"Aceite de bencilmetilcetona (BMK)"},"content":{"rendered":"<h2>D\u00f3nde pedir aceite BMK<\/h2>\n<p>Suministramos a gran y peque\u00f1a escala. D\u00f3nde pedir aceite BMK Solo tratamos con compradores serios. Por favor, no se ponga en contacto con nosotros si no tiene la intenci\u00f3n de comprar. Suministramos dentro de Europa y el resto del mundo comprando por carretera, aire y tambi\u00e9n hacemos env\u00edos y la entrega est\u00e1 100% garantizada. Para obtener m\u00e1s detalles sobre nuestros productos y c\u00f3mo realizar pedidos, comun\u00edquese con los siguientes contactos: CAS 4676-39-5; A-aceite; aceite BMK; fenilacetona; aceite PMK; aceite MDP2P; CAS 103-79-7<\/p>\n<p>COMPRAR ACEITE DE BENCILMETILCETONA (BMK)<\/p>\n<p>Polvo de bencilmetilcetona (BMK)<\/p>\n<p>Aceite de bencilmetilcetona (BMK)<\/p>\n<p>Fenilacetona: Polvo<\/p>\n<p>Comprar fenilacetona 99,34% de pureza<\/p>\n<p>La fenilacetona (tambi\u00e9n conocida como 2-fenil-2ona,\u00a0<a href=\"https:\/\/pubs.rsc.org\/\">bencil mentil metil cetona<\/a> o bromuro de bencil cetona) es un compuesto org\u00e1nico. Es un aceite transparente con un \u00edndice de refracci\u00f3n de 1,5168. Esta Sunstance en la fabricaci\u00f3n de metafetamina y anfetamina como materia prima o producto intermedio, donde tambi\u00e9n se conoce com\u00fanmente como P2P. Compre aceite de fenilacetona a la venta en l\u00ednea.<\/p>\n<p>La fenilacetona es un compuesto org\u00e1nico que es un aceite transparente con un \u00edndice de refracci\u00f3n de 1,5168. Este material se utiliza en la fabricaci\u00f3n de metanfetamina y anfetamina, donde se conoce com\u00fanmente como P2P. La fenilacetona es el producto de eliminaci\u00f3n de la anfetamina en el cuerpo humano. La fenilacetona tambi\u00e9n tiene otros nombres, como fenilpropan-2-ona, bencilmetilcetona o metilbencilcetona.<\/p>\n<h3>USOS DEL ACEITE BMK<\/h3>\n<p>Se fabrican diferentes productos farmac\u00e9uticos utilizando esta fenil 2 propanona.<\/p>\n<p>Se utiliza como agente aromatizante en los alimentos.<\/p>\n<p>Se utiliza como ingrediente de partida para la producci\u00f3n de productos qu\u00edmicos como la metanfetamina y la anfetamina.<\/p>\n<h3>\u00bfD\u00d3NDE COMPRAR ACEITE BMK O ACEITE DE FENILACETONA EN VENTA ONLINE?<\/h3>\n<p>Compre aceite bmk, solicite aceite bmk, orden de aceite bmk barato, bmk en venta, compre aceite bmk china, BMK china,<\/p>\n","protected":false},"excerpt":{"rendered":"<p>Suministramos aceite BMK a peque\u00f1a y gran escala. D\u00f3nde pedir aceite BMK. Tratamos solo con compradores serios. cont\u00e1ctenos para comprar aceite BMK<\/p>\n","protected":false},"featured_media":2245,"comment_status":"open","ping_status":"closed","template":"","meta":{"inline_featured_image":false},"product_brand":[],"product_cat":[344],"product_tag":[597,684,685,683],"class_list":{"0":"post-2215","1":"product","2":"type-product","3":"status-publish","4":"has-post-thumbnail","6":"product_cat-productos-qumicos-de-investigacin","7":"product_tag-bmk-oil","8":"product_tag-comprar-aceite-bmk","9":"product_tag-donde-pedir-aceite-bmk","10":"product_tag-venta-de-aceite-bmk","12":"first","13":"instock","14":"shipping-taxable","15":"purchasable","16":"product-type-variable","17":"has-default-attributes"},"yoast_head":"<!-- This site is optimized with the Yoast SEO Premium plugin v20.6 (Yoast SEO v27.4) - https:\/\/yoast.com\/product\/yoast-seo-premium-wordpress\/ -->\n<title>D\u00f3nde pedir Aceite BMK | Comprar aceite BMK | Aceite BMK a la venta<\/title>\n<meta name=\"description\" content=\"Suministramos aceite BMK a peque\u00f1a y gran escala. D\u00f3nde pedir aceite BMK. Tratamos solo con compradores serios. cont\u00e1ctenos para comprar aceite BMK\" \/>\n<meta name=\"robots\" content=\"index, follow, max-snippet:-1, max-image-preview:large, max-video-preview:-1\" \/>\n<link rel=\"canonical\" href=\"https:\/\/gooddealersmeds.com\/es\/product\/aceite-de-bencilmetilcetona-bmk\/\" \/>\n<meta property=\"og:locale\" content=\"en_US\" \/>\n<meta property=\"og:type\" content=\"article\" \/>\n<meta property=\"og:title\" content=\"Aceite de bencilmetilcetona (BMK)\" \/>\n<meta property=\"og:description\" content=\"Suministramos aceite BMK a peque\u00f1a y gran escala. D\u00f3nde pedir aceite BMK. Tratamos solo con compradores serios. cont\u00e1ctenos para comprar aceite BMK\" \/>\n<meta property=\"og:url\" content=\"https:\/\/gooddealersmeds.com\/es\/product\/aceite-de-bencilmetilcetona-bmk\/\" \/>\n<meta property=\"og:site_name\" content=\"Good Dealers Meds\" \/>\n<meta property=\"article:modified_time\" content=\"2023-03-12T22:33:21+00:00\" \/>\n<meta property=\"og:image\" content=\"https:\/\/gooddealersmeds.com\/es\/wp-content\/uploads\/sites\/4\/2023\/01\/bmk-oil.jpg\" \/>\n\t<meta property=\"og:image:width\" content=\"600\" \/>\n\t<meta property=\"og:image:height\" content=\"600\" \/>\n\t<meta property=\"og:image:type\" content=\"image\/jpeg\" \/>\n<meta name=\"twitter:card\" content=\"summary_large_image\" \/>\n<meta name=\"twitter:label1\" content=\"Est. reading time\" \/>\n\t<meta name=\"twitter:data1\" content=\"2 minutes\" \/>\n<script type=\"application\/ld+json\" class=\"yoast-schema-graph\">{\"@context\":\"https:\\\/\\\/schema.org\",\"@graph\":[{\"@type\":\"WebPage\",\"@id\":\"https:\\\/\\\/gooddealersmeds.com\\\/es\\\/product\\\/aceite-de-bencilmetilcetona-bmk\\\/\",\"url\":\"https:\\\/\\\/gooddealersmeds.com\\\/es\\\/product\\\/aceite-de-bencilmetilcetona-bmk\\\/\",\"name\":\"D\u00f3nde pedir Aceite BMK | Comprar aceite BMK | Aceite BMK a la venta\",\"isPartOf\":{\"@id\":\"https:\\\/\\\/gooddealersmeds.com\\\/es\\\/#website\"},\"primaryImageOfPage\":{\"@id\":\"https:\\\/\\\/gooddealersmeds.com\\\/es\\\/product\\\/aceite-de-bencilmetilcetona-bmk\\\/#primaryimage\"},\"image\":{\"@id\":\"https:\\\/\\\/gooddealersmeds.com\\\/es\\\/product\\\/aceite-de-bencilmetilcetona-bmk\\\/#primaryimage\"},\"thumbnailUrl\":\"https:\\\/\\\/gooddealersmeds.com\\\/es\\\/wp-content\\\/uploads\\\/sites\\\/4\\\/2023\\\/01\\\/bmk-oil.jpg\",\"datePublished\":\"2023-01-08T19:01:21+00:00\",\"dateModified\":\"2023-03-12T22:33:21+00:00\",\"description\":\"Suministramos aceite BMK a peque\u00f1a y gran escala. D\u00f3nde pedir aceite BMK. Tratamos solo con compradores serios. cont\u00e1ctenos para comprar aceite BMK\",\"breadcrumb\":{\"@id\":\"https:\\\/\\\/gooddealersmeds.com\\\/es\\\/product\\\/aceite-de-bencilmetilcetona-bmk\\\/#breadcrumb\"},\"inLanguage\":\"en-US\",\"potentialAction\":[{\"@type\":\"ReadAction\",\"target\":[\"https:\\\/\\\/gooddealersmeds.com\\\/es\\\/product\\\/aceite-de-bencilmetilcetona-bmk\\\/\"]}]},{\"@type\":\"ImageObject\",\"inLanguage\":\"en-US\",\"@id\":\"https:\\\/\\\/gooddealersmeds.com\\\/es\\\/product\\\/aceite-de-bencilmetilcetona-bmk\\\/#primaryimage\",\"url\":\"https:\\\/\\\/gooddealersmeds.com\\\/es\\\/wp-content\\\/uploads\\\/sites\\\/4\\\/2023\\\/01\\\/bmk-oil.jpg\",\"contentUrl\":\"https:\\\/\\\/gooddealersmeds.com\\\/es\\\/wp-content\\\/uploads\\\/sites\\\/4\\\/2023\\\/01\\\/bmk-oil.jpg\",\"width\":600,\"height\":600},{\"@type\":\"BreadcrumbList\",\"@id\":\"https:\\\/\\\/gooddealersmeds.com\\\/es\\\/product\\\/aceite-de-bencilmetilcetona-bmk\\\/#breadcrumb\",\"itemListElement\":[{\"@type\":\"ListItem\",\"position\":1,\"name\":\"Home\",\"item\":\"https:\\\/\\\/gooddealersmeds.com\\\/es\\\/\"},{\"@type\":\"ListItem\",\"position\":2,\"name\":\"Productos\",\"item\":\"https:\\\/\\\/gooddealersmeds.com\\\/es\\\/productos\\\/\"},{\"@type\":\"ListItem\",\"position\":3,\"name\":\"Aceite de bencilmetilcetona (BMK)\"}]},{\"@type\":\"WebSite\",\"@id\":\"https:\\\/\\\/gooddealersmeds.com\\\/es\\\/#website\",\"url\":\"https:\\\/\\\/gooddealersmeds.com\\\/es\\\/\",\"name\":\"Good Dealers Meds\",\"description\":\"All our best\",\"publisher\":{\"@id\":\"https:\\\/\\\/gooddealersmeds.com\\\/es\\\/#organization\"},\"potentialAction\":[{\"@type\":\"SearchAction\",\"target\":{\"@type\":\"EntryPoint\",\"urlTemplate\":\"https:\\\/\\\/gooddealersmeds.com\\\/es\\\/?s={search_term_string}\"},\"query-input\":{\"@type\":\"PropertyValueSpecification\",\"valueRequired\":true,\"valueName\":\"search_term_string\"}}],\"inLanguage\":\"en-US\"},{\"@type\":\"Organization\",\"@id\":\"https:\\\/\\\/gooddealersmeds.com\\\/es\\\/#organization\",\"name\":\"Good Dealers Meds\",\"url\":\"https:\\\/\\\/gooddealersmeds.com\\\/es\\\/\",\"logo\":{\"@type\":\"ImageObject\",\"inLanguage\":\"en-US\",\"@id\":\"https:\\\/\\\/gooddealersmeds.com\\\/es\\\/#\\\/schema\\\/logo\\\/image\\\/\",\"url\":\"https:\\\/\\\/gooddealersmeds.com\\\/es\\\/wp-content\\\/uploads\\\/sites\\\/4\\\/2022\\\/03\\\/gooddealersmeds__logo__20220317T222800Z.00.png\",\"contentUrl\":\"https:\\\/\\\/gooddealersmeds.com\\\/es\\\/wp-content\\\/uploads\\\/sites\\\/4\\\/2022\\\/03\\\/gooddealersmeds__logo__20220317T222800Z.00.png\",\"width\":500,\"height\":325,\"caption\":\"Good Dealers Meds\"},\"image\":{\"@id\":\"https:\\\/\\\/gooddealersmeds.com\\\/es\\\/#\\\/schema\\\/logo\\\/image\\\/\"}}]}<\/script>\n<!-- \/ Yoast SEO Premium plugin. -->","yoast_head_json":{"title":"D\u00f3nde pedir Aceite BMK | Comprar aceite BMK | Aceite BMK a la venta","description":"Suministramos aceite BMK a peque\u00f1a y gran escala. D\u00f3nde pedir aceite BMK. Tratamos solo con compradores serios. cont\u00e1ctenos para comprar aceite BMK","robots":{"index":"index","follow":"follow","max-snippet":"max-snippet:-1","max-image-preview":"max-image-preview:large","max-video-preview":"max-video-preview:-1"},"canonical":"https:\/\/gooddealersmeds.com\/es\/product\/aceite-de-bencilmetilcetona-bmk\/","og_locale":"en_US","og_type":"article","og_title":"Aceite de bencilmetilcetona (BMK)","og_description":"Suministramos aceite BMK a peque\u00f1a y gran escala. D\u00f3nde pedir aceite BMK. Tratamos solo con compradores serios. cont\u00e1ctenos para comprar aceite BMK","og_url":"https:\/\/gooddealersmeds.com\/es\/product\/aceite-de-bencilmetilcetona-bmk\/","og_site_name":"Good Dealers Meds","article_modified_time":"2023-03-12T22:33:21+00:00","og_image":[{"width":600,"height":600,"url":"https:\/\/gooddealersmeds.com\/es\/wp-content\/uploads\/sites\/4\/2023\/01\/bmk-oil.jpg","type":"image\/jpeg"}],"twitter_card":"summary_large_image","twitter_misc":{"Est. reading time":"2 minutes"},"schema":{"@context":"https:\/\/schema.org","@graph":[{"@type":"WebPage","@id":"https:\/\/gooddealersmeds.com\/es\/product\/aceite-de-bencilmetilcetona-bmk\/","url":"https:\/\/gooddealersmeds.com\/es\/product\/aceite-de-bencilmetilcetona-bmk\/","name":"D\u00f3nde pedir Aceite BMK | Comprar aceite BMK | Aceite BMK a la venta","isPartOf":{"@id":"https:\/\/gooddealersmeds.com\/es\/#website"},"primaryImageOfPage":{"@id":"https:\/\/gooddealersmeds.com\/es\/product\/aceite-de-bencilmetilcetona-bmk\/#primaryimage"},"image":{"@id":"https:\/\/gooddealersmeds.com\/es\/product\/aceite-de-bencilmetilcetona-bmk\/#primaryimage"},"thumbnailUrl":"https:\/\/gooddealersmeds.com\/es\/wp-content\/uploads\/sites\/4\/2023\/01\/bmk-oil.jpg","datePublished":"2023-01-08T19:01:21+00:00","dateModified":"2023-03-12T22:33:21+00:00","description":"Suministramos aceite BMK a peque\u00f1a y gran escala. D\u00f3nde pedir aceite BMK. Tratamos solo con compradores serios. cont\u00e1ctenos para comprar aceite BMK","breadcrumb":{"@id":"https:\/\/gooddealersmeds.com\/es\/product\/aceite-de-bencilmetilcetona-bmk\/#breadcrumb"},"inLanguage":"en-US","potentialAction":[{"@type":"ReadAction","target":["https:\/\/gooddealersmeds.com\/es\/product\/aceite-de-bencilmetilcetona-bmk\/"]}]},{"@type":"ImageObject","inLanguage":"en-US","@id":"https:\/\/gooddealersmeds.com\/es\/product\/aceite-de-bencilmetilcetona-bmk\/#primaryimage","url":"https:\/\/gooddealersmeds.com\/es\/wp-content\/uploads\/sites\/4\/2023\/01\/bmk-oil.jpg","contentUrl":"https:\/\/gooddealersmeds.com\/es\/wp-content\/uploads\/sites\/4\/2023\/01\/bmk-oil.jpg","width":600,"height":600},{"@type":"BreadcrumbList","@id":"https:\/\/gooddealersmeds.com\/es\/product\/aceite-de-bencilmetilcetona-bmk\/#breadcrumb","itemListElement":[{"@type":"ListItem","position":1,"name":"Home","item":"https:\/\/gooddealersmeds.com\/es\/"},{"@type":"ListItem","position":2,"name":"Productos","item":"https:\/\/gooddealersmeds.com\/es\/productos\/"},{"@type":"ListItem","position":3,"name":"Aceite de bencilmetilcetona (BMK)"}]},{"@type":"WebSite","@id":"https:\/\/gooddealersmeds.com\/es\/#website","url":"https:\/\/gooddealersmeds.com\/es\/","name":"Good Dealers Meds","description":"All our best","publisher":{"@id":"https:\/\/gooddealersmeds.com\/es\/#organization"},"potentialAction":[{"@type":"SearchAction","target":{"@type":"EntryPoint","urlTemplate":"https:\/\/gooddealersmeds.com\/es\/?s={search_term_string}"},"query-input":{"@type":"PropertyValueSpecification","valueRequired":true,"valueName":"search_term_string"}}],"inLanguage":"en-US"},{"@type":"Organization","@id":"https:\/\/gooddealersmeds.com\/es\/#organization","name":"Good Dealers Meds","url":"https:\/\/gooddealersmeds.com\/es\/","logo":{"@type":"ImageObject","inLanguage":"en-US","@id":"https:\/\/gooddealersmeds.com\/es\/#\/schema\/logo\/image\/","url":"https:\/\/gooddealersmeds.com\/es\/wp-content\/uploads\/sites\/4\/2022\/03\/gooddealersmeds__logo__20220317T222800Z.00.png","contentUrl":"https:\/\/gooddealersmeds.com\/es\/wp-content\/uploads\/sites\/4\/2022\/03\/gooddealersmeds__logo__20220317T222800Z.00.png","width":500,"height":325,"caption":"Good Dealers Meds"},"image":{"@id":"https:\/\/gooddealersmeds.com\/es\/#\/schema\/logo\/image\/"}}]}},"_links":{"self":[{"href":"https:\/\/gooddealersmeds.com\/es\/wp-json\/wp\/v2\/product\/2215","targetHints":{"allow":["GET"]}}],"collection":[{"href":"https:\/\/gooddealersmeds.com\/es\/wp-json\/wp\/v2\/product"}],"about":[{"href":"https:\/\/gooddealersmeds.com\/es\/wp-json\/wp\/v2\/types\/product"}],"replies":[{"embeddable":true,"href":"https:\/\/gooddealersmeds.com\/es\/wp-json\/wp\/v2\/comments?post=2215"}],"wp:featuredmedia":[{"embeddable":true,"href":"https:\/\/gooddealersmeds.com\/es\/wp-json\/wp\/v2\/media\/2245"}],"wp:attachment":[{"href":"https:\/\/gooddealersmeds.com\/es\/wp-json\/wp\/v2\/media?parent=2215"}],"wp:term":[{"taxonomy":"product_brand","embeddable":true,"href":"https:\/\/gooddealersmeds.com\/es\/wp-json\/wp\/v2\/product_brand?post=2215"},{"taxonomy":"product_cat","embeddable":true,"href":"https:\/\/gooddealersmeds.com\/es\/wp-json\/wp\/v2\/product_cat?post=2215"},{"taxonomy":"product_tag","embeddable":true,"href":"https:\/\/gooddealersmeds.com\/es\/wp-json\/wp\/v2\/product_tag?post=2215"}],"curies":[{"name":"wp","href":"https:\/\/api.w.org\/{rel}","templated":true}]}}