{"id":2009,"date":"2022-07-03T14:50:24","date_gmt":"2022-07-03T14:50:24","guid":{"rendered":"https:\/\/gooddealersmeds.com\/es\/?post_type=product&#038;p=2009"},"modified":"2023-01-01T16:20:16","modified_gmt":"2023-01-01T16:20:16","slug":"comprar-liquido-lsd-200ug-drop-online","status":"publish","type":"product","link":"https:\/\/gooddealersmeds.com\/es\/product\/comprar-liquido-lsd-200ug-drop-online\/","title":{"rendered":"Comprar LSD Liquido Gota 200ug Online"},"content":{"rendered":"<h2>Comprar l\u00edquido LSD 200ug Gota en l\u00ednea de nosotros.<\/h2>\n<p>\u00bfEst\u00e1s buscando la forma de Comprar gota de LSD l\u00edquido online?<\/p>\n<p><a href=\"https:\/\/gooddealersmeds.com\/es\/product\/buy -liquid-lsd-200ug-drop-online\/\">Liquid LSD 200ug drop<\/a> es una droga que se puede utilizar con fines recreativos y terap\u00e9uticos.<\/p>\n<p>Bueno, hay dos formas principales: por agregando gotas directamente debajo de la lengua o mezcl\u00e1ndolo con alcohol o agua y bebi\u00e9ndolo como un c\u00f3ctel. El \u00faltimo m\u00e9todo generalmente se considera m\u00e1s peligroso porque requiere m\u00e1s precauci\u00f3n y produce un efecto m\u00e1s fuerte en el cuerpo m\u00e1s r\u00e1pidamente de lo que es necesario para casi cualquier otra sustancia, pero si eso no es algo que le preocupe demasiado, entonces siga adelante y use cualquiera m\u00e9todo!<\/p>\n<p>Recuerde, incluso una sola gota de LSD l\u00edquido puede ser demasiado fuerte.<\/p>\n<p>Si es nuevo en esto, vaya con una gota. Todav\u00eda es muy fuerte y tendr\u00e1 un buen efecto en tu cuerpo, pero no durar\u00e1 tanto.<\/p>\n<p><strong>\u00bfPor qu\u00e9 pedir una gota de Liquid LSD 200ug en l\u00ednea?<\/strong><\/p>\n<p>Sabemos que comprar LSD l\u00edquido no es tan simple como golpear a su traficante de drogas local. Se necesita tiempo, conocimiento y dinero en efectivo, y si est\u00e1 buscando comprar en l\u00ednea, es probable que tenga que lidiar con comerciantes sospechosos que buscan estafarlo.<\/p>\n<p>No importa en qu\u00e9 parte del mundo viva. , podr\u00e1 encontrar una fuente confiable de LSD y otras drogas sin problemas. Comprar gota de LSD l\u00edquido<\/p>\n<p><strong>\u00bfD\u00f3nde comprar gotas de LSD l\u00edquido 200ug en l\u00ednea?<\/strong><\/p>\n<p>Para obtener los beneficios de este mismo medicamento, necesitar\u00e1 LSD l\u00edquido 200ug Drop. Puede comprarlo en l\u00ednea en Good Dealers Meds.<\/p>\n<p>Tenemos las mejores ofertas en Internet y nuestros precios son siempre competitivos. Tenemos m\u00e1s de 10\u00a0a\u00f1os de experiencia en la industria, as\u00ed que conf\u00ede en nosotros cuando le decimos que est\u00e1 obteniendo una gran oferta. \u00a1As\u00ed que tu b\u00fasqueda para comprar Gotas de LSD L\u00edquido 200ug online ha terminado!<\/p>\n","protected":false},"excerpt":{"rendered":"<p>Comprar lsd liquido 200ug &amp; gota en l\u00ednea barato. Comprar\u00a0<em>LSD<\/em>\u00a0es muy f\u00e1cil, est\u00e1 f\u00e1cilmente disponible en la tienda online de EE.\u00a0UU.<\/p>\n<p><strong>1ml = 20 gotas = 20 secantes<\/strong><\/p>\n","protected":false},"featured_media":2010,"comment_status":"open","ping_status":"closed","template":"","meta":{"inline_featured_image":false},"product_brand":[],"product_cat":[345],"product_tag":[587,584,107,105,586,574,580,576,575,585,577,581,582,578,579,583],"class_list":{"0":"post-2009","1":"product","2":"type-product","3":"status-publish","4":"has-post-thumbnail","6":"product_cat-drogas-psicodlicas","7":"product_tag-is-liquid-lsd-200ug-drop-legal-in-canada","8":"product_tag-is-liquid-lsd-200ug-drop-legal-in-usa","9":"product_tag-buy","10":"product_tag-canada","11":"product_tag-como-pedir-liquido-lsd-200ug-gota","12":"product_tag-comprar-liquido-lsd-200ug-drop-online-comprar-liquido-lsd","13":"product_tag-comprar-liquido-lsd-200ug-online","14":"product_tag-comprar-liquido-lsd-online","15":"product_tag-comprar-liquido-lsd-200ug-drop","16":"product_tag-comprar-liquido-lsd-200ug-drop-pills-online-usa","17":"product_tag-donde-comprar-liquido-lsd-200ug-drop","18":"product_tag-donde-comprar-liquido-lsd-200ug-drop-online","19":"product_tag-lquido-lsd-200ug-gota-para-venta-en-ee-uu","20":"product_tag-lquido-lsd-200ug-gota-para-la-venta","21":"product_tag-lquido-lsd-para-la-venta","22":"product_tag-usted-todava-puede-obtener-lquido-lsd-200ug-gota","24":"first","25":"instock","26":"shipping-taxable","27":"purchasable","28":"product-type-variable","29":"has-default-attributes"},"yoast_head":"<!-- This site is optimized with the Yoast SEO Premium plugin v20.6 (Yoast SEO v27.3) - https:\/\/yoast.com\/product\/yoast-seo-premium-wordpress\/ -->\n<title>Comprar gota de LSD l\u00edquido | Orden LSD Gota | Good Dealers Meds<\/title>\n<meta name=\"description\" content=\"Comprar gota de LSD l\u00edquido en l\u00ednea a un precio econ\u00f3mico con la mayor pureza. Est\u00e1 f\u00e1cilmente disponible en la tienda online de Europa.\" \/>\n<meta name=\"robots\" content=\"index, follow, max-snippet:-1, max-image-preview:large, max-video-preview:-1\" \/>\n<link rel=\"canonical\" href=\"https:\/\/gooddealersmeds.com\/es\/product\/comprar-liquido-lsd-200ug-drop-online\/\" \/>\n<meta property=\"og:locale\" content=\"en_US\" \/>\n<meta property=\"og:type\" content=\"article\" \/>\n<meta property=\"og:title\" content=\"Comprar LSD Liquido Gota 200ug Online\" \/>\n<meta property=\"og:description\" content=\"Comprar gota de LSD l\u00edquido en l\u00ednea a un precio econ\u00f3mico con la mayor pureza. Est\u00e1 f\u00e1cilmente disponible en la tienda online de Europa.\" \/>\n<meta property=\"og:url\" content=\"https:\/\/gooddealersmeds.com\/es\/product\/comprar-liquido-lsd-200ug-drop-online\/\" \/>\n<meta property=\"og:site_name\" content=\"Good Dealers Meds\" \/>\n<meta property=\"article:modified_time\" content=\"2023-01-01T16:20:16+00:00\" \/>\n<meta property=\"og:image\" content=\"https:\/\/gooddealersmeds.com\/es\/wp-content\/uploads\/sites\/4\/2022\/07\/buy-liquid-lsd-200ug-drop-online-cheap-1.jpg\" \/>\n\t<meta property=\"og:image:width\" content=\"600\" \/>\n\t<meta property=\"og:image:height\" content=\"600\" \/>\n\t<meta property=\"og:image:type\" content=\"image\/jpeg\" \/>\n<meta name=\"twitter:card\" content=\"summary_large_image\" \/>\n<meta name=\"twitter:label1\" content=\"Est. reading time\" \/>\n\t<meta name=\"twitter:data1\" content=\"2 minutes\" \/>\n<script type=\"application\/ld+json\" class=\"yoast-schema-graph\">{\"@context\":\"https:\\\/\\\/schema.org\",\"@graph\":[{\"@type\":\"WebPage\",\"@id\":\"https:\\\/\\\/gooddealersmeds.com\\\/es\\\/product\\\/comprar-liquido-lsd-200ug-drop-online\\\/\",\"url\":\"https:\\\/\\\/gooddealersmeds.com\\\/es\\\/product\\\/comprar-liquido-lsd-200ug-drop-online\\\/\",\"name\":\"Comprar gota de LSD l\u00edquido | Orden LSD Gota | Good Dealers Meds\",\"isPartOf\":{\"@id\":\"https:\\\/\\\/gooddealersmeds.com\\\/es\\\/#website\"},\"primaryImageOfPage\":{\"@id\":\"https:\\\/\\\/gooddealersmeds.com\\\/es\\\/product\\\/comprar-liquido-lsd-200ug-drop-online\\\/#primaryimage\"},\"image\":{\"@id\":\"https:\\\/\\\/gooddealersmeds.com\\\/es\\\/product\\\/comprar-liquido-lsd-200ug-drop-online\\\/#primaryimage\"},\"thumbnailUrl\":\"https:\\\/\\\/gooddealersmeds.com\\\/es\\\/wp-content\\\/uploads\\\/sites\\\/4\\\/2022\\\/07\\\/buy-liquid-lsd-200ug-drop-online-cheap-1.jpg\",\"datePublished\":\"2022-07-03T14:50:24+00:00\",\"dateModified\":\"2023-01-01T16:20:16+00:00\",\"description\":\"Comprar gota de LSD l\u00edquido en l\u00ednea a un precio econ\u00f3mico con la mayor pureza. Est\u00e1 f\u00e1cilmente disponible en la tienda online de Europa.\",\"breadcrumb\":{\"@id\":\"https:\\\/\\\/gooddealersmeds.com\\\/es\\\/product\\\/comprar-liquido-lsd-200ug-drop-online\\\/#breadcrumb\"},\"inLanguage\":\"en-US\",\"potentialAction\":[{\"@type\":\"ReadAction\",\"target\":[\"https:\\\/\\\/gooddealersmeds.com\\\/es\\\/product\\\/comprar-liquido-lsd-200ug-drop-online\\\/\"]}]},{\"@type\":\"ImageObject\",\"inLanguage\":\"en-US\",\"@id\":\"https:\\\/\\\/gooddealersmeds.com\\\/es\\\/product\\\/comprar-liquido-lsd-200ug-drop-online\\\/#primaryimage\",\"url\":\"https:\\\/\\\/gooddealersmeds.com\\\/es\\\/wp-content\\\/uploads\\\/sites\\\/4\\\/2022\\\/07\\\/buy-liquid-lsd-200ug-drop-online-cheap-1.jpg\",\"contentUrl\":\"https:\\\/\\\/gooddealersmeds.com\\\/es\\\/wp-content\\\/uploads\\\/sites\\\/4\\\/2022\\\/07\\\/buy-liquid-lsd-200ug-drop-online-cheap-1.jpg\",\"width\":600,\"height\":600,\"caption\":\"Buy liquid LSD Drop\"},{\"@type\":\"BreadcrumbList\",\"@id\":\"https:\\\/\\\/gooddealersmeds.com\\\/es\\\/product\\\/comprar-liquido-lsd-200ug-drop-online\\\/#breadcrumb\",\"itemListElement\":[{\"@type\":\"ListItem\",\"position\":1,\"name\":\"Home\",\"item\":\"https:\\\/\\\/gooddealersmeds.com\\\/es\\\/\"},{\"@type\":\"ListItem\",\"position\":2,\"name\":\"Productos\",\"item\":\"https:\\\/\\\/gooddealersmeds.com\\\/es\\\/productos\\\/\"},{\"@type\":\"ListItem\",\"position\":3,\"name\":\"Comprar LSD Liquido Gota 200ug Online\"}]},{\"@type\":\"WebSite\",\"@id\":\"https:\\\/\\\/gooddealersmeds.com\\\/es\\\/#website\",\"url\":\"https:\\\/\\\/gooddealersmeds.com\\\/es\\\/\",\"name\":\"Good Dealers Meds\",\"description\":\"All our best\",\"publisher\":{\"@id\":\"https:\\\/\\\/gooddealersmeds.com\\\/es\\\/#organization\"},\"potentialAction\":[{\"@type\":\"SearchAction\",\"target\":{\"@type\":\"EntryPoint\",\"urlTemplate\":\"https:\\\/\\\/gooddealersmeds.com\\\/es\\\/?s={search_term_string}\"},\"query-input\":{\"@type\":\"PropertyValueSpecification\",\"valueRequired\":true,\"valueName\":\"search_term_string\"}}],\"inLanguage\":\"en-US\"},{\"@type\":\"Organization\",\"@id\":\"https:\\\/\\\/gooddealersmeds.com\\\/es\\\/#organization\",\"name\":\"Good Dealers Meds\",\"url\":\"https:\\\/\\\/gooddealersmeds.com\\\/es\\\/\",\"logo\":{\"@type\":\"ImageObject\",\"inLanguage\":\"en-US\",\"@id\":\"https:\\\/\\\/gooddealersmeds.com\\\/es\\\/#\\\/schema\\\/logo\\\/image\\\/\",\"url\":\"https:\\\/\\\/gooddealersmeds.com\\\/es\\\/wp-content\\\/uploads\\\/sites\\\/4\\\/2022\\\/03\\\/gooddealersmeds__logo__20220317T222800Z.00.png\",\"contentUrl\":\"https:\\\/\\\/gooddealersmeds.com\\\/es\\\/wp-content\\\/uploads\\\/sites\\\/4\\\/2022\\\/03\\\/gooddealersmeds__logo__20220317T222800Z.00.png\",\"width\":500,\"height\":325,\"caption\":\"Good Dealers Meds\"},\"image\":{\"@id\":\"https:\\\/\\\/gooddealersmeds.com\\\/es\\\/#\\\/schema\\\/logo\\\/image\\\/\"}}]}<\/script>\n<!-- \/ Yoast SEO Premium plugin. -->","yoast_head_json":{"title":"Comprar gota de LSD l\u00edquido | Orden LSD Gota | Good Dealers Meds","description":"Comprar gota de LSD l\u00edquido en l\u00ednea a un precio econ\u00f3mico con la mayor pureza. Est\u00e1 f\u00e1cilmente disponible en la tienda online de Europa.","robots":{"index":"index","follow":"follow","max-snippet":"max-snippet:-1","max-image-preview":"max-image-preview:large","max-video-preview":"max-video-preview:-1"},"canonical":"https:\/\/gooddealersmeds.com\/es\/product\/comprar-liquido-lsd-200ug-drop-online\/","og_locale":"en_US","og_type":"article","og_title":"Comprar LSD Liquido Gota 200ug Online","og_description":"Comprar gota de LSD l\u00edquido en l\u00ednea a un precio econ\u00f3mico con la mayor pureza. Est\u00e1 f\u00e1cilmente disponible en la tienda online de Europa.","og_url":"https:\/\/gooddealersmeds.com\/es\/product\/comprar-liquido-lsd-200ug-drop-online\/","og_site_name":"Good Dealers Meds","article_modified_time":"2023-01-01T16:20:16+00:00","og_image":[{"width":600,"height":600,"url":"https:\/\/gooddealersmeds.com\/es\/wp-content\/uploads\/sites\/4\/2022\/07\/buy-liquid-lsd-200ug-drop-online-cheap-1.jpg","type":"image\/jpeg"}],"twitter_card":"summary_large_image","twitter_misc":{"Est. reading time":"2 minutes"},"schema":{"@context":"https:\/\/schema.org","@graph":[{"@type":"WebPage","@id":"https:\/\/gooddealersmeds.com\/es\/product\/comprar-liquido-lsd-200ug-drop-online\/","url":"https:\/\/gooddealersmeds.com\/es\/product\/comprar-liquido-lsd-200ug-drop-online\/","name":"Comprar gota de LSD l\u00edquido | Orden LSD Gota | Good Dealers Meds","isPartOf":{"@id":"https:\/\/gooddealersmeds.com\/es\/#website"},"primaryImageOfPage":{"@id":"https:\/\/gooddealersmeds.com\/es\/product\/comprar-liquido-lsd-200ug-drop-online\/#primaryimage"},"image":{"@id":"https:\/\/gooddealersmeds.com\/es\/product\/comprar-liquido-lsd-200ug-drop-online\/#primaryimage"},"thumbnailUrl":"https:\/\/gooddealersmeds.com\/es\/wp-content\/uploads\/sites\/4\/2022\/07\/buy-liquid-lsd-200ug-drop-online-cheap-1.jpg","datePublished":"2022-07-03T14:50:24+00:00","dateModified":"2023-01-01T16:20:16+00:00","description":"Comprar gota de LSD l\u00edquido en l\u00ednea a un precio econ\u00f3mico con la mayor pureza. Est\u00e1 f\u00e1cilmente disponible en la tienda online de Europa.","breadcrumb":{"@id":"https:\/\/gooddealersmeds.com\/es\/product\/comprar-liquido-lsd-200ug-drop-online\/#breadcrumb"},"inLanguage":"en-US","potentialAction":[{"@type":"ReadAction","target":["https:\/\/gooddealersmeds.com\/es\/product\/comprar-liquido-lsd-200ug-drop-online\/"]}]},{"@type":"ImageObject","inLanguage":"en-US","@id":"https:\/\/gooddealersmeds.com\/es\/product\/comprar-liquido-lsd-200ug-drop-online\/#primaryimage","url":"https:\/\/gooddealersmeds.com\/es\/wp-content\/uploads\/sites\/4\/2022\/07\/buy-liquid-lsd-200ug-drop-online-cheap-1.jpg","contentUrl":"https:\/\/gooddealersmeds.com\/es\/wp-content\/uploads\/sites\/4\/2022\/07\/buy-liquid-lsd-200ug-drop-online-cheap-1.jpg","width":600,"height":600,"caption":"Buy liquid LSD Drop"},{"@type":"BreadcrumbList","@id":"https:\/\/gooddealersmeds.com\/es\/product\/comprar-liquido-lsd-200ug-drop-online\/#breadcrumb","itemListElement":[{"@type":"ListItem","position":1,"name":"Home","item":"https:\/\/gooddealersmeds.com\/es\/"},{"@type":"ListItem","position":2,"name":"Productos","item":"https:\/\/gooddealersmeds.com\/es\/productos\/"},{"@type":"ListItem","position":3,"name":"Comprar LSD Liquido Gota 200ug Online"}]},{"@type":"WebSite","@id":"https:\/\/gooddealersmeds.com\/es\/#website","url":"https:\/\/gooddealersmeds.com\/es\/","name":"Good Dealers Meds","description":"All our best","publisher":{"@id":"https:\/\/gooddealersmeds.com\/es\/#organization"},"potentialAction":[{"@type":"SearchAction","target":{"@type":"EntryPoint","urlTemplate":"https:\/\/gooddealersmeds.com\/es\/?s={search_term_string}"},"query-input":{"@type":"PropertyValueSpecification","valueRequired":true,"valueName":"search_term_string"}}],"inLanguage":"en-US"},{"@type":"Organization","@id":"https:\/\/gooddealersmeds.com\/es\/#organization","name":"Good Dealers Meds","url":"https:\/\/gooddealersmeds.com\/es\/","logo":{"@type":"ImageObject","inLanguage":"en-US","@id":"https:\/\/gooddealersmeds.com\/es\/#\/schema\/logo\/image\/","url":"https:\/\/gooddealersmeds.com\/es\/wp-content\/uploads\/sites\/4\/2022\/03\/gooddealersmeds__logo__20220317T222800Z.00.png","contentUrl":"https:\/\/gooddealersmeds.com\/es\/wp-content\/uploads\/sites\/4\/2022\/03\/gooddealersmeds__logo__20220317T222800Z.00.png","width":500,"height":325,"caption":"Good Dealers Meds"},"image":{"@id":"https:\/\/gooddealersmeds.com\/es\/#\/schema\/logo\/image\/"}}]}},"_links":{"self":[{"href":"https:\/\/gooddealersmeds.com\/es\/wp-json\/wp\/v2\/product\/2009","targetHints":{"allow":["GET"]}}],"collection":[{"href":"https:\/\/gooddealersmeds.com\/es\/wp-json\/wp\/v2\/product"}],"about":[{"href":"https:\/\/gooddealersmeds.com\/es\/wp-json\/wp\/v2\/types\/product"}],"replies":[{"embeddable":true,"href":"https:\/\/gooddealersmeds.com\/es\/wp-json\/wp\/v2\/comments?post=2009"}],"wp:featuredmedia":[{"embeddable":true,"href":"https:\/\/gooddealersmeds.com\/es\/wp-json\/wp\/v2\/media\/2010"}],"wp:attachment":[{"href":"https:\/\/gooddealersmeds.com\/es\/wp-json\/wp\/v2\/media?parent=2009"}],"wp:term":[{"taxonomy":"product_brand","embeddable":true,"href":"https:\/\/gooddealersmeds.com\/es\/wp-json\/wp\/v2\/product_brand?post=2009"},{"taxonomy":"product_cat","embeddable":true,"href":"https:\/\/gooddealersmeds.com\/es\/wp-json\/wp\/v2\/product_cat?post=2009"},{"taxonomy":"product_tag","embeddable":true,"href":"https:\/\/gooddealersmeds.com\/es\/wp-json\/wp\/v2\/product_tag?post=2009"}],"curies":[{"name":"wp","href":"https:\/\/api.w.org\/{rel}","templated":true}]}}