{"id":2002,"date":"2022-08-01T19:12:36","date_gmt":"2022-08-01T19:12:36","guid":{"rendered":"https:\/\/gooddealersmeds.com\/es\/?post_type=product&#038;p=2002"},"modified":"2023-01-01T16:16:26","modified_gmt":"2023-01-01T16:16:26","slug":"comprar-calidad-fenciclidina-pcp-liquido","status":"publish","type":"product","link":"https:\/\/gooddealersmeds.com\/es\/product\/comprar-calidad-fenciclidina-pcp-liquido\/","title":{"rendered":"Compre l\u00edquido de fenciclidina (PCP) de calidad"},"content":{"rendered":"<h2>Comprar fenciclidina l\u00edquida de calidad (PCP)<\/h2>\n<p>La fenciclidina l\u00edquida (PCP) es una droga psicod\u00e9lica que se toma por su capacidad de alterar la realidad. Es una droga recreativa; tambi\u00e9n se puede inyectar ya que est\u00e1 en estado l\u00edquido Comprar fenciclidina liquida en l\u00ednea. Tambi\u00e9n se puede mezclar con tabaco o marihuana seg\u00fan las preferencias individuales, <a href=\"https:\/\/gooddealersmeds.com\/es\/product\/buy-quality-phencyclidine-pcp-liquid\/\">d\u00f3nde pedir Fenciclidina L\u00edquida<\/a>. La fenciclidina es un miembro de la clase de f\u00e1rmacos arilciclohexilamina y es un anest\u00e9sico disociativo. Ayuda a reducir significativamente el dolor dependiendo de la dosis tomada; tambi\u00e9n podr\u00eda actuar como anest\u00e9sico, estimulante o depresor. Los efectos secundarios como visi\u00f3n borrosa, v\u00f3mitos y mareos pueden estar asociados con la toma de dosis significativamente altas. Cuando se usa con moderaci\u00f3n te hace sentir desconectado de la realidad y da una sensaci\u00f3n de euforia. Se sabe que imita casi como si tuvieras una fuerza sobrehumana y no le temes a nada.<\/p>\n<p><strong>Uso de fenciclidina\u00a0<\/strong><\/p>\n<p>La fenciclidina l\u00edquida (PCP) tiene un tiempo de reacci\u00f3n r\u00e1pido cuando se inyecta directamente en el cuerpo. Por lo general, se desgasta despu\u00e9s de 6 a 24 horas, seg\u00fan la dosis utilizada. El peligro de efectos secundarios significativos y sobredosis aumenta cuando la PCP se combina con otros medicamentos, incluso con receta, <a href=\"https:\/\/gooddealersmeds.com\/es\/product\/buy-quality-phencyclidine-pcp-liquid\/\">PCP para la venta de venta libre (OTC)<\/a> y otros opioides recreativos. Esto es particularmente cierto cuando combinas medicamentos que deprimen el sistema nervioso central. Podr\u00eda ralentizar significativamente su respiraci\u00f3n y podr\u00eda causar un aumento de la presi\u00f3n arterial, Comprar fenciclidina liquida en l\u00ednea<\/p>\n<p><strong>Dosis de PCP<\/strong><\/p>\n<p>La fenciclidina l\u00edquida (PCP) no debe usarse con frecuencia. porque el uso frecuente y prolongado podr\u00eda tener efectos desagradables. No debe usarse solo porque el usuario puede experimentar alucinaciones que podr\u00edan provocar un comportamiento extra\u00f1o y confusi\u00f3n; tener un compa\u00f1ero o compa\u00f1\u00eda ser\u00eda excelente y beneficioso en caso de cualquier problema. Mant\u00e9ngase siempre hidratado cuando use PCP para evitar la deshidrataci\u00f3n y la temperatura corporal elevada. Siempre es una buena idea evitar mezclar PCP con alcohol. Existe el riesgo de volverse adicto a este medicamento, especialmente cuando lo usa constantemente, debe tomarse en dosis moderadas y puede comunicarse con nuestros m\u00e9dicos para obtener la educaci\u00f3n adecuada sobre el uso.<\/p>\n","protected":false},"excerpt":{"rendered":"<p>Comprar fenciclidina l\u00edquida de calidad (PCP) La fenciclidina l\u00edquida (PCP) es una droga psicod\u00e9lica que se toma por su capacidad de alterar la realidad. Es una droga recreativa; tambi\u00e9n se puede inyectar ya que est\u00e1 en estado l\u00edquido Comprar fenciclidina liquida en l\u00ednea. Tambi\u00e9n se puede mezclar con tabaco o marihuana seg\u00fan las preferencias individuales,&#8230;<\/p>\n","protected":false},"featured_media":2003,"comment_status":"open","ping_status":"closed","template":"","meta":{"inline_featured_image":false},"product_brand":[],"product_cat":[345],"product_tag":[],"class_list":{"0":"post-2002","1":"product","2":"type-product","3":"status-publish","4":"has-post-thumbnail","6":"product_cat-drogas-psicodlicas","8":"first","9":"instock","10":"shipping-taxable","11":"product-type-simple"},"yoast_head":"<!-- This site is optimized with the Yoast SEO Premium plugin v20.6 (Yoast SEO v27.3) - https:\/\/yoast.com\/product\/yoast-seo-premium-wordpress\/ -->\n<title>Comprar fenciclidina liquida en l\u00ednea | Ordene PCP L\u00edquido<\/title>\n<meta name=\"description\" content=\"Comprar fenciclidina liquida en l\u00ednea (tambi\u00e9n conocida como polvo de \u00e1ngel) a un precio asequible de proveedores confiables con la mayor pureza.\" \/>\n<meta name=\"robots\" content=\"index, follow, max-snippet:-1, max-image-preview:large, max-video-preview:-1\" \/>\n<link rel=\"canonical\" href=\"https:\/\/gooddealersmeds.com\/es\/product\/comprar-calidad-fenciclidina-pcp-liquido\/\" \/>\n<meta property=\"og:locale\" content=\"en_US\" \/>\n<meta property=\"og:type\" content=\"article\" \/>\n<meta property=\"og:title\" content=\"Compre l\u00edquido de fenciclidina (PCP) de calidad\" \/>\n<meta property=\"og:description\" content=\"Comprar fenciclidina liquida en l\u00ednea (tambi\u00e9n conocida como polvo de \u00e1ngel) a un precio asequible de proveedores confiables con la mayor pureza.\" \/>\n<meta property=\"og:url\" content=\"https:\/\/gooddealersmeds.com\/es\/product\/comprar-calidad-fenciclidina-pcp-liquido\/\" \/>\n<meta property=\"og:site_name\" content=\"Good Dealers Meds\" \/>\n<meta property=\"article:modified_time\" content=\"2023-01-01T16:16:26+00:00\" \/>\n<meta property=\"og:image\" content=\"https:\/\/gooddealersmeds.com\/es\/wp-content\/uploads\/sites\/4\/2022\/07\/pcp-angel-dust-solution.jpg\" \/>\n\t<meta property=\"og:image:width\" content=\"718\" \/>\n\t<meta property=\"og:image:height\" content=\"539\" \/>\n\t<meta property=\"og:image:type\" content=\"image\/jpeg\" \/>\n<meta name=\"twitter:card\" content=\"summary_large_image\" \/>\n<meta name=\"twitter:label1\" content=\"Est. reading time\" \/>\n\t<meta name=\"twitter:data1\" content=\"2 minutes\" \/>\n<script type=\"application\/ld+json\" class=\"yoast-schema-graph\">{\"@context\":\"https:\\\/\\\/schema.org\",\"@graph\":[{\"@type\":\"WebPage\",\"@id\":\"https:\\\/\\\/gooddealersmeds.com\\\/es\\\/product\\\/comprar-calidad-fenciclidina-pcp-liquido\\\/\",\"url\":\"https:\\\/\\\/gooddealersmeds.com\\\/es\\\/product\\\/comprar-calidad-fenciclidina-pcp-liquido\\\/\",\"name\":\"Comprar fenciclidina liquida en l\u00ednea | Ordene PCP L\u00edquido\",\"isPartOf\":{\"@id\":\"https:\\\/\\\/gooddealersmeds.com\\\/es\\\/#website\"},\"primaryImageOfPage\":{\"@id\":\"https:\\\/\\\/gooddealersmeds.com\\\/es\\\/product\\\/comprar-calidad-fenciclidina-pcp-liquido\\\/#primaryimage\"},\"image\":{\"@id\":\"https:\\\/\\\/gooddealersmeds.com\\\/es\\\/product\\\/comprar-calidad-fenciclidina-pcp-liquido\\\/#primaryimage\"},\"thumbnailUrl\":\"https:\\\/\\\/gooddealersmeds.com\\\/es\\\/wp-content\\\/uploads\\\/sites\\\/4\\\/2022\\\/07\\\/pcp-angel-dust-solution.jpg\",\"datePublished\":\"2022-08-01T19:12:36+00:00\",\"dateModified\":\"2023-01-01T16:16:26+00:00\",\"description\":\"Comprar fenciclidina liquida en l\u00ednea (tambi\u00e9n conocida como polvo de \u00e1ngel) a un precio asequible de proveedores confiables con la mayor pureza.\",\"breadcrumb\":{\"@id\":\"https:\\\/\\\/gooddealersmeds.com\\\/es\\\/product\\\/comprar-calidad-fenciclidina-pcp-liquido\\\/#breadcrumb\"},\"inLanguage\":\"en-US\",\"potentialAction\":[{\"@type\":\"ReadAction\",\"target\":[\"https:\\\/\\\/gooddealersmeds.com\\\/es\\\/product\\\/comprar-calidad-fenciclidina-pcp-liquido\\\/\"]}]},{\"@type\":\"ImageObject\",\"inLanguage\":\"en-US\",\"@id\":\"https:\\\/\\\/gooddealersmeds.com\\\/es\\\/product\\\/comprar-calidad-fenciclidina-pcp-liquido\\\/#primaryimage\",\"url\":\"https:\\\/\\\/gooddealersmeds.com\\\/es\\\/wp-content\\\/uploads\\\/sites\\\/4\\\/2022\\\/07\\\/pcp-angel-dust-solution.jpg\",\"contentUrl\":\"https:\\\/\\\/gooddealersmeds.com\\\/es\\\/wp-content\\\/uploads\\\/sites\\\/4\\\/2022\\\/07\\\/pcp-angel-dust-solution.jpg\",\"width\":718,\"height\":539,\"caption\":\"buy pcp powder\"},{\"@type\":\"BreadcrumbList\",\"@id\":\"https:\\\/\\\/gooddealersmeds.com\\\/es\\\/product\\\/comprar-calidad-fenciclidina-pcp-liquido\\\/#breadcrumb\",\"itemListElement\":[{\"@type\":\"ListItem\",\"position\":1,\"name\":\"Home\",\"item\":\"https:\\\/\\\/gooddealersmeds.com\\\/es\\\/\"},{\"@type\":\"ListItem\",\"position\":2,\"name\":\"Productos\",\"item\":\"https:\\\/\\\/gooddealersmeds.com\\\/es\\\/productos\\\/\"},{\"@type\":\"ListItem\",\"position\":3,\"name\":\"Compre l\u00edquido de fenciclidina (PCP) de calidad\"}]},{\"@type\":\"WebSite\",\"@id\":\"https:\\\/\\\/gooddealersmeds.com\\\/es\\\/#website\",\"url\":\"https:\\\/\\\/gooddealersmeds.com\\\/es\\\/\",\"name\":\"Good Dealers Meds\",\"description\":\"All our best\",\"publisher\":{\"@id\":\"https:\\\/\\\/gooddealersmeds.com\\\/es\\\/#organization\"},\"potentialAction\":[{\"@type\":\"SearchAction\",\"target\":{\"@type\":\"EntryPoint\",\"urlTemplate\":\"https:\\\/\\\/gooddealersmeds.com\\\/es\\\/?s={search_term_string}\"},\"query-input\":{\"@type\":\"PropertyValueSpecification\",\"valueRequired\":true,\"valueName\":\"search_term_string\"}}],\"inLanguage\":\"en-US\"},{\"@type\":\"Organization\",\"@id\":\"https:\\\/\\\/gooddealersmeds.com\\\/es\\\/#organization\",\"name\":\"Good Dealers Meds\",\"url\":\"https:\\\/\\\/gooddealersmeds.com\\\/es\\\/\",\"logo\":{\"@type\":\"ImageObject\",\"inLanguage\":\"en-US\",\"@id\":\"https:\\\/\\\/gooddealersmeds.com\\\/es\\\/#\\\/schema\\\/logo\\\/image\\\/\",\"url\":\"https:\\\/\\\/gooddealersmeds.com\\\/es\\\/wp-content\\\/uploads\\\/sites\\\/4\\\/2022\\\/03\\\/gooddealersmeds__logo__20220317T222800Z.00.png\",\"contentUrl\":\"https:\\\/\\\/gooddealersmeds.com\\\/es\\\/wp-content\\\/uploads\\\/sites\\\/4\\\/2022\\\/03\\\/gooddealersmeds__logo__20220317T222800Z.00.png\",\"width\":500,\"height\":325,\"caption\":\"Good Dealers Meds\"},\"image\":{\"@id\":\"https:\\\/\\\/gooddealersmeds.com\\\/es\\\/#\\\/schema\\\/logo\\\/image\\\/\"}}]}<\/script>\n<!-- \/ Yoast SEO Premium plugin. -->","yoast_head_json":{"title":"Comprar fenciclidina liquida en l\u00ednea | Ordene PCP L\u00edquido","description":"Comprar fenciclidina liquida en l\u00ednea (tambi\u00e9n conocida como polvo de \u00e1ngel) a un precio asequible de proveedores confiables con la mayor pureza.","robots":{"index":"index","follow":"follow","max-snippet":"max-snippet:-1","max-image-preview":"max-image-preview:large","max-video-preview":"max-video-preview:-1"},"canonical":"https:\/\/gooddealersmeds.com\/es\/product\/comprar-calidad-fenciclidina-pcp-liquido\/","og_locale":"en_US","og_type":"article","og_title":"Compre l\u00edquido de fenciclidina (PCP) de calidad","og_description":"Comprar fenciclidina liquida en l\u00ednea (tambi\u00e9n conocida como polvo de \u00e1ngel) a un precio asequible de proveedores confiables con la mayor pureza.","og_url":"https:\/\/gooddealersmeds.com\/es\/product\/comprar-calidad-fenciclidina-pcp-liquido\/","og_site_name":"Good Dealers Meds","article_modified_time":"2023-01-01T16:16:26+00:00","og_image":[{"width":718,"height":539,"url":"https:\/\/gooddealersmeds.com\/es\/wp-content\/uploads\/sites\/4\/2022\/07\/pcp-angel-dust-solution.jpg","type":"image\/jpeg"}],"twitter_card":"summary_large_image","twitter_misc":{"Est. reading time":"2 minutes"},"schema":{"@context":"https:\/\/schema.org","@graph":[{"@type":"WebPage","@id":"https:\/\/gooddealersmeds.com\/es\/product\/comprar-calidad-fenciclidina-pcp-liquido\/","url":"https:\/\/gooddealersmeds.com\/es\/product\/comprar-calidad-fenciclidina-pcp-liquido\/","name":"Comprar fenciclidina liquida en l\u00ednea | Ordene PCP L\u00edquido","isPartOf":{"@id":"https:\/\/gooddealersmeds.com\/es\/#website"},"primaryImageOfPage":{"@id":"https:\/\/gooddealersmeds.com\/es\/product\/comprar-calidad-fenciclidina-pcp-liquido\/#primaryimage"},"image":{"@id":"https:\/\/gooddealersmeds.com\/es\/product\/comprar-calidad-fenciclidina-pcp-liquido\/#primaryimage"},"thumbnailUrl":"https:\/\/gooddealersmeds.com\/es\/wp-content\/uploads\/sites\/4\/2022\/07\/pcp-angel-dust-solution.jpg","datePublished":"2022-08-01T19:12:36+00:00","dateModified":"2023-01-01T16:16:26+00:00","description":"Comprar fenciclidina liquida en l\u00ednea (tambi\u00e9n conocida como polvo de \u00e1ngel) a un precio asequible de proveedores confiables con la mayor pureza.","breadcrumb":{"@id":"https:\/\/gooddealersmeds.com\/es\/product\/comprar-calidad-fenciclidina-pcp-liquido\/#breadcrumb"},"inLanguage":"en-US","potentialAction":[{"@type":"ReadAction","target":["https:\/\/gooddealersmeds.com\/es\/product\/comprar-calidad-fenciclidina-pcp-liquido\/"]}]},{"@type":"ImageObject","inLanguage":"en-US","@id":"https:\/\/gooddealersmeds.com\/es\/product\/comprar-calidad-fenciclidina-pcp-liquido\/#primaryimage","url":"https:\/\/gooddealersmeds.com\/es\/wp-content\/uploads\/sites\/4\/2022\/07\/pcp-angel-dust-solution.jpg","contentUrl":"https:\/\/gooddealersmeds.com\/es\/wp-content\/uploads\/sites\/4\/2022\/07\/pcp-angel-dust-solution.jpg","width":718,"height":539,"caption":"buy pcp powder"},{"@type":"BreadcrumbList","@id":"https:\/\/gooddealersmeds.com\/es\/product\/comprar-calidad-fenciclidina-pcp-liquido\/#breadcrumb","itemListElement":[{"@type":"ListItem","position":1,"name":"Home","item":"https:\/\/gooddealersmeds.com\/es\/"},{"@type":"ListItem","position":2,"name":"Productos","item":"https:\/\/gooddealersmeds.com\/es\/productos\/"},{"@type":"ListItem","position":3,"name":"Compre l\u00edquido de fenciclidina (PCP) de calidad"}]},{"@type":"WebSite","@id":"https:\/\/gooddealersmeds.com\/es\/#website","url":"https:\/\/gooddealersmeds.com\/es\/","name":"Good Dealers Meds","description":"All our best","publisher":{"@id":"https:\/\/gooddealersmeds.com\/es\/#organization"},"potentialAction":[{"@type":"SearchAction","target":{"@type":"EntryPoint","urlTemplate":"https:\/\/gooddealersmeds.com\/es\/?s={search_term_string}"},"query-input":{"@type":"PropertyValueSpecification","valueRequired":true,"valueName":"search_term_string"}}],"inLanguage":"en-US"},{"@type":"Organization","@id":"https:\/\/gooddealersmeds.com\/es\/#organization","name":"Good Dealers Meds","url":"https:\/\/gooddealersmeds.com\/es\/","logo":{"@type":"ImageObject","inLanguage":"en-US","@id":"https:\/\/gooddealersmeds.com\/es\/#\/schema\/logo\/image\/","url":"https:\/\/gooddealersmeds.com\/es\/wp-content\/uploads\/sites\/4\/2022\/03\/gooddealersmeds__logo__20220317T222800Z.00.png","contentUrl":"https:\/\/gooddealersmeds.com\/es\/wp-content\/uploads\/sites\/4\/2022\/03\/gooddealersmeds__logo__20220317T222800Z.00.png","width":500,"height":325,"caption":"Good Dealers Meds"},"image":{"@id":"https:\/\/gooddealersmeds.com\/es\/#\/schema\/logo\/image\/"}}]}},"_links":{"self":[{"href":"https:\/\/gooddealersmeds.com\/es\/wp-json\/wp\/v2\/product\/2002","targetHints":{"allow":["GET"]}}],"collection":[{"href":"https:\/\/gooddealersmeds.com\/es\/wp-json\/wp\/v2\/product"}],"about":[{"href":"https:\/\/gooddealersmeds.com\/es\/wp-json\/wp\/v2\/types\/product"}],"replies":[{"embeddable":true,"href":"https:\/\/gooddealersmeds.com\/es\/wp-json\/wp\/v2\/comments?post=2002"}],"wp:featuredmedia":[{"embeddable":true,"href":"https:\/\/gooddealersmeds.com\/es\/wp-json\/wp\/v2\/media\/2003"}],"wp:attachment":[{"href":"https:\/\/gooddealersmeds.com\/es\/wp-json\/wp\/v2\/media?parent=2002"}],"wp:term":[{"taxonomy":"product_brand","embeddable":true,"href":"https:\/\/gooddealersmeds.com\/es\/wp-json\/wp\/v2\/product_brand?post=2002"},{"taxonomy":"product_cat","embeddable":true,"href":"https:\/\/gooddealersmeds.com\/es\/wp-json\/wp\/v2\/product_cat?post=2002"},{"taxonomy":"product_tag","embeddable":true,"href":"https:\/\/gooddealersmeds.com\/es\/wp-json\/wp\/v2\/product_tag?post=2002"}],"curies":[{"name":"wp","href":"https:\/\/api.w.org\/{rel}","templated":true}]}}