{"id":2001,"date":"2022-07-03T14:45:15","date_gmt":"2022-07-03T14:45:15","guid":{"rendered":"https:\/\/gooddealersmeds.com\/es\/?post_type=product&#038;p=2001"},"modified":"2023-01-01T16:24:51","modified_gmt":"2023-01-01T16:24:51","slug":"comprar-ketamina-en-polvo-online","status":"publish","type":"product","link":"https:\/\/gooddealersmeds.com\/es\/product\/comprar-ketamina-en-polvo-online\/","title":{"rendered":"Comprar ketamina en polvo en l\u00ednea"},"content":{"rendered":"<h2>\u00bfQu\u00e9 es la ketamina en polvo y c\u00f3mo funciona?<\/h2>\n<p>La ketamina es un anest\u00e9sico disociativo. Los m\u00e9dicos lo utilizan para comenzar la anestesia general: Comprar ketamina en polvo en l\u00ednea. Puede usarse para tratar la depresi\u00f3n en pacientes que no responden bien a otras formas de tratamientos. Se puede utilizar para tratar problemas de ansiedad. El alcohol y la ketamina son depresores del sistema nervioso central y, como tales, no se recomienda la combinaci\u00f3n de ketamina con alcohol porque podr\u00eda tener efectos fatales. Es una droga recreativa popular que puede producir una sensaci\u00f3n de euforia cuando se toma. Tambi\u00e9n se puede usar para aliviar el dolor, especialmente cuando otros medicamentos no parecen hacer el trabajo. La ketamina no funciona como otros anest\u00e9sicos que bloquean las se\u00f1ales de dolor, act\u00faa de tal forma que desconecta el cerebro del cuerpo. Dificulta la capacidad del cerebro para procesar se\u00f1ales de dolor. Se sabe que la ketamina aumenta la actividad neuronal y algunos estudios han demostrado que puede hacerlo. <a href=\"https:\/\/gooddealersmeds.com\/es\/product\/comprar-ketamina-en-polvo-online\/\">\u00bfC\u00f3mo puedo pedir ketamina<\/a><\/p>\n<p><strong>\u00bfCu\u00e1l es el lugar adecuado para comprar Ketamina?<\/strong><\/p>\n<p>ser utilizado para tratar algunas enfermedades mentales. Se puede utilizar para aliviar el dolor resultante de lesiones por quemaduras. Se puede utilizar para tratar lesiones sufridas en el campo de batalla. Tambi\u00e9n se ha utilizado para el control del dolor en ni\u00f1os que no pueden usar otros anest\u00e9sicos debido a efectos adversos o alergias. El efecto generalmente se siente unos minutos despu\u00e9s de tomarlo. El tiempo de reacci\u00f3n depende del modo de uso &#8211; Ketamina en polvo a la venta. Cuando se toma, el tiempo que tarda en comenzar a funcionar oscila entre unos pocos segundos y 30 minutos. Se ha informado que los usuarios de ketamina experimentan un subid\u00f3n que puede hacerlos sentir felices y tranquilos. Adem\u00e1s, podr\u00edan sentirse separados de su cuerpo debido al hecho de que es un anest\u00e9sico disociativo. El medicamento afecta a los receptores de glutamina y repara y reactiva las sinapsis, por lo que mejora la adaptabilidad del cerebro, lo que puede ayudar a superar la depresi\u00f3n. Comprar ketamina en polvo en l\u00ednea<\/p>\n<p><strong>C\u00f3mo pedir ketamina y efectos formas de usarla<\/strong><\/p>\n<p>Se ha informado que la ketamina hace que los antidepresivos o la psicoterapia sean efectivos a pesar de que no fueron tan efectivos al principio. Eso tambi\u00e9n podr\u00eda explicar por qu\u00e9 la ketamina puede hacer que los antidepresivos o la psicoterapia sean efectivos despu\u00e9s de que antes no lo fueran. Algunos usuarios afirman que da una sensaci\u00f3n agradable y los hace sentir uno con el cosmos. Tomarlo en compa\u00f1\u00eda de amigos en un ambiente tranquilo: ordene ketamina en polvo aqu\u00ed, un ambiente relajado puede ser espiritual y relajante; tomarlo en un club puede ser estimulante, con m\u00e1s energ\u00eda y un buen subid\u00f3n.<\/p>\n<p>La ketamina tambi\u00e9n puede tener otros efectos secundarios desfavorables, como ansiedad, v\u00e9rtigo o p\u00e9rdida de balance. Tambi\u00e9n es una droga muy adictiva, es inodora e incolora y puede usarse para hacer da\u00f1o si no se tiene el cuidado adecuado. Venta de ketamina Consulte a nuestros m\u00e9dicos para obtener el asesoramiento adecuado.<\/p>\n","protected":false},"excerpt":{"rendered":"<p>Compre ketamina en polvo en l\u00ednea. Compre ketamina HCL en polvo a la venta en l\u00ednea &#8211; ketamina en polvo a la venta en l\u00ednea &#8211; Ordene ketamina en polvo<\/p>\n","protected":false},"featured_media":2008,"comment_status":"open","ping_status":"closed","template":"","meta":{"inline_featured_image":false},"product_brand":[],"product_cat":[345],"product_tag":[573,570,107,105,572,562,561,571,563,203,564,567,104,110,108,565,568,109,106,569,566],"class_list":{"0":"post-2001","1":"product","2":"type-product","3":"status-publish","4":"has-post-thumbnail","6":"product_cat-drogas-psicodlicas","7":"product_tag-es-ketamina-en-polvo-legal-en-canada","8":"product_tag-es-ketamina-en-polvo-legal-en-usa","9":"product_tag-buy","10":"product_tag-canada","11":"product_tag-cmo-pedir-ketamina-en-polvo","12":"product_tag-comprar-ketamina-en-polvo","13":"product_tag-comprar-ketamina-en-polvo-online-comprar-en-polvo","14":"product_tag-comprar-ketamina-en-polvo-online-usa","15":"product_tag-comprar-ketamina-online","16":"product_tag-comprar-polvo-online","17":"product_tag-donde-comprar-ketamina-en-polvo","18":"product_tag-donde-comprar-ketamina-en-polvo-online","19":"product_tag-ee-uu","20":"product_tag-entrega-segura","21":"product_tag-online","22":"product_tag-ketamina-en-polvo-para-la-venta","23":"product_tag-ketamina-en-polvo-para-la-venta-en-los-ee-uu","24":"product_tag-proveedores","25":"product_tag-reino-unido","26":"product_tag-usted-todava-puede-obtener-ketamina-en-polvo","27":"product_tag-venta-de-ketamina","29":"first","30":"instock","31":"shipping-taxable","32":"purchasable","33":"product-type-variable","34":"has-default-attributes"},"yoast_head":"<!-- This site is optimized with the Yoast SEO Premium plugin v20.6 (Yoast SEO v27.3) - https:\/\/yoast.com\/product\/yoast-seo-premium-wordpress\/ -->\n<title>Comprar ketamina en polvo en l\u00ednea | Ketamina para la venta<\/title>\n<meta name=\"description\" content=\"Comprar ketamina en polvo en l\u00ednea. Venta de ketamina HCL: ordene ketamina a un precio asequible con satisfacci\u00f3n garantizada y entrega r\u00e1pida.\" \/>\n<meta name=\"robots\" content=\"index, follow, max-snippet:-1, max-image-preview:large, max-video-preview:-1\" \/>\n<link rel=\"canonical\" href=\"https:\/\/gooddealersmeds.com\/es\/product\/comprar-ketamina-en-polvo-online\/\" \/>\n<meta property=\"og:locale\" content=\"en_US\" \/>\n<meta property=\"og:type\" content=\"article\" \/>\n<meta property=\"og:title\" content=\"Comprar ketamina en polvo en l\u00ednea\" \/>\n<meta property=\"og:description\" content=\"Comprar ketamina en polvo en l\u00ednea. Venta de ketamina HCL: ordene ketamina a un precio asequible con satisfacci\u00f3n garantizada y entrega r\u00e1pida.\" \/>\n<meta property=\"og:url\" content=\"https:\/\/gooddealersmeds.com\/es\/product\/comprar-ketamina-en-polvo-online\/\" \/>\n<meta property=\"og:site_name\" content=\"Good Dealers Meds\" \/>\n<meta property=\"article:modified_time\" content=\"2023-01-01T16:24:51+00:00\" \/>\n<meta property=\"og:image\" content=\"https:\/\/gooddealersmeds.com\/es\/wp-content\/uploads\/sites\/4\/2022\/07\/ketamine-powder.jpg\" \/>\n\t<meta property=\"og:image:width\" content=\"600\" \/>\n\t<meta property=\"og:image:height\" content=\"600\" \/>\n\t<meta property=\"og:image:type\" content=\"image\/jpeg\" \/>\n<meta name=\"twitter:card\" content=\"summary_large_image\" \/>\n<meta name=\"twitter:label1\" content=\"Est. reading time\" \/>\n\t<meta name=\"twitter:data1\" content=\"3 minutes\" \/>\n<script type=\"application\/ld+json\" class=\"yoast-schema-graph\">{\"@context\":\"https:\\\/\\\/schema.org\",\"@graph\":[{\"@type\":\"WebPage\",\"@id\":\"https:\\\/\\\/gooddealersmeds.com\\\/es\\\/product\\\/comprar-ketamina-en-polvo-online\\\/\",\"url\":\"https:\\\/\\\/gooddealersmeds.com\\\/es\\\/product\\\/comprar-ketamina-en-polvo-online\\\/\",\"name\":\"Comprar ketamina en polvo en l\u00ednea | Ketamina para la venta\",\"isPartOf\":{\"@id\":\"https:\\\/\\\/gooddealersmeds.com\\\/es\\\/#website\"},\"primaryImageOfPage\":{\"@id\":\"https:\\\/\\\/gooddealersmeds.com\\\/es\\\/product\\\/comprar-ketamina-en-polvo-online\\\/#primaryimage\"},\"image\":{\"@id\":\"https:\\\/\\\/gooddealersmeds.com\\\/es\\\/product\\\/comprar-ketamina-en-polvo-online\\\/#primaryimage\"},\"thumbnailUrl\":\"https:\\\/\\\/gooddealersmeds.com\\\/es\\\/wp-content\\\/uploads\\\/sites\\\/4\\\/2022\\\/07\\\/ketamine-powder.jpg\",\"datePublished\":\"2022-07-03T14:45:15+00:00\",\"dateModified\":\"2023-01-01T16:24:51+00:00\",\"description\":\"Comprar ketamina en polvo en l\u00ednea. Venta de ketamina HCL: ordene ketamina a un precio asequible con satisfacci\u00f3n garantizada y entrega r\u00e1pida.\",\"breadcrumb\":{\"@id\":\"https:\\\/\\\/gooddealersmeds.com\\\/es\\\/product\\\/comprar-ketamina-en-polvo-online\\\/#breadcrumb\"},\"inLanguage\":\"en-US\",\"potentialAction\":[{\"@type\":\"ReadAction\",\"target\":[\"https:\\\/\\\/gooddealersmeds.com\\\/es\\\/product\\\/comprar-ketamina-en-polvo-online\\\/\"]}]},{\"@type\":\"ImageObject\",\"inLanguage\":\"en-US\",\"@id\":\"https:\\\/\\\/gooddealersmeds.com\\\/es\\\/product\\\/comprar-ketamina-en-polvo-online\\\/#primaryimage\",\"url\":\"https:\\\/\\\/gooddealersmeds.com\\\/es\\\/wp-content\\\/uploads\\\/sites\\\/4\\\/2022\\\/07\\\/ketamine-powder.jpg\",\"contentUrl\":\"https:\\\/\\\/gooddealersmeds.com\\\/es\\\/wp-content\\\/uploads\\\/sites\\\/4\\\/2022\\\/07\\\/ketamine-powder.jpg\",\"width\":600,\"height\":600,\"caption\":\"Buy Ketamine Powder Online\"},{\"@type\":\"BreadcrumbList\",\"@id\":\"https:\\\/\\\/gooddealersmeds.com\\\/es\\\/product\\\/comprar-ketamina-en-polvo-online\\\/#breadcrumb\",\"itemListElement\":[{\"@type\":\"ListItem\",\"position\":1,\"name\":\"Home\",\"item\":\"https:\\\/\\\/gooddealersmeds.com\\\/es\\\/\"},{\"@type\":\"ListItem\",\"position\":2,\"name\":\"Productos\",\"item\":\"https:\\\/\\\/gooddealersmeds.com\\\/es\\\/productos\\\/\"},{\"@type\":\"ListItem\",\"position\":3,\"name\":\"Comprar ketamina en polvo en l\u00ednea\"}]},{\"@type\":\"WebSite\",\"@id\":\"https:\\\/\\\/gooddealersmeds.com\\\/es\\\/#website\",\"url\":\"https:\\\/\\\/gooddealersmeds.com\\\/es\\\/\",\"name\":\"Good Dealers Meds\",\"description\":\"All our best\",\"publisher\":{\"@id\":\"https:\\\/\\\/gooddealersmeds.com\\\/es\\\/#organization\"},\"potentialAction\":[{\"@type\":\"SearchAction\",\"target\":{\"@type\":\"EntryPoint\",\"urlTemplate\":\"https:\\\/\\\/gooddealersmeds.com\\\/es\\\/?s={search_term_string}\"},\"query-input\":{\"@type\":\"PropertyValueSpecification\",\"valueRequired\":true,\"valueName\":\"search_term_string\"}}],\"inLanguage\":\"en-US\"},{\"@type\":\"Organization\",\"@id\":\"https:\\\/\\\/gooddealersmeds.com\\\/es\\\/#organization\",\"name\":\"Good Dealers Meds\",\"url\":\"https:\\\/\\\/gooddealersmeds.com\\\/es\\\/\",\"logo\":{\"@type\":\"ImageObject\",\"inLanguage\":\"en-US\",\"@id\":\"https:\\\/\\\/gooddealersmeds.com\\\/es\\\/#\\\/schema\\\/logo\\\/image\\\/\",\"url\":\"https:\\\/\\\/gooddealersmeds.com\\\/es\\\/wp-content\\\/uploads\\\/sites\\\/4\\\/2022\\\/03\\\/gooddealersmeds__logo__20220317T222800Z.00.png\",\"contentUrl\":\"https:\\\/\\\/gooddealersmeds.com\\\/es\\\/wp-content\\\/uploads\\\/sites\\\/4\\\/2022\\\/03\\\/gooddealersmeds__logo__20220317T222800Z.00.png\",\"width\":500,\"height\":325,\"caption\":\"Good Dealers Meds\"},\"image\":{\"@id\":\"https:\\\/\\\/gooddealersmeds.com\\\/es\\\/#\\\/schema\\\/logo\\\/image\\\/\"}}]}<\/script>\n<!-- \/ Yoast SEO Premium plugin. -->","yoast_head_json":{"title":"Comprar ketamina en polvo en l\u00ednea | Ketamina para la venta","description":"Comprar ketamina en polvo en l\u00ednea. Venta de ketamina HCL: ordene ketamina a un precio asequible con satisfacci\u00f3n garantizada y entrega r\u00e1pida.","robots":{"index":"index","follow":"follow","max-snippet":"max-snippet:-1","max-image-preview":"max-image-preview:large","max-video-preview":"max-video-preview:-1"},"canonical":"https:\/\/gooddealersmeds.com\/es\/product\/comprar-ketamina-en-polvo-online\/","og_locale":"en_US","og_type":"article","og_title":"Comprar ketamina en polvo en l\u00ednea","og_description":"Comprar ketamina en polvo en l\u00ednea. Venta de ketamina HCL: ordene ketamina a un precio asequible con satisfacci\u00f3n garantizada y entrega r\u00e1pida.","og_url":"https:\/\/gooddealersmeds.com\/es\/product\/comprar-ketamina-en-polvo-online\/","og_site_name":"Good Dealers Meds","article_modified_time":"2023-01-01T16:24:51+00:00","og_image":[{"width":600,"height":600,"url":"https:\/\/gooddealersmeds.com\/es\/wp-content\/uploads\/sites\/4\/2022\/07\/ketamine-powder.jpg","type":"image\/jpeg"}],"twitter_card":"summary_large_image","twitter_misc":{"Est. reading time":"3 minutes"},"schema":{"@context":"https:\/\/schema.org","@graph":[{"@type":"WebPage","@id":"https:\/\/gooddealersmeds.com\/es\/product\/comprar-ketamina-en-polvo-online\/","url":"https:\/\/gooddealersmeds.com\/es\/product\/comprar-ketamina-en-polvo-online\/","name":"Comprar ketamina en polvo en l\u00ednea | Ketamina para la venta","isPartOf":{"@id":"https:\/\/gooddealersmeds.com\/es\/#website"},"primaryImageOfPage":{"@id":"https:\/\/gooddealersmeds.com\/es\/product\/comprar-ketamina-en-polvo-online\/#primaryimage"},"image":{"@id":"https:\/\/gooddealersmeds.com\/es\/product\/comprar-ketamina-en-polvo-online\/#primaryimage"},"thumbnailUrl":"https:\/\/gooddealersmeds.com\/es\/wp-content\/uploads\/sites\/4\/2022\/07\/ketamine-powder.jpg","datePublished":"2022-07-03T14:45:15+00:00","dateModified":"2023-01-01T16:24:51+00:00","description":"Comprar ketamina en polvo en l\u00ednea. Venta de ketamina HCL: ordene ketamina a un precio asequible con satisfacci\u00f3n garantizada y entrega r\u00e1pida.","breadcrumb":{"@id":"https:\/\/gooddealersmeds.com\/es\/product\/comprar-ketamina-en-polvo-online\/#breadcrumb"},"inLanguage":"en-US","potentialAction":[{"@type":"ReadAction","target":["https:\/\/gooddealersmeds.com\/es\/product\/comprar-ketamina-en-polvo-online\/"]}]},{"@type":"ImageObject","inLanguage":"en-US","@id":"https:\/\/gooddealersmeds.com\/es\/product\/comprar-ketamina-en-polvo-online\/#primaryimage","url":"https:\/\/gooddealersmeds.com\/es\/wp-content\/uploads\/sites\/4\/2022\/07\/ketamine-powder.jpg","contentUrl":"https:\/\/gooddealersmeds.com\/es\/wp-content\/uploads\/sites\/4\/2022\/07\/ketamine-powder.jpg","width":600,"height":600,"caption":"Buy Ketamine Powder Online"},{"@type":"BreadcrumbList","@id":"https:\/\/gooddealersmeds.com\/es\/product\/comprar-ketamina-en-polvo-online\/#breadcrumb","itemListElement":[{"@type":"ListItem","position":1,"name":"Home","item":"https:\/\/gooddealersmeds.com\/es\/"},{"@type":"ListItem","position":2,"name":"Productos","item":"https:\/\/gooddealersmeds.com\/es\/productos\/"},{"@type":"ListItem","position":3,"name":"Comprar ketamina en polvo en l\u00ednea"}]},{"@type":"WebSite","@id":"https:\/\/gooddealersmeds.com\/es\/#website","url":"https:\/\/gooddealersmeds.com\/es\/","name":"Good Dealers Meds","description":"All our best","publisher":{"@id":"https:\/\/gooddealersmeds.com\/es\/#organization"},"potentialAction":[{"@type":"SearchAction","target":{"@type":"EntryPoint","urlTemplate":"https:\/\/gooddealersmeds.com\/es\/?s={search_term_string}"},"query-input":{"@type":"PropertyValueSpecification","valueRequired":true,"valueName":"search_term_string"}}],"inLanguage":"en-US"},{"@type":"Organization","@id":"https:\/\/gooddealersmeds.com\/es\/#organization","name":"Good Dealers Meds","url":"https:\/\/gooddealersmeds.com\/es\/","logo":{"@type":"ImageObject","inLanguage":"en-US","@id":"https:\/\/gooddealersmeds.com\/es\/#\/schema\/logo\/image\/","url":"https:\/\/gooddealersmeds.com\/es\/wp-content\/uploads\/sites\/4\/2022\/03\/gooddealersmeds__logo__20220317T222800Z.00.png","contentUrl":"https:\/\/gooddealersmeds.com\/es\/wp-content\/uploads\/sites\/4\/2022\/03\/gooddealersmeds__logo__20220317T222800Z.00.png","width":500,"height":325,"caption":"Good Dealers Meds"},"image":{"@id":"https:\/\/gooddealersmeds.com\/es\/#\/schema\/logo\/image\/"}}]}},"_links":{"self":[{"href":"https:\/\/gooddealersmeds.com\/es\/wp-json\/wp\/v2\/product\/2001","targetHints":{"allow":["GET"]}}],"collection":[{"href":"https:\/\/gooddealersmeds.com\/es\/wp-json\/wp\/v2\/product"}],"about":[{"href":"https:\/\/gooddealersmeds.com\/es\/wp-json\/wp\/v2\/types\/product"}],"replies":[{"embeddable":true,"href":"https:\/\/gooddealersmeds.com\/es\/wp-json\/wp\/v2\/comments?post=2001"}],"wp:featuredmedia":[{"embeddable":true,"href":"https:\/\/gooddealersmeds.com\/es\/wp-json\/wp\/v2\/media\/2008"}],"wp:attachment":[{"href":"https:\/\/gooddealersmeds.com\/es\/wp-json\/wp\/v2\/media?parent=2001"}],"wp:term":[{"taxonomy":"product_brand","embeddable":true,"href":"https:\/\/gooddealersmeds.com\/es\/wp-json\/wp\/v2\/product_brand?post=2001"},{"taxonomy":"product_cat","embeddable":true,"href":"https:\/\/gooddealersmeds.com\/es\/wp-json\/wp\/v2\/product_cat?post=2001"},{"taxonomy":"product_tag","embeddable":true,"href":"https:\/\/gooddealersmeds.com\/es\/wp-json\/wp\/v2\/product_tag?post=2001"}],"curies":[{"name":"wp","href":"https:\/\/api.w.org\/{rel}","templated":true}]}}