{"id":1986,"date":"2022-07-03T13:54:43","date_gmt":"2022-07-03T13:54:43","guid":{"rendered":"https:\/\/gooddealersmeds.com\/es\/?post_type=product&#038;p=1986"},"modified":"2023-01-01T16:46:59","modified_gmt":"2023-01-01T16:46:59","slug":"al-lad-150mcg-blotters","status":"publish","type":"product","link":"https:\/\/gooddealersmeds.com\/es\/product\/al-lad-150mcg-blotters\/","title":{"rendered":"Comprar secantes AL-LAD 150mcg"},"content":{"rendered":"<h2>Comprar secantes AL-LAD de 150 mcg en l\u00ednea en Good Dealers Meds.<\/h2>\n<p>AL-LAD 150mcg Blotters Online es una sustancia qu\u00edmica psicod\u00e9lica de la clase Lysergamide. En comparaci\u00f3n con 1P-LSD y LSD-25, ha aumentado las alucinaciones visuales y efectos psicol\u00f3gicos leves. Esto se desarroll\u00f3 por primera vez a mediados de la d\u00e9cada de 1980 con fines de investigaci\u00f3n. Esto se desarroll\u00f3 por primera vez a mediados de la d\u00e9cada de 1980 con fines de investigaci\u00f3n. Esto se desarroll\u00f3 por primera vez a mediados de la d\u00e9cada de 1980 con fines de investigaci\u00f3n. Sin embargo, ahora est\u00e1 disponible para uso recreativo.<\/p>\n<p>AL-LAD 150mcg Blotters Online a menudo se conoce como el m\u00e1s &#8220;recreativo&#8221; de los an\u00e1logos de lisergamida.<\/p>\n<p>Tambi\u00e9n se conoce como un potente entact\u00f3geno, que te hace sentir m\u00e1s cerca de ti mismo y de los dem\u00e1s, y una dosis baja puede producir efectos fuertes sin causar molestias f\u00edsicas.<\/p>\n<p>&nbsp;<\/p>\n<p><strong>\u00bfPor qu\u00e9 comprar secantes AL-LAD de 150 mcg en l\u00ednea?<\/strong><\/p>\n<p>&nbsp;<\/p>\n<p>AL-LAD a menudo es utilizado por personas que buscan una alternativa al LSD debido a su mayor potencia, efectos m\u00e1s suaves y costo m\u00e1s bajo. Es una idea perfecta comprar productos qu\u00edmicos de investigaci\u00f3n en l\u00ednea para ahorrar dinero. No hay cargos ocultos asociados con ninguno de estos productos, ya que se venden a un precio asequible. Como una comodidad adicional, puede recibirlos directamente en la puerta de su casa sin tener que pasar por ning\u00fan problema.<\/p>\n<p><strong>\u00a0<\/strong><\/p>\n<p><strong>El mejor lugar para comprar secantes AL-LAD de 150 mcg en l\u00ednea<\/strong><\/p>\n<p>Si quieres <a href=\"https:\/\/gooddealersmeds.com\/es\/product\/al-lad-150mcg-blotters\/\">comprar AL-LAD 150mcg Blotters online<\/a>, acabas de aterrizar en el mejor lugar. Good Dealers Meds ofrece Blotters AL-LAD de 150 mcg a precios asequibles en todos los pedidos realizados a trav\u00e9s de nuestro sitio web O a trav\u00e9s de llamadas recibidas al +31645886273.<\/p>\n<p>Compre Blotters AL-LAD de 150 mcg en l\u00ednea hoy para ahorrar algo de dinero.<\/p>\n","protected":false},"excerpt":{"rendered":"<p>AL-LAD, conocido t\u00e9cnicamente como dietilamida del \u00e1cido 6-alil-6-nor-lis\u00e9rgico, es un an\u00e1logo relativamente nuevo del LSD-25. Se presume que tiene un mecanismo de acci\u00f3n similar, que funciona principalmente al unirse a los receptores de serotonina del cerebro. Tambi\u00e9n se cree que es un prof\u00e1rmaco del LSD-25, aunque esto no se ha confirmado en un laboratorio.<\/p>\n","protected":false},"featured_media":1987,"comment_status":"open","ping_status":"closed","template":"","meta":{"inline_featured_image":false},"product_brand":[],"product_cat":[345],"product_tag":[],"class_list":{"0":"post-1986","1":"product","2":"type-product","3":"status-publish","4":"has-post-thumbnail","6":"product_cat-drogas-psicodlicas","8":"first","9":"instock","10":"shipping-taxable","11":"purchasable","12":"product-type-variable","13":"has-default-attributes"},"yoast_head":"<!-- This site is optimized with the Yoast SEO Premium plugin v20.6 (Yoast SEO v27.3) - https:\/\/yoast.com\/product\/yoast-seo-premium-wordpress\/ -->\n<title>Comprar secantes AL-LAD en l\u00ednea | Pedido AL-LAD - Good Dealers Meds<\/title>\n<meta name=\"description\" content=\"Compre AL-LAD Blotters Online (6-allyl-6-nor-LSD o N-AN-ally-nor-lysergic) es una sustancia qu\u00edmica psicod\u00e9lica de la clase Lysergamide.\" \/>\n<meta name=\"robots\" content=\"index, follow, max-snippet:-1, max-image-preview:large, max-video-preview:-1\" \/>\n<link rel=\"canonical\" href=\"https:\/\/gooddealersmeds.com\/es\/product\/al-lad-150mcg-blotters\/\" \/>\n<meta property=\"og:locale\" content=\"en_US\" \/>\n<meta property=\"og:type\" content=\"article\" \/>\n<meta property=\"og:title\" content=\"Comprar secantes AL-LAD 150mcg\" \/>\n<meta property=\"og:description\" content=\"Compre AL-LAD Blotters Online (6-allyl-6-nor-LSD o N-AN-ally-nor-lysergic) es una sustancia qu\u00edmica psicod\u00e9lica de la clase Lysergamide.\" \/>\n<meta property=\"og:url\" content=\"https:\/\/gooddealersmeds.com\/es\/product\/al-lad-150mcg-blotters\/\" \/>\n<meta property=\"og:site_name\" content=\"Good Dealers Meds\" \/>\n<meta property=\"article:modified_time\" content=\"2023-01-01T16:46:59+00:00\" \/>\n<meta property=\"og:image\" content=\"https:\/\/gooddealersmeds.com\/es\/wp-content\/uploads\/sites\/4\/2022\/07\/AL-LAD-150mcg-Blotters.webp\" \/>\n\t<meta property=\"og:image:width\" content=\"1553\" \/>\n\t<meta property=\"og:image:height\" content=\"1553\" \/>\n\t<meta property=\"og:image:type\" content=\"image\/webp\" \/>\n<meta name=\"twitter:card\" content=\"summary_large_image\" \/>\n<meta name=\"twitter:label1\" content=\"Est. reading time\" \/>\n\t<meta name=\"twitter:data1\" content=\"2 minutes\" \/>\n<script type=\"application\/ld+json\" class=\"yoast-schema-graph\">{\"@context\":\"https:\\\/\\\/schema.org\",\"@graph\":[{\"@type\":\"WebPage\",\"@id\":\"https:\\\/\\\/gooddealersmeds.com\\\/es\\\/product\\\/al-lad-150mcg-blotters\\\/\",\"url\":\"https:\\\/\\\/gooddealersmeds.com\\\/es\\\/product\\\/al-lad-150mcg-blotters\\\/\",\"name\":\"Comprar secantes AL-LAD en l\u00ednea | Pedido AL-LAD - Good Dealers Meds\",\"isPartOf\":{\"@id\":\"https:\\\/\\\/gooddealersmeds.com\\\/es\\\/#website\"},\"primaryImageOfPage\":{\"@id\":\"https:\\\/\\\/gooddealersmeds.com\\\/es\\\/product\\\/al-lad-150mcg-blotters\\\/#primaryimage\"},\"image\":{\"@id\":\"https:\\\/\\\/gooddealersmeds.com\\\/es\\\/product\\\/al-lad-150mcg-blotters\\\/#primaryimage\"},\"thumbnailUrl\":\"https:\\\/\\\/gooddealersmeds.com\\\/es\\\/wp-content\\\/uploads\\\/sites\\\/4\\\/2022\\\/07\\\/AL-LAD-150mcg-Blotters.webp\",\"datePublished\":\"2022-07-03T13:54:43+00:00\",\"dateModified\":\"2023-01-01T16:46:59+00:00\",\"description\":\"Compre AL-LAD Blotters Online (6-allyl-6-nor-LSD o N-AN-ally-nor-lysergic) es una sustancia qu\u00edmica psicod\u00e9lica de la clase Lysergamide.\",\"breadcrumb\":{\"@id\":\"https:\\\/\\\/gooddealersmeds.com\\\/es\\\/product\\\/al-lad-150mcg-blotters\\\/#breadcrumb\"},\"inLanguage\":\"en-US\",\"potentialAction\":[{\"@type\":\"ReadAction\",\"target\":[\"https:\\\/\\\/gooddealersmeds.com\\\/es\\\/product\\\/al-lad-150mcg-blotters\\\/\"]}]},{\"@type\":\"ImageObject\",\"inLanguage\":\"en-US\",\"@id\":\"https:\\\/\\\/gooddealersmeds.com\\\/es\\\/product\\\/al-lad-150mcg-blotters\\\/#primaryimage\",\"url\":\"https:\\\/\\\/gooddealersmeds.com\\\/es\\\/wp-content\\\/uploads\\\/sites\\\/4\\\/2022\\\/07\\\/AL-LAD-150mcg-Blotters.webp\",\"contentUrl\":\"https:\\\/\\\/gooddealersmeds.com\\\/es\\\/wp-content\\\/uploads\\\/sites\\\/4\\\/2022\\\/07\\\/AL-LAD-150mcg-Blotters.webp\",\"width\":1553,\"height\":1553,\"caption\":\"AL-LAD Blotters\"},{\"@type\":\"BreadcrumbList\",\"@id\":\"https:\\\/\\\/gooddealersmeds.com\\\/es\\\/product\\\/al-lad-150mcg-blotters\\\/#breadcrumb\",\"itemListElement\":[{\"@type\":\"ListItem\",\"position\":1,\"name\":\"Home\",\"item\":\"https:\\\/\\\/gooddealersmeds.com\\\/es\\\/\"},{\"@type\":\"ListItem\",\"position\":2,\"name\":\"Productos\",\"item\":\"https:\\\/\\\/gooddealersmeds.com\\\/es\\\/productos\\\/\"},{\"@type\":\"ListItem\",\"position\":3,\"name\":\"Comprar secantes AL-LAD 150mcg\"}]},{\"@type\":\"WebSite\",\"@id\":\"https:\\\/\\\/gooddealersmeds.com\\\/es\\\/#website\",\"url\":\"https:\\\/\\\/gooddealersmeds.com\\\/es\\\/\",\"name\":\"Good Dealers Meds\",\"description\":\"All our best\",\"publisher\":{\"@id\":\"https:\\\/\\\/gooddealersmeds.com\\\/es\\\/#organization\"},\"potentialAction\":[{\"@type\":\"SearchAction\",\"target\":{\"@type\":\"EntryPoint\",\"urlTemplate\":\"https:\\\/\\\/gooddealersmeds.com\\\/es\\\/?s={search_term_string}\"},\"query-input\":{\"@type\":\"PropertyValueSpecification\",\"valueRequired\":true,\"valueName\":\"search_term_string\"}}],\"inLanguage\":\"en-US\"},{\"@type\":\"Organization\",\"@id\":\"https:\\\/\\\/gooddealersmeds.com\\\/es\\\/#organization\",\"name\":\"Good Dealers Meds\",\"url\":\"https:\\\/\\\/gooddealersmeds.com\\\/es\\\/\",\"logo\":{\"@type\":\"ImageObject\",\"inLanguage\":\"en-US\",\"@id\":\"https:\\\/\\\/gooddealersmeds.com\\\/es\\\/#\\\/schema\\\/logo\\\/image\\\/\",\"url\":\"https:\\\/\\\/gooddealersmeds.com\\\/es\\\/wp-content\\\/uploads\\\/sites\\\/4\\\/2022\\\/03\\\/gooddealersmeds__logo__20220317T222800Z.00.png\",\"contentUrl\":\"https:\\\/\\\/gooddealersmeds.com\\\/es\\\/wp-content\\\/uploads\\\/sites\\\/4\\\/2022\\\/03\\\/gooddealersmeds__logo__20220317T222800Z.00.png\",\"width\":500,\"height\":325,\"caption\":\"Good Dealers Meds\"},\"image\":{\"@id\":\"https:\\\/\\\/gooddealersmeds.com\\\/es\\\/#\\\/schema\\\/logo\\\/image\\\/\"}}]}<\/script>\n<!-- \/ Yoast SEO Premium plugin. -->","yoast_head_json":{"title":"Comprar secantes AL-LAD en l\u00ednea | Pedido AL-LAD - Good Dealers Meds","description":"Compre AL-LAD Blotters Online (6-allyl-6-nor-LSD o N-AN-ally-nor-lysergic) es una sustancia qu\u00edmica psicod\u00e9lica de la clase Lysergamide.","robots":{"index":"index","follow":"follow","max-snippet":"max-snippet:-1","max-image-preview":"max-image-preview:large","max-video-preview":"max-video-preview:-1"},"canonical":"https:\/\/gooddealersmeds.com\/es\/product\/al-lad-150mcg-blotters\/","og_locale":"en_US","og_type":"article","og_title":"Comprar secantes AL-LAD 150mcg","og_description":"Compre AL-LAD Blotters Online (6-allyl-6-nor-LSD o N-AN-ally-nor-lysergic) es una sustancia qu\u00edmica psicod\u00e9lica de la clase Lysergamide.","og_url":"https:\/\/gooddealersmeds.com\/es\/product\/al-lad-150mcg-blotters\/","og_site_name":"Good Dealers Meds","article_modified_time":"2023-01-01T16:46:59+00:00","og_image":[{"width":1553,"height":1553,"url":"https:\/\/gooddealersmeds.com\/es\/wp-content\/uploads\/sites\/4\/2022\/07\/AL-LAD-150mcg-Blotters.webp","type":"image\/webp"}],"twitter_card":"summary_large_image","twitter_misc":{"Est. reading time":"2 minutes"},"schema":{"@context":"https:\/\/schema.org","@graph":[{"@type":"WebPage","@id":"https:\/\/gooddealersmeds.com\/es\/product\/al-lad-150mcg-blotters\/","url":"https:\/\/gooddealersmeds.com\/es\/product\/al-lad-150mcg-blotters\/","name":"Comprar secantes AL-LAD en l\u00ednea | Pedido AL-LAD - Good Dealers Meds","isPartOf":{"@id":"https:\/\/gooddealersmeds.com\/es\/#website"},"primaryImageOfPage":{"@id":"https:\/\/gooddealersmeds.com\/es\/product\/al-lad-150mcg-blotters\/#primaryimage"},"image":{"@id":"https:\/\/gooddealersmeds.com\/es\/product\/al-lad-150mcg-blotters\/#primaryimage"},"thumbnailUrl":"https:\/\/gooddealersmeds.com\/es\/wp-content\/uploads\/sites\/4\/2022\/07\/AL-LAD-150mcg-Blotters.webp","datePublished":"2022-07-03T13:54:43+00:00","dateModified":"2023-01-01T16:46:59+00:00","description":"Compre AL-LAD Blotters Online (6-allyl-6-nor-LSD o N-AN-ally-nor-lysergic) es una sustancia qu\u00edmica psicod\u00e9lica de la clase Lysergamide.","breadcrumb":{"@id":"https:\/\/gooddealersmeds.com\/es\/product\/al-lad-150mcg-blotters\/#breadcrumb"},"inLanguage":"en-US","potentialAction":[{"@type":"ReadAction","target":["https:\/\/gooddealersmeds.com\/es\/product\/al-lad-150mcg-blotters\/"]}]},{"@type":"ImageObject","inLanguage":"en-US","@id":"https:\/\/gooddealersmeds.com\/es\/product\/al-lad-150mcg-blotters\/#primaryimage","url":"https:\/\/gooddealersmeds.com\/es\/wp-content\/uploads\/sites\/4\/2022\/07\/AL-LAD-150mcg-Blotters.webp","contentUrl":"https:\/\/gooddealersmeds.com\/es\/wp-content\/uploads\/sites\/4\/2022\/07\/AL-LAD-150mcg-Blotters.webp","width":1553,"height":1553,"caption":"AL-LAD Blotters"},{"@type":"BreadcrumbList","@id":"https:\/\/gooddealersmeds.com\/es\/product\/al-lad-150mcg-blotters\/#breadcrumb","itemListElement":[{"@type":"ListItem","position":1,"name":"Home","item":"https:\/\/gooddealersmeds.com\/es\/"},{"@type":"ListItem","position":2,"name":"Productos","item":"https:\/\/gooddealersmeds.com\/es\/productos\/"},{"@type":"ListItem","position":3,"name":"Comprar secantes AL-LAD 150mcg"}]},{"@type":"WebSite","@id":"https:\/\/gooddealersmeds.com\/es\/#website","url":"https:\/\/gooddealersmeds.com\/es\/","name":"Good Dealers Meds","description":"All our best","publisher":{"@id":"https:\/\/gooddealersmeds.com\/es\/#organization"},"potentialAction":[{"@type":"SearchAction","target":{"@type":"EntryPoint","urlTemplate":"https:\/\/gooddealersmeds.com\/es\/?s={search_term_string}"},"query-input":{"@type":"PropertyValueSpecification","valueRequired":true,"valueName":"search_term_string"}}],"inLanguage":"en-US"},{"@type":"Organization","@id":"https:\/\/gooddealersmeds.com\/es\/#organization","name":"Good Dealers Meds","url":"https:\/\/gooddealersmeds.com\/es\/","logo":{"@type":"ImageObject","inLanguage":"en-US","@id":"https:\/\/gooddealersmeds.com\/es\/#\/schema\/logo\/image\/","url":"https:\/\/gooddealersmeds.com\/es\/wp-content\/uploads\/sites\/4\/2022\/03\/gooddealersmeds__logo__20220317T222800Z.00.png","contentUrl":"https:\/\/gooddealersmeds.com\/es\/wp-content\/uploads\/sites\/4\/2022\/03\/gooddealersmeds__logo__20220317T222800Z.00.png","width":500,"height":325,"caption":"Good Dealers Meds"},"image":{"@id":"https:\/\/gooddealersmeds.com\/es\/#\/schema\/logo\/image\/"}}]}},"_links":{"self":[{"href":"https:\/\/gooddealersmeds.com\/es\/wp-json\/wp\/v2\/product\/1986","targetHints":{"allow":["GET"]}}],"collection":[{"href":"https:\/\/gooddealersmeds.com\/es\/wp-json\/wp\/v2\/product"}],"about":[{"href":"https:\/\/gooddealersmeds.com\/es\/wp-json\/wp\/v2\/types\/product"}],"replies":[{"embeddable":true,"href":"https:\/\/gooddealersmeds.com\/es\/wp-json\/wp\/v2\/comments?post=1986"}],"wp:featuredmedia":[{"embeddable":true,"href":"https:\/\/gooddealersmeds.com\/es\/wp-json\/wp\/v2\/media\/1987"}],"wp:attachment":[{"href":"https:\/\/gooddealersmeds.com\/es\/wp-json\/wp\/v2\/media?parent=1986"}],"wp:term":[{"taxonomy":"product_brand","embeddable":true,"href":"https:\/\/gooddealersmeds.com\/es\/wp-json\/wp\/v2\/product_brand?post=1986"},{"taxonomy":"product_cat","embeddable":true,"href":"https:\/\/gooddealersmeds.com\/es\/wp-json\/wp\/v2\/product_cat?post=1986"},{"taxonomy":"product_tag","embeddable":true,"href":"https:\/\/gooddealersmeds.com\/es\/wp-json\/wp\/v2\/product_tag?post=1986"}],"curies":[{"name":"wp","href":"https:\/\/api.w.org\/{rel}","templated":true}]}}