{"id":1984,"date":"2022-07-03T13:39:25","date_gmt":"2022-07-03T13:39:25","guid":{"rendered":"https:\/\/gooddealersmeds.com\/es\/?post_type=product&#038;p=1984"},"modified":"2023-01-01T18:23:34","modified_gmt":"2023-01-01T18:23:34","slug":"comprar-gamma-hidroxibutirato-ghb-liquido","status":"publish","type":"product","link":"https:\/\/gooddealersmeds.com\/es\/product\/comprar-gamma-hidroxibutirato-ghb-liquido\/","title":{"rendered":"Comprar gamma hidroxibutirato (GHB) l\u00edquido"},"content":{"rendered":"<h2>Compre GHB Liquid en l\u00ednea con garant\u00eda<\/h2>\n<p>Gamma hidroxibutirato (GHB) es un depresor que se puede tomar por v\u00eda oral, inyectar o vaporizar en un vaporizador de drogas. Es un l\u00edquido claro con efectos sedantes y puede causar somnolencia y alteraci\u00f3n de la funci\u00f3n motora. D\u00f3nde comprar GHB l\u00edquido<\/p>\n<p>El GHB a veces se denomina &#8220;medicamento de dise\u00f1o&#8221; o &#8220;<a href=\"https:\/\/gooddealersmeds.com\/es\/product\/buy-gamma-hydroxybutyrate-ghb-liquid \/\">\u00e9xtasis l\u00edquido<\/a>&#8221; porque fue desarrollado originalmente en la d\u00e9cada de 1960 por cient\u00edficos. El prop\u00f3sito original de GHB era ayudar a las personas que sufr\u00edan de narcolepsia a conciliar el sue\u00f1o m\u00e1s f\u00e1cilmente; sin embargo, este medicamento pronto se hizo popular entre los asistentes a los clubes y los clubbers que lo usaban como droga para disfrutar de la borrachera sin llegar a intoxicarse. Desde entonces, el GHB se ha utilizado de muchas otras maneras: para tratar la somnolencia diurna excesiva y, a veces, los opi\u00e1ceos.<\/p>\n<p><strong>\u00a0<\/strong><\/p>\n<p><strong>\u00bfPor qu\u00e9 comprar GHB en l\u00ednea? <\/strong><\/p>\n<p>Hay muchas razones para comprar GHB l\u00edquido en l\u00ednea. Vamos a contarte algunos de ellos:<\/p>\n<ul>\n<li>Al comprar GHB en l\u00ednea, puedes comprar tu medicamento a precios atractivos. A veces, las farmacias en l\u00ednea tambi\u00e9n ofrecen tarjetas de fidelizaci\u00f3n o c\u00f3digos promocionales para aprovechar las oportunidades de descuento.<\/li>\n<li>Encontrar\u00e1 varios sitios web en l\u00ednea que venden GHB l\u00edquido. Por lo tanto, es m\u00e1s f\u00e1cil comparar precios en l\u00ednea.<\/li>\n<li>Los medicamentos como el hidroxibutirato gamma (GHB) a menudo son raros de encontrar en las farmacias. Por lo tanto, puede comprarlos en l\u00ednea. donde comprar GHB<\/li>\n<li>Obtenga su pedido con solo tocar algunos botones. \u00a1As\u00ed de f\u00e1cil!<\/li>\n<\/ul>\n<p>&nbsp;<\/p>\n<p><strong>\u00bfD\u00f3nde puedo comprar GHB en l\u00ednea?<\/strong><\/p>\n<p>Muchas farmacias ofrecen GHB en l\u00ednea, pero el mejor lugar es Good Dealers Meds. Ofrecemos env\u00edo gratuito para que pueda pedir sus medicamentos favoritos de forma r\u00e1pida y c\u00f3moda desde cualquier parte del mundo, D\u00f3nde comprar GHB l\u00edquido<\/p>\n","protected":false},"excerpt":{"rendered":"<p>El gamma-hidroxibutirato es un sedante que se usa como somn\u00edfero recetado y como intoxicante recreativo donde obtener GHB. Es conocido por su capacidad para inducir un sue\u00f1o similar al coma breve (varias horas) en dosis altas.<\/p>\n","protected":false},"featured_media":1985,"comment_status":"open","ping_status":"closed","template":"","meta":{"inline_featured_image":false},"product_brand":[],"product_cat":[345],"product_tag":[554,523,527,539,549,546,547,525,542,526,537,551,541,555,553,524,528,548,550,544,540,536,530,531,543,534,533,535,545,538,552,529,532],"class_list":{"0":"post-1984","1":"product","2":"type-product","3":"status-publish","4":"has-post-thumbnail","6":"product_cat-drogas-psicodlicas","7":"product_tag-legal-bromometano-online","8":"product_tag-buy-dieldrin-online","9":"product_tag-buy-endosulfan-online","10":"product_tag-buy-gamma-hydroxybutyrate-online","11":"product_tag-buy-retail-gamma-butyrolactone","12":"product_tag-buy-wholesale-gamma-butyrolactone","13":"product_tag-buy-wholesale-gamma-butyrolactone-online","14":"product_tag-cheap-dieldrin-online","15":"product_tag-cheap-gamma-hydroxybutyrate-online","16":"product_tag-como-comprar-dieldrin-online","17":"product_tag-como-pedir-ghb-online","18":"product_tag-comprar-bromometano-online","19":"product_tag-comprar-legal-gamma-hidroxibutirato-online","20":"product_tag-comprar-metilhexanamina-online","21":"product_tag-donde-comprar-bromometano-online","22":"product_tag-donde-comprar-dieldrin-online","23":"product_tag-donde-comprar-endosulfan-online","24":"product_tag-donde-comprar-venta-al-mayor-gamma-butirolactona","25":"product_tag-donde-comprar-minorista-gamma-butirolactona-online","26":"product_tag-donde-comprar-gamma-butirolactona","27":"product_tag-donde-comprar-gamma-hidroxibutirato-online","28":"product_tag-donde-pedir-ghb-online","29":"product_tag-endosulfan-legal-online","30":"product_tag-gamma-butirolactona-como-medicamento","31":"product_tag-gamma-butyrolactone-whole-sale","32":"product_tag-gamma-hydroxybutyrate-buy","33":"product_tag-ghb-buy-australia","34":"product_tag-ghb-buy-canada","35":"product_tag-how-to-buy-gamma-butyrolactone","36":"product_tag-legal-gamma-hydroxybutyrate-online","37":"product_tag-venta-al-por-mayor-bromometano-online","38":"product_tag-mayorista-endosulfan-online","39":"product_tag-gamma-butirolactona-para-la-venta","41":"first","42":"instock","43":"shipping-taxable","44":"purchasable","45":"product-type-simple"},"yoast_head":"<!-- This site is optimized with the Yoast SEO Premium plugin v20.6 (Yoast SEO v27.4) - https:\/\/yoast.com\/product\/yoast-seo-premium-wordpress\/ -->\n<title>D\u00f3nde comprar GHB l\u00edquido | Venta de l\u00edquido GHB| Good Dealers Meds<\/title>\n<meta name=\"description\" content=\"D\u00f3nde comprar GHB l\u00edquido en l\u00ednea de nuestros distribuidores, que se usa como somn\u00edfero recetado y como intoxicante recreativo.\" \/>\n<meta name=\"robots\" content=\"index, follow, max-snippet:-1, max-image-preview:large, max-video-preview:-1\" \/>\n<link rel=\"canonical\" href=\"https:\/\/gooddealersmeds.com\/es\/product\/comprar-gamma-hidroxibutirato-ghb-liquido\/\" \/>\n<meta property=\"og:locale\" content=\"en_US\" \/>\n<meta property=\"og:type\" content=\"article\" \/>\n<meta property=\"og:title\" content=\"Comprar gamma hidroxibutirato (GHB) l\u00edquido\" \/>\n<meta property=\"og:description\" content=\"D\u00f3nde comprar GHB l\u00edquido en l\u00ednea de nuestros distribuidores, que se usa como somn\u00edfero recetado y como intoxicante recreativo.\" \/>\n<meta property=\"og:url\" content=\"https:\/\/gooddealersmeds.com\/es\/product\/comprar-gamma-hidroxibutirato-ghb-liquido\/\" \/>\n<meta property=\"og:site_name\" content=\"Good Dealers Meds\" \/>\n<meta property=\"article:modified_time\" content=\"2023-01-01T18:23:34+00:00\" \/>\n<meta property=\"og:image\" content=\"https:\/\/gooddealersmeds.com\/es\/wp-content\/uploads\/sites\/4\/2022\/07\/Buy-Gamma-Hydroxybutyrate-Ghb-Liquid.jpg\" \/>\n\t<meta property=\"og:image:width\" content=\"600\" \/>\n\t<meta property=\"og:image:height\" content=\"600\" \/>\n\t<meta property=\"og:image:type\" content=\"image\/jpeg\" \/>\n<meta name=\"twitter:card\" content=\"summary_large_image\" \/>\n<meta name=\"twitter:label1\" content=\"Est. reading time\" \/>\n\t<meta name=\"twitter:data1\" content=\"2 minutes\" \/>\n<script type=\"application\/ld+json\" class=\"yoast-schema-graph\">{\"@context\":\"https:\\\/\\\/schema.org\",\"@graph\":[{\"@type\":\"WebPage\",\"@id\":\"https:\\\/\\\/gooddealersmeds.com\\\/es\\\/product\\\/comprar-gamma-hidroxibutirato-ghb-liquido\\\/\",\"url\":\"https:\\\/\\\/gooddealersmeds.com\\\/es\\\/product\\\/comprar-gamma-hidroxibutirato-ghb-liquido\\\/\",\"name\":\"D\u00f3nde comprar GHB l\u00edquido | Venta de l\u00edquido GHB| Good Dealers Meds\",\"isPartOf\":{\"@id\":\"https:\\\/\\\/gooddealersmeds.com\\\/es\\\/#website\"},\"primaryImageOfPage\":{\"@id\":\"https:\\\/\\\/gooddealersmeds.com\\\/es\\\/product\\\/comprar-gamma-hidroxibutirato-ghb-liquido\\\/#primaryimage\"},\"image\":{\"@id\":\"https:\\\/\\\/gooddealersmeds.com\\\/es\\\/product\\\/comprar-gamma-hidroxibutirato-ghb-liquido\\\/#primaryimage\"},\"thumbnailUrl\":\"https:\\\/\\\/gooddealersmeds.com\\\/es\\\/wp-content\\\/uploads\\\/sites\\\/4\\\/2022\\\/07\\\/Buy-Gamma-Hydroxybutyrate-Ghb-Liquid.jpg\",\"datePublished\":\"2022-07-03T13:39:25+00:00\",\"dateModified\":\"2023-01-01T18:23:34+00:00\",\"description\":\"D\u00f3nde comprar GHB l\u00edquido en l\u00ednea de nuestros distribuidores, que se usa como somn\u00edfero recetado y como intoxicante recreativo.\",\"breadcrumb\":{\"@id\":\"https:\\\/\\\/gooddealersmeds.com\\\/es\\\/product\\\/comprar-gamma-hidroxibutirato-ghb-liquido\\\/#breadcrumb\"},\"inLanguage\":\"en-US\",\"potentialAction\":[{\"@type\":\"ReadAction\",\"target\":[\"https:\\\/\\\/gooddealersmeds.com\\\/es\\\/product\\\/comprar-gamma-hidroxibutirato-ghb-liquido\\\/\"]}]},{\"@type\":\"ImageObject\",\"inLanguage\":\"en-US\",\"@id\":\"https:\\\/\\\/gooddealersmeds.com\\\/es\\\/product\\\/comprar-gamma-hidroxibutirato-ghb-liquido\\\/#primaryimage\",\"url\":\"https:\\\/\\\/gooddealersmeds.com\\\/es\\\/wp-content\\\/uploads\\\/sites\\\/4\\\/2022\\\/07\\\/Buy-Gamma-Hydroxybutyrate-Ghb-Liquid.jpg\",\"contentUrl\":\"https:\\\/\\\/gooddealersmeds.com\\\/es\\\/wp-content\\\/uploads\\\/sites\\\/4\\\/2022\\\/07\\\/Buy-Gamma-Hydroxybutyrate-Ghb-Liquid.jpg\",\"width\":600,\"height\":600,\"caption\":\"Buy Gamma Hydroxybutyrate Liquid\"},{\"@type\":\"BreadcrumbList\",\"@id\":\"https:\\\/\\\/gooddealersmeds.com\\\/es\\\/product\\\/comprar-gamma-hidroxibutirato-ghb-liquido\\\/#breadcrumb\",\"itemListElement\":[{\"@type\":\"ListItem\",\"position\":1,\"name\":\"Home\",\"item\":\"https:\\\/\\\/gooddealersmeds.com\\\/es\\\/\"},{\"@type\":\"ListItem\",\"position\":2,\"name\":\"Productos\",\"item\":\"https:\\\/\\\/gooddealersmeds.com\\\/es\\\/productos\\\/\"},{\"@type\":\"ListItem\",\"position\":3,\"name\":\"Comprar gamma hidroxibutirato (GHB) l\u00edquido\"}]},{\"@type\":\"WebSite\",\"@id\":\"https:\\\/\\\/gooddealersmeds.com\\\/es\\\/#website\",\"url\":\"https:\\\/\\\/gooddealersmeds.com\\\/es\\\/\",\"name\":\"Good Dealers Meds\",\"description\":\"All our best\",\"publisher\":{\"@id\":\"https:\\\/\\\/gooddealersmeds.com\\\/es\\\/#organization\"},\"potentialAction\":[{\"@type\":\"SearchAction\",\"target\":{\"@type\":\"EntryPoint\",\"urlTemplate\":\"https:\\\/\\\/gooddealersmeds.com\\\/es\\\/?s={search_term_string}\"},\"query-input\":{\"@type\":\"PropertyValueSpecification\",\"valueRequired\":true,\"valueName\":\"search_term_string\"}}],\"inLanguage\":\"en-US\"},{\"@type\":\"Organization\",\"@id\":\"https:\\\/\\\/gooddealersmeds.com\\\/es\\\/#organization\",\"name\":\"Good Dealers Meds\",\"url\":\"https:\\\/\\\/gooddealersmeds.com\\\/es\\\/\",\"logo\":{\"@type\":\"ImageObject\",\"inLanguage\":\"en-US\",\"@id\":\"https:\\\/\\\/gooddealersmeds.com\\\/es\\\/#\\\/schema\\\/logo\\\/image\\\/\",\"url\":\"https:\\\/\\\/gooddealersmeds.com\\\/es\\\/wp-content\\\/uploads\\\/sites\\\/4\\\/2022\\\/03\\\/gooddealersmeds__logo__20220317T222800Z.00.png\",\"contentUrl\":\"https:\\\/\\\/gooddealersmeds.com\\\/es\\\/wp-content\\\/uploads\\\/sites\\\/4\\\/2022\\\/03\\\/gooddealersmeds__logo__20220317T222800Z.00.png\",\"width\":500,\"height\":325,\"caption\":\"Good Dealers Meds\"},\"image\":{\"@id\":\"https:\\\/\\\/gooddealersmeds.com\\\/es\\\/#\\\/schema\\\/logo\\\/image\\\/\"}}]}<\/script>\n<!-- \/ Yoast SEO Premium plugin. -->","yoast_head_json":{"title":"D\u00f3nde comprar GHB l\u00edquido | Venta de l\u00edquido GHB| Good Dealers Meds","description":"D\u00f3nde comprar GHB l\u00edquido en l\u00ednea de nuestros distribuidores, que se usa como somn\u00edfero recetado y como intoxicante recreativo.","robots":{"index":"index","follow":"follow","max-snippet":"max-snippet:-1","max-image-preview":"max-image-preview:large","max-video-preview":"max-video-preview:-1"},"canonical":"https:\/\/gooddealersmeds.com\/es\/product\/comprar-gamma-hidroxibutirato-ghb-liquido\/","og_locale":"en_US","og_type":"article","og_title":"Comprar gamma hidroxibutirato (GHB) l\u00edquido","og_description":"D\u00f3nde comprar GHB l\u00edquido en l\u00ednea de nuestros distribuidores, que se usa como somn\u00edfero recetado y como intoxicante recreativo.","og_url":"https:\/\/gooddealersmeds.com\/es\/product\/comprar-gamma-hidroxibutirato-ghb-liquido\/","og_site_name":"Good Dealers Meds","article_modified_time":"2023-01-01T18:23:34+00:00","og_image":[{"width":600,"height":600,"url":"https:\/\/gooddealersmeds.com\/es\/wp-content\/uploads\/sites\/4\/2022\/07\/Buy-Gamma-Hydroxybutyrate-Ghb-Liquid.jpg","type":"image\/jpeg"}],"twitter_card":"summary_large_image","twitter_misc":{"Est. reading time":"2 minutes"},"schema":{"@context":"https:\/\/schema.org","@graph":[{"@type":"WebPage","@id":"https:\/\/gooddealersmeds.com\/es\/product\/comprar-gamma-hidroxibutirato-ghb-liquido\/","url":"https:\/\/gooddealersmeds.com\/es\/product\/comprar-gamma-hidroxibutirato-ghb-liquido\/","name":"D\u00f3nde comprar GHB l\u00edquido | Venta de l\u00edquido GHB| Good Dealers Meds","isPartOf":{"@id":"https:\/\/gooddealersmeds.com\/es\/#website"},"primaryImageOfPage":{"@id":"https:\/\/gooddealersmeds.com\/es\/product\/comprar-gamma-hidroxibutirato-ghb-liquido\/#primaryimage"},"image":{"@id":"https:\/\/gooddealersmeds.com\/es\/product\/comprar-gamma-hidroxibutirato-ghb-liquido\/#primaryimage"},"thumbnailUrl":"https:\/\/gooddealersmeds.com\/es\/wp-content\/uploads\/sites\/4\/2022\/07\/Buy-Gamma-Hydroxybutyrate-Ghb-Liquid.jpg","datePublished":"2022-07-03T13:39:25+00:00","dateModified":"2023-01-01T18:23:34+00:00","description":"D\u00f3nde comprar GHB l\u00edquido en l\u00ednea de nuestros distribuidores, que se usa como somn\u00edfero recetado y como intoxicante recreativo.","breadcrumb":{"@id":"https:\/\/gooddealersmeds.com\/es\/product\/comprar-gamma-hidroxibutirato-ghb-liquido\/#breadcrumb"},"inLanguage":"en-US","potentialAction":[{"@type":"ReadAction","target":["https:\/\/gooddealersmeds.com\/es\/product\/comprar-gamma-hidroxibutirato-ghb-liquido\/"]}]},{"@type":"ImageObject","inLanguage":"en-US","@id":"https:\/\/gooddealersmeds.com\/es\/product\/comprar-gamma-hidroxibutirato-ghb-liquido\/#primaryimage","url":"https:\/\/gooddealersmeds.com\/es\/wp-content\/uploads\/sites\/4\/2022\/07\/Buy-Gamma-Hydroxybutyrate-Ghb-Liquid.jpg","contentUrl":"https:\/\/gooddealersmeds.com\/es\/wp-content\/uploads\/sites\/4\/2022\/07\/Buy-Gamma-Hydroxybutyrate-Ghb-Liquid.jpg","width":600,"height":600,"caption":"Buy Gamma Hydroxybutyrate Liquid"},{"@type":"BreadcrumbList","@id":"https:\/\/gooddealersmeds.com\/es\/product\/comprar-gamma-hidroxibutirato-ghb-liquido\/#breadcrumb","itemListElement":[{"@type":"ListItem","position":1,"name":"Home","item":"https:\/\/gooddealersmeds.com\/es\/"},{"@type":"ListItem","position":2,"name":"Productos","item":"https:\/\/gooddealersmeds.com\/es\/productos\/"},{"@type":"ListItem","position":3,"name":"Comprar gamma hidroxibutirato (GHB) l\u00edquido"}]},{"@type":"WebSite","@id":"https:\/\/gooddealersmeds.com\/es\/#website","url":"https:\/\/gooddealersmeds.com\/es\/","name":"Good Dealers Meds","description":"All our best","publisher":{"@id":"https:\/\/gooddealersmeds.com\/es\/#organization"},"potentialAction":[{"@type":"SearchAction","target":{"@type":"EntryPoint","urlTemplate":"https:\/\/gooddealersmeds.com\/es\/?s={search_term_string}"},"query-input":{"@type":"PropertyValueSpecification","valueRequired":true,"valueName":"search_term_string"}}],"inLanguage":"en-US"},{"@type":"Organization","@id":"https:\/\/gooddealersmeds.com\/es\/#organization","name":"Good Dealers Meds","url":"https:\/\/gooddealersmeds.com\/es\/","logo":{"@type":"ImageObject","inLanguage":"en-US","@id":"https:\/\/gooddealersmeds.com\/es\/#\/schema\/logo\/image\/","url":"https:\/\/gooddealersmeds.com\/es\/wp-content\/uploads\/sites\/4\/2022\/03\/gooddealersmeds__logo__20220317T222800Z.00.png","contentUrl":"https:\/\/gooddealersmeds.com\/es\/wp-content\/uploads\/sites\/4\/2022\/03\/gooddealersmeds__logo__20220317T222800Z.00.png","width":500,"height":325,"caption":"Good Dealers Meds"},"image":{"@id":"https:\/\/gooddealersmeds.com\/es\/#\/schema\/logo\/image\/"}}]}},"_links":{"self":[{"href":"https:\/\/gooddealersmeds.com\/es\/wp-json\/wp\/v2\/product\/1984","targetHints":{"allow":["GET"]}}],"collection":[{"href":"https:\/\/gooddealersmeds.com\/es\/wp-json\/wp\/v2\/product"}],"about":[{"href":"https:\/\/gooddealersmeds.com\/es\/wp-json\/wp\/v2\/types\/product"}],"replies":[{"embeddable":true,"href":"https:\/\/gooddealersmeds.com\/es\/wp-json\/wp\/v2\/comments?post=1984"}],"wp:featuredmedia":[{"embeddable":true,"href":"https:\/\/gooddealersmeds.com\/es\/wp-json\/wp\/v2\/media\/1985"}],"wp:attachment":[{"href":"https:\/\/gooddealersmeds.com\/es\/wp-json\/wp\/v2\/media?parent=1984"}],"wp:term":[{"taxonomy":"product_brand","embeddable":true,"href":"https:\/\/gooddealersmeds.com\/es\/wp-json\/wp\/v2\/product_brand?post=1984"},{"taxonomy":"product_cat","embeddable":true,"href":"https:\/\/gooddealersmeds.com\/es\/wp-json\/wp\/v2\/product_cat?post=1984"},{"taxonomy":"product_tag","embeddable":true,"href":"https:\/\/gooddealersmeds.com\/es\/wp-json\/wp\/v2\/product_tag?post=1984"}],"curies":[{"name":"wp","href":"https:\/\/api.w.org\/{rel}","templated":true}]}}