{"id":1974,"date":"2022-07-03T13:35:45","date_gmt":"2022-07-03T13:35:45","guid":{"rendered":"https:\/\/gooddealersmeds.com\/es\/?post_type=product&#038;p=1974"},"modified":"2023-01-01T18:27:13","modified_gmt":"2023-01-01T18:27:13","slug":"gamma-hidroxibutirato-ghb-polvo","status":"publish","type":"product","link":"https:\/\/gooddealersmeds.com\/es\/product\/gamma-hidroxibutirato-ghb-polvo\/","title":{"rendered":"Comprar polvo de hidroxibutirato gamma (GHB)"},"content":{"rendered":"<h2>Compre polvo de gamma hidroxibutirato (GHB) en l\u00ednea<\/h2>\n<p>El polvo de gamma hidroxibutirato (GHB) es un f\u00e1rmaco que act\u00faa como un depresor del sistema nervioso central, que afecta el cerebro, coraz\u00f3n y otros \u00f3rganos. Se utiliza para reducir la ansiedad, inducir el sue\u00f1o y mejorar el estado de \u00e1nimo. El polvo de GHB se puede usar en peque\u00f1as cantidades para tratar casos leves de insomnio o prevenir la resaca despu\u00e9s de beber en exceso, Ordene GHB en polvo en l\u00ednea<\/p>\n<p>El polvo o el l\u00edquido de GHB son formas del mismo medicamento, que contiene hidroxibutirato de gamma (GHB). Es una sustancia adictiva que provoca efectos similares al alcohol en el cuerpo y la mente cuando se consume en grandes dosis a lo largo del tiempo.<\/p>\n<p><strong>Por qu\u00e9<\/strong> <strong>\u00bfComprar polvo de gamma hidroxibutirato (GHB) en l\u00ednea?<\/strong><\/p>\n<p>Comprar medicamentos como el polvo de GHB en l\u00ednea nos ha facilitado mucho la vida. Antes no era f\u00e1cil comprar medicamentos como este en l\u00ednea. Comprar GHB en polvo en l\u00ednea ahora est\u00e1 a solo un bot\u00f3n de distancia. Solo tiene que hacer clic en un bot\u00f3n y se realizar\u00e1 su pedido.<\/p>\n<p>&nbsp;<\/p>\n<p><strong>Compre polvo de hidroxibutirato gamma (GHB) ahora.<\/strong><\/p>\n<p><a href=\"https:\/\/gooddealersmeds.com\/es\/product\/gamma-hydroxybutyrate-ghb-powder\/\">polvo de GHB<\/a> est\u00e1 disponible en l\u00ednea a trav\u00e9s de varias fuentes, incluidas farmacias especializadas y farmacias en l\u00ednea. . El mejor lugar para comprar GHB en l\u00ednea es Good Dealers Meds, que ofrece muchas opciones para comprar esta popular droga ilegal a un precio asequible.<\/p>\n<p>Adem\u00e1s de la amplia gama de GoodDealersMeds productos y precios competitivos, los usuarios tambi\u00e9n se benefician del excelente equipo de servicio al cliente de Good Dealers Meds, que brinda un soporte excepcional cuando es necesario. Ordene GHB en polvo en l\u00ednea<\/p>\n","protected":false},"excerpt":{"rendered":"<p>\u00bfEst\u00e1s buscando d\u00f3nde comprar GHB en polvo? entonces podemos suministrarle exactamente un producto de calidad de alta pureza a un precio asequible.<\/p>\n","protected":false},"featured_media":1975,"comment_status":"open","ping_status":"closed","template":"","meta":{"inline_featured_image":false},"product_brand":[],"product_cat":[345],"product_tag":[517,518,522,519,520,521],"class_list":{"0":"post-1974","1":"product","2":"type-product","3":"status-publish","4":"has-post-thumbnail","6":"product_cat-drogas-psicodlicas","7":"product_tag-comprar-ghb-pulpo-online-usa","8":"product_tag-comprar-ghb-suplementos","9":"product_tag-donde-puedo-conseguir-ghb-polvo","10":"product_tag-ghb-powder-buy-online","11":"product_tag-ghb-powder-for-sale-online","12":"product_tag-purchase-ghb-powder-online","14":"first","15":"instock","16":"shipping-taxable","17":"purchasable","18":"product-type-variable","19":"has-default-attributes"},"yoast_head":"<!-- This site is optimized with the Yoast SEO Premium plugin v20.6 (Yoast SEO v27.3) - https:\/\/yoast.com\/product\/yoast-seo-premium-wordpress\/ -->\n<title>Ordene GHB en polvo en l\u00ednea | proveedor de GHB| Good Dealers Meds<\/title>\n<meta name=\"description\" content=\"\u00bfEst\u00e1s buscando d\u00f3nde Ordene GHB en polvo en l\u00ednea? Podemos suministrarle exactamente un producto de calidad de alta pureza a un precio asequible.\" \/>\n<meta name=\"robots\" content=\"index, follow, max-snippet:-1, max-image-preview:large, max-video-preview:-1\" \/>\n<link rel=\"canonical\" href=\"https:\/\/gooddealersmeds.com\/es\/product\/gamma-hidroxibutirato-ghb-polvo\/\" \/>\n<meta property=\"og:locale\" content=\"en_US\" \/>\n<meta property=\"og:type\" content=\"article\" \/>\n<meta property=\"og:title\" content=\"Comprar polvo de hidroxibutirato gamma (GHB)\" \/>\n<meta property=\"og:description\" content=\"\u00bfEst\u00e1s buscando d\u00f3nde Ordene GHB en polvo en l\u00ednea? Podemos suministrarle exactamente un producto de calidad de alta pureza a un precio asequible.\" \/>\n<meta property=\"og:url\" content=\"https:\/\/gooddealersmeds.com\/es\/product\/gamma-hidroxibutirato-ghb-polvo\/\" \/>\n<meta property=\"og:site_name\" content=\"Good Dealers Meds\" \/>\n<meta property=\"article:modified_time\" content=\"2023-01-01T18:27:13+00:00\" \/>\n<meta property=\"og:image\" content=\"https:\/\/gooddealersmeds.com\/es\/wp-content\/uploads\/sites\/4\/2022\/07\/Gamma-Hydroxybutyrate-Ghb-Powder.jpg\" \/>\n\t<meta property=\"og:image:width\" content=\"600\" \/>\n\t<meta property=\"og:image:height\" content=\"600\" \/>\n\t<meta property=\"og:image:type\" content=\"image\/jpeg\" \/>\n<meta name=\"twitter:card\" content=\"summary_large_image\" \/>\n<meta name=\"twitter:label1\" content=\"Est. reading time\" \/>\n\t<meta name=\"twitter:data1\" content=\"2 minutes\" \/>\n<script type=\"application\/ld+json\" class=\"yoast-schema-graph\">{\"@context\":\"https:\\\/\\\/schema.org\",\"@graph\":[{\"@type\":\"WebPage\",\"@id\":\"https:\\\/\\\/gooddealersmeds.com\\\/es\\\/product\\\/gamma-hidroxibutirato-ghb-polvo\\\/\",\"url\":\"https:\\\/\\\/gooddealersmeds.com\\\/es\\\/product\\\/gamma-hidroxibutirato-ghb-polvo\\\/\",\"name\":\"Ordene GHB en polvo en l\u00ednea | proveedor de GHB| Good Dealers Meds\",\"isPartOf\":{\"@id\":\"https:\\\/\\\/gooddealersmeds.com\\\/es\\\/#website\"},\"primaryImageOfPage\":{\"@id\":\"https:\\\/\\\/gooddealersmeds.com\\\/es\\\/product\\\/gamma-hidroxibutirato-ghb-polvo\\\/#primaryimage\"},\"image\":{\"@id\":\"https:\\\/\\\/gooddealersmeds.com\\\/es\\\/product\\\/gamma-hidroxibutirato-ghb-polvo\\\/#primaryimage\"},\"thumbnailUrl\":\"https:\\\/\\\/gooddealersmeds.com\\\/es\\\/wp-content\\\/uploads\\\/sites\\\/4\\\/2022\\\/07\\\/Gamma-Hydroxybutyrate-Ghb-Powder.jpg\",\"datePublished\":\"2022-07-03T13:35:45+00:00\",\"dateModified\":\"2023-01-01T18:27:13+00:00\",\"description\":\"\u00bfEst\u00e1s buscando d\u00f3nde Ordene GHB en polvo en l\u00ednea? Podemos suministrarle exactamente un producto de calidad de alta pureza a un precio asequible.\",\"breadcrumb\":{\"@id\":\"https:\\\/\\\/gooddealersmeds.com\\\/es\\\/product\\\/gamma-hidroxibutirato-ghb-polvo\\\/#breadcrumb\"},\"inLanguage\":\"en-US\",\"potentialAction\":[{\"@type\":\"ReadAction\",\"target\":[\"https:\\\/\\\/gooddealersmeds.com\\\/es\\\/product\\\/gamma-hidroxibutirato-ghb-polvo\\\/\"]}]},{\"@type\":\"ImageObject\",\"inLanguage\":\"en-US\",\"@id\":\"https:\\\/\\\/gooddealersmeds.com\\\/es\\\/product\\\/gamma-hidroxibutirato-ghb-polvo\\\/#primaryimage\",\"url\":\"https:\\\/\\\/gooddealersmeds.com\\\/es\\\/wp-content\\\/uploads\\\/sites\\\/4\\\/2022\\\/07\\\/Gamma-Hydroxybutyrate-Ghb-Powder.jpg\",\"contentUrl\":\"https:\\\/\\\/gooddealersmeds.com\\\/es\\\/wp-content\\\/uploads\\\/sites\\\/4\\\/2022\\\/07\\\/Gamma-Hydroxybutyrate-Ghb-Powder.jpg\",\"width\":600,\"height\":600,\"caption\":\"Buy Gamma Hydroxybutyrate Powder\"},{\"@type\":\"BreadcrumbList\",\"@id\":\"https:\\\/\\\/gooddealersmeds.com\\\/es\\\/product\\\/gamma-hidroxibutirato-ghb-polvo\\\/#breadcrumb\",\"itemListElement\":[{\"@type\":\"ListItem\",\"position\":1,\"name\":\"Home\",\"item\":\"https:\\\/\\\/gooddealersmeds.com\\\/es\\\/\"},{\"@type\":\"ListItem\",\"position\":2,\"name\":\"Productos\",\"item\":\"https:\\\/\\\/gooddealersmeds.com\\\/es\\\/productos\\\/\"},{\"@type\":\"ListItem\",\"position\":3,\"name\":\"Comprar polvo de hidroxibutirato gamma (GHB)\"}]},{\"@type\":\"WebSite\",\"@id\":\"https:\\\/\\\/gooddealersmeds.com\\\/es\\\/#website\",\"url\":\"https:\\\/\\\/gooddealersmeds.com\\\/es\\\/\",\"name\":\"Good Dealers Meds\",\"description\":\"All our best\",\"publisher\":{\"@id\":\"https:\\\/\\\/gooddealersmeds.com\\\/es\\\/#organization\"},\"potentialAction\":[{\"@type\":\"SearchAction\",\"target\":{\"@type\":\"EntryPoint\",\"urlTemplate\":\"https:\\\/\\\/gooddealersmeds.com\\\/es\\\/?s={search_term_string}\"},\"query-input\":{\"@type\":\"PropertyValueSpecification\",\"valueRequired\":true,\"valueName\":\"search_term_string\"}}],\"inLanguage\":\"en-US\"},{\"@type\":\"Organization\",\"@id\":\"https:\\\/\\\/gooddealersmeds.com\\\/es\\\/#organization\",\"name\":\"Good Dealers Meds\",\"url\":\"https:\\\/\\\/gooddealersmeds.com\\\/es\\\/\",\"logo\":{\"@type\":\"ImageObject\",\"inLanguage\":\"en-US\",\"@id\":\"https:\\\/\\\/gooddealersmeds.com\\\/es\\\/#\\\/schema\\\/logo\\\/image\\\/\",\"url\":\"https:\\\/\\\/gooddealersmeds.com\\\/es\\\/wp-content\\\/uploads\\\/sites\\\/4\\\/2022\\\/03\\\/gooddealersmeds__logo__20220317T222800Z.00.png\",\"contentUrl\":\"https:\\\/\\\/gooddealersmeds.com\\\/es\\\/wp-content\\\/uploads\\\/sites\\\/4\\\/2022\\\/03\\\/gooddealersmeds__logo__20220317T222800Z.00.png\",\"width\":500,\"height\":325,\"caption\":\"Good Dealers Meds\"},\"image\":{\"@id\":\"https:\\\/\\\/gooddealersmeds.com\\\/es\\\/#\\\/schema\\\/logo\\\/image\\\/\"}}]}<\/script>\n<!-- \/ Yoast SEO Premium plugin. -->","yoast_head_json":{"title":"Ordene GHB en polvo en l\u00ednea | proveedor de GHB| Good Dealers Meds","description":"\u00bfEst\u00e1s buscando d\u00f3nde Ordene GHB en polvo en l\u00ednea? Podemos suministrarle exactamente un producto de calidad de alta pureza a un precio asequible.","robots":{"index":"index","follow":"follow","max-snippet":"max-snippet:-1","max-image-preview":"max-image-preview:large","max-video-preview":"max-video-preview:-1"},"canonical":"https:\/\/gooddealersmeds.com\/es\/product\/gamma-hidroxibutirato-ghb-polvo\/","og_locale":"en_US","og_type":"article","og_title":"Comprar polvo de hidroxibutirato gamma (GHB)","og_description":"\u00bfEst\u00e1s buscando d\u00f3nde Ordene GHB en polvo en l\u00ednea? Podemos suministrarle exactamente un producto de calidad de alta pureza a un precio asequible.","og_url":"https:\/\/gooddealersmeds.com\/es\/product\/gamma-hidroxibutirato-ghb-polvo\/","og_site_name":"Good Dealers Meds","article_modified_time":"2023-01-01T18:27:13+00:00","og_image":[{"width":600,"height":600,"url":"https:\/\/gooddealersmeds.com\/es\/wp-content\/uploads\/sites\/4\/2022\/07\/Gamma-Hydroxybutyrate-Ghb-Powder.jpg","type":"image\/jpeg"}],"twitter_card":"summary_large_image","twitter_misc":{"Est. reading time":"2 minutes"},"schema":{"@context":"https:\/\/schema.org","@graph":[{"@type":"WebPage","@id":"https:\/\/gooddealersmeds.com\/es\/product\/gamma-hidroxibutirato-ghb-polvo\/","url":"https:\/\/gooddealersmeds.com\/es\/product\/gamma-hidroxibutirato-ghb-polvo\/","name":"Ordene GHB en polvo en l\u00ednea | proveedor de GHB| Good Dealers Meds","isPartOf":{"@id":"https:\/\/gooddealersmeds.com\/es\/#website"},"primaryImageOfPage":{"@id":"https:\/\/gooddealersmeds.com\/es\/product\/gamma-hidroxibutirato-ghb-polvo\/#primaryimage"},"image":{"@id":"https:\/\/gooddealersmeds.com\/es\/product\/gamma-hidroxibutirato-ghb-polvo\/#primaryimage"},"thumbnailUrl":"https:\/\/gooddealersmeds.com\/es\/wp-content\/uploads\/sites\/4\/2022\/07\/Gamma-Hydroxybutyrate-Ghb-Powder.jpg","datePublished":"2022-07-03T13:35:45+00:00","dateModified":"2023-01-01T18:27:13+00:00","description":"\u00bfEst\u00e1s buscando d\u00f3nde Ordene GHB en polvo en l\u00ednea? Podemos suministrarle exactamente un producto de calidad de alta pureza a un precio asequible.","breadcrumb":{"@id":"https:\/\/gooddealersmeds.com\/es\/product\/gamma-hidroxibutirato-ghb-polvo\/#breadcrumb"},"inLanguage":"en-US","potentialAction":[{"@type":"ReadAction","target":["https:\/\/gooddealersmeds.com\/es\/product\/gamma-hidroxibutirato-ghb-polvo\/"]}]},{"@type":"ImageObject","inLanguage":"en-US","@id":"https:\/\/gooddealersmeds.com\/es\/product\/gamma-hidroxibutirato-ghb-polvo\/#primaryimage","url":"https:\/\/gooddealersmeds.com\/es\/wp-content\/uploads\/sites\/4\/2022\/07\/Gamma-Hydroxybutyrate-Ghb-Powder.jpg","contentUrl":"https:\/\/gooddealersmeds.com\/es\/wp-content\/uploads\/sites\/4\/2022\/07\/Gamma-Hydroxybutyrate-Ghb-Powder.jpg","width":600,"height":600,"caption":"Buy Gamma Hydroxybutyrate Powder"},{"@type":"BreadcrumbList","@id":"https:\/\/gooddealersmeds.com\/es\/product\/gamma-hidroxibutirato-ghb-polvo\/#breadcrumb","itemListElement":[{"@type":"ListItem","position":1,"name":"Home","item":"https:\/\/gooddealersmeds.com\/es\/"},{"@type":"ListItem","position":2,"name":"Productos","item":"https:\/\/gooddealersmeds.com\/es\/productos\/"},{"@type":"ListItem","position":3,"name":"Comprar polvo de hidroxibutirato gamma (GHB)"}]},{"@type":"WebSite","@id":"https:\/\/gooddealersmeds.com\/es\/#website","url":"https:\/\/gooddealersmeds.com\/es\/","name":"Good Dealers Meds","description":"All our best","publisher":{"@id":"https:\/\/gooddealersmeds.com\/es\/#organization"},"potentialAction":[{"@type":"SearchAction","target":{"@type":"EntryPoint","urlTemplate":"https:\/\/gooddealersmeds.com\/es\/?s={search_term_string}"},"query-input":{"@type":"PropertyValueSpecification","valueRequired":true,"valueName":"search_term_string"}}],"inLanguage":"en-US"},{"@type":"Organization","@id":"https:\/\/gooddealersmeds.com\/es\/#organization","name":"Good Dealers Meds","url":"https:\/\/gooddealersmeds.com\/es\/","logo":{"@type":"ImageObject","inLanguage":"en-US","@id":"https:\/\/gooddealersmeds.com\/es\/#\/schema\/logo\/image\/","url":"https:\/\/gooddealersmeds.com\/es\/wp-content\/uploads\/sites\/4\/2022\/03\/gooddealersmeds__logo__20220317T222800Z.00.png","contentUrl":"https:\/\/gooddealersmeds.com\/es\/wp-content\/uploads\/sites\/4\/2022\/03\/gooddealersmeds__logo__20220317T222800Z.00.png","width":500,"height":325,"caption":"Good Dealers Meds"},"image":{"@id":"https:\/\/gooddealersmeds.com\/es\/#\/schema\/logo\/image\/"}}]}},"_links":{"self":[{"href":"https:\/\/gooddealersmeds.com\/es\/wp-json\/wp\/v2\/product\/1974","targetHints":{"allow":["GET"]}}],"collection":[{"href":"https:\/\/gooddealersmeds.com\/es\/wp-json\/wp\/v2\/product"}],"about":[{"href":"https:\/\/gooddealersmeds.com\/es\/wp-json\/wp\/v2\/types\/product"}],"replies":[{"embeddable":true,"href":"https:\/\/gooddealersmeds.com\/es\/wp-json\/wp\/v2\/comments?post=1974"}],"wp:featuredmedia":[{"embeddable":true,"href":"https:\/\/gooddealersmeds.com\/es\/wp-json\/wp\/v2\/media\/1975"}],"wp:attachment":[{"href":"https:\/\/gooddealersmeds.com\/es\/wp-json\/wp\/v2\/media?parent=1974"}],"wp:term":[{"taxonomy":"product_brand","embeddable":true,"href":"https:\/\/gooddealersmeds.com\/es\/wp-json\/wp\/v2\/product_brand?post=1974"},{"taxonomy":"product_cat","embeddable":true,"href":"https:\/\/gooddealersmeds.com\/es\/wp-json\/wp\/v2\/product_cat?post=1974"},{"taxonomy":"product_tag","embeddable":true,"href":"https:\/\/gooddealersmeds.com\/es\/wp-json\/wp\/v2\/product_tag?post=1974"}],"curies":[{"name":"wp","href":"https:\/\/api.w.org\/{rel}","templated":true}]}}