{"id":1967,"date":"2022-07-03T13:18:30","date_gmt":"2022-07-03T13:18:30","guid":{"rendered":"https:\/\/gooddealersmeds.com\/es\/?post_type=product&#038;p=1967"},"modified":"2023-01-01T18:33:09","modified_gmt":"2023-01-01T18:33:09","slug":"comprar-nembutal-polvo","status":"publish","type":"product","link":"https:\/\/gooddealersmeds.com\/es\/product\/comprar-nembutal-polvo\/","title":{"rendered":"Comprar polvo de pureza Nembutal"},"content":{"rendered":"<h2>Polvo de Nembutal a la venta con nosotros a los mejores precios<\/h2>\n<p>Polvo de nembutal a la venta en nuestra tienda en l\u00ednea. Si est\u00e1 dispuesto a comprar Nembutal en polvo en l\u00ednea de los principales proveedores de Nembutal en polvo, entonces nuestra farmacia es el lugar adecuado para lograrlo. Con\u00e9ctese con nosotros hoy y complete sus requisitos en breve. Su medicamento le llegar\u00e1 a su ubicaci\u00f3n preferida. \u00a1Ordene comprar polvo Nembutal online al mejor precio ahora!<\/p>\n<p>\u00bfTiene problemas para dormir por la noche? \u00bfTe sientes cansado despu\u00e9s de despertarte por la ma\u00f1ana? La privaci\u00f3n del sue\u00f1o puede interrumpir su rutina diaria. No solo lo hace menos productivo, sino que tambi\u00e9n puede tener consecuencias graves como la obesidad, un sistema inmunol\u00f3gico debilitado y problemas card\u00edacos. Uno de los desaf\u00edos m\u00e1s dif\u00edciles que enfrentamos es cambiar nuestra forma de vida. Es posible que desee hacerlo, pero debido a las largas horas de trabajo y otras obligaciones, sigue volviendo al punto de partida. Polvo de nembutal a la venta<\/p>\n<p><strong>\u00bfCu\u00e1l es el lugar adecuado para comprar polvo de Nembutal?<\/strong><\/p>\n<p>Nembutal Powder es bien conocido por inducir el sue\u00f1o en pacientes con problemas para dormir como insomnio o dificultad para dormir. dormido. En muchos casos, tambi\u00e9n se utiliza como sedante contra el nerviosismo. Si tiene los mismos objetivos en mente, es una buena decisi\u00f3n comprar Nembutal en polvo en l\u00ednea en nuestra farmacia en l\u00ednea.<\/p>\n<p>La calidad de los medicamentos juega un papel esencial para determinar el tipo de efecto que tendr\u00e1n en su cuerpo. uno debe abstenerse de comprar medicamentos que no hayan sido aprobados para el consumo humano.<\/p>\n<h3><strong>Cont\u00e1ctenos ahora para hacer su pedido de Nembutal<\/strong><\/h3>\n<p>Cuando ordena polvo de nembutal en nuestra tienda en l\u00ednea, puede estar seguro de su calidad. Operamos de manera sostenible para garantizar los m\u00e1ximos resultados de nuestros productos. Ofrecemos <a href=\"https:\/\/gooddealersmeds.com\/es\/product\/comprar-nembutal-polvo\/\">Nembutal 99.8%<\/a> de pureza de alta calidad a los mejores precios competitivos. Construimos nuestra excelente reputaci\u00f3n al ofrecer a nuestros clientes Nembutal de excelente calidad\/alta pureza con entrega discreta y atenci\u00f3n al cliente amigable. Brindamos excelente pureza, pago seguro, entrega muy discreta, r\u00e1pida y efectiva.<\/p>\n","protected":false},"excerpt":{"rendered":"<p>Ofrecemos todos los productos descritos anteriormente a precios muy asequibles y realizamos env\u00edos a cualquier lugar del mundo. Por eso estamos orgullosos de que nuestros servicios de env\u00edo sean 100% garantizados y seguros. Nuestros Productos est\u00e1n bien protegidos para evitar intercepciones. Nuestros productos principales son: &#8211; Polvo de Nembutal, kit de prueba de barbit\u00faricos, p\u00edldoras de Nembutal, l\u00edquido oral y todo lo que se muestra en nuestra tienda en l\u00ednea.<\/p>\n","protected":false},"featured_media":1968,"comment_status":"open","ping_status":"closed","template":"","meta":{"inline_featured_image":false},"product_brand":[],"product_cat":[343],"product_tag":[],"class_list":{"0":"post-1967","1":"product","2":"type-product","3":"status-publish","4":"has-post-thumbnail","6":"product_cat-otros","8":"first","9":"instock","10":"shipping-taxable","11":"purchasable","12":"product-type-variable","13":"has-default-attributes"},"yoast_head":"<!-- This site is optimized with the Yoast SEO Premium plugin v20.6 (Yoast SEO v27.4) - https:\/\/yoast.com\/product\/yoast-seo-premium-wordpress\/ -->\n<title>Polvo de nembutal a la venta | Comprar nembutal mejor calidad<\/title>\n<meta name=\"description\" content=\"Polvo de nembutal a la venta (Pentobarbital) y solicite que se lo env\u00eden a su hogar. Lo enviamos a cualquier lugar\/pa\u00eds del mundo.\" \/>\n<meta name=\"robots\" content=\"index, follow, max-snippet:-1, max-image-preview:large, max-video-preview:-1\" \/>\n<link rel=\"canonical\" href=\"https:\/\/gooddealersmeds.com\/es\/product\/comprar-nembutal-polvo\/\" \/>\n<meta property=\"og:locale\" content=\"en_US\" \/>\n<meta property=\"og:type\" content=\"article\" \/>\n<meta property=\"og:title\" content=\"Comprar polvo de pureza Nembutal\" \/>\n<meta property=\"og:description\" content=\"Polvo de nembutal a la venta (Pentobarbital) y solicite que se lo env\u00eden a su hogar. Lo enviamos a cualquier lugar\/pa\u00eds del mundo.\" \/>\n<meta property=\"og:url\" content=\"https:\/\/gooddealersmeds.com\/es\/product\/comprar-nembutal-polvo\/\" \/>\n<meta property=\"og:site_name\" content=\"Good Dealers Meds\" \/>\n<meta property=\"article:modified_time\" content=\"2023-01-01T18:33:09+00:00\" \/>\n<meta property=\"og:image\" content=\"https:\/\/gooddealersmeds.com\/es\/wp-content\/uploads\/sites\/4\/2022\/07\/nembutal-powder.jpg\" \/>\n\t<meta property=\"og:image:width\" content=\"600\" \/>\n\t<meta property=\"og:image:height\" content=\"450\" \/>\n\t<meta property=\"og:image:type\" content=\"image\/jpeg\" \/>\n<meta name=\"twitter:card\" content=\"summary_large_image\" \/>\n<meta name=\"twitter:label1\" content=\"Est. reading time\" \/>\n\t<meta name=\"twitter:data1\" content=\"2 minutes\" \/>\n<script type=\"application\/ld+json\" class=\"yoast-schema-graph\">{\"@context\":\"https:\\\/\\\/schema.org\",\"@graph\":[{\"@type\":\"WebPage\",\"@id\":\"https:\\\/\\\/gooddealersmeds.com\\\/es\\\/product\\\/comprar-nembutal-polvo\\\/\",\"url\":\"https:\\\/\\\/gooddealersmeds.com\\\/es\\\/product\\\/comprar-nembutal-polvo\\\/\",\"name\":\"Polvo de nembutal a la venta | Comprar nembutal mejor calidad\",\"isPartOf\":{\"@id\":\"https:\\\/\\\/gooddealersmeds.com\\\/es\\\/#website\"},\"primaryImageOfPage\":{\"@id\":\"https:\\\/\\\/gooddealersmeds.com\\\/es\\\/product\\\/comprar-nembutal-polvo\\\/#primaryimage\"},\"image\":{\"@id\":\"https:\\\/\\\/gooddealersmeds.com\\\/es\\\/product\\\/comprar-nembutal-polvo\\\/#primaryimage\"},\"thumbnailUrl\":\"https:\\\/\\\/gooddealersmeds.com\\\/es\\\/wp-content\\\/uploads\\\/sites\\\/4\\\/2022\\\/07\\\/nembutal-powder.jpg\",\"datePublished\":\"2022-07-03T13:18:30+00:00\",\"dateModified\":\"2023-01-01T18:33:09+00:00\",\"description\":\"Polvo de nembutal a la venta (Pentobarbital) y solicite que se lo env\u00eden a su hogar. Lo enviamos a cualquier lugar\\\/pa\u00eds del mundo.\",\"breadcrumb\":{\"@id\":\"https:\\\/\\\/gooddealersmeds.com\\\/es\\\/product\\\/comprar-nembutal-polvo\\\/#breadcrumb\"},\"inLanguage\":\"en-US\",\"potentialAction\":[{\"@type\":\"ReadAction\",\"target\":[\"https:\\\/\\\/gooddealersmeds.com\\\/es\\\/product\\\/comprar-nembutal-polvo\\\/\"]}]},{\"@type\":\"ImageObject\",\"inLanguage\":\"en-US\",\"@id\":\"https:\\\/\\\/gooddealersmeds.com\\\/es\\\/product\\\/comprar-nembutal-polvo\\\/#primaryimage\",\"url\":\"https:\\\/\\\/gooddealersmeds.com\\\/es\\\/wp-content\\\/uploads\\\/sites\\\/4\\\/2022\\\/07\\\/nembutal-powder.jpg\",\"contentUrl\":\"https:\\\/\\\/gooddealersmeds.com\\\/es\\\/wp-content\\\/uploads\\\/sites\\\/4\\\/2022\\\/07\\\/nembutal-powder.jpg\",\"width\":600,\"height\":450,\"caption\":\"Nembutal Powder Online\"},{\"@type\":\"BreadcrumbList\",\"@id\":\"https:\\\/\\\/gooddealersmeds.com\\\/es\\\/product\\\/comprar-nembutal-polvo\\\/#breadcrumb\",\"itemListElement\":[{\"@type\":\"ListItem\",\"position\":1,\"name\":\"Home\",\"item\":\"https:\\\/\\\/gooddealersmeds.com\\\/es\\\/\"},{\"@type\":\"ListItem\",\"position\":2,\"name\":\"Productos\",\"item\":\"https:\\\/\\\/gooddealersmeds.com\\\/es\\\/productos\\\/\"},{\"@type\":\"ListItem\",\"position\":3,\"name\":\"Comprar polvo de pureza Nembutal\"}]},{\"@type\":\"WebSite\",\"@id\":\"https:\\\/\\\/gooddealersmeds.com\\\/es\\\/#website\",\"url\":\"https:\\\/\\\/gooddealersmeds.com\\\/es\\\/\",\"name\":\"Good Dealers Meds\",\"description\":\"All our best\",\"publisher\":{\"@id\":\"https:\\\/\\\/gooddealersmeds.com\\\/es\\\/#organization\"},\"potentialAction\":[{\"@type\":\"SearchAction\",\"target\":{\"@type\":\"EntryPoint\",\"urlTemplate\":\"https:\\\/\\\/gooddealersmeds.com\\\/es\\\/?s={search_term_string}\"},\"query-input\":{\"@type\":\"PropertyValueSpecification\",\"valueRequired\":true,\"valueName\":\"search_term_string\"}}],\"inLanguage\":\"en-US\"},{\"@type\":\"Organization\",\"@id\":\"https:\\\/\\\/gooddealersmeds.com\\\/es\\\/#organization\",\"name\":\"Good Dealers Meds\",\"url\":\"https:\\\/\\\/gooddealersmeds.com\\\/es\\\/\",\"logo\":{\"@type\":\"ImageObject\",\"inLanguage\":\"en-US\",\"@id\":\"https:\\\/\\\/gooddealersmeds.com\\\/es\\\/#\\\/schema\\\/logo\\\/image\\\/\",\"url\":\"https:\\\/\\\/gooddealersmeds.com\\\/es\\\/wp-content\\\/uploads\\\/sites\\\/4\\\/2022\\\/03\\\/gooddealersmeds__logo__20220317T222800Z.00.png\",\"contentUrl\":\"https:\\\/\\\/gooddealersmeds.com\\\/es\\\/wp-content\\\/uploads\\\/sites\\\/4\\\/2022\\\/03\\\/gooddealersmeds__logo__20220317T222800Z.00.png\",\"width\":500,\"height\":325,\"caption\":\"Good Dealers Meds\"},\"image\":{\"@id\":\"https:\\\/\\\/gooddealersmeds.com\\\/es\\\/#\\\/schema\\\/logo\\\/image\\\/\"}}]}<\/script>\n<!-- \/ Yoast SEO Premium plugin. -->","yoast_head_json":{"title":"Polvo de nembutal a la venta | Comprar nembutal mejor calidad","description":"Polvo de nembutal a la venta (Pentobarbital) y solicite que se lo env\u00eden a su hogar. Lo enviamos a cualquier lugar\/pa\u00eds del mundo.","robots":{"index":"index","follow":"follow","max-snippet":"max-snippet:-1","max-image-preview":"max-image-preview:large","max-video-preview":"max-video-preview:-1"},"canonical":"https:\/\/gooddealersmeds.com\/es\/product\/comprar-nembutal-polvo\/","og_locale":"en_US","og_type":"article","og_title":"Comprar polvo de pureza Nembutal","og_description":"Polvo de nembutal a la venta (Pentobarbital) y solicite que se lo env\u00eden a su hogar. Lo enviamos a cualquier lugar\/pa\u00eds del mundo.","og_url":"https:\/\/gooddealersmeds.com\/es\/product\/comprar-nembutal-polvo\/","og_site_name":"Good Dealers Meds","article_modified_time":"2023-01-01T18:33:09+00:00","og_image":[{"width":600,"height":450,"url":"https:\/\/gooddealersmeds.com\/es\/wp-content\/uploads\/sites\/4\/2022\/07\/nembutal-powder.jpg","type":"image\/jpeg"}],"twitter_card":"summary_large_image","twitter_misc":{"Est. reading time":"2 minutes"},"schema":{"@context":"https:\/\/schema.org","@graph":[{"@type":"WebPage","@id":"https:\/\/gooddealersmeds.com\/es\/product\/comprar-nembutal-polvo\/","url":"https:\/\/gooddealersmeds.com\/es\/product\/comprar-nembutal-polvo\/","name":"Polvo de nembutal a la venta | Comprar nembutal mejor calidad","isPartOf":{"@id":"https:\/\/gooddealersmeds.com\/es\/#website"},"primaryImageOfPage":{"@id":"https:\/\/gooddealersmeds.com\/es\/product\/comprar-nembutal-polvo\/#primaryimage"},"image":{"@id":"https:\/\/gooddealersmeds.com\/es\/product\/comprar-nembutal-polvo\/#primaryimage"},"thumbnailUrl":"https:\/\/gooddealersmeds.com\/es\/wp-content\/uploads\/sites\/4\/2022\/07\/nembutal-powder.jpg","datePublished":"2022-07-03T13:18:30+00:00","dateModified":"2023-01-01T18:33:09+00:00","description":"Polvo de nembutal a la venta (Pentobarbital) y solicite que se lo env\u00eden a su hogar. Lo enviamos a cualquier lugar\/pa\u00eds del mundo.","breadcrumb":{"@id":"https:\/\/gooddealersmeds.com\/es\/product\/comprar-nembutal-polvo\/#breadcrumb"},"inLanguage":"en-US","potentialAction":[{"@type":"ReadAction","target":["https:\/\/gooddealersmeds.com\/es\/product\/comprar-nembutal-polvo\/"]}]},{"@type":"ImageObject","inLanguage":"en-US","@id":"https:\/\/gooddealersmeds.com\/es\/product\/comprar-nembutal-polvo\/#primaryimage","url":"https:\/\/gooddealersmeds.com\/es\/wp-content\/uploads\/sites\/4\/2022\/07\/nembutal-powder.jpg","contentUrl":"https:\/\/gooddealersmeds.com\/es\/wp-content\/uploads\/sites\/4\/2022\/07\/nembutal-powder.jpg","width":600,"height":450,"caption":"Nembutal Powder Online"},{"@type":"BreadcrumbList","@id":"https:\/\/gooddealersmeds.com\/es\/product\/comprar-nembutal-polvo\/#breadcrumb","itemListElement":[{"@type":"ListItem","position":1,"name":"Home","item":"https:\/\/gooddealersmeds.com\/es\/"},{"@type":"ListItem","position":2,"name":"Productos","item":"https:\/\/gooddealersmeds.com\/es\/productos\/"},{"@type":"ListItem","position":3,"name":"Comprar polvo de pureza Nembutal"}]},{"@type":"WebSite","@id":"https:\/\/gooddealersmeds.com\/es\/#website","url":"https:\/\/gooddealersmeds.com\/es\/","name":"Good Dealers Meds","description":"All our best","publisher":{"@id":"https:\/\/gooddealersmeds.com\/es\/#organization"},"potentialAction":[{"@type":"SearchAction","target":{"@type":"EntryPoint","urlTemplate":"https:\/\/gooddealersmeds.com\/es\/?s={search_term_string}"},"query-input":{"@type":"PropertyValueSpecification","valueRequired":true,"valueName":"search_term_string"}}],"inLanguage":"en-US"},{"@type":"Organization","@id":"https:\/\/gooddealersmeds.com\/es\/#organization","name":"Good Dealers Meds","url":"https:\/\/gooddealersmeds.com\/es\/","logo":{"@type":"ImageObject","inLanguage":"en-US","@id":"https:\/\/gooddealersmeds.com\/es\/#\/schema\/logo\/image\/","url":"https:\/\/gooddealersmeds.com\/es\/wp-content\/uploads\/sites\/4\/2022\/03\/gooddealersmeds__logo__20220317T222800Z.00.png","contentUrl":"https:\/\/gooddealersmeds.com\/es\/wp-content\/uploads\/sites\/4\/2022\/03\/gooddealersmeds__logo__20220317T222800Z.00.png","width":500,"height":325,"caption":"Good Dealers Meds"},"image":{"@id":"https:\/\/gooddealersmeds.com\/es\/#\/schema\/logo\/image\/"}}]}},"_links":{"self":[{"href":"https:\/\/gooddealersmeds.com\/es\/wp-json\/wp\/v2\/product\/1967","targetHints":{"allow":["GET"]}}],"collection":[{"href":"https:\/\/gooddealersmeds.com\/es\/wp-json\/wp\/v2\/product"}],"about":[{"href":"https:\/\/gooddealersmeds.com\/es\/wp-json\/wp\/v2\/types\/product"}],"replies":[{"embeddable":true,"href":"https:\/\/gooddealersmeds.com\/es\/wp-json\/wp\/v2\/comments?post=1967"}],"wp:featuredmedia":[{"embeddable":true,"href":"https:\/\/gooddealersmeds.com\/es\/wp-json\/wp\/v2\/media\/1968"}],"wp:attachment":[{"href":"https:\/\/gooddealersmeds.com\/es\/wp-json\/wp\/v2\/media?parent=1967"}],"wp:term":[{"taxonomy":"product_brand","embeddable":true,"href":"https:\/\/gooddealersmeds.com\/es\/wp-json\/wp\/v2\/product_brand?post=1967"},{"taxonomy":"product_cat","embeddable":true,"href":"https:\/\/gooddealersmeds.com\/es\/wp-json\/wp\/v2\/product_cat?post=1967"},{"taxonomy":"product_tag","embeddable":true,"href":"https:\/\/gooddealersmeds.com\/es\/wp-json\/wp\/v2\/product_tag?post=1967"}],"curies":[{"name":"wp","href":"https:\/\/api.w.org\/{rel}","templated":true}]}}