{"id":1965,"date":"2022-07-03T13:10:22","date_gmt":"2022-07-03T13:10:22","guid":{"rendered":"https:\/\/gooddealersmeds.com\/es\/?post_type=product&#038;p=1965"},"modified":"2023-01-01T18:39:27","modified_gmt":"2023-01-01T18:39:27","slug":"comprar-concierto-online","status":"publish","type":"product","link":"https:\/\/gooddealersmeds.com\/es\/product\/comprar-concierto-online\/","title":{"rendered":"Comprar Concerta en l\u00ednea"},"content":{"rendered":"<h2><strong>Concerta a la venta en l\u00ednea<\/strong><\/h2>\n<p>Concerta es un medicamento que ayuda a tratar el trastorno por d\u00e9ficit de atenci\u00f3n (TDA) en adultos. Contiene metilfenidato, dise\u00f1ado para ayudar a las personas a enfocarse y concentrarse m\u00e1s. Concerta trata ADD en adultos que no responden bien a otros tratamientos. Tambi\u00e9n se puede usar como tratamiento para la narcolepsia en adultos que experimentan somnolencia diurna excesiva. Comprar Concerta en l\u00ednea<\/p>\n<p>El medicamento viene en pastillas y se toma una vez al d\u00eda, con o sin alimentos. No lo mezcle con alcohol u otras drogas. Es un f\u00e1rmaco de acci\u00f3n prolongada que dura 12 horas despu\u00e9s de tomarlo, por lo que puede ayudarlo a mantenerse concentrado y alerta durante todo el d\u00eda.<\/p>\n<p>Tambi\u00e9n tiene un bajo potencial de abuso, lo que significa que es poco probable que producir efectos secundarios como presi\u00f3n arterial alta o problemas card\u00edacos. Concerta funciona aumentando los niveles de dopamina en su cerebro, lo que ayuda a mejorar el enfoque, la atenci\u00f3n y el control de los impulsos.<\/p>\n<p>En pocas palabras, Concerta se ha recetado para personas que tienen problemas para concentrarse y prestar atenci\u00f3n. Tambi\u00e9n ayuda a controlar la hiperactividad, como estar inquieto o moverse demasiado cuando no debe hacerlo.<\/p>\n<p>No use este medicamento si est\u00e1 embarazada o amamantando debido al riesgo de discapacidades cong\u00e9nitas o s\u00edntomas de abstinencia. si deja de tomar el medicamento repentinamente despu\u00e9s de un uso prolongado (m\u00e1s de dos semanas).<\/p>\n<p><strong>\u00bfPor qu\u00e9 pedir Concerta Online?<\/strong><\/p>\n<p>Comprar Concerta en l\u00ednea tiene muchas ventajas. Digamos que no necesitar\u00e1 mostrar ninguna receta a su vendedor para <a href=\"https:\/\/gooddealersmeds.com\/es\/product\/buy-concerta-online\/\">comprar Concerta<\/a> en l\u00ednea. Si solo tiene m\u00e1s de 21 a\u00f1os, est\u00e1 listo para comenzar. Adem\u00e1s, puede pedir el producto deseado sin ninguna otra limitaci\u00f3n. Eso tambi\u00e9n, sin mover el trasero ni hacer ning\u00fan trabajo duro.<\/p>\n<p><strong>\u00bfCu\u00e1l es el mejor lugar para comprar Concerta en l\u00ednea?<\/strong><\/p>\n<p>El polvo Concerta se puede comprar en l\u00ednea. El mejor lugar para comprar metilfenidato en l\u00ednea es de una compa\u00f1\u00eda confiable como GoodDealersMeds porque hemos estado en el negocio por m\u00e1s de 10 a\u00f1os y hemos demostrado ser confiables. Tenemos muchos productos, incluido el metilfenidato, pero nuestro objetivo principal es brindar un servicio de alta calidad y la satisfacci\u00f3n del cliente.<\/p>\n","protected":false},"excerpt":{"rendered":"<p>Comprar Concerta Online se utiliza para tratar el trastorno por d\u00e9ficit de atenci\u00f3n con hiperactividad (TDAH). Funciona cambiando las cantidades de ciertas sustancias naturales en el cerebro. El metilfenidato pertenece a una clase de f\u00e1rmacos conocidos como estimulantes. Puede ayudar a aumentar su capacidad para prestar atenci\u00f3n, concentrarse en una actividad y controlar los problemas de conducta. Tambi\u00e9n puede ayudarte a organizar tus tareas y mejorar tus habilidades auditivas.<\/p>\n","protected":false},"featured_media":1966,"comment_status":"open","ping_status":"closed","template":"","meta":{"inline_featured_image":false},"product_brand":[],"product_cat":[346],"product_tag":[],"class_list":{"0":"post-1965","1":"product","2":"type-product","3":"status-publish","4":"has-post-thumbnail","6":"product_cat-estimulantes","8":"first","9":"instock","10":"shipping-taxable","11":"purchasable","12":"product-type-simple"},"yoast_head":"<!-- This site is optimized with the Yoast SEO Premium plugin v20.6 (Yoast SEO v27.3) - https:\/\/yoast.com\/product\/yoast-seo-premium-wordpress\/ -->\n<title>Comprar Concerta en l\u00ednea (metilfenidato HCL) | Good Dealers Meds<\/title>\n<meta name=\"description\" content=\"Comprar Concerta en l\u00ednea; Se utiliza para tratar el trastorno por d\u00e9ficit de atenci\u00f3n con hiperactividad. Funciona cambiando sustancias naturales en el cerebro.\" \/>\n<meta name=\"robots\" content=\"index, follow, max-snippet:-1, max-image-preview:large, max-video-preview:-1\" \/>\n<link rel=\"canonical\" href=\"https:\/\/gooddealersmeds.com\/es\/product\/comprar-concierto-online\/\" \/>\n<meta property=\"og:locale\" content=\"en_US\" \/>\n<meta property=\"og:type\" content=\"article\" \/>\n<meta property=\"og:title\" content=\"Comprar Concerta en l\u00ednea\" \/>\n<meta property=\"og:description\" content=\"Comprar Concerta en l\u00ednea; Se utiliza para tratar el trastorno por d\u00e9ficit de atenci\u00f3n con hiperactividad. Funciona cambiando sustancias naturales en el cerebro.\" \/>\n<meta property=\"og:url\" content=\"https:\/\/gooddealersmeds.com\/es\/product\/comprar-concierto-online\/\" \/>\n<meta property=\"og:site_name\" content=\"Good Dealers Meds\" \/>\n<meta property=\"article:modified_time\" content=\"2023-01-01T18:39:27+00:00\" \/>\n<meta property=\"og:image\" content=\"https:\/\/gooddealersmeds.com\/es\/wp-content\/uploads\/sites\/4\/2022\/07\/concerta-36mg-500x500-1.png\" \/>\n\t<meta property=\"og:image:width\" content=\"500\" \/>\n\t<meta property=\"og:image:height\" content=\"500\" \/>\n\t<meta property=\"og:image:type\" content=\"image\/png\" \/>\n<meta name=\"twitter:card\" content=\"summary_large_image\" \/>\n<meta name=\"twitter:label1\" content=\"Est. reading time\" \/>\n\t<meta name=\"twitter:data1\" content=\"2 minutes\" \/>\n<script type=\"application\/ld+json\" class=\"yoast-schema-graph\">{\"@context\":\"https:\\\/\\\/schema.org\",\"@graph\":[{\"@type\":\"WebPage\",\"@id\":\"https:\\\/\\\/gooddealersmeds.com\\\/es\\\/product\\\/comprar-concierto-online\\\/\",\"url\":\"https:\\\/\\\/gooddealersmeds.com\\\/es\\\/product\\\/comprar-concierto-online\\\/\",\"name\":\"Comprar Concerta en l\u00ednea (metilfenidato HCL) | Good Dealers Meds\",\"isPartOf\":{\"@id\":\"https:\\\/\\\/gooddealersmeds.com\\\/es\\\/#website\"},\"primaryImageOfPage\":{\"@id\":\"https:\\\/\\\/gooddealersmeds.com\\\/es\\\/product\\\/comprar-concierto-online\\\/#primaryimage\"},\"image\":{\"@id\":\"https:\\\/\\\/gooddealersmeds.com\\\/es\\\/product\\\/comprar-concierto-online\\\/#primaryimage\"},\"thumbnailUrl\":\"https:\\\/\\\/gooddealersmeds.com\\\/es\\\/wp-content\\\/uploads\\\/sites\\\/4\\\/2022\\\/07\\\/concerta-36mg-500x500-1.png\",\"datePublished\":\"2022-07-03T13:10:22+00:00\",\"dateModified\":\"2023-01-01T18:39:27+00:00\",\"description\":\"Comprar Concerta en l\u00ednea; Se utiliza para tratar el trastorno por d\u00e9ficit de atenci\u00f3n con hiperactividad. Funciona cambiando sustancias naturales en el cerebro.\",\"breadcrumb\":{\"@id\":\"https:\\\/\\\/gooddealersmeds.com\\\/es\\\/product\\\/comprar-concierto-online\\\/#breadcrumb\"},\"inLanguage\":\"en-US\",\"potentialAction\":[{\"@type\":\"ReadAction\",\"target\":[\"https:\\\/\\\/gooddealersmeds.com\\\/es\\\/product\\\/comprar-concierto-online\\\/\"]}]},{\"@type\":\"ImageObject\",\"inLanguage\":\"en-US\",\"@id\":\"https:\\\/\\\/gooddealersmeds.com\\\/es\\\/product\\\/comprar-concierto-online\\\/#primaryimage\",\"url\":\"https:\\\/\\\/gooddealersmeds.com\\\/es\\\/wp-content\\\/uploads\\\/sites\\\/4\\\/2022\\\/07\\\/concerta-36mg-500x500-1.png\",\"contentUrl\":\"https:\\\/\\\/gooddealersmeds.com\\\/es\\\/wp-content\\\/uploads\\\/sites\\\/4\\\/2022\\\/07\\\/concerta-36mg-500x500-1.png\",\"width\":500,\"height\":500,\"caption\":\"Buy Concerta Online\"},{\"@type\":\"BreadcrumbList\",\"@id\":\"https:\\\/\\\/gooddealersmeds.com\\\/es\\\/product\\\/comprar-concierto-online\\\/#breadcrumb\",\"itemListElement\":[{\"@type\":\"ListItem\",\"position\":1,\"name\":\"Home\",\"item\":\"https:\\\/\\\/gooddealersmeds.com\\\/es\\\/\"},{\"@type\":\"ListItem\",\"position\":2,\"name\":\"Productos\",\"item\":\"https:\\\/\\\/gooddealersmeds.com\\\/es\\\/productos\\\/\"},{\"@type\":\"ListItem\",\"position\":3,\"name\":\"Comprar Concerta en l\u00ednea\"}]},{\"@type\":\"WebSite\",\"@id\":\"https:\\\/\\\/gooddealersmeds.com\\\/es\\\/#website\",\"url\":\"https:\\\/\\\/gooddealersmeds.com\\\/es\\\/\",\"name\":\"Good Dealers Meds\",\"description\":\"All our best\",\"publisher\":{\"@id\":\"https:\\\/\\\/gooddealersmeds.com\\\/es\\\/#organization\"},\"potentialAction\":[{\"@type\":\"SearchAction\",\"target\":{\"@type\":\"EntryPoint\",\"urlTemplate\":\"https:\\\/\\\/gooddealersmeds.com\\\/es\\\/?s={search_term_string}\"},\"query-input\":{\"@type\":\"PropertyValueSpecification\",\"valueRequired\":true,\"valueName\":\"search_term_string\"}}],\"inLanguage\":\"en-US\"},{\"@type\":\"Organization\",\"@id\":\"https:\\\/\\\/gooddealersmeds.com\\\/es\\\/#organization\",\"name\":\"Good Dealers Meds\",\"url\":\"https:\\\/\\\/gooddealersmeds.com\\\/es\\\/\",\"logo\":{\"@type\":\"ImageObject\",\"inLanguage\":\"en-US\",\"@id\":\"https:\\\/\\\/gooddealersmeds.com\\\/es\\\/#\\\/schema\\\/logo\\\/image\\\/\",\"url\":\"https:\\\/\\\/gooddealersmeds.com\\\/es\\\/wp-content\\\/uploads\\\/sites\\\/4\\\/2022\\\/03\\\/gooddealersmeds__logo__20220317T222800Z.00.png\",\"contentUrl\":\"https:\\\/\\\/gooddealersmeds.com\\\/es\\\/wp-content\\\/uploads\\\/sites\\\/4\\\/2022\\\/03\\\/gooddealersmeds__logo__20220317T222800Z.00.png\",\"width\":500,\"height\":325,\"caption\":\"Good Dealers Meds\"},\"image\":{\"@id\":\"https:\\\/\\\/gooddealersmeds.com\\\/es\\\/#\\\/schema\\\/logo\\\/image\\\/\"}}]}<\/script>\n<!-- \/ Yoast SEO Premium plugin. -->","yoast_head_json":{"title":"Comprar Concerta en l\u00ednea (metilfenidato HCL) | Good Dealers Meds","description":"Comprar Concerta en l\u00ednea; Se utiliza para tratar el trastorno por d\u00e9ficit de atenci\u00f3n con hiperactividad. Funciona cambiando sustancias naturales en el cerebro.","robots":{"index":"index","follow":"follow","max-snippet":"max-snippet:-1","max-image-preview":"max-image-preview:large","max-video-preview":"max-video-preview:-1"},"canonical":"https:\/\/gooddealersmeds.com\/es\/product\/comprar-concierto-online\/","og_locale":"en_US","og_type":"article","og_title":"Comprar Concerta en l\u00ednea","og_description":"Comprar Concerta en l\u00ednea; Se utiliza para tratar el trastorno por d\u00e9ficit de atenci\u00f3n con hiperactividad. Funciona cambiando sustancias naturales en el cerebro.","og_url":"https:\/\/gooddealersmeds.com\/es\/product\/comprar-concierto-online\/","og_site_name":"Good Dealers Meds","article_modified_time":"2023-01-01T18:39:27+00:00","og_image":[{"width":500,"height":500,"url":"https:\/\/gooddealersmeds.com\/es\/wp-content\/uploads\/sites\/4\/2022\/07\/concerta-36mg-500x500-1.png","type":"image\/png"}],"twitter_card":"summary_large_image","twitter_misc":{"Est. reading time":"2 minutes"},"schema":{"@context":"https:\/\/schema.org","@graph":[{"@type":"WebPage","@id":"https:\/\/gooddealersmeds.com\/es\/product\/comprar-concierto-online\/","url":"https:\/\/gooddealersmeds.com\/es\/product\/comprar-concierto-online\/","name":"Comprar Concerta en l\u00ednea (metilfenidato HCL) | Good Dealers Meds","isPartOf":{"@id":"https:\/\/gooddealersmeds.com\/es\/#website"},"primaryImageOfPage":{"@id":"https:\/\/gooddealersmeds.com\/es\/product\/comprar-concierto-online\/#primaryimage"},"image":{"@id":"https:\/\/gooddealersmeds.com\/es\/product\/comprar-concierto-online\/#primaryimage"},"thumbnailUrl":"https:\/\/gooddealersmeds.com\/es\/wp-content\/uploads\/sites\/4\/2022\/07\/concerta-36mg-500x500-1.png","datePublished":"2022-07-03T13:10:22+00:00","dateModified":"2023-01-01T18:39:27+00:00","description":"Comprar Concerta en l\u00ednea; Se utiliza para tratar el trastorno por d\u00e9ficit de atenci\u00f3n con hiperactividad. Funciona cambiando sustancias naturales en el cerebro.","breadcrumb":{"@id":"https:\/\/gooddealersmeds.com\/es\/product\/comprar-concierto-online\/#breadcrumb"},"inLanguage":"en-US","potentialAction":[{"@type":"ReadAction","target":["https:\/\/gooddealersmeds.com\/es\/product\/comprar-concierto-online\/"]}]},{"@type":"ImageObject","inLanguage":"en-US","@id":"https:\/\/gooddealersmeds.com\/es\/product\/comprar-concierto-online\/#primaryimage","url":"https:\/\/gooddealersmeds.com\/es\/wp-content\/uploads\/sites\/4\/2022\/07\/concerta-36mg-500x500-1.png","contentUrl":"https:\/\/gooddealersmeds.com\/es\/wp-content\/uploads\/sites\/4\/2022\/07\/concerta-36mg-500x500-1.png","width":500,"height":500,"caption":"Buy Concerta Online"},{"@type":"BreadcrumbList","@id":"https:\/\/gooddealersmeds.com\/es\/product\/comprar-concierto-online\/#breadcrumb","itemListElement":[{"@type":"ListItem","position":1,"name":"Home","item":"https:\/\/gooddealersmeds.com\/es\/"},{"@type":"ListItem","position":2,"name":"Productos","item":"https:\/\/gooddealersmeds.com\/es\/productos\/"},{"@type":"ListItem","position":3,"name":"Comprar Concerta en l\u00ednea"}]},{"@type":"WebSite","@id":"https:\/\/gooddealersmeds.com\/es\/#website","url":"https:\/\/gooddealersmeds.com\/es\/","name":"Good Dealers Meds","description":"All our best","publisher":{"@id":"https:\/\/gooddealersmeds.com\/es\/#organization"},"potentialAction":[{"@type":"SearchAction","target":{"@type":"EntryPoint","urlTemplate":"https:\/\/gooddealersmeds.com\/es\/?s={search_term_string}"},"query-input":{"@type":"PropertyValueSpecification","valueRequired":true,"valueName":"search_term_string"}}],"inLanguage":"en-US"},{"@type":"Organization","@id":"https:\/\/gooddealersmeds.com\/es\/#organization","name":"Good Dealers Meds","url":"https:\/\/gooddealersmeds.com\/es\/","logo":{"@type":"ImageObject","inLanguage":"en-US","@id":"https:\/\/gooddealersmeds.com\/es\/#\/schema\/logo\/image\/","url":"https:\/\/gooddealersmeds.com\/es\/wp-content\/uploads\/sites\/4\/2022\/03\/gooddealersmeds__logo__20220317T222800Z.00.png","contentUrl":"https:\/\/gooddealersmeds.com\/es\/wp-content\/uploads\/sites\/4\/2022\/03\/gooddealersmeds__logo__20220317T222800Z.00.png","width":500,"height":325,"caption":"Good Dealers Meds"},"image":{"@id":"https:\/\/gooddealersmeds.com\/es\/#\/schema\/logo\/image\/"}}]}},"_links":{"self":[{"href":"https:\/\/gooddealersmeds.com\/es\/wp-json\/wp\/v2\/product\/1965","targetHints":{"allow":["GET"]}}],"collection":[{"href":"https:\/\/gooddealersmeds.com\/es\/wp-json\/wp\/v2\/product"}],"about":[{"href":"https:\/\/gooddealersmeds.com\/es\/wp-json\/wp\/v2\/types\/product"}],"replies":[{"embeddable":true,"href":"https:\/\/gooddealersmeds.com\/es\/wp-json\/wp\/v2\/comments?post=1965"}],"wp:featuredmedia":[{"embeddable":true,"href":"https:\/\/gooddealersmeds.com\/es\/wp-json\/wp\/v2\/media\/1966"}],"wp:attachment":[{"href":"https:\/\/gooddealersmeds.com\/es\/wp-json\/wp\/v2\/media?parent=1965"}],"wp:term":[{"taxonomy":"product_brand","embeddable":true,"href":"https:\/\/gooddealersmeds.com\/es\/wp-json\/wp\/v2\/product_brand?post=1965"},{"taxonomy":"product_cat","embeddable":true,"href":"https:\/\/gooddealersmeds.com\/es\/wp-json\/wp\/v2\/product_cat?post=1965"},{"taxonomy":"product_tag","embeddable":true,"href":"https:\/\/gooddealersmeds.com\/es\/wp-json\/wp\/v2\/product_tag?post=1965"}],"curies":[{"name":"wp","href":"https:\/\/api.w.org\/{rel}","templated":true}]}}