{"id":1951,"date":"2022-07-03T13:05:03","date_gmt":"2022-07-03T13:05:03","guid":{"rendered":"https:\/\/gooddealersmeds.com\/es\/?post_type=product&#038;p=1951"},"modified":"2023-01-01T18:42:26","modified_gmt":"2023-01-01T18:42:26","slug":"comprar-ritalin-pastillas","status":"publish","type":"product","link":"https:\/\/gooddealersmeds.com\/es\/product\/comprar-ritalin-pastillas\/","title":{"rendered":"Comprar pastillas de Ritalin"},"content":{"rendered":"<h2>Pastillas de Ritalin a la venta en nuestra tienda online sin receta.<\/h2>\n<p>Comprar pastillas de Ritalin en nuestra tienda en l\u00ednea sin receta. Ritalin Tablet es un estimulante del sistema nervioso central que trata el trastorno por d\u00e9ficit de atenci\u00f3n con hiperactividad (TDAH). Este trastorno incluye acciones incontrolables, m\u00e1s dificultad para concentrarse y permanecer callado en comparaci\u00f3n con otras personas del mismo grupo de edad. Esta p\u00edldora tambi\u00e9n trata la narcolepsia, un trastorno del sue\u00f1o que provoca ataques repentinos de sue\u00f1o y somnolencia diurna. Esta p\u00edldora tambi\u00e9n puede ayudarte a organizar tus tareas y mejorar tus habilidades auditivas. Adem\u00e1s, esta tableta reduce los s\u00edntomas de problemas de comportamiento y aumenta su capacidad para mantenerse enfocado y prestar atenci\u00f3n. Ritalin tambi\u00e9n se usa en consejer\u00eda u otras terapias.<\/p>\n<p>Ritalin es un poderoso estimulante que puede ayudarlo a reducir los s\u00edntomas del trastorno por d\u00e9ficit de atenci\u00f3n. Los m\u00e9dicos y farmac\u00e9uticos consideran a Ritalin como uno de los tratamientos m\u00e1s efectivos para la somnolencia diurna o los ataques de sue\u00f1o inesperados. Ritalin es efectivo dentro de los veinte a treinta minutos de la administraci\u00f3n y tiene una vida media de aproximadamente ocho horas. Adem\u00e1s, esta p\u00edldora te ayuda a concentrarte y prestar atenci\u00f3n a tus tareas.<\/p>\n<p>Ritalin es una de las mejores opciones para prevenir y tratar el trastorno por d\u00e9ficit de atenci\u00f3n con hiperactividad o problemas para dormir. Esta tableta le permite alterar la cantidad de sustancias naturales en su cerebro. Adem\u00e1s, Ritalin se considera seguro para ni\u00f1os mayores de seis a\u00f1os, adultos y ancianos que tienen trastorno por d\u00e9ficit de atenci\u00f3n con hiperactividad o problemas para dormir.<\/p>\n<h3>\u00bfQu\u00e9 es Ritalin y c\u00f3mo funciona?<\/h3>\n<p>El clorhidrato de metilfenidato, el ingrediente activo de Ritalin, pertenece a una clase de medicamentos conocidos como estimulantes del sistema nervioso central. Estos estimulantes aumentan los niveles de catecolaminas (una sustancia qu\u00edmica) en el cerebro, lo que aumenta la energ\u00eda, el estado de alerta y la atenci\u00f3n.<\/p>\n<p>Ritalin act\u00faa alterando la concentraci\u00f3n de sustancias naturales en el cerebro (catecolaminas). Este medicamento tambi\u00e9n lo ayuda a mantenerse concentrado, mejora su capacidad para prestar atenci\u00f3n y controla los problemas de comportamiento.<\/p>\n<p>Por lo general, se recomienda usar Ritalin por consejo de su m\u00e9dico. Pero, para tratar el trastorno por d\u00e9ficit de atenci\u00f3n con hiperactividad o los ataques repentinos de sue\u00f1o, utilizar\u00e1 Ritalin como tratamiento a largo plazo. Puedes comprar pastillas de ritalin en nuestra <a href=\"https:\/\/gooddealersmeds.com\/es\/products\/\">tienda online<\/a> con env\u00edo seguro.<\/p>\n<p>&nbsp;<\/p>\n","protected":false},"excerpt":{"rendered":"<p>Compre Ritalin LA 10 mg C\u00e1psulas 30 en l\u00ednea, disponible ahora. Navega por nuestra tienda en l\u00ednea. Obtenga la garant\u00eda de satisfacci\u00f3n del 100 % de Ritalin en l\u00ednea. \u00bfC\u00f3mo puedo obtener Ritalin sin receta?<\/p>\n","protected":false},"featured_media":1963,"comment_status":"open","ping_status":"closed","template":"","meta":{"inline_featured_image":false},"product_brand":[],"product_cat":[346],"product_tag":[502,505,506,507,508,509,510,511,504,503,514,516,515,512,513],"class_list":{"0":"post-1951","1":"product","2":"type-product","3":"status-publish","4":"has-post-thumbnail","6":"product_cat-estimulantes","7":"product_tag-buy-20mg-ritalin-online","8":"product_tag-buy-ritalin-10mg-online","9":"product_tag-buy-ritalin-10mg-online-in-usa","10":"product_tag-buy-ritalin-online","11":"product_tag-buy-ritalin-online-forum","12":"product_tag-buy-ritalin-online-no-rx","13":"product_tag-buy-ritalin-pills","14":"product_tag-buy-ritalin-pills-in-south-africa","15":"product_tag-comprar-online-recetado-ritalin-no-recetado","16":"product_tag-comprar-generico-ritalin-online","17":"product_tag-donde-comprar-ritalin-online","18":"product_tag-dnde-comprar-ritalin-online-no-rx-required","19":"product_tag-donde-comprar-ritalin-en-linea-sin-receta-requerida","20":"product_tag-reddit-comprar-ritalin-en-linea-sin-receta","21":"product_tag-ritalin-comprar-online","23":"first","24":"instock","25":"shipping-taxable","26":"purchasable","27":"product-type-variable","28":"has-default-attributes"},"yoast_head":"<!-- This site is optimized with the Yoast SEO Premium plugin v20.6 (Yoast SEO v27.3) - https:\/\/yoast.com\/product\/yoast-seo-premium-wordpress\/ -->\n<title>Comprar pastillas de Ritalin - Ritalin a la venta - Ordene Ritalin en l\u00ednea<\/title>\n<meta name=\"description\" content=\"Comprar pastillas de Ritalin 10mg Pills 30 en l\u00ednea. Navega por nuestra tienda online sin receta. Obtenga Ritalin en l\u00ednea con 100% de satisfacci\u00f3n.\" \/>\n<meta name=\"robots\" content=\"index, follow, max-snippet:-1, max-image-preview:large, max-video-preview:-1\" \/>\n<link rel=\"canonical\" href=\"https:\/\/gooddealersmeds.com\/es\/product\/comprar-ritalin-pastillas\/\" \/>\n<meta property=\"og:locale\" content=\"en_US\" \/>\n<meta property=\"og:type\" content=\"article\" \/>\n<meta property=\"og:title\" content=\"Comprar pastillas de Ritalin\" \/>\n<meta property=\"og:description\" content=\"Comprar pastillas de Ritalin 10mg Pills 30 en l\u00ednea. Navega por nuestra tienda online sin receta. Obtenga Ritalin en l\u00ednea con 100% de satisfacci\u00f3n.\" \/>\n<meta property=\"og:url\" content=\"https:\/\/gooddealersmeds.com\/es\/product\/comprar-ritalin-pastillas\/\" \/>\n<meta property=\"og:site_name\" content=\"Good Dealers Meds\" \/>\n<meta property=\"article:modified_time\" content=\"2023-01-01T18:42:26+00:00\" \/>\n<meta property=\"og:image\" content=\"https:\/\/gooddealersmeds.com\/es\/wp-content\/uploads\/sites\/4\/2022\/07\/buy-ritalin-online.jpg\" \/>\n\t<meta property=\"og:image:width\" content=\"1464\" \/>\n\t<meta property=\"og:image:height\" content=\"975\" \/>\n\t<meta property=\"og:image:type\" content=\"image\/jpeg\" \/>\n<meta name=\"twitter:card\" content=\"summary_large_image\" \/>\n<meta name=\"twitter:label1\" content=\"Est. reading time\" \/>\n\t<meta name=\"twitter:data1\" content=\"2 minutes\" \/>\n<script type=\"application\/ld+json\" class=\"yoast-schema-graph\">{\"@context\":\"https:\\\/\\\/schema.org\",\"@graph\":[{\"@type\":\"WebPage\",\"@id\":\"https:\\\/\\\/gooddealersmeds.com\\\/es\\\/product\\\/comprar-ritalin-pastillas\\\/\",\"url\":\"https:\\\/\\\/gooddealersmeds.com\\\/es\\\/product\\\/comprar-ritalin-pastillas\\\/\",\"name\":\"Comprar pastillas de Ritalin - Ritalin a la venta - Ordene Ritalin en l\u00ednea\",\"isPartOf\":{\"@id\":\"https:\\\/\\\/gooddealersmeds.com\\\/es\\\/#website\"},\"primaryImageOfPage\":{\"@id\":\"https:\\\/\\\/gooddealersmeds.com\\\/es\\\/product\\\/comprar-ritalin-pastillas\\\/#primaryimage\"},\"image\":{\"@id\":\"https:\\\/\\\/gooddealersmeds.com\\\/es\\\/product\\\/comprar-ritalin-pastillas\\\/#primaryimage\"},\"thumbnailUrl\":\"https:\\\/\\\/gooddealersmeds.com\\\/es\\\/wp-content\\\/uploads\\\/sites\\\/4\\\/2022\\\/07\\\/buy-ritalin-online.jpg\",\"datePublished\":\"2022-07-03T13:05:03+00:00\",\"dateModified\":\"2023-01-01T18:42:26+00:00\",\"description\":\"Comprar pastillas de Ritalin 10mg Pills 30 en l\u00ednea. Navega por nuestra tienda online sin receta. Obtenga Ritalin en l\u00ednea con 100% de satisfacci\u00f3n.\",\"breadcrumb\":{\"@id\":\"https:\\\/\\\/gooddealersmeds.com\\\/es\\\/product\\\/comprar-ritalin-pastillas\\\/#breadcrumb\"},\"inLanguage\":\"en-US\",\"potentialAction\":[{\"@type\":\"ReadAction\",\"target\":[\"https:\\\/\\\/gooddealersmeds.com\\\/es\\\/product\\\/comprar-ritalin-pastillas\\\/\"]}]},{\"@type\":\"ImageObject\",\"inLanguage\":\"en-US\",\"@id\":\"https:\\\/\\\/gooddealersmeds.com\\\/es\\\/product\\\/comprar-ritalin-pastillas\\\/#primaryimage\",\"url\":\"https:\\\/\\\/gooddealersmeds.com\\\/es\\\/wp-content\\\/uploads\\\/sites\\\/4\\\/2022\\\/07\\\/buy-ritalin-online.jpg\",\"contentUrl\":\"https:\\\/\\\/gooddealersmeds.com\\\/es\\\/wp-content\\\/uploads\\\/sites\\\/4\\\/2022\\\/07\\\/buy-ritalin-online.jpg\",\"width\":1464,\"height\":975,\"caption\":\"Buy Ritalin Pills\"},{\"@type\":\"BreadcrumbList\",\"@id\":\"https:\\\/\\\/gooddealersmeds.com\\\/es\\\/product\\\/comprar-ritalin-pastillas\\\/#breadcrumb\",\"itemListElement\":[{\"@type\":\"ListItem\",\"position\":1,\"name\":\"Home\",\"item\":\"https:\\\/\\\/gooddealersmeds.com\\\/es\\\/\"},{\"@type\":\"ListItem\",\"position\":2,\"name\":\"Productos\",\"item\":\"https:\\\/\\\/gooddealersmeds.com\\\/es\\\/productos\\\/\"},{\"@type\":\"ListItem\",\"position\":3,\"name\":\"Comprar pastillas de Ritalin\"}]},{\"@type\":\"WebSite\",\"@id\":\"https:\\\/\\\/gooddealersmeds.com\\\/es\\\/#website\",\"url\":\"https:\\\/\\\/gooddealersmeds.com\\\/es\\\/\",\"name\":\"Good Dealers Meds\",\"description\":\"All our best\",\"publisher\":{\"@id\":\"https:\\\/\\\/gooddealersmeds.com\\\/es\\\/#organization\"},\"potentialAction\":[{\"@type\":\"SearchAction\",\"target\":{\"@type\":\"EntryPoint\",\"urlTemplate\":\"https:\\\/\\\/gooddealersmeds.com\\\/es\\\/?s={search_term_string}\"},\"query-input\":{\"@type\":\"PropertyValueSpecification\",\"valueRequired\":true,\"valueName\":\"search_term_string\"}}],\"inLanguage\":\"en-US\"},{\"@type\":\"Organization\",\"@id\":\"https:\\\/\\\/gooddealersmeds.com\\\/es\\\/#organization\",\"name\":\"Good Dealers Meds\",\"url\":\"https:\\\/\\\/gooddealersmeds.com\\\/es\\\/\",\"logo\":{\"@type\":\"ImageObject\",\"inLanguage\":\"en-US\",\"@id\":\"https:\\\/\\\/gooddealersmeds.com\\\/es\\\/#\\\/schema\\\/logo\\\/image\\\/\",\"url\":\"https:\\\/\\\/gooddealersmeds.com\\\/es\\\/wp-content\\\/uploads\\\/sites\\\/4\\\/2022\\\/03\\\/gooddealersmeds__logo__20220317T222800Z.00.png\",\"contentUrl\":\"https:\\\/\\\/gooddealersmeds.com\\\/es\\\/wp-content\\\/uploads\\\/sites\\\/4\\\/2022\\\/03\\\/gooddealersmeds__logo__20220317T222800Z.00.png\",\"width\":500,\"height\":325,\"caption\":\"Good Dealers Meds\"},\"image\":{\"@id\":\"https:\\\/\\\/gooddealersmeds.com\\\/es\\\/#\\\/schema\\\/logo\\\/image\\\/\"}}]}<\/script>\n<!-- \/ Yoast SEO Premium plugin. -->","yoast_head_json":{"title":"Comprar pastillas de Ritalin - Ritalin a la venta - Ordene Ritalin en l\u00ednea","description":"Comprar pastillas de Ritalin 10mg Pills 30 en l\u00ednea. Navega por nuestra tienda online sin receta. Obtenga Ritalin en l\u00ednea con 100% de satisfacci\u00f3n.","robots":{"index":"index","follow":"follow","max-snippet":"max-snippet:-1","max-image-preview":"max-image-preview:large","max-video-preview":"max-video-preview:-1"},"canonical":"https:\/\/gooddealersmeds.com\/es\/product\/comprar-ritalin-pastillas\/","og_locale":"en_US","og_type":"article","og_title":"Comprar pastillas de Ritalin","og_description":"Comprar pastillas de Ritalin 10mg Pills 30 en l\u00ednea. Navega por nuestra tienda online sin receta. Obtenga Ritalin en l\u00ednea con 100% de satisfacci\u00f3n.","og_url":"https:\/\/gooddealersmeds.com\/es\/product\/comprar-ritalin-pastillas\/","og_site_name":"Good Dealers Meds","article_modified_time":"2023-01-01T18:42:26+00:00","og_image":[{"width":1464,"height":975,"url":"https:\/\/gooddealersmeds.com\/es\/wp-content\/uploads\/sites\/4\/2022\/07\/buy-ritalin-online.jpg","type":"image\/jpeg"}],"twitter_card":"summary_large_image","twitter_misc":{"Est. reading time":"2 minutes"},"schema":{"@context":"https:\/\/schema.org","@graph":[{"@type":"WebPage","@id":"https:\/\/gooddealersmeds.com\/es\/product\/comprar-ritalin-pastillas\/","url":"https:\/\/gooddealersmeds.com\/es\/product\/comprar-ritalin-pastillas\/","name":"Comprar pastillas de Ritalin - Ritalin a la venta - Ordene Ritalin en l\u00ednea","isPartOf":{"@id":"https:\/\/gooddealersmeds.com\/es\/#website"},"primaryImageOfPage":{"@id":"https:\/\/gooddealersmeds.com\/es\/product\/comprar-ritalin-pastillas\/#primaryimage"},"image":{"@id":"https:\/\/gooddealersmeds.com\/es\/product\/comprar-ritalin-pastillas\/#primaryimage"},"thumbnailUrl":"https:\/\/gooddealersmeds.com\/es\/wp-content\/uploads\/sites\/4\/2022\/07\/buy-ritalin-online.jpg","datePublished":"2022-07-03T13:05:03+00:00","dateModified":"2023-01-01T18:42:26+00:00","description":"Comprar pastillas de Ritalin 10mg Pills 30 en l\u00ednea. Navega por nuestra tienda online sin receta. Obtenga Ritalin en l\u00ednea con 100% de satisfacci\u00f3n.","breadcrumb":{"@id":"https:\/\/gooddealersmeds.com\/es\/product\/comprar-ritalin-pastillas\/#breadcrumb"},"inLanguage":"en-US","potentialAction":[{"@type":"ReadAction","target":["https:\/\/gooddealersmeds.com\/es\/product\/comprar-ritalin-pastillas\/"]}]},{"@type":"ImageObject","inLanguage":"en-US","@id":"https:\/\/gooddealersmeds.com\/es\/product\/comprar-ritalin-pastillas\/#primaryimage","url":"https:\/\/gooddealersmeds.com\/es\/wp-content\/uploads\/sites\/4\/2022\/07\/buy-ritalin-online.jpg","contentUrl":"https:\/\/gooddealersmeds.com\/es\/wp-content\/uploads\/sites\/4\/2022\/07\/buy-ritalin-online.jpg","width":1464,"height":975,"caption":"Buy Ritalin Pills"},{"@type":"BreadcrumbList","@id":"https:\/\/gooddealersmeds.com\/es\/product\/comprar-ritalin-pastillas\/#breadcrumb","itemListElement":[{"@type":"ListItem","position":1,"name":"Home","item":"https:\/\/gooddealersmeds.com\/es\/"},{"@type":"ListItem","position":2,"name":"Productos","item":"https:\/\/gooddealersmeds.com\/es\/productos\/"},{"@type":"ListItem","position":3,"name":"Comprar pastillas de Ritalin"}]},{"@type":"WebSite","@id":"https:\/\/gooddealersmeds.com\/es\/#website","url":"https:\/\/gooddealersmeds.com\/es\/","name":"Good Dealers Meds","description":"All our best","publisher":{"@id":"https:\/\/gooddealersmeds.com\/es\/#organization"},"potentialAction":[{"@type":"SearchAction","target":{"@type":"EntryPoint","urlTemplate":"https:\/\/gooddealersmeds.com\/es\/?s={search_term_string}"},"query-input":{"@type":"PropertyValueSpecification","valueRequired":true,"valueName":"search_term_string"}}],"inLanguage":"en-US"},{"@type":"Organization","@id":"https:\/\/gooddealersmeds.com\/es\/#organization","name":"Good Dealers Meds","url":"https:\/\/gooddealersmeds.com\/es\/","logo":{"@type":"ImageObject","inLanguage":"en-US","@id":"https:\/\/gooddealersmeds.com\/es\/#\/schema\/logo\/image\/","url":"https:\/\/gooddealersmeds.com\/es\/wp-content\/uploads\/sites\/4\/2022\/03\/gooddealersmeds__logo__20220317T222800Z.00.png","contentUrl":"https:\/\/gooddealersmeds.com\/es\/wp-content\/uploads\/sites\/4\/2022\/03\/gooddealersmeds__logo__20220317T222800Z.00.png","width":500,"height":325,"caption":"Good Dealers Meds"},"image":{"@id":"https:\/\/gooddealersmeds.com\/es\/#\/schema\/logo\/image\/"}}]}},"_links":{"self":[{"href":"https:\/\/gooddealersmeds.com\/es\/wp-json\/wp\/v2\/product\/1951","targetHints":{"allow":["GET"]}}],"collection":[{"href":"https:\/\/gooddealersmeds.com\/es\/wp-json\/wp\/v2\/product"}],"about":[{"href":"https:\/\/gooddealersmeds.com\/es\/wp-json\/wp\/v2\/types\/product"}],"replies":[{"embeddable":true,"href":"https:\/\/gooddealersmeds.com\/es\/wp-json\/wp\/v2\/comments?post=1951"}],"wp:featuredmedia":[{"embeddable":true,"href":"https:\/\/gooddealersmeds.com\/es\/wp-json\/wp\/v2\/media\/1963"}],"wp:attachment":[{"href":"https:\/\/gooddealersmeds.com\/es\/wp-json\/wp\/v2\/media?parent=1951"}],"wp:term":[{"taxonomy":"product_brand","embeddable":true,"href":"https:\/\/gooddealersmeds.com\/es\/wp-json\/wp\/v2\/product_brand?post=1951"},{"taxonomy":"product_cat","embeddable":true,"href":"https:\/\/gooddealersmeds.com\/es\/wp-json\/wp\/v2\/product_cat?post=1951"},{"taxonomy":"product_tag","embeddable":true,"href":"https:\/\/gooddealersmeds.com\/es\/wp-json\/wp\/v2\/product_tag?post=1951"}],"curies":[{"name":"wp","href":"https:\/\/api.w.org\/{rel}","templated":true}]}}