{"id":1944,"date":"2022-07-03T12:27:49","date_gmt":"2022-07-03T12:27:49","guid":{"rendered":"https:\/\/gooddealersmeds.com\/es\/?post_type=product&#038;p=1944"},"modified":"2023-01-01T20:58:14","modified_gmt":"2023-01-01T20:58:14","slug":"comprar-dexedrina-er-pastillas-online","status":"publish","type":"product","link":"https:\/\/gooddealersmeds.com\/es\/product\/comprar-dexedrina-er-pastillas-online\/","title":{"rendered":"Compre Dexedrine Er Pills en l\u00ednea"},"content":{"rendered":"<h2>Dexedrine Er Pills a la venta en nuestra tienda a un precio asequible<\/h2>\n<p>Comprar Dexedrine Er Pastillas, Entrega al d\u00eda siguiente disponible para todos los estados europeos. La dexedrina pertenece a la familia de medicamentos conocidos como estimulantes. Dexedrine (Dexamphetamine) es un medicamento que se utiliza para tratar el Trastorno por D\u00e9ficit de Atenci\u00f3n con Hiperactividad (TDAH) y la Narcolepsia (quedarse dormido en momentos inadecuados sin ning\u00fan control). Funciona para tratar la narcolepsia actuando como un estimulante cerebral. Puede comprar Dexedrine Er Pills en l\u00ednea a la venta en Good Dealers Meds.<\/p>\n<p><strong>Usos de las p\u00edldoras Dexedrine Er<\/strong><\/p>\n<p>Este medicamento se usa para tratar el TDAH, tambi\u00e9n conocido como trastorno por d\u00e9ficit de atenci\u00f3n con hiperactividad. Funciona alterando las concentraciones de ciertas sustancias qu\u00edmicas naturales en el cerebro. La dextroanfetamina es un tipo de medicamento conocido como marcapasos. Esto puede ayudarlo a mejorar su capacidad para concentrarse en una actividad y controlar los problemas de comportamiento. Tambi\u00e9n puede ayudarlo a organizar y mejorar sus tareas. Este medicamento tambi\u00e9n se usa para tratar un problema de sue\u00f1o (narcolepsia), que le permite permanecer despierto durante todo el d\u00eda. No debe usarse para curar el agotamiento o para evitar que las personas que no tienen un trastorno del sue\u00f1o se duerman despiertas.<\/p>\n<p><strong>Adem\u00e1s de su acci\u00f3n deseada, este medicamento puede causar algunos efectos, en particular:<\/strong><\/p>\n<ul>\n<li>Puede disminuir su apetito<\/li>\n<li>Puede causar diarrea o estre\u00f1imiento, dependiendo de la persona<\/li>\n<li>Puede causar dolores de cabeza<\/li>\n<li>Puede causar trastornos del sue\u00f1o o insomnio<\/li>\n<\/ul>\n<p><a href=\"https:\/\/gooddealersmeds.com\/es\/product\/buy-dexedrine-er-pills-online\/\">Dexedrine<\/a> Er Las p\u00edldoras, como la mayor\u00eda de los productos farmac\u00e9uticos, deben almacenarse a temperatura ambiente. Debe mantenerse en un lugar seguro lejos del calor excesivo, la humedad y la luz solar directa. Aseg\u00farese de desechar correctamente cualquier sobrante.<\/p>\n<p>Tome este medicamento con o sin alimentos, generalmente de 1 a 3 veces al d\u00eda, seg\u00fan las indicaciones de su m\u00e9dico. La primera dosis normalmente se administra a primera hora de la ma\u00f1ana. Si su m\u00e9dico le receta m\u00e1s dosis, t\u00f3melas seg\u00fan lo indicado, generalmente con 4 a 6 horas de diferencia. Tomar este medicamento al final del d\u00eda puede dificultar el sue\u00f1o.<\/p>\n<p>Puede comprar pastillas Dexedrine Er (tabletas de 15 mg) en l\u00ednea sin receta (sin receta) de Good Dealers Meds Online.<\/p>\n","protected":false},"excerpt":{"rendered":"<p>Compre Dexedrine Er Pills en l\u00ednea sin receta. Ordene dexedrina muy r\u00e1pida y f\u00e1cilmente. \u00a1Nuestro servicio de entrega le proporcionar\u00e1 su pedido de Dextroanfetamina en el menor tiempo posible!<\/p>\n","protected":false},"featured_media":1949,"comment_status":"open","ping_status":"closed","template":"","meta":{"inline_featured_image":false},"product_brand":[],"product_cat":[346],"product_tag":[501,492,495,493,496,491,494,497,498,500,499],"class_list":{"0":"post-1944","1":"product","2":"type-product","3":"status-publish","4":"has-post-thumbnail","6":"product_cat-estimulantes","7":"product_tag-compra-dexedrina-online","8":"product_tag-comprar-dexedrina-5mg-canada","9":"product_tag-comprar-dexedrina-5mg-usa","10":"product_tag-comprar-dexedrina-5mg-online","11":"product_tag-comprar-dexedrina-australia","12":"product_tag-comprar-barato-dexedrina","13":"product_tag-comprar-dexedrina-5mg-tabletas-online","14":"product_tag-dexedrina-5mg-usa","15":"product_tag-dextroamphetamine-5mg-usa","16":"product_tag-ordenar-dexedrina-online","17":"product_tag-dextroanfetamina-5mg-proveedor","19":"first","20":"instock","21":"shipping-taxable","22":"purchasable","23":"product-type-variable","24":"has-default-attributes"},"yoast_head":"<!-- This site is optimized with the Yoast SEO Premium plugin v20.6 (Yoast SEO v27.3) - https:\/\/yoast.com\/product\/yoast-seo-premium-wordpress\/ -->\n<title>Comprar Dexedrine Er Pastillas en l\u00ednea sin receta | Good Dealers Meds<\/title>\n<meta name=\"description\" content=\"Comprar Dexedrine Er Pastillas en l\u00ednea sin receta. Ordene dexedrina en l\u00ednea desde nuestra tienda en l\u00ednea y obtenga una entrega muy r\u00e1pida en todo el mundo.\" \/>\n<meta name=\"robots\" content=\"index, follow, max-snippet:-1, max-image-preview:large, max-video-preview:-1\" \/>\n<link rel=\"canonical\" href=\"https:\/\/gooddealersmeds.com\/es\/product\/comprar-dexedrina-er-pastillas-online\/\" \/>\n<meta property=\"og:locale\" content=\"en_US\" \/>\n<meta property=\"og:type\" content=\"article\" \/>\n<meta property=\"og:title\" content=\"Compre Dexedrine Er Pills en l\u00ednea\" \/>\n<meta property=\"og:description\" content=\"Comprar Dexedrine Er Pastillas en l\u00ednea sin receta. Ordene dexedrina en l\u00ednea desde nuestra tienda en l\u00ednea y obtenga una entrega muy r\u00e1pida en todo el mundo.\" \/>\n<meta property=\"og:url\" content=\"https:\/\/gooddealersmeds.com\/es\/product\/comprar-dexedrina-er-pastillas-online\/\" \/>\n<meta property=\"og:site_name\" content=\"Good Dealers Meds\" \/>\n<meta property=\"article:modified_time\" content=\"2023-01-01T20:58:14+00:00\" \/>\n<meta property=\"og:image\" content=\"https:\/\/gooddealersmeds.com\/es\/wp-content\/uploads\/sites\/4\/2022\/07\/Buy-Dexedrine-Er-Pills-Online.png\" \/>\n\t<meta property=\"og:image:width\" content=\"600\" \/>\n\t<meta property=\"og:image:height\" content=\"600\" \/>\n\t<meta property=\"og:image:type\" content=\"image\/png\" \/>\n<meta name=\"twitter:card\" content=\"summary_large_image\" \/>\n<meta name=\"twitter:label1\" content=\"Est. reading time\" \/>\n\t<meta name=\"twitter:data1\" content=\"2 minutes\" \/>\n<script type=\"application\/ld+json\" class=\"yoast-schema-graph\">{\"@context\":\"https:\\\/\\\/schema.org\",\"@graph\":[{\"@type\":\"WebPage\",\"@id\":\"https:\\\/\\\/gooddealersmeds.com\\\/es\\\/product\\\/comprar-dexedrina-er-pastillas-online\\\/\",\"url\":\"https:\\\/\\\/gooddealersmeds.com\\\/es\\\/product\\\/comprar-dexedrina-er-pastillas-online\\\/\",\"name\":\"Comprar Dexedrine Er Pastillas en l\u00ednea sin receta | Good Dealers Meds\",\"isPartOf\":{\"@id\":\"https:\\\/\\\/gooddealersmeds.com\\\/es\\\/#website\"},\"primaryImageOfPage\":{\"@id\":\"https:\\\/\\\/gooddealersmeds.com\\\/es\\\/product\\\/comprar-dexedrina-er-pastillas-online\\\/#primaryimage\"},\"image\":{\"@id\":\"https:\\\/\\\/gooddealersmeds.com\\\/es\\\/product\\\/comprar-dexedrina-er-pastillas-online\\\/#primaryimage\"},\"thumbnailUrl\":\"https:\\\/\\\/gooddealersmeds.com\\\/es\\\/wp-content\\\/uploads\\\/sites\\\/4\\\/2022\\\/07\\\/Buy-Dexedrine-Er-Pills-Online.png\",\"datePublished\":\"2022-07-03T12:27:49+00:00\",\"dateModified\":\"2023-01-01T20:58:14+00:00\",\"description\":\"Comprar Dexedrine Er Pastillas en l\u00ednea sin receta. Ordene dexedrina en l\u00ednea desde nuestra tienda en l\u00ednea y obtenga una entrega muy r\u00e1pida en todo el mundo.\",\"breadcrumb\":{\"@id\":\"https:\\\/\\\/gooddealersmeds.com\\\/es\\\/product\\\/comprar-dexedrina-er-pastillas-online\\\/#breadcrumb\"},\"inLanguage\":\"en-US\",\"potentialAction\":[{\"@type\":\"ReadAction\",\"target\":[\"https:\\\/\\\/gooddealersmeds.com\\\/es\\\/product\\\/comprar-dexedrina-er-pastillas-online\\\/\"]}]},{\"@type\":\"ImageObject\",\"inLanguage\":\"en-US\",\"@id\":\"https:\\\/\\\/gooddealersmeds.com\\\/es\\\/product\\\/comprar-dexedrina-er-pastillas-online\\\/#primaryimage\",\"url\":\"https:\\\/\\\/gooddealersmeds.com\\\/es\\\/wp-content\\\/uploads\\\/sites\\\/4\\\/2022\\\/07\\\/Buy-Dexedrine-Er-Pills-Online.png\",\"contentUrl\":\"https:\\\/\\\/gooddealersmeds.com\\\/es\\\/wp-content\\\/uploads\\\/sites\\\/4\\\/2022\\\/07\\\/Buy-Dexedrine-Er-Pills-Online.png\",\"width\":600,\"height\":600,\"caption\":\"Buy Dexedrine Er Pills Online\"},{\"@type\":\"BreadcrumbList\",\"@id\":\"https:\\\/\\\/gooddealersmeds.com\\\/es\\\/product\\\/comprar-dexedrina-er-pastillas-online\\\/#breadcrumb\",\"itemListElement\":[{\"@type\":\"ListItem\",\"position\":1,\"name\":\"Home\",\"item\":\"https:\\\/\\\/gooddealersmeds.com\\\/es\\\/\"},{\"@type\":\"ListItem\",\"position\":2,\"name\":\"Productos\",\"item\":\"https:\\\/\\\/gooddealersmeds.com\\\/es\\\/productos\\\/\"},{\"@type\":\"ListItem\",\"position\":3,\"name\":\"Compre Dexedrine Er Pills en l\u00ednea\"}]},{\"@type\":\"WebSite\",\"@id\":\"https:\\\/\\\/gooddealersmeds.com\\\/es\\\/#website\",\"url\":\"https:\\\/\\\/gooddealersmeds.com\\\/es\\\/\",\"name\":\"Good Dealers Meds\",\"description\":\"All our best\",\"publisher\":{\"@id\":\"https:\\\/\\\/gooddealersmeds.com\\\/es\\\/#organization\"},\"potentialAction\":[{\"@type\":\"SearchAction\",\"target\":{\"@type\":\"EntryPoint\",\"urlTemplate\":\"https:\\\/\\\/gooddealersmeds.com\\\/es\\\/?s={search_term_string}\"},\"query-input\":{\"@type\":\"PropertyValueSpecification\",\"valueRequired\":true,\"valueName\":\"search_term_string\"}}],\"inLanguage\":\"en-US\"},{\"@type\":\"Organization\",\"@id\":\"https:\\\/\\\/gooddealersmeds.com\\\/es\\\/#organization\",\"name\":\"Good Dealers Meds\",\"url\":\"https:\\\/\\\/gooddealersmeds.com\\\/es\\\/\",\"logo\":{\"@type\":\"ImageObject\",\"inLanguage\":\"en-US\",\"@id\":\"https:\\\/\\\/gooddealersmeds.com\\\/es\\\/#\\\/schema\\\/logo\\\/image\\\/\",\"url\":\"https:\\\/\\\/gooddealersmeds.com\\\/es\\\/wp-content\\\/uploads\\\/sites\\\/4\\\/2022\\\/03\\\/gooddealersmeds__logo__20220317T222800Z.00.png\",\"contentUrl\":\"https:\\\/\\\/gooddealersmeds.com\\\/es\\\/wp-content\\\/uploads\\\/sites\\\/4\\\/2022\\\/03\\\/gooddealersmeds__logo__20220317T222800Z.00.png\",\"width\":500,\"height\":325,\"caption\":\"Good Dealers Meds\"},\"image\":{\"@id\":\"https:\\\/\\\/gooddealersmeds.com\\\/es\\\/#\\\/schema\\\/logo\\\/image\\\/\"}}]}<\/script>\n<!-- \/ Yoast SEO Premium plugin. -->","yoast_head_json":{"title":"Comprar Dexedrine Er Pastillas en l\u00ednea sin receta | Good Dealers Meds","description":"Comprar Dexedrine Er Pastillas en l\u00ednea sin receta. Ordene dexedrina en l\u00ednea desde nuestra tienda en l\u00ednea y obtenga una entrega muy r\u00e1pida en todo el mundo.","robots":{"index":"index","follow":"follow","max-snippet":"max-snippet:-1","max-image-preview":"max-image-preview:large","max-video-preview":"max-video-preview:-1"},"canonical":"https:\/\/gooddealersmeds.com\/es\/product\/comprar-dexedrina-er-pastillas-online\/","og_locale":"en_US","og_type":"article","og_title":"Compre Dexedrine Er Pills en l\u00ednea","og_description":"Comprar Dexedrine Er Pastillas en l\u00ednea sin receta. Ordene dexedrina en l\u00ednea desde nuestra tienda en l\u00ednea y obtenga una entrega muy r\u00e1pida en todo el mundo.","og_url":"https:\/\/gooddealersmeds.com\/es\/product\/comprar-dexedrina-er-pastillas-online\/","og_site_name":"Good Dealers Meds","article_modified_time":"2023-01-01T20:58:14+00:00","og_image":[{"width":600,"height":600,"url":"https:\/\/gooddealersmeds.com\/es\/wp-content\/uploads\/sites\/4\/2022\/07\/Buy-Dexedrine-Er-Pills-Online.png","type":"image\/png"}],"twitter_card":"summary_large_image","twitter_misc":{"Est. reading time":"2 minutes"},"schema":{"@context":"https:\/\/schema.org","@graph":[{"@type":"WebPage","@id":"https:\/\/gooddealersmeds.com\/es\/product\/comprar-dexedrina-er-pastillas-online\/","url":"https:\/\/gooddealersmeds.com\/es\/product\/comprar-dexedrina-er-pastillas-online\/","name":"Comprar Dexedrine Er Pastillas en l\u00ednea sin receta | Good Dealers Meds","isPartOf":{"@id":"https:\/\/gooddealersmeds.com\/es\/#website"},"primaryImageOfPage":{"@id":"https:\/\/gooddealersmeds.com\/es\/product\/comprar-dexedrina-er-pastillas-online\/#primaryimage"},"image":{"@id":"https:\/\/gooddealersmeds.com\/es\/product\/comprar-dexedrina-er-pastillas-online\/#primaryimage"},"thumbnailUrl":"https:\/\/gooddealersmeds.com\/es\/wp-content\/uploads\/sites\/4\/2022\/07\/Buy-Dexedrine-Er-Pills-Online.png","datePublished":"2022-07-03T12:27:49+00:00","dateModified":"2023-01-01T20:58:14+00:00","description":"Comprar Dexedrine Er Pastillas en l\u00ednea sin receta. Ordene dexedrina en l\u00ednea desde nuestra tienda en l\u00ednea y obtenga una entrega muy r\u00e1pida en todo el mundo.","breadcrumb":{"@id":"https:\/\/gooddealersmeds.com\/es\/product\/comprar-dexedrina-er-pastillas-online\/#breadcrumb"},"inLanguage":"en-US","potentialAction":[{"@type":"ReadAction","target":["https:\/\/gooddealersmeds.com\/es\/product\/comprar-dexedrina-er-pastillas-online\/"]}]},{"@type":"ImageObject","inLanguage":"en-US","@id":"https:\/\/gooddealersmeds.com\/es\/product\/comprar-dexedrina-er-pastillas-online\/#primaryimage","url":"https:\/\/gooddealersmeds.com\/es\/wp-content\/uploads\/sites\/4\/2022\/07\/Buy-Dexedrine-Er-Pills-Online.png","contentUrl":"https:\/\/gooddealersmeds.com\/es\/wp-content\/uploads\/sites\/4\/2022\/07\/Buy-Dexedrine-Er-Pills-Online.png","width":600,"height":600,"caption":"Buy Dexedrine Er Pills Online"},{"@type":"BreadcrumbList","@id":"https:\/\/gooddealersmeds.com\/es\/product\/comprar-dexedrina-er-pastillas-online\/#breadcrumb","itemListElement":[{"@type":"ListItem","position":1,"name":"Home","item":"https:\/\/gooddealersmeds.com\/es\/"},{"@type":"ListItem","position":2,"name":"Productos","item":"https:\/\/gooddealersmeds.com\/es\/productos\/"},{"@type":"ListItem","position":3,"name":"Compre Dexedrine Er Pills en l\u00ednea"}]},{"@type":"WebSite","@id":"https:\/\/gooddealersmeds.com\/es\/#website","url":"https:\/\/gooddealersmeds.com\/es\/","name":"Good Dealers Meds","description":"All our best","publisher":{"@id":"https:\/\/gooddealersmeds.com\/es\/#organization"},"potentialAction":[{"@type":"SearchAction","target":{"@type":"EntryPoint","urlTemplate":"https:\/\/gooddealersmeds.com\/es\/?s={search_term_string}"},"query-input":{"@type":"PropertyValueSpecification","valueRequired":true,"valueName":"search_term_string"}}],"inLanguage":"en-US"},{"@type":"Organization","@id":"https:\/\/gooddealersmeds.com\/es\/#organization","name":"Good Dealers Meds","url":"https:\/\/gooddealersmeds.com\/es\/","logo":{"@type":"ImageObject","inLanguage":"en-US","@id":"https:\/\/gooddealersmeds.com\/es\/#\/schema\/logo\/image\/","url":"https:\/\/gooddealersmeds.com\/es\/wp-content\/uploads\/sites\/4\/2022\/03\/gooddealersmeds__logo__20220317T222800Z.00.png","contentUrl":"https:\/\/gooddealersmeds.com\/es\/wp-content\/uploads\/sites\/4\/2022\/03\/gooddealersmeds__logo__20220317T222800Z.00.png","width":500,"height":325,"caption":"Good Dealers Meds"},"image":{"@id":"https:\/\/gooddealersmeds.com\/es\/#\/schema\/logo\/image\/"}}]}},"_links":{"self":[{"href":"https:\/\/gooddealersmeds.com\/es\/wp-json\/wp\/v2\/product\/1944","targetHints":{"allow":["GET"]}}],"collection":[{"href":"https:\/\/gooddealersmeds.com\/es\/wp-json\/wp\/v2\/product"}],"about":[{"href":"https:\/\/gooddealersmeds.com\/es\/wp-json\/wp\/v2\/types\/product"}],"replies":[{"embeddable":true,"href":"https:\/\/gooddealersmeds.com\/es\/wp-json\/wp\/v2\/comments?post=1944"}],"wp:featuredmedia":[{"embeddable":true,"href":"https:\/\/gooddealersmeds.com\/es\/wp-json\/wp\/v2\/media\/1949"}],"wp:attachment":[{"href":"https:\/\/gooddealersmeds.com\/es\/wp-json\/wp\/v2\/media?parent=1944"}],"wp:term":[{"taxonomy":"product_brand","embeddable":true,"href":"https:\/\/gooddealersmeds.com\/es\/wp-json\/wp\/v2\/product_brand?post=1944"},{"taxonomy":"product_cat","embeddable":true,"href":"https:\/\/gooddealersmeds.com\/es\/wp-json\/wp\/v2\/product_cat?post=1944"},{"taxonomy":"product_tag","embeddable":true,"href":"https:\/\/gooddealersmeds.com\/es\/wp-json\/wp\/v2\/product_tag?post=1944"}],"curies":[{"name":"wp","href":"https:\/\/api.w.org\/{rel}","templated":true}]}}