{"id":1938,"date":"2022-07-03T12:27:31","date_gmt":"2022-07-03T12:27:31","guid":{"rendered":"https:\/\/gooddealersmeds.com\/es\/?post_type=product&#038;p=1938"},"modified":"2023-01-01T21:17:12","modified_gmt":"2023-01-01T21:17:12","slug":"comprar-dexedrina-5mg-pastillas-online","status":"publish","type":"product","link":"https:\/\/gooddealersmeds.com\/es\/product\/comprar-dexedrina-5mg-pastillas-online\/","title":{"rendered":"Compre pastillas de dexedrina de 5 mg en l\u00ednea"},"content":{"rendered":"<h2>Ordene las pastillas de Dexedrine 5mg en l\u00ednea en nuestra tienda<\/h2>\n<p>Dexedrina es un medicamento que se usa para tratar el trastorno por d\u00e9ficit de atenci\u00f3n con hiperactividad (<a href=\"https:\/\/www.drugs.com\/mtm_esp\/dexedrine.html\">TDAH<\/a>) . Es una anfetamina, lo que significa que act\u00faa estimulando el sistema nervioso central. Comprar pastillas de dexedrina<\/p>\n<p>La dexedrina contiene sales de d-anfetamina y se administra por v\u00eda oral o mediante inyecci\u00f3n. Se puede tomar con o sin alimentos. La dosis recomendada para adultos es de 10 mg una vez al d\u00eda, pero algunas personas pueden necesitar m\u00e1s o menos dependiendo de sus necesidades individuales. Sin embargo, debe tenerse en cuenta que puede ser peligroso si se toma en dosis m\u00e1s altas que las prescritas por su m\u00e9dico.<\/p>\n<p>Concerta viene en forma de p\u00edldora y se puede tomar una vez al d\u00eda. Viene en concentraciones que van desde 5 mg a 60 mg por d\u00eda. La dosis recomendada depende de la edad y el peso, pero la mayor\u00eda de los adultos toman 15 mg al d\u00eda o menos.<\/p>\n<p><strong>Por qu\u00e9 comprar Dexedrine \u00bfPastillas de 5 mg en l\u00ednea?<\/strong><\/p>\n<p>Es posible que desee considerar comprar sus medicamentos recetados en l\u00ednea si quiere ahorrar algo de dinero en ellos. Puede obtener descuentos al comprar en l\u00ednea, y es muy f\u00e1cil de hacer. He aqu\u00ed por qu\u00e9:<\/p>\n<ul>\n<li>Comprar medicamentos en l\u00ednea puede reducir dr\u00e1sticamente el precio.<\/li>\n<li>Tiene m\u00e1s opciones que nunca, con farmacias que ofrecen de todo, desde medicamentos gen\u00e9ricos hasta opciones de marca.<\/li>\n<li>La farmacia no requiere que espere en fila durante largos per\u00edodos.<\/li>\n<li>No tiene que preocuparse por ser estafado o ver a alguien que conoce tratando de venderle algo.<\/li>\n<\/ul>\n<h3>\u00bfD\u00f3nde comprar pastillas de dexedrina de 5 mg en l\u00ednea?<\/h3>\n<p>\u00a1Muchas farmacias venden Dexedrine 5mg Pills en l\u00ednea, pero solo si tienen acceso a buenos proveedores de alta calidad! Sin embargo, la buena noticia es que tambi\u00e9n puede comprar <a href=\"https:\/\/gooddealersmeds.com\/es\/product\/buy-dexedrine-5mg-pills-online\/\">Dexedrine 5mg Pills<\/a> en l\u00ednea de Good Dealers Meds.<\/p>\n<p>Se le proporcionar\u00e1n todos los detalles sobre su pedido antes de continuar con el proceso de compra, \u00a1as\u00ed que no tendr\u00e1 que preocuparse por nada!<\/p>\n","protected":false},"excerpt":{"rendered":"<p>Compre pastillas de dexedrina de 5 mg en l\u00ednea sin receta. Ordene dexedrina muy r\u00e1pida y f\u00e1cilmente. \u00a1Nuestro servicio de entrega le proporcionar\u00e1 su pedido de Dextroanfetamina en el menor tiempo posible!<\/p>\n","protected":false},"featured_media":1943,"comment_status":"open","ping_status":"closed","template":"","meta":{"inline_featured_image":false},"product_brand":[],"product_cat":[346],"product_tag":[501,492,495,493,496,491,494,497,498,500,499],"class_list":{"0":"post-1938","1":"product","2":"type-product","3":"status-publish","4":"has-post-thumbnail","6":"product_cat-estimulantes","7":"product_tag-compra-dexedrina-online","8":"product_tag-comprar-dexedrina-5mg-canada","9":"product_tag-comprar-dexedrina-5mg-usa","10":"product_tag-comprar-dexedrina-5mg-online","11":"product_tag-comprar-dexedrina-australia","12":"product_tag-comprar-barato-dexedrina","13":"product_tag-comprar-dexedrina-5mg-tabletas-online","14":"product_tag-dexedrina-5mg-usa","15":"product_tag-dextroamphetamine-5mg-usa","16":"product_tag-ordenar-dexedrina-online","17":"product_tag-dextroanfetamina-5mg-proveedor","19":"first","20":"instock","21":"shipping-taxable","22":"purchasable","23":"product-type-variable","24":"has-default-attributes"},"yoast_head":"<!-- This site is optimized with the Yoast SEO Premium plugin v20.6 (Yoast SEO v27.4) - https:\/\/yoast.com\/product\/yoast-seo-premium-wordpress\/ -->\n<title>Comprar pastillas de dexedrina | Venta de dexedrina | Good Dealers Meds<\/title>\n<meta name=\"description\" content=\"Comprar pastillas de dexedrina 5 mg en l\u00ednea sin receta. \u00a1Ordene dexedrina y obtenga el servicio de entrega en su puerta en el menor tiempo posible!\" \/>\n<meta name=\"robots\" content=\"index, follow, max-snippet:-1, max-image-preview:large, max-video-preview:-1\" \/>\n<link rel=\"canonical\" href=\"https:\/\/gooddealersmeds.com\/es\/product\/comprar-dexedrina-5mg-pastillas-online\/\" \/>\n<meta property=\"og:locale\" content=\"en_US\" \/>\n<meta property=\"og:type\" content=\"article\" \/>\n<meta property=\"og:title\" content=\"Compre pastillas de dexedrina de 5 mg en l\u00ednea\" \/>\n<meta property=\"og:description\" content=\"Comprar pastillas de dexedrina 5 mg en l\u00ednea sin receta. \u00a1Ordene dexedrina y obtenga el servicio de entrega en su puerta en el menor tiempo posible!\" \/>\n<meta property=\"og:url\" content=\"https:\/\/gooddealersmeds.com\/es\/product\/comprar-dexedrina-5mg-pastillas-online\/\" \/>\n<meta property=\"og:site_name\" content=\"Good Dealers Meds\" \/>\n<meta property=\"article:modified_time\" content=\"2023-01-01T21:17:12+00:00\" \/>\n<meta property=\"og:image\" content=\"https:\/\/gooddealersmeds.com\/es\/wp-content\/uploads\/sites\/4\/2022\/07\/Buy-Dexedrine-5mg-Pills-Online.jpg\" \/>\n\t<meta property=\"og:image:width\" content=\"600\" \/>\n\t<meta property=\"og:image:height\" content=\"600\" \/>\n\t<meta property=\"og:image:type\" content=\"image\/jpeg\" \/>\n<meta name=\"twitter:card\" content=\"summary_large_image\" \/>\n<meta name=\"twitter:label1\" content=\"Est. reading time\" \/>\n\t<meta name=\"twitter:data1\" content=\"2 minutes\" \/>\n<script type=\"application\/ld+json\" class=\"yoast-schema-graph\">{\"@context\":\"https:\\\/\\\/schema.org\",\"@graph\":[{\"@type\":\"WebPage\",\"@id\":\"https:\\\/\\\/gooddealersmeds.com\\\/es\\\/product\\\/comprar-dexedrina-5mg-pastillas-online\\\/\",\"url\":\"https:\\\/\\\/gooddealersmeds.com\\\/es\\\/product\\\/comprar-dexedrina-5mg-pastillas-online\\\/\",\"name\":\"Comprar pastillas de dexedrina | Venta de dexedrina | Good Dealers Meds\",\"isPartOf\":{\"@id\":\"https:\\\/\\\/gooddealersmeds.com\\\/es\\\/#website\"},\"primaryImageOfPage\":{\"@id\":\"https:\\\/\\\/gooddealersmeds.com\\\/es\\\/product\\\/comprar-dexedrina-5mg-pastillas-online\\\/#primaryimage\"},\"image\":{\"@id\":\"https:\\\/\\\/gooddealersmeds.com\\\/es\\\/product\\\/comprar-dexedrina-5mg-pastillas-online\\\/#primaryimage\"},\"thumbnailUrl\":\"https:\\\/\\\/gooddealersmeds.com\\\/es\\\/wp-content\\\/uploads\\\/sites\\\/4\\\/2022\\\/07\\\/Buy-Dexedrine-5mg-Pills-Online.jpg\",\"datePublished\":\"2022-07-03T12:27:31+00:00\",\"dateModified\":\"2023-01-01T21:17:12+00:00\",\"description\":\"Comprar pastillas de dexedrina 5 mg en l\u00ednea sin receta. \u00a1Ordene dexedrina y obtenga el servicio de entrega en su puerta en el menor tiempo posible!\",\"breadcrumb\":{\"@id\":\"https:\\\/\\\/gooddealersmeds.com\\\/es\\\/product\\\/comprar-dexedrina-5mg-pastillas-online\\\/#breadcrumb\"},\"inLanguage\":\"en-US\",\"potentialAction\":[{\"@type\":\"ReadAction\",\"target\":[\"https:\\\/\\\/gooddealersmeds.com\\\/es\\\/product\\\/comprar-dexedrina-5mg-pastillas-online\\\/\"]}]},{\"@type\":\"ImageObject\",\"inLanguage\":\"en-US\",\"@id\":\"https:\\\/\\\/gooddealersmeds.com\\\/es\\\/product\\\/comprar-dexedrina-5mg-pastillas-online\\\/#primaryimage\",\"url\":\"https:\\\/\\\/gooddealersmeds.com\\\/es\\\/wp-content\\\/uploads\\\/sites\\\/4\\\/2022\\\/07\\\/Buy-Dexedrine-5mg-Pills-Online.jpg\",\"contentUrl\":\"https:\\\/\\\/gooddealersmeds.com\\\/es\\\/wp-content\\\/uploads\\\/sites\\\/4\\\/2022\\\/07\\\/Buy-Dexedrine-5mg-Pills-Online.jpg\",\"width\":600,\"height\":600,\"caption\":\"Buy Dexedrine 5mg Pills\"},{\"@type\":\"BreadcrumbList\",\"@id\":\"https:\\\/\\\/gooddealersmeds.com\\\/es\\\/product\\\/comprar-dexedrina-5mg-pastillas-online\\\/#breadcrumb\",\"itemListElement\":[{\"@type\":\"ListItem\",\"position\":1,\"name\":\"Home\",\"item\":\"https:\\\/\\\/gooddealersmeds.com\\\/es\\\/\"},{\"@type\":\"ListItem\",\"position\":2,\"name\":\"Productos\",\"item\":\"https:\\\/\\\/gooddealersmeds.com\\\/es\\\/productos\\\/\"},{\"@type\":\"ListItem\",\"position\":3,\"name\":\"Compre pastillas de dexedrina de 5 mg en l\u00ednea\"}]},{\"@type\":\"WebSite\",\"@id\":\"https:\\\/\\\/gooddealersmeds.com\\\/es\\\/#website\",\"url\":\"https:\\\/\\\/gooddealersmeds.com\\\/es\\\/\",\"name\":\"Good Dealers Meds\",\"description\":\"All our best\",\"publisher\":{\"@id\":\"https:\\\/\\\/gooddealersmeds.com\\\/es\\\/#organization\"},\"potentialAction\":[{\"@type\":\"SearchAction\",\"target\":{\"@type\":\"EntryPoint\",\"urlTemplate\":\"https:\\\/\\\/gooddealersmeds.com\\\/es\\\/?s={search_term_string}\"},\"query-input\":{\"@type\":\"PropertyValueSpecification\",\"valueRequired\":true,\"valueName\":\"search_term_string\"}}],\"inLanguage\":\"en-US\"},{\"@type\":\"Organization\",\"@id\":\"https:\\\/\\\/gooddealersmeds.com\\\/es\\\/#organization\",\"name\":\"Good Dealers Meds\",\"url\":\"https:\\\/\\\/gooddealersmeds.com\\\/es\\\/\",\"logo\":{\"@type\":\"ImageObject\",\"inLanguage\":\"en-US\",\"@id\":\"https:\\\/\\\/gooddealersmeds.com\\\/es\\\/#\\\/schema\\\/logo\\\/image\\\/\",\"url\":\"https:\\\/\\\/gooddealersmeds.com\\\/es\\\/wp-content\\\/uploads\\\/sites\\\/4\\\/2022\\\/03\\\/gooddealersmeds__logo__20220317T222800Z.00.png\",\"contentUrl\":\"https:\\\/\\\/gooddealersmeds.com\\\/es\\\/wp-content\\\/uploads\\\/sites\\\/4\\\/2022\\\/03\\\/gooddealersmeds__logo__20220317T222800Z.00.png\",\"width\":500,\"height\":325,\"caption\":\"Good Dealers Meds\"},\"image\":{\"@id\":\"https:\\\/\\\/gooddealersmeds.com\\\/es\\\/#\\\/schema\\\/logo\\\/image\\\/\"}}]}<\/script>\n<!-- \/ Yoast SEO Premium plugin. -->","yoast_head_json":{"title":"Comprar pastillas de dexedrina | Venta de dexedrina | Good Dealers Meds","description":"Comprar pastillas de dexedrina 5 mg en l\u00ednea sin receta. \u00a1Ordene dexedrina y obtenga el servicio de entrega en su puerta en el menor tiempo posible!","robots":{"index":"index","follow":"follow","max-snippet":"max-snippet:-1","max-image-preview":"max-image-preview:large","max-video-preview":"max-video-preview:-1"},"canonical":"https:\/\/gooddealersmeds.com\/es\/product\/comprar-dexedrina-5mg-pastillas-online\/","og_locale":"en_US","og_type":"article","og_title":"Compre pastillas de dexedrina de 5 mg en l\u00ednea","og_description":"Comprar pastillas de dexedrina 5 mg en l\u00ednea sin receta. \u00a1Ordene dexedrina y obtenga el servicio de entrega en su puerta en el menor tiempo posible!","og_url":"https:\/\/gooddealersmeds.com\/es\/product\/comprar-dexedrina-5mg-pastillas-online\/","og_site_name":"Good Dealers Meds","article_modified_time":"2023-01-01T21:17:12+00:00","og_image":[{"width":600,"height":600,"url":"https:\/\/gooddealersmeds.com\/es\/wp-content\/uploads\/sites\/4\/2022\/07\/Buy-Dexedrine-5mg-Pills-Online.jpg","type":"image\/jpeg"}],"twitter_card":"summary_large_image","twitter_misc":{"Est. reading time":"2 minutes"},"schema":{"@context":"https:\/\/schema.org","@graph":[{"@type":"WebPage","@id":"https:\/\/gooddealersmeds.com\/es\/product\/comprar-dexedrina-5mg-pastillas-online\/","url":"https:\/\/gooddealersmeds.com\/es\/product\/comprar-dexedrina-5mg-pastillas-online\/","name":"Comprar pastillas de dexedrina | Venta de dexedrina | Good Dealers Meds","isPartOf":{"@id":"https:\/\/gooddealersmeds.com\/es\/#website"},"primaryImageOfPage":{"@id":"https:\/\/gooddealersmeds.com\/es\/product\/comprar-dexedrina-5mg-pastillas-online\/#primaryimage"},"image":{"@id":"https:\/\/gooddealersmeds.com\/es\/product\/comprar-dexedrina-5mg-pastillas-online\/#primaryimage"},"thumbnailUrl":"https:\/\/gooddealersmeds.com\/es\/wp-content\/uploads\/sites\/4\/2022\/07\/Buy-Dexedrine-5mg-Pills-Online.jpg","datePublished":"2022-07-03T12:27:31+00:00","dateModified":"2023-01-01T21:17:12+00:00","description":"Comprar pastillas de dexedrina 5 mg en l\u00ednea sin receta. \u00a1Ordene dexedrina y obtenga el servicio de entrega en su puerta en el menor tiempo posible!","breadcrumb":{"@id":"https:\/\/gooddealersmeds.com\/es\/product\/comprar-dexedrina-5mg-pastillas-online\/#breadcrumb"},"inLanguage":"en-US","potentialAction":[{"@type":"ReadAction","target":["https:\/\/gooddealersmeds.com\/es\/product\/comprar-dexedrina-5mg-pastillas-online\/"]}]},{"@type":"ImageObject","inLanguage":"en-US","@id":"https:\/\/gooddealersmeds.com\/es\/product\/comprar-dexedrina-5mg-pastillas-online\/#primaryimage","url":"https:\/\/gooddealersmeds.com\/es\/wp-content\/uploads\/sites\/4\/2022\/07\/Buy-Dexedrine-5mg-Pills-Online.jpg","contentUrl":"https:\/\/gooddealersmeds.com\/es\/wp-content\/uploads\/sites\/4\/2022\/07\/Buy-Dexedrine-5mg-Pills-Online.jpg","width":600,"height":600,"caption":"Buy Dexedrine 5mg Pills"},{"@type":"BreadcrumbList","@id":"https:\/\/gooddealersmeds.com\/es\/product\/comprar-dexedrina-5mg-pastillas-online\/#breadcrumb","itemListElement":[{"@type":"ListItem","position":1,"name":"Home","item":"https:\/\/gooddealersmeds.com\/es\/"},{"@type":"ListItem","position":2,"name":"Productos","item":"https:\/\/gooddealersmeds.com\/es\/productos\/"},{"@type":"ListItem","position":3,"name":"Compre pastillas de dexedrina de 5 mg en l\u00ednea"}]},{"@type":"WebSite","@id":"https:\/\/gooddealersmeds.com\/es\/#website","url":"https:\/\/gooddealersmeds.com\/es\/","name":"Good Dealers Meds","description":"All our best","publisher":{"@id":"https:\/\/gooddealersmeds.com\/es\/#organization"},"potentialAction":[{"@type":"SearchAction","target":{"@type":"EntryPoint","urlTemplate":"https:\/\/gooddealersmeds.com\/es\/?s={search_term_string}"},"query-input":{"@type":"PropertyValueSpecification","valueRequired":true,"valueName":"search_term_string"}}],"inLanguage":"en-US"},{"@type":"Organization","@id":"https:\/\/gooddealersmeds.com\/es\/#organization","name":"Good Dealers Meds","url":"https:\/\/gooddealersmeds.com\/es\/","logo":{"@type":"ImageObject","inLanguage":"en-US","@id":"https:\/\/gooddealersmeds.com\/es\/#\/schema\/logo\/image\/","url":"https:\/\/gooddealersmeds.com\/es\/wp-content\/uploads\/sites\/4\/2022\/03\/gooddealersmeds__logo__20220317T222800Z.00.png","contentUrl":"https:\/\/gooddealersmeds.com\/es\/wp-content\/uploads\/sites\/4\/2022\/03\/gooddealersmeds__logo__20220317T222800Z.00.png","width":500,"height":325,"caption":"Good Dealers Meds"},"image":{"@id":"https:\/\/gooddealersmeds.com\/es\/#\/schema\/logo\/image\/"}}]}},"_links":{"self":[{"href":"https:\/\/gooddealersmeds.com\/es\/wp-json\/wp\/v2\/product\/1938","targetHints":{"allow":["GET"]}}],"collection":[{"href":"https:\/\/gooddealersmeds.com\/es\/wp-json\/wp\/v2\/product"}],"about":[{"href":"https:\/\/gooddealersmeds.com\/es\/wp-json\/wp\/v2\/types\/product"}],"replies":[{"embeddable":true,"href":"https:\/\/gooddealersmeds.com\/es\/wp-json\/wp\/v2\/comments?post=1938"}],"wp:featuredmedia":[{"embeddable":true,"href":"https:\/\/gooddealersmeds.com\/es\/wp-json\/wp\/v2\/media\/1943"}],"wp:attachment":[{"href":"https:\/\/gooddealersmeds.com\/es\/wp-json\/wp\/v2\/media?parent=1938"}],"wp:term":[{"taxonomy":"product_brand","embeddable":true,"href":"https:\/\/gooddealersmeds.com\/es\/wp-json\/wp\/v2\/product_brand?post=1938"},{"taxonomy":"product_cat","embeddable":true,"href":"https:\/\/gooddealersmeds.com\/es\/wp-json\/wp\/v2\/product_cat?post=1938"},{"taxonomy":"product_tag","embeddable":true,"href":"https:\/\/gooddealersmeds.com\/es\/wp-json\/wp\/v2\/product_tag?post=1938"}],"curies":[{"name":"wp","href":"https:\/\/api.w.org\/{rel}","templated":true}]}}