{"id":1932,"date":"2022-07-03T12:18:16","date_gmt":"2022-07-03T12:18:16","guid":{"rendered":"https:\/\/gooddealersmeds.com\/es\/?post_type=product&#038;p=1932"},"modified":"2023-01-01T21:34:47","modified_gmt":"2023-01-01T21:34:47","slug":"4-fea-drogas","status":"publish","type":"product","link":"https:\/\/gooddealersmeds.com\/es\/product\/4-fea-drogas\/","title":{"rendered":"Compre medicamentos 4-FEA en l\u00ednea"},"content":{"rendered":"<h2>Compre medicamentos 4-FEA en l\u00ednea<\/h2>\n<p>Los corticosteroides son un grupo de medicamentos utilizados durante a\u00f1os para tratar todo tipo de afecciones, incluidas el asma y las reacciones al\u00e9rgicas. Tambi\u00e9n se usan para tratar el trastorno bipolar y otras afecciones de salud mental. Comprar 4-FEA en l\u00ednea<\/p>\n<p>Pero ahora, una nueva generaci\u00f3n de corticosteroides est\u00e1 disponible, \u00a1y es m\u00e1s segura que nunca! Esta nueva generaci\u00f3n viene en forma de <a href=\"https:\/\/gooddealersmeds.com\/es\/product\/4-fea-drugs\/\">drogas 4-FEA<\/a>. Estos medicamentos est\u00e1n dise\u00f1ados para ser m\u00e1s suaves para su cuerpo que otros corticosteroides tradicionales, por lo que puede usarlos sin preocuparse por los efectos secundarios.<\/p>\n<p><strong>Se pregunta, \u00bfC\u00f3mo funcionan los medicamentos 4-FEA?<\/strong><\/p>\n<p>4-FEA funcionan al reducir la inflamaci\u00f3n en su cuerpo. Tambi\u00e9n reducen la hinchaz\u00f3n y ayudan a su sistema inmunol\u00f3gico a combatir las infecciones. Debido a que no tienen los mismos efectos secundarios que otras opciones de tratamiento con medicamentos, son perfectos para las personas que desean algo que funcione r\u00e1pidamente sin causar dolor ni molestias.<\/p>\n<p>&nbsp;<\/p>\n<p><strong>\u00bfPor qu\u00e9 pedir medicamentos 4-FEA en l\u00ednea?<\/strong><\/p>\n<p>No existen riesgos asociados con la compra de medicamentos 4-FEA en l\u00ednea que puedan existir cuando c\u00f3mprelos en persona.<\/p>\n<p>Comprar medicamentos 4-FEA en l\u00ednea puede ser m\u00e1s econ\u00f3mico que comprarlos en una oficina o farmacia. Cuando compare los precios de los medicamentos 4-FEA, aseg\u00farese de comparar diferentes sitios web y vea lo que tienen para ofrecer.<\/p>\n<p>Cuando compra medicamentos 4-FEA en l\u00ednea, puede acceder a todos sus medicamentos a la vez. Especialmente si tiene problemas para recordar cu\u00e1ndo vencen sus recetas, ya no tiene que visitar varias farmacias para obtener su medicamento.<\/p>\n<p>&nbsp;<\/p>\n<p><strong>\u00bfD\u00f3nde ir para comprar medicamentos 4-FEA en l\u00ednea?<\/strong><\/p>\n<p>Puede comprar 4-FEA en l\u00ednea en Good Dealers Meds a precios asequibles. Te ofrecemos los mejores precios para realizar tu compra y nos encargamos de todo lo que te gustar\u00eda ver en tu compra de medicamentos online: calidad, comodidad y privacidad, por ejemplo.<\/p>\n","protected":false},"excerpt":{"rendered":"<p>Compre medicamentos 4-FEA en l\u00ednea es una droga estimulante relacionada con la metanfetamina y la 4-fluoroanfetamina. Se ha informado que se vende como droga de dise\u00f1o, pero se sabe poco sobre su farmacolog\u00eda o toxicolog\u00eda.<\/p>\n","protected":false},"featured_media":1937,"comment_status":"open","ping_status":"closed","template":"","meta":{"inline_featured_image":false},"product_brand":[],"product_cat":[344],"product_tag":[],"class_list":{"0":"post-1932","1":"product","2":"type-product","3":"status-publish","4":"has-post-thumbnail","6":"product_cat-productos-qumicos-de-investigacin","8":"first","9":"instock","10":"shipping-taxable","11":"purchasable","12":"product-type-variable","13":"has-default-attributes"},"yoast_head":"<!-- This site is optimized with the Yoast SEO Premium plugin v20.6 (Yoast SEO v27.3) - https:\/\/yoast.com\/product\/yoast-seo-premium-wordpress\/ -->\n<title>Comprar 4-FEA en l\u00ednea | Calidad de pedido 4-FEA | Good Dealers Meds<\/title>\n<meta name=\"description\" content=\"Comprar 4-FEA en l\u00ednea es un medicamento estimulante relacionado con la metanfetamina y la 4-fluoroanfetamina de Good Dealers Meds. Venta de medicamentos 4-FEA\" \/>\n<meta name=\"robots\" content=\"index, follow, max-snippet:-1, max-image-preview:large, max-video-preview:-1\" \/>\n<link rel=\"canonical\" href=\"https:\/\/gooddealersmeds.com\/es\/product\/4-fea-drogas\/\" \/>\n<meta property=\"og:locale\" content=\"en_US\" \/>\n<meta property=\"og:type\" content=\"article\" \/>\n<meta property=\"og:title\" content=\"Compre medicamentos 4-FEA en l\u00ednea\" \/>\n<meta property=\"og:description\" content=\"Comprar 4-FEA en l\u00ednea es un medicamento estimulante relacionado con la metanfetamina y la 4-fluoroanfetamina de Good Dealers Meds. Venta de medicamentos 4-FEA\" \/>\n<meta property=\"og:url\" content=\"https:\/\/gooddealersmeds.com\/es\/product\/4-fea-drogas\/\" \/>\n<meta property=\"og:site_name\" content=\"Good Dealers Meds\" \/>\n<meta property=\"article:modified_time\" content=\"2023-01-01T21:34:47+00:00\" \/>\n<meta property=\"og:image\" content=\"https:\/\/gooddealersmeds.com\/es\/wp-content\/uploads\/sites\/4\/2022\/07\/4-FEA-Drugs.jpg\" \/>\n\t<meta property=\"og:image:width\" content=\"600\" \/>\n\t<meta property=\"og:image:height\" content=\"600\" \/>\n\t<meta property=\"og:image:type\" content=\"image\/jpeg\" \/>\n<meta name=\"twitter:card\" content=\"summary_large_image\" \/>\n<meta name=\"twitter:label1\" content=\"Est. reading time\" \/>\n\t<meta name=\"twitter:data1\" content=\"2 minutes\" \/>\n<script type=\"application\/ld+json\" class=\"yoast-schema-graph\">{\"@context\":\"https:\\\/\\\/schema.org\",\"@graph\":[{\"@type\":\"WebPage\",\"@id\":\"https:\\\/\\\/gooddealersmeds.com\\\/es\\\/product\\\/4-fea-drogas\\\/\",\"url\":\"https:\\\/\\\/gooddealersmeds.com\\\/es\\\/product\\\/4-fea-drogas\\\/\",\"name\":\"Comprar 4-FEA en l\u00ednea | Calidad de pedido 4-FEA | Good Dealers Meds\",\"isPartOf\":{\"@id\":\"https:\\\/\\\/gooddealersmeds.com\\\/es\\\/#website\"},\"primaryImageOfPage\":{\"@id\":\"https:\\\/\\\/gooddealersmeds.com\\\/es\\\/product\\\/4-fea-drogas\\\/#primaryimage\"},\"image\":{\"@id\":\"https:\\\/\\\/gooddealersmeds.com\\\/es\\\/product\\\/4-fea-drogas\\\/#primaryimage\"},\"thumbnailUrl\":\"https:\\\/\\\/gooddealersmeds.com\\\/es\\\/wp-content\\\/uploads\\\/sites\\\/4\\\/2022\\\/07\\\/4-FEA-Drugs.jpg\",\"datePublished\":\"2022-07-03T12:18:16+00:00\",\"dateModified\":\"2023-01-01T21:34:47+00:00\",\"description\":\"Comprar 4-FEA en l\u00ednea es un medicamento estimulante relacionado con la metanfetamina y la 4-fluoroanfetamina de Good Dealers Meds. Venta de medicamentos 4-FEA\",\"breadcrumb\":{\"@id\":\"https:\\\/\\\/gooddealersmeds.com\\\/es\\\/product\\\/4-fea-drogas\\\/#breadcrumb\"},\"inLanguage\":\"en-US\",\"potentialAction\":[{\"@type\":\"ReadAction\",\"target\":[\"https:\\\/\\\/gooddealersmeds.com\\\/es\\\/product\\\/4-fea-drogas\\\/\"]}]},{\"@type\":\"ImageObject\",\"inLanguage\":\"en-US\",\"@id\":\"https:\\\/\\\/gooddealersmeds.com\\\/es\\\/product\\\/4-fea-drogas\\\/#primaryimage\",\"url\":\"https:\\\/\\\/gooddealersmeds.com\\\/es\\\/wp-content\\\/uploads\\\/sites\\\/4\\\/2022\\\/07\\\/4-FEA-Drugs.jpg\",\"contentUrl\":\"https:\\\/\\\/gooddealersmeds.com\\\/es\\\/wp-content\\\/uploads\\\/sites\\\/4\\\/2022\\\/07\\\/4-FEA-Drugs.jpg\",\"width\":600,\"height\":600,\"caption\":\"4-FEA Drugs\"},{\"@type\":\"BreadcrumbList\",\"@id\":\"https:\\\/\\\/gooddealersmeds.com\\\/es\\\/product\\\/4-fea-drogas\\\/#breadcrumb\",\"itemListElement\":[{\"@type\":\"ListItem\",\"position\":1,\"name\":\"Home\",\"item\":\"https:\\\/\\\/gooddealersmeds.com\\\/es\\\/\"},{\"@type\":\"ListItem\",\"position\":2,\"name\":\"Productos\",\"item\":\"https:\\\/\\\/gooddealersmeds.com\\\/es\\\/productos\\\/\"},{\"@type\":\"ListItem\",\"position\":3,\"name\":\"Compre medicamentos 4-FEA en l\u00ednea\"}]},{\"@type\":\"WebSite\",\"@id\":\"https:\\\/\\\/gooddealersmeds.com\\\/es\\\/#website\",\"url\":\"https:\\\/\\\/gooddealersmeds.com\\\/es\\\/\",\"name\":\"Good Dealers Meds\",\"description\":\"All our best\",\"publisher\":{\"@id\":\"https:\\\/\\\/gooddealersmeds.com\\\/es\\\/#organization\"},\"potentialAction\":[{\"@type\":\"SearchAction\",\"target\":{\"@type\":\"EntryPoint\",\"urlTemplate\":\"https:\\\/\\\/gooddealersmeds.com\\\/es\\\/?s={search_term_string}\"},\"query-input\":{\"@type\":\"PropertyValueSpecification\",\"valueRequired\":true,\"valueName\":\"search_term_string\"}}],\"inLanguage\":\"en-US\"},{\"@type\":\"Organization\",\"@id\":\"https:\\\/\\\/gooddealersmeds.com\\\/es\\\/#organization\",\"name\":\"Good Dealers Meds\",\"url\":\"https:\\\/\\\/gooddealersmeds.com\\\/es\\\/\",\"logo\":{\"@type\":\"ImageObject\",\"inLanguage\":\"en-US\",\"@id\":\"https:\\\/\\\/gooddealersmeds.com\\\/es\\\/#\\\/schema\\\/logo\\\/image\\\/\",\"url\":\"https:\\\/\\\/gooddealersmeds.com\\\/es\\\/wp-content\\\/uploads\\\/sites\\\/4\\\/2022\\\/03\\\/gooddealersmeds__logo__20220317T222800Z.00.png\",\"contentUrl\":\"https:\\\/\\\/gooddealersmeds.com\\\/es\\\/wp-content\\\/uploads\\\/sites\\\/4\\\/2022\\\/03\\\/gooddealersmeds__logo__20220317T222800Z.00.png\",\"width\":500,\"height\":325,\"caption\":\"Good Dealers Meds\"},\"image\":{\"@id\":\"https:\\\/\\\/gooddealersmeds.com\\\/es\\\/#\\\/schema\\\/logo\\\/image\\\/\"}}]}<\/script>\n<!-- \/ Yoast SEO Premium plugin. -->","yoast_head_json":{"title":"Comprar 4-FEA en l\u00ednea | Calidad de pedido 4-FEA | Good Dealers Meds","description":"Comprar 4-FEA en l\u00ednea es un medicamento estimulante relacionado con la metanfetamina y la 4-fluoroanfetamina de Good Dealers Meds. Venta de medicamentos 4-FEA","robots":{"index":"index","follow":"follow","max-snippet":"max-snippet:-1","max-image-preview":"max-image-preview:large","max-video-preview":"max-video-preview:-1"},"canonical":"https:\/\/gooddealersmeds.com\/es\/product\/4-fea-drogas\/","og_locale":"en_US","og_type":"article","og_title":"Compre medicamentos 4-FEA en l\u00ednea","og_description":"Comprar 4-FEA en l\u00ednea es un medicamento estimulante relacionado con la metanfetamina y la 4-fluoroanfetamina de Good Dealers Meds. Venta de medicamentos 4-FEA","og_url":"https:\/\/gooddealersmeds.com\/es\/product\/4-fea-drogas\/","og_site_name":"Good Dealers Meds","article_modified_time":"2023-01-01T21:34:47+00:00","og_image":[{"width":600,"height":600,"url":"https:\/\/gooddealersmeds.com\/es\/wp-content\/uploads\/sites\/4\/2022\/07\/4-FEA-Drugs.jpg","type":"image\/jpeg"}],"twitter_card":"summary_large_image","twitter_misc":{"Est. reading time":"2 minutes"},"schema":{"@context":"https:\/\/schema.org","@graph":[{"@type":"WebPage","@id":"https:\/\/gooddealersmeds.com\/es\/product\/4-fea-drogas\/","url":"https:\/\/gooddealersmeds.com\/es\/product\/4-fea-drogas\/","name":"Comprar 4-FEA en l\u00ednea | Calidad de pedido 4-FEA | Good Dealers Meds","isPartOf":{"@id":"https:\/\/gooddealersmeds.com\/es\/#website"},"primaryImageOfPage":{"@id":"https:\/\/gooddealersmeds.com\/es\/product\/4-fea-drogas\/#primaryimage"},"image":{"@id":"https:\/\/gooddealersmeds.com\/es\/product\/4-fea-drogas\/#primaryimage"},"thumbnailUrl":"https:\/\/gooddealersmeds.com\/es\/wp-content\/uploads\/sites\/4\/2022\/07\/4-FEA-Drugs.jpg","datePublished":"2022-07-03T12:18:16+00:00","dateModified":"2023-01-01T21:34:47+00:00","description":"Comprar 4-FEA en l\u00ednea es un medicamento estimulante relacionado con la metanfetamina y la 4-fluoroanfetamina de Good Dealers Meds. Venta de medicamentos 4-FEA","breadcrumb":{"@id":"https:\/\/gooddealersmeds.com\/es\/product\/4-fea-drogas\/#breadcrumb"},"inLanguage":"en-US","potentialAction":[{"@type":"ReadAction","target":["https:\/\/gooddealersmeds.com\/es\/product\/4-fea-drogas\/"]}]},{"@type":"ImageObject","inLanguage":"en-US","@id":"https:\/\/gooddealersmeds.com\/es\/product\/4-fea-drogas\/#primaryimage","url":"https:\/\/gooddealersmeds.com\/es\/wp-content\/uploads\/sites\/4\/2022\/07\/4-FEA-Drugs.jpg","contentUrl":"https:\/\/gooddealersmeds.com\/es\/wp-content\/uploads\/sites\/4\/2022\/07\/4-FEA-Drugs.jpg","width":600,"height":600,"caption":"4-FEA Drugs"},{"@type":"BreadcrumbList","@id":"https:\/\/gooddealersmeds.com\/es\/product\/4-fea-drogas\/#breadcrumb","itemListElement":[{"@type":"ListItem","position":1,"name":"Home","item":"https:\/\/gooddealersmeds.com\/es\/"},{"@type":"ListItem","position":2,"name":"Productos","item":"https:\/\/gooddealersmeds.com\/es\/productos\/"},{"@type":"ListItem","position":3,"name":"Compre medicamentos 4-FEA en l\u00ednea"}]},{"@type":"WebSite","@id":"https:\/\/gooddealersmeds.com\/es\/#website","url":"https:\/\/gooddealersmeds.com\/es\/","name":"Good Dealers Meds","description":"All our best","publisher":{"@id":"https:\/\/gooddealersmeds.com\/es\/#organization"},"potentialAction":[{"@type":"SearchAction","target":{"@type":"EntryPoint","urlTemplate":"https:\/\/gooddealersmeds.com\/es\/?s={search_term_string}"},"query-input":{"@type":"PropertyValueSpecification","valueRequired":true,"valueName":"search_term_string"}}],"inLanguage":"en-US"},{"@type":"Organization","@id":"https:\/\/gooddealersmeds.com\/es\/#organization","name":"Good Dealers Meds","url":"https:\/\/gooddealersmeds.com\/es\/","logo":{"@type":"ImageObject","inLanguage":"en-US","@id":"https:\/\/gooddealersmeds.com\/es\/#\/schema\/logo\/image\/","url":"https:\/\/gooddealersmeds.com\/es\/wp-content\/uploads\/sites\/4\/2022\/03\/gooddealersmeds__logo__20220317T222800Z.00.png","contentUrl":"https:\/\/gooddealersmeds.com\/es\/wp-content\/uploads\/sites\/4\/2022\/03\/gooddealersmeds__logo__20220317T222800Z.00.png","width":500,"height":325,"caption":"Good Dealers Meds"},"image":{"@id":"https:\/\/gooddealersmeds.com\/es\/#\/schema\/logo\/image\/"}}]}},"_links":{"self":[{"href":"https:\/\/gooddealersmeds.com\/es\/wp-json\/wp\/v2\/product\/1932","targetHints":{"allow":["GET"]}}],"collection":[{"href":"https:\/\/gooddealersmeds.com\/es\/wp-json\/wp\/v2\/product"}],"about":[{"href":"https:\/\/gooddealersmeds.com\/es\/wp-json\/wp\/v2\/types\/product"}],"replies":[{"embeddable":true,"href":"https:\/\/gooddealersmeds.com\/es\/wp-json\/wp\/v2\/comments?post=1932"}],"wp:featuredmedia":[{"embeddable":true,"href":"https:\/\/gooddealersmeds.com\/es\/wp-json\/wp\/v2\/media\/1937"}],"wp:attachment":[{"href":"https:\/\/gooddealersmeds.com\/es\/wp-json\/wp\/v2\/media?parent=1932"}],"wp:term":[{"taxonomy":"product_brand","embeddable":true,"href":"https:\/\/gooddealersmeds.com\/es\/wp-json\/wp\/v2\/product_brand?post=1932"},{"taxonomy":"product_cat","embeddable":true,"href":"https:\/\/gooddealersmeds.com\/es\/wp-json\/wp\/v2\/product_cat?post=1932"},{"taxonomy":"product_tag","embeddable":true,"href":"https:\/\/gooddealersmeds.com\/es\/wp-json\/wp\/v2\/product_tag?post=1932"}],"curies":[{"name":"wp","href":"https:\/\/api.w.org\/{rel}","templated":true}]}}