{"id":1925,"date":"2022-07-03T12:14:01","date_gmt":"2022-07-03T12:14:01","guid":{"rendered":"https:\/\/gooddealersmeds.com\/es\/?post_type=product&#038;p=1925"},"modified":"2023-01-01T21:58:16","modified_gmt":"2023-01-01T21:58:16","slug":"2-oxo-pce-drogas","status":"publish","type":"product","link":"https:\/\/gooddealersmeds.com\/es\/product\/2-oxo-pce-drogas\/","title":{"rendered":"Ordene  Medicamentos 2 Oxo Pce"},"content":{"rendered":"<h2>2 Oxo Pce Medicamentos a la venta en l\u00ednea<\/h2>\n<p>Compre medicamentos 2 Oxo Pce: los medicamentos Oxo Pce son un tipo de medicamento que se puede usar para tratar el nivel bajo de az\u00facar en la sangre. Act\u00faan ayudando al p\u00e1ncreas a producir las hormonas insulina y glucag\u00f3n, que ayudan a mantener estables los niveles de az\u00facar en la sangre. Compra 2 Oxo PCE<\/p>\n<p>A diferencia de la mayor\u00eda de los otros antiinflamatorios, Oxo-Pce funciona en m\u00e1s de un tipo de inflamaci\u00f3n. Ayudar\u00e1 con la artritis reumatoide, la osteoartritis y otras enfermedades inflamatorias como la psoriasis y la gota.<\/p>\n<p>El medicamento tambi\u00e9n ha demostrado ser eficaz para reducir la rigidez matinal causada por la osteoartritis y la artritis reumatoide (AR). Esto ayuda a las personas a levantarse y funcionar normalmente durante el d\u00eda sin tener que preocuparse por la rigidez de las articulaciones que dificulta moverse o realizar tareas b\u00e1sicas como levantarse de la cama todas las ma\u00f1anas.<\/p>\n<p>&nbsp;<\/p>\n<p><strong>\u00bfPor qu\u00e9 comprar medicamentos 2 Oxo Pce en l\u00ednea?<\/strong><\/p>\n<p>Las principales razones para comprar medicamentos 2 Oxo Pce en l\u00ednea pueden ser tres:<\/p>\n<ul>\n<li>Conveniencia<\/li>\n<li>Privacidad<\/li>\n<li>Calidad<\/li>\n<\/ul>\n<p>Si desea disfrutar de la mejor combinaci\u00f3n de estos tres componentes en su compra, debe comprar en l\u00ednea .<\/p>\n<p>&nbsp;<\/p>\n<p><strong>El mejor lugar para ordenar\u00a0 medicamentos 2 Oxo Pce en l\u00ednea<\/strong><\/p>\n<p><a href=\"https:\/\/gooddealersmeds.com\/es\/product\/2-oxo-pce-drugs\/\">Good Dealers Meds<\/a> es el mejor lugar para la venta de Medicamentos 2 Oxo Pce en l\u00ednea. Vendemos una gran variedad de diferentes tipos de medicamentos, incluyendo Medicamentos 2 Oxo Pce, por lo que puede estar seguro de encontrar lo que necesita. Si est\u00e1 buscando una manera f\u00e1cil de cuidar sus s\u00edntomas de artritis sin gastar un brazo y una pierna todos los meses en medicamentos recetados, \u00a1los medicamentos 2 Oxo Pce podr\u00edan ser adecuados para usted!<\/p>\n","protected":false},"excerpt":{"rendered":"<p>Compre medicamentos 2\u2032-OXO-PCE en l\u00ednea con productos qu\u00edmicos de investigaci\u00f3n de alta calidad. Puede comprar 2\u2032-Oxo-PCE (eticiclidona, O-PCE) en l\u00ednea a precio mayorista del proveedor de confianza Virgin Health Pharmacy.<\/p>\n","protected":false},"featured_media":1931,"comment_status":"open","ping_status":"closed","template":"","meta":{"inline_featured_image":false},"product_brand":[],"product_cat":[344],"product_tag":[],"class_list":{"0":"post-1925","1":"product","2":"type-product","3":"status-publish","4":"has-post-thumbnail","6":"product_cat-productos-qumicos-de-investigacin","8":"first","9":"instock","10":"shipping-taxable","11":"purchasable","12":"product-type-variable","13":"has-default-attributes"},"yoast_head":"<!-- This site is optimized with the Yoast SEO Premium plugin v20.6 (Yoast SEO v27.3) - https:\/\/yoast.com\/product\/yoast-seo-premium-wordpress\/ -->\n<title>Compra 2 Oxo PCE en l\u00ednea | 2 Oxo Pce a la venta | Good Dealers Meds<\/title>\n<meta name=\"description\" content=\"Compra 2 Oxo PCE en l\u00ednea (tambi\u00e9n conocidos como eticiclidona) a precio mayorista de proveedores confiables con la m\u00e1s alta pureza.\" \/>\n<meta name=\"robots\" content=\"index, follow, max-snippet:-1, max-image-preview:large, max-video-preview:-1\" \/>\n<link rel=\"canonical\" href=\"https:\/\/gooddealersmeds.com\/es\/product\/2-oxo-pce-drogas\/\" \/>\n<meta property=\"og:locale\" content=\"en_US\" \/>\n<meta property=\"og:type\" content=\"article\" \/>\n<meta property=\"og:title\" content=\"Ordene Medicamentos 2 Oxo Pce\" \/>\n<meta property=\"og:description\" content=\"Compra 2 Oxo PCE en l\u00ednea (tambi\u00e9n conocidos como eticiclidona) a precio mayorista de proveedores confiables con la m\u00e1s alta pureza.\" \/>\n<meta property=\"og:url\" content=\"https:\/\/gooddealersmeds.com\/es\/product\/2-oxo-pce-drogas\/\" \/>\n<meta property=\"og:site_name\" content=\"Good Dealers Meds\" \/>\n<meta property=\"article:modified_time\" content=\"2023-01-01T21:58:16+00:00\" \/>\n<meta property=\"og:image\" content=\"https:\/\/gooddealersmeds.com\/es\/wp-content\/uploads\/sites\/4\/2022\/07\/2-Oxo-Pce-Drugs.jpg\" \/>\n\t<meta property=\"og:image:width\" content=\"600\" \/>\n\t<meta property=\"og:image:height\" content=\"600\" \/>\n\t<meta property=\"og:image:type\" content=\"image\/jpeg\" \/>\n<meta name=\"twitter:card\" content=\"summary_large_image\" \/>\n<meta name=\"twitter:label1\" content=\"Est. reading time\" \/>\n\t<meta name=\"twitter:data1\" content=\"2 minutes\" \/>\n<script type=\"application\/ld+json\" class=\"yoast-schema-graph\">{\"@context\":\"https:\\\/\\\/schema.org\",\"@graph\":[{\"@type\":\"WebPage\",\"@id\":\"https:\\\/\\\/gooddealersmeds.com\\\/es\\\/product\\\/2-oxo-pce-drogas\\\/\",\"url\":\"https:\\\/\\\/gooddealersmeds.com\\\/es\\\/product\\\/2-oxo-pce-drogas\\\/\",\"name\":\"Compra 2 Oxo PCE en l\u00ednea | 2 Oxo Pce a la venta | Good Dealers Meds\",\"isPartOf\":{\"@id\":\"https:\\\/\\\/gooddealersmeds.com\\\/es\\\/#website\"},\"primaryImageOfPage\":{\"@id\":\"https:\\\/\\\/gooddealersmeds.com\\\/es\\\/product\\\/2-oxo-pce-drogas\\\/#primaryimage\"},\"image\":{\"@id\":\"https:\\\/\\\/gooddealersmeds.com\\\/es\\\/product\\\/2-oxo-pce-drogas\\\/#primaryimage\"},\"thumbnailUrl\":\"https:\\\/\\\/gooddealersmeds.com\\\/es\\\/wp-content\\\/uploads\\\/sites\\\/4\\\/2022\\\/07\\\/2-Oxo-Pce-Drugs.jpg\",\"datePublished\":\"2022-07-03T12:14:01+00:00\",\"dateModified\":\"2023-01-01T21:58:16+00:00\",\"description\":\"Compra 2 Oxo PCE en l\u00ednea (tambi\u00e9n conocidos como eticiclidona) a precio mayorista de proveedores confiables con la m\u00e1s alta pureza.\",\"breadcrumb\":{\"@id\":\"https:\\\/\\\/gooddealersmeds.com\\\/es\\\/product\\\/2-oxo-pce-drogas\\\/#breadcrumb\"},\"inLanguage\":\"en-US\",\"potentialAction\":[{\"@type\":\"ReadAction\",\"target\":[\"https:\\\/\\\/gooddealersmeds.com\\\/es\\\/product\\\/2-oxo-pce-drogas\\\/\"]}]},{\"@type\":\"ImageObject\",\"inLanguage\":\"en-US\",\"@id\":\"https:\\\/\\\/gooddealersmeds.com\\\/es\\\/product\\\/2-oxo-pce-drogas\\\/#primaryimage\",\"url\":\"https:\\\/\\\/gooddealersmeds.com\\\/es\\\/wp-content\\\/uploads\\\/sites\\\/4\\\/2022\\\/07\\\/2-Oxo-Pce-Drugs.jpg\",\"contentUrl\":\"https:\\\/\\\/gooddealersmeds.com\\\/es\\\/wp-content\\\/uploads\\\/sites\\\/4\\\/2022\\\/07\\\/2-Oxo-Pce-Drugs.jpg\",\"width\":600,\"height\":600,\"caption\":\"Buy 2 Oxo Pce Drugs Online\"},{\"@type\":\"BreadcrumbList\",\"@id\":\"https:\\\/\\\/gooddealersmeds.com\\\/es\\\/product\\\/2-oxo-pce-drogas\\\/#breadcrumb\",\"itemListElement\":[{\"@type\":\"ListItem\",\"position\":1,\"name\":\"Home\",\"item\":\"https:\\\/\\\/gooddealersmeds.com\\\/es\\\/\"},{\"@type\":\"ListItem\",\"position\":2,\"name\":\"Productos\",\"item\":\"https:\\\/\\\/gooddealersmeds.com\\\/es\\\/productos\\\/\"},{\"@type\":\"ListItem\",\"position\":3,\"name\":\"Ordene Medicamentos 2 Oxo Pce\"}]},{\"@type\":\"WebSite\",\"@id\":\"https:\\\/\\\/gooddealersmeds.com\\\/es\\\/#website\",\"url\":\"https:\\\/\\\/gooddealersmeds.com\\\/es\\\/\",\"name\":\"Good Dealers Meds\",\"description\":\"All our best\",\"publisher\":{\"@id\":\"https:\\\/\\\/gooddealersmeds.com\\\/es\\\/#organization\"},\"potentialAction\":[{\"@type\":\"SearchAction\",\"target\":{\"@type\":\"EntryPoint\",\"urlTemplate\":\"https:\\\/\\\/gooddealersmeds.com\\\/es\\\/?s={search_term_string}\"},\"query-input\":{\"@type\":\"PropertyValueSpecification\",\"valueRequired\":true,\"valueName\":\"search_term_string\"}}],\"inLanguage\":\"en-US\"},{\"@type\":\"Organization\",\"@id\":\"https:\\\/\\\/gooddealersmeds.com\\\/es\\\/#organization\",\"name\":\"Good Dealers Meds\",\"url\":\"https:\\\/\\\/gooddealersmeds.com\\\/es\\\/\",\"logo\":{\"@type\":\"ImageObject\",\"inLanguage\":\"en-US\",\"@id\":\"https:\\\/\\\/gooddealersmeds.com\\\/es\\\/#\\\/schema\\\/logo\\\/image\\\/\",\"url\":\"https:\\\/\\\/gooddealersmeds.com\\\/es\\\/wp-content\\\/uploads\\\/sites\\\/4\\\/2022\\\/03\\\/gooddealersmeds__logo__20220317T222800Z.00.png\",\"contentUrl\":\"https:\\\/\\\/gooddealersmeds.com\\\/es\\\/wp-content\\\/uploads\\\/sites\\\/4\\\/2022\\\/03\\\/gooddealersmeds__logo__20220317T222800Z.00.png\",\"width\":500,\"height\":325,\"caption\":\"Good Dealers Meds\"},\"image\":{\"@id\":\"https:\\\/\\\/gooddealersmeds.com\\\/es\\\/#\\\/schema\\\/logo\\\/image\\\/\"}}]}<\/script>\n<!-- \/ Yoast SEO Premium plugin. -->","yoast_head_json":{"title":"Compra 2 Oxo PCE en l\u00ednea | 2 Oxo Pce a la venta | Good Dealers Meds","description":"Compra 2 Oxo PCE en l\u00ednea (tambi\u00e9n conocidos como eticiclidona) a precio mayorista de proveedores confiables con la m\u00e1s alta pureza.","robots":{"index":"index","follow":"follow","max-snippet":"max-snippet:-1","max-image-preview":"max-image-preview:large","max-video-preview":"max-video-preview:-1"},"canonical":"https:\/\/gooddealersmeds.com\/es\/product\/2-oxo-pce-drogas\/","og_locale":"en_US","og_type":"article","og_title":"Ordene Medicamentos 2 Oxo Pce","og_description":"Compra 2 Oxo PCE en l\u00ednea (tambi\u00e9n conocidos como eticiclidona) a precio mayorista de proveedores confiables con la m\u00e1s alta pureza.","og_url":"https:\/\/gooddealersmeds.com\/es\/product\/2-oxo-pce-drogas\/","og_site_name":"Good Dealers Meds","article_modified_time":"2023-01-01T21:58:16+00:00","og_image":[{"width":600,"height":600,"url":"https:\/\/gooddealersmeds.com\/es\/wp-content\/uploads\/sites\/4\/2022\/07\/2-Oxo-Pce-Drugs.jpg","type":"image\/jpeg"}],"twitter_card":"summary_large_image","twitter_misc":{"Est. reading time":"2 minutes"},"schema":{"@context":"https:\/\/schema.org","@graph":[{"@type":"WebPage","@id":"https:\/\/gooddealersmeds.com\/es\/product\/2-oxo-pce-drogas\/","url":"https:\/\/gooddealersmeds.com\/es\/product\/2-oxo-pce-drogas\/","name":"Compra 2 Oxo PCE en l\u00ednea | 2 Oxo Pce a la venta | Good Dealers Meds","isPartOf":{"@id":"https:\/\/gooddealersmeds.com\/es\/#website"},"primaryImageOfPage":{"@id":"https:\/\/gooddealersmeds.com\/es\/product\/2-oxo-pce-drogas\/#primaryimage"},"image":{"@id":"https:\/\/gooddealersmeds.com\/es\/product\/2-oxo-pce-drogas\/#primaryimage"},"thumbnailUrl":"https:\/\/gooddealersmeds.com\/es\/wp-content\/uploads\/sites\/4\/2022\/07\/2-Oxo-Pce-Drugs.jpg","datePublished":"2022-07-03T12:14:01+00:00","dateModified":"2023-01-01T21:58:16+00:00","description":"Compra 2 Oxo PCE en l\u00ednea (tambi\u00e9n conocidos como eticiclidona) a precio mayorista de proveedores confiables con la m\u00e1s alta pureza.","breadcrumb":{"@id":"https:\/\/gooddealersmeds.com\/es\/product\/2-oxo-pce-drogas\/#breadcrumb"},"inLanguage":"en-US","potentialAction":[{"@type":"ReadAction","target":["https:\/\/gooddealersmeds.com\/es\/product\/2-oxo-pce-drogas\/"]}]},{"@type":"ImageObject","inLanguage":"en-US","@id":"https:\/\/gooddealersmeds.com\/es\/product\/2-oxo-pce-drogas\/#primaryimage","url":"https:\/\/gooddealersmeds.com\/es\/wp-content\/uploads\/sites\/4\/2022\/07\/2-Oxo-Pce-Drugs.jpg","contentUrl":"https:\/\/gooddealersmeds.com\/es\/wp-content\/uploads\/sites\/4\/2022\/07\/2-Oxo-Pce-Drugs.jpg","width":600,"height":600,"caption":"Buy 2 Oxo Pce Drugs Online"},{"@type":"BreadcrumbList","@id":"https:\/\/gooddealersmeds.com\/es\/product\/2-oxo-pce-drogas\/#breadcrumb","itemListElement":[{"@type":"ListItem","position":1,"name":"Home","item":"https:\/\/gooddealersmeds.com\/es\/"},{"@type":"ListItem","position":2,"name":"Productos","item":"https:\/\/gooddealersmeds.com\/es\/productos\/"},{"@type":"ListItem","position":3,"name":"Ordene Medicamentos 2 Oxo Pce"}]},{"@type":"WebSite","@id":"https:\/\/gooddealersmeds.com\/es\/#website","url":"https:\/\/gooddealersmeds.com\/es\/","name":"Good Dealers Meds","description":"All our best","publisher":{"@id":"https:\/\/gooddealersmeds.com\/es\/#organization"},"potentialAction":[{"@type":"SearchAction","target":{"@type":"EntryPoint","urlTemplate":"https:\/\/gooddealersmeds.com\/es\/?s={search_term_string}"},"query-input":{"@type":"PropertyValueSpecification","valueRequired":true,"valueName":"search_term_string"}}],"inLanguage":"en-US"},{"@type":"Organization","@id":"https:\/\/gooddealersmeds.com\/es\/#organization","name":"Good Dealers Meds","url":"https:\/\/gooddealersmeds.com\/es\/","logo":{"@type":"ImageObject","inLanguage":"en-US","@id":"https:\/\/gooddealersmeds.com\/es\/#\/schema\/logo\/image\/","url":"https:\/\/gooddealersmeds.com\/es\/wp-content\/uploads\/sites\/4\/2022\/03\/gooddealersmeds__logo__20220317T222800Z.00.png","contentUrl":"https:\/\/gooddealersmeds.com\/es\/wp-content\/uploads\/sites\/4\/2022\/03\/gooddealersmeds__logo__20220317T222800Z.00.png","width":500,"height":325,"caption":"Good Dealers Meds"},"image":{"@id":"https:\/\/gooddealersmeds.com\/es\/#\/schema\/logo\/image\/"}}]}},"_links":{"self":[{"href":"https:\/\/gooddealersmeds.com\/es\/wp-json\/wp\/v2\/product\/1925","targetHints":{"allow":["GET"]}}],"collection":[{"href":"https:\/\/gooddealersmeds.com\/es\/wp-json\/wp\/v2\/product"}],"about":[{"href":"https:\/\/gooddealersmeds.com\/es\/wp-json\/wp\/v2\/types\/product"}],"replies":[{"embeddable":true,"href":"https:\/\/gooddealersmeds.com\/es\/wp-json\/wp\/v2\/comments?post=1925"}],"wp:featuredmedia":[{"embeddable":true,"href":"https:\/\/gooddealersmeds.com\/es\/wp-json\/wp\/v2\/media\/1931"}],"wp:attachment":[{"href":"https:\/\/gooddealersmeds.com\/es\/wp-json\/wp\/v2\/media?parent=1925"}],"wp:term":[{"taxonomy":"product_brand","embeddable":true,"href":"https:\/\/gooddealersmeds.com\/es\/wp-json\/wp\/v2\/product_brand?post=1925"},{"taxonomy":"product_cat","embeddable":true,"href":"https:\/\/gooddealersmeds.com\/es\/wp-json\/wp\/v2\/product_cat?post=1925"},{"taxonomy":"product_tag","embeddable":true,"href":"https:\/\/gooddealersmeds.com\/es\/wp-json\/wp\/v2\/product_tag?post=1925"}],"curies":[{"name":"wp","href":"https:\/\/api.w.org\/{rel}","templated":true}]}}