{"id":1912,"date":"2022-07-03T12:03:51","date_gmt":"2022-07-03T12:03:51","guid":{"rendered":"https:\/\/gooddealersmeds.com\/es\/?post_type=product&#038;p=1912"},"modified":"2023-01-01T22:19:14","modified_gmt":"2023-01-01T22:19:14","slug":"2-fdck-droga","status":"publish","type":"product","link":"https:\/\/gooddealersmeds.com\/es\/product\/2-fdck-droga\/","title":{"rendered":"Compre el medicamento 2-Fdck en l\u00ednea"},"content":{"rendered":"<h2>Compre medicamentos de calidad 2-Fdck en l\u00ednea<\/h2>\n<p>El medicamento 2-Fdck en l\u00ednea es un tipo de medicamento que se puede usar para tratar la erecci\u00f3n disfunci\u00f3n o eyaculaci\u00f3n precoz. Se le conoce com\u00fanmente como Viagra, Levitra, Cialis o Stendra. Este medicamento funciona mejorando el flujo de sangre al pene y espesando la sangre, permiti\u00e9ndole permanecer erecto por per\u00edodos m\u00e1s largos.<\/p>\n<p>El medicamento 2-Fdck en l\u00ednea est\u00e1 disponible en forma de tabletas e inyecciones, cada una de las cuales tiene sus propios beneficios y desventajas. La versi\u00f3n de inyecci\u00f3n se puede tomar inmediatamente despu\u00e9s del sexo, pero lleva m\u00e1s tiempo que una forma de p\u00edldora para hacer su magia. La forma de tableta se puede tomar hasta 36 horas antes de que tenga lugar la actividad sexual; sin embargo, pueden pasar hasta cuatro horas antes de que comience a sentir los efectos.<\/p>\n<p><strong>\u00a0<\/strong><\/p>\n<p><strong>\u00bfPor qu\u00e9 comprar medicamentos 2-Fdck en l\u00ednea?<\/strong><\/p>\n<p>Lo primero que hace comprar <a href=\"https:\/\/gooddealersmeds.com\/es\/product\/2-fdck- drug\/\">2-Fdck Drug Online<\/a> tan genial es que es f\u00e1cil. No hay recetas desordenadas ni largas filas de papeleo, solo un sitio web f\u00e1cil de navegar y paquetes de medicamentos listos para usar que le dar\u00e1n todo lo que necesita sin ning\u00fan problema.<\/p>\n<p><strong>\u00a0<\/strong><\/p>\n<p><strong>El lugar ideal para comprar medicamentos 2-Fdck en l\u00ednea<\/strong><\/p>\n<p>\u00bfEst\u00e1 buscando comprar 2-Fdck Drug Online? No est\u00e1 solo.<\/p>\n<p>Muchas personas han descubierto que este producto puede ayudarlos a mejorar su vida sexual, pero es importante tener cuidado al comprar este producto.<\/p>\n<p>Hay muchos lugares donde puede ordenar 2-Fdck Drug Online, y si no lee las rese\u00f1as cuidadosamente, puede terminar con un producto que no funciona tan bien como otros. El mejor lugar para comprar 2-Fdck Drug Online es a trav\u00e9s de nuestro sitio web porque vendemos este tipo de productos durante a\u00f1os y sabemos qu\u00e9 funciona y qu\u00e9 no, por lo que podemos asegurarnos de que cualquiera que nos compre termine con la mejor experiencia posible.<\/p>\n","protected":false},"excerpt":{"rendered":"<p>Compre el medicamento 2-FDCK Pureza en l\u00ednea, 2-FDCK (tambi\u00e9n conocido como 2-Fl-2\u2032-Oxo-PCM, fluoroketamina y 2-fluorodescloroketamina) es un anest\u00e9sico disociativo. Es un an\u00e1logo de la ketamina donde el grupo cloro ha sido reemplazado por fl\u00faor.<\/p>\n","protected":false},"featured_media":1917,"comment_status":"open","ping_status":"closed","template":"","meta":{"inline_featured_image":false},"product_brand":[],"product_cat":[344],"product_tag":[],"class_list":{"0":"post-1912","1":"product","2":"type-product","3":"status-publish","4":"has-post-thumbnail","6":"product_cat-productos-qumicos-de-investigacin","8":"first","9":"instock","10":"shipping-taxable","11":"purchasable","12":"product-type-variable","13":"has-default-attributes"},"yoast_head":"<!-- This site is optimized with the Yoast SEO Premium plugin v20.6 (Yoast SEO v27.3) - https:\/\/yoast.com\/product\/yoast-seo-premium-wordpress\/ -->\n<title>Comprar 2-Fdck en l\u00ednea | 2-fdck a la venta | Good Dealers Meds<\/title>\n<meta name=\"description\" content=\"Comprar 2-Fdck en l\u00ednea, 2-FDCK (tambi\u00e9n conocido como 2-Fl-2\u2032-Oxo-PCM, fluoroketamina y 2-fluorodescloroketamina) es un anest\u00e9sico disociativo.\" \/>\n<meta name=\"robots\" content=\"index, follow, max-snippet:-1, max-image-preview:large, max-video-preview:-1\" \/>\n<link rel=\"canonical\" href=\"https:\/\/gooddealersmeds.com\/es\/product\/2-fdck-droga\/\" \/>\n<meta property=\"og:locale\" content=\"en_US\" \/>\n<meta property=\"og:type\" content=\"article\" \/>\n<meta property=\"og:title\" content=\"Compre el medicamento 2-Fdck en l\u00ednea\" \/>\n<meta property=\"og:description\" content=\"Comprar 2-Fdck en l\u00ednea, 2-FDCK (tambi\u00e9n conocido como 2-Fl-2\u2032-Oxo-PCM, fluoroketamina y 2-fluorodescloroketamina) es un anest\u00e9sico disociativo.\" \/>\n<meta property=\"og:url\" content=\"https:\/\/gooddealersmeds.com\/es\/product\/2-fdck-droga\/\" \/>\n<meta property=\"og:site_name\" content=\"Good Dealers Meds\" \/>\n<meta property=\"article:modified_time\" content=\"2023-01-01T22:19:14+00:00\" \/>\n<meta property=\"og:image\" content=\"https:\/\/gooddealersmeds.com\/es\/wp-content\/uploads\/sites\/4\/2022\/07\/2-Fdck-Drug.jpg\" \/>\n\t<meta property=\"og:image:width\" content=\"600\" \/>\n\t<meta property=\"og:image:height\" content=\"600\" \/>\n\t<meta property=\"og:image:type\" content=\"image\/jpeg\" \/>\n<meta name=\"twitter:card\" content=\"summary_large_image\" \/>\n<meta name=\"twitter:label1\" content=\"Est. reading time\" \/>\n\t<meta name=\"twitter:data1\" content=\"2 minutes\" \/>\n<script type=\"application\/ld+json\" class=\"yoast-schema-graph\">{\"@context\":\"https:\\\/\\\/schema.org\",\"@graph\":[{\"@type\":\"WebPage\",\"@id\":\"https:\\\/\\\/gooddealersmeds.com\\\/es\\\/product\\\/2-fdck-droga\\\/\",\"url\":\"https:\\\/\\\/gooddealersmeds.com\\\/es\\\/product\\\/2-fdck-droga\\\/\",\"name\":\"Comprar 2-Fdck en l\u00ednea | 2-fdck a la venta | Good Dealers Meds\",\"isPartOf\":{\"@id\":\"https:\\\/\\\/gooddealersmeds.com\\\/es\\\/#website\"},\"primaryImageOfPage\":{\"@id\":\"https:\\\/\\\/gooddealersmeds.com\\\/es\\\/product\\\/2-fdck-droga\\\/#primaryimage\"},\"image\":{\"@id\":\"https:\\\/\\\/gooddealersmeds.com\\\/es\\\/product\\\/2-fdck-droga\\\/#primaryimage\"},\"thumbnailUrl\":\"https:\\\/\\\/gooddealersmeds.com\\\/es\\\/wp-content\\\/uploads\\\/sites\\\/4\\\/2022\\\/07\\\/2-Fdck-Drug.jpg\",\"datePublished\":\"2022-07-03T12:03:51+00:00\",\"dateModified\":\"2023-01-01T22:19:14+00:00\",\"description\":\"Comprar 2-Fdck en l\u00ednea, 2-FDCK (tambi\u00e9n conocido como 2-Fl-2\u2032-Oxo-PCM, fluoroketamina y 2-fluorodescloroketamina) es un anest\u00e9sico disociativo.\",\"breadcrumb\":{\"@id\":\"https:\\\/\\\/gooddealersmeds.com\\\/es\\\/product\\\/2-fdck-droga\\\/#breadcrumb\"},\"inLanguage\":\"en-US\",\"potentialAction\":[{\"@type\":\"ReadAction\",\"target\":[\"https:\\\/\\\/gooddealersmeds.com\\\/es\\\/product\\\/2-fdck-droga\\\/\"]}]},{\"@type\":\"ImageObject\",\"inLanguage\":\"en-US\",\"@id\":\"https:\\\/\\\/gooddealersmeds.com\\\/es\\\/product\\\/2-fdck-droga\\\/#primaryimage\",\"url\":\"https:\\\/\\\/gooddealersmeds.com\\\/es\\\/wp-content\\\/uploads\\\/sites\\\/4\\\/2022\\\/07\\\/2-Fdck-Drug.jpg\",\"contentUrl\":\"https:\\\/\\\/gooddealersmeds.com\\\/es\\\/wp-content\\\/uploads\\\/sites\\\/4\\\/2022\\\/07\\\/2-Fdck-Drug.jpg\",\"width\":600,\"height\":600,\"caption\":\"Buy 2-Fdck Drug Online\"},{\"@type\":\"BreadcrumbList\",\"@id\":\"https:\\\/\\\/gooddealersmeds.com\\\/es\\\/product\\\/2-fdck-droga\\\/#breadcrumb\",\"itemListElement\":[{\"@type\":\"ListItem\",\"position\":1,\"name\":\"Home\",\"item\":\"https:\\\/\\\/gooddealersmeds.com\\\/es\\\/\"},{\"@type\":\"ListItem\",\"position\":2,\"name\":\"Productos\",\"item\":\"https:\\\/\\\/gooddealersmeds.com\\\/es\\\/productos\\\/\"},{\"@type\":\"ListItem\",\"position\":3,\"name\":\"Compre el medicamento 2-Fdck en l\u00ednea\"}]},{\"@type\":\"WebSite\",\"@id\":\"https:\\\/\\\/gooddealersmeds.com\\\/es\\\/#website\",\"url\":\"https:\\\/\\\/gooddealersmeds.com\\\/es\\\/\",\"name\":\"Good Dealers Meds\",\"description\":\"All our best\",\"publisher\":{\"@id\":\"https:\\\/\\\/gooddealersmeds.com\\\/es\\\/#organization\"},\"potentialAction\":[{\"@type\":\"SearchAction\",\"target\":{\"@type\":\"EntryPoint\",\"urlTemplate\":\"https:\\\/\\\/gooddealersmeds.com\\\/es\\\/?s={search_term_string}\"},\"query-input\":{\"@type\":\"PropertyValueSpecification\",\"valueRequired\":true,\"valueName\":\"search_term_string\"}}],\"inLanguage\":\"en-US\"},{\"@type\":\"Organization\",\"@id\":\"https:\\\/\\\/gooddealersmeds.com\\\/es\\\/#organization\",\"name\":\"Good Dealers Meds\",\"url\":\"https:\\\/\\\/gooddealersmeds.com\\\/es\\\/\",\"logo\":{\"@type\":\"ImageObject\",\"inLanguage\":\"en-US\",\"@id\":\"https:\\\/\\\/gooddealersmeds.com\\\/es\\\/#\\\/schema\\\/logo\\\/image\\\/\",\"url\":\"https:\\\/\\\/gooddealersmeds.com\\\/es\\\/wp-content\\\/uploads\\\/sites\\\/4\\\/2022\\\/03\\\/gooddealersmeds__logo__20220317T222800Z.00.png\",\"contentUrl\":\"https:\\\/\\\/gooddealersmeds.com\\\/es\\\/wp-content\\\/uploads\\\/sites\\\/4\\\/2022\\\/03\\\/gooddealersmeds__logo__20220317T222800Z.00.png\",\"width\":500,\"height\":325,\"caption\":\"Good Dealers Meds\"},\"image\":{\"@id\":\"https:\\\/\\\/gooddealersmeds.com\\\/es\\\/#\\\/schema\\\/logo\\\/image\\\/\"}}]}<\/script>\n<!-- \/ Yoast SEO Premium plugin. -->","yoast_head_json":{"title":"Comprar 2-Fdck en l\u00ednea | 2-fdck a la venta | Good Dealers Meds","description":"Comprar 2-Fdck en l\u00ednea, 2-FDCK (tambi\u00e9n conocido como 2-Fl-2\u2032-Oxo-PCM, fluoroketamina y 2-fluorodescloroketamina) es un anest\u00e9sico disociativo.","robots":{"index":"index","follow":"follow","max-snippet":"max-snippet:-1","max-image-preview":"max-image-preview:large","max-video-preview":"max-video-preview:-1"},"canonical":"https:\/\/gooddealersmeds.com\/es\/product\/2-fdck-droga\/","og_locale":"en_US","og_type":"article","og_title":"Compre el medicamento 2-Fdck en l\u00ednea","og_description":"Comprar 2-Fdck en l\u00ednea, 2-FDCK (tambi\u00e9n conocido como 2-Fl-2\u2032-Oxo-PCM, fluoroketamina y 2-fluorodescloroketamina) es un anest\u00e9sico disociativo.","og_url":"https:\/\/gooddealersmeds.com\/es\/product\/2-fdck-droga\/","og_site_name":"Good Dealers Meds","article_modified_time":"2023-01-01T22:19:14+00:00","og_image":[{"width":600,"height":600,"url":"https:\/\/gooddealersmeds.com\/es\/wp-content\/uploads\/sites\/4\/2022\/07\/2-Fdck-Drug.jpg","type":"image\/jpeg"}],"twitter_card":"summary_large_image","twitter_misc":{"Est. reading time":"2 minutes"},"schema":{"@context":"https:\/\/schema.org","@graph":[{"@type":"WebPage","@id":"https:\/\/gooddealersmeds.com\/es\/product\/2-fdck-droga\/","url":"https:\/\/gooddealersmeds.com\/es\/product\/2-fdck-droga\/","name":"Comprar 2-Fdck en l\u00ednea | 2-fdck a la venta | Good Dealers Meds","isPartOf":{"@id":"https:\/\/gooddealersmeds.com\/es\/#website"},"primaryImageOfPage":{"@id":"https:\/\/gooddealersmeds.com\/es\/product\/2-fdck-droga\/#primaryimage"},"image":{"@id":"https:\/\/gooddealersmeds.com\/es\/product\/2-fdck-droga\/#primaryimage"},"thumbnailUrl":"https:\/\/gooddealersmeds.com\/es\/wp-content\/uploads\/sites\/4\/2022\/07\/2-Fdck-Drug.jpg","datePublished":"2022-07-03T12:03:51+00:00","dateModified":"2023-01-01T22:19:14+00:00","description":"Comprar 2-Fdck en l\u00ednea, 2-FDCK (tambi\u00e9n conocido como 2-Fl-2\u2032-Oxo-PCM, fluoroketamina y 2-fluorodescloroketamina) es un anest\u00e9sico disociativo.","breadcrumb":{"@id":"https:\/\/gooddealersmeds.com\/es\/product\/2-fdck-droga\/#breadcrumb"},"inLanguage":"en-US","potentialAction":[{"@type":"ReadAction","target":["https:\/\/gooddealersmeds.com\/es\/product\/2-fdck-droga\/"]}]},{"@type":"ImageObject","inLanguage":"en-US","@id":"https:\/\/gooddealersmeds.com\/es\/product\/2-fdck-droga\/#primaryimage","url":"https:\/\/gooddealersmeds.com\/es\/wp-content\/uploads\/sites\/4\/2022\/07\/2-Fdck-Drug.jpg","contentUrl":"https:\/\/gooddealersmeds.com\/es\/wp-content\/uploads\/sites\/4\/2022\/07\/2-Fdck-Drug.jpg","width":600,"height":600,"caption":"Buy 2-Fdck Drug Online"},{"@type":"BreadcrumbList","@id":"https:\/\/gooddealersmeds.com\/es\/product\/2-fdck-droga\/#breadcrumb","itemListElement":[{"@type":"ListItem","position":1,"name":"Home","item":"https:\/\/gooddealersmeds.com\/es\/"},{"@type":"ListItem","position":2,"name":"Productos","item":"https:\/\/gooddealersmeds.com\/es\/productos\/"},{"@type":"ListItem","position":3,"name":"Compre el medicamento 2-Fdck en l\u00ednea"}]},{"@type":"WebSite","@id":"https:\/\/gooddealersmeds.com\/es\/#website","url":"https:\/\/gooddealersmeds.com\/es\/","name":"Good Dealers Meds","description":"All our best","publisher":{"@id":"https:\/\/gooddealersmeds.com\/es\/#organization"},"potentialAction":[{"@type":"SearchAction","target":{"@type":"EntryPoint","urlTemplate":"https:\/\/gooddealersmeds.com\/es\/?s={search_term_string}"},"query-input":{"@type":"PropertyValueSpecification","valueRequired":true,"valueName":"search_term_string"}}],"inLanguage":"en-US"},{"@type":"Organization","@id":"https:\/\/gooddealersmeds.com\/es\/#organization","name":"Good Dealers Meds","url":"https:\/\/gooddealersmeds.com\/es\/","logo":{"@type":"ImageObject","inLanguage":"en-US","@id":"https:\/\/gooddealersmeds.com\/es\/#\/schema\/logo\/image\/","url":"https:\/\/gooddealersmeds.com\/es\/wp-content\/uploads\/sites\/4\/2022\/03\/gooddealersmeds__logo__20220317T222800Z.00.png","contentUrl":"https:\/\/gooddealersmeds.com\/es\/wp-content\/uploads\/sites\/4\/2022\/03\/gooddealersmeds__logo__20220317T222800Z.00.png","width":500,"height":325,"caption":"Good Dealers Meds"},"image":{"@id":"https:\/\/gooddealersmeds.com\/es\/#\/schema\/logo\/image\/"}}]}},"_links":{"self":[{"href":"https:\/\/gooddealersmeds.com\/es\/wp-json\/wp\/v2\/product\/1912","targetHints":{"allow":["GET"]}}],"collection":[{"href":"https:\/\/gooddealersmeds.com\/es\/wp-json\/wp\/v2\/product"}],"about":[{"href":"https:\/\/gooddealersmeds.com\/es\/wp-json\/wp\/v2\/types\/product"}],"replies":[{"embeddable":true,"href":"https:\/\/gooddealersmeds.com\/es\/wp-json\/wp\/v2\/comments?post=1912"}],"wp:featuredmedia":[{"embeddable":true,"href":"https:\/\/gooddealersmeds.com\/es\/wp-json\/wp\/v2\/media\/1917"}],"wp:attachment":[{"href":"https:\/\/gooddealersmeds.com\/es\/wp-json\/wp\/v2\/media?parent=1912"}],"wp:term":[{"taxonomy":"product_brand","embeddable":true,"href":"https:\/\/gooddealersmeds.com\/es\/wp-json\/wp\/v2\/product_brand?post=1912"},{"taxonomy":"product_cat","embeddable":true,"href":"https:\/\/gooddealersmeds.com\/es\/wp-json\/wp\/v2\/product_cat?post=1912"},{"taxonomy":"product_tag","embeddable":true,"href":"https:\/\/gooddealersmeds.com\/es\/wp-json\/wp\/v2\/product_tag?post=1912"}],"curies":[{"name":"wp","href":"https:\/\/api.w.org\/{rel}","templated":true}]}}