{"id":1905,"date":"2022-07-03T11:59:56","date_gmt":"2022-07-03T11:59:56","guid":{"rendered":"https:\/\/gooddealersmeds.com\/es\/?post_type=product&#038;p=1905"},"modified":"2022-11-07T10:59:12","modified_gmt":"2022-11-07T10:59:12","slug":"25i-nboh-drogas","status":"publish","type":"product","link":"https:\/\/gooddealersmeds.com\/es\/product\/25i-nboh-drogas\/","title":{"rendered":"Compre medicamentos 25i NBOH en l\u00ednea"},"content":{"rendered":"<p>25i NBCH en venta, o fenetilamina clase 2C-I-NBOH, es una nueva sustancia psicod\u00e9lica sint\u00e9tica que est\u00e1 estrechamente relacionada con el 25I-NBOMe. El <a href=\"https:\/\/gooddealersmeds.com\/es\/product\/25i-nboh-drogas\/\">25i NBOH<\/a> es un derivado alucin\u00f3geno 2C-I derivado de la fenetilamina. Un equipo de la Universidad de Purdue lo descubri\u00f3 en 2006.<\/p>\n<p>Se ha investigado como un f\u00e1rmaco potencial para el mapeo de tomograf\u00eda por emisi\u00f3n de positrones de los receptores 5-HT2A en el cerebro. Aunque sus caracter\u00edsticas fisiol\u00f3gicas y toxicol\u00f3gicas no est\u00e1n completamente caracterizadas, los compuestos NBOH se proponen como una alternativa legal a los compuestos NBOMe.<\/p>\n<p>Los compuestos NBOH son derivados N-bencilhidroxi de la familia de alucin\u00f3genos 2C que frecuentemente contienen un hal\u00f3geno grupo (es decir, cloro, bromo o yodo) en la posici\u00f3n 4 del anillo A y un grupo hidroxilo en la posici\u00f3n 2 &#8216;del anillo B. Aunque sus caracter\u00edsticas fisiol\u00f3gicas y toxicol\u00f3gicas no est\u00e1n completamente caracterizadas, los compuestos de NBOH se proponen como una alternativa legal a los compuestos de NBOMe. 25i NBCH en venta<\/p>\n<ul>\n<li>Los compuestos de NBOH son inactivos y solo deben tomarse por v\u00eda sublingual y de manera eso permite una absorci\u00f3n r\u00e1pida.<\/li>\n<li>Si los secantes no funcionan tan r\u00e1pido como esperaba, no asuma que son de baja calidad; podr\u00edan incluir otro medicamento que tarde m\u00e1s en hacer efecto.<\/li>\n<li>Este medicamento debe usarse con precauci\u00f3n. Debe comenzar con una peque\u00f1a dosis. Evite combinarlo con otras sustancias, como alcohol o medicamentos recetados.<\/li>\n<\/ul>\n<p><strong>Qu\u00edmica:<\/strong><\/p>\n<p>La fenetilamina 2C-I es un derivado de la fenetilamina 25I-NBOH. Este medicamento es un derivado de N-bencilo serotonin\u00e9rgico. Los grupos metoxi CH3O y yodo est\u00e1n presentes en la composici\u00f3n qu\u00edmica del 25I-NBOH.<\/p>\n<p><strong>Aspecto:<\/strong><\/p>\n<p>S\u00f3lido cristalino, polvo<\/p>\n<p><strong>Env\u00edo &amp; Almacenamiento:<\/strong><\/p>\n<ul>\n<li>Almacenamiento: -20 C<\/li>\n<li>En hielo h\u00famedo<\/li>\n<li>Estabilidad: Aprrox. 2 a\u00f1os<\/li>\n<\/ul>\n<p><strong>Precauci\u00f3n:<\/strong><\/p>\n<p>Si usted o alguien con quien est\u00e1 se enferma, \u00a1busque atenci\u00f3n m\u00e9dica de inmediato! Llame al hospital de inmediato y qu\u00e9dese con ellos. Si asiste a un evento o festival, habr\u00e1 personal m\u00e9dico y de bienestar disponible para ayudarlo.<\/p>\n<p><strong>Disponibilidad:<\/strong><\/p>\n<p>Puede comprar 25i NBOH Medicamentos Online de nuestra tienda con entrega garantizada.<\/p>\n","protected":false},"excerpt":{"rendered":"<p>Comprar medicamentos 25I-NBOH en l\u00ednea es productos qu\u00edmicos de investigaci\u00f3n de alta calidad. Puede comprar 25I-NBOH en l\u00ednea a precio mayorista del proveedor de confianza. Env\u00edo seguro 25I-NBOH a EE. UU., BRASIL, UE, Reino Unido y otros pa\u00edses.<\/p>\n","protected":false},"featured_media":1911,"comment_status":"open","ping_status":"closed","template":"","meta":{"inline_featured_image":false},"product_brand":[],"product_cat":[344],"product_tag":[],"class_list":{"0":"post-1905","1":"product","2":"type-product","3":"status-publish","4":"has-post-thumbnail","6":"product_cat-productos-qumicos-de-investigacin","8":"first","9":"instock","10":"shipping-taxable","11":"purchasable","12":"product-type-variable","13":"has-default-attributes"},"yoast_head":"<!-- This site is optimized with the Yoast SEO Premium plugin v20.6 (Yoast SEO v27.3) - https:\/\/yoast.com\/product\/yoast-seo-premium-wordpress\/ -->\n<title>25i NBCH en venta | Compre 25i NBCH con la mejor calidad<\/title>\n<meta name=\"description\" content=\"25i NBCH en venta en l\u00ednea a precio mayorista del proveedor de confianza. Env\u00edo seguro 25I-NBOH a EE. UU., BRASIL, UE, Reino Unido y otros pa\u00edses.\" \/>\n<meta name=\"robots\" content=\"index, follow, max-snippet:-1, max-image-preview:large, max-video-preview:-1\" \/>\n<link rel=\"canonical\" href=\"https:\/\/gooddealersmeds.com\/es\/product\/25i-nboh-drogas\/\" \/>\n<meta property=\"og:locale\" content=\"en_US\" \/>\n<meta property=\"og:type\" content=\"article\" \/>\n<meta property=\"og:title\" content=\"Compre medicamentos 25i NBOH en l\u00ednea\" \/>\n<meta property=\"og:description\" content=\"25i NBCH en venta en l\u00ednea a precio mayorista del proveedor de confianza. Env\u00edo seguro 25I-NBOH a EE. UU., BRASIL, UE, Reino Unido y otros pa\u00edses.\" \/>\n<meta property=\"og:url\" content=\"https:\/\/gooddealersmeds.com\/es\/product\/25i-nboh-drogas\/\" \/>\n<meta property=\"og:site_name\" content=\"Good Dealers Meds\" \/>\n<meta property=\"article:modified_time\" content=\"2022-11-07T10:59:12+00:00\" \/>\n<meta property=\"og:image\" content=\"https:\/\/gooddealersmeds.com\/es\/wp-content\/uploads\/sites\/4\/2022\/07\/25i-NBOH-Drugs.png\" \/>\n\t<meta property=\"og:image:width\" content=\"600\" \/>\n\t<meta property=\"og:image:height\" content=\"600\" \/>\n\t<meta property=\"og:image:type\" content=\"image\/png\" \/>\n<meta name=\"twitter:card\" content=\"summary_large_image\" \/>\n<meta name=\"twitter:label1\" content=\"Est. reading time\" \/>\n\t<meta name=\"twitter:data1\" content=\"2 minutes\" \/>\n<script type=\"application\/ld+json\" class=\"yoast-schema-graph\">{\"@context\":\"https:\\\/\\\/schema.org\",\"@graph\":[{\"@type\":\"WebPage\",\"@id\":\"https:\\\/\\\/gooddealersmeds.com\\\/es\\\/product\\\/25i-nboh-drogas\\\/\",\"url\":\"https:\\\/\\\/gooddealersmeds.com\\\/es\\\/product\\\/25i-nboh-drogas\\\/\",\"name\":\"25i NBCH en venta | Compre 25i NBCH con la mejor calidad\",\"isPartOf\":{\"@id\":\"https:\\\/\\\/gooddealersmeds.com\\\/es\\\/#website\"},\"primaryImageOfPage\":{\"@id\":\"https:\\\/\\\/gooddealersmeds.com\\\/es\\\/product\\\/25i-nboh-drogas\\\/#primaryimage\"},\"image\":{\"@id\":\"https:\\\/\\\/gooddealersmeds.com\\\/es\\\/product\\\/25i-nboh-drogas\\\/#primaryimage\"},\"thumbnailUrl\":\"https:\\\/\\\/gooddealersmeds.com\\\/es\\\/wp-content\\\/uploads\\\/sites\\\/4\\\/2022\\\/07\\\/25i-NBOH-Drugs.png\",\"datePublished\":\"2022-07-03T11:59:56+00:00\",\"dateModified\":\"2022-11-07T10:59:12+00:00\",\"description\":\"25i NBCH en venta en l\u00ednea a precio mayorista del proveedor de confianza. Env\u00edo seguro 25I-NBOH a EE. UU., BRASIL, UE, Reino Unido y otros pa\u00edses.\",\"breadcrumb\":{\"@id\":\"https:\\\/\\\/gooddealersmeds.com\\\/es\\\/product\\\/25i-nboh-drogas\\\/#breadcrumb\"},\"inLanguage\":\"en-US\",\"potentialAction\":[{\"@type\":\"ReadAction\",\"target\":[\"https:\\\/\\\/gooddealersmeds.com\\\/es\\\/product\\\/25i-nboh-drogas\\\/\"]}]},{\"@type\":\"ImageObject\",\"inLanguage\":\"en-US\",\"@id\":\"https:\\\/\\\/gooddealersmeds.com\\\/es\\\/product\\\/25i-nboh-drogas\\\/#primaryimage\",\"url\":\"https:\\\/\\\/gooddealersmeds.com\\\/es\\\/wp-content\\\/uploads\\\/sites\\\/4\\\/2022\\\/07\\\/25i-NBOH-Drugs.png\",\"contentUrl\":\"https:\\\/\\\/gooddealersmeds.com\\\/es\\\/wp-content\\\/uploads\\\/sites\\\/4\\\/2022\\\/07\\\/25i-NBOH-Drugs.png\",\"width\":600,\"height\":600,\"caption\":\"25i NBOH Drugs\"},{\"@type\":\"BreadcrumbList\",\"@id\":\"https:\\\/\\\/gooddealersmeds.com\\\/es\\\/product\\\/25i-nboh-drogas\\\/#breadcrumb\",\"itemListElement\":[{\"@type\":\"ListItem\",\"position\":1,\"name\":\"Home\",\"item\":\"https:\\\/\\\/gooddealersmeds.com\\\/es\\\/\"},{\"@type\":\"ListItem\",\"position\":2,\"name\":\"Productos\",\"item\":\"https:\\\/\\\/gooddealersmeds.com\\\/es\\\/productos\\\/\"},{\"@type\":\"ListItem\",\"position\":3,\"name\":\"Compre medicamentos 25i NBOH en l\u00ednea\"}]},{\"@type\":\"WebSite\",\"@id\":\"https:\\\/\\\/gooddealersmeds.com\\\/es\\\/#website\",\"url\":\"https:\\\/\\\/gooddealersmeds.com\\\/es\\\/\",\"name\":\"Good Dealers Meds\",\"description\":\"All our best\",\"publisher\":{\"@id\":\"https:\\\/\\\/gooddealersmeds.com\\\/es\\\/#organization\"},\"potentialAction\":[{\"@type\":\"SearchAction\",\"target\":{\"@type\":\"EntryPoint\",\"urlTemplate\":\"https:\\\/\\\/gooddealersmeds.com\\\/es\\\/?s={search_term_string}\"},\"query-input\":{\"@type\":\"PropertyValueSpecification\",\"valueRequired\":true,\"valueName\":\"search_term_string\"}}],\"inLanguage\":\"en-US\"},{\"@type\":\"Organization\",\"@id\":\"https:\\\/\\\/gooddealersmeds.com\\\/es\\\/#organization\",\"name\":\"Good Dealers Meds\",\"url\":\"https:\\\/\\\/gooddealersmeds.com\\\/es\\\/\",\"logo\":{\"@type\":\"ImageObject\",\"inLanguage\":\"en-US\",\"@id\":\"https:\\\/\\\/gooddealersmeds.com\\\/es\\\/#\\\/schema\\\/logo\\\/image\\\/\",\"url\":\"https:\\\/\\\/gooddealersmeds.com\\\/es\\\/wp-content\\\/uploads\\\/sites\\\/4\\\/2022\\\/03\\\/gooddealersmeds__logo__20220317T222800Z.00.png\",\"contentUrl\":\"https:\\\/\\\/gooddealersmeds.com\\\/es\\\/wp-content\\\/uploads\\\/sites\\\/4\\\/2022\\\/03\\\/gooddealersmeds__logo__20220317T222800Z.00.png\",\"width\":500,\"height\":325,\"caption\":\"Good Dealers Meds\"},\"image\":{\"@id\":\"https:\\\/\\\/gooddealersmeds.com\\\/es\\\/#\\\/schema\\\/logo\\\/image\\\/\"}}]}<\/script>\n<!-- \/ Yoast SEO Premium plugin. -->","yoast_head_json":{"title":"25i NBCH en venta | Compre 25i NBCH con la mejor calidad","description":"25i NBCH en venta en l\u00ednea a precio mayorista del proveedor de confianza. Env\u00edo seguro 25I-NBOH a EE. UU., BRASIL, UE, Reino Unido y otros pa\u00edses.","robots":{"index":"index","follow":"follow","max-snippet":"max-snippet:-1","max-image-preview":"max-image-preview:large","max-video-preview":"max-video-preview:-1"},"canonical":"https:\/\/gooddealersmeds.com\/es\/product\/25i-nboh-drogas\/","og_locale":"en_US","og_type":"article","og_title":"Compre medicamentos 25i NBOH en l\u00ednea","og_description":"25i NBCH en venta en l\u00ednea a precio mayorista del proveedor de confianza. Env\u00edo seguro 25I-NBOH a EE. UU., BRASIL, UE, Reino Unido y otros pa\u00edses.","og_url":"https:\/\/gooddealersmeds.com\/es\/product\/25i-nboh-drogas\/","og_site_name":"Good Dealers Meds","article_modified_time":"2022-11-07T10:59:12+00:00","og_image":[{"width":600,"height":600,"url":"https:\/\/gooddealersmeds.com\/es\/wp-content\/uploads\/sites\/4\/2022\/07\/25i-NBOH-Drugs.png","type":"image\/png"}],"twitter_card":"summary_large_image","twitter_misc":{"Est. reading time":"2 minutes"},"schema":{"@context":"https:\/\/schema.org","@graph":[{"@type":"WebPage","@id":"https:\/\/gooddealersmeds.com\/es\/product\/25i-nboh-drogas\/","url":"https:\/\/gooddealersmeds.com\/es\/product\/25i-nboh-drogas\/","name":"25i NBCH en venta | Compre 25i NBCH con la mejor calidad","isPartOf":{"@id":"https:\/\/gooddealersmeds.com\/es\/#website"},"primaryImageOfPage":{"@id":"https:\/\/gooddealersmeds.com\/es\/product\/25i-nboh-drogas\/#primaryimage"},"image":{"@id":"https:\/\/gooddealersmeds.com\/es\/product\/25i-nboh-drogas\/#primaryimage"},"thumbnailUrl":"https:\/\/gooddealersmeds.com\/es\/wp-content\/uploads\/sites\/4\/2022\/07\/25i-NBOH-Drugs.png","datePublished":"2022-07-03T11:59:56+00:00","dateModified":"2022-11-07T10:59:12+00:00","description":"25i NBCH en venta en l\u00ednea a precio mayorista del proveedor de confianza. Env\u00edo seguro 25I-NBOH a EE. UU., BRASIL, UE, Reino Unido y otros pa\u00edses.","breadcrumb":{"@id":"https:\/\/gooddealersmeds.com\/es\/product\/25i-nboh-drogas\/#breadcrumb"},"inLanguage":"en-US","potentialAction":[{"@type":"ReadAction","target":["https:\/\/gooddealersmeds.com\/es\/product\/25i-nboh-drogas\/"]}]},{"@type":"ImageObject","inLanguage":"en-US","@id":"https:\/\/gooddealersmeds.com\/es\/product\/25i-nboh-drogas\/#primaryimage","url":"https:\/\/gooddealersmeds.com\/es\/wp-content\/uploads\/sites\/4\/2022\/07\/25i-NBOH-Drugs.png","contentUrl":"https:\/\/gooddealersmeds.com\/es\/wp-content\/uploads\/sites\/4\/2022\/07\/25i-NBOH-Drugs.png","width":600,"height":600,"caption":"25i NBOH Drugs"},{"@type":"BreadcrumbList","@id":"https:\/\/gooddealersmeds.com\/es\/product\/25i-nboh-drogas\/#breadcrumb","itemListElement":[{"@type":"ListItem","position":1,"name":"Home","item":"https:\/\/gooddealersmeds.com\/es\/"},{"@type":"ListItem","position":2,"name":"Productos","item":"https:\/\/gooddealersmeds.com\/es\/productos\/"},{"@type":"ListItem","position":3,"name":"Compre medicamentos 25i NBOH en l\u00ednea"}]},{"@type":"WebSite","@id":"https:\/\/gooddealersmeds.com\/es\/#website","url":"https:\/\/gooddealersmeds.com\/es\/","name":"Good Dealers Meds","description":"All our best","publisher":{"@id":"https:\/\/gooddealersmeds.com\/es\/#organization"},"potentialAction":[{"@type":"SearchAction","target":{"@type":"EntryPoint","urlTemplate":"https:\/\/gooddealersmeds.com\/es\/?s={search_term_string}"},"query-input":{"@type":"PropertyValueSpecification","valueRequired":true,"valueName":"search_term_string"}}],"inLanguage":"en-US"},{"@type":"Organization","@id":"https:\/\/gooddealersmeds.com\/es\/#organization","name":"Good Dealers Meds","url":"https:\/\/gooddealersmeds.com\/es\/","logo":{"@type":"ImageObject","inLanguage":"en-US","@id":"https:\/\/gooddealersmeds.com\/es\/#\/schema\/logo\/image\/","url":"https:\/\/gooddealersmeds.com\/es\/wp-content\/uploads\/sites\/4\/2022\/03\/gooddealersmeds__logo__20220317T222800Z.00.png","contentUrl":"https:\/\/gooddealersmeds.com\/es\/wp-content\/uploads\/sites\/4\/2022\/03\/gooddealersmeds__logo__20220317T222800Z.00.png","width":500,"height":325,"caption":"Good Dealers Meds"},"image":{"@id":"https:\/\/gooddealersmeds.com\/es\/#\/schema\/logo\/image\/"}}]}},"_links":{"self":[{"href":"https:\/\/gooddealersmeds.com\/es\/wp-json\/wp\/v2\/product\/1905","targetHints":{"allow":["GET"]}}],"collection":[{"href":"https:\/\/gooddealersmeds.com\/es\/wp-json\/wp\/v2\/product"}],"about":[{"href":"https:\/\/gooddealersmeds.com\/es\/wp-json\/wp\/v2\/types\/product"}],"replies":[{"embeddable":true,"href":"https:\/\/gooddealersmeds.com\/es\/wp-json\/wp\/v2\/comments?post=1905"}],"wp:featuredmedia":[{"embeddable":true,"href":"https:\/\/gooddealersmeds.com\/es\/wp-json\/wp\/v2\/media\/1911"}],"wp:attachment":[{"href":"https:\/\/gooddealersmeds.com\/es\/wp-json\/wp\/v2\/media?parent=1905"}],"wp:term":[{"taxonomy":"product_brand","embeddable":true,"href":"https:\/\/gooddealersmeds.com\/es\/wp-json\/wp\/v2\/product_brand?post=1905"},{"taxonomy":"product_cat","embeddable":true,"href":"https:\/\/gooddealersmeds.com\/es\/wp-json\/wp\/v2\/product_cat?post=1905"},{"taxonomy":"product_tag","embeddable":true,"href":"https:\/\/gooddealersmeds.com\/es\/wp-json\/wp\/v2\/product_tag?post=1905"}],"curies":[{"name":"wp","href":"https:\/\/api.w.org\/{rel}","templated":true}]}}