{"id":1898,"date":"2022-07-03T11:54:52","date_gmt":"2022-07-03T11:54:52","guid":{"rendered":"https:\/\/gooddealersmeds.com\/es\/?post_type=product&#038;p=1898"},"modified":"2023-01-01T22:41:14","modified_gmt":"2023-01-01T22:41:14","slug":"25i-nbome-droga","status":"publish","type":"product","link":"https:\/\/gooddealersmeds.com\/es\/product\/25i-nbome-droga\/","title":{"rendered":"Orden 25i NBOME Medicamento"},"content":{"rendered":"<h2><strong>Comprar 25i NBOME de calidad Medicamento en l\u00ednea<\/strong><\/h2>\n<p>El medicamento 25i NBOME es un tipo de medicamento que se usa para tratar una amplia gama de afecciones m\u00e9dicas. El f\u00e1rmaco se conoce como 1-metil-4-fenil-1,2,3,6-tetrahidropiridina (MPTP) y se ha utilizado en el pasado para tratar la enfermedad de Parkinson. Sin embargo, ahora ha sido prohibido debido a sus efectos t\u00f3xicos en el cerebro y ha quedado claro que el uso de esta droga puede causar da\u00f1o permanente a su sistema nervioso.<\/p>\n<p>Si est\u00e1 pensando en comprar 25i NBOME Drug Online, entonces debe saber que este medicamento se ha utilizado en ensayos cl\u00ednicos. Los resultados de estos estudios mostraron que ten\u00eda un beneficio general en pacientes que padec\u00edan varios tipos de c\u00e1ncer, incluido el c\u00e1ncer de pulm\u00f3n y el linfoma. Adem\u00e1s, se descubri\u00f3 que es eficaz contra m\u00faltiples tipos de c\u00e1ncer a la vez.<\/p>\n<p><strong>\u00a0<\/strong><\/p>\n<p><strong>\u00bfPor qu\u00e9 comprar el medicamento 25i NBOME en l\u00ednea?<\/strong><\/p>\n<p>Muchas personas que han estado usando este medicamento durante a\u00f1os informaron sentirse deprimidas o tener problemas de concentraci\u00f3n despu\u00e9s de usarlo durante demasiado tiempo. Si bien esto puede deberse a que alcanzaron su l\u00edmite de dosis o dejaron de tomarlo por completo, algunas personas seguir\u00e1n sufriendo estos s\u00edntomas incluso despu\u00e9s de dejar de tomar los medicamentos 25i NBOME en l\u00ednea. \u00a1Esto significa que hay muchas personas que han sufrido efectos secundarios como resultado del uso de este medicamento sin saber de antemano sus peligros!<\/p>\n<p><strong>\u00a0<\/strong><\/p>\n<p><strong>\u00bfD\u00f3nde comprar el medicamento 25i NBOME en l\u00ednea?<\/strong><\/p>\n<p>Si desea deshacerse de los efectos t\u00f3xicos en su cerebro, consulte el medicamento 25i NBOME en l\u00ednea. Good Dealers Meds ofrece una amplia gama de productos para todas las necesidades de su cerebro.<\/p>\n<p>Tenemos lo que necesita, ya sea que est\u00e9 buscando algo que lo ayude a relajarse o que lo ayude a descansar. Tambi\u00e9n vendemos otros medicamentos que pueden ser \u00fatiles. Por supuesto, si desea comprar cualquiera de estos medicamentos sin la molestia de viajar a una farmacia real, \u00a1entonces somos el lugar para usted!<\/p>\n<p><strong>\u00a0<\/strong><\/p>\n","protected":false},"excerpt":{"rendered":"<p>Comprar 25I NBOMe Drug Online es productos qu\u00edmicos de investigaci\u00f3n de alta calidad. Puedes comprar 25I-NBOMe online a precio de mayorista. Env\u00edo seguro 25I-NBOMe a EE. UU., UE, Reino Unido y otros pa\u00edses.<\/p>\n","protected":false},"featured_media":1904,"comment_status":"open","ping_status":"closed","template":"","meta":{"inline_featured_image":false},"product_brand":[],"product_cat":[344],"product_tag":[],"class_list":{"0":"post-1898","1":"product","2":"type-product","3":"status-publish","4":"has-post-thumbnail","6":"product_cat-productos-qumicos-de-investigacin","8":"first","9":"instock","10":"shipping-taxable","11":"purchasable","12":"product-type-variable","13":"has-default-attributes"},"yoast_head":"<!-- This site is optimized with the Yoast SEO Premium plugin v20.6 (Yoast SEO v27.5) - https:\/\/yoast.com\/product\/yoast-seo-premium-wordpress\/ -->\n<title>Comprar 25I NBOMe en l\u00ednea | 25I NBOMe a la venta Good Dealers Meds<\/title>\n<meta name=\"description\" content=\"Comprar 25I NBOMe en l\u00ednea, puede comprar 25I-NBOMe en l\u00ednea a precio mayorista. Env\u00edo seguro 25I-NBOMe a EE. UU., UE, Reino Unido y otros pa\u00edses.\" \/>\n<meta name=\"robots\" content=\"index, follow, max-snippet:-1, max-image-preview:large, max-video-preview:-1\" \/>\n<link rel=\"canonical\" href=\"https:\/\/gooddealersmeds.com\/es\/product\/25i-nbome-droga\/\" \/>\n<meta property=\"og:locale\" content=\"en_US\" \/>\n<meta property=\"og:type\" content=\"article\" \/>\n<meta property=\"og:title\" content=\"Orden 25i NBOME Medicamento\" \/>\n<meta property=\"og:description\" content=\"Comprar 25I NBOMe en l\u00ednea, puede comprar 25I-NBOMe en l\u00ednea a precio mayorista. Env\u00edo seguro 25I-NBOMe a EE. UU., UE, Reino Unido y otros pa\u00edses.\" \/>\n<meta property=\"og:url\" content=\"https:\/\/gooddealersmeds.com\/es\/product\/25i-nbome-droga\/\" \/>\n<meta property=\"og:site_name\" content=\"Good Dealers Meds\" \/>\n<meta property=\"article:modified_time\" content=\"2023-01-01T22:41:14+00:00\" \/>\n<meta property=\"og:image\" content=\"https:\/\/gooddealersmeds.com\/es\/wp-content\/uploads\/sites\/4\/2022\/07\/25i-NBOME-Drug.jpg\" \/>\n\t<meta property=\"og:image:width\" content=\"600\" \/>\n\t<meta property=\"og:image:height\" content=\"600\" \/>\n\t<meta property=\"og:image:type\" content=\"image\/jpeg\" \/>\n<meta name=\"twitter:card\" content=\"summary_large_image\" \/>\n<meta name=\"twitter:label1\" content=\"Est. reading time\" \/>\n\t<meta name=\"twitter:data1\" content=\"2 minutes\" \/>\n<script type=\"application\/ld+json\" class=\"yoast-schema-graph\">{\"@context\":\"https:\\\/\\\/schema.org\",\"@graph\":[{\"@type\":\"WebPage\",\"@id\":\"https:\\\/\\\/gooddealersmeds.com\\\/es\\\/product\\\/25i-nbome-droga\\\/\",\"url\":\"https:\\\/\\\/gooddealersmeds.com\\\/es\\\/product\\\/25i-nbome-droga\\\/\",\"name\":\"Comprar 25I NBOMe en l\u00ednea | 25I NBOMe a la venta Good Dealers Meds\",\"isPartOf\":{\"@id\":\"https:\\\/\\\/gooddealersmeds.com\\\/es\\\/#website\"},\"primaryImageOfPage\":{\"@id\":\"https:\\\/\\\/gooddealersmeds.com\\\/es\\\/product\\\/25i-nbome-droga\\\/#primaryimage\"},\"image\":{\"@id\":\"https:\\\/\\\/gooddealersmeds.com\\\/es\\\/product\\\/25i-nbome-droga\\\/#primaryimage\"},\"thumbnailUrl\":\"https:\\\/\\\/gooddealersmeds.com\\\/es\\\/wp-content\\\/uploads\\\/sites\\\/4\\\/2022\\\/07\\\/25i-NBOME-Drug.jpg\",\"datePublished\":\"2022-07-03T11:54:52+00:00\",\"dateModified\":\"2023-01-01T22:41:14+00:00\",\"description\":\"Comprar 25I NBOMe en l\u00ednea, puede comprar 25I-NBOMe en l\u00ednea a precio mayorista. Env\u00edo seguro 25I-NBOMe a EE. UU., UE, Reino Unido y otros pa\u00edses.\",\"breadcrumb\":{\"@id\":\"https:\\\/\\\/gooddealersmeds.com\\\/es\\\/product\\\/25i-nbome-droga\\\/#breadcrumb\"},\"inLanguage\":\"en-US\",\"potentialAction\":[{\"@type\":\"ReadAction\",\"target\":[\"https:\\\/\\\/gooddealersmeds.com\\\/es\\\/product\\\/25i-nbome-droga\\\/\"]}]},{\"@type\":\"ImageObject\",\"inLanguage\":\"en-US\",\"@id\":\"https:\\\/\\\/gooddealersmeds.com\\\/es\\\/product\\\/25i-nbome-droga\\\/#primaryimage\",\"url\":\"https:\\\/\\\/gooddealersmeds.com\\\/es\\\/wp-content\\\/uploads\\\/sites\\\/4\\\/2022\\\/07\\\/25i-NBOME-Drug.jpg\",\"contentUrl\":\"https:\\\/\\\/gooddealersmeds.com\\\/es\\\/wp-content\\\/uploads\\\/sites\\\/4\\\/2022\\\/07\\\/25i-NBOME-Drug.jpg\",\"width\":600,\"height\":600,\"caption\":\"Buy 25I NBOMe Drug\"},{\"@type\":\"BreadcrumbList\",\"@id\":\"https:\\\/\\\/gooddealersmeds.com\\\/es\\\/product\\\/25i-nbome-droga\\\/#breadcrumb\",\"itemListElement\":[{\"@type\":\"ListItem\",\"position\":1,\"name\":\"Home\",\"item\":\"https:\\\/\\\/gooddealersmeds.com\\\/es\\\/\"},{\"@type\":\"ListItem\",\"position\":2,\"name\":\"Productos\",\"item\":\"https:\\\/\\\/gooddealersmeds.com\\\/es\\\/productos\\\/\"},{\"@type\":\"ListItem\",\"position\":3,\"name\":\"Orden 25i NBOME Medicamento\"}]},{\"@type\":\"WebSite\",\"@id\":\"https:\\\/\\\/gooddealersmeds.com\\\/es\\\/#website\",\"url\":\"https:\\\/\\\/gooddealersmeds.com\\\/es\\\/\",\"name\":\"Good Dealers Meds\",\"description\":\"All our best\",\"publisher\":{\"@id\":\"https:\\\/\\\/gooddealersmeds.com\\\/es\\\/#organization\"},\"potentialAction\":[{\"@type\":\"SearchAction\",\"target\":{\"@type\":\"EntryPoint\",\"urlTemplate\":\"https:\\\/\\\/gooddealersmeds.com\\\/es\\\/?s={search_term_string}\"},\"query-input\":{\"@type\":\"PropertyValueSpecification\",\"valueRequired\":true,\"valueName\":\"search_term_string\"}}],\"inLanguage\":\"en-US\"},{\"@type\":\"Organization\",\"@id\":\"https:\\\/\\\/gooddealersmeds.com\\\/es\\\/#organization\",\"name\":\"Good Dealers Meds\",\"url\":\"https:\\\/\\\/gooddealersmeds.com\\\/es\\\/\",\"logo\":{\"@type\":\"ImageObject\",\"inLanguage\":\"en-US\",\"@id\":\"https:\\\/\\\/gooddealersmeds.com\\\/es\\\/#\\\/schema\\\/logo\\\/image\\\/\",\"url\":\"https:\\\/\\\/gooddealersmeds.com\\\/es\\\/wp-content\\\/uploads\\\/sites\\\/4\\\/2022\\\/03\\\/gooddealersmeds__logo__20220317T222800Z.00.png\",\"contentUrl\":\"https:\\\/\\\/gooddealersmeds.com\\\/es\\\/wp-content\\\/uploads\\\/sites\\\/4\\\/2022\\\/03\\\/gooddealersmeds__logo__20220317T222800Z.00.png\",\"width\":500,\"height\":325,\"caption\":\"Good Dealers Meds\"},\"image\":{\"@id\":\"https:\\\/\\\/gooddealersmeds.com\\\/es\\\/#\\\/schema\\\/logo\\\/image\\\/\"}}]}<\/script>\n<!-- \/ Yoast SEO Premium plugin. -->","yoast_head_json":{"title":"Comprar 25I NBOMe en l\u00ednea | 25I NBOMe a la venta Good Dealers Meds","description":"Comprar 25I NBOMe en l\u00ednea, puede comprar 25I-NBOMe en l\u00ednea a precio mayorista. Env\u00edo seguro 25I-NBOMe a EE. UU., UE, Reino Unido y otros pa\u00edses.","robots":{"index":"index","follow":"follow","max-snippet":"max-snippet:-1","max-image-preview":"max-image-preview:large","max-video-preview":"max-video-preview:-1"},"canonical":"https:\/\/gooddealersmeds.com\/es\/product\/25i-nbome-droga\/","og_locale":"en_US","og_type":"article","og_title":"Orden 25i NBOME Medicamento","og_description":"Comprar 25I NBOMe en l\u00ednea, puede comprar 25I-NBOMe en l\u00ednea a precio mayorista. Env\u00edo seguro 25I-NBOMe a EE. UU., UE, Reino Unido y otros pa\u00edses.","og_url":"https:\/\/gooddealersmeds.com\/es\/product\/25i-nbome-droga\/","og_site_name":"Good Dealers Meds","article_modified_time":"2023-01-01T22:41:14+00:00","og_image":[{"width":600,"height":600,"url":"https:\/\/gooddealersmeds.com\/es\/wp-content\/uploads\/sites\/4\/2022\/07\/25i-NBOME-Drug.jpg","type":"image\/jpeg"}],"twitter_card":"summary_large_image","twitter_misc":{"Est. reading time":"2 minutes"},"schema":{"@context":"https:\/\/schema.org","@graph":[{"@type":"WebPage","@id":"https:\/\/gooddealersmeds.com\/es\/product\/25i-nbome-droga\/","url":"https:\/\/gooddealersmeds.com\/es\/product\/25i-nbome-droga\/","name":"Comprar 25I NBOMe en l\u00ednea | 25I NBOMe a la venta Good Dealers Meds","isPartOf":{"@id":"https:\/\/gooddealersmeds.com\/es\/#website"},"primaryImageOfPage":{"@id":"https:\/\/gooddealersmeds.com\/es\/product\/25i-nbome-droga\/#primaryimage"},"image":{"@id":"https:\/\/gooddealersmeds.com\/es\/product\/25i-nbome-droga\/#primaryimage"},"thumbnailUrl":"https:\/\/gooddealersmeds.com\/es\/wp-content\/uploads\/sites\/4\/2022\/07\/25i-NBOME-Drug.jpg","datePublished":"2022-07-03T11:54:52+00:00","dateModified":"2023-01-01T22:41:14+00:00","description":"Comprar 25I NBOMe en l\u00ednea, puede comprar 25I-NBOMe en l\u00ednea a precio mayorista. Env\u00edo seguro 25I-NBOMe a EE. UU., UE, Reino Unido y otros pa\u00edses.","breadcrumb":{"@id":"https:\/\/gooddealersmeds.com\/es\/product\/25i-nbome-droga\/#breadcrumb"},"inLanguage":"en-US","potentialAction":[{"@type":"ReadAction","target":["https:\/\/gooddealersmeds.com\/es\/product\/25i-nbome-droga\/"]}]},{"@type":"ImageObject","inLanguage":"en-US","@id":"https:\/\/gooddealersmeds.com\/es\/product\/25i-nbome-droga\/#primaryimage","url":"https:\/\/gooddealersmeds.com\/es\/wp-content\/uploads\/sites\/4\/2022\/07\/25i-NBOME-Drug.jpg","contentUrl":"https:\/\/gooddealersmeds.com\/es\/wp-content\/uploads\/sites\/4\/2022\/07\/25i-NBOME-Drug.jpg","width":600,"height":600,"caption":"Buy 25I NBOMe Drug"},{"@type":"BreadcrumbList","@id":"https:\/\/gooddealersmeds.com\/es\/product\/25i-nbome-droga\/#breadcrumb","itemListElement":[{"@type":"ListItem","position":1,"name":"Home","item":"https:\/\/gooddealersmeds.com\/es\/"},{"@type":"ListItem","position":2,"name":"Productos","item":"https:\/\/gooddealersmeds.com\/es\/productos\/"},{"@type":"ListItem","position":3,"name":"Orden 25i NBOME Medicamento"}]},{"@type":"WebSite","@id":"https:\/\/gooddealersmeds.com\/es\/#website","url":"https:\/\/gooddealersmeds.com\/es\/","name":"Good Dealers Meds","description":"All our best","publisher":{"@id":"https:\/\/gooddealersmeds.com\/es\/#organization"},"potentialAction":[{"@type":"SearchAction","target":{"@type":"EntryPoint","urlTemplate":"https:\/\/gooddealersmeds.com\/es\/?s={search_term_string}"},"query-input":{"@type":"PropertyValueSpecification","valueRequired":true,"valueName":"search_term_string"}}],"inLanguage":"en-US"},{"@type":"Organization","@id":"https:\/\/gooddealersmeds.com\/es\/#organization","name":"Good Dealers Meds","url":"https:\/\/gooddealersmeds.com\/es\/","logo":{"@type":"ImageObject","inLanguage":"en-US","@id":"https:\/\/gooddealersmeds.com\/es\/#\/schema\/logo\/image\/","url":"https:\/\/gooddealersmeds.com\/es\/wp-content\/uploads\/sites\/4\/2022\/03\/gooddealersmeds__logo__20220317T222800Z.00.png","contentUrl":"https:\/\/gooddealersmeds.com\/es\/wp-content\/uploads\/sites\/4\/2022\/03\/gooddealersmeds__logo__20220317T222800Z.00.png","width":500,"height":325,"caption":"Good Dealers Meds"},"image":{"@id":"https:\/\/gooddealersmeds.com\/es\/#\/schema\/logo\/image\/"}}]}},"_links":{"self":[{"href":"https:\/\/gooddealersmeds.com\/es\/wp-json\/wp\/v2\/product\/1898","targetHints":{"allow":["GET"]}}],"collection":[{"href":"https:\/\/gooddealersmeds.com\/es\/wp-json\/wp\/v2\/product"}],"about":[{"href":"https:\/\/gooddealersmeds.com\/es\/wp-json\/wp\/v2\/types\/product"}],"replies":[{"embeddable":true,"href":"https:\/\/gooddealersmeds.com\/es\/wp-json\/wp\/v2\/comments?post=1898"}],"wp:featuredmedia":[{"embeddable":true,"href":"https:\/\/gooddealersmeds.com\/es\/wp-json\/wp\/v2\/media\/1904"}],"wp:attachment":[{"href":"https:\/\/gooddealersmeds.com\/es\/wp-json\/wp\/v2\/media?parent=1898"}],"wp:term":[{"taxonomy":"product_brand","embeddable":true,"href":"https:\/\/gooddealersmeds.com\/es\/wp-json\/wp\/v2\/product_brand?post=1898"},{"taxonomy":"product_cat","embeddable":true,"href":"https:\/\/gooddealersmeds.com\/es\/wp-json\/wp\/v2\/product_cat?post=1898"},{"taxonomy":"product_tag","embeddable":true,"href":"https:\/\/gooddealersmeds.com\/es\/wp-json\/wp\/v2\/product_tag?post=1898"}],"curies":[{"name":"wp","href":"https:\/\/api.w.org\/{rel}","templated":true}]}}