{"id":1891,"date":"2022-07-03T11:48:53","date_gmt":"2022-07-03T11:48:53","guid":{"rendered":"https:\/\/gooddealersmeds.com\/es\/?post_type=product&#038;p=1891"},"modified":"2023-01-01T22:46:33","modified_gmt":"2023-01-01T22:46:33","slug":"3-meo-pcp-droga","status":"publish","type":"product","link":"https:\/\/gooddealersmeds.com\/es\/product\/3-meo-pcp-droga\/","title":{"rendered":"Compre el medicamento 3-MEO PCP"},"content":{"rendered":"<h2>Compre en l\u00ednea el medicamento 3-MEO PCP de calidad<\/h2>\n<p>El medicamento de dise\u00f1o <a href=\"https:\/\/en.wikipedia.org\/wiki \/3-MeO-PCP\">3-Methoxyphencyclidine<\/a> pertenece a la clase de arilciclohexilamina de alucin\u00f3genos disociativos. Los receptores NMDA son su objetivo principal, pero tambi\u00e9n interact\u00faa con los receptores sigma 1-3 y el transportador de serotonina. No hay actividad opioide presente en la droga, ni act\u00faa como un inhibidor de la recaptaci\u00f3n de dopamina. Comprar 3-MeO-PCP en l\u00ednea<\/p>\n<p>&nbsp;<\/p>\n<p><strong>\u00bfQu\u00e9 hace que comprar el medicamento 3-MEO PCP en l\u00ednea sea lo mejor?<\/strong><\/p>\n<p>Usted Es posible que desee solicitar el medicamento 25i NBOME en l\u00ednea si est\u00e1 buscando una forma de tratamiento sin preocuparse por los efectos secundarios o cu\u00e1nto cuesta en su farmacia local. Adem\u00e1s, la mayor\u00eda considera que comprar estos medicamentos en l\u00ednea es mucho m\u00e1s conveniente y econ\u00f3mico que comprarlos en persona. Comprar 3-MeO-PCP en l\u00ednea<\/p>\n<p>&nbsp;<\/p>\n<p><strong>El mejor lugar para ordenar Medicamento para 3-MEO PCP<\/strong><\/p>\n<p>El mejor lugar para comprar Medicamento para 3-MEO PCP en l\u00ednea es una farmacia o tienda en l\u00ednea acreditada. Siempre debe asegurarse de que la empresa que vende este producto tenga la licencia de la FDA y est\u00e9 certificada por otra agencia, como la Asociaci\u00f3n Nacional de Juntas de Farmacia (NABP). Esto garantizar\u00e1 que sigan pautas estrictas al distribuir sus productos a nivel nacional en todo el pa\u00eds.<\/p>\n<p>Y <a href=\"https:\/\/gooddealersmeds.com\/es\/product\/3-meo-pcp-drug \/\">Good Dealers Meds<\/a> es un lugar que cumple todos los requisitos de la lista de requisitos.<\/p>\n","protected":false},"excerpt":{"rendered":"<p>Compre el medicamento 3-MeO-PCP en l\u00ednea al por mayor del fabricante, de alta calidad a un precio bajo con env\u00edo a todo el mundo.3-meo-pcp con el nombre formal de 1-[1-(3-metoxifenil)ciclohexil]-piperidina est\u00e1 clasificado como un compuesto disociativo.<\/p>\n","protected":false},"featured_media":1897,"comment_status":"open","ping_status":"closed","template":"","meta":{"inline_featured_image":false},"product_brand":[],"product_cat":[344],"product_tag":[],"class_list":{"0":"post-1891","1":"product","2":"type-product","3":"status-publish","4":"has-post-thumbnail","6":"product_cat-productos-qumicos-de-investigacin","8":"first","9":"instock","10":"shipping-taxable","11":"purchasable","12":"product-type-variable","13":"has-default-attributes"},"yoast_head":"<!-- This site is optimized with the Yoast SEO Premium plugin v20.6 (Yoast SEO v27.3) - https:\/\/yoast.com\/product\/yoast-seo-premium-wordpress\/ -->\n<title>Comprar 3-MeO-PCP en l\u00ednea | 3-MeO-PCP a la venta<\/title>\n<meta name=\"description\" content=\"Comprar 3-MeO-PCP en l\u00ednea al por mayor del fabricante en Good Dealers Meds, alta calidad a un precio bajo con env\u00edo a todo el mundo.\" \/>\n<meta name=\"robots\" content=\"index, follow, max-snippet:-1, max-image-preview:large, max-video-preview:-1\" \/>\n<link rel=\"canonical\" href=\"https:\/\/gooddealersmeds.com\/es\/product\/3-meo-pcp-droga\/\" \/>\n<meta property=\"og:locale\" content=\"en_US\" \/>\n<meta property=\"og:type\" content=\"article\" \/>\n<meta property=\"og:title\" content=\"Compre el medicamento 3-MEO PCP\" \/>\n<meta property=\"og:description\" content=\"Comprar 3-MeO-PCP en l\u00ednea al por mayor del fabricante en Good Dealers Meds, alta calidad a un precio bajo con env\u00edo a todo el mundo.\" \/>\n<meta property=\"og:url\" content=\"https:\/\/gooddealersmeds.com\/es\/product\/3-meo-pcp-droga\/\" \/>\n<meta property=\"og:site_name\" content=\"Good Dealers Meds\" \/>\n<meta property=\"article:modified_time\" content=\"2023-01-01T22:46:33+00:00\" \/>\n<meta property=\"og:image\" content=\"https:\/\/gooddealersmeds.com\/es\/wp-content\/uploads\/sites\/4\/2022\/07\/3-MEO-PCP-Drug.jpg\" \/>\n\t<meta property=\"og:image:width\" content=\"600\" \/>\n\t<meta property=\"og:image:height\" content=\"600\" \/>\n\t<meta property=\"og:image:type\" content=\"image\/jpeg\" \/>\n<meta name=\"twitter:card\" content=\"summary_large_image\" \/>\n<meta name=\"twitter:label1\" content=\"Est. reading time\" \/>\n\t<meta name=\"twitter:data1\" content=\"1 minute\" \/>\n<script type=\"application\/ld+json\" class=\"yoast-schema-graph\">{\"@context\":\"https:\\\/\\\/schema.org\",\"@graph\":[{\"@type\":\"WebPage\",\"@id\":\"https:\\\/\\\/gooddealersmeds.com\\\/es\\\/product\\\/3-meo-pcp-droga\\\/\",\"url\":\"https:\\\/\\\/gooddealersmeds.com\\\/es\\\/product\\\/3-meo-pcp-droga\\\/\",\"name\":\"Comprar 3-MeO-PCP en l\u00ednea | 3-MeO-PCP a la venta\",\"isPartOf\":{\"@id\":\"https:\\\/\\\/gooddealersmeds.com\\\/es\\\/#website\"},\"primaryImageOfPage\":{\"@id\":\"https:\\\/\\\/gooddealersmeds.com\\\/es\\\/product\\\/3-meo-pcp-droga\\\/#primaryimage\"},\"image\":{\"@id\":\"https:\\\/\\\/gooddealersmeds.com\\\/es\\\/product\\\/3-meo-pcp-droga\\\/#primaryimage\"},\"thumbnailUrl\":\"https:\\\/\\\/gooddealersmeds.com\\\/es\\\/wp-content\\\/uploads\\\/sites\\\/4\\\/2022\\\/07\\\/3-MEO-PCP-Drug.jpg\",\"datePublished\":\"2022-07-03T11:48:53+00:00\",\"dateModified\":\"2023-01-01T22:46:33+00:00\",\"description\":\"Comprar 3-MeO-PCP en l\u00ednea al por mayor del fabricante en Good Dealers Meds, alta calidad a un precio bajo con env\u00edo a todo el mundo.\",\"breadcrumb\":{\"@id\":\"https:\\\/\\\/gooddealersmeds.com\\\/es\\\/product\\\/3-meo-pcp-droga\\\/#breadcrumb\"},\"inLanguage\":\"en-US\",\"potentialAction\":[{\"@type\":\"ReadAction\",\"target\":[\"https:\\\/\\\/gooddealersmeds.com\\\/es\\\/product\\\/3-meo-pcp-droga\\\/\"]}]},{\"@type\":\"ImageObject\",\"inLanguage\":\"en-US\",\"@id\":\"https:\\\/\\\/gooddealersmeds.com\\\/es\\\/product\\\/3-meo-pcp-droga\\\/#primaryimage\",\"url\":\"https:\\\/\\\/gooddealersmeds.com\\\/es\\\/wp-content\\\/uploads\\\/sites\\\/4\\\/2022\\\/07\\\/3-MEO-PCP-Drug.jpg\",\"contentUrl\":\"https:\\\/\\\/gooddealersmeds.com\\\/es\\\/wp-content\\\/uploads\\\/sites\\\/4\\\/2022\\\/07\\\/3-MEO-PCP-Drug.jpg\",\"width\":600,\"height\":600,\"caption\":\"Buy 3-MeO-PCP Drug Online\"},{\"@type\":\"BreadcrumbList\",\"@id\":\"https:\\\/\\\/gooddealersmeds.com\\\/es\\\/product\\\/3-meo-pcp-droga\\\/#breadcrumb\",\"itemListElement\":[{\"@type\":\"ListItem\",\"position\":1,\"name\":\"Home\",\"item\":\"https:\\\/\\\/gooddealersmeds.com\\\/es\\\/\"},{\"@type\":\"ListItem\",\"position\":2,\"name\":\"Productos\",\"item\":\"https:\\\/\\\/gooddealersmeds.com\\\/es\\\/productos\\\/\"},{\"@type\":\"ListItem\",\"position\":3,\"name\":\"Compre el medicamento 3-MEO PCP\"}]},{\"@type\":\"WebSite\",\"@id\":\"https:\\\/\\\/gooddealersmeds.com\\\/es\\\/#website\",\"url\":\"https:\\\/\\\/gooddealersmeds.com\\\/es\\\/\",\"name\":\"Good Dealers Meds\",\"description\":\"All our best\",\"publisher\":{\"@id\":\"https:\\\/\\\/gooddealersmeds.com\\\/es\\\/#organization\"},\"potentialAction\":[{\"@type\":\"SearchAction\",\"target\":{\"@type\":\"EntryPoint\",\"urlTemplate\":\"https:\\\/\\\/gooddealersmeds.com\\\/es\\\/?s={search_term_string}\"},\"query-input\":{\"@type\":\"PropertyValueSpecification\",\"valueRequired\":true,\"valueName\":\"search_term_string\"}}],\"inLanguage\":\"en-US\"},{\"@type\":\"Organization\",\"@id\":\"https:\\\/\\\/gooddealersmeds.com\\\/es\\\/#organization\",\"name\":\"Good Dealers Meds\",\"url\":\"https:\\\/\\\/gooddealersmeds.com\\\/es\\\/\",\"logo\":{\"@type\":\"ImageObject\",\"inLanguage\":\"en-US\",\"@id\":\"https:\\\/\\\/gooddealersmeds.com\\\/es\\\/#\\\/schema\\\/logo\\\/image\\\/\",\"url\":\"https:\\\/\\\/gooddealersmeds.com\\\/es\\\/wp-content\\\/uploads\\\/sites\\\/4\\\/2022\\\/03\\\/gooddealersmeds__logo__20220317T222800Z.00.png\",\"contentUrl\":\"https:\\\/\\\/gooddealersmeds.com\\\/es\\\/wp-content\\\/uploads\\\/sites\\\/4\\\/2022\\\/03\\\/gooddealersmeds__logo__20220317T222800Z.00.png\",\"width\":500,\"height\":325,\"caption\":\"Good Dealers Meds\"},\"image\":{\"@id\":\"https:\\\/\\\/gooddealersmeds.com\\\/es\\\/#\\\/schema\\\/logo\\\/image\\\/\"}}]}<\/script>\n<!-- \/ Yoast SEO Premium plugin. -->","yoast_head_json":{"title":"Comprar 3-MeO-PCP en l\u00ednea | 3-MeO-PCP a la venta","description":"Comprar 3-MeO-PCP en l\u00ednea al por mayor del fabricante en Good Dealers Meds, alta calidad a un precio bajo con env\u00edo a todo el mundo.","robots":{"index":"index","follow":"follow","max-snippet":"max-snippet:-1","max-image-preview":"max-image-preview:large","max-video-preview":"max-video-preview:-1"},"canonical":"https:\/\/gooddealersmeds.com\/es\/product\/3-meo-pcp-droga\/","og_locale":"en_US","og_type":"article","og_title":"Compre el medicamento 3-MEO PCP","og_description":"Comprar 3-MeO-PCP en l\u00ednea al por mayor del fabricante en Good Dealers Meds, alta calidad a un precio bajo con env\u00edo a todo el mundo.","og_url":"https:\/\/gooddealersmeds.com\/es\/product\/3-meo-pcp-droga\/","og_site_name":"Good Dealers Meds","article_modified_time":"2023-01-01T22:46:33+00:00","og_image":[{"width":600,"height":600,"url":"https:\/\/gooddealersmeds.com\/es\/wp-content\/uploads\/sites\/4\/2022\/07\/3-MEO-PCP-Drug.jpg","type":"image\/jpeg"}],"twitter_card":"summary_large_image","twitter_misc":{"Est. reading time":"1 minute"},"schema":{"@context":"https:\/\/schema.org","@graph":[{"@type":"WebPage","@id":"https:\/\/gooddealersmeds.com\/es\/product\/3-meo-pcp-droga\/","url":"https:\/\/gooddealersmeds.com\/es\/product\/3-meo-pcp-droga\/","name":"Comprar 3-MeO-PCP en l\u00ednea | 3-MeO-PCP a la venta","isPartOf":{"@id":"https:\/\/gooddealersmeds.com\/es\/#website"},"primaryImageOfPage":{"@id":"https:\/\/gooddealersmeds.com\/es\/product\/3-meo-pcp-droga\/#primaryimage"},"image":{"@id":"https:\/\/gooddealersmeds.com\/es\/product\/3-meo-pcp-droga\/#primaryimage"},"thumbnailUrl":"https:\/\/gooddealersmeds.com\/es\/wp-content\/uploads\/sites\/4\/2022\/07\/3-MEO-PCP-Drug.jpg","datePublished":"2022-07-03T11:48:53+00:00","dateModified":"2023-01-01T22:46:33+00:00","description":"Comprar 3-MeO-PCP en l\u00ednea al por mayor del fabricante en Good Dealers Meds, alta calidad a un precio bajo con env\u00edo a todo el mundo.","breadcrumb":{"@id":"https:\/\/gooddealersmeds.com\/es\/product\/3-meo-pcp-droga\/#breadcrumb"},"inLanguage":"en-US","potentialAction":[{"@type":"ReadAction","target":["https:\/\/gooddealersmeds.com\/es\/product\/3-meo-pcp-droga\/"]}]},{"@type":"ImageObject","inLanguage":"en-US","@id":"https:\/\/gooddealersmeds.com\/es\/product\/3-meo-pcp-droga\/#primaryimage","url":"https:\/\/gooddealersmeds.com\/es\/wp-content\/uploads\/sites\/4\/2022\/07\/3-MEO-PCP-Drug.jpg","contentUrl":"https:\/\/gooddealersmeds.com\/es\/wp-content\/uploads\/sites\/4\/2022\/07\/3-MEO-PCP-Drug.jpg","width":600,"height":600,"caption":"Buy 3-MeO-PCP Drug Online"},{"@type":"BreadcrumbList","@id":"https:\/\/gooddealersmeds.com\/es\/product\/3-meo-pcp-droga\/#breadcrumb","itemListElement":[{"@type":"ListItem","position":1,"name":"Home","item":"https:\/\/gooddealersmeds.com\/es\/"},{"@type":"ListItem","position":2,"name":"Productos","item":"https:\/\/gooddealersmeds.com\/es\/productos\/"},{"@type":"ListItem","position":3,"name":"Compre el medicamento 3-MEO PCP"}]},{"@type":"WebSite","@id":"https:\/\/gooddealersmeds.com\/es\/#website","url":"https:\/\/gooddealersmeds.com\/es\/","name":"Good Dealers Meds","description":"All our best","publisher":{"@id":"https:\/\/gooddealersmeds.com\/es\/#organization"},"potentialAction":[{"@type":"SearchAction","target":{"@type":"EntryPoint","urlTemplate":"https:\/\/gooddealersmeds.com\/es\/?s={search_term_string}"},"query-input":{"@type":"PropertyValueSpecification","valueRequired":true,"valueName":"search_term_string"}}],"inLanguage":"en-US"},{"@type":"Organization","@id":"https:\/\/gooddealersmeds.com\/es\/#organization","name":"Good Dealers Meds","url":"https:\/\/gooddealersmeds.com\/es\/","logo":{"@type":"ImageObject","inLanguage":"en-US","@id":"https:\/\/gooddealersmeds.com\/es\/#\/schema\/logo\/image\/","url":"https:\/\/gooddealersmeds.com\/es\/wp-content\/uploads\/sites\/4\/2022\/03\/gooddealersmeds__logo__20220317T222800Z.00.png","contentUrl":"https:\/\/gooddealersmeds.com\/es\/wp-content\/uploads\/sites\/4\/2022\/03\/gooddealersmeds__logo__20220317T222800Z.00.png","width":500,"height":325,"caption":"Good Dealers Meds"},"image":{"@id":"https:\/\/gooddealersmeds.com\/es\/#\/schema\/logo\/image\/"}}]}},"_links":{"self":[{"href":"https:\/\/gooddealersmeds.com\/es\/wp-json\/wp\/v2\/product\/1891","targetHints":{"allow":["GET"]}}],"collection":[{"href":"https:\/\/gooddealersmeds.com\/es\/wp-json\/wp\/v2\/product"}],"about":[{"href":"https:\/\/gooddealersmeds.com\/es\/wp-json\/wp\/v2\/types\/product"}],"replies":[{"embeddable":true,"href":"https:\/\/gooddealersmeds.com\/es\/wp-json\/wp\/v2\/comments?post=1891"}],"wp:featuredmedia":[{"embeddable":true,"href":"https:\/\/gooddealersmeds.com\/es\/wp-json\/wp\/v2\/media\/1897"}],"wp:attachment":[{"href":"https:\/\/gooddealersmeds.com\/es\/wp-json\/wp\/v2\/media?parent=1891"}],"wp:term":[{"taxonomy":"product_brand","embeddable":true,"href":"https:\/\/gooddealersmeds.com\/es\/wp-json\/wp\/v2\/product_brand?post=1891"},{"taxonomy":"product_cat","embeddable":true,"href":"https:\/\/gooddealersmeds.com\/es\/wp-json\/wp\/v2\/product_cat?post=1891"},{"taxonomy":"product_tag","embeddable":true,"href":"https:\/\/gooddealersmeds.com\/es\/wp-json\/wp\/v2\/product_tag?post=1891"}],"curies":[{"name":"wp","href":"https:\/\/api.w.org\/{rel}","templated":true}]}}