{"id":1877,"date":"2022-07-03T11:36:36","date_gmt":"2022-07-03T11:36:36","guid":{"rendered":"https:\/\/gooddealersmeds.com\/es\/?post_type=product&#038;p=1877"},"modified":"2023-01-01T22:56:17","modified_gmt":"2023-01-01T22:56:17","slug":"4-cec-droga","status":"publish","type":"product","link":"https:\/\/gooddealersmeds.com\/es\/product\/4-cec-droga\/","title":{"rendered":"Compre el medicamento 4-CEC en l\u00ednea"},"content":{"rendered":"<h2>Compre el medicamento 4-CEC en l\u00ednea de Good Dealers Meds<\/h2>\n<p><strong>\u00a0<\/strong><\/p>\n<p>El medicamento 4-CEC en l\u00ednea es un nuevo tipo de medicamento que tiene ha sido desarrollado para ayudar a las personas que sufren de dolor cr\u00f3nico. Puede ser utilizado por pacientes que han sufrido de dolor cr\u00f3nico durante mucho tiempo, como dolor de espalda o ci\u00e1tica.<\/p>\n<p>Este medicamento est\u00e1 disponible en forma de tabletas, pero tambi\u00e9n puede tomarse por v\u00eda sublingual simplemente colocando una pieza debajo de la lengua durante 30 segundos o dos piezas a la vez si prefiere este m\u00e9todo en lugar de masticar o tragar las tabletas enteras.<\/p>\n<p>&nbsp;<\/p>\n<p><strong>Razones para comprar el medicamento 4-CEC En l\u00ednea.<\/strong><\/p>\n<p>Debe considerar <a href=\"https:\/\/infoboerse-neue-drogen.de\/substanzen\/4-cec-4-chloroethcathinon\/\">4-CEC<\/a> Medicamentos en l\u00ednea porque se ha demostrado que funciona m\u00e1s r\u00e1pido que otros medicamentos. Los usuarios notar\u00e1n una mejora en su condici\u00f3n a los pocos d\u00edas de usar este medicamento. Los beneficios de usar el medicamento 4-CEC en l\u00ednea incluyen:<\/p>\n<p>&nbsp;<\/p>\n<ol>\n<li>Reduce el riesgo de sufrir m\u00e1s lesiones y lo ayuda a recuperarse m\u00e1s r\u00e1pido de su lesi\u00f3n actual;<\/li>\n<li>Ayuda a reducir la inflamaci\u00f3n y reduce la hinchaz\u00f3n por lo que mejora su movilidad;<\/li>\n<li>Alivia los espasmos musculares y mejora la movilidad al reducir el dolor y la rigidez;<\/li>\n<li>Ayuda a aliviar la ansiedad y depresi\u00f3n mientras mejora su estado de \u00e1nimo general;<\/li>\n<li>Ayuda a restaurar el equilibrio de su cuerpo despu\u00e9s de un accidente o una cirug\u00eda al reducir la inflamaci\u00f3n en el \u00e1rea lesionada;<\/li>\n<li>Funciona mejor que la mayor\u00eda de los otros medicamentos en el mercado hoy porque no tiene efectos secundarios negativos como boca seca o estre\u00f1imiento.<\/li>\n<\/ol>\n<p>&nbsp;<\/p>\n<p><strong>\u00bfD\u00f3nde comprar medicamentos 4-CEC en l\u00ednea? <\/strong><\/p>\n<p>El mejor lugar para <a href=\"https:\/\/gooddealersmeds.com\/es\/product\/4-cec-drug\/\">comprar Medicamentos 4-CEC Online<\/a> es Great Dealers Meds. Ofrecen muchos tipos diferentes de medicamentos a bajo costo, por lo que puede obtener exactamente lo que necesita sin preocuparse por gastar m\u00e1s dinero de lo que hab\u00eda pensado. Compre el medicamento 4-CEC en l\u00ednea.<\/p>\n","protected":false},"excerpt":{"rendered":"<p>Compre el f\u00e1rmaco 4-CEC en l\u00ednea, la 4-cloromethcatinona es un f\u00e1rmaco estimulante de la clase de las catinonas que se ha vendido en l\u00ednea como f\u00e1rmaco de dise\u00f1o. Es similar al 4-CMC (an\u00e1logo 4-CMC).<\/p>\n","protected":false},"featured_media":1884,"comment_status":"open","ping_status":"closed","template":"","meta":{"inline_featured_image":false},"product_brand":[],"product_cat":[344],"product_tag":[],"class_list":{"0":"post-1877","1":"product","2":"type-product","3":"status-publish","4":"has-post-thumbnail","6":"product_cat-productos-qumicos-de-investigacin","8":"first","9":"instock","10":"shipping-taxable","11":"purchasable","12":"product-type-variable","13":"has-default-attributes"},"yoast_head":"<!-- This site is optimized with the Yoast SEO Premium plugin v20.6 (Yoast SEO v27.3) - https:\/\/yoast.com\/product\/yoast-seo-premium-wordpress\/ -->\n<title>Comprar 4-CEC en l\u00ednea - (4-cloroetcatinona) | Good Dealers Meds<\/title>\n<meta name=\"description\" content=\"Comprar 4-CEC en l\u00ednea. Es una droga estimulante de la clase de las catinonas que se ha vendido en l\u00ednea como droga de dise\u00f1o. Es similar con 4-CMC.\" \/>\n<meta name=\"robots\" content=\"index, follow, max-snippet:-1, max-image-preview:large, max-video-preview:-1\" \/>\n<link rel=\"canonical\" href=\"https:\/\/gooddealersmeds.com\/es\/product\/4-cec-droga\/\" \/>\n<meta property=\"og:locale\" content=\"en_US\" \/>\n<meta property=\"og:type\" content=\"article\" \/>\n<meta property=\"og:title\" content=\"Compre el medicamento 4-CEC en l\u00ednea\" \/>\n<meta property=\"og:description\" content=\"Comprar 4-CEC en l\u00ednea. Es una droga estimulante de la clase de las catinonas que se ha vendido en l\u00ednea como droga de dise\u00f1o. Es similar con 4-CMC.\" \/>\n<meta property=\"og:url\" content=\"https:\/\/gooddealersmeds.com\/es\/product\/4-cec-droga\/\" \/>\n<meta property=\"og:site_name\" content=\"Good Dealers Meds\" \/>\n<meta property=\"article:modified_time\" content=\"2023-01-01T22:56:17+00:00\" \/>\n<meta property=\"og:image\" content=\"https:\/\/gooddealersmeds.com\/es\/wp-content\/uploads\/sites\/4\/2022\/07\/4-CEC.jpg\" \/>\n\t<meta property=\"og:image:width\" content=\"600\" \/>\n\t<meta property=\"og:image:height\" content=\"600\" \/>\n\t<meta property=\"og:image:type\" content=\"image\/jpeg\" \/>\n<meta name=\"twitter:card\" content=\"summary_large_image\" \/>\n<meta name=\"twitter:label1\" content=\"Est. reading time\" \/>\n\t<meta name=\"twitter:data1\" content=\"2 minutes\" \/>\n<script type=\"application\/ld+json\" class=\"yoast-schema-graph\">{\"@context\":\"https:\\\/\\\/schema.org\",\"@graph\":[{\"@type\":\"WebPage\",\"@id\":\"https:\\\/\\\/gooddealersmeds.com\\\/es\\\/product\\\/4-cec-droga\\\/\",\"url\":\"https:\\\/\\\/gooddealersmeds.com\\\/es\\\/product\\\/4-cec-droga\\\/\",\"name\":\"Comprar 4-CEC en l\u00ednea - (4-cloroetcatinona) | Good Dealers Meds\",\"isPartOf\":{\"@id\":\"https:\\\/\\\/gooddealersmeds.com\\\/es\\\/#website\"},\"primaryImageOfPage\":{\"@id\":\"https:\\\/\\\/gooddealersmeds.com\\\/es\\\/product\\\/4-cec-droga\\\/#primaryimage\"},\"image\":{\"@id\":\"https:\\\/\\\/gooddealersmeds.com\\\/es\\\/product\\\/4-cec-droga\\\/#primaryimage\"},\"thumbnailUrl\":\"https:\\\/\\\/gooddealersmeds.com\\\/es\\\/wp-content\\\/uploads\\\/sites\\\/4\\\/2022\\\/07\\\/4-CEC.jpg\",\"datePublished\":\"2022-07-03T11:36:36+00:00\",\"dateModified\":\"2023-01-01T22:56:17+00:00\",\"description\":\"Comprar 4-CEC en l\u00ednea. Es una droga estimulante de la clase de las catinonas que se ha vendido en l\u00ednea como droga de dise\u00f1o. Es similar con 4-CMC.\",\"breadcrumb\":{\"@id\":\"https:\\\/\\\/gooddealersmeds.com\\\/es\\\/product\\\/4-cec-droga\\\/#breadcrumb\"},\"inLanguage\":\"en-US\",\"potentialAction\":[{\"@type\":\"ReadAction\",\"target\":[\"https:\\\/\\\/gooddealersmeds.com\\\/es\\\/product\\\/4-cec-droga\\\/\"]}]},{\"@type\":\"ImageObject\",\"inLanguage\":\"en-US\",\"@id\":\"https:\\\/\\\/gooddealersmeds.com\\\/es\\\/product\\\/4-cec-droga\\\/#primaryimage\",\"url\":\"https:\\\/\\\/gooddealersmeds.com\\\/es\\\/wp-content\\\/uploads\\\/sites\\\/4\\\/2022\\\/07\\\/4-CEC.jpg\",\"contentUrl\":\"https:\\\/\\\/gooddealersmeds.com\\\/es\\\/wp-content\\\/uploads\\\/sites\\\/4\\\/2022\\\/07\\\/4-CEC.jpg\",\"width\":600,\"height\":600,\"caption\":\"Buy 4-CEC Drug Online\"},{\"@type\":\"BreadcrumbList\",\"@id\":\"https:\\\/\\\/gooddealersmeds.com\\\/es\\\/product\\\/4-cec-droga\\\/#breadcrumb\",\"itemListElement\":[{\"@type\":\"ListItem\",\"position\":1,\"name\":\"Home\",\"item\":\"https:\\\/\\\/gooddealersmeds.com\\\/es\\\/\"},{\"@type\":\"ListItem\",\"position\":2,\"name\":\"Productos\",\"item\":\"https:\\\/\\\/gooddealersmeds.com\\\/es\\\/productos\\\/\"},{\"@type\":\"ListItem\",\"position\":3,\"name\":\"Compre el medicamento 4-CEC en l\u00ednea\"}]},{\"@type\":\"WebSite\",\"@id\":\"https:\\\/\\\/gooddealersmeds.com\\\/es\\\/#website\",\"url\":\"https:\\\/\\\/gooddealersmeds.com\\\/es\\\/\",\"name\":\"Good Dealers Meds\",\"description\":\"All our best\",\"publisher\":{\"@id\":\"https:\\\/\\\/gooddealersmeds.com\\\/es\\\/#organization\"},\"potentialAction\":[{\"@type\":\"SearchAction\",\"target\":{\"@type\":\"EntryPoint\",\"urlTemplate\":\"https:\\\/\\\/gooddealersmeds.com\\\/es\\\/?s={search_term_string}\"},\"query-input\":{\"@type\":\"PropertyValueSpecification\",\"valueRequired\":true,\"valueName\":\"search_term_string\"}}],\"inLanguage\":\"en-US\"},{\"@type\":\"Organization\",\"@id\":\"https:\\\/\\\/gooddealersmeds.com\\\/es\\\/#organization\",\"name\":\"Good Dealers Meds\",\"url\":\"https:\\\/\\\/gooddealersmeds.com\\\/es\\\/\",\"logo\":{\"@type\":\"ImageObject\",\"inLanguage\":\"en-US\",\"@id\":\"https:\\\/\\\/gooddealersmeds.com\\\/es\\\/#\\\/schema\\\/logo\\\/image\\\/\",\"url\":\"https:\\\/\\\/gooddealersmeds.com\\\/es\\\/wp-content\\\/uploads\\\/sites\\\/4\\\/2022\\\/03\\\/gooddealersmeds__logo__20220317T222800Z.00.png\",\"contentUrl\":\"https:\\\/\\\/gooddealersmeds.com\\\/es\\\/wp-content\\\/uploads\\\/sites\\\/4\\\/2022\\\/03\\\/gooddealersmeds__logo__20220317T222800Z.00.png\",\"width\":500,\"height\":325,\"caption\":\"Good Dealers Meds\"},\"image\":{\"@id\":\"https:\\\/\\\/gooddealersmeds.com\\\/es\\\/#\\\/schema\\\/logo\\\/image\\\/\"}}]}<\/script>\n<!-- \/ Yoast SEO Premium plugin. -->","yoast_head_json":{"title":"Comprar 4-CEC en l\u00ednea - (4-cloroetcatinona) | Good Dealers Meds","description":"Comprar 4-CEC en l\u00ednea. Es una droga estimulante de la clase de las catinonas que se ha vendido en l\u00ednea como droga de dise\u00f1o. Es similar con 4-CMC.","robots":{"index":"index","follow":"follow","max-snippet":"max-snippet:-1","max-image-preview":"max-image-preview:large","max-video-preview":"max-video-preview:-1"},"canonical":"https:\/\/gooddealersmeds.com\/es\/product\/4-cec-droga\/","og_locale":"en_US","og_type":"article","og_title":"Compre el medicamento 4-CEC en l\u00ednea","og_description":"Comprar 4-CEC en l\u00ednea. Es una droga estimulante de la clase de las catinonas que se ha vendido en l\u00ednea como droga de dise\u00f1o. Es similar con 4-CMC.","og_url":"https:\/\/gooddealersmeds.com\/es\/product\/4-cec-droga\/","og_site_name":"Good Dealers Meds","article_modified_time":"2023-01-01T22:56:17+00:00","og_image":[{"width":600,"height":600,"url":"https:\/\/gooddealersmeds.com\/es\/wp-content\/uploads\/sites\/4\/2022\/07\/4-CEC.jpg","type":"image\/jpeg"}],"twitter_card":"summary_large_image","twitter_misc":{"Est. reading time":"2 minutes"},"schema":{"@context":"https:\/\/schema.org","@graph":[{"@type":"WebPage","@id":"https:\/\/gooddealersmeds.com\/es\/product\/4-cec-droga\/","url":"https:\/\/gooddealersmeds.com\/es\/product\/4-cec-droga\/","name":"Comprar 4-CEC en l\u00ednea - (4-cloroetcatinona) | Good Dealers Meds","isPartOf":{"@id":"https:\/\/gooddealersmeds.com\/es\/#website"},"primaryImageOfPage":{"@id":"https:\/\/gooddealersmeds.com\/es\/product\/4-cec-droga\/#primaryimage"},"image":{"@id":"https:\/\/gooddealersmeds.com\/es\/product\/4-cec-droga\/#primaryimage"},"thumbnailUrl":"https:\/\/gooddealersmeds.com\/es\/wp-content\/uploads\/sites\/4\/2022\/07\/4-CEC.jpg","datePublished":"2022-07-03T11:36:36+00:00","dateModified":"2023-01-01T22:56:17+00:00","description":"Comprar 4-CEC en l\u00ednea. Es una droga estimulante de la clase de las catinonas que se ha vendido en l\u00ednea como droga de dise\u00f1o. Es similar con 4-CMC.","breadcrumb":{"@id":"https:\/\/gooddealersmeds.com\/es\/product\/4-cec-droga\/#breadcrumb"},"inLanguage":"en-US","potentialAction":[{"@type":"ReadAction","target":["https:\/\/gooddealersmeds.com\/es\/product\/4-cec-droga\/"]}]},{"@type":"ImageObject","inLanguage":"en-US","@id":"https:\/\/gooddealersmeds.com\/es\/product\/4-cec-droga\/#primaryimage","url":"https:\/\/gooddealersmeds.com\/es\/wp-content\/uploads\/sites\/4\/2022\/07\/4-CEC.jpg","contentUrl":"https:\/\/gooddealersmeds.com\/es\/wp-content\/uploads\/sites\/4\/2022\/07\/4-CEC.jpg","width":600,"height":600,"caption":"Buy 4-CEC Drug Online"},{"@type":"BreadcrumbList","@id":"https:\/\/gooddealersmeds.com\/es\/product\/4-cec-droga\/#breadcrumb","itemListElement":[{"@type":"ListItem","position":1,"name":"Home","item":"https:\/\/gooddealersmeds.com\/es\/"},{"@type":"ListItem","position":2,"name":"Productos","item":"https:\/\/gooddealersmeds.com\/es\/productos\/"},{"@type":"ListItem","position":3,"name":"Compre el medicamento 4-CEC en l\u00ednea"}]},{"@type":"WebSite","@id":"https:\/\/gooddealersmeds.com\/es\/#website","url":"https:\/\/gooddealersmeds.com\/es\/","name":"Good Dealers Meds","description":"All our best","publisher":{"@id":"https:\/\/gooddealersmeds.com\/es\/#organization"},"potentialAction":[{"@type":"SearchAction","target":{"@type":"EntryPoint","urlTemplate":"https:\/\/gooddealersmeds.com\/es\/?s={search_term_string}"},"query-input":{"@type":"PropertyValueSpecification","valueRequired":true,"valueName":"search_term_string"}}],"inLanguage":"en-US"},{"@type":"Organization","@id":"https:\/\/gooddealersmeds.com\/es\/#organization","name":"Good Dealers Meds","url":"https:\/\/gooddealersmeds.com\/es\/","logo":{"@type":"ImageObject","inLanguage":"en-US","@id":"https:\/\/gooddealersmeds.com\/es\/#\/schema\/logo\/image\/","url":"https:\/\/gooddealersmeds.com\/es\/wp-content\/uploads\/sites\/4\/2022\/03\/gooddealersmeds__logo__20220317T222800Z.00.png","contentUrl":"https:\/\/gooddealersmeds.com\/es\/wp-content\/uploads\/sites\/4\/2022\/03\/gooddealersmeds__logo__20220317T222800Z.00.png","width":500,"height":325,"caption":"Good Dealers Meds"},"image":{"@id":"https:\/\/gooddealersmeds.com\/es\/#\/schema\/logo\/image\/"}}]}},"_links":{"self":[{"href":"https:\/\/gooddealersmeds.com\/es\/wp-json\/wp\/v2\/product\/1877","targetHints":{"allow":["GET"]}}],"collection":[{"href":"https:\/\/gooddealersmeds.com\/es\/wp-json\/wp\/v2\/product"}],"about":[{"href":"https:\/\/gooddealersmeds.com\/es\/wp-json\/wp\/v2\/types\/product"}],"replies":[{"embeddable":true,"href":"https:\/\/gooddealersmeds.com\/es\/wp-json\/wp\/v2\/comments?post=1877"}],"wp:featuredmedia":[{"embeddable":true,"href":"https:\/\/gooddealersmeds.com\/es\/wp-json\/wp\/v2\/media\/1884"}],"wp:attachment":[{"href":"https:\/\/gooddealersmeds.com\/es\/wp-json\/wp\/v2\/media?parent=1877"}],"wp:term":[{"taxonomy":"product_brand","embeddable":true,"href":"https:\/\/gooddealersmeds.com\/es\/wp-json\/wp\/v2\/product_brand?post=1877"},{"taxonomy":"product_cat","embeddable":true,"href":"https:\/\/gooddealersmeds.com\/es\/wp-json\/wp\/v2\/product_cat?post=1877"},{"taxonomy":"product_tag","embeddable":true,"href":"https:\/\/gooddealersmeds.com\/es\/wp-json\/wp\/v2\/product_tag?post=1877"}],"curies":[{"name":"wp","href":"https:\/\/api.w.org\/{rel}","templated":true}]}}