{"id":1875,"date":"2022-06-30T00:12:13","date_gmt":"2022-06-30T00:12:13","guid":{"rendered":"https:\/\/gooddealersmeds.com\/es\/?post_type=product&#038;p=1875"},"modified":"2023-01-01T23:16:31","modified_gmt":"2023-01-01T23:16:31","slug":"purpura-reina","status":"publish","type":"product","link":"https:\/\/gooddealersmeds.com\/es\/product\/purpura-reina\/","title":{"rendered":"Comprar marihuana Purple Queen en l\u00ednea"},"content":{"rendered":"<h2>Purple Queen Weed a la venta en l\u00ednea<\/h2>\n<p>Compre Purple Queen en l\u00ednea es un medicamento que se utiliza en el tratamiento de una amplia gama de afecciones. Ha sido aprobado por la FDA y muchos otros pa\u00edses en todo el mundo. Es un poderoso antidepresivo que act\u00faa bloqueando la transmisi\u00f3n de serotonina, norepinefrina, dopamina y otros neurotransmisores en el cerebro. Cuando esto suceda, se sentir\u00e1 m\u00e1s feliz, m\u00e1s relajado y tendr\u00e1 mejor humor.<\/p>\n<p>Purple Queen Online es un medicamento que se usa para tratar la depresi\u00f3n. Funciona promoviendo la producci\u00f3n de ciertas sustancias qu\u00edmicas en el cerebro. Compre Purple Queen en l\u00ednea<\/p>\n<p>Purple Queen Online no es para todos; solo debe usarse si ha probado otros medicamentos sin \u00e9xito.<\/p>\n<p>El la buena noticia es que Purple Queen Online ha sido aprobado por la FDA y generalmente se considera seguro de usar. Sin embargo, puede causar efectos secundarios en algunas personas, por lo que es importante que hable con su m\u00e9dico antes de tomar este medicamento si tiene alguna pregunta o inquietud sobre su uso.<\/p>\n<p>Purple Queen Online funciona mejor cuando se toma un horario regular, por lo que no se recomienda su uso como sustituto de la terapia o las sesiones de asesoramiento. Si decide probarlo sin consultar primero a su m\u00e9dico, d\u00edgale qu\u00e9 pasos planea seguir antes de comenzar el tratamiento con <a href=\"https:\/\/gooddealersmeds.com\/es\/product\/purpura-reina\/\">Purple Queen Online<\/a>.<\/p>\n<p>Purple Queen est\u00e1 disponible en forma de tabletas, que vienen en una botella que contiene 120 comprimidos (30 mg cada uno). Este medicamento debe tomarse por v\u00eda oral 30 minutos antes de las comidas con abundante agua.<\/p>\n<p><strong>\u00a0<\/strong><\/p>\n<p><strong>\u00bfPor qu\u00e9 comprar Purple Queen en l\u00ednea?<\/strong><\/p>\n<p>La mejor manera de obtener Purple Queen Online es compr\u00e1ndolo a un distribuidor de confianza que haya estado vendiendo drogas durante a\u00f1os. Puede confiar en ellos porque saben c\u00f3mo asegurarse de que obtenga el mejor medicamento para sus necesidades sin problemas ni efectos secundarios. Tienen un amplio conocimiento sobre los diferentes tipos de medicamentos y c\u00f3mo funcionan en su cuerpo, por lo que pueden encontrar el adecuado para usted de forma r\u00e1pida y sencilla.<\/p>\n<p>Puede comprar Purple Queen en l\u00ednea en Good Dealers Meds.<\/p>\n","protected":false},"excerpt":{"rendered":"<p>La Purple Queen es pura realeza \u00edndica. Al combinar los fenotipos morados m\u00e1s escurridizos y apreciados de las variedades de monta\u00f1a Kush, los maestros criadores de Royal Queen Seeds han desarrollado un h\u00edbrido Kush \u00fanico. Colores violetas vibrantes, aromas acre de combustible de pino y un efecto de coloc\u00f3n f\u00edsico profundamente penetrante son de esperar de Purple Queen.<\/p>\n","protected":false},"featured_media":1876,"comment_status":"open","ping_status":"closed","template":"","meta":{"inline_featured_image":false},"product_brand":[],"product_cat":[348],"product_tag":[470,469,488,452,464,453,454,455,456,457,458,460,483,484,462,463,473,477,478,487,479,480,481,459,461,490,489,451,472,468,485,471,465,466,482,467,411,474,475,476,486],"class_list":{"0":"post-1875","1":"product","2":"type-product","3":"status-publish","4":"has-post-thumbnail","6":"product_cat-marijuana","7":"product_tag-venta-de-aceite-de-cannabis-es","8":"product_tag-aceite-de-cannabis-en-venta-online","9":"product_tag-thc-aceite-de-cannabis-para-la-venta","10":"product_tag-can-i-buy-cannabis","11":"product_tag-cannabis-para-la-venta-online-uk","12":"product_tag-cannabis-buds-for-sale","13":"product_tag-cannabis-capsules-for-sale","14":"product_tag-cannabis-cigarettes-for-sale","15":"product_tag-cannabis-clones-for-sale","16":"product_tag-cannabis-cuttings-for-sale","17":"product_tag-cannabis-cuttings-for-sale-uk","18":"product_tag-cannabis-e-liquido-para-la-venta","19":"product_tag-legal-cannabis-para-la-venta","20":"product_tag-legal-cannabis-for-sale-uk","21":"product_tag-venta-de-cannabis","22":"product_tag-cannabis-para-la-venta-online","23":"product_tag-cannabis-plants-for-sale","24":"product_tag-cannabis-sale-uk","25":"product_tag-cannabis-seeds-for-sale-in-england","26":"product_tag-venta-de-cannabis-sintetico","27":"product_tag-cannabis-terpenes-for-sale","28":"product_tag-cannabis-vaporizer-for-sale","29":"product_tag-cheap-cannabis-seeds-for-sale","30":"product_tag-cannabis-cigarrillos-e-para-la-venta","31":"product_tag-cannabis-comestibles-para-la-venta","32":"product_tag-donde-pedir-cannabis","33":"product_tag-donde-puedo-conseguir-cannabis","34":"product_tag-100-aceite-de-cannabis-a-la-venta","35":"product_tag-venta-de-plantas-de-cannabis","36":"product_tag-venta-de-aceite-de-cannabis","37":"product_tag-venta-de-aceite-de-marihuana","38":"product_tag-comida-para-la-planta-de-cannabis-para-la-venta","39":"product_tag-venta-de-cannabis-es","40":"product_tag-venta-de-tiendas-de-cultivo-de-cannabis","41":"product_tag-hierba-cannabis-para-la-venta","42":"product_tag-canabis-luces-para-la-venta","43":"product_tag-venta-de-marihuana","44":"product_tag-plantas-de-cannabis-en-venta-es","45":"product_tag-venta-de-polen-de-cannabis","46":"product_tag-venta-de-resina-de-cannabis","47":"product_tag-venta-de-semillas-de-marihuana","49":"first","50":"instock","51":"shipping-taxable","52":"purchasable","53":"product-type-simple"},"yoast_head":"<!-- This site is optimized with the Yoast SEO Premium plugin v20.6 (Yoast SEO v27.3) - https:\/\/yoast.com\/product\/yoast-seo-premium-wordpress\/ -->\n<title>Compre Purple Queen en l\u00ednea | Ordene marihuana | Good Dealers Meds<\/title>\n<meta name=\"description\" content=\"Compre Purple Queen en l\u00ednea a precios asequibles y recibirlo en los pasos de su puerta. Enviamos a todo el mundo, Satisfacci\u00f3n Garantizada.\" \/>\n<meta name=\"robots\" content=\"index, follow, max-snippet:-1, max-image-preview:large, max-video-preview:-1\" \/>\n<link rel=\"canonical\" href=\"https:\/\/gooddealersmeds.com\/es\/product\/purpura-reina\/\" \/>\n<meta property=\"og:locale\" content=\"en_US\" \/>\n<meta property=\"og:type\" content=\"article\" \/>\n<meta property=\"og:title\" content=\"Comprar marihuana Purple Queen en l\u00ednea\" \/>\n<meta property=\"og:description\" content=\"Compre Purple Queen en l\u00ednea a precios asequibles y recibirlo en los pasos de su puerta. Enviamos a todo el mundo, Satisfacci\u00f3n Garantizada.\" \/>\n<meta property=\"og:url\" content=\"https:\/\/gooddealersmeds.com\/es\/product\/purpura-reina\/\" \/>\n<meta property=\"og:site_name\" content=\"Good Dealers Meds\" \/>\n<meta property=\"article:modified_time\" content=\"2023-01-01T23:16:31+00:00\" \/>\n<meta property=\"og:image\" content=\"https:\/\/gooddealersmeds.com\/es\/wp-content\/uploads\/sites\/4\/2022\/06\/PURPLE-QUEEN.jpg\" \/>\n\t<meta property=\"og:image:width\" content=\"600\" \/>\n\t<meta property=\"og:image:height\" content=\"600\" \/>\n\t<meta property=\"og:image:type\" content=\"image\/jpeg\" \/>\n<meta name=\"twitter:card\" content=\"summary_large_image\" \/>\n<meta name=\"twitter:label1\" content=\"Est. reading time\" \/>\n\t<meta name=\"twitter:data1\" content=\"2 minutes\" \/>\n<script type=\"application\/ld+json\" class=\"yoast-schema-graph\">{\"@context\":\"https:\\\/\\\/schema.org\",\"@graph\":[{\"@type\":\"WebPage\",\"@id\":\"https:\\\/\\\/gooddealersmeds.com\\\/es\\\/product\\\/purpura-reina\\\/\",\"url\":\"https:\\\/\\\/gooddealersmeds.com\\\/es\\\/product\\\/purpura-reina\\\/\",\"name\":\"Compre Purple Queen en l\u00ednea | Ordene marihuana | Good Dealers Meds\",\"isPartOf\":{\"@id\":\"https:\\\/\\\/gooddealersmeds.com\\\/es\\\/#website\"},\"primaryImageOfPage\":{\"@id\":\"https:\\\/\\\/gooddealersmeds.com\\\/es\\\/product\\\/purpura-reina\\\/#primaryimage\"},\"image\":{\"@id\":\"https:\\\/\\\/gooddealersmeds.com\\\/es\\\/product\\\/purpura-reina\\\/#primaryimage\"},\"thumbnailUrl\":\"https:\\\/\\\/gooddealersmeds.com\\\/es\\\/wp-content\\\/uploads\\\/sites\\\/4\\\/2022\\\/06\\\/PURPLE-QUEEN.jpg\",\"datePublished\":\"2022-06-30T00:12:13+00:00\",\"dateModified\":\"2023-01-01T23:16:31+00:00\",\"description\":\"Compre Purple Queen en l\u00ednea a precios asequibles y recibirlo en los pasos de su puerta. Enviamos a todo el mundo, Satisfacci\u00f3n Garantizada.\",\"breadcrumb\":{\"@id\":\"https:\\\/\\\/gooddealersmeds.com\\\/es\\\/product\\\/purpura-reina\\\/#breadcrumb\"},\"inLanguage\":\"en-US\",\"potentialAction\":[{\"@type\":\"ReadAction\",\"target\":[\"https:\\\/\\\/gooddealersmeds.com\\\/es\\\/product\\\/purpura-reina\\\/\"]}]},{\"@type\":\"ImageObject\",\"inLanguage\":\"en-US\",\"@id\":\"https:\\\/\\\/gooddealersmeds.com\\\/es\\\/product\\\/purpura-reina\\\/#primaryimage\",\"url\":\"https:\\\/\\\/gooddealersmeds.com\\\/es\\\/wp-content\\\/uploads\\\/sites\\\/4\\\/2022\\\/06\\\/PURPLE-QUEEN.jpg\",\"contentUrl\":\"https:\\\/\\\/gooddealersmeds.com\\\/es\\\/wp-content\\\/uploads\\\/sites\\\/4\\\/2022\\\/06\\\/PURPLE-QUEEN.jpg\",\"width\":600,\"height\":600,\"caption\":\"Buy Purple Queen Online\"},{\"@type\":\"BreadcrumbList\",\"@id\":\"https:\\\/\\\/gooddealersmeds.com\\\/es\\\/product\\\/purpura-reina\\\/#breadcrumb\",\"itemListElement\":[{\"@type\":\"ListItem\",\"position\":1,\"name\":\"Home\",\"item\":\"https:\\\/\\\/gooddealersmeds.com\\\/es\\\/\"},{\"@type\":\"ListItem\",\"position\":2,\"name\":\"Productos\",\"item\":\"https:\\\/\\\/gooddealersmeds.com\\\/es\\\/productos\\\/\"},{\"@type\":\"ListItem\",\"position\":3,\"name\":\"Comprar marihuana Purple Queen en l\u00ednea\"}]},{\"@type\":\"WebSite\",\"@id\":\"https:\\\/\\\/gooddealersmeds.com\\\/es\\\/#website\",\"url\":\"https:\\\/\\\/gooddealersmeds.com\\\/es\\\/\",\"name\":\"Good Dealers Meds\",\"description\":\"All our best\",\"publisher\":{\"@id\":\"https:\\\/\\\/gooddealersmeds.com\\\/es\\\/#organization\"},\"potentialAction\":[{\"@type\":\"SearchAction\",\"target\":{\"@type\":\"EntryPoint\",\"urlTemplate\":\"https:\\\/\\\/gooddealersmeds.com\\\/es\\\/?s={search_term_string}\"},\"query-input\":{\"@type\":\"PropertyValueSpecification\",\"valueRequired\":true,\"valueName\":\"search_term_string\"}}],\"inLanguage\":\"en-US\"},{\"@type\":\"Organization\",\"@id\":\"https:\\\/\\\/gooddealersmeds.com\\\/es\\\/#organization\",\"name\":\"Good Dealers Meds\",\"url\":\"https:\\\/\\\/gooddealersmeds.com\\\/es\\\/\",\"logo\":{\"@type\":\"ImageObject\",\"inLanguage\":\"en-US\",\"@id\":\"https:\\\/\\\/gooddealersmeds.com\\\/es\\\/#\\\/schema\\\/logo\\\/image\\\/\",\"url\":\"https:\\\/\\\/gooddealersmeds.com\\\/es\\\/wp-content\\\/uploads\\\/sites\\\/4\\\/2022\\\/03\\\/gooddealersmeds__logo__20220317T222800Z.00.png\",\"contentUrl\":\"https:\\\/\\\/gooddealersmeds.com\\\/es\\\/wp-content\\\/uploads\\\/sites\\\/4\\\/2022\\\/03\\\/gooddealersmeds__logo__20220317T222800Z.00.png\",\"width\":500,\"height\":325,\"caption\":\"Good Dealers Meds\"},\"image\":{\"@id\":\"https:\\\/\\\/gooddealersmeds.com\\\/es\\\/#\\\/schema\\\/logo\\\/image\\\/\"}}]}<\/script>\n<!-- \/ Yoast SEO Premium plugin. -->","yoast_head_json":{"title":"Compre Purple Queen en l\u00ednea | Ordene marihuana | Good Dealers Meds","description":"Compre Purple Queen en l\u00ednea a precios asequibles y recibirlo en los pasos de su puerta. Enviamos a todo el mundo, Satisfacci\u00f3n Garantizada.","robots":{"index":"index","follow":"follow","max-snippet":"max-snippet:-1","max-image-preview":"max-image-preview:large","max-video-preview":"max-video-preview:-1"},"canonical":"https:\/\/gooddealersmeds.com\/es\/product\/purpura-reina\/","og_locale":"en_US","og_type":"article","og_title":"Comprar marihuana Purple Queen en l\u00ednea","og_description":"Compre Purple Queen en l\u00ednea a precios asequibles y recibirlo en los pasos de su puerta. Enviamos a todo el mundo, Satisfacci\u00f3n Garantizada.","og_url":"https:\/\/gooddealersmeds.com\/es\/product\/purpura-reina\/","og_site_name":"Good Dealers Meds","article_modified_time":"2023-01-01T23:16:31+00:00","og_image":[{"width":600,"height":600,"url":"https:\/\/gooddealersmeds.com\/es\/wp-content\/uploads\/sites\/4\/2022\/06\/PURPLE-QUEEN.jpg","type":"image\/jpeg"}],"twitter_card":"summary_large_image","twitter_misc":{"Est. reading time":"2 minutes"},"schema":{"@context":"https:\/\/schema.org","@graph":[{"@type":"WebPage","@id":"https:\/\/gooddealersmeds.com\/es\/product\/purpura-reina\/","url":"https:\/\/gooddealersmeds.com\/es\/product\/purpura-reina\/","name":"Compre Purple Queen en l\u00ednea | Ordene marihuana | Good Dealers Meds","isPartOf":{"@id":"https:\/\/gooddealersmeds.com\/es\/#website"},"primaryImageOfPage":{"@id":"https:\/\/gooddealersmeds.com\/es\/product\/purpura-reina\/#primaryimage"},"image":{"@id":"https:\/\/gooddealersmeds.com\/es\/product\/purpura-reina\/#primaryimage"},"thumbnailUrl":"https:\/\/gooddealersmeds.com\/es\/wp-content\/uploads\/sites\/4\/2022\/06\/PURPLE-QUEEN.jpg","datePublished":"2022-06-30T00:12:13+00:00","dateModified":"2023-01-01T23:16:31+00:00","description":"Compre Purple Queen en l\u00ednea a precios asequibles y recibirlo en los pasos de su puerta. Enviamos a todo el mundo, Satisfacci\u00f3n Garantizada.","breadcrumb":{"@id":"https:\/\/gooddealersmeds.com\/es\/product\/purpura-reina\/#breadcrumb"},"inLanguage":"en-US","potentialAction":[{"@type":"ReadAction","target":["https:\/\/gooddealersmeds.com\/es\/product\/purpura-reina\/"]}]},{"@type":"ImageObject","inLanguage":"en-US","@id":"https:\/\/gooddealersmeds.com\/es\/product\/purpura-reina\/#primaryimage","url":"https:\/\/gooddealersmeds.com\/es\/wp-content\/uploads\/sites\/4\/2022\/06\/PURPLE-QUEEN.jpg","contentUrl":"https:\/\/gooddealersmeds.com\/es\/wp-content\/uploads\/sites\/4\/2022\/06\/PURPLE-QUEEN.jpg","width":600,"height":600,"caption":"Buy Purple Queen Online"},{"@type":"BreadcrumbList","@id":"https:\/\/gooddealersmeds.com\/es\/product\/purpura-reina\/#breadcrumb","itemListElement":[{"@type":"ListItem","position":1,"name":"Home","item":"https:\/\/gooddealersmeds.com\/es\/"},{"@type":"ListItem","position":2,"name":"Productos","item":"https:\/\/gooddealersmeds.com\/es\/productos\/"},{"@type":"ListItem","position":3,"name":"Comprar marihuana Purple Queen en l\u00ednea"}]},{"@type":"WebSite","@id":"https:\/\/gooddealersmeds.com\/es\/#website","url":"https:\/\/gooddealersmeds.com\/es\/","name":"Good Dealers Meds","description":"All our best","publisher":{"@id":"https:\/\/gooddealersmeds.com\/es\/#organization"},"potentialAction":[{"@type":"SearchAction","target":{"@type":"EntryPoint","urlTemplate":"https:\/\/gooddealersmeds.com\/es\/?s={search_term_string}"},"query-input":{"@type":"PropertyValueSpecification","valueRequired":true,"valueName":"search_term_string"}}],"inLanguage":"en-US"},{"@type":"Organization","@id":"https:\/\/gooddealersmeds.com\/es\/#organization","name":"Good Dealers Meds","url":"https:\/\/gooddealersmeds.com\/es\/","logo":{"@type":"ImageObject","inLanguage":"en-US","@id":"https:\/\/gooddealersmeds.com\/es\/#\/schema\/logo\/image\/","url":"https:\/\/gooddealersmeds.com\/es\/wp-content\/uploads\/sites\/4\/2022\/03\/gooddealersmeds__logo__20220317T222800Z.00.png","contentUrl":"https:\/\/gooddealersmeds.com\/es\/wp-content\/uploads\/sites\/4\/2022\/03\/gooddealersmeds__logo__20220317T222800Z.00.png","width":500,"height":325,"caption":"Good Dealers Meds"},"image":{"@id":"https:\/\/gooddealersmeds.com\/es\/#\/schema\/logo\/image\/"}}]}},"_links":{"self":[{"href":"https:\/\/gooddealersmeds.com\/es\/wp-json\/wp\/v2\/product\/1875","targetHints":{"allow":["GET"]}}],"collection":[{"href":"https:\/\/gooddealersmeds.com\/es\/wp-json\/wp\/v2\/product"}],"about":[{"href":"https:\/\/gooddealersmeds.com\/es\/wp-json\/wp\/v2\/types\/product"}],"replies":[{"embeddable":true,"href":"https:\/\/gooddealersmeds.com\/es\/wp-json\/wp\/v2\/comments?post=1875"}],"wp:featuredmedia":[{"embeddable":true,"href":"https:\/\/gooddealersmeds.com\/es\/wp-json\/wp\/v2\/media\/1876"}],"wp:attachment":[{"href":"https:\/\/gooddealersmeds.com\/es\/wp-json\/wp\/v2\/media?parent=1875"}],"wp:term":[{"taxonomy":"product_brand","embeddable":true,"href":"https:\/\/gooddealersmeds.com\/es\/wp-json\/wp\/v2\/product_brand?post=1875"},{"taxonomy":"product_cat","embeddable":true,"href":"https:\/\/gooddealersmeds.com\/es\/wp-json\/wp\/v2\/product_cat?post=1875"},{"taxonomy":"product_tag","embeddable":true,"href":"https:\/\/gooddealersmeds.com\/es\/wp-json\/wp\/v2\/product_tag?post=1875"}],"curies":[{"name":"wp","href":"https:\/\/api.w.org\/{rel}","templated":true}]}}