{"id":1873,"date":"2022-06-30T00:09:17","date_gmt":"2022-06-30T00:09:17","guid":{"rendered":"https:\/\/gooddealersmeds.com\/es\/?post_type=product&#038;p=1873"},"modified":"2022-11-07T17:13:22","modified_gmt":"2022-11-07T17:13:22","slug":"comprar-hulkberry-online","status":"publish","type":"product","link":"https:\/\/gooddealersmeds.com\/es\/product\/comprar-hulkberry-online\/","title":{"rendered":"Comprar Hulkberry en l\u00ednea"},"content":{"rendered":"<p>Comprar Hulkberry en l\u00ednea en nuestra tienda. Esta se\u00f1ora es la descendencia de dos cepas de gran prestigio. OG Kush y Strawberry Diesel se fusionaron en las monta\u00f1as de Colorado para crear esta potente variedad h\u00fameda. El resultado final es una buena dosis de sabores afrutados y almibarados. Se ha descubierto que los espec\u00edmenes de HulkBerry contienen un 28 % de THC. Si bien solo se vendieron en Colorado, fueron feminizadas y ahora se venden en todo el mundo.<\/p>\n<p>Las hojas de la cepa son complejas, de color p\u00farpura oscuro y granate. Contrasta maravillosamente con la vivaz exuberancia de los cogollos. Los cogollos no son solo exuberantes; tambi\u00e9n hay una red de pelos de color rojo oscuro que son casi marrones y anaranjados que atraviesan el cogollo. Comprar Hulkberry en l\u00ednea<\/p>\n<p>HulkBerry es la cepa m\u00e1s reciente que surgi\u00f3 de la b\u00fasqueda de cepas de alta potencia. Ella de repente e inesperadamente entrega un cerebro abrumador. Te pone en un estado psicoactivo. Algunos usuarios pueden encontrarla aterradora.<\/p>\n<p>Aunque esta cepa proporciona un subid\u00f3n intenso, tambi\u00e9n tiene una serie de beneficios medicinales. Su potencia combate el estr\u00e9s, la depresi\u00f3n y el miedo. Los usuarios pueden tomar peque\u00f1as dosis de hasta que puedan controlar su depresi\u00f3n. Otros informan que la cepa aumenta su apetito. Sus bocadillos son ideales para las personas que sufren de n\u00e1useas.<\/p>\n<p>HulkBerry Feminizada Seeds es una de las variedades de marihuana medicinal m\u00e1s populares en el mercado hoy en d\u00eda. Estas semillas son bien conocidas por sus poderosas propiedades medicinales, que incluyen el alivio del dolor, el alivio de la ansiedad, la depresi\u00f3n y la p\u00e9rdida del apetito. Tambi\u00e9n son bien conocidas por tener un alto contenido de THC, lo que las convierte en una opci\u00f3n popular entre los pacientes de marihuana medicinal.<\/p>\n<p>Adem\u00e1s de sus propiedades medicinales, las semillas tambi\u00e9n son conocidas por su sabor y aroma distintivos. El sabor y el aroma a menudo se describen como terrosos y c\u00edtricos. Las semillas son populares tanto entre los pacientes de marihuana medicinal como entre los usuarios de marihuana recreativa.<\/p>\n<p>Ofrecemos hulkberry de calidad, compre hulkberry en l\u00ednea desde nuestros <a href=\"https:\/\/gooddealersmeds.com\/es\/products\/\"> tienda<\/a>. Nuestra tienda en l\u00ednea tambi\u00e9n brinda a los pacientes los recursos que necesitan para controlar su TDAH y sentirse m\u00e1s en control de sus vidas.<\/p>\n","protected":false},"excerpt":{"rendered":"<p>HulkBerry es el alter ego de The Incredible Hulk. Este superh\u00e9roe sinsemilla est\u00e1 aqu\u00ed para salvar la cabeza. En alg\u00fan lugar de las Monta\u00f1as Rocosas de Colorado, las fuerzas h\u00famedas de OG Kush y Strawberry Diesel chocaron. Ahora, la onda expansiva del THC se est\u00e1 extendiendo por toda Europa.<\/p>\n","protected":false},"featured_media":1874,"comment_status":"open","ping_status":"closed","template":"","meta":{"inline_featured_image":false},"product_brand":[],"product_cat":[348],"product_tag":[435,438,445,439,440,374,437,436,448,450,449,376,434,446,441,442,415,417,443,447,420,411],"class_list":{"0":"post-1873","1":"product","2":"type-product","3":"status-publish","4":"has-post-thumbnail","6":"product_cat-marijuana","7":"product_tag-buy-ganja-online","8":"product_tag-buying-weed-online","9":"product_tag-calidad-cannbis-online","10":"product_tag-cannbis-for-you","11":"product_tag-cmo-pedir-hierba-online","12":"product_tag-comprar-barato-hierba-online","13":"product_tag-comprar-hierba-cerca-de-mi","14":"product_tag-comprar-hierba-por-correo","15":"product_tag-donde-comprar-marihuana","16":"product_tag-donde-conseguir-hierba-en-el-reino-unido","17":"product_tag-donde-conseguir-marihuana-en-londres","18":"product_tag-ganja-for-sale","19":"product_tag-amsterdam-hierba","20":"product_tag-calidad-hierba-online","21":"product_tag-kush-tienda-online","22":"product_tag-marihuana-online","23":"product_tag-marijuana-supplier","24":"product_tag-ordenar-hierba-online","25":"product_tag-orden-ganja-aqui","26":"product_tag-thc","27":"product_tag-hierba-para-la-venta","28":"product_tag-venta-de-marihuana","30":"first","31":"instock","32":"shipping-taxable","33":"purchasable","34":"product-type-simple"},"yoast_head":"<!-- This site is optimized with the Yoast SEO Premium plugin v20.6 (Yoast SEO v27.3) - https:\/\/yoast.com\/product\/yoast-seo-premium-wordpress\/ -->\n<title>Comprar Hulkberry en l\u00ednea | Comprar variedades de marihuana<\/title>\n<meta name=\"description\" content=\"Comprar Hulkberry en l\u00ednea, suministramos hierba de buena calidad a precios asequibles, compre aqu\u00ed y obtenga cepas de grado A +. Enviamos a toda Europa.\" \/>\n<meta name=\"robots\" content=\"index, follow, max-snippet:-1, max-image-preview:large, max-video-preview:-1\" \/>\n<link rel=\"canonical\" href=\"https:\/\/gooddealersmeds.com\/es\/product\/comprar-hulkberry-online\/\" \/>\n<meta property=\"og:locale\" content=\"en_US\" \/>\n<meta property=\"og:type\" content=\"article\" \/>\n<meta property=\"og:title\" content=\"Comprar Hulkberry en l\u00ednea\" \/>\n<meta property=\"og:description\" content=\"Comprar Hulkberry en l\u00ednea, suministramos hierba de buena calidad a precios asequibles, compre aqu\u00ed y obtenga cepas de grado A +. Enviamos a toda Europa.\" \/>\n<meta property=\"og:url\" content=\"https:\/\/gooddealersmeds.com\/es\/product\/comprar-hulkberry-online\/\" \/>\n<meta property=\"og:site_name\" content=\"Good Dealers Meds\" \/>\n<meta property=\"article:modified_time\" content=\"2022-11-07T17:13:22+00:00\" \/>\n<meta property=\"og:image\" content=\"https:\/\/gooddealersmeds.com\/es\/wp-content\/uploads\/sites\/4\/2022\/06\/HULKBERRY.jpg\" \/>\n\t<meta property=\"og:image:width\" content=\"600\" \/>\n\t<meta property=\"og:image:height\" content=\"600\" \/>\n\t<meta property=\"og:image:type\" content=\"image\/jpeg\" \/>\n<meta name=\"twitter:card\" content=\"summary_large_image\" \/>\n<meta name=\"twitter:label1\" content=\"Est. reading time\" \/>\n\t<meta name=\"twitter:data1\" content=\"2 minutes\" \/>\n<script type=\"application\/ld+json\" class=\"yoast-schema-graph\">{\"@context\":\"https:\\\/\\\/schema.org\",\"@graph\":[{\"@type\":\"WebPage\",\"@id\":\"https:\\\/\\\/gooddealersmeds.com\\\/es\\\/product\\\/comprar-hulkberry-online\\\/\",\"url\":\"https:\\\/\\\/gooddealersmeds.com\\\/es\\\/product\\\/comprar-hulkberry-online\\\/\",\"name\":\"Comprar Hulkberry en l\u00ednea | Comprar variedades de marihuana\",\"isPartOf\":{\"@id\":\"https:\\\/\\\/gooddealersmeds.com\\\/es\\\/#website\"},\"primaryImageOfPage\":{\"@id\":\"https:\\\/\\\/gooddealersmeds.com\\\/es\\\/product\\\/comprar-hulkberry-online\\\/#primaryimage\"},\"image\":{\"@id\":\"https:\\\/\\\/gooddealersmeds.com\\\/es\\\/product\\\/comprar-hulkberry-online\\\/#primaryimage\"},\"thumbnailUrl\":\"https:\\\/\\\/gooddealersmeds.com\\\/es\\\/wp-content\\\/uploads\\\/sites\\\/4\\\/2022\\\/06\\\/HULKBERRY.jpg\",\"datePublished\":\"2022-06-30T00:09:17+00:00\",\"dateModified\":\"2022-11-07T17:13:22+00:00\",\"description\":\"Comprar Hulkberry en l\u00ednea, suministramos hierba de buena calidad a precios asequibles, compre aqu\u00ed y obtenga cepas de grado A +. Enviamos a toda Europa.\",\"breadcrumb\":{\"@id\":\"https:\\\/\\\/gooddealersmeds.com\\\/es\\\/product\\\/comprar-hulkberry-online\\\/#breadcrumb\"},\"inLanguage\":\"en-US\",\"potentialAction\":[{\"@type\":\"ReadAction\",\"target\":[\"https:\\\/\\\/gooddealersmeds.com\\\/es\\\/product\\\/comprar-hulkberry-online\\\/\"]}]},{\"@type\":\"ImageObject\",\"inLanguage\":\"en-US\",\"@id\":\"https:\\\/\\\/gooddealersmeds.com\\\/es\\\/product\\\/comprar-hulkberry-online\\\/#primaryimage\",\"url\":\"https:\\\/\\\/gooddealersmeds.com\\\/es\\\/wp-content\\\/uploads\\\/sites\\\/4\\\/2022\\\/06\\\/HULKBERRY.jpg\",\"contentUrl\":\"https:\\\/\\\/gooddealersmeds.com\\\/es\\\/wp-content\\\/uploads\\\/sites\\\/4\\\/2022\\\/06\\\/HULKBERRY.jpg\",\"width\":600,\"height\":600,\"caption\":\"Buy Hulkberry Online\"},{\"@type\":\"BreadcrumbList\",\"@id\":\"https:\\\/\\\/gooddealersmeds.com\\\/es\\\/product\\\/comprar-hulkberry-online\\\/#breadcrumb\",\"itemListElement\":[{\"@type\":\"ListItem\",\"position\":1,\"name\":\"Home\",\"item\":\"https:\\\/\\\/gooddealersmeds.com\\\/es\\\/\"},{\"@type\":\"ListItem\",\"position\":2,\"name\":\"Productos\",\"item\":\"https:\\\/\\\/gooddealersmeds.com\\\/es\\\/productos\\\/\"},{\"@type\":\"ListItem\",\"position\":3,\"name\":\"Comprar Hulkberry en l\u00ednea\"}]},{\"@type\":\"WebSite\",\"@id\":\"https:\\\/\\\/gooddealersmeds.com\\\/es\\\/#website\",\"url\":\"https:\\\/\\\/gooddealersmeds.com\\\/es\\\/\",\"name\":\"Good Dealers Meds\",\"description\":\"All our best\",\"publisher\":{\"@id\":\"https:\\\/\\\/gooddealersmeds.com\\\/es\\\/#organization\"},\"potentialAction\":[{\"@type\":\"SearchAction\",\"target\":{\"@type\":\"EntryPoint\",\"urlTemplate\":\"https:\\\/\\\/gooddealersmeds.com\\\/es\\\/?s={search_term_string}\"},\"query-input\":{\"@type\":\"PropertyValueSpecification\",\"valueRequired\":true,\"valueName\":\"search_term_string\"}}],\"inLanguage\":\"en-US\"},{\"@type\":\"Organization\",\"@id\":\"https:\\\/\\\/gooddealersmeds.com\\\/es\\\/#organization\",\"name\":\"Good Dealers Meds\",\"url\":\"https:\\\/\\\/gooddealersmeds.com\\\/es\\\/\",\"logo\":{\"@type\":\"ImageObject\",\"inLanguage\":\"en-US\",\"@id\":\"https:\\\/\\\/gooddealersmeds.com\\\/es\\\/#\\\/schema\\\/logo\\\/image\\\/\",\"url\":\"https:\\\/\\\/gooddealersmeds.com\\\/es\\\/wp-content\\\/uploads\\\/sites\\\/4\\\/2022\\\/03\\\/gooddealersmeds__logo__20220317T222800Z.00.png\",\"contentUrl\":\"https:\\\/\\\/gooddealersmeds.com\\\/es\\\/wp-content\\\/uploads\\\/sites\\\/4\\\/2022\\\/03\\\/gooddealersmeds__logo__20220317T222800Z.00.png\",\"width\":500,\"height\":325,\"caption\":\"Good Dealers Meds\"},\"image\":{\"@id\":\"https:\\\/\\\/gooddealersmeds.com\\\/es\\\/#\\\/schema\\\/logo\\\/image\\\/\"}}]}<\/script>\n<!-- \/ Yoast SEO Premium plugin. -->","yoast_head_json":{"title":"Comprar Hulkberry en l\u00ednea | Comprar variedades de marihuana","description":"Comprar Hulkberry en l\u00ednea, suministramos hierba de buena calidad a precios asequibles, compre aqu\u00ed y obtenga cepas de grado A +. Enviamos a toda Europa.","robots":{"index":"index","follow":"follow","max-snippet":"max-snippet:-1","max-image-preview":"max-image-preview:large","max-video-preview":"max-video-preview:-1"},"canonical":"https:\/\/gooddealersmeds.com\/es\/product\/comprar-hulkberry-online\/","og_locale":"en_US","og_type":"article","og_title":"Comprar Hulkberry en l\u00ednea","og_description":"Comprar Hulkberry en l\u00ednea, suministramos hierba de buena calidad a precios asequibles, compre aqu\u00ed y obtenga cepas de grado A +. Enviamos a toda Europa.","og_url":"https:\/\/gooddealersmeds.com\/es\/product\/comprar-hulkberry-online\/","og_site_name":"Good Dealers Meds","article_modified_time":"2022-11-07T17:13:22+00:00","og_image":[{"width":600,"height":600,"url":"https:\/\/gooddealersmeds.com\/es\/wp-content\/uploads\/sites\/4\/2022\/06\/HULKBERRY.jpg","type":"image\/jpeg"}],"twitter_card":"summary_large_image","twitter_misc":{"Est. reading time":"2 minutes"},"schema":{"@context":"https:\/\/schema.org","@graph":[{"@type":"WebPage","@id":"https:\/\/gooddealersmeds.com\/es\/product\/comprar-hulkberry-online\/","url":"https:\/\/gooddealersmeds.com\/es\/product\/comprar-hulkberry-online\/","name":"Comprar Hulkberry en l\u00ednea | Comprar variedades de marihuana","isPartOf":{"@id":"https:\/\/gooddealersmeds.com\/es\/#website"},"primaryImageOfPage":{"@id":"https:\/\/gooddealersmeds.com\/es\/product\/comprar-hulkberry-online\/#primaryimage"},"image":{"@id":"https:\/\/gooddealersmeds.com\/es\/product\/comprar-hulkberry-online\/#primaryimage"},"thumbnailUrl":"https:\/\/gooddealersmeds.com\/es\/wp-content\/uploads\/sites\/4\/2022\/06\/HULKBERRY.jpg","datePublished":"2022-06-30T00:09:17+00:00","dateModified":"2022-11-07T17:13:22+00:00","description":"Comprar Hulkberry en l\u00ednea, suministramos hierba de buena calidad a precios asequibles, compre aqu\u00ed y obtenga cepas de grado A +. Enviamos a toda Europa.","breadcrumb":{"@id":"https:\/\/gooddealersmeds.com\/es\/product\/comprar-hulkberry-online\/#breadcrumb"},"inLanguage":"en-US","potentialAction":[{"@type":"ReadAction","target":["https:\/\/gooddealersmeds.com\/es\/product\/comprar-hulkberry-online\/"]}]},{"@type":"ImageObject","inLanguage":"en-US","@id":"https:\/\/gooddealersmeds.com\/es\/product\/comprar-hulkberry-online\/#primaryimage","url":"https:\/\/gooddealersmeds.com\/es\/wp-content\/uploads\/sites\/4\/2022\/06\/HULKBERRY.jpg","contentUrl":"https:\/\/gooddealersmeds.com\/es\/wp-content\/uploads\/sites\/4\/2022\/06\/HULKBERRY.jpg","width":600,"height":600,"caption":"Buy Hulkberry Online"},{"@type":"BreadcrumbList","@id":"https:\/\/gooddealersmeds.com\/es\/product\/comprar-hulkberry-online\/#breadcrumb","itemListElement":[{"@type":"ListItem","position":1,"name":"Home","item":"https:\/\/gooddealersmeds.com\/es\/"},{"@type":"ListItem","position":2,"name":"Productos","item":"https:\/\/gooddealersmeds.com\/es\/productos\/"},{"@type":"ListItem","position":3,"name":"Comprar Hulkberry en l\u00ednea"}]},{"@type":"WebSite","@id":"https:\/\/gooddealersmeds.com\/es\/#website","url":"https:\/\/gooddealersmeds.com\/es\/","name":"Good Dealers Meds","description":"All our best","publisher":{"@id":"https:\/\/gooddealersmeds.com\/es\/#organization"},"potentialAction":[{"@type":"SearchAction","target":{"@type":"EntryPoint","urlTemplate":"https:\/\/gooddealersmeds.com\/es\/?s={search_term_string}"},"query-input":{"@type":"PropertyValueSpecification","valueRequired":true,"valueName":"search_term_string"}}],"inLanguage":"en-US"},{"@type":"Organization","@id":"https:\/\/gooddealersmeds.com\/es\/#organization","name":"Good Dealers Meds","url":"https:\/\/gooddealersmeds.com\/es\/","logo":{"@type":"ImageObject","inLanguage":"en-US","@id":"https:\/\/gooddealersmeds.com\/es\/#\/schema\/logo\/image\/","url":"https:\/\/gooddealersmeds.com\/es\/wp-content\/uploads\/sites\/4\/2022\/03\/gooddealersmeds__logo__20220317T222800Z.00.png","contentUrl":"https:\/\/gooddealersmeds.com\/es\/wp-content\/uploads\/sites\/4\/2022\/03\/gooddealersmeds__logo__20220317T222800Z.00.png","width":500,"height":325,"caption":"Good Dealers Meds"},"image":{"@id":"https:\/\/gooddealersmeds.com\/es\/#\/schema\/logo\/image\/"}}]}},"_links":{"self":[{"href":"https:\/\/gooddealersmeds.com\/es\/wp-json\/wp\/v2\/product\/1873","targetHints":{"allow":["GET"]}}],"collection":[{"href":"https:\/\/gooddealersmeds.com\/es\/wp-json\/wp\/v2\/product"}],"about":[{"href":"https:\/\/gooddealersmeds.com\/es\/wp-json\/wp\/v2\/types\/product"}],"replies":[{"embeddable":true,"href":"https:\/\/gooddealersmeds.com\/es\/wp-json\/wp\/v2\/comments?post=1873"}],"wp:featuredmedia":[{"embeddable":true,"href":"https:\/\/gooddealersmeds.com\/es\/wp-json\/wp\/v2\/media\/1874"}],"wp:attachment":[{"href":"https:\/\/gooddealersmeds.com\/es\/wp-json\/wp\/v2\/media?parent=1873"}],"wp:term":[{"taxonomy":"product_brand","embeddable":true,"href":"https:\/\/gooddealersmeds.com\/es\/wp-json\/wp\/v2\/product_brand?post=1873"},{"taxonomy":"product_cat","embeddable":true,"href":"https:\/\/gooddealersmeds.com\/es\/wp-json\/wp\/v2\/product_cat?post=1873"},{"taxonomy":"product_tag","embeddable":true,"href":"https:\/\/gooddealersmeds.com\/es\/wp-json\/wp\/v2\/product_tag?post=1873"}],"curies":[{"name":"wp","href":"https:\/\/api.w.org\/{rel}","templated":true}]}}