{"id":1871,"date":"2022-06-30T00:04:45","date_gmt":"2022-06-30T00:04:45","guid":{"rendered":"https:\/\/gooddealersmeds.com\/es\/?post_type=product&#038;p=1871"},"modified":"2023-01-01T23:26:09","modified_gmt":"2023-01-01T23:26:09","slug":"platano-gordo","status":"publish","type":"product","link":"https:\/\/gooddealersmeds.com\/es\/product\/platano-gordo\/","title":{"rendered":"Ordene Fat Banana en l\u00ednea"},"content":{"rendered":"<h2>Comprar Variedad de marihuana Fat Banana Online Calidad Superior<\/h2>\n<p>Fat Banana Weed Strain es una variedad famosa por sus caracter\u00edsticas de predominancia Indica. Fat Banana For Sale, es conocido por ser extremadamente relajante y edificante, lo que lo hace perfecto para aquellos que quieren relajarse despu\u00e9s de un largo d\u00eda de trabajo o escuela. La cepa tambi\u00e9n tiene un olor dulce, por lo que es f\u00e1cil de identificar cuando se busca la marihuana adecuada en un dispensario.<\/p>\n<p>Fat Banana Weed Strain, tambi\u00e9n conocida como Banana OG, es una potente variedad h\u00edbrida de cannabis que es conocido por su aroma y sabor afrutado y dulce. Descrito con un sabor a pl\u00e1tano y chicle, es perfecto para tratar la ansiedad y la depresi\u00f3n. Descrito con un sabor a pl\u00e1tano y chicle, es perfecto para tratar la ansiedad y la depresi\u00f3n.<\/p>\n<p>Fat Banana Weed Strain ha ganado varios premios por su eficacia m\u00e9dica y su capacidad para ayudar a los usuarios a relajarse. Tambi\u00e9n se puede utilizar para reducir el estr\u00e9s y aumentar la concentraci\u00f3n para mejorar la productividad en el trabajo o la escuela.<\/p>\n<p>&nbsp;<\/p>\n<p><strong>\u00bfPor qu\u00e9 pedir Fat Banana Weed Strain Online?<\/strong><\/p>\n<p>&nbsp;<\/p>\n<p><a href=\"https:\/\/www.leafly.com\/strains\/fat-banana\">Fat Banana Weed Strain<\/a> es una de las mejores cepas para comprar en l\u00ednea porque es f\u00e1cil de encontrar, y no hay necesidad de preocuparse por ser estafado por un distribuidor que vende hierba falsa. De hecho, si compra a un distribuidor acreditado, incluso le enviar\u00e1n el producto directamente a su hogar. Por mucho que nos guste comprar en los dispensarios, a veces necesitas algo r\u00e1pido y conveniente cuando te est\u00e1s quedando sin tiempo o simplemente no tienes tiempo para conducir buscando algo espec\u00edfico. Si eso suena como usted, \u00a1entonces Fat Banana Weed Strain podr\u00eda ser justo lo que necesita!<\/p>\n<p>&nbsp;<\/p>\n<p><strong>Los mejores lugares para comprar Fat Banana Weed Strain en l\u00ednea<\/strong><\/p>\n<p>Debido a que esta variedad es tan popular, hay muchas maneras de <a href=\"https:\/\/gooddealersmeds.com\/es\/product\/fat-banana\/\">comprar Fat Banana Weed Strain en l\u00ednea sin ser estafado por distribuidores que intentan venderle productos inferiores<\/a>. Good Dealers Meds es el mejor lugar para comprar Fat Banana Weed Strain en l\u00ednea.<\/p>\n","protected":false},"excerpt":{"rendered":"<p>Fat Banana es el producto de un proceso de desarrollo de una cepa s\u00faper selectiva que tuvo como objetivo hibridar los espec\u00edmenes m\u00e1s grandes y gordos de Banana OG. Ahora RQS puede ofrecerle lo mejor del grupo. Fat Banana tiene un gran sabor y contiene una gran cantidad de cannabinoides.<\/p>\n","protected":false},"featured_media":1872,"comment_status":"open","ping_status":"closed","template":"","meta":{"inline_featured_image":false},"product_brand":[],"product_cat":[348],"product_tag":[407,396,397,401,399,400,405,404,406,402,398,403,432,433,431,421,422,408,409,410,413,415,416,417,429,418,419,430,428,414,423,420,427,411,412,424,425,426],"class_list":{"0":"post-1871","1":"product","2":"type-product","3":"status-publish","4":"has-post-thumbnail","6":"product_cat-marijuana","7":"product_tag-es-hierba-legal","8":"product_tag-100-hierba-a-la-venta","9":"product_tag-beneficios-de-fumar-marihuana","10":"product_tag-beneficios-para-la-salud-de-la-marihuana","11":"product_tag-can-i-buy-weed","12":"product_tag-cheap-weed-for-sale","13":"product_tag-como-adquirir-hierba","14":"product_tag-como-adquirir-marihuana","15":"product_tag-como-conseguir-hierba-online","16":"product_tag-como-puedo-pedir-marihuana","17":"product_tag-comprar-hierba-online","18":"product_tag-cuanto-es-la-marihuana","19":"product_tag-donde-comprar-hierba-barata","20":"product_tag-donde-pedir-hierba","21":"product_tag-donde-puedo-conseguir-hierba","22":"product_tag-hierba-a-la-venta-en-inglaterra","23":"product_tag-hierba-a-la-venta-es","24":"product_tag-kush-en-venta","25":"product_tag-legal-weed-for-sale","26":"product_tag-legal-weedfor-sale","27":"product_tag-marijuana-health-benefits","28":"product_tag-marijuana-supplier","29":"product_tag-medical-benefits-of-marijuana","30":"product_tag-ordenar-hierba-online","31":"product_tag-proveedor-de-malezas","32":"product_tag-purchase-marijuana-online","33":"product_tag-quiero-comprar-marihuana","34":"product_tag-vaporizador-de-hierba-a-la-venta","35":"product_tag-tienda-de-hierba","36":"product_tag-tienda-de-marihuana","37":"product_tag-carpas-de-cultivo-de-malezas-en-venta","38":"product_tag-hierba-para-la-venta","39":"product_tag-weed-sales-uk","40":"product_tag-venta-de-marihuana","41":"product_tag-venta-de-marihuana-es","42":"product_tag-venta-de-plantas-de-hierba","43":"product_tag-plantas-de-hierba-para-la-venta-es","44":"product_tag-venta-de-resina-de-hierba","46":"first","47":"instock","48":"shipping-taxable","49":"purchasable","50":"product-type-simple"},"yoast_head":"<!-- This site is optimized with the Yoast SEO Premium plugin v20.6 (Yoast SEO v27.4) - https:\/\/yoast.com\/product\/yoast-seo-premium-wordpress\/ -->\n<title>Fat Banana en venta - Ordene Cannabis en l\u00ednea | Good Dealers Meds<\/title>\n<meta name=\"description\" content=\"Fat Banana en venta es una variedad de marihuana h\u00edbrida que se obtiene cruzando OG Kush con Chiquita Banana. C\u00f3mpralo en nuestra tienda de Cannabis online.\" \/>\n<meta name=\"robots\" content=\"index, follow, max-snippet:-1, max-image-preview:large, max-video-preview:-1\" \/>\n<link rel=\"canonical\" href=\"https:\/\/gooddealersmeds.com\/es\/product\/platano-gordo\/\" \/>\n<meta property=\"og:locale\" content=\"en_US\" \/>\n<meta property=\"og:type\" content=\"article\" \/>\n<meta property=\"og:title\" content=\"Ordene Fat Banana en l\u00ednea\" \/>\n<meta property=\"og:description\" content=\"Fat Banana en venta es una variedad de marihuana h\u00edbrida que se obtiene cruzando OG Kush con Chiquita Banana. C\u00f3mpralo en nuestra tienda de Cannabis online.\" \/>\n<meta property=\"og:url\" content=\"https:\/\/gooddealersmeds.com\/es\/product\/platano-gordo\/\" \/>\n<meta property=\"og:site_name\" content=\"Good Dealers Meds\" \/>\n<meta property=\"article:modified_time\" content=\"2023-01-01T23:26:09+00:00\" \/>\n<meta property=\"og:image\" content=\"https:\/\/gooddealersmeds.com\/es\/wp-content\/uploads\/sites\/4\/2022\/06\/FAT-BANANA.jpg\" \/>\n\t<meta property=\"og:image:width\" content=\"600\" \/>\n\t<meta property=\"og:image:height\" content=\"600\" \/>\n\t<meta property=\"og:image:type\" content=\"image\/jpeg\" \/>\n<meta name=\"twitter:card\" content=\"summary_large_image\" \/>\n<meta name=\"twitter:label1\" content=\"Est. reading time\" \/>\n\t<meta name=\"twitter:data1\" content=\"2 minutes\" \/>\n<script type=\"application\/ld+json\" class=\"yoast-schema-graph\">{\"@context\":\"https:\\\/\\\/schema.org\",\"@graph\":[{\"@type\":\"WebPage\",\"@id\":\"https:\\\/\\\/gooddealersmeds.com\\\/es\\\/product\\\/platano-gordo\\\/\",\"url\":\"https:\\\/\\\/gooddealersmeds.com\\\/es\\\/product\\\/platano-gordo\\\/\",\"name\":\"Fat Banana en venta - Ordene Cannabis en l\u00ednea | Good Dealers Meds\",\"isPartOf\":{\"@id\":\"https:\\\/\\\/gooddealersmeds.com\\\/es\\\/#website\"},\"primaryImageOfPage\":{\"@id\":\"https:\\\/\\\/gooddealersmeds.com\\\/es\\\/product\\\/platano-gordo\\\/#primaryimage\"},\"image\":{\"@id\":\"https:\\\/\\\/gooddealersmeds.com\\\/es\\\/product\\\/platano-gordo\\\/#primaryimage\"},\"thumbnailUrl\":\"https:\\\/\\\/gooddealersmeds.com\\\/es\\\/wp-content\\\/uploads\\\/sites\\\/4\\\/2022\\\/06\\\/FAT-BANANA.jpg\",\"datePublished\":\"2022-06-30T00:04:45+00:00\",\"dateModified\":\"2023-01-01T23:26:09+00:00\",\"description\":\"Fat Banana en venta es una variedad de marihuana h\u00edbrida que se obtiene cruzando OG Kush con Chiquita Banana. C\u00f3mpralo en nuestra tienda de Cannabis online.\",\"breadcrumb\":{\"@id\":\"https:\\\/\\\/gooddealersmeds.com\\\/es\\\/product\\\/platano-gordo\\\/#breadcrumb\"},\"inLanguage\":\"en-US\",\"potentialAction\":[{\"@type\":\"ReadAction\",\"target\":[\"https:\\\/\\\/gooddealersmeds.com\\\/es\\\/product\\\/platano-gordo\\\/\"]}]},{\"@type\":\"ImageObject\",\"inLanguage\":\"en-US\",\"@id\":\"https:\\\/\\\/gooddealersmeds.com\\\/es\\\/product\\\/platano-gordo\\\/#primaryimage\",\"url\":\"https:\\\/\\\/gooddealersmeds.com\\\/es\\\/wp-content\\\/uploads\\\/sites\\\/4\\\/2022\\\/06\\\/FAT-BANANA.jpg\",\"contentUrl\":\"https:\\\/\\\/gooddealersmeds.com\\\/es\\\/wp-content\\\/uploads\\\/sites\\\/4\\\/2022\\\/06\\\/FAT-BANANA.jpg\",\"width\":600,\"height\":600,\"caption\":\"Buy Fat Banana Online\"},{\"@type\":\"BreadcrumbList\",\"@id\":\"https:\\\/\\\/gooddealersmeds.com\\\/es\\\/product\\\/platano-gordo\\\/#breadcrumb\",\"itemListElement\":[{\"@type\":\"ListItem\",\"position\":1,\"name\":\"Home\",\"item\":\"https:\\\/\\\/gooddealersmeds.com\\\/es\\\/\"},{\"@type\":\"ListItem\",\"position\":2,\"name\":\"Productos\",\"item\":\"https:\\\/\\\/gooddealersmeds.com\\\/es\\\/productos\\\/\"},{\"@type\":\"ListItem\",\"position\":3,\"name\":\"Ordene Fat Banana en l\u00ednea\"}]},{\"@type\":\"WebSite\",\"@id\":\"https:\\\/\\\/gooddealersmeds.com\\\/es\\\/#website\",\"url\":\"https:\\\/\\\/gooddealersmeds.com\\\/es\\\/\",\"name\":\"Good Dealers Meds\",\"description\":\"All our best\",\"publisher\":{\"@id\":\"https:\\\/\\\/gooddealersmeds.com\\\/es\\\/#organization\"},\"potentialAction\":[{\"@type\":\"SearchAction\",\"target\":{\"@type\":\"EntryPoint\",\"urlTemplate\":\"https:\\\/\\\/gooddealersmeds.com\\\/es\\\/?s={search_term_string}\"},\"query-input\":{\"@type\":\"PropertyValueSpecification\",\"valueRequired\":true,\"valueName\":\"search_term_string\"}}],\"inLanguage\":\"en-US\"},{\"@type\":\"Organization\",\"@id\":\"https:\\\/\\\/gooddealersmeds.com\\\/es\\\/#organization\",\"name\":\"Good Dealers Meds\",\"url\":\"https:\\\/\\\/gooddealersmeds.com\\\/es\\\/\",\"logo\":{\"@type\":\"ImageObject\",\"inLanguage\":\"en-US\",\"@id\":\"https:\\\/\\\/gooddealersmeds.com\\\/es\\\/#\\\/schema\\\/logo\\\/image\\\/\",\"url\":\"https:\\\/\\\/gooddealersmeds.com\\\/es\\\/wp-content\\\/uploads\\\/sites\\\/4\\\/2022\\\/03\\\/gooddealersmeds__logo__20220317T222800Z.00.png\",\"contentUrl\":\"https:\\\/\\\/gooddealersmeds.com\\\/es\\\/wp-content\\\/uploads\\\/sites\\\/4\\\/2022\\\/03\\\/gooddealersmeds__logo__20220317T222800Z.00.png\",\"width\":500,\"height\":325,\"caption\":\"Good Dealers Meds\"},\"image\":{\"@id\":\"https:\\\/\\\/gooddealersmeds.com\\\/es\\\/#\\\/schema\\\/logo\\\/image\\\/\"}}]}<\/script>\n<!-- \/ Yoast SEO Premium plugin. -->","yoast_head_json":{"title":"Fat Banana en venta - Ordene Cannabis en l\u00ednea | Good Dealers Meds","description":"Fat Banana en venta es una variedad de marihuana h\u00edbrida que se obtiene cruzando OG Kush con Chiquita Banana. C\u00f3mpralo en nuestra tienda de Cannabis online.","robots":{"index":"index","follow":"follow","max-snippet":"max-snippet:-1","max-image-preview":"max-image-preview:large","max-video-preview":"max-video-preview:-1"},"canonical":"https:\/\/gooddealersmeds.com\/es\/product\/platano-gordo\/","og_locale":"en_US","og_type":"article","og_title":"Ordene Fat Banana en l\u00ednea","og_description":"Fat Banana en venta es una variedad de marihuana h\u00edbrida que se obtiene cruzando OG Kush con Chiquita Banana. C\u00f3mpralo en nuestra tienda de Cannabis online.","og_url":"https:\/\/gooddealersmeds.com\/es\/product\/platano-gordo\/","og_site_name":"Good Dealers Meds","article_modified_time":"2023-01-01T23:26:09+00:00","og_image":[{"width":600,"height":600,"url":"https:\/\/gooddealersmeds.com\/es\/wp-content\/uploads\/sites\/4\/2022\/06\/FAT-BANANA.jpg","type":"image\/jpeg"}],"twitter_card":"summary_large_image","twitter_misc":{"Est. reading time":"2 minutes"},"schema":{"@context":"https:\/\/schema.org","@graph":[{"@type":"WebPage","@id":"https:\/\/gooddealersmeds.com\/es\/product\/platano-gordo\/","url":"https:\/\/gooddealersmeds.com\/es\/product\/platano-gordo\/","name":"Fat Banana en venta - Ordene Cannabis en l\u00ednea | Good Dealers Meds","isPartOf":{"@id":"https:\/\/gooddealersmeds.com\/es\/#website"},"primaryImageOfPage":{"@id":"https:\/\/gooddealersmeds.com\/es\/product\/platano-gordo\/#primaryimage"},"image":{"@id":"https:\/\/gooddealersmeds.com\/es\/product\/platano-gordo\/#primaryimage"},"thumbnailUrl":"https:\/\/gooddealersmeds.com\/es\/wp-content\/uploads\/sites\/4\/2022\/06\/FAT-BANANA.jpg","datePublished":"2022-06-30T00:04:45+00:00","dateModified":"2023-01-01T23:26:09+00:00","description":"Fat Banana en venta es una variedad de marihuana h\u00edbrida que se obtiene cruzando OG Kush con Chiquita Banana. C\u00f3mpralo en nuestra tienda de Cannabis online.","breadcrumb":{"@id":"https:\/\/gooddealersmeds.com\/es\/product\/platano-gordo\/#breadcrumb"},"inLanguage":"en-US","potentialAction":[{"@type":"ReadAction","target":["https:\/\/gooddealersmeds.com\/es\/product\/platano-gordo\/"]}]},{"@type":"ImageObject","inLanguage":"en-US","@id":"https:\/\/gooddealersmeds.com\/es\/product\/platano-gordo\/#primaryimage","url":"https:\/\/gooddealersmeds.com\/es\/wp-content\/uploads\/sites\/4\/2022\/06\/FAT-BANANA.jpg","contentUrl":"https:\/\/gooddealersmeds.com\/es\/wp-content\/uploads\/sites\/4\/2022\/06\/FAT-BANANA.jpg","width":600,"height":600,"caption":"Buy Fat Banana Online"},{"@type":"BreadcrumbList","@id":"https:\/\/gooddealersmeds.com\/es\/product\/platano-gordo\/#breadcrumb","itemListElement":[{"@type":"ListItem","position":1,"name":"Home","item":"https:\/\/gooddealersmeds.com\/es\/"},{"@type":"ListItem","position":2,"name":"Productos","item":"https:\/\/gooddealersmeds.com\/es\/productos\/"},{"@type":"ListItem","position":3,"name":"Ordene Fat Banana en l\u00ednea"}]},{"@type":"WebSite","@id":"https:\/\/gooddealersmeds.com\/es\/#website","url":"https:\/\/gooddealersmeds.com\/es\/","name":"Good Dealers Meds","description":"All our best","publisher":{"@id":"https:\/\/gooddealersmeds.com\/es\/#organization"},"potentialAction":[{"@type":"SearchAction","target":{"@type":"EntryPoint","urlTemplate":"https:\/\/gooddealersmeds.com\/es\/?s={search_term_string}"},"query-input":{"@type":"PropertyValueSpecification","valueRequired":true,"valueName":"search_term_string"}}],"inLanguage":"en-US"},{"@type":"Organization","@id":"https:\/\/gooddealersmeds.com\/es\/#organization","name":"Good Dealers Meds","url":"https:\/\/gooddealersmeds.com\/es\/","logo":{"@type":"ImageObject","inLanguage":"en-US","@id":"https:\/\/gooddealersmeds.com\/es\/#\/schema\/logo\/image\/","url":"https:\/\/gooddealersmeds.com\/es\/wp-content\/uploads\/sites\/4\/2022\/03\/gooddealersmeds__logo__20220317T222800Z.00.png","contentUrl":"https:\/\/gooddealersmeds.com\/es\/wp-content\/uploads\/sites\/4\/2022\/03\/gooddealersmeds__logo__20220317T222800Z.00.png","width":500,"height":325,"caption":"Good Dealers Meds"},"image":{"@id":"https:\/\/gooddealersmeds.com\/es\/#\/schema\/logo\/image\/"}}]}},"_links":{"self":[{"href":"https:\/\/gooddealersmeds.com\/es\/wp-json\/wp\/v2\/product\/1871","targetHints":{"allow":["GET"]}}],"collection":[{"href":"https:\/\/gooddealersmeds.com\/es\/wp-json\/wp\/v2\/product"}],"about":[{"href":"https:\/\/gooddealersmeds.com\/es\/wp-json\/wp\/v2\/types\/product"}],"replies":[{"embeddable":true,"href":"https:\/\/gooddealersmeds.com\/es\/wp-json\/wp\/v2\/comments?post=1871"}],"wp:featuredmedia":[{"embeddable":true,"href":"https:\/\/gooddealersmeds.com\/es\/wp-json\/wp\/v2\/media\/1872"}],"wp:attachment":[{"href":"https:\/\/gooddealersmeds.com\/es\/wp-json\/wp\/v2\/media?parent=1871"}],"wp:term":[{"taxonomy":"product_brand","embeddable":true,"href":"https:\/\/gooddealersmeds.com\/es\/wp-json\/wp\/v2\/product_brand?post=1871"},{"taxonomy":"product_cat","embeddable":true,"href":"https:\/\/gooddealersmeds.com\/es\/wp-json\/wp\/v2\/product_cat?post=1871"},{"taxonomy":"product_tag","embeddable":true,"href":"https:\/\/gooddealersmeds.com\/es\/wp-json\/wp\/v2\/product_tag?post=1871"}],"curies":[{"name":"wp","href":"https:\/\/api.w.org\/{rel}","templated":true}]}}