{"id":1869,"date":"2022-06-30T00:00:32","date_gmt":"2022-06-30T00:00:32","guid":{"rendered":"https:\/\/gooddealersmeds.com\/es\/?post_type=product&#038;p=1869"},"modified":"2023-01-01T23:33:48","modified_gmt":"2023-01-01T23:33:48","slug":"galletas-helado","status":"publish","type":"product","link":"https:\/\/gooddealersmeds.com\/es\/product\/galletas-helado\/","title":{"rendered":"Comprar Cookies  Gelato Online"},"content":{"rendered":"<h2>Variedad Cookies Gelato a la venta<\/h2>\n<p>Cookies Gelato Online es un sitio <a href=\"https:\/\/gooddealersmeds.com\/es\/product\/cookies-gelato\/\"> donde puedes comprar Cookies Gelato online<\/a>. la compa\u00f1\u00eda fue fundada en 2016 y tiene su sede en Nueva York. Variedad Cookies Gelato a la venta una variedad de diferentes tipos de helado, pero su producto m\u00e1s popular es el helado de galletas. Tambi\u00e9n venden otros tipos de helado, pero su tipo de helado m\u00e1s popular es el helado de galleta. \u00a1La compa\u00f1\u00eda ha existido durante aproximadamente un a\u00f1o y todav\u00eda est\u00e1 creciendo muy r\u00e1pidamente! <a href=\"https:\/\/www.leafly.com\/strains\/fat-banana\">Cookies Gelato Online<\/a> se ha vuelto cada vez m\u00e1s popular cada d\u00eda porque es f\u00e1cil comprarles helado en l\u00ednea; simplemente complete un formulario en l\u00ednea con toda su informaci\u00f3n, \u00a1y ellos le enviar\u00e1n su pedido de inmediato!<\/p>\n<p><strong>\u00a0<\/strong><\/p>\n<p><strong>\u00bfPor qu\u00e9 Comprar Cookies Gelato Online?<\/strong><\/p>\n<p>&nbsp;<\/p>\n<p>Variedad Cookies Gelato a la venta : Hay un mont\u00f3n de razones por las que deber\u00edas comprar helado de galletas en l\u00ednea de Cookies Gelato Online:<\/p>\n<p>1) Puedes elegir el sabor que quieras.<\/p>\n<p>2) No tienes que ir a ning\u00fan lado ni salir de casa.<\/p>\n<p>3) Puedes obtener exactamente lo que quieres sin<\/p>\n<p>&nbsp;<\/p>\n<p>&nbsp;<\/p>\n<p><strong>\u00bfEl mejor lugar para comprar Cookies Gelato en l\u00ednea?<\/strong><\/p>\n<p>&nbsp;<\/p>\n<p>\u00a1Hay muchos de ellos! Pero, si quiere ir al grano y aterrizar en un solo lugar que le ofrezca la mejor oferta, Good Dealers Meds es el lugar para venir. Echa un vistazo a toda nuestra gama de drogas recreativas y medicinales para encontrar las ofertas de las que no te arrepentir\u00e1s de gastar tu dinero.<\/p>\n","protected":false},"excerpt":{"rendered":"<p>Cookies Gelato es la hija de dos cepas de cannabis legendarias. Hered\u00f3 una potencia incre\u00edble, un sabor dulce y una productividad impresionante.<\/p>\n","protected":false},"featured_media":1870,"comment_status":"open","ping_status":"closed","template":"","meta":{"inline_featured_image":false},"product_brand":[],"product_cat":[348],"product_tag":[393,371,372,373,375,374,392,376,377,382,378,379,381,386,369,387,385,383,388,389,384,390,394,370,391,380,395],"class_list":{"0":"post-1869","1":"product","2":"type-product","3":"status-publish","4":"has-post-thumbnail","6":"product_cat-marijuana","7":"product_tag-amargo-y-kush","8":"product_tag-best-weed-joints","9":"product_tag-big-bud","10":"product_tag-blueberry-yum-yum","11":"product_tag-buy-wholesale-marijuana","12":"product_tag-comprar-barato-hierba-online","13":"product_tag-agrio-diesel","14":"product_tag-ganja-for-sale","15":"product_tag-girl-scout-cookies","16":"product_tag-gota-de-limon","17":"product_tag-grand-daddy-purple","18":"product_tag-grieta-verde","19":"product_tag-kandy-kush","20":"product_tag-y-kush","21":"product_tag-afgano-kush","22":"product_tag-pia-kush","23":"product_tag-luces-del-norte-5","24":"product_tag-mango-kush","25":"product_tag-naufragio","26":"product_tag-neblina-prpura","27":"product_tag-plantas-de-marihuana","28":"product_tag-prpura-kush","29":"product_tag-rinoceronte-blanco","30":"product_tag-saco-de-bolas","31":"product_tag-sensi-star-x-ak47","32":"product_tag-camo-para-la-venta","33":"product_tag-viuda-blanca-x-luces-del-norte","35":"first","36":"instock","37":"shipping-taxable","38":"purchasable","39":"product-type-simple"},"yoast_head":"<!-- This site is optimized with the Yoast SEO Premium plugin v20.6 (Yoast SEO v27.3) - https:\/\/yoast.com\/product\/yoast-seo-premium-wordpress\/ -->\n<title>Variedad Cookies Gelato a la venta | El mejor lugar para comprar hierba<\/title>\n<meta name=\"description\" content=\"Compre Gelato Cookies Weed en l\u00ednea de. Gelato es una tentadora variedad de cannabis h\u00edbrida de Cookie Fam y Sherbinski. Variedad Cookies Gelato a la venta\" \/>\n<meta name=\"robots\" content=\"index, follow, max-snippet:-1, max-image-preview:large, max-video-preview:-1\" \/>\n<link rel=\"canonical\" href=\"https:\/\/gooddealersmeds.com\/es\/product\/galletas-helado\/\" \/>\n<meta property=\"og:locale\" content=\"en_US\" \/>\n<meta property=\"og:type\" content=\"article\" \/>\n<meta property=\"og:title\" content=\"Comprar Cookies Gelato Online\" \/>\n<meta property=\"og:description\" content=\"Compre Gelato Cookies Weed en l\u00ednea de. Gelato es una tentadora variedad de cannabis h\u00edbrida de Cookie Fam y Sherbinski. Variedad Cookies Gelato a la venta\" \/>\n<meta property=\"og:url\" content=\"https:\/\/gooddealersmeds.com\/es\/product\/galletas-helado\/\" \/>\n<meta property=\"og:site_name\" content=\"Good Dealers Meds\" \/>\n<meta property=\"article:modified_time\" content=\"2023-01-01T23:33:48+00:00\" \/>\n<meta property=\"og:image\" content=\"https:\/\/gooddealersmeds.com\/es\/wp-content\/uploads\/sites\/4\/2022\/06\/COOKIES-GELATO.jpg\" \/>\n\t<meta property=\"og:image:width\" content=\"600\" \/>\n\t<meta property=\"og:image:height\" content=\"600\" \/>\n\t<meta property=\"og:image:type\" content=\"image\/jpeg\" \/>\n<meta name=\"twitter:card\" content=\"summary_large_image\" \/>\n<meta name=\"twitter:label1\" content=\"Est. reading time\" \/>\n\t<meta name=\"twitter:data1\" content=\"1 minute\" \/>\n<script type=\"application\/ld+json\" class=\"yoast-schema-graph\">{\"@context\":\"https:\\\/\\\/schema.org\",\"@graph\":[{\"@type\":\"WebPage\",\"@id\":\"https:\\\/\\\/gooddealersmeds.com\\\/es\\\/product\\\/galletas-helado\\\/\",\"url\":\"https:\\\/\\\/gooddealersmeds.com\\\/es\\\/product\\\/galletas-helado\\\/\",\"name\":\"Variedad Cookies Gelato a la venta | El mejor lugar para comprar hierba\",\"isPartOf\":{\"@id\":\"https:\\\/\\\/gooddealersmeds.com\\\/es\\\/#website\"},\"primaryImageOfPage\":{\"@id\":\"https:\\\/\\\/gooddealersmeds.com\\\/es\\\/product\\\/galletas-helado\\\/#primaryimage\"},\"image\":{\"@id\":\"https:\\\/\\\/gooddealersmeds.com\\\/es\\\/product\\\/galletas-helado\\\/#primaryimage\"},\"thumbnailUrl\":\"https:\\\/\\\/gooddealersmeds.com\\\/es\\\/wp-content\\\/uploads\\\/sites\\\/4\\\/2022\\\/06\\\/COOKIES-GELATO.jpg\",\"datePublished\":\"2022-06-30T00:00:32+00:00\",\"dateModified\":\"2023-01-01T23:33:48+00:00\",\"description\":\"Compre Gelato Cookies Weed en l\u00ednea de. Gelato es una tentadora variedad de cannabis h\u00edbrida de Cookie Fam y Sherbinski. Variedad Cookies Gelato a la venta\",\"breadcrumb\":{\"@id\":\"https:\\\/\\\/gooddealersmeds.com\\\/es\\\/product\\\/galletas-helado\\\/#breadcrumb\"},\"inLanguage\":\"en-US\",\"potentialAction\":[{\"@type\":\"ReadAction\",\"target\":[\"https:\\\/\\\/gooddealersmeds.com\\\/es\\\/product\\\/galletas-helado\\\/\"]}]},{\"@type\":\"ImageObject\",\"inLanguage\":\"en-US\",\"@id\":\"https:\\\/\\\/gooddealersmeds.com\\\/es\\\/product\\\/galletas-helado\\\/#primaryimage\",\"url\":\"https:\\\/\\\/gooddealersmeds.com\\\/es\\\/wp-content\\\/uploads\\\/sites\\\/4\\\/2022\\\/06\\\/COOKIES-GELATO.jpg\",\"contentUrl\":\"https:\\\/\\\/gooddealersmeds.com\\\/es\\\/wp-content\\\/uploads\\\/sites\\\/4\\\/2022\\\/06\\\/COOKIES-GELATO.jpg\",\"width\":600,\"height\":600,\"caption\":\"Cookies Gelato\"},{\"@type\":\"BreadcrumbList\",\"@id\":\"https:\\\/\\\/gooddealersmeds.com\\\/es\\\/product\\\/galletas-helado\\\/#breadcrumb\",\"itemListElement\":[{\"@type\":\"ListItem\",\"position\":1,\"name\":\"Home\",\"item\":\"https:\\\/\\\/gooddealersmeds.com\\\/es\\\/\"},{\"@type\":\"ListItem\",\"position\":2,\"name\":\"Productos\",\"item\":\"https:\\\/\\\/gooddealersmeds.com\\\/es\\\/productos\\\/\"},{\"@type\":\"ListItem\",\"position\":3,\"name\":\"Comprar Cookies Gelato Online\"}]},{\"@type\":\"WebSite\",\"@id\":\"https:\\\/\\\/gooddealersmeds.com\\\/es\\\/#website\",\"url\":\"https:\\\/\\\/gooddealersmeds.com\\\/es\\\/\",\"name\":\"Good Dealers Meds\",\"description\":\"All our best\",\"publisher\":{\"@id\":\"https:\\\/\\\/gooddealersmeds.com\\\/es\\\/#organization\"},\"potentialAction\":[{\"@type\":\"SearchAction\",\"target\":{\"@type\":\"EntryPoint\",\"urlTemplate\":\"https:\\\/\\\/gooddealersmeds.com\\\/es\\\/?s={search_term_string}\"},\"query-input\":{\"@type\":\"PropertyValueSpecification\",\"valueRequired\":true,\"valueName\":\"search_term_string\"}}],\"inLanguage\":\"en-US\"},{\"@type\":\"Organization\",\"@id\":\"https:\\\/\\\/gooddealersmeds.com\\\/es\\\/#organization\",\"name\":\"Good Dealers Meds\",\"url\":\"https:\\\/\\\/gooddealersmeds.com\\\/es\\\/\",\"logo\":{\"@type\":\"ImageObject\",\"inLanguage\":\"en-US\",\"@id\":\"https:\\\/\\\/gooddealersmeds.com\\\/es\\\/#\\\/schema\\\/logo\\\/image\\\/\",\"url\":\"https:\\\/\\\/gooddealersmeds.com\\\/es\\\/wp-content\\\/uploads\\\/sites\\\/4\\\/2022\\\/03\\\/gooddealersmeds__logo__20220317T222800Z.00.png\",\"contentUrl\":\"https:\\\/\\\/gooddealersmeds.com\\\/es\\\/wp-content\\\/uploads\\\/sites\\\/4\\\/2022\\\/03\\\/gooddealersmeds__logo__20220317T222800Z.00.png\",\"width\":500,\"height\":325,\"caption\":\"Good Dealers Meds\"},\"image\":{\"@id\":\"https:\\\/\\\/gooddealersmeds.com\\\/es\\\/#\\\/schema\\\/logo\\\/image\\\/\"}}]}<\/script>\n<!-- \/ Yoast SEO Premium plugin. -->","yoast_head_json":{"title":"Variedad Cookies Gelato a la venta | El mejor lugar para comprar hierba","description":"Compre Gelato Cookies Weed en l\u00ednea de. Gelato es una tentadora variedad de cannabis h\u00edbrida de Cookie Fam y Sherbinski. Variedad Cookies Gelato a la venta","robots":{"index":"index","follow":"follow","max-snippet":"max-snippet:-1","max-image-preview":"max-image-preview:large","max-video-preview":"max-video-preview:-1"},"canonical":"https:\/\/gooddealersmeds.com\/es\/product\/galletas-helado\/","og_locale":"en_US","og_type":"article","og_title":"Comprar Cookies Gelato Online","og_description":"Compre Gelato Cookies Weed en l\u00ednea de. Gelato es una tentadora variedad de cannabis h\u00edbrida de Cookie Fam y Sherbinski. Variedad Cookies Gelato a la venta","og_url":"https:\/\/gooddealersmeds.com\/es\/product\/galletas-helado\/","og_site_name":"Good Dealers Meds","article_modified_time":"2023-01-01T23:33:48+00:00","og_image":[{"width":600,"height":600,"url":"https:\/\/gooddealersmeds.com\/es\/wp-content\/uploads\/sites\/4\/2022\/06\/COOKIES-GELATO.jpg","type":"image\/jpeg"}],"twitter_card":"summary_large_image","twitter_misc":{"Est. reading time":"1 minute"},"schema":{"@context":"https:\/\/schema.org","@graph":[{"@type":"WebPage","@id":"https:\/\/gooddealersmeds.com\/es\/product\/galletas-helado\/","url":"https:\/\/gooddealersmeds.com\/es\/product\/galletas-helado\/","name":"Variedad Cookies Gelato a la venta | El mejor lugar para comprar hierba","isPartOf":{"@id":"https:\/\/gooddealersmeds.com\/es\/#website"},"primaryImageOfPage":{"@id":"https:\/\/gooddealersmeds.com\/es\/product\/galletas-helado\/#primaryimage"},"image":{"@id":"https:\/\/gooddealersmeds.com\/es\/product\/galletas-helado\/#primaryimage"},"thumbnailUrl":"https:\/\/gooddealersmeds.com\/es\/wp-content\/uploads\/sites\/4\/2022\/06\/COOKIES-GELATO.jpg","datePublished":"2022-06-30T00:00:32+00:00","dateModified":"2023-01-01T23:33:48+00:00","description":"Compre Gelato Cookies Weed en l\u00ednea de. Gelato es una tentadora variedad de cannabis h\u00edbrida de Cookie Fam y Sherbinski. Variedad Cookies Gelato a la venta","breadcrumb":{"@id":"https:\/\/gooddealersmeds.com\/es\/product\/galletas-helado\/#breadcrumb"},"inLanguage":"en-US","potentialAction":[{"@type":"ReadAction","target":["https:\/\/gooddealersmeds.com\/es\/product\/galletas-helado\/"]}]},{"@type":"ImageObject","inLanguage":"en-US","@id":"https:\/\/gooddealersmeds.com\/es\/product\/galletas-helado\/#primaryimage","url":"https:\/\/gooddealersmeds.com\/es\/wp-content\/uploads\/sites\/4\/2022\/06\/COOKIES-GELATO.jpg","contentUrl":"https:\/\/gooddealersmeds.com\/es\/wp-content\/uploads\/sites\/4\/2022\/06\/COOKIES-GELATO.jpg","width":600,"height":600,"caption":"Cookies Gelato"},{"@type":"BreadcrumbList","@id":"https:\/\/gooddealersmeds.com\/es\/product\/galletas-helado\/#breadcrumb","itemListElement":[{"@type":"ListItem","position":1,"name":"Home","item":"https:\/\/gooddealersmeds.com\/es\/"},{"@type":"ListItem","position":2,"name":"Productos","item":"https:\/\/gooddealersmeds.com\/es\/productos\/"},{"@type":"ListItem","position":3,"name":"Comprar Cookies Gelato Online"}]},{"@type":"WebSite","@id":"https:\/\/gooddealersmeds.com\/es\/#website","url":"https:\/\/gooddealersmeds.com\/es\/","name":"Good Dealers Meds","description":"All our best","publisher":{"@id":"https:\/\/gooddealersmeds.com\/es\/#organization"},"potentialAction":[{"@type":"SearchAction","target":{"@type":"EntryPoint","urlTemplate":"https:\/\/gooddealersmeds.com\/es\/?s={search_term_string}"},"query-input":{"@type":"PropertyValueSpecification","valueRequired":true,"valueName":"search_term_string"}}],"inLanguage":"en-US"},{"@type":"Organization","@id":"https:\/\/gooddealersmeds.com\/es\/#organization","name":"Good Dealers Meds","url":"https:\/\/gooddealersmeds.com\/es\/","logo":{"@type":"ImageObject","inLanguage":"en-US","@id":"https:\/\/gooddealersmeds.com\/es\/#\/schema\/logo\/image\/","url":"https:\/\/gooddealersmeds.com\/es\/wp-content\/uploads\/sites\/4\/2022\/03\/gooddealersmeds__logo__20220317T222800Z.00.png","contentUrl":"https:\/\/gooddealersmeds.com\/es\/wp-content\/uploads\/sites\/4\/2022\/03\/gooddealersmeds__logo__20220317T222800Z.00.png","width":500,"height":325,"caption":"Good Dealers Meds"},"image":{"@id":"https:\/\/gooddealersmeds.com\/es\/#\/schema\/logo\/image\/"}}]}},"_links":{"self":[{"href":"https:\/\/gooddealersmeds.com\/es\/wp-json\/wp\/v2\/product\/1869","targetHints":{"allow":["GET"]}}],"collection":[{"href":"https:\/\/gooddealersmeds.com\/es\/wp-json\/wp\/v2\/product"}],"about":[{"href":"https:\/\/gooddealersmeds.com\/es\/wp-json\/wp\/v2\/types\/product"}],"replies":[{"embeddable":true,"href":"https:\/\/gooddealersmeds.com\/es\/wp-json\/wp\/v2\/comments?post=1869"}],"wp:featuredmedia":[{"embeddable":true,"href":"https:\/\/gooddealersmeds.com\/es\/wp-json\/wp\/v2\/media\/1870"}],"wp:attachment":[{"href":"https:\/\/gooddealersmeds.com\/es\/wp-json\/wp\/v2\/media?parent=1869"}],"wp:term":[{"taxonomy":"product_brand","embeddable":true,"href":"https:\/\/gooddealersmeds.com\/es\/wp-json\/wp\/v2\/product_brand?post=1869"},{"taxonomy":"product_cat","embeddable":true,"href":"https:\/\/gooddealersmeds.com\/es\/wp-json\/wp\/v2\/product_cat?post=1869"},{"taxonomy":"product_tag","embeddable":true,"href":"https:\/\/gooddealersmeds.com\/es\/wp-json\/wp\/v2\/product_tag?post=1869"}],"curies":[{"name":"wp","href":"https:\/\/api.w.org\/{rel}","templated":true}]}}