{"id":1867,"date":"2022-06-29T23:56:03","date_gmt":"2022-06-29T23:56:03","guid":{"rendered":"https:\/\/gooddealersmeds.com\/es\/?post_type=product&#038;p=1867"},"modified":"2023-01-01T23:44:10","modified_gmt":"2023-01-01T23:44:10","slug":"amnesia-neblina","status":"publish","type":"product","link":"https:\/\/gooddealersmeds.com\/es\/product\/amnesia-neblina\/","title":{"rendered":"Comprar Amnesia Haze Online"},"content":{"rendered":"<h2>Amnesia Haze En Venta Online Calidad Superior<\/h2>\n<p><a href=\"https:\/\/gooddealersmeds.com\/es\/ product\/amnesia-haze\/\">Amnesia Haze Online<\/a> son las variedades de cannabis de mejor calidad y m\u00e1s efectivas que puedes encontrar. Es una cepa predominantemente Sativa con un aroma y sabor h\u00famedos. El subid\u00f3n es muy fuerte y durar\u00e1 unas 2 horas. Tiene una relaci\u00f3n 60\/40 Sativa\/Indica con un contenido de THC del 16 % y un contenido de CBD del 1 %.<\/p>\n<p>Amnesia Haze es una cepa Indica potente y de cuerpo completo que crece en forma tupida y densa. . Los cogollos est\u00e1n cubiertos de pistilos verdes y pelos anaranjados. Los cogollos tienen un fuerte aroma a skunk con toques de frutas dulces. La planta es de tama\u00f1o mediano, con hojas alargadas de color verde oscuro. Las flores tienen pistilos morados y pelos anaranjados.<\/p>\n<p>Amnesia Haze es un subid\u00f3n suave con efectos que duran hasta dos horas. Es ideal para relajarse, leer o mirar pel\u00edculas.<\/p>\n<p>El subid\u00f3n llega lentamente y aumenta con el tiempo a medida que su contenido de THC aumenta a lo largo de la experiencia. Los efectos cerebrales incluyen una fuerte euforia que puede ir acompa\u00f1ada de mareos, relajaci\u00f3n y reducci\u00f3n de los niveles de ansiedad. Los efectos corporales incluyen entumecimiento en las extremidades, sequedad de boca y gran deterioro de la vista, lo que puede resultar en una mala seguridad al conducir mientras se usa este producto.<\/p>\n<p><strong>\u00a0<\/strong><\/p>\n<p><strong>Por qu\u00e9 comprar Amnesia Haze en l\u00ednea <\/strong><\/p>\n<p><strong>\u00a0<\/strong><\/p>\n<p>Cuando est\u00e1s dispuesto a comprar cannabis, hay muchas razones por las que deber\u00edas comprar amnesia haze en l\u00ednea .<\/p>\n<p>En primer lugar, podr\u00e1s acceder a diferentes cepas mientras a\u00fan est\u00e9n en stock.<\/p>\n<p>En segundo lugar, puedes ahorrar tiempo porque no hay per\u00edodos de espera ni l\u00edmites a la hora de comprar productos en l\u00ednea.<\/p>\n<p>En tercer lugar, si desea comprar algunos accesorios adicionales como bongs o vaporizadores, entonces este es otro beneficio y, por \u00faltimo, para muchas personas que no viven lo suficientemente cerca, esto es tampoco es un gran problema porque<\/p>\n<p><strong>\u00a0<\/strong><\/p>\n<p><strong>El mejor lugar para comprar Amnesia Haze en l\u00ednea<\/strong><\/p>\n<p>\u00bfAlguna vez te has preguntado cu\u00e1l es el mejor lugar para comprar Amnesia Haze Online? Usted no est\u00e1 solo. Puedes pedir Amnesia Haze en l\u00ednea de Good Dealers Meds a los mejores precios. Simplemente haga su pedido con nosotros, si\u00e9ntese y rel\u00e1jese. Recibir\u00e1s tu pedido en el plazo prometido.<\/p>\n","protected":false},"excerpt":{"rendered":"<p>Despu\u00e9s de que la gen\u00e9tica Haze llegara a Holanda y se hicieran varios h\u00edbridos, un expatriado estadounidense combinar\u00eda m\u00e1s tarde uno de estos h\u00edbridos con un macho derivado de semillas Haze de la vieja escuela, creando la Amnesia Haze.<\/p>\n","protected":false},"featured_media":1868,"comment_status":"open","ping_status":"closed","template":"","meta":{"inline_featured_image":false},"product_brand":[],"product_cat":[348],"product_tag":[349,351,352,353,354,355,356,357,358,359,350,361,368,363,362,365,364,367,366,360],"class_list":{"0":"post-1867","1":"product","2":"type-product","3":"status-publish","4":"has-post-thumbnail","6":"product_cat-marijuana","7":"product_tag-best-weed-stock-to-buy","8":"product_tag-can-you-buy-weed","9":"product_tag-can-you-buy-weed-in-austria","10":"product_tag-can-you-buy-weed-in-switzerland","11":"product_tag-can-you-buy-weed-online","12":"product_tag-como-comprar-hierba","13":"product_tag-como-comprar-hierba-en-alemania","14":"product_tag-como-comprar-hierba-en-eslovaquia","15":"product_tag-como-comprar-hierba-en-eslovenia","16":"product_tag-como-comprar-hierba-online","17":"product_tag-comprar-marihuana-comestibles-online","18":"product_tag-donde-comprar-hierba","19":"product_tag-donde-comprar-hierba-cerca-de-mi","20":"product_tag-donde-comprar-hierba-en-alemania","21":"product_tag-donde-comprar-hierba-en-austria","22":"product_tag-donde-comprar-hierba-en-eslovaquia","23":"product_tag-donde-comprar-hierba-en-polonia","24":"product_tag-donde-comprar-hierba-en-espana","25":"product_tag-donde-comprar-hierba-en-suiza","26":"product_tag-hierba-existencias-para-comprar","28":"first","29":"instock","30":"shipping-taxable","31":"purchasable","32":"product-type-simple"},"yoast_head":"<!-- This site is optimized with the Yoast SEO Premium plugin v20.6 (Yoast SEO v27.3) - https:\/\/yoast.com\/product\/yoast-seo-premium-wordpress\/ -->\n<title>Comprar Amnesia Haze Online | Cannabis en venta | Good Dealers Meds<\/title>\n<meta name=\"description\" content=\"Comprar Amnesia Haze Online en Good Dealers Meds y consigue los mejores precios. Lo mejor del c\u00e1\u00f1amo suizo bajo un mismo techo. \u00a1Compre en l\u00ednea ahora!\" \/>\n<meta name=\"robots\" content=\"index, follow, max-snippet:-1, max-image-preview:large, max-video-preview:-1\" \/>\n<link rel=\"canonical\" href=\"https:\/\/gooddealersmeds.com\/es\/product\/amnesia-neblina\/\" \/>\n<meta property=\"og:locale\" content=\"en_US\" \/>\n<meta property=\"og:type\" content=\"article\" \/>\n<meta property=\"og:title\" content=\"Comprar Amnesia Haze Online\" \/>\n<meta property=\"og:description\" content=\"Comprar Amnesia Haze Online en Good Dealers Meds y consigue los mejores precios. Lo mejor del c\u00e1\u00f1amo suizo bajo un mismo techo. \u00a1Compre en l\u00ednea ahora!\" \/>\n<meta property=\"og:url\" content=\"https:\/\/gooddealersmeds.com\/es\/product\/amnesia-neblina\/\" \/>\n<meta property=\"og:site_name\" content=\"Good Dealers Meds\" \/>\n<meta property=\"article:modified_time\" content=\"2023-01-01T23:44:10+00:00\" \/>\n<meta property=\"og:image\" content=\"https:\/\/gooddealersmeds.com\/es\/wp-content\/uploads\/sites\/4\/2022\/06\/AMNESIA-HAZE.jpg\" \/>\n\t<meta property=\"og:image:width\" content=\"600\" \/>\n\t<meta property=\"og:image:height\" content=\"600\" \/>\n\t<meta property=\"og:image:type\" content=\"image\/jpeg\" \/>\n<meta name=\"twitter:card\" content=\"summary_large_image\" \/>\n<meta name=\"twitter:label1\" content=\"Est. reading time\" \/>\n\t<meta name=\"twitter:data1\" content=\"2 minutes\" \/>\n<script type=\"application\/ld+json\" class=\"yoast-schema-graph\">{\"@context\":\"https:\\\/\\\/schema.org\",\"@graph\":[{\"@type\":\"WebPage\",\"@id\":\"https:\\\/\\\/gooddealersmeds.com\\\/es\\\/product\\\/amnesia-neblina\\\/\",\"url\":\"https:\\\/\\\/gooddealersmeds.com\\\/es\\\/product\\\/amnesia-neblina\\\/\",\"name\":\"Comprar Amnesia Haze Online | Cannabis en venta | Good Dealers Meds\",\"isPartOf\":{\"@id\":\"https:\\\/\\\/gooddealersmeds.com\\\/es\\\/#website\"},\"primaryImageOfPage\":{\"@id\":\"https:\\\/\\\/gooddealersmeds.com\\\/es\\\/product\\\/amnesia-neblina\\\/#primaryimage\"},\"image\":{\"@id\":\"https:\\\/\\\/gooddealersmeds.com\\\/es\\\/product\\\/amnesia-neblina\\\/#primaryimage\"},\"thumbnailUrl\":\"https:\\\/\\\/gooddealersmeds.com\\\/es\\\/wp-content\\\/uploads\\\/sites\\\/4\\\/2022\\\/06\\\/AMNESIA-HAZE.jpg\",\"datePublished\":\"2022-06-29T23:56:03+00:00\",\"dateModified\":\"2023-01-01T23:44:10+00:00\",\"description\":\"Comprar Amnesia Haze Online en Good Dealers Meds y consigue los mejores precios. Lo mejor del c\u00e1\u00f1amo suizo bajo un mismo techo. \u00a1Compre en l\u00ednea ahora!\",\"breadcrumb\":{\"@id\":\"https:\\\/\\\/gooddealersmeds.com\\\/es\\\/product\\\/amnesia-neblina\\\/#breadcrumb\"},\"inLanguage\":\"en-US\",\"potentialAction\":[{\"@type\":\"ReadAction\",\"target\":[\"https:\\\/\\\/gooddealersmeds.com\\\/es\\\/product\\\/amnesia-neblina\\\/\"]}]},{\"@type\":\"ImageObject\",\"inLanguage\":\"en-US\",\"@id\":\"https:\\\/\\\/gooddealersmeds.com\\\/es\\\/product\\\/amnesia-neblina\\\/#primaryimage\",\"url\":\"https:\\\/\\\/gooddealersmeds.com\\\/es\\\/wp-content\\\/uploads\\\/sites\\\/4\\\/2022\\\/06\\\/AMNESIA-HAZE.jpg\",\"contentUrl\":\"https:\\\/\\\/gooddealersmeds.com\\\/es\\\/wp-content\\\/uploads\\\/sites\\\/4\\\/2022\\\/06\\\/AMNESIA-HAZE.jpg\",\"width\":600,\"height\":600,\"caption\":\"Buy Amnesia Haze\"},{\"@type\":\"BreadcrumbList\",\"@id\":\"https:\\\/\\\/gooddealersmeds.com\\\/es\\\/product\\\/amnesia-neblina\\\/#breadcrumb\",\"itemListElement\":[{\"@type\":\"ListItem\",\"position\":1,\"name\":\"Home\",\"item\":\"https:\\\/\\\/gooddealersmeds.com\\\/es\\\/\"},{\"@type\":\"ListItem\",\"position\":2,\"name\":\"Productos\",\"item\":\"https:\\\/\\\/gooddealersmeds.com\\\/es\\\/productos\\\/\"},{\"@type\":\"ListItem\",\"position\":3,\"name\":\"Comprar Amnesia Haze Online\"}]},{\"@type\":\"WebSite\",\"@id\":\"https:\\\/\\\/gooddealersmeds.com\\\/es\\\/#website\",\"url\":\"https:\\\/\\\/gooddealersmeds.com\\\/es\\\/\",\"name\":\"Good Dealers Meds\",\"description\":\"All our best\",\"publisher\":{\"@id\":\"https:\\\/\\\/gooddealersmeds.com\\\/es\\\/#organization\"},\"potentialAction\":[{\"@type\":\"SearchAction\",\"target\":{\"@type\":\"EntryPoint\",\"urlTemplate\":\"https:\\\/\\\/gooddealersmeds.com\\\/es\\\/?s={search_term_string}\"},\"query-input\":{\"@type\":\"PropertyValueSpecification\",\"valueRequired\":true,\"valueName\":\"search_term_string\"}}],\"inLanguage\":\"en-US\"},{\"@type\":\"Organization\",\"@id\":\"https:\\\/\\\/gooddealersmeds.com\\\/es\\\/#organization\",\"name\":\"Good Dealers Meds\",\"url\":\"https:\\\/\\\/gooddealersmeds.com\\\/es\\\/\",\"logo\":{\"@type\":\"ImageObject\",\"inLanguage\":\"en-US\",\"@id\":\"https:\\\/\\\/gooddealersmeds.com\\\/es\\\/#\\\/schema\\\/logo\\\/image\\\/\",\"url\":\"https:\\\/\\\/gooddealersmeds.com\\\/es\\\/wp-content\\\/uploads\\\/sites\\\/4\\\/2022\\\/03\\\/gooddealersmeds__logo__20220317T222800Z.00.png\",\"contentUrl\":\"https:\\\/\\\/gooddealersmeds.com\\\/es\\\/wp-content\\\/uploads\\\/sites\\\/4\\\/2022\\\/03\\\/gooddealersmeds__logo__20220317T222800Z.00.png\",\"width\":500,\"height\":325,\"caption\":\"Good Dealers Meds\"},\"image\":{\"@id\":\"https:\\\/\\\/gooddealersmeds.com\\\/es\\\/#\\\/schema\\\/logo\\\/image\\\/\"}}]}<\/script>\n<!-- \/ Yoast SEO Premium plugin. -->","yoast_head_json":{"title":"Comprar Amnesia Haze Online | Cannabis en venta | Good Dealers Meds","description":"Comprar Amnesia Haze Online en Good Dealers Meds y consigue los mejores precios. Lo mejor del c\u00e1\u00f1amo suizo bajo un mismo techo. \u00a1Compre en l\u00ednea ahora!","robots":{"index":"index","follow":"follow","max-snippet":"max-snippet:-1","max-image-preview":"max-image-preview:large","max-video-preview":"max-video-preview:-1"},"canonical":"https:\/\/gooddealersmeds.com\/es\/product\/amnesia-neblina\/","og_locale":"en_US","og_type":"article","og_title":"Comprar Amnesia Haze Online","og_description":"Comprar Amnesia Haze Online en Good Dealers Meds y consigue los mejores precios. Lo mejor del c\u00e1\u00f1amo suizo bajo un mismo techo. \u00a1Compre en l\u00ednea ahora!","og_url":"https:\/\/gooddealersmeds.com\/es\/product\/amnesia-neblina\/","og_site_name":"Good Dealers Meds","article_modified_time":"2023-01-01T23:44:10+00:00","og_image":[{"width":600,"height":600,"url":"https:\/\/gooddealersmeds.com\/es\/wp-content\/uploads\/sites\/4\/2022\/06\/AMNESIA-HAZE.jpg","type":"image\/jpeg"}],"twitter_card":"summary_large_image","twitter_misc":{"Est. reading time":"2 minutes"},"schema":{"@context":"https:\/\/schema.org","@graph":[{"@type":"WebPage","@id":"https:\/\/gooddealersmeds.com\/es\/product\/amnesia-neblina\/","url":"https:\/\/gooddealersmeds.com\/es\/product\/amnesia-neblina\/","name":"Comprar Amnesia Haze Online | Cannabis en venta | Good Dealers Meds","isPartOf":{"@id":"https:\/\/gooddealersmeds.com\/es\/#website"},"primaryImageOfPage":{"@id":"https:\/\/gooddealersmeds.com\/es\/product\/amnesia-neblina\/#primaryimage"},"image":{"@id":"https:\/\/gooddealersmeds.com\/es\/product\/amnesia-neblina\/#primaryimage"},"thumbnailUrl":"https:\/\/gooddealersmeds.com\/es\/wp-content\/uploads\/sites\/4\/2022\/06\/AMNESIA-HAZE.jpg","datePublished":"2022-06-29T23:56:03+00:00","dateModified":"2023-01-01T23:44:10+00:00","description":"Comprar Amnesia Haze Online en Good Dealers Meds y consigue los mejores precios. Lo mejor del c\u00e1\u00f1amo suizo bajo un mismo techo. \u00a1Compre en l\u00ednea ahora!","breadcrumb":{"@id":"https:\/\/gooddealersmeds.com\/es\/product\/amnesia-neblina\/#breadcrumb"},"inLanguage":"en-US","potentialAction":[{"@type":"ReadAction","target":["https:\/\/gooddealersmeds.com\/es\/product\/amnesia-neblina\/"]}]},{"@type":"ImageObject","inLanguage":"en-US","@id":"https:\/\/gooddealersmeds.com\/es\/product\/amnesia-neblina\/#primaryimage","url":"https:\/\/gooddealersmeds.com\/es\/wp-content\/uploads\/sites\/4\/2022\/06\/AMNESIA-HAZE.jpg","contentUrl":"https:\/\/gooddealersmeds.com\/es\/wp-content\/uploads\/sites\/4\/2022\/06\/AMNESIA-HAZE.jpg","width":600,"height":600,"caption":"Buy Amnesia Haze"},{"@type":"BreadcrumbList","@id":"https:\/\/gooddealersmeds.com\/es\/product\/amnesia-neblina\/#breadcrumb","itemListElement":[{"@type":"ListItem","position":1,"name":"Home","item":"https:\/\/gooddealersmeds.com\/es\/"},{"@type":"ListItem","position":2,"name":"Productos","item":"https:\/\/gooddealersmeds.com\/es\/productos\/"},{"@type":"ListItem","position":3,"name":"Comprar Amnesia Haze Online"}]},{"@type":"WebSite","@id":"https:\/\/gooddealersmeds.com\/es\/#website","url":"https:\/\/gooddealersmeds.com\/es\/","name":"Good Dealers Meds","description":"All our best","publisher":{"@id":"https:\/\/gooddealersmeds.com\/es\/#organization"},"potentialAction":[{"@type":"SearchAction","target":{"@type":"EntryPoint","urlTemplate":"https:\/\/gooddealersmeds.com\/es\/?s={search_term_string}"},"query-input":{"@type":"PropertyValueSpecification","valueRequired":true,"valueName":"search_term_string"}}],"inLanguage":"en-US"},{"@type":"Organization","@id":"https:\/\/gooddealersmeds.com\/es\/#organization","name":"Good Dealers Meds","url":"https:\/\/gooddealersmeds.com\/es\/","logo":{"@type":"ImageObject","inLanguage":"en-US","@id":"https:\/\/gooddealersmeds.com\/es\/#\/schema\/logo\/image\/","url":"https:\/\/gooddealersmeds.com\/es\/wp-content\/uploads\/sites\/4\/2022\/03\/gooddealersmeds__logo__20220317T222800Z.00.png","contentUrl":"https:\/\/gooddealersmeds.com\/es\/wp-content\/uploads\/sites\/4\/2022\/03\/gooddealersmeds__logo__20220317T222800Z.00.png","width":500,"height":325,"caption":"Good Dealers Meds"},"image":{"@id":"https:\/\/gooddealersmeds.com\/es\/#\/schema\/logo\/image\/"}}]}},"_links":{"self":[{"href":"https:\/\/gooddealersmeds.com\/es\/wp-json\/wp\/v2\/product\/1867","targetHints":{"allow":["GET"]}}],"collection":[{"href":"https:\/\/gooddealersmeds.com\/es\/wp-json\/wp\/v2\/product"}],"about":[{"href":"https:\/\/gooddealersmeds.com\/es\/wp-json\/wp\/v2\/types\/product"}],"replies":[{"embeddable":true,"href":"https:\/\/gooddealersmeds.com\/es\/wp-json\/wp\/v2\/comments?post=1867"}],"wp:featuredmedia":[{"embeddable":true,"href":"https:\/\/gooddealersmeds.com\/es\/wp-json\/wp\/v2\/media\/1868"}],"wp:attachment":[{"href":"https:\/\/gooddealersmeds.com\/es\/wp-json\/wp\/v2\/media?parent=1867"}],"wp:term":[{"taxonomy":"product_brand","embeddable":true,"href":"https:\/\/gooddealersmeds.com\/es\/wp-json\/wp\/v2\/product_brand?post=1867"},{"taxonomy":"product_cat","embeddable":true,"href":"https:\/\/gooddealersmeds.com\/es\/wp-json\/wp\/v2\/product_cat?post=1867"},{"taxonomy":"product_tag","embeddable":true,"href":"https:\/\/gooddealersmeds.com\/es\/wp-json\/wp\/v2\/product_tag?post=1867"}],"curies":[{"name":"wp","href":"https:\/\/api.w.org\/{rel}","templated":true}]}}