{"id":1833,"date":"2022-06-22T20:57:16","date_gmt":"2022-06-22T20:57:16","guid":{"rendered":"https:\/\/gooddealersmeds.com\/es\/?post_type=product&#038;p=1833"},"modified":"2023-01-01T23:51:01","modified_gmt":"2023-01-01T23:51:01","slug":"rivotril","status":"publish","type":"product","link":"https:\/\/gooddealersmeds.com\/es\/product\/rivotril\/","title":{"rendered":"Comprar Rivotril en l\u00ednea"},"content":{"rendered":"<h2>Comprar Rivotril en l\u00ednea de primera categor\u00eda<\/h2>\n<p><a href=\"https:\/\/gooddealersmeds.com\/es\/product\/rivotril\/\">Rivotril<\/a> es un medicamento utilizado en el tratamiento de la hipertensi\u00f3n arterial. Est\u00e1 disponible en tabletas, c\u00e1psulas y tabletas de liberaci\u00f3n prolongada. El medicamento pertenece al grupo de bloqueadores de los canales de calcio. A diferencia de otros medicamentos para la presi\u00f3n arterial alta, que relajan las arterias y reducen la frecuencia card\u00edaca, este medicamento bloquea los canales de calcio en el coraz\u00f3n, lo que provoca un aumento de la frecuencia card\u00edaca y la presi\u00f3n arterial.<\/p>\n<p>&nbsp;<\/p>\n<p>Rivotril es un medicamento que se puede usar para tratar la depresi\u00f3n, la ansiedad y los ataques de p\u00e1nico. Funciona al bloquear ciertas sustancias qu\u00edmicas en el cerebro que pueden estar causando los s\u00edntomas. Est\u00e1 disponible como farmacia en l\u00ednea.<\/p>\n<p>El medicamento fue aprobado por la Administraci\u00f3n de Drogas y Alimentos de los EE. UU. en 1987 y estuvo disponible con receta m\u00e9dica para tratar la depresi\u00f3n y <a href=\"https:\/\/www.apotheken -umschau.de\/medikamente\/beipackzettel\/rivotril-2-mg-tabletten-1874385.html\">trastornos de ansiedad<\/a>. Desde entonces, tambi\u00e9n se ha recetado para otras afecciones, como el trastorno bipolar y los ataques de p\u00e1nico.<\/p>\n<p><strong>\u00a0<\/strong><\/p>\n<p><strong>\u00bfPor qu\u00e9 comprar Rivotril en l\u00ednea?<\/strong><\/p>\n<p><strong>\u00a0<\/strong><\/p>\n<p>Los beneficios de usar este medicamento incluyen:<\/p>\n<p>1)\u00a0 Es efectivo para controlar la presi\u00f3n arterial y reducir el riesgo de accidente cerebrovascular<\/p>\n<p>2)\u00a0 Ayuda a prevenir los c\u00e1lculos renales al regular la micci\u00f3n<\/p>\n<p>3)\u00a0 Con sus efectos duraderos, puede ayudarlo a disfrutar de un mejor sue\u00f1o y reducir el cansancio despu\u00e9s del trabajo horas<\/p>\n<p>4)\u00a0 Ayuda a prevenir el da\u00f1o renal por exceso de retenci\u00f3n de l\u00edquidos provocado por la hipertensi\u00f3n arterial<\/p>\n<p><strong>\u00a0<\/strong><\/p>\n<p><strong> El mejor lugar para comprar Rivotril en l\u00ednea<\/strong><\/p>\n<p>Muchas farmacias venden Rivotril en la web, pero Great Dealers Meds es el mejor lugar para encontrar este medicamento. Ofrecemos costos serios y una gran cantidad de medicamentos, incluido Rivotril. Tambi\u00e9n puede reservar Rivotril en l\u00ednea a trav\u00e9s de Great Dealers Meds visitando nuestra p\u00e1gina de compras en l\u00ednea.<\/p>\n","protected":false},"excerpt":{"rendered":"<p>Compre Rivotril 2 mg en l\u00ednea, es una benzodiazepina, lo que significa que tiene un efecto calmante en el cerebro. Reduce las convulsiones, la ansiedad y se usa para tratar los trastornos convulsivos. Rivotril retarda la actividad de los nervios en el cerebro, relaja los m\u00fasculos tensos y puede ayudar con la dificultad para dormir (insomnio). Rivotril 2 mg generalmente se receta por un per\u00edodo corto de tiempo si se usa para tratar problemas para dormir. Si ha estado tomando Clonazepam durante un per\u00edodo de tiempo prolongado o en dosis altas, consulte a su m\u00e9dico antes de suspenderlo.<\/p>\n","protected":false},"featured_media":1840,"comment_status":"open","ping_status":"closed","template":"","meta":{"inline_featured_image":false},"product_brand":[],"product_cat":[347],"product_tag":[338,341,339,340],"class_list":{"0":"post-1833","1":"product","2":"type-product","3":"status-publish","4":"has-post-thumbnail","6":"product_cat-opioide-analgsico","7":"product_tag-barbitricos","8":"product_tag-kits-de-suicidio","9":"product_tag-nembutal","10":"product_tag-productos-qumicos-de-investigacin","12":"first","13":"instock","14":"shipping-taxable","15":"purchasable","16":"product-type-variable","17":"has-default-attributes"},"yoast_head":"<!-- This site is optimized with the Yoast SEO Premium plugin v20.6 (Yoast SEO v27.3) - https:\/\/yoast.com\/product\/yoast-seo-premium-wordpress\/ -->\n<title>Comprar Rivotril en l\u00ednea | Rivotril a la venta | Clonazepam<\/title>\n<meta name=\"description\" content=\"Compre Rivotril 2mg en l\u00ednea de Good Dealers Meds. Se usa para tratar convulsiones, ansiedad y se usa para tratar trastornos convulsivos.\" \/>\n<meta name=\"robots\" content=\"index, follow, max-snippet:-1, max-image-preview:large, max-video-preview:-1\" \/>\n<link rel=\"canonical\" href=\"https:\/\/gooddealersmeds.com\/es\/product\/rivotril\/\" \/>\n<meta property=\"og:locale\" content=\"en_US\" \/>\n<meta property=\"og:type\" content=\"article\" \/>\n<meta property=\"og:title\" content=\"Comprar Rivotril en l\u00ednea\" \/>\n<meta property=\"og:description\" content=\"Compre Rivotril 2mg en l\u00ednea de Good Dealers Meds. Se usa para tratar convulsiones, ansiedad y se usa para tratar trastornos convulsivos.\" \/>\n<meta property=\"og:url\" content=\"https:\/\/gooddealersmeds.com\/es\/product\/rivotril\/\" \/>\n<meta property=\"og:site_name\" content=\"Good Dealers Meds\" \/>\n<meta property=\"article:modified_time\" content=\"2023-01-01T23:51:01+00:00\" \/>\n<meta property=\"og:image\" content=\"https:\/\/gooddealersmeds.com\/es\/wp-content\/uploads\/sites\/4\/2022\/06\/Rivotril-2mg.webp\" \/>\n\t<meta property=\"og:image:width\" content=\"600\" \/>\n\t<meta property=\"og:image:height\" content=\"600\" \/>\n\t<meta property=\"og:image:type\" content=\"image\/webp\" \/>\n<meta name=\"twitter:card\" content=\"summary_large_image\" \/>\n<meta name=\"twitter:label1\" content=\"Est. reading time\" \/>\n\t<meta name=\"twitter:data1\" content=\"2 minutes\" \/>\n<script type=\"application\/ld+json\" class=\"yoast-schema-graph\">{\"@context\":\"https:\\\/\\\/schema.org\",\"@graph\":[{\"@type\":\"WebPage\",\"@id\":\"https:\\\/\\\/gooddealersmeds.com\\\/es\\\/product\\\/rivotril\\\/\",\"url\":\"https:\\\/\\\/gooddealersmeds.com\\\/es\\\/product\\\/rivotril\\\/\",\"name\":\"Comprar Rivotril en l\u00ednea | Rivotril a la venta | Clonazepam\",\"isPartOf\":{\"@id\":\"https:\\\/\\\/gooddealersmeds.com\\\/es\\\/#website\"},\"primaryImageOfPage\":{\"@id\":\"https:\\\/\\\/gooddealersmeds.com\\\/es\\\/product\\\/rivotril\\\/#primaryimage\"},\"image\":{\"@id\":\"https:\\\/\\\/gooddealersmeds.com\\\/es\\\/product\\\/rivotril\\\/#primaryimage\"},\"thumbnailUrl\":\"https:\\\/\\\/gooddealersmeds.com\\\/es\\\/wp-content\\\/uploads\\\/sites\\\/4\\\/2022\\\/06\\\/Rivotril-2mg.webp\",\"datePublished\":\"2022-06-22T20:57:16+00:00\",\"dateModified\":\"2023-01-01T23:51:01+00:00\",\"description\":\"Compre Rivotril 2mg en l\u00ednea de Good Dealers Meds. Se usa para tratar convulsiones, ansiedad y se usa para tratar trastornos convulsivos.\",\"breadcrumb\":{\"@id\":\"https:\\\/\\\/gooddealersmeds.com\\\/es\\\/product\\\/rivotril\\\/#breadcrumb\"},\"inLanguage\":\"en-US\",\"potentialAction\":[{\"@type\":\"ReadAction\",\"target\":[\"https:\\\/\\\/gooddealersmeds.com\\\/es\\\/product\\\/rivotril\\\/\"]}]},{\"@type\":\"ImageObject\",\"inLanguage\":\"en-US\",\"@id\":\"https:\\\/\\\/gooddealersmeds.com\\\/es\\\/product\\\/rivotril\\\/#primaryimage\",\"url\":\"https:\\\/\\\/gooddealersmeds.com\\\/es\\\/wp-content\\\/uploads\\\/sites\\\/4\\\/2022\\\/06\\\/Rivotril-2mg.webp\",\"contentUrl\":\"https:\\\/\\\/gooddealersmeds.com\\\/es\\\/wp-content\\\/uploads\\\/sites\\\/4\\\/2022\\\/06\\\/Rivotril-2mg.webp\",\"width\":600,\"height\":600,\"caption\":\"Buy Rivotril Online\"},{\"@type\":\"BreadcrumbList\",\"@id\":\"https:\\\/\\\/gooddealersmeds.com\\\/es\\\/product\\\/rivotril\\\/#breadcrumb\",\"itemListElement\":[{\"@type\":\"ListItem\",\"position\":1,\"name\":\"Home\",\"item\":\"https:\\\/\\\/gooddealersmeds.com\\\/es\\\/\"},{\"@type\":\"ListItem\",\"position\":2,\"name\":\"Productos\",\"item\":\"https:\\\/\\\/gooddealersmeds.com\\\/es\\\/productos\\\/\"},{\"@type\":\"ListItem\",\"position\":3,\"name\":\"Comprar Rivotril en l\u00ednea\"}]},{\"@type\":\"WebSite\",\"@id\":\"https:\\\/\\\/gooddealersmeds.com\\\/es\\\/#website\",\"url\":\"https:\\\/\\\/gooddealersmeds.com\\\/es\\\/\",\"name\":\"Good Dealers Meds\",\"description\":\"All our best\",\"publisher\":{\"@id\":\"https:\\\/\\\/gooddealersmeds.com\\\/es\\\/#organization\"},\"potentialAction\":[{\"@type\":\"SearchAction\",\"target\":{\"@type\":\"EntryPoint\",\"urlTemplate\":\"https:\\\/\\\/gooddealersmeds.com\\\/es\\\/?s={search_term_string}\"},\"query-input\":{\"@type\":\"PropertyValueSpecification\",\"valueRequired\":true,\"valueName\":\"search_term_string\"}}],\"inLanguage\":\"en-US\"},{\"@type\":\"Organization\",\"@id\":\"https:\\\/\\\/gooddealersmeds.com\\\/es\\\/#organization\",\"name\":\"Good Dealers Meds\",\"url\":\"https:\\\/\\\/gooddealersmeds.com\\\/es\\\/\",\"logo\":{\"@type\":\"ImageObject\",\"inLanguage\":\"en-US\",\"@id\":\"https:\\\/\\\/gooddealersmeds.com\\\/es\\\/#\\\/schema\\\/logo\\\/image\\\/\",\"url\":\"https:\\\/\\\/gooddealersmeds.com\\\/es\\\/wp-content\\\/uploads\\\/sites\\\/4\\\/2022\\\/03\\\/gooddealersmeds__logo__20220317T222800Z.00.png\",\"contentUrl\":\"https:\\\/\\\/gooddealersmeds.com\\\/es\\\/wp-content\\\/uploads\\\/sites\\\/4\\\/2022\\\/03\\\/gooddealersmeds__logo__20220317T222800Z.00.png\",\"width\":500,\"height\":325,\"caption\":\"Good Dealers Meds\"},\"image\":{\"@id\":\"https:\\\/\\\/gooddealersmeds.com\\\/es\\\/#\\\/schema\\\/logo\\\/image\\\/\"}}]}<\/script>\n<!-- \/ Yoast SEO Premium plugin. -->","yoast_head_json":{"title":"Comprar Rivotril en l\u00ednea | Rivotril a la venta | Clonazepam","description":"Compre Rivotril 2mg en l\u00ednea de Good Dealers Meds. Se usa para tratar convulsiones, ansiedad y se usa para tratar trastornos convulsivos.","robots":{"index":"index","follow":"follow","max-snippet":"max-snippet:-1","max-image-preview":"max-image-preview:large","max-video-preview":"max-video-preview:-1"},"canonical":"https:\/\/gooddealersmeds.com\/es\/product\/rivotril\/","og_locale":"en_US","og_type":"article","og_title":"Comprar Rivotril en l\u00ednea","og_description":"Compre Rivotril 2mg en l\u00ednea de Good Dealers Meds. Se usa para tratar convulsiones, ansiedad y se usa para tratar trastornos convulsivos.","og_url":"https:\/\/gooddealersmeds.com\/es\/product\/rivotril\/","og_site_name":"Good Dealers Meds","article_modified_time":"2023-01-01T23:51:01+00:00","og_image":[{"width":600,"height":600,"url":"https:\/\/gooddealersmeds.com\/es\/wp-content\/uploads\/sites\/4\/2022\/06\/Rivotril-2mg.webp","type":"image\/webp"}],"twitter_card":"summary_large_image","twitter_misc":{"Est. reading time":"2 minutes"},"schema":{"@context":"https:\/\/schema.org","@graph":[{"@type":"WebPage","@id":"https:\/\/gooddealersmeds.com\/es\/product\/rivotril\/","url":"https:\/\/gooddealersmeds.com\/es\/product\/rivotril\/","name":"Comprar Rivotril en l\u00ednea | Rivotril a la venta | Clonazepam","isPartOf":{"@id":"https:\/\/gooddealersmeds.com\/es\/#website"},"primaryImageOfPage":{"@id":"https:\/\/gooddealersmeds.com\/es\/product\/rivotril\/#primaryimage"},"image":{"@id":"https:\/\/gooddealersmeds.com\/es\/product\/rivotril\/#primaryimage"},"thumbnailUrl":"https:\/\/gooddealersmeds.com\/es\/wp-content\/uploads\/sites\/4\/2022\/06\/Rivotril-2mg.webp","datePublished":"2022-06-22T20:57:16+00:00","dateModified":"2023-01-01T23:51:01+00:00","description":"Compre Rivotril 2mg en l\u00ednea de Good Dealers Meds. Se usa para tratar convulsiones, ansiedad y se usa para tratar trastornos convulsivos.","breadcrumb":{"@id":"https:\/\/gooddealersmeds.com\/es\/product\/rivotril\/#breadcrumb"},"inLanguage":"en-US","potentialAction":[{"@type":"ReadAction","target":["https:\/\/gooddealersmeds.com\/es\/product\/rivotril\/"]}]},{"@type":"ImageObject","inLanguage":"en-US","@id":"https:\/\/gooddealersmeds.com\/es\/product\/rivotril\/#primaryimage","url":"https:\/\/gooddealersmeds.com\/es\/wp-content\/uploads\/sites\/4\/2022\/06\/Rivotril-2mg.webp","contentUrl":"https:\/\/gooddealersmeds.com\/es\/wp-content\/uploads\/sites\/4\/2022\/06\/Rivotril-2mg.webp","width":600,"height":600,"caption":"Buy Rivotril Online"},{"@type":"BreadcrumbList","@id":"https:\/\/gooddealersmeds.com\/es\/product\/rivotril\/#breadcrumb","itemListElement":[{"@type":"ListItem","position":1,"name":"Home","item":"https:\/\/gooddealersmeds.com\/es\/"},{"@type":"ListItem","position":2,"name":"Productos","item":"https:\/\/gooddealersmeds.com\/es\/productos\/"},{"@type":"ListItem","position":3,"name":"Comprar Rivotril en l\u00ednea"}]},{"@type":"WebSite","@id":"https:\/\/gooddealersmeds.com\/es\/#website","url":"https:\/\/gooddealersmeds.com\/es\/","name":"Good Dealers Meds","description":"All our best","publisher":{"@id":"https:\/\/gooddealersmeds.com\/es\/#organization"},"potentialAction":[{"@type":"SearchAction","target":{"@type":"EntryPoint","urlTemplate":"https:\/\/gooddealersmeds.com\/es\/?s={search_term_string}"},"query-input":{"@type":"PropertyValueSpecification","valueRequired":true,"valueName":"search_term_string"}}],"inLanguage":"en-US"},{"@type":"Organization","@id":"https:\/\/gooddealersmeds.com\/es\/#organization","name":"Good Dealers Meds","url":"https:\/\/gooddealersmeds.com\/es\/","logo":{"@type":"ImageObject","inLanguage":"en-US","@id":"https:\/\/gooddealersmeds.com\/es\/#\/schema\/logo\/image\/","url":"https:\/\/gooddealersmeds.com\/es\/wp-content\/uploads\/sites\/4\/2022\/03\/gooddealersmeds__logo__20220317T222800Z.00.png","contentUrl":"https:\/\/gooddealersmeds.com\/es\/wp-content\/uploads\/sites\/4\/2022\/03\/gooddealersmeds__logo__20220317T222800Z.00.png","width":500,"height":325,"caption":"Good Dealers Meds"},"image":{"@id":"https:\/\/gooddealersmeds.com\/es\/#\/schema\/logo\/image\/"}}]}},"_links":{"self":[{"href":"https:\/\/gooddealersmeds.com\/es\/wp-json\/wp\/v2\/product\/1833","targetHints":{"allow":["GET"]}}],"collection":[{"href":"https:\/\/gooddealersmeds.com\/es\/wp-json\/wp\/v2\/product"}],"about":[{"href":"https:\/\/gooddealersmeds.com\/es\/wp-json\/wp\/v2\/types\/product"}],"replies":[{"embeddable":true,"href":"https:\/\/gooddealersmeds.com\/es\/wp-json\/wp\/v2\/comments?post=1833"}],"wp:featuredmedia":[{"embeddable":true,"href":"https:\/\/gooddealersmeds.com\/es\/wp-json\/wp\/v2\/media\/1840"}],"wp:attachment":[{"href":"https:\/\/gooddealersmeds.com\/es\/wp-json\/wp\/v2\/media?parent=1833"}],"wp:term":[{"taxonomy":"product_brand","embeddable":true,"href":"https:\/\/gooddealersmeds.com\/es\/wp-json\/wp\/v2\/product_brand?post=1833"},{"taxonomy":"product_cat","embeddable":true,"href":"https:\/\/gooddealersmeds.com\/es\/wp-json\/wp\/v2\/product_cat?post=1833"},{"taxonomy":"product_tag","embeddable":true,"href":"https:\/\/gooddealersmeds.com\/es\/wp-json\/wp\/v2\/product_tag?post=1833"}],"curies":[{"name":"wp","href":"https:\/\/api.w.org\/{rel}","templated":true}]}}