{"id":1823,"date":"2022-06-22T20:56:09","date_gmt":"2022-06-22T20:56:09","guid":{"rendered":"https:\/\/gooddealersmeds.com\/es\/?post_type=product&#038;p=1823"},"modified":"2023-01-01T23:55:43","modified_gmt":"2023-01-01T23:55:43","slug":"pastillas-de-nembutal","status":"publish","type":"product","link":"https:\/\/gooddealersmeds.com\/es\/product\/pastillas-de-nembutal\/","title":{"rendered":"Compre pastillas de Nembutal en l\u00ednea"},"content":{"rendered":"<h2>Compre pastillas de Nembutal en l\u00ednea de forma segura y discreta<\/h2>\n<p>Las pastillas de Nembutal son un tipo de barbit\u00farico que se usa para tratar el insomnio y la ansiedad. . El medicamento tambi\u00e9n se puede usar para otras afecciones seg\u00fan lo determine su m\u00e9dico, Pida pastillas de Nembutal en l\u00ednea<\/p>\n<p>Las p\u00edldoras de Nembutal est\u00e1n disponibles en diferentes concentraciones (o niveles) seg\u00fan el medicamento que est\u00e9 tomando. , lo que los hace m\u00e1s efectivos que la mayor\u00eda de los otros tipos de pastillas para dormir. Estos medicamentos funcionan al desacelerar la actividad en su cerebro, lo que hace que se sienta somnoliento o se duerma r\u00e1pidamente. Algunas personas descubren que no pueden conciliar el sue\u00f1o hasta que toman estas pastillas, mientras que otras descubren que pueden conciliar el sue\u00f1o r\u00e1pidamente y permanecer dormidos toda la noche con solo una pastilla.<\/p>\n<p>&nbsp;<\/p>\n<p><strong>Por qu\u00e9 comprar pastillas de Nembutal en l\u00ednea<\/strong><\/p>\n<p>El Nembutal se puede comprar en l\u00ednea en su lugar de una farmacia local por una variedad de razones. En primer lugar, te costar\u00e1 menos que si fueras all\u00ed en persona; segundo, es conveniente ordenar en l\u00ednea cuando lo necesite; en tercer lugar, ahorra tiempo porque no tiene que esperar en el mostrador de una farmacia; en cuarto lugar, puede ahorrar dinero comprando sus medicamentos en l\u00ednea en lugar de pagar los precios minoristas en las farmacias todos los meses.<\/p>\n<p>&nbsp;<\/p>\n<p><strong>El mejor lugar para ordenar <\/strong><strong>Nembutal Pills Online<\/strong><\/p>\n<p>Muchas farmacias ofrecen <a href=\"https:\/\/www.drugs.com\/mtm_esp\/pentobarbital.html\">Nembutal<\/a> Pills online, pero Good Dealers Meds es el mejor lugar para encontrar este medicamento. Ofrecemos precios competitivos y una amplia gama de medicamentos, incluidas\u00a0 <a href=\"https:\/\/gooddealersmeds.com\/es\/product\/nembutal-pills\/\">Nembutal Pills<\/a>. Tambi\u00e9n puede reservar medicamentos raros aqu\u00ed haciendo clic en el bot\u00f3n &#8220;Reservar ahora&#8221; a continuaci\u00f3n.<\/p>\n","protected":false},"excerpt":{"rendered":"<p>Comprar pastillas de Nembutal en l\u00ednea es un medicamento clasificado en un grupo de f\u00e1rmacos llamados\u00a0barbit\u00faricos. Se us\u00f3 com\u00fan y ampliamente durante las d\u00e9cadas de 1940 y 1950 como una pastilla para dormir o como un tratamiento contra la ansiedad (sedante). Aunque las p\u00edldoras de Nembutal se usan para tratar el insomnio, es altamente letal en caso de sobredosis.<\/p>\n","protected":false},"featured_media":1831,"comment_status":"open","ping_status":"closed","template":"","meta":{"inline_featured_image":false},"product_brand":[],"product_cat":[343],"product_tag":[],"class_list":{"0":"post-1823","1":"product","2":"type-product","3":"status-publish","4":"has-post-thumbnail","6":"product_cat-otros","8":"first","9":"instock","10":"shipping-taxable","11":"purchasable","12":"product-type-variable","13":"has-default-attributes"},"yoast_head":"<!-- This site is optimized with the Yoast SEO Premium plugin v20.6 (Yoast SEO v27.3) - https:\/\/yoast.com\/product\/yoast-seo-premium-wordpress\/ -->\n<title>Pida pastillas de Nembutal en l\u00ednea | Dosis de Nembutal<\/title>\n<meta name=\"description\" content=\"Pida pastillas de Nembutal en l\u00ednea, suministramos Nembutal (Pentobarbital) de alta calidad a los mejores precios. Compre ahora y rec\u00edbalo en la puerta de su casa.\" \/>\n<meta name=\"robots\" content=\"index, follow, max-snippet:-1, max-image-preview:large, max-video-preview:-1\" \/>\n<link rel=\"canonical\" href=\"https:\/\/gooddealersmeds.com\/es\/product\/pastillas-de-nembutal\/\" \/>\n<meta property=\"og:locale\" content=\"en_US\" \/>\n<meta property=\"og:type\" content=\"article\" \/>\n<meta property=\"og:title\" content=\"Compre pastillas de Nembutal en l\u00ednea\" \/>\n<meta property=\"og:description\" content=\"Pida pastillas de Nembutal en l\u00ednea, suministramos Nembutal (Pentobarbital) de alta calidad a los mejores precios. Compre ahora y rec\u00edbalo en la puerta de su casa.\" \/>\n<meta property=\"og:url\" content=\"https:\/\/gooddealersmeds.com\/es\/product\/pastillas-de-nembutal\/\" \/>\n<meta property=\"og:site_name\" content=\"Good Dealers Meds\" \/>\n<meta property=\"article:modified_time\" content=\"2023-01-01T23:55:43+00:00\" \/>\n<meta property=\"og:image\" content=\"https:\/\/gooddealersmeds.com\/es\/wp-content\/uploads\/sites\/4\/2022\/06\/Nembutal-Pills.webp\" \/>\n\t<meta property=\"og:image:width\" content=\"1200\" \/>\n\t<meta property=\"og:image:height\" content=\"630\" \/>\n\t<meta property=\"og:image:type\" content=\"image\/webp\" \/>\n<meta name=\"twitter:card\" content=\"summary_large_image\" \/>\n<meta name=\"twitter:label1\" content=\"Est. reading time\" \/>\n\t<meta name=\"twitter:data1\" content=\"2 minutes\" \/>\n<script type=\"application\/ld+json\" class=\"yoast-schema-graph\">{\"@context\":\"https:\\\/\\\/schema.org\",\"@graph\":[{\"@type\":\"WebPage\",\"@id\":\"https:\\\/\\\/gooddealersmeds.com\\\/es\\\/product\\\/pastillas-de-nembutal\\\/\",\"url\":\"https:\\\/\\\/gooddealersmeds.com\\\/es\\\/product\\\/pastillas-de-nembutal\\\/\",\"name\":\"Pida pastillas de Nembutal en l\u00ednea | Dosis de Nembutal\",\"isPartOf\":{\"@id\":\"https:\\\/\\\/gooddealersmeds.com\\\/es\\\/#website\"},\"primaryImageOfPage\":{\"@id\":\"https:\\\/\\\/gooddealersmeds.com\\\/es\\\/product\\\/pastillas-de-nembutal\\\/#primaryimage\"},\"image\":{\"@id\":\"https:\\\/\\\/gooddealersmeds.com\\\/es\\\/product\\\/pastillas-de-nembutal\\\/#primaryimage\"},\"thumbnailUrl\":\"https:\\\/\\\/gooddealersmeds.com\\\/es\\\/wp-content\\\/uploads\\\/sites\\\/4\\\/2022\\\/06\\\/Nembutal-Pills.webp\",\"datePublished\":\"2022-06-22T20:56:09+00:00\",\"dateModified\":\"2023-01-01T23:55:43+00:00\",\"description\":\"Pida pastillas de Nembutal en l\u00ednea, suministramos Nembutal (Pentobarbital) de alta calidad a los mejores precios. Compre ahora y rec\u00edbalo en la puerta de su casa.\",\"breadcrumb\":{\"@id\":\"https:\\\/\\\/gooddealersmeds.com\\\/es\\\/product\\\/pastillas-de-nembutal\\\/#breadcrumb\"},\"inLanguage\":\"en-US\",\"potentialAction\":[{\"@type\":\"ReadAction\",\"target\":[\"https:\\\/\\\/gooddealersmeds.com\\\/es\\\/product\\\/pastillas-de-nembutal\\\/\"]}]},{\"@type\":\"ImageObject\",\"inLanguage\":\"en-US\",\"@id\":\"https:\\\/\\\/gooddealersmeds.com\\\/es\\\/product\\\/pastillas-de-nembutal\\\/#primaryimage\",\"url\":\"https:\\\/\\\/gooddealersmeds.com\\\/es\\\/wp-content\\\/uploads\\\/sites\\\/4\\\/2022\\\/06\\\/Nembutal-Pills.webp\",\"contentUrl\":\"https:\\\/\\\/gooddealersmeds.com\\\/es\\\/wp-content\\\/uploads\\\/sites\\\/4\\\/2022\\\/06\\\/Nembutal-Pills.webp\",\"width\":1200,\"height\":630,\"caption\":\"Nembutal Pills Online\"},{\"@type\":\"BreadcrumbList\",\"@id\":\"https:\\\/\\\/gooddealersmeds.com\\\/es\\\/product\\\/pastillas-de-nembutal\\\/#breadcrumb\",\"itemListElement\":[{\"@type\":\"ListItem\",\"position\":1,\"name\":\"Home\",\"item\":\"https:\\\/\\\/gooddealersmeds.com\\\/es\\\/\"},{\"@type\":\"ListItem\",\"position\":2,\"name\":\"Productos\",\"item\":\"https:\\\/\\\/gooddealersmeds.com\\\/es\\\/productos\\\/\"},{\"@type\":\"ListItem\",\"position\":3,\"name\":\"Compre pastillas de Nembutal en l\u00ednea\"}]},{\"@type\":\"WebSite\",\"@id\":\"https:\\\/\\\/gooddealersmeds.com\\\/es\\\/#website\",\"url\":\"https:\\\/\\\/gooddealersmeds.com\\\/es\\\/\",\"name\":\"Good Dealers Meds\",\"description\":\"All our best\",\"publisher\":{\"@id\":\"https:\\\/\\\/gooddealersmeds.com\\\/es\\\/#organization\"},\"potentialAction\":[{\"@type\":\"SearchAction\",\"target\":{\"@type\":\"EntryPoint\",\"urlTemplate\":\"https:\\\/\\\/gooddealersmeds.com\\\/es\\\/?s={search_term_string}\"},\"query-input\":{\"@type\":\"PropertyValueSpecification\",\"valueRequired\":true,\"valueName\":\"search_term_string\"}}],\"inLanguage\":\"en-US\"},{\"@type\":\"Organization\",\"@id\":\"https:\\\/\\\/gooddealersmeds.com\\\/es\\\/#organization\",\"name\":\"Good Dealers Meds\",\"url\":\"https:\\\/\\\/gooddealersmeds.com\\\/es\\\/\",\"logo\":{\"@type\":\"ImageObject\",\"inLanguage\":\"en-US\",\"@id\":\"https:\\\/\\\/gooddealersmeds.com\\\/es\\\/#\\\/schema\\\/logo\\\/image\\\/\",\"url\":\"https:\\\/\\\/gooddealersmeds.com\\\/es\\\/wp-content\\\/uploads\\\/sites\\\/4\\\/2022\\\/03\\\/gooddealersmeds__logo__20220317T222800Z.00.png\",\"contentUrl\":\"https:\\\/\\\/gooddealersmeds.com\\\/es\\\/wp-content\\\/uploads\\\/sites\\\/4\\\/2022\\\/03\\\/gooddealersmeds__logo__20220317T222800Z.00.png\",\"width\":500,\"height\":325,\"caption\":\"Good Dealers Meds\"},\"image\":{\"@id\":\"https:\\\/\\\/gooddealersmeds.com\\\/es\\\/#\\\/schema\\\/logo\\\/image\\\/\"}}]}<\/script>\n<!-- \/ Yoast SEO Premium plugin. -->","yoast_head_json":{"title":"Pida pastillas de Nembutal en l\u00ednea | Dosis de Nembutal","description":"Pida pastillas de Nembutal en l\u00ednea, suministramos Nembutal (Pentobarbital) de alta calidad a los mejores precios. Compre ahora y rec\u00edbalo en la puerta de su casa.","robots":{"index":"index","follow":"follow","max-snippet":"max-snippet:-1","max-image-preview":"max-image-preview:large","max-video-preview":"max-video-preview:-1"},"canonical":"https:\/\/gooddealersmeds.com\/es\/product\/pastillas-de-nembutal\/","og_locale":"en_US","og_type":"article","og_title":"Compre pastillas de Nembutal en l\u00ednea","og_description":"Pida pastillas de Nembutal en l\u00ednea, suministramos Nembutal (Pentobarbital) de alta calidad a los mejores precios. Compre ahora y rec\u00edbalo en la puerta de su casa.","og_url":"https:\/\/gooddealersmeds.com\/es\/product\/pastillas-de-nembutal\/","og_site_name":"Good Dealers Meds","article_modified_time":"2023-01-01T23:55:43+00:00","og_image":[{"width":1200,"height":630,"url":"https:\/\/gooddealersmeds.com\/es\/wp-content\/uploads\/sites\/4\/2022\/06\/Nembutal-Pills.webp","type":"image\/webp"}],"twitter_card":"summary_large_image","twitter_misc":{"Est. reading time":"2 minutes"},"schema":{"@context":"https:\/\/schema.org","@graph":[{"@type":"WebPage","@id":"https:\/\/gooddealersmeds.com\/es\/product\/pastillas-de-nembutal\/","url":"https:\/\/gooddealersmeds.com\/es\/product\/pastillas-de-nembutal\/","name":"Pida pastillas de Nembutal en l\u00ednea | Dosis de Nembutal","isPartOf":{"@id":"https:\/\/gooddealersmeds.com\/es\/#website"},"primaryImageOfPage":{"@id":"https:\/\/gooddealersmeds.com\/es\/product\/pastillas-de-nembutal\/#primaryimage"},"image":{"@id":"https:\/\/gooddealersmeds.com\/es\/product\/pastillas-de-nembutal\/#primaryimage"},"thumbnailUrl":"https:\/\/gooddealersmeds.com\/es\/wp-content\/uploads\/sites\/4\/2022\/06\/Nembutal-Pills.webp","datePublished":"2022-06-22T20:56:09+00:00","dateModified":"2023-01-01T23:55:43+00:00","description":"Pida pastillas de Nembutal en l\u00ednea, suministramos Nembutal (Pentobarbital) de alta calidad a los mejores precios. Compre ahora y rec\u00edbalo en la puerta de su casa.","breadcrumb":{"@id":"https:\/\/gooddealersmeds.com\/es\/product\/pastillas-de-nembutal\/#breadcrumb"},"inLanguage":"en-US","potentialAction":[{"@type":"ReadAction","target":["https:\/\/gooddealersmeds.com\/es\/product\/pastillas-de-nembutal\/"]}]},{"@type":"ImageObject","inLanguage":"en-US","@id":"https:\/\/gooddealersmeds.com\/es\/product\/pastillas-de-nembutal\/#primaryimage","url":"https:\/\/gooddealersmeds.com\/es\/wp-content\/uploads\/sites\/4\/2022\/06\/Nembutal-Pills.webp","contentUrl":"https:\/\/gooddealersmeds.com\/es\/wp-content\/uploads\/sites\/4\/2022\/06\/Nembutal-Pills.webp","width":1200,"height":630,"caption":"Nembutal Pills Online"},{"@type":"BreadcrumbList","@id":"https:\/\/gooddealersmeds.com\/es\/product\/pastillas-de-nembutal\/#breadcrumb","itemListElement":[{"@type":"ListItem","position":1,"name":"Home","item":"https:\/\/gooddealersmeds.com\/es\/"},{"@type":"ListItem","position":2,"name":"Productos","item":"https:\/\/gooddealersmeds.com\/es\/productos\/"},{"@type":"ListItem","position":3,"name":"Compre pastillas de Nembutal en l\u00ednea"}]},{"@type":"WebSite","@id":"https:\/\/gooddealersmeds.com\/es\/#website","url":"https:\/\/gooddealersmeds.com\/es\/","name":"Good Dealers Meds","description":"All our best","publisher":{"@id":"https:\/\/gooddealersmeds.com\/es\/#organization"},"potentialAction":[{"@type":"SearchAction","target":{"@type":"EntryPoint","urlTemplate":"https:\/\/gooddealersmeds.com\/es\/?s={search_term_string}"},"query-input":{"@type":"PropertyValueSpecification","valueRequired":true,"valueName":"search_term_string"}}],"inLanguage":"en-US"},{"@type":"Organization","@id":"https:\/\/gooddealersmeds.com\/es\/#organization","name":"Good Dealers Meds","url":"https:\/\/gooddealersmeds.com\/es\/","logo":{"@type":"ImageObject","inLanguage":"en-US","@id":"https:\/\/gooddealersmeds.com\/es\/#\/schema\/logo\/image\/","url":"https:\/\/gooddealersmeds.com\/es\/wp-content\/uploads\/sites\/4\/2022\/03\/gooddealersmeds__logo__20220317T222800Z.00.png","contentUrl":"https:\/\/gooddealersmeds.com\/es\/wp-content\/uploads\/sites\/4\/2022\/03\/gooddealersmeds__logo__20220317T222800Z.00.png","width":500,"height":325,"caption":"Good Dealers Meds"},"image":{"@id":"https:\/\/gooddealersmeds.com\/es\/#\/schema\/logo\/image\/"}}]}},"_links":{"self":[{"href":"https:\/\/gooddealersmeds.com\/es\/wp-json\/wp\/v2\/product\/1823","targetHints":{"allow":["GET"]}}],"collection":[{"href":"https:\/\/gooddealersmeds.com\/es\/wp-json\/wp\/v2\/product"}],"about":[{"href":"https:\/\/gooddealersmeds.com\/es\/wp-json\/wp\/v2\/types\/product"}],"replies":[{"embeddable":true,"href":"https:\/\/gooddealersmeds.com\/es\/wp-json\/wp\/v2\/comments?post=1823"}],"wp:featuredmedia":[{"embeddable":true,"href":"https:\/\/gooddealersmeds.com\/es\/wp-json\/wp\/v2\/media\/1831"}],"wp:attachment":[{"href":"https:\/\/gooddealersmeds.com\/es\/wp-json\/wp\/v2\/media?parent=1823"}],"wp:term":[{"taxonomy":"product_brand","embeddable":true,"href":"https:\/\/gooddealersmeds.com\/es\/wp-json\/wp\/v2\/product_brand?post=1823"},{"taxonomy":"product_cat","embeddable":true,"href":"https:\/\/gooddealersmeds.com\/es\/wp-json\/wp\/v2\/product_cat?post=1823"},{"taxonomy":"product_tag","embeddable":true,"href":"https:\/\/gooddealersmeds.com\/es\/wp-json\/wp\/v2\/product_tag?post=1823"}],"curies":[{"name":"wp","href":"https:\/\/api.w.org\/{rel}","templated":true}]}}