{"id":1818,"date":"2022-06-22T20:49:15","date_gmt":"2022-06-22T20:49:15","guid":{"rendered":"https:\/\/gooddealersmeds.com\/es\/?post_type=product&#038;p=1818"},"modified":"2023-01-02T14:30:00","modified_gmt":"2023-01-02T14:30:00","slug":"nembutal-oral-liquido","status":"publish","type":"product","link":"https:\/\/gooddealersmeds.com\/es\/product\/nembutal-oral-liquido\/","title":{"rendered":"Comprar l\u00edquido oral Nembutal"},"content":{"rendered":"<h2>D\u00f3nde obtener el l\u00edquido oral Nembutal en l\u00ednea de la farmacia profesional<\/h2>\n<p>Compre l\u00edquido Nembutal en l\u00ednea, el l\u00edquido Nembutal ha sido uno de los factores principales por los que las personas optan por el pentobarbital Nembutal para uso oral.<\/p>\n<p>El fenobarbital l\u00edquido Nembutal (nombre comercial: Nembutal) es un medicamento barbit\u00farico. Se usa com\u00fanmente como un medicamento sedante o contra la ansiedad. A diferencia de los medicamentos modernos para dormir, Nembutal es extremadamente letal en caso de sobredosis.<\/p>\n<p>Pentobarbital (Nembutal) es un barbit\u00farico. Los barbit\u00faricos son \u00e1cidos d\u00e9biles que se absorben r\u00e1pidamente y se distribuyen por todo el cuerpo, con altas concentraciones en el cerebro, el h\u00edgado y los ri\u00f1ones. La solubilidad en l\u00edpidos de los barbit\u00faricos es el factor m\u00e1s importante en su distribuci\u00f3n dentro del cuerpo. Cuanto m\u00e1s liposoluble es el barbit\u00farico, m\u00e1s r\u00e1pido penetra en todos los tejidos del cuerpo. Reduce la actividad cerebral y del sistema nervioso. Se usa como sedante a corto plazo para tratar el insomnio o para dormir antes de la cirug\u00eda. El pentobarbital tambi\u00e9n se usa como tratamiento de emergencia para las convulsiones.<\/p>\n<p><strong>\u00bfQu\u00e9 es el l\u00edquido oral Nembutal y c\u00f3mo se usa?<\/strong><\/p>\n<p>Despu\u00e9s de recibir pentobarbital en un hospital, se controlar\u00e1 de cerca su respiraci\u00f3n, presi\u00f3n arterial, niveles de ox\u00edgeno, funci\u00f3n renal y otros signos vitales. Si el pentobarbital ha cambiado de color o contiene part\u00edculas, no lo use. Para medicamentos nuevos, comun\u00edquese con su farmac\u00e9utico.<\/p>\n<p>Si usa este medicamento a largo plazo, es posible que necesite ex\u00e1menes m\u00e9dicos frecuentes. No deje de usar este medicamento repentinamente despu\u00e9s de un uso prolongado, o podr\u00eda tener s\u00edntomas de abstinencia desagradables. Preg\u00fantele a su m\u00e9dico c\u00f3mo dejar de usar pentobarbital de manera segura.<\/p>\n<ul>\n<li>Almacenar a temperatura ambiente lejos de la humedad y el calor.<\/li>\n<li>No congelar<\/li>\n<\/ul>\n<p><strong>L\u00edquido oral Nembutal para la eutanasia<\/strong><\/p>\n<p>Los barbit\u00faricos deben usarse con precauci\u00f3n en pacientes que sufren de dolor agudo o cr\u00f3nico, ya que pueden ocurrir excitaci\u00f3n parad\u00f3jica o enmascaramiento de s\u00edntomas importantes. Los barbit\u00faricos, por otro lado, tienen una larga historia de uso como sedantes en el postoperatorio quir\u00fargico y como coadyuvantes de la quimioterapia del c\u00e1ncer.<\/p>\n<p>Puedes <a href=\"https:\/\/gooddealersmeds.com\/es \/product\/nembutal-oral-liquid\/\">compra l\u00edquido oral Nembutal<\/a> en nuestra tienda en l\u00ednea con env\u00edo seguro.<\/p>\n","protected":false},"excerpt":{"rendered":"<p>Compre Pentobarbital en l\u00ednea. Bajo la marca Nembutal, el pentobarbital s\u00f3dico est\u00e1 disponible como una soluci\u00f3n oral para que las personas tomen por v\u00eda oral. Puede ser administrado por profesionales capacitados en hospitales y cl\u00ednicas, o en el hogar. Tiene el efecto secundario de hacer que uno se sienta somnoliento, pero no debe provocar desmayos o p\u00e9rdida de memoria. Este producto solo debe usarse bajo la supervisi\u00f3n directa de un profesional m\u00e9dico.<\/p>\n","protected":false},"featured_media":1822,"comment_status":"open","ping_status":"closed","template":"","meta":{"inline_featured_image":false},"product_brand":[],"product_cat":[343],"product_tag":[],"class_list":{"0":"post-1818","1":"product","2":"type-product","3":"status-publish","4":"has-post-thumbnail","6":"product_cat-otros","8":"first","9":"instock","10":"shipping-taxable","11":"purchasable","12":"product-type-variable","13":"has-default-attributes"},"yoast_head":"<!-- This site is optimized with the Yoast SEO Premium plugin v20.6 (Yoast SEO v27.5) - https:\/\/yoast.com\/product\/yoast-seo-premium-wordpress\/ -->\n<title>Comprar l\u00edquido oral Nembutal (Pentobarbital) | Good Dealers Meds<\/title>\n<meta name=\"description\" content=\"Compre Nembutal Oral Liquid (Pentobarbital Sodium), un barbit\u00farico que act\u00faa como depresor o sedante, usado a corto plazo para tratar el insomnio.\" \/>\n<meta name=\"robots\" content=\"index, follow, max-snippet:-1, max-image-preview:large, max-video-preview:-1\" \/>\n<link rel=\"canonical\" href=\"https:\/\/gooddealersmeds.com\/es\/product\/nembutal-oral-liquido\/\" \/>\n<meta property=\"og:locale\" content=\"en_US\" \/>\n<meta property=\"og:type\" content=\"article\" \/>\n<meta property=\"og:title\" content=\"Comprar l\u00edquido oral Nembutal\" \/>\n<meta property=\"og:description\" content=\"Compre Nembutal Oral Liquid (Pentobarbital Sodium), un barbit\u00farico que act\u00faa como depresor o sedante, usado a corto plazo para tratar el insomnio.\" \/>\n<meta property=\"og:url\" content=\"https:\/\/gooddealersmeds.com\/es\/product\/nembutal-oral-liquido\/\" \/>\n<meta property=\"og:site_name\" content=\"Good Dealers Meds\" \/>\n<meta property=\"article:modified_time\" content=\"2023-01-02T14:30:00+00:00\" \/>\n<meta property=\"og:image\" content=\"https:\/\/gooddealersmeds.com\/es\/wp-content\/uploads\/sites\/4\/2022\/06\/Buy-Nembutal-oral-Liquid.webp\" \/>\n\t<meta property=\"og:image:width\" content=\"600\" \/>\n\t<meta property=\"og:image:height\" content=\"600\" \/>\n\t<meta property=\"og:image:type\" content=\"image\/webp\" \/>\n<meta name=\"twitter:card\" content=\"summary_large_image\" \/>\n<meta name=\"twitter:label1\" content=\"Est. reading time\" \/>\n\t<meta name=\"twitter:data1\" content=\"2 minutes\" \/>\n<script type=\"application\/ld+json\" class=\"yoast-schema-graph\">{\"@context\":\"https:\\\/\\\/schema.org\",\"@graph\":[{\"@type\":\"WebPage\",\"@id\":\"https:\\\/\\\/gooddealersmeds.com\\\/es\\\/product\\\/nembutal-oral-liquido\\\/\",\"url\":\"https:\\\/\\\/gooddealersmeds.com\\\/es\\\/product\\\/nembutal-oral-liquido\\\/\",\"name\":\"Comprar l\u00edquido oral Nembutal (Pentobarbital) | Good Dealers Meds\",\"isPartOf\":{\"@id\":\"https:\\\/\\\/gooddealersmeds.com\\\/es\\\/#website\"},\"primaryImageOfPage\":{\"@id\":\"https:\\\/\\\/gooddealersmeds.com\\\/es\\\/product\\\/nembutal-oral-liquido\\\/#primaryimage\"},\"image\":{\"@id\":\"https:\\\/\\\/gooddealersmeds.com\\\/es\\\/product\\\/nembutal-oral-liquido\\\/#primaryimage\"},\"thumbnailUrl\":\"https:\\\/\\\/gooddealersmeds.com\\\/es\\\/wp-content\\\/uploads\\\/sites\\\/4\\\/2022\\\/06\\\/Buy-Nembutal-oral-Liquid.webp\",\"datePublished\":\"2022-06-22T20:49:15+00:00\",\"dateModified\":\"2023-01-02T14:30:00+00:00\",\"description\":\"Compre Nembutal Oral Liquid (Pentobarbital Sodium), un barbit\u00farico que act\u00faa como depresor o sedante, usado a corto plazo para tratar el insomnio.\",\"breadcrumb\":{\"@id\":\"https:\\\/\\\/gooddealersmeds.com\\\/es\\\/product\\\/nembutal-oral-liquido\\\/#breadcrumb\"},\"inLanguage\":\"en-US\",\"potentialAction\":[{\"@type\":\"ReadAction\",\"target\":[\"https:\\\/\\\/gooddealersmeds.com\\\/es\\\/product\\\/nembutal-oral-liquido\\\/\"]}]},{\"@type\":\"ImageObject\",\"inLanguage\":\"en-US\",\"@id\":\"https:\\\/\\\/gooddealersmeds.com\\\/es\\\/product\\\/nembutal-oral-liquido\\\/#primaryimage\",\"url\":\"https:\\\/\\\/gooddealersmeds.com\\\/es\\\/wp-content\\\/uploads\\\/sites\\\/4\\\/2022\\\/06\\\/Buy-Nembutal-oral-Liquid.webp\",\"contentUrl\":\"https:\\\/\\\/gooddealersmeds.com\\\/es\\\/wp-content\\\/uploads\\\/sites\\\/4\\\/2022\\\/06\\\/Buy-Nembutal-oral-Liquid.webp\",\"width\":600,\"height\":600,\"caption\":\"Buy Nembutal Oral Liquid\"},{\"@type\":\"BreadcrumbList\",\"@id\":\"https:\\\/\\\/gooddealersmeds.com\\\/es\\\/product\\\/nembutal-oral-liquido\\\/#breadcrumb\",\"itemListElement\":[{\"@type\":\"ListItem\",\"position\":1,\"name\":\"Home\",\"item\":\"https:\\\/\\\/gooddealersmeds.com\\\/es\\\/\"},{\"@type\":\"ListItem\",\"position\":2,\"name\":\"Productos\",\"item\":\"https:\\\/\\\/gooddealersmeds.com\\\/es\\\/productos\\\/\"},{\"@type\":\"ListItem\",\"position\":3,\"name\":\"Comprar l\u00edquido oral Nembutal\"}]},{\"@type\":\"WebSite\",\"@id\":\"https:\\\/\\\/gooddealersmeds.com\\\/es\\\/#website\",\"url\":\"https:\\\/\\\/gooddealersmeds.com\\\/es\\\/\",\"name\":\"Good Dealers Meds\",\"description\":\"All our best\",\"publisher\":{\"@id\":\"https:\\\/\\\/gooddealersmeds.com\\\/es\\\/#organization\"},\"potentialAction\":[{\"@type\":\"SearchAction\",\"target\":{\"@type\":\"EntryPoint\",\"urlTemplate\":\"https:\\\/\\\/gooddealersmeds.com\\\/es\\\/?s={search_term_string}\"},\"query-input\":{\"@type\":\"PropertyValueSpecification\",\"valueRequired\":true,\"valueName\":\"search_term_string\"}}],\"inLanguage\":\"en-US\"},{\"@type\":\"Organization\",\"@id\":\"https:\\\/\\\/gooddealersmeds.com\\\/es\\\/#organization\",\"name\":\"Good Dealers Meds\",\"url\":\"https:\\\/\\\/gooddealersmeds.com\\\/es\\\/\",\"logo\":{\"@type\":\"ImageObject\",\"inLanguage\":\"en-US\",\"@id\":\"https:\\\/\\\/gooddealersmeds.com\\\/es\\\/#\\\/schema\\\/logo\\\/image\\\/\",\"url\":\"https:\\\/\\\/gooddealersmeds.com\\\/es\\\/wp-content\\\/uploads\\\/sites\\\/4\\\/2022\\\/03\\\/gooddealersmeds__logo__20220317T222800Z.00.png\",\"contentUrl\":\"https:\\\/\\\/gooddealersmeds.com\\\/es\\\/wp-content\\\/uploads\\\/sites\\\/4\\\/2022\\\/03\\\/gooddealersmeds__logo__20220317T222800Z.00.png\",\"width\":500,\"height\":325,\"caption\":\"Good Dealers Meds\"},\"image\":{\"@id\":\"https:\\\/\\\/gooddealersmeds.com\\\/es\\\/#\\\/schema\\\/logo\\\/image\\\/\"}}]}<\/script>\n<!-- \/ Yoast SEO Premium plugin. -->","yoast_head_json":{"title":"Comprar l\u00edquido oral Nembutal (Pentobarbital) | Good Dealers Meds","description":"Compre Nembutal Oral Liquid (Pentobarbital Sodium), un barbit\u00farico que act\u00faa como depresor o sedante, usado a corto plazo para tratar el insomnio.","robots":{"index":"index","follow":"follow","max-snippet":"max-snippet:-1","max-image-preview":"max-image-preview:large","max-video-preview":"max-video-preview:-1"},"canonical":"https:\/\/gooddealersmeds.com\/es\/product\/nembutal-oral-liquido\/","og_locale":"en_US","og_type":"article","og_title":"Comprar l\u00edquido oral Nembutal","og_description":"Compre Nembutal Oral Liquid (Pentobarbital Sodium), un barbit\u00farico que act\u00faa como depresor o sedante, usado a corto plazo para tratar el insomnio.","og_url":"https:\/\/gooddealersmeds.com\/es\/product\/nembutal-oral-liquido\/","og_site_name":"Good Dealers Meds","article_modified_time":"2023-01-02T14:30:00+00:00","og_image":[{"width":600,"height":600,"url":"https:\/\/gooddealersmeds.com\/es\/wp-content\/uploads\/sites\/4\/2022\/06\/Buy-Nembutal-oral-Liquid.webp","type":"image\/webp"}],"twitter_card":"summary_large_image","twitter_misc":{"Est. reading time":"2 minutes"},"schema":{"@context":"https:\/\/schema.org","@graph":[{"@type":"WebPage","@id":"https:\/\/gooddealersmeds.com\/es\/product\/nembutal-oral-liquido\/","url":"https:\/\/gooddealersmeds.com\/es\/product\/nembutal-oral-liquido\/","name":"Comprar l\u00edquido oral Nembutal (Pentobarbital) | Good Dealers Meds","isPartOf":{"@id":"https:\/\/gooddealersmeds.com\/es\/#website"},"primaryImageOfPage":{"@id":"https:\/\/gooddealersmeds.com\/es\/product\/nembutal-oral-liquido\/#primaryimage"},"image":{"@id":"https:\/\/gooddealersmeds.com\/es\/product\/nembutal-oral-liquido\/#primaryimage"},"thumbnailUrl":"https:\/\/gooddealersmeds.com\/es\/wp-content\/uploads\/sites\/4\/2022\/06\/Buy-Nembutal-oral-Liquid.webp","datePublished":"2022-06-22T20:49:15+00:00","dateModified":"2023-01-02T14:30:00+00:00","description":"Compre Nembutal Oral Liquid (Pentobarbital Sodium), un barbit\u00farico que act\u00faa como depresor o sedante, usado a corto plazo para tratar el insomnio.","breadcrumb":{"@id":"https:\/\/gooddealersmeds.com\/es\/product\/nembutal-oral-liquido\/#breadcrumb"},"inLanguage":"en-US","potentialAction":[{"@type":"ReadAction","target":["https:\/\/gooddealersmeds.com\/es\/product\/nembutal-oral-liquido\/"]}]},{"@type":"ImageObject","inLanguage":"en-US","@id":"https:\/\/gooddealersmeds.com\/es\/product\/nembutal-oral-liquido\/#primaryimage","url":"https:\/\/gooddealersmeds.com\/es\/wp-content\/uploads\/sites\/4\/2022\/06\/Buy-Nembutal-oral-Liquid.webp","contentUrl":"https:\/\/gooddealersmeds.com\/es\/wp-content\/uploads\/sites\/4\/2022\/06\/Buy-Nembutal-oral-Liquid.webp","width":600,"height":600,"caption":"Buy Nembutal Oral Liquid"},{"@type":"BreadcrumbList","@id":"https:\/\/gooddealersmeds.com\/es\/product\/nembutal-oral-liquido\/#breadcrumb","itemListElement":[{"@type":"ListItem","position":1,"name":"Home","item":"https:\/\/gooddealersmeds.com\/es\/"},{"@type":"ListItem","position":2,"name":"Productos","item":"https:\/\/gooddealersmeds.com\/es\/productos\/"},{"@type":"ListItem","position":3,"name":"Comprar l\u00edquido oral Nembutal"}]},{"@type":"WebSite","@id":"https:\/\/gooddealersmeds.com\/es\/#website","url":"https:\/\/gooddealersmeds.com\/es\/","name":"Good Dealers Meds","description":"All our best","publisher":{"@id":"https:\/\/gooddealersmeds.com\/es\/#organization"},"potentialAction":[{"@type":"SearchAction","target":{"@type":"EntryPoint","urlTemplate":"https:\/\/gooddealersmeds.com\/es\/?s={search_term_string}"},"query-input":{"@type":"PropertyValueSpecification","valueRequired":true,"valueName":"search_term_string"}}],"inLanguage":"en-US"},{"@type":"Organization","@id":"https:\/\/gooddealersmeds.com\/es\/#organization","name":"Good Dealers Meds","url":"https:\/\/gooddealersmeds.com\/es\/","logo":{"@type":"ImageObject","inLanguage":"en-US","@id":"https:\/\/gooddealersmeds.com\/es\/#\/schema\/logo\/image\/","url":"https:\/\/gooddealersmeds.com\/es\/wp-content\/uploads\/sites\/4\/2022\/03\/gooddealersmeds__logo__20220317T222800Z.00.png","contentUrl":"https:\/\/gooddealersmeds.com\/es\/wp-content\/uploads\/sites\/4\/2022\/03\/gooddealersmeds__logo__20220317T222800Z.00.png","width":500,"height":325,"caption":"Good Dealers Meds"},"image":{"@id":"https:\/\/gooddealersmeds.com\/es\/#\/schema\/logo\/image\/"}}]}},"_links":{"self":[{"href":"https:\/\/gooddealersmeds.com\/es\/wp-json\/wp\/v2\/product\/1818","targetHints":{"allow":["GET"]}}],"collection":[{"href":"https:\/\/gooddealersmeds.com\/es\/wp-json\/wp\/v2\/product"}],"about":[{"href":"https:\/\/gooddealersmeds.com\/es\/wp-json\/wp\/v2\/types\/product"}],"replies":[{"embeddable":true,"href":"https:\/\/gooddealersmeds.com\/es\/wp-json\/wp\/v2\/comments?post=1818"}],"wp:featuredmedia":[{"embeddable":true,"href":"https:\/\/gooddealersmeds.com\/es\/wp-json\/wp\/v2\/media\/1822"}],"wp:attachment":[{"href":"https:\/\/gooddealersmeds.com\/es\/wp-json\/wp\/v2\/media?parent=1818"}],"wp:term":[{"taxonomy":"product_brand","embeddable":true,"href":"https:\/\/gooddealersmeds.com\/es\/wp-json\/wp\/v2\/product_brand?post=1818"},{"taxonomy":"product_cat","embeddable":true,"href":"https:\/\/gooddealersmeds.com\/es\/wp-json\/wp\/v2\/product_cat?post=1818"},{"taxonomy":"product_tag","embeddable":true,"href":"https:\/\/gooddealersmeds.com\/es\/wp-json\/wp\/v2\/product_tag?post=1818"}],"curies":[{"name":"wp","href":"https:\/\/api.w.org\/{rel}","templated":true}]}}