{"id":1799,"date":"2022-06-22T20:40:51","date_gmt":"2022-06-22T20:40:51","guid":{"rendered":"https:\/\/gooddealersmeds.com\/es\/?post_type=product&#038;p=1799"},"modified":"2023-01-02T14:45:39","modified_gmt":"2023-01-02T14:45:39","slug":"comprar-vyvanse-online","status":"publish","type":"product","link":"https:\/\/gooddealersmeds.com\/es\/product\/comprar-vyvanse-online\/","title":{"rendered":"Comprar Vyvanse en l\u00ednea"},"content":{"rendered":"<h2>Compre Vyvanse genuino en l\u00ednea sin receta<\/h2>\n<p>Comprar Vyvanse en l\u00ednea en nuestra tienda. Lisdexanfetamina es el nombre gen\u00e9rico de Vyvanse. La lisdexanfetamina se usa para tratar el trastorno por d\u00e9ficit de atenci\u00f3n con hiperactividad (TDAH) como parte de un plan de tratamiento integral que incluye intervenciones psicol\u00f3gicas, sociales y de otro tipo. Puede ayudar a mejorar la capacidad de atenci\u00f3n, mantenerse enfocado y reducir la inquietud. El trastorno por atrac\u00f3n tambi\u00e9n se puede tratar con lisdexanfetamina (BED). Puede ayudar a reducir el n\u00famero de d\u00edas de atracones.<\/p>\n<p>Este es un medicamento estimulante. Se cree que funciona restaurando el equilibrio de ciertas sustancias qu\u00edmicas naturales en el cerebro (neurotransmisores). Debido al riesgo de efectos secundarios graves, este medicamento no se recomienda para bajar de peso.<\/p>\n<p><strong>\u00bfPor qu\u00e9 elegir Good Dealers Meds es la mejor decisi\u00f3n para comprar Vyvanse?<\/strong><\/p>\n<p><a href=\"https:\/\/gooddealersmeds.com\/es\/product\/buy-vyvanse-online\/\"> Vyvanse<\/a> est\u00e1 disponible en tabletas de acci\u00f3n r\u00e1pida o de liberaci\u00f3n lenta, as\u00ed como en tabletas masticables. El medicamento comienza a funcionar dentro de las 2 horas posteriores a la administraci\u00f3n y, por lo general, dura de 10 a 12 horas. Por lo general, tambi\u00e9n se receta en dosis de 10, 20 o 30 mg en pastillas o tabletas masticables. Esto evita muchos de los problemas asociados con Adderall, como decirles a los usuarios que no pueden tomar las p\u00edldoras que rompan las c\u00e1psulas. Comprar Vyvanse en l\u00ednea<\/p>\n<p>Vyvanse debe tomarse una vez al d\u00eda por la ma\u00f1ana. Lo mejor es tomarlo a primera hora de la ma\u00f1ana porque puede interferir con el sue\u00f1o m\u00e1s tarde en el d\u00eda. Si usted o su hijo est\u00e1n tomando o han tomado recientemente un inhibidor de la monoaminooxidasa, no tomen Vyvanse. Los efectos secundarios de Vyvanse com\u00fanmente incluyen disminuci\u00f3n del apetito, dificultad para dormir, p\u00e9rdida de peso y sequedad de boca. Informe a su m\u00e9dico si tiene presi\u00f3n arterial alta.<\/p>\n<p><strong>\u00bfSabe d\u00f3nde pedir pastillas de Vyvanse con entrega r\u00e1pida?<\/strong><\/p>\n<p>La mayor\u00eda de las personas que buscan vyvanse gen\u00e9rico quieren comprar y renovar su receta de una fuente confiable. Nuestra misi\u00f3n es proporcionar un lugar donde los pacientes puedan obtener sus medicamentos independientemente de su cobertura de seguro o situaci\u00f3n financiera. Con nuestra asistencia, puede obtener f\u00e1cilmente vyvanse gen\u00e9rico en l\u00ednea y administrar sus recetas.<\/p>\n<p>Ofrecemos vyvanse puro, compre vyvanse en l\u00ednea desde nuestros <a href=\"https:\/\/gooddealersmeds.com\/es\/products\/\">tienda<\/a>. Nuestra tienda en l\u00ednea tambi\u00e9n brinda a los pacientes los recursos que necesitan para controlar su TDAH y sentirse m\u00e1s en control de sus vidas.<\/p>\n","protected":false},"excerpt":{"rendered":"<p>Vyvanse se puede recetar para el tratamiento del trastorno por d\u00e9ficit de atenci\u00f3n con hiperactividad (TDAH) en adultos y ni\u00f1os a partir de los seis a\u00f1os, as\u00ed como para el trastorno por atrac\u00f3n de moderado a grave en adultos. No se ha establecido la seguridad y la eficacia del dimesilato de lisdexanfetamina en ni\u00f1os con TDAH de tres a cinco a\u00f1os.<\/p>\n","protected":false},"featured_media":1801,"comment_status":"open","ping_status":"closed","template":"","meta":{"inline_featured_image":false},"product_brand":[],"product_cat":[346],"product_tag":[],"class_list":{"0":"post-1799","1":"product","2":"type-product","3":"status-publish","4":"has-post-thumbnail","6":"product_cat-estimulantes","7":"pa_pills-100-pills","8":"pa_pills-1000-pills","9":"pa_pills-30-pills","10":"pa_pills-300-pills","11":"pa_pills-50-pills","12":"pa_pills-500-pills","14":"first","15":"instock","16":"shipping-taxable","17":"purchasable","18":"product-type-variable","19":"has-default-attributes"},"yoast_head":"<!-- This site is optimized with the Yoast SEO Premium plugin v20.6 (Yoast SEO v27.5) - https:\/\/yoast.com\/product\/yoast-seo-premium-wordpress\/ -->\n<title>Comprar Vyvanse en l\u00ednea | Vyvanse a la venta | Lisdexamfetamine<\/title>\n<meta name=\"description\" content=\"Comprar Vyvanse en l\u00ednea a un precio econ\u00f3mico de Good Dealers Meds para el tratamiento del TDAH en ni\u00f1os de 6 a 12 a\u00f1os, adolescentes y adultos.\" \/>\n<meta name=\"robots\" content=\"index, follow, max-snippet:-1, max-image-preview:large, max-video-preview:-1\" \/>\n<link rel=\"canonical\" href=\"https:\/\/gooddealersmeds.com\/es\/product\/comprar-vyvanse-online\/\" \/>\n<meta property=\"og:locale\" content=\"en_US\" \/>\n<meta property=\"og:type\" content=\"article\" \/>\n<meta property=\"og:title\" content=\"Comprar Vyvanse en l\u00ednea\" \/>\n<meta property=\"og:description\" content=\"Comprar Vyvanse en l\u00ednea a un precio econ\u00f3mico de Good Dealers Meds para el tratamiento del TDAH en ni\u00f1os de 6 a 12 a\u00f1os, adolescentes y adultos.\" \/>\n<meta property=\"og:url\" content=\"https:\/\/gooddealersmeds.com\/es\/product\/comprar-vyvanse-online\/\" \/>\n<meta property=\"og:site_name\" content=\"Good Dealers Meds\" \/>\n<meta property=\"article:modified_time\" content=\"2023-01-02T14:45:39+00:00\" \/>\n<meta property=\"og:image\" content=\"https:\/\/gooddealersmeds.com\/es\/wp-content\/uploads\/sites\/4\/2022\/04\/Sept15Vyvanse-1.png\" \/>\n\t<meta property=\"og:image:width\" content=\"469\" \/>\n\t<meta property=\"og:image:height\" content=\"314\" \/>\n\t<meta property=\"og:image:type\" content=\"image\/png\" \/>\n<meta name=\"twitter:card\" content=\"summary_large_image\" \/>\n<meta name=\"twitter:label1\" content=\"Est. reading time\" \/>\n\t<meta name=\"twitter:data1\" content=\"2 minutes\" \/>\n<script type=\"application\/ld+json\" class=\"yoast-schema-graph\">{\"@context\":\"https:\\\/\\\/schema.org\",\"@graph\":[{\"@type\":\"WebPage\",\"@id\":\"https:\\\/\\\/gooddealersmeds.com\\\/es\\\/product\\\/comprar-vyvanse-online\\\/\",\"url\":\"https:\\\/\\\/gooddealersmeds.com\\\/es\\\/product\\\/comprar-vyvanse-online\\\/\",\"name\":\"Comprar Vyvanse en l\u00ednea | Vyvanse a la venta | Lisdexamfetamine\",\"isPartOf\":{\"@id\":\"https:\\\/\\\/gooddealersmeds.com\\\/es\\\/#website\"},\"primaryImageOfPage\":{\"@id\":\"https:\\\/\\\/gooddealersmeds.com\\\/es\\\/product\\\/comprar-vyvanse-online\\\/#primaryimage\"},\"image\":{\"@id\":\"https:\\\/\\\/gooddealersmeds.com\\\/es\\\/product\\\/comprar-vyvanse-online\\\/#primaryimage\"},\"thumbnailUrl\":\"https:\\\/\\\/gooddealersmeds.com\\\/es\\\/wp-content\\\/uploads\\\/sites\\\/4\\\/2022\\\/04\\\/Sept15Vyvanse-1.png\",\"datePublished\":\"2022-06-22T20:40:51+00:00\",\"dateModified\":\"2023-01-02T14:45:39+00:00\",\"description\":\"Comprar Vyvanse en l\u00ednea a un precio econ\u00f3mico de Good Dealers Meds para el tratamiento del TDAH en ni\u00f1os de 6 a 12 a\u00f1os, adolescentes y adultos.\",\"breadcrumb\":{\"@id\":\"https:\\\/\\\/gooddealersmeds.com\\\/es\\\/product\\\/comprar-vyvanse-online\\\/#breadcrumb\"},\"inLanguage\":\"en-US\",\"potentialAction\":[{\"@type\":\"ReadAction\",\"target\":[\"https:\\\/\\\/gooddealersmeds.com\\\/es\\\/product\\\/comprar-vyvanse-online\\\/\"]}]},{\"@type\":\"ImageObject\",\"inLanguage\":\"en-US\",\"@id\":\"https:\\\/\\\/gooddealersmeds.com\\\/es\\\/product\\\/comprar-vyvanse-online\\\/#primaryimage\",\"url\":\"https:\\\/\\\/gooddealersmeds.com\\\/es\\\/wp-content\\\/uploads\\\/sites\\\/4\\\/2022\\\/04\\\/Sept15Vyvanse-1.png\",\"contentUrl\":\"https:\\\/\\\/gooddealersmeds.com\\\/es\\\/wp-content\\\/uploads\\\/sites\\\/4\\\/2022\\\/04\\\/Sept15Vyvanse-1.png\",\"width\":469,\"height\":314,\"caption\":\"Buy Vyvanse Online\"},{\"@type\":\"BreadcrumbList\",\"@id\":\"https:\\\/\\\/gooddealersmeds.com\\\/es\\\/product\\\/comprar-vyvanse-online\\\/#breadcrumb\",\"itemListElement\":[{\"@type\":\"ListItem\",\"position\":1,\"name\":\"Home\",\"item\":\"https:\\\/\\\/gooddealersmeds.com\\\/es\\\/\"},{\"@type\":\"ListItem\",\"position\":2,\"name\":\"Productos\",\"item\":\"https:\\\/\\\/gooddealersmeds.com\\\/es\\\/productos\\\/\"},{\"@type\":\"ListItem\",\"position\":3,\"name\":\"Comprar Vyvanse en l\u00ednea\"}]},{\"@type\":\"WebSite\",\"@id\":\"https:\\\/\\\/gooddealersmeds.com\\\/es\\\/#website\",\"url\":\"https:\\\/\\\/gooddealersmeds.com\\\/es\\\/\",\"name\":\"Good Dealers Meds\",\"description\":\"All our best\",\"publisher\":{\"@id\":\"https:\\\/\\\/gooddealersmeds.com\\\/es\\\/#organization\"},\"potentialAction\":[{\"@type\":\"SearchAction\",\"target\":{\"@type\":\"EntryPoint\",\"urlTemplate\":\"https:\\\/\\\/gooddealersmeds.com\\\/es\\\/?s={search_term_string}\"},\"query-input\":{\"@type\":\"PropertyValueSpecification\",\"valueRequired\":true,\"valueName\":\"search_term_string\"}}],\"inLanguage\":\"en-US\"},{\"@type\":\"Organization\",\"@id\":\"https:\\\/\\\/gooddealersmeds.com\\\/es\\\/#organization\",\"name\":\"Good Dealers Meds\",\"url\":\"https:\\\/\\\/gooddealersmeds.com\\\/es\\\/\",\"logo\":{\"@type\":\"ImageObject\",\"inLanguage\":\"en-US\",\"@id\":\"https:\\\/\\\/gooddealersmeds.com\\\/es\\\/#\\\/schema\\\/logo\\\/image\\\/\",\"url\":\"https:\\\/\\\/gooddealersmeds.com\\\/es\\\/wp-content\\\/uploads\\\/sites\\\/4\\\/2022\\\/03\\\/gooddealersmeds__logo__20220317T222800Z.00.png\",\"contentUrl\":\"https:\\\/\\\/gooddealersmeds.com\\\/es\\\/wp-content\\\/uploads\\\/sites\\\/4\\\/2022\\\/03\\\/gooddealersmeds__logo__20220317T222800Z.00.png\",\"width\":500,\"height\":325,\"caption\":\"Good Dealers Meds\"},\"image\":{\"@id\":\"https:\\\/\\\/gooddealersmeds.com\\\/es\\\/#\\\/schema\\\/logo\\\/image\\\/\"}}]}<\/script>\n<!-- \/ Yoast SEO Premium plugin. -->","yoast_head_json":{"title":"Comprar Vyvanse en l\u00ednea | Vyvanse a la venta | Lisdexamfetamine","description":"Comprar Vyvanse en l\u00ednea a un precio econ\u00f3mico de Good Dealers Meds para el tratamiento del TDAH en ni\u00f1os de 6 a 12 a\u00f1os, adolescentes y adultos.","robots":{"index":"index","follow":"follow","max-snippet":"max-snippet:-1","max-image-preview":"max-image-preview:large","max-video-preview":"max-video-preview:-1"},"canonical":"https:\/\/gooddealersmeds.com\/es\/product\/comprar-vyvanse-online\/","og_locale":"en_US","og_type":"article","og_title":"Comprar Vyvanse en l\u00ednea","og_description":"Comprar Vyvanse en l\u00ednea a un precio econ\u00f3mico de Good Dealers Meds para el tratamiento del TDAH en ni\u00f1os de 6 a 12 a\u00f1os, adolescentes y adultos.","og_url":"https:\/\/gooddealersmeds.com\/es\/product\/comprar-vyvanse-online\/","og_site_name":"Good Dealers Meds","article_modified_time":"2023-01-02T14:45:39+00:00","og_image":[{"width":469,"height":314,"url":"https:\/\/gooddealersmeds.com\/es\/wp-content\/uploads\/sites\/4\/2022\/04\/Sept15Vyvanse-1.png","type":"image\/png"}],"twitter_card":"summary_large_image","twitter_misc":{"Est. reading time":"2 minutes"},"schema":{"@context":"https:\/\/schema.org","@graph":[{"@type":"WebPage","@id":"https:\/\/gooddealersmeds.com\/es\/product\/comprar-vyvanse-online\/","url":"https:\/\/gooddealersmeds.com\/es\/product\/comprar-vyvanse-online\/","name":"Comprar Vyvanse en l\u00ednea | Vyvanse a la venta | Lisdexamfetamine","isPartOf":{"@id":"https:\/\/gooddealersmeds.com\/es\/#website"},"primaryImageOfPage":{"@id":"https:\/\/gooddealersmeds.com\/es\/product\/comprar-vyvanse-online\/#primaryimage"},"image":{"@id":"https:\/\/gooddealersmeds.com\/es\/product\/comprar-vyvanse-online\/#primaryimage"},"thumbnailUrl":"https:\/\/gooddealersmeds.com\/es\/wp-content\/uploads\/sites\/4\/2022\/04\/Sept15Vyvanse-1.png","datePublished":"2022-06-22T20:40:51+00:00","dateModified":"2023-01-02T14:45:39+00:00","description":"Comprar Vyvanse en l\u00ednea a un precio econ\u00f3mico de Good Dealers Meds para el tratamiento del TDAH en ni\u00f1os de 6 a 12 a\u00f1os, adolescentes y adultos.","breadcrumb":{"@id":"https:\/\/gooddealersmeds.com\/es\/product\/comprar-vyvanse-online\/#breadcrumb"},"inLanguage":"en-US","potentialAction":[{"@type":"ReadAction","target":["https:\/\/gooddealersmeds.com\/es\/product\/comprar-vyvanse-online\/"]}]},{"@type":"ImageObject","inLanguage":"en-US","@id":"https:\/\/gooddealersmeds.com\/es\/product\/comprar-vyvanse-online\/#primaryimage","url":"https:\/\/gooddealersmeds.com\/es\/wp-content\/uploads\/sites\/4\/2022\/04\/Sept15Vyvanse-1.png","contentUrl":"https:\/\/gooddealersmeds.com\/es\/wp-content\/uploads\/sites\/4\/2022\/04\/Sept15Vyvanse-1.png","width":469,"height":314,"caption":"Buy Vyvanse Online"},{"@type":"BreadcrumbList","@id":"https:\/\/gooddealersmeds.com\/es\/product\/comprar-vyvanse-online\/#breadcrumb","itemListElement":[{"@type":"ListItem","position":1,"name":"Home","item":"https:\/\/gooddealersmeds.com\/es\/"},{"@type":"ListItem","position":2,"name":"Productos","item":"https:\/\/gooddealersmeds.com\/es\/productos\/"},{"@type":"ListItem","position":3,"name":"Comprar Vyvanse en l\u00ednea"}]},{"@type":"WebSite","@id":"https:\/\/gooddealersmeds.com\/es\/#website","url":"https:\/\/gooddealersmeds.com\/es\/","name":"Good Dealers Meds","description":"All our best","publisher":{"@id":"https:\/\/gooddealersmeds.com\/es\/#organization"},"potentialAction":[{"@type":"SearchAction","target":{"@type":"EntryPoint","urlTemplate":"https:\/\/gooddealersmeds.com\/es\/?s={search_term_string}"},"query-input":{"@type":"PropertyValueSpecification","valueRequired":true,"valueName":"search_term_string"}}],"inLanguage":"en-US"},{"@type":"Organization","@id":"https:\/\/gooddealersmeds.com\/es\/#organization","name":"Good Dealers Meds","url":"https:\/\/gooddealersmeds.com\/es\/","logo":{"@type":"ImageObject","inLanguage":"en-US","@id":"https:\/\/gooddealersmeds.com\/es\/#\/schema\/logo\/image\/","url":"https:\/\/gooddealersmeds.com\/es\/wp-content\/uploads\/sites\/4\/2022\/03\/gooddealersmeds__logo__20220317T222800Z.00.png","contentUrl":"https:\/\/gooddealersmeds.com\/es\/wp-content\/uploads\/sites\/4\/2022\/03\/gooddealersmeds__logo__20220317T222800Z.00.png","width":500,"height":325,"caption":"Good Dealers Meds"},"image":{"@id":"https:\/\/gooddealersmeds.com\/es\/#\/schema\/logo\/image\/"}}]}},"_links":{"self":[{"href":"https:\/\/gooddealersmeds.com\/es\/wp-json\/wp\/v2\/product\/1799","targetHints":{"allow":["GET"]}}],"collection":[{"href":"https:\/\/gooddealersmeds.com\/es\/wp-json\/wp\/v2\/product"}],"about":[{"href":"https:\/\/gooddealersmeds.com\/es\/wp-json\/wp\/v2\/types\/product"}],"replies":[{"embeddable":true,"href":"https:\/\/gooddealersmeds.com\/es\/wp-json\/wp\/v2\/comments?post=1799"}],"wp:featuredmedia":[{"embeddable":true,"href":"https:\/\/gooddealersmeds.com\/es\/wp-json\/wp\/v2\/media\/1801"}],"wp:attachment":[{"href":"https:\/\/gooddealersmeds.com\/es\/wp-json\/wp\/v2\/media?parent=1799"}],"wp:term":[{"taxonomy":"product_brand","embeddable":true,"href":"https:\/\/gooddealersmeds.com\/es\/wp-json\/wp\/v2\/product_brand?post=1799"},{"taxonomy":"product_cat","embeddable":true,"href":"https:\/\/gooddealersmeds.com\/es\/wp-json\/wp\/v2\/product_cat?post=1799"},{"taxonomy":"product_tag","embeddable":true,"href":"https:\/\/gooddealersmeds.com\/es\/wp-json\/wp\/v2\/product_tag?post=1799"}],"curies":[{"name":"wp","href":"https:\/\/api.w.org\/{rel}","templated":true}]}}