{"id":1791,"date":"2022-04-21T03:36:59","date_gmt":"2022-04-21T03:36:59","guid":{"rendered":"https:\/\/gooddealersmeds.com\/es\/?post_type=product&#038;p=1791"},"modified":"2023-01-02T14:55:37","modified_gmt":"2023-01-02T14:55:37","slug":"comprar-anesket-online","status":"publish","type":"product","link":"https:\/\/gooddealersmeds.com\/es\/product\/comprar-anesket-online\/","title":{"rendered":"Comprar Anesket Online"},"content":{"rendered":"<h2>Pastillas Anesket a la venta con entrega r\u00e1pida, somos el proveedor l\u00edder.<\/h2>\n<p>Nuestra actividad principal en <a href=\"https:\/\/gooddealersmeds.com\/es\/\">Good Dealer Meds<\/a> es la venta de anesket. Por esta raz\u00f3n, ofrecemos o suministramos anesket con o sin receta m\u00e9dica. Clientes de todo el mundo pueden comprar Anesket Online con o sin receta. Sin embargo, este medicamento tiene el mismo efecto que la ketamina. Se utiliza para sedar a los pacientes durante los procedimientos quir\u00fargicos mayores. Por lo tanto, pertenece al mismo grupo m\u00e9dico (anest\u00e9sico).<\/p>\n<p>La droga viene en un vial incoloro, es inyectable y es extremadamente potente debido a sus caracter\u00edsticas alucin\u00f3genas y sedantes. La mayor\u00eda de los pa\u00edses del mundo utilizan anesket como relajante muscular. Aparte de su uso como sedante o anest\u00e9sico, el medicamento puede ser muy beneficioso en el tratamiento del dolor, la depresi\u00f3n y la lista contin\u00faa.<\/p>\n<p>Anasket es un f\u00e1rmaco aprobado por la mayor\u00eda de los pa\u00edses y utilizado en todo el mundo. Nuestros suministros provienen directamente del fabricante. Este es un control de laboratorio que proporcionamos bajo la marca Anesket.<\/p>\n<p><strong>Receta m\u00e9dica<\/strong><\/p>\n<p>Anesket puro es un medicamento recetado. Es bastante potente y la mayor\u00eda de la gente lo usa bajo la supervisi\u00f3n de un m\u00e9dico experto. No aumente la dosis sin antes visitar a su m\u00e9dico. Los ni\u00f1os no han establecido su uso, as\u00ed que consulte a un experto una vez m\u00e1s. Mantenga este medicamento fuera del alcance de los ni\u00f1os. En caso de sobredosis de veneno, busque atenci\u00f3n m\u00e9dica de inmediato.<\/p>\n<p><strong>Efecto secundario<\/strong><\/p>\n<p>Los efectos secundarios m\u00e1s comunes incluyen sarpullido, n\u00e1useas o v\u00f3mitos. Informe a su m\u00e9dico si est\u00e1 embarazada o si padece una enfermedad card\u00edaca grave, si ha tenido un derrame cerebral recientemente o si ha sufrido una lesi\u00f3n grave en la cabeza o el cerebro. Es seguro de usar en madres que amamantan.<\/p>\n<p><strong>Entrega<\/strong><\/p>\n<p>Good Dealers Meds es un proveedor muy reconocido y confiable de Pure Anesket 1000 mg \/ 10 ml para la venta . Nuestra entrega es segura, segura, r\u00e1pida, garantizada y 100% discreta. Del paquete no se revela ning\u00fan dato personal del cliente.<\/p>\n<p>Puede comprar <a href=\"https:\/\/gooddealersmeds.com\/es\/product\/comprar-anesket-online\/\">Anesket<\/a> online desde nuestra tienda con env\u00edo seguro a toda Europa.<\/p>\n","protected":false},"excerpt":{"rendered":"<p>Comprar Anesket online usado para ponerte a dormir para cirug\u00eda y para prevenir dolores y molestias. Compre Anesket en l\u00ednea de nosotros en l\u00ednea barato.<\/p>\n","protected":false},"featured_media":1798,"comment_status":"open","ping_status":"closed","template":"","meta":{"inline_featured_image":false},"product_brand":[],"product_cat":[343],"product_tag":[],"class_list":{"0":"post-1791","1":"product","2":"type-product","3":"status-publish","4":"has-post-thumbnail","6":"product_cat-otros","7":"pa_pills-100-pills","8":"pa_pills-1000-pills","9":"pa_pills-30-pills","10":"pa_pills-300-pills","11":"pa_pills-50-pills","12":"pa_pills-500-pills","14":"first","15":"instock","16":"shipping-taxable","17":"purchasable","18":"product-type-variable","19":"has-default-attributes"},"yoast_head":"<!-- This site is optimized with the Yoast SEO Premium plugin v20.6 (Yoast SEO v27.4) - https:\/\/yoast.com\/product\/yoast-seo-premium-wordpress\/ -->\n<title>Comprar Anesket online | Ordene Anesket en l\u00ednea Good Dealers Meds<\/title>\n<meta name=\"description\" content=\"Comprar Anesket online ofrecido por Good Dealers Medicamentos utilizados para ponerlo a dormir durante los procedimientos quir\u00fargicos mayores y para prevenir el dolor y las molestias.\" \/>\n<meta name=\"robots\" content=\"index, follow, max-snippet:-1, max-image-preview:large, max-video-preview:-1\" \/>\n<link rel=\"canonical\" href=\"https:\/\/gooddealersmeds.com\/es\/product\/comprar-anesket-online\/\" \/>\n<meta property=\"og:locale\" content=\"en_US\" \/>\n<meta property=\"og:type\" content=\"article\" \/>\n<meta property=\"og:title\" content=\"Comprar Anesket Online\" \/>\n<meta property=\"og:description\" content=\"Comprar Anesket online ofrecido por Good Dealers Medicamentos utilizados para ponerlo a dormir durante los procedimientos quir\u00fargicos mayores y para prevenir el dolor y las molestias.\" \/>\n<meta property=\"og:url\" content=\"https:\/\/gooddealersmeds.com\/es\/product\/comprar-anesket-online\/\" \/>\n<meta property=\"og:site_name\" content=\"Good Dealers Meds\" \/>\n<meta property=\"article:modified_time\" content=\"2023-01-02T14:55:37+00:00\" \/>\n<meta property=\"og:image\" content=\"https:\/\/gooddealersmeds.com\/es\/wp-content\/uploads\/sites\/4\/2022\/04\/anesket-1000mg-10ml-for-sale.png\" \/>\n\t<meta property=\"og:image:width\" content=\"500\" \/>\n\t<meta property=\"og:image:height\" content=\"500\" \/>\n\t<meta property=\"og:image:type\" content=\"image\/png\" \/>\n<meta name=\"twitter:card\" content=\"summary_large_image\" \/>\n<meta name=\"twitter:label1\" content=\"Est. reading time\" \/>\n\t<meta name=\"twitter:data1\" content=\"2 minutes\" \/>\n<script type=\"application\/ld+json\" class=\"yoast-schema-graph\">{\"@context\":\"https:\\\/\\\/schema.org\",\"@graph\":[{\"@type\":\"WebPage\",\"@id\":\"https:\\\/\\\/gooddealersmeds.com\\\/es\\\/product\\\/comprar-anesket-online\\\/\",\"url\":\"https:\\\/\\\/gooddealersmeds.com\\\/es\\\/product\\\/comprar-anesket-online\\\/\",\"name\":\"Comprar Anesket online | Ordene Anesket en l\u00ednea Good Dealers Meds\",\"isPartOf\":{\"@id\":\"https:\\\/\\\/gooddealersmeds.com\\\/es\\\/#website\"},\"primaryImageOfPage\":{\"@id\":\"https:\\\/\\\/gooddealersmeds.com\\\/es\\\/product\\\/comprar-anesket-online\\\/#primaryimage\"},\"image\":{\"@id\":\"https:\\\/\\\/gooddealersmeds.com\\\/es\\\/product\\\/comprar-anesket-online\\\/#primaryimage\"},\"thumbnailUrl\":\"https:\\\/\\\/gooddealersmeds.com\\\/es\\\/wp-content\\\/uploads\\\/sites\\\/4\\\/2022\\\/04\\\/anesket-1000mg-10ml-for-sale.png\",\"datePublished\":\"2022-04-21T03:36:59+00:00\",\"dateModified\":\"2023-01-02T14:55:37+00:00\",\"description\":\"Comprar Anesket online ofrecido por Good Dealers Medicamentos utilizados para ponerlo a dormir durante los procedimientos quir\u00fargicos mayores y para prevenir el dolor y las molestias.\",\"breadcrumb\":{\"@id\":\"https:\\\/\\\/gooddealersmeds.com\\\/es\\\/product\\\/comprar-anesket-online\\\/#breadcrumb\"},\"inLanguage\":\"en-US\",\"potentialAction\":[{\"@type\":\"ReadAction\",\"target\":[\"https:\\\/\\\/gooddealersmeds.com\\\/es\\\/product\\\/comprar-anesket-online\\\/\"]}]},{\"@type\":\"ImageObject\",\"inLanguage\":\"en-US\",\"@id\":\"https:\\\/\\\/gooddealersmeds.com\\\/es\\\/product\\\/comprar-anesket-online\\\/#primaryimage\",\"url\":\"https:\\\/\\\/gooddealersmeds.com\\\/es\\\/wp-content\\\/uploads\\\/sites\\\/4\\\/2022\\\/04\\\/anesket-1000mg-10ml-for-sale.png\",\"contentUrl\":\"https:\\\/\\\/gooddealersmeds.com\\\/es\\\/wp-content\\\/uploads\\\/sites\\\/4\\\/2022\\\/04\\\/anesket-1000mg-10ml-for-sale.png\",\"width\":500,\"height\":500,\"caption\":\"Buy Anesket online\"},{\"@type\":\"BreadcrumbList\",\"@id\":\"https:\\\/\\\/gooddealersmeds.com\\\/es\\\/product\\\/comprar-anesket-online\\\/#breadcrumb\",\"itemListElement\":[{\"@type\":\"ListItem\",\"position\":1,\"name\":\"Home\",\"item\":\"https:\\\/\\\/gooddealersmeds.com\\\/es\\\/\"},{\"@type\":\"ListItem\",\"position\":2,\"name\":\"Productos\",\"item\":\"https:\\\/\\\/gooddealersmeds.com\\\/es\\\/productos\\\/\"},{\"@type\":\"ListItem\",\"position\":3,\"name\":\"Comprar Anesket Online\"}]},{\"@type\":\"WebSite\",\"@id\":\"https:\\\/\\\/gooddealersmeds.com\\\/es\\\/#website\",\"url\":\"https:\\\/\\\/gooddealersmeds.com\\\/es\\\/\",\"name\":\"Good Dealers Meds\",\"description\":\"All our best\",\"publisher\":{\"@id\":\"https:\\\/\\\/gooddealersmeds.com\\\/es\\\/#organization\"},\"potentialAction\":[{\"@type\":\"SearchAction\",\"target\":{\"@type\":\"EntryPoint\",\"urlTemplate\":\"https:\\\/\\\/gooddealersmeds.com\\\/es\\\/?s={search_term_string}\"},\"query-input\":{\"@type\":\"PropertyValueSpecification\",\"valueRequired\":true,\"valueName\":\"search_term_string\"}}],\"inLanguage\":\"en-US\"},{\"@type\":\"Organization\",\"@id\":\"https:\\\/\\\/gooddealersmeds.com\\\/es\\\/#organization\",\"name\":\"Good Dealers Meds\",\"url\":\"https:\\\/\\\/gooddealersmeds.com\\\/es\\\/\",\"logo\":{\"@type\":\"ImageObject\",\"inLanguage\":\"en-US\",\"@id\":\"https:\\\/\\\/gooddealersmeds.com\\\/es\\\/#\\\/schema\\\/logo\\\/image\\\/\",\"url\":\"https:\\\/\\\/gooddealersmeds.com\\\/es\\\/wp-content\\\/uploads\\\/sites\\\/4\\\/2022\\\/03\\\/gooddealersmeds__logo__20220317T222800Z.00.png\",\"contentUrl\":\"https:\\\/\\\/gooddealersmeds.com\\\/es\\\/wp-content\\\/uploads\\\/sites\\\/4\\\/2022\\\/03\\\/gooddealersmeds__logo__20220317T222800Z.00.png\",\"width\":500,\"height\":325,\"caption\":\"Good Dealers Meds\"},\"image\":{\"@id\":\"https:\\\/\\\/gooddealersmeds.com\\\/es\\\/#\\\/schema\\\/logo\\\/image\\\/\"}}]}<\/script>\n<!-- \/ Yoast SEO Premium plugin. -->","yoast_head_json":{"title":"Comprar Anesket online | Ordene Anesket en l\u00ednea Good Dealers Meds","description":"Comprar Anesket online ofrecido por Good Dealers Medicamentos utilizados para ponerlo a dormir durante los procedimientos quir\u00fargicos mayores y para prevenir el dolor y las molestias.","robots":{"index":"index","follow":"follow","max-snippet":"max-snippet:-1","max-image-preview":"max-image-preview:large","max-video-preview":"max-video-preview:-1"},"canonical":"https:\/\/gooddealersmeds.com\/es\/product\/comprar-anesket-online\/","og_locale":"en_US","og_type":"article","og_title":"Comprar Anesket Online","og_description":"Comprar Anesket online ofrecido por Good Dealers Medicamentos utilizados para ponerlo a dormir durante los procedimientos quir\u00fargicos mayores y para prevenir el dolor y las molestias.","og_url":"https:\/\/gooddealersmeds.com\/es\/product\/comprar-anesket-online\/","og_site_name":"Good Dealers Meds","article_modified_time":"2023-01-02T14:55:37+00:00","og_image":[{"width":500,"height":500,"url":"https:\/\/gooddealersmeds.com\/es\/wp-content\/uploads\/sites\/4\/2022\/04\/anesket-1000mg-10ml-for-sale.png","type":"image\/png"}],"twitter_card":"summary_large_image","twitter_misc":{"Est. reading time":"2 minutes"},"schema":{"@context":"https:\/\/schema.org","@graph":[{"@type":"WebPage","@id":"https:\/\/gooddealersmeds.com\/es\/product\/comprar-anesket-online\/","url":"https:\/\/gooddealersmeds.com\/es\/product\/comprar-anesket-online\/","name":"Comprar Anesket online | Ordene Anesket en l\u00ednea Good Dealers Meds","isPartOf":{"@id":"https:\/\/gooddealersmeds.com\/es\/#website"},"primaryImageOfPage":{"@id":"https:\/\/gooddealersmeds.com\/es\/product\/comprar-anesket-online\/#primaryimage"},"image":{"@id":"https:\/\/gooddealersmeds.com\/es\/product\/comprar-anesket-online\/#primaryimage"},"thumbnailUrl":"https:\/\/gooddealersmeds.com\/es\/wp-content\/uploads\/sites\/4\/2022\/04\/anesket-1000mg-10ml-for-sale.png","datePublished":"2022-04-21T03:36:59+00:00","dateModified":"2023-01-02T14:55:37+00:00","description":"Comprar Anesket online ofrecido por Good Dealers Medicamentos utilizados para ponerlo a dormir durante los procedimientos quir\u00fargicos mayores y para prevenir el dolor y las molestias.","breadcrumb":{"@id":"https:\/\/gooddealersmeds.com\/es\/product\/comprar-anesket-online\/#breadcrumb"},"inLanguage":"en-US","potentialAction":[{"@type":"ReadAction","target":["https:\/\/gooddealersmeds.com\/es\/product\/comprar-anesket-online\/"]}]},{"@type":"ImageObject","inLanguage":"en-US","@id":"https:\/\/gooddealersmeds.com\/es\/product\/comprar-anesket-online\/#primaryimage","url":"https:\/\/gooddealersmeds.com\/es\/wp-content\/uploads\/sites\/4\/2022\/04\/anesket-1000mg-10ml-for-sale.png","contentUrl":"https:\/\/gooddealersmeds.com\/es\/wp-content\/uploads\/sites\/4\/2022\/04\/anesket-1000mg-10ml-for-sale.png","width":500,"height":500,"caption":"Buy Anesket online"},{"@type":"BreadcrumbList","@id":"https:\/\/gooddealersmeds.com\/es\/product\/comprar-anesket-online\/#breadcrumb","itemListElement":[{"@type":"ListItem","position":1,"name":"Home","item":"https:\/\/gooddealersmeds.com\/es\/"},{"@type":"ListItem","position":2,"name":"Productos","item":"https:\/\/gooddealersmeds.com\/es\/productos\/"},{"@type":"ListItem","position":3,"name":"Comprar Anesket Online"}]},{"@type":"WebSite","@id":"https:\/\/gooddealersmeds.com\/es\/#website","url":"https:\/\/gooddealersmeds.com\/es\/","name":"Good Dealers Meds","description":"All our best","publisher":{"@id":"https:\/\/gooddealersmeds.com\/es\/#organization"},"potentialAction":[{"@type":"SearchAction","target":{"@type":"EntryPoint","urlTemplate":"https:\/\/gooddealersmeds.com\/es\/?s={search_term_string}"},"query-input":{"@type":"PropertyValueSpecification","valueRequired":true,"valueName":"search_term_string"}}],"inLanguage":"en-US"},{"@type":"Organization","@id":"https:\/\/gooddealersmeds.com\/es\/#organization","name":"Good Dealers Meds","url":"https:\/\/gooddealersmeds.com\/es\/","logo":{"@type":"ImageObject","inLanguage":"en-US","@id":"https:\/\/gooddealersmeds.com\/es\/#\/schema\/logo\/image\/","url":"https:\/\/gooddealersmeds.com\/es\/wp-content\/uploads\/sites\/4\/2022\/03\/gooddealersmeds__logo__20220317T222800Z.00.png","contentUrl":"https:\/\/gooddealersmeds.com\/es\/wp-content\/uploads\/sites\/4\/2022\/03\/gooddealersmeds__logo__20220317T222800Z.00.png","width":500,"height":325,"caption":"Good Dealers Meds"},"image":{"@id":"https:\/\/gooddealersmeds.com\/es\/#\/schema\/logo\/image\/"}}]}},"_links":{"self":[{"href":"https:\/\/gooddealersmeds.com\/es\/wp-json\/wp\/v2\/product\/1791","targetHints":{"allow":["GET"]}}],"collection":[{"href":"https:\/\/gooddealersmeds.com\/es\/wp-json\/wp\/v2\/product"}],"about":[{"href":"https:\/\/gooddealersmeds.com\/es\/wp-json\/wp\/v2\/types\/product"}],"replies":[{"embeddable":true,"href":"https:\/\/gooddealersmeds.com\/es\/wp-json\/wp\/v2\/comments?post=1791"}],"wp:featuredmedia":[{"embeddable":true,"href":"https:\/\/gooddealersmeds.com\/es\/wp-json\/wp\/v2\/media\/1798"}],"wp:attachment":[{"href":"https:\/\/gooddealersmeds.com\/es\/wp-json\/wp\/v2\/media?parent=1791"}],"wp:term":[{"taxonomy":"product_brand","embeddable":true,"href":"https:\/\/gooddealersmeds.com\/es\/wp-json\/wp\/v2\/product_brand?post=1791"},{"taxonomy":"product_cat","embeddable":true,"href":"https:\/\/gooddealersmeds.com\/es\/wp-json\/wp\/v2\/product_cat?post=1791"},{"taxonomy":"product_tag","embeddable":true,"href":"https:\/\/gooddealersmeds.com\/es\/wp-json\/wp\/v2\/product_tag?post=1791"}],"curies":[{"name":"wp","href":"https:\/\/api.w.org\/{rel}","templated":true}]}}