{"id":1749,"date":"2022-03-19T02:56:20","date_gmt":"2022-03-19T02:56:20","guid":{"rendered":"https:\/\/gooddealersmeds.com\/es\/?post_type=product&#038;p=1749"},"modified":"2023-01-02T15:05:59","modified_gmt":"2023-01-02T15:05:59","slug":"comprar-fentanilo-aerosol-nasal","status":"publish","type":"product","link":"https:\/\/gooddealersmeds.com\/es\/product\/comprar-fentanilo-aerosol-nasal\/","title":{"rendered":"Comprar aerosol nasal de fentanilo"},"content":{"rendered":"<h2>Aerosol nasal de fentanilo para la venta en l\u00ednea de nosotros a precios asequibles<\/h2>\n<p>Comprar aerosol nasal de fentanilo, que se usa para tratar el dolor irruptivo (dolor que ocurre a pesar del tratamiento continuo con analg\u00e9sicos) en pacientes con c\u00e1ncer de 18 a\u00f1os de edad o mayores que toman dosis regulares de otro analg\u00e9sico narc\u00f3tico (opi\u00e1ceo) y son tolerantes (acostumbrados a los efectos de la medicaci\u00f3n). El <a href=\"https:\/\/gooddealersmeds.com\/es\/product\/comprar-fentanilo-aerosol-nasal\/\">fentanilo<\/a> pertenece a la clase de f\u00e1rmacos conocidos como analg\u00e9sicos narc\u00f3ticos (opi\u00e1ceos). Act\u00faa alterando la forma en que el cerebro y el sistema nervioso reaccionan al dolor.<\/p>\n<p>Este medicamento est\u00e1 dise\u00f1ado para usarse en la nariz. Verifique que est\u00e9 usando su aerosol nasal correctamente. Si tiene alguna pregunta, consulte a su m\u00e9dico o a un profesional de la salud. No lo tome con m\u00e1s frecuencia de lo recetado.<\/p>\n<p>Su m\u00e9dico comenzar\u00e1 con una dosis baja de aerosol nasal de fentanilo y la aumentar\u00e1 gradualmente hasta que encuentre la dosis que aliviar\u00e1 su dolor irruptivo. Si a\u00fan tiene dolor 30 minutos despu\u00e9s de usar el aerosol nasal de fentanilo, su m\u00e9dico puede indicarle que use otro analg\u00e9sico para aliviar ese dolor y puede aumentar su dosis de aerosol nasal de fentanilo para tratar su pr\u00f3ximo episodio de dolor. No aumente la dosis de fentanilo en aerosol nasal a menos que su m\u00e9dico se lo indique.<\/p>\n<p><strong>Efectos adversos que debe informar a su m\u00e9dico o profesional de la salud lo antes posible:<\/strong><\/p>\n<ul>\n<li>Reacciones al\u00e9rgicas como erupci\u00f3n cut\u00e1nea, picaz\u00f3n o urticaria, hinchaz\u00f3n de la cara, los labios o la lengua<\/li>\n<li>Problemas respiratorios<\/li>\n<li>Confusi\u00f3n<\/li>\n<li>Signos y s\u00edntomas de presi\u00f3n arterial baja como mareos; sensaci\u00f3n de desmayo o aturdimiento, ca\u00eddas; inusualmente d\u00e9bil o cansado<\/li>\n<li>Problemas para orinar o cambios en la cantidad de orina<\/li>\n<\/ul>\n<p>Guarde el aerosol nasal de fentanilo en su recipiente a prueba de ni\u00f1os, bien cerrado y fuera del alcance de ni\u00f1os. Guarde el envase a prueba de ni\u00f1os y la bolsa en la caja de cart\u00f3n en la que vino cuando no los use.<\/p>\n<p>Los clientes de toda Europa pueden comprar f\u00e1cilmente el aerosol nasal de fentanilo en nuestra tienda en l\u00ednea.<\/p>\n","protected":false},"excerpt":{"rendered":"<p>FENTANYL (FEN ta nil) es un analg\u00e9sico. Se utiliza para tratar el dolor irruptivo del c\u00e1ncer que no puede controlar su analg\u00e9sico de acci\u00f3n prolongada. No use este medicamento para un dolor que desaparecer\u00e1 en unos pocos d\u00edas, como el dolor de una cirug\u00eda, visitas al m\u00e9dico o al dentista. El medicamento es utilizado \u00fanicamente por personas que han estado tomando analg\u00e9sicos opi\u00e1ceos o narc\u00f3ticos durante al menos una semana.<\/p>\n<p>&nbsp;<\/p>\n<p>Este medicamento puede utilizarse para otros fines; consulte a su proveedor de atenci\u00f3n m\u00e9dica o farmac\u00e9utico si tiene preguntas.<\/p>\n","protected":false},"featured_media":1755,"comment_status":"open","ping_status":"closed","template":"","meta":{"inline_featured_image":false},"product_brand":[],"product_cat":[347],"product_tag":[],"class_list":{"0":"post-1749","1":"product","2":"type-product","3":"status-publish","4":"has-post-thumbnail","6":"product_cat-opioide-analgsico","8":"first","9":"instock","10":"shipping-taxable","11":"purchasable","12":"product-type-variable","13":"has-default-attributes"},"yoast_head":"<!-- This site is optimized with the Yoast SEO Premium plugin v20.6 (Yoast SEO v27.3) - https:\/\/yoast.com\/product\/yoast-seo-premium-wordpress\/ -->\n<title>Comprar aerosol nasal de fentanilo | ordenar fentanilo Good Dealers Meds<\/title>\n<meta name=\"description\" content=\"Comprar aerosol nasal de fentanilo, suministramos Fentanyl Nasal Spray de alta calidad a un precio bueno y asequible, cont\u00e1ctenos para obtener m\u00e1s informaci\u00f3n.\" \/>\n<meta name=\"robots\" content=\"index, follow, max-snippet:-1, max-image-preview:large, max-video-preview:-1\" \/>\n<link rel=\"canonical\" href=\"https:\/\/gooddealersmeds.com\/es\/product\/comprar-fentanilo-aerosol-nasal\/\" \/>\n<meta property=\"og:locale\" content=\"en_US\" \/>\n<meta property=\"og:type\" content=\"article\" \/>\n<meta property=\"og:title\" content=\"Comprar aerosol nasal de fentanilo\" \/>\n<meta property=\"og:description\" content=\"Comprar aerosol nasal de fentanilo, suministramos Fentanyl Nasal Spray de alta calidad a un precio bueno y asequible, cont\u00e1ctenos para obtener m\u00e1s informaci\u00f3n.\" \/>\n<meta property=\"og:url\" content=\"https:\/\/gooddealersmeds.com\/es\/product\/comprar-fentanilo-aerosol-nasal\/\" \/>\n<meta property=\"og:site_name\" content=\"Good Dealers Meds\" \/>\n<meta property=\"article:modified_time\" content=\"2023-01-02T15:05:59+00:00\" \/>\n<meta property=\"og:image\" content=\"https:\/\/gooddealersmeds.com\/es\/wp-content\/uploads\/sites\/4\/2022\/03\/Fentanyl-Nasal-Spray-20201024234300-600x600-1.jpg\" \/>\n\t<meta property=\"og:image:width\" content=\"600\" \/>\n\t<meta property=\"og:image:height\" content=\"600\" \/>\n\t<meta property=\"og:image:type\" content=\"image\/jpeg\" \/>\n<meta name=\"twitter:card\" content=\"summary_large_image\" \/>\n<meta name=\"twitter:label1\" content=\"Est. reading time\" \/>\n\t<meta name=\"twitter:data1\" content=\"2 minutes\" \/>\n<script type=\"application\/ld+json\" class=\"yoast-schema-graph\">{\"@context\":\"https:\\\/\\\/schema.org\",\"@graph\":[{\"@type\":\"WebPage\",\"@id\":\"https:\\\/\\\/gooddealersmeds.com\\\/es\\\/product\\\/comprar-fentanilo-aerosol-nasal\\\/\",\"url\":\"https:\\\/\\\/gooddealersmeds.com\\\/es\\\/product\\\/comprar-fentanilo-aerosol-nasal\\\/\",\"name\":\"Comprar aerosol nasal de fentanilo | ordenar fentanilo Good Dealers Meds\",\"isPartOf\":{\"@id\":\"https:\\\/\\\/gooddealersmeds.com\\\/es\\\/#website\"},\"primaryImageOfPage\":{\"@id\":\"https:\\\/\\\/gooddealersmeds.com\\\/es\\\/product\\\/comprar-fentanilo-aerosol-nasal\\\/#primaryimage\"},\"image\":{\"@id\":\"https:\\\/\\\/gooddealersmeds.com\\\/es\\\/product\\\/comprar-fentanilo-aerosol-nasal\\\/#primaryimage\"},\"thumbnailUrl\":\"https:\\\/\\\/gooddealersmeds.com\\\/es\\\/wp-content\\\/uploads\\\/sites\\\/4\\\/2022\\\/03\\\/Fentanyl-Nasal-Spray-20201024234300-600x600-1.jpg\",\"datePublished\":\"2022-03-19T02:56:20+00:00\",\"dateModified\":\"2023-01-02T15:05:59+00:00\",\"description\":\"Comprar aerosol nasal de fentanilo, suministramos Fentanyl Nasal Spray de alta calidad a un precio bueno y asequible, cont\u00e1ctenos para obtener m\u00e1s informaci\u00f3n.\",\"breadcrumb\":{\"@id\":\"https:\\\/\\\/gooddealersmeds.com\\\/es\\\/product\\\/comprar-fentanilo-aerosol-nasal\\\/#breadcrumb\"},\"inLanguage\":\"en-US\",\"potentialAction\":[{\"@type\":\"ReadAction\",\"target\":[\"https:\\\/\\\/gooddealersmeds.com\\\/es\\\/product\\\/comprar-fentanilo-aerosol-nasal\\\/\"]}]},{\"@type\":\"ImageObject\",\"inLanguage\":\"en-US\",\"@id\":\"https:\\\/\\\/gooddealersmeds.com\\\/es\\\/product\\\/comprar-fentanilo-aerosol-nasal\\\/#primaryimage\",\"url\":\"https:\\\/\\\/gooddealersmeds.com\\\/es\\\/wp-content\\\/uploads\\\/sites\\\/4\\\/2022\\\/03\\\/Fentanyl-Nasal-Spray-20201024234300-600x600-1.jpg\",\"contentUrl\":\"https:\\\/\\\/gooddealersmeds.com\\\/es\\\/wp-content\\\/uploads\\\/sites\\\/4\\\/2022\\\/03\\\/Fentanyl-Nasal-Spray-20201024234300-600x600-1.jpg\",\"width\":600,\"height\":600},{\"@type\":\"BreadcrumbList\",\"@id\":\"https:\\\/\\\/gooddealersmeds.com\\\/es\\\/product\\\/comprar-fentanilo-aerosol-nasal\\\/#breadcrumb\",\"itemListElement\":[{\"@type\":\"ListItem\",\"position\":1,\"name\":\"Home\",\"item\":\"https:\\\/\\\/gooddealersmeds.com\\\/es\\\/\"},{\"@type\":\"ListItem\",\"position\":2,\"name\":\"Productos\",\"item\":\"https:\\\/\\\/gooddealersmeds.com\\\/es\\\/productos\\\/\"},{\"@type\":\"ListItem\",\"position\":3,\"name\":\"Comprar aerosol nasal de fentanilo\"}]},{\"@type\":\"WebSite\",\"@id\":\"https:\\\/\\\/gooddealersmeds.com\\\/es\\\/#website\",\"url\":\"https:\\\/\\\/gooddealersmeds.com\\\/es\\\/\",\"name\":\"Good Dealers Meds\",\"description\":\"All our best\",\"publisher\":{\"@id\":\"https:\\\/\\\/gooddealersmeds.com\\\/es\\\/#organization\"},\"potentialAction\":[{\"@type\":\"SearchAction\",\"target\":{\"@type\":\"EntryPoint\",\"urlTemplate\":\"https:\\\/\\\/gooddealersmeds.com\\\/es\\\/?s={search_term_string}\"},\"query-input\":{\"@type\":\"PropertyValueSpecification\",\"valueRequired\":true,\"valueName\":\"search_term_string\"}}],\"inLanguage\":\"en-US\"},{\"@type\":\"Organization\",\"@id\":\"https:\\\/\\\/gooddealersmeds.com\\\/es\\\/#organization\",\"name\":\"Good Dealers Meds\",\"url\":\"https:\\\/\\\/gooddealersmeds.com\\\/es\\\/\",\"logo\":{\"@type\":\"ImageObject\",\"inLanguage\":\"en-US\",\"@id\":\"https:\\\/\\\/gooddealersmeds.com\\\/es\\\/#\\\/schema\\\/logo\\\/image\\\/\",\"url\":\"https:\\\/\\\/gooddealersmeds.com\\\/es\\\/wp-content\\\/uploads\\\/sites\\\/4\\\/2022\\\/03\\\/gooddealersmeds__logo__20220317T222800Z.00.png\",\"contentUrl\":\"https:\\\/\\\/gooddealersmeds.com\\\/es\\\/wp-content\\\/uploads\\\/sites\\\/4\\\/2022\\\/03\\\/gooddealersmeds__logo__20220317T222800Z.00.png\",\"width\":500,\"height\":325,\"caption\":\"Good Dealers Meds\"},\"image\":{\"@id\":\"https:\\\/\\\/gooddealersmeds.com\\\/es\\\/#\\\/schema\\\/logo\\\/image\\\/\"}}]}<\/script>\n<!-- \/ Yoast SEO Premium plugin. -->","yoast_head_json":{"title":"Comprar aerosol nasal de fentanilo | ordenar fentanilo Good Dealers Meds","description":"Comprar aerosol nasal de fentanilo, suministramos Fentanyl Nasal Spray de alta calidad a un precio bueno y asequible, cont\u00e1ctenos para obtener m\u00e1s informaci\u00f3n.","robots":{"index":"index","follow":"follow","max-snippet":"max-snippet:-1","max-image-preview":"max-image-preview:large","max-video-preview":"max-video-preview:-1"},"canonical":"https:\/\/gooddealersmeds.com\/es\/product\/comprar-fentanilo-aerosol-nasal\/","og_locale":"en_US","og_type":"article","og_title":"Comprar aerosol nasal de fentanilo","og_description":"Comprar aerosol nasal de fentanilo, suministramos Fentanyl Nasal Spray de alta calidad a un precio bueno y asequible, cont\u00e1ctenos para obtener m\u00e1s informaci\u00f3n.","og_url":"https:\/\/gooddealersmeds.com\/es\/product\/comprar-fentanilo-aerosol-nasal\/","og_site_name":"Good Dealers Meds","article_modified_time":"2023-01-02T15:05:59+00:00","og_image":[{"width":600,"height":600,"url":"https:\/\/gooddealersmeds.com\/es\/wp-content\/uploads\/sites\/4\/2022\/03\/Fentanyl-Nasal-Spray-20201024234300-600x600-1.jpg","type":"image\/jpeg"}],"twitter_card":"summary_large_image","twitter_misc":{"Est. reading time":"2 minutes"},"schema":{"@context":"https:\/\/schema.org","@graph":[{"@type":"WebPage","@id":"https:\/\/gooddealersmeds.com\/es\/product\/comprar-fentanilo-aerosol-nasal\/","url":"https:\/\/gooddealersmeds.com\/es\/product\/comprar-fentanilo-aerosol-nasal\/","name":"Comprar aerosol nasal de fentanilo | ordenar fentanilo Good Dealers Meds","isPartOf":{"@id":"https:\/\/gooddealersmeds.com\/es\/#website"},"primaryImageOfPage":{"@id":"https:\/\/gooddealersmeds.com\/es\/product\/comprar-fentanilo-aerosol-nasal\/#primaryimage"},"image":{"@id":"https:\/\/gooddealersmeds.com\/es\/product\/comprar-fentanilo-aerosol-nasal\/#primaryimage"},"thumbnailUrl":"https:\/\/gooddealersmeds.com\/es\/wp-content\/uploads\/sites\/4\/2022\/03\/Fentanyl-Nasal-Spray-20201024234300-600x600-1.jpg","datePublished":"2022-03-19T02:56:20+00:00","dateModified":"2023-01-02T15:05:59+00:00","description":"Comprar aerosol nasal de fentanilo, suministramos Fentanyl Nasal Spray de alta calidad a un precio bueno y asequible, cont\u00e1ctenos para obtener m\u00e1s informaci\u00f3n.","breadcrumb":{"@id":"https:\/\/gooddealersmeds.com\/es\/product\/comprar-fentanilo-aerosol-nasal\/#breadcrumb"},"inLanguage":"en-US","potentialAction":[{"@type":"ReadAction","target":["https:\/\/gooddealersmeds.com\/es\/product\/comprar-fentanilo-aerosol-nasal\/"]}]},{"@type":"ImageObject","inLanguage":"en-US","@id":"https:\/\/gooddealersmeds.com\/es\/product\/comprar-fentanilo-aerosol-nasal\/#primaryimage","url":"https:\/\/gooddealersmeds.com\/es\/wp-content\/uploads\/sites\/4\/2022\/03\/Fentanyl-Nasal-Spray-20201024234300-600x600-1.jpg","contentUrl":"https:\/\/gooddealersmeds.com\/es\/wp-content\/uploads\/sites\/4\/2022\/03\/Fentanyl-Nasal-Spray-20201024234300-600x600-1.jpg","width":600,"height":600},{"@type":"BreadcrumbList","@id":"https:\/\/gooddealersmeds.com\/es\/product\/comprar-fentanilo-aerosol-nasal\/#breadcrumb","itemListElement":[{"@type":"ListItem","position":1,"name":"Home","item":"https:\/\/gooddealersmeds.com\/es\/"},{"@type":"ListItem","position":2,"name":"Productos","item":"https:\/\/gooddealersmeds.com\/es\/productos\/"},{"@type":"ListItem","position":3,"name":"Comprar aerosol nasal de fentanilo"}]},{"@type":"WebSite","@id":"https:\/\/gooddealersmeds.com\/es\/#website","url":"https:\/\/gooddealersmeds.com\/es\/","name":"Good Dealers Meds","description":"All our best","publisher":{"@id":"https:\/\/gooddealersmeds.com\/es\/#organization"},"potentialAction":[{"@type":"SearchAction","target":{"@type":"EntryPoint","urlTemplate":"https:\/\/gooddealersmeds.com\/es\/?s={search_term_string}"},"query-input":{"@type":"PropertyValueSpecification","valueRequired":true,"valueName":"search_term_string"}}],"inLanguage":"en-US"},{"@type":"Organization","@id":"https:\/\/gooddealersmeds.com\/es\/#organization","name":"Good Dealers Meds","url":"https:\/\/gooddealersmeds.com\/es\/","logo":{"@type":"ImageObject","inLanguage":"en-US","@id":"https:\/\/gooddealersmeds.com\/es\/#\/schema\/logo\/image\/","url":"https:\/\/gooddealersmeds.com\/es\/wp-content\/uploads\/sites\/4\/2022\/03\/gooddealersmeds__logo__20220317T222800Z.00.png","contentUrl":"https:\/\/gooddealersmeds.com\/es\/wp-content\/uploads\/sites\/4\/2022\/03\/gooddealersmeds__logo__20220317T222800Z.00.png","width":500,"height":325,"caption":"Good Dealers Meds"},"image":{"@id":"https:\/\/gooddealersmeds.com\/es\/#\/schema\/logo\/image\/"}}]}},"_links":{"self":[{"href":"https:\/\/gooddealersmeds.com\/es\/wp-json\/wp\/v2\/product\/1749","targetHints":{"allow":["GET"]}}],"collection":[{"href":"https:\/\/gooddealersmeds.com\/es\/wp-json\/wp\/v2\/product"}],"about":[{"href":"https:\/\/gooddealersmeds.com\/es\/wp-json\/wp\/v2\/types\/product"}],"replies":[{"embeddable":true,"href":"https:\/\/gooddealersmeds.com\/es\/wp-json\/wp\/v2\/comments?post=1749"}],"wp:featuredmedia":[{"embeddable":true,"href":"https:\/\/gooddealersmeds.com\/es\/wp-json\/wp\/v2\/media\/1755"}],"wp:attachment":[{"href":"https:\/\/gooddealersmeds.com\/es\/wp-json\/wp\/v2\/media?parent=1749"}],"wp:term":[{"taxonomy":"product_brand","embeddable":true,"href":"https:\/\/gooddealersmeds.com\/es\/wp-json\/wp\/v2\/product_brand?post=1749"},{"taxonomy":"product_cat","embeddable":true,"href":"https:\/\/gooddealersmeds.com\/es\/wp-json\/wp\/v2\/product_cat?post=1749"},{"taxonomy":"product_tag","embeddable":true,"href":"https:\/\/gooddealersmeds.com\/es\/wp-json\/wp\/v2\/product_tag?post=1749"}],"curies":[{"name":"wp","href":"https:\/\/api.w.org\/{rel}","templated":true}]}}