{"id":1744,"date":"2022-03-19T02:44:47","date_gmt":"2022-03-19T02:44:47","guid":{"rendered":"https:\/\/gooddealersmeds.com\/es\/?post_type=product&#038;p=1744"},"modified":"2023-01-02T15:21:51","modified_gmt":"2023-01-02T15:21:51","slug":"comprar-lsd-tabletas-online","status":"publish","type":"product","link":"https:\/\/gooddealersmeds.com\/es\/product\/comprar-lsd-tabletas-online\/","title":{"rendered":"Comprar tabletas de LSD en l\u00ednea"},"content":{"rendered":"<h2>Compre tabletas de LSD de 50 mcg en l\u00ednea.<\/h2>\n<p>Comprar tabletas de LSD en l\u00ednea, ordene tabletas de LSD en nuestras tabletas de LSD <a href=\"https:\/\/gooddealersmeds.com\/es\/products\/\"><span style=\"color: #333333\">comprar<\/span>.<\/a>\u00a0Si desea comprar tabletas de LSD de buena calidad, no busque m\u00e1s, est\u00e1 en el lugar correcto. Nuestras tabletas de LSD son las mejores del mercado en este momento.<\/p>\n<p>La dietilamida del \u00e1cido lis\u00e9rgico (LSD), tambi\u00e9n conocida como \u00e1cido, es una droga psicod\u00e9lica conocida por su <span style=\"color: #333333\"><a style=\"color: #333333\" href=\"https:\/\/adf.org.au\/drug-facts\/psychedelics\/\">efectos psicod\u00e9licos<\/a><\/span>. El LSD es el m\u00e1s potente y notorio de los alucin\u00f3genos, y el que trajo esta clase de drogas a la vista del p\u00fablico en la d\u00e9cada de 1960. El LSD se sintetiz\u00f3 originalmente a partir de alcaloides del cornezuelo del centeno extra\u00eddos del hongo del cornezuelo del centeno Claviceps purpurea. Esto puede incluir una conciencia alterada del entorno, las percepciones y los sentimientos, as\u00ed como sensaciones e im\u00e1genes que parecen reales aunque no lo sean. Se usa principalmente como droga recreativa y por razones espirituales.<\/p>\n<p>El LSD es una droga que altera la mente. Al interactuar con los receptores de serotonina en el cerebro, se cree que el LSD provoca sus efectos alucin\u00f3genos caracter\u00edsticos. La serotonina es un neurotransmisor que ayuda a regular el estado de \u00e1nimo y el comportamiento, regula los sentidos y modera los pensamientos.<\/p>\n<p>Nombre gen\u00e9rico: dietilamida del \u00e1cido lis\u00e9rgico<br \/>\nNombres comunes o callejeros: el LSD se vende bajo m\u00e1s de 80 nombres de calles que incluyen \u00e1cido, papel secante, cid, dosis, puntos y viajes, as\u00ed como nombres que reflejan los dise\u00f1os en las hojas de papel secante (por ejemplo, \u201cdrag\u00f3n p\u00farpura\u201d) Comprar tabletas de LSD en l\u00ednea<\/p>\n<p>&nbsp;<\/p>\n<p>&nbsp;<\/p>\n<pre><strong>Compre tabletas de LSD de 50 mcg en l\u00ednea - compre tabletas de LSD, compre tabletas de LSD de 50 mcg, compre LSD de 50 mcg en l\u00ednea, D\u00f3nde comprar tabletas de LSD de 50 mcg, tabletas de LSD de 50 mcg para la venta, LSD tabletas a la venta, compre tabletas en l\u00ednea, d\u00f3nde comprar tabletas de LSD de 50 mcg en l\u00ednea, tabletas de LSD de 50 mcg a la venta en EE. UU., EE. tabletas legales en EE. UU., compre tabletas de LSD de 50 mcg en l\u00ednea en EE. UU., c\u00f3mo pedir tabletas de LSD de 50 mcg, \u00bfSon legales las tabletas de LSD de 50 mcg en Canad\u00e1?<\/strong><\/pre>\n","protected":false},"excerpt":{"rendered":"<p>Compre tabletas de LSD de 50 mcg en l\u00ednea de Good Dealers Meds. Tabletas de LSD a la venta en EE. UU. y Canad\u00e1 a un precio muy econ\u00f3mico y reciba su entrega en su puerta dentro del plazo establecido.<\/p>\n","protected":false},"featured_media":1748,"comment_status":"open","ping_status":"closed","template":"","meta":{"inline_featured_image":false},"product_brand":[],"product_cat":[345],"product_tag":[311,308,107,101,105,310,301,300,299,309,302,305,104,110,108,109,106,306,307,304,303],"class_list":{"0":"post-1744","1":"product","2":"type-product","3":"status-publish","4":"has-post-thumbnail","6":"product_cat-drogas-psicodlicas","7":"product_tag-is-50mcg-lsd-tablets-legal-en-canada","8":"product_tag-is-50mcg-lsd-tablets-legal-en-ee-uu","9":"product_tag-buy","10":"product_tag-buy-tablets-online","11":"product_tag-canada","12":"product_tag-cmo-pedir-50mcg-lsd-tabletas","13":"product_tag-comprar-50mcg-lsd-online","14":"product_tag-comprar-50mcg-lsd-tabletas","15":"product_tag-comprar-50mcg-lsd-tabletas-online-comprar-lsd-tabletas","16":"product_tag-comprar-50mcg-lsd-tabletas-online-usa","17":"product_tag-donde-comprar-50mcg-lsd-tabletas","18":"product_tag-donde-comprar-50mcg-lsd-tabletas-online","19":"product_tag-ee-uu","20":"product_tag-entrega-segura","21":"product_tag-online","22":"product_tag-proveedores","23":"product_tag-reino-unido","24":"product_tag-50mcg-lsd-tabletas-para-la-venta-en-ee-uu","25":"product_tag-usted-todava-puede-obtener-50mcg-lsd-tabletas","26":"product_tag-lsd-tabletas-para-la-venta","27":"product_tag-50mcg-lsd-tabletas-para-la-venta","29":"first","30":"instock","31":"shipping-taxable","32":"purchasable","33":"product-type-variable","34":"has-default-attributes"},"yoast_head":"<!-- This site is optimized with the Yoast SEO Premium plugin v20.6 (Yoast SEO v27.3) - https:\/\/yoast.com\/product\/yoast-seo-premium-wordpress\/ -->\n<title>Comprar tabletas de LSD en l\u00ednea | Venta de LSD de la mejor calidad<\/title>\n<meta name=\"description\" content=\"Comprar tabletas de LSD en l\u00ednea 50mcg en la tienda de Good Dealers Meds. Tabletas de LSD a la venta en EE. UU. y Canad\u00e1 a precios econ\u00f3micos. \u00a1Rec\u00edbelas en la puerta!\" \/>\n<meta name=\"robots\" content=\"index, follow, max-snippet:-1, max-image-preview:large, max-video-preview:-1\" \/>\n<link rel=\"canonical\" href=\"https:\/\/gooddealersmeds.com\/es\/product\/comprar-lsd-tabletas-online\/\" \/>\n<meta property=\"og:locale\" content=\"en_US\" \/>\n<meta property=\"og:type\" content=\"article\" \/>\n<meta property=\"og:title\" content=\"Comprar tabletas de LSD en l\u00ednea\" \/>\n<meta property=\"og:description\" content=\"Comprar tabletas de LSD en l\u00ednea 50mcg en la tienda de Good Dealers Meds. Tabletas de LSD a la venta en EE. UU. y Canad\u00e1 a precios econ\u00f3micos. \u00a1Rec\u00edbelas en la puerta!\" \/>\n<meta property=\"og:url\" content=\"https:\/\/gooddealersmeds.com\/es\/product\/comprar-lsd-tabletas-online\/\" \/>\n<meta property=\"og:site_name\" content=\"Good Dealers Meds\" \/>\n<meta property=\"article:modified_time\" content=\"2023-01-02T15:21:51+00:00\" \/>\n<meta property=\"og:image\" content=\"https:\/\/gooddealersmeds.com\/es\/wp-content\/uploads\/sites\/4\/2022\/03\/buy-50mcg-lsd-tablets-online.jpg\" \/>\n\t<meta property=\"og:image:width\" content=\"600\" \/>\n\t<meta property=\"og:image:height\" content=\"600\" \/>\n\t<meta property=\"og:image:type\" content=\"image\/jpeg\" \/>\n<meta name=\"twitter:card\" content=\"summary_large_image\" \/>\n<meta name=\"twitter:label1\" content=\"Est. reading time\" \/>\n\t<meta name=\"twitter:data1\" content=\"2 minutes\" \/>\n<script type=\"application\/ld+json\" class=\"yoast-schema-graph\">{\"@context\":\"https:\\\/\\\/schema.org\",\"@graph\":[{\"@type\":\"WebPage\",\"@id\":\"https:\\\/\\\/gooddealersmeds.com\\\/es\\\/product\\\/comprar-lsd-tabletas-online\\\/\",\"url\":\"https:\\\/\\\/gooddealersmeds.com\\\/es\\\/product\\\/comprar-lsd-tabletas-online\\\/\",\"name\":\"Comprar tabletas de LSD en l\u00ednea | Venta de LSD de la mejor calidad\",\"isPartOf\":{\"@id\":\"https:\\\/\\\/gooddealersmeds.com\\\/es\\\/#website\"},\"primaryImageOfPage\":{\"@id\":\"https:\\\/\\\/gooddealersmeds.com\\\/es\\\/product\\\/comprar-lsd-tabletas-online\\\/#primaryimage\"},\"image\":{\"@id\":\"https:\\\/\\\/gooddealersmeds.com\\\/es\\\/product\\\/comprar-lsd-tabletas-online\\\/#primaryimage\"},\"thumbnailUrl\":\"https:\\\/\\\/gooddealersmeds.com\\\/es\\\/wp-content\\\/uploads\\\/sites\\\/4\\\/2022\\\/03\\\/buy-50mcg-lsd-tablets-online.jpg\",\"datePublished\":\"2022-03-19T02:44:47+00:00\",\"dateModified\":\"2023-01-02T15:21:51+00:00\",\"description\":\"Comprar tabletas de LSD en l\u00ednea 50mcg en la tienda de Good Dealers Meds. Tabletas de LSD a la venta en EE. UU. y Canad\u00e1 a precios econ\u00f3micos. \u00a1Rec\u00edbelas en la puerta!\",\"breadcrumb\":{\"@id\":\"https:\\\/\\\/gooddealersmeds.com\\\/es\\\/product\\\/comprar-lsd-tabletas-online\\\/#breadcrumb\"},\"inLanguage\":\"en-US\",\"potentialAction\":[{\"@type\":\"ReadAction\",\"target\":[\"https:\\\/\\\/gooddealersmeds.com\\\/es\\\/product\\\/comprar-lsd-tabletas-online\\\/\"]}]},{\"@type\":\"ImageObject\",\"inLanguage\":\"en-US\",\"@id\":\"https:\\\/\\\/gooddealersmeds.com\\\/es\\\/product\\\/comprar-lsd-tabletas-online\\\/#primaryimage\",\"url\":\"https:\\\/\\\/gooddealersmeds.com\\\/es\\\/wp-content\\\/uploads\\\/sites\\\/4\\\/2022\\\/03\\\/buy-50mcg-lsd-tablets-online.jpg\",\"contentUrl\":\"https:\\\/\\\/gooddealersmeds.com\\\/es\\\/wp-content\\\/uploads\\\/sites\\\/4\\\/2022\\\/03\\\/buy-50mcg-lsd-tablets-online.jpg\",\"width\":600,\"height\":600,\"caption\":\"Buy LSD Tablets Online\"},{\"@type\":\"BreadcrumbList\",\"@id\":\"https:\\\/\\\/gooddealersmeds.com\\\/es\\\/product\\\/comprar-lsd-tabletas-online\\\/#breadcrumb\",\"itemListElement\":[{\"@type\":\"ListItem\",\"position\":1,\"name\":\"Home\",\"item\":\"https:\\\/\\\/gooddealersmeds.com\\\/es\\\/\"},{\"@type\":\"ListItem\",\"position\":2,\"name\":\"Productos\",\"item\":\"https:\\\/\\\/gooddealersmeds.com\\\/es\\\/productos\\\/\"},{\"@type\":\"ListItem\",\"position\":3,\"name\":\"Comprar tabletas de LSD en l\u00ednea\"}]},{\"@type\":\"WebSite\",\"@id\":\"https:\\\/\\\/gooddealersmeds.com\\\/es\\\/#website\",\"url\":\"https:\\\/\\\/gooddealersmeds.com\\\/es\\\/\",\"name\":\"Good Dealers Meds\",\"description\":\"All our best\",\"publisher\":{\"@id\":\"https:\\\/\\\/gooddealersmeds.com\\\/es\\\/#organization\"},\"potentialAction\":[{\"@type\":\"SearchAction\",\"target\":{\"@type\":\"EntryPoint\",\"urlTemplate\":\"https:\\\/\\\/gooddealersmeds.com\\\/es\\\/?s={search_term_string}\"},\"query-input\":{\"@type\":\"PropertyValueSpecification\",\"valueRequired\":true,\"valueName\":\"search_term_string\"}}],\"inLanguage\":\"en-US\"},{\"@type\":\"Organization\",\"@id\":\"https:\\\/\\\/gooddealersmeds.com\\\/es\\\/#organization\",\"name\":\"Good Dealers Meds\",\"url\":\"https:\\\/\\\/gooddealersmeds.com\\\/es\\\/\",\"logo\":{\"@type\":\"ImageObject\",\"inLanguage\":\"en-US\",\"@id\":\"https:\\\/\\\/gooddealersmeds.com\\\/es\\\/#\\\/schema\\\/logo\\\/image\\\/\",\"url\":\"https:\\\/\\\/gooddealersmeds.com\\\/es\\\/wp-content\\\/uploads\\\/sites\\\/4\\\/2022\\\/03\\\/gooddealersmeds__logo__20220317T222800Z.00.png\",\"contentUrl\":\"https:\\\/\\\/gooddealersmeds.com\\\/es\\\/wp-content\\\/uploads\\\/sites\\\/4\\\/2022\\\/03\\\/gooddealersmeds__logo__20220317T222800Z.00.png\",\"width\":500,\"height\":325,\"caption\":\"Good Dealers Meds\"},\"image\":{\"@id\":\"https:\\\/\\\/gooddealersmeds.com\\\/es\\\/#\\\/schema\\\/logo\\\/image\\\/\"}}]}<\/script>\n<!-- \/ Yoast SEO Premium plugin. -->","yoast_head_json":{"title":"Comprar tabletas de LSD en l\u00ednea | Venta de LSD de la mejor calidad","description":"Comprar tabletas de LSD en l\u00ednea 50mcg en la tienda de Good Dealers Meds. Tabletas de LSD a la venta en EE. UU. y Canad\u00e1 a precios econ\u00f3micos. \u00a1Rec\u00edbelas en la puerta!","robots":{"index":"index","follow":"follow","max-snippet":"max-snippet:-1","max-image-preview":"max-image-preview:large","max-video-preview":"max-video-preview:-1"},"canonical":"https:\/\/gooddealersmeds.com\/es\/product\/comprar-lsd-tabletas-online\/","og_locale":"en_US","og_type":"article","og_title":"Comprar tabletas de LSD en l\u00ednea","og_description":"Comprar tabletas de LSD en l\u00ednea 50mcg en la tienda de Good Dealers Meds. Tabletas de LSD a la venta en EE. UU. y Canad\u00e1 a precios econ\u00f3micos. \u00a1Rec\u00edbelas en la puerta!","og_url":"https:\/\/gooddealersmeds.com\/es\/product\/comprar-lsd-tabletas-online\/","og_site_name":"Good Dealers Meds","article_modified_time":"2023-01-02T15:21:51+00:00","og_image":[{"width":600,"height":600,"url":"https:\/\/gooddealersmeds.com\/es\/wp-content\/uploads\/sites\/4\/2022\/03\/buy-50mcg-lsd-tablets-online.jpg","type":"image\/jpeg"}],"twitter_card":"summary_large_image","twitter_misc":{"Est. reading time":"2 minutes"},"schema":{"@context":"https:\/\/schema.org","@graph":[{"@type":"WebPage","@id":"https:\/\/gooddealersmeds.com\/es\/product\/comprar-lsd-tabletas-online\/","url":"https:\/\/gooddealersmeds.com\/es\/product\/comprar-lsd-tabletas-online\/","name":"Comprar tabletas de LSD en l\u00ednea | Venta de LSD de la mejor calidad","isPartOf":{"@id":"https:\/\/gooddealersmeds.com\/es\/#website"},"primaryImageOfPage":{"@id":"https:\/\/gooddealersmeds.com\/es\/product\/comprar-lsd-tabletas-online\/#primaryimage"},"image":{"@id":"https:\/\/gooddealersmeds.com\/es\/product\/comprar-lsd-tabletas-online\/#primaryimage"},"thumbnailUrl":"https:\/\/gooddealersmeds.com\/es\/wp-content\/uploads\/sites\/4\/2022\/03\/buy-50mcg-lsd-tablets-online.jpg","datePublished":"2022-03-19T02:44:47+00:00","dateModified":"2023-01-02T15:21:51+00:00","description":"Comprar tabletas de LSD en l\u00ednea 50mcg en la tienda de Good Dealers Meds. Tabletas de LSD a la venta en EE. UU. y Canad\u00e1 a precios econ\u00f3micos. \u00a1Rec\u00edbelas en la puerta!","breadcrumb":{"@id":"https:\/\/gooddealersmeds.com\/es\/product\/comprar-lsd-tabletas-online\/#breadcrumb"},"inLanguage":"en-US","potentialAction":[{"@type":"ReadAction","target":["https:\/\/gooddealersmeds.com\/es\/product\/comprar-lsd-tabletas-online\/"]}]},{"@type":"ImageObject","inLanguage":"en-US","@id":"https:\/\/gooddealersmeds.com\/es\/product\/comprar-lsd-tabletas-online\/#primaryimage","url":"https:\/\/gooddealersmeds.com\/es\/wp-content\/uploads\/sites\/4\/2022\/03\/buy-50mcg-lsd-tablets-online.jpg","contentUrl":"https:\/\/gooddealersmeds.com\/es\/wp-content\/uploads\/sites\/4\/2022\/03\/buy-50mcg-lsd-tablets-online.jpg","width":600,"height":600,"caption":"Buy LSD Tablets Online"},{"@type":"BreadcrumbList","@id":"https:\/\/gooddealersmeds.com\/es\/product\/comprar-lsd-tabletas-online\/#breadcrumb","itemListElement":[{"@type":"ListItem","position":1,"name":"Home","item":"https:\/\/gooddealersmeds.com\/es\/"},{"@type":"ListItem","position":2,"name":"Productos","item":"https:\/\/gooddealersmeds.com\/es\/productos\/"},{"@type":"ListItem","position":3,"name":"Comprar tabletas de LSD en l\u00ednea"}]},{"@type":"WebSite","@id":"https:\/\/gooddealersmeds.com\/es\/#website","url":"https:\/\/gooddealersmeds.com\/es\/","name":"Good Dealers Meds","description":"All our best","publisher":{"@id":"https:\/\/gooddealersmeds.com\/es\/#organization"},"potentialAction":[{"@type":"SearchAction","target":{"@type":"EntryPoint","urlTemplate":"https:\/\/gooddealersmeds.com\/es\/?s={search_term_string}"},"query-input":{"@type":"PropertyValueSpecification","valueRequired":true,"valueName":"search_term_string"}}],"inLanguage":"en-US"},{"@type":"Organization","@id":"https:\/\/gooddealersmeds.com\/es\/#organization","name":"Good Dealers Meds","url":"https:\/\/gooddealersmeds.com\/es\/","logo":{"@type":"ImageObject","inLanguage":"en-US","@id":"https:\/\/gooddealersmeds.com\/es\/#\/schema\/logo\/image\/","url":"https:\/\/gooddealersmeds.com\/es\/wp-content\/uploads\/sites\/4\/2022\/03\/gooddealersmeds__logo__20220317T222800Z.00.png","contentUrl":"https:\/\/gooddealersmeds.com\/es\/wp-content\/uploads\/sites\/4\/2022\/03\/gooddealersmeds__logo__20220317T222800Z.00.png","width":500,"height":325,"caption":"Good Dealers Meds"},"image":{"@id":"https:\/\/gooddealersmeds.com\/es\/#\/schema\/logo\/image\/"}}]}},"_links":{"self":[{"href":"https:\/\/gooddealersmeds.com\/es\/wp-json\/wp\/v2\/product\/1744","targetHints":{"allow":["GET"]}}],"collection":[{"href":"https:\/\/gooddealersmeds.com\/es\/wp-json\/wp\/v2\/product"}],"about":[{"href":"https:\/\/gooddealersmeds.com\/es\/wp-json\/wp\/v2\/types\/product"}],"replies":[{"embeddable":true,"href":"https:\/\/gooddealersmeds.com\/es\/wp-json\/wp\/v2\/comments?post=1744"}],"wp:featuredmedia":[{"embeddable":true,"href":"https:\/\/gooddealersmeds.com\/es\/wp-json\/wp\/v2\/media\/1748"}],"wp:attachment":[{"href":"https:\/\/gooddealersmeds.com\/es\/wp-json\/wp\/v2\/media?parent=1744"}],"wp:term":[{"taxonomy":"product_brand","embeddable":true,"href":"https:\/\/gooddealersmeds.com\/es\/wp-json\/wp\/v2\/product_brand?post=1744"},{"taxonomy":"product_cat","embeddable":true,"href":"https:\/\/gooddealersmeds.com\/es\/wp-json\/wp\/v2\/product_cat?post=1744"},{"taxonomy":"product_tag","embeddable":true,"href":"https:\/\/gooddealersmeds.com\/es\/wp-json\/wp\/v2\/product_tag?post=1744"}],"curies":[{"name":"wp","href":"https:\/\/api.w.org\/{rel}","templated":true}]}}