{"id":1728,"date":"2022-03-19T02:16:28","date_gmt":"2022-03-19T02:16:28","guid":{"rendered":"https:\/\/gooddealersmeds.com\/es\/?post_type=product&#038;p=1728"},"modified":"2023-01-02T15:24:58","modified_gmt":"2023-01-02T15:24:58","slug":"parches-de-fentanilo","status":"publish","type":"product","link":"https:\/\/gooddealersmeds.com\/es\/product\/parches-de-fentanilo\/","title":{"rendered":"Compre parches de fentanilo en l\u00ednea"},"content":{"rendered":"<h2>D\u00f3nde comprar parches de fentanilo: pida parches de fentanilo a un precio asequible con un proveedor de confianza<\/h2>\n<p>Comprar parches de fentanilo en l\u00ednea (tambi\u00e9n conocido como fentanilo) es un fuerte analg\u00e9sico opioide sint\u00e9tico con una acci\u00f3n breve. Es un potente agonista de los receptores opioides. Se estima que el fentanilo es de 50 a 100 veces m\u00e1s potente que la morfina.<\/p>\n<p>El fentanilo pertenece a un grupo de medicamentos llamados opioides. El <a href=\"https:\/\/gooddealersmeds.com\/es\/product\/fentanyl-patches\/\">Fentanyl<\/a> se usa para tratar el dolor severo cr\u00f3nico persistente (a largo plazo) para aquellos que necesitan un alivio constante del dolor y est\u00e1n actualmente est\u00e1 tomando otros medicamentos opioides (narc\u00f3ticos).<\/p>\n<p>El analg\u00e9sico opioide en el parche de fentanilo ingresa a su cuerpo gradualmente. Es posible que el parche inicial de fentanilo tarde hasta dos d\u00edas en tener un efecto evidente, pero los parches posteriores mantendr\u00e1n este efecto. Esto significa que puede continuar con el alivio del dolor siempre que recuerde cambiar el parche cada tres d\u00edas. Cambie su parche a la misma hora todos los d\u00edas.<\/p>\n<p><strong>\u00bfQu\u00e9 son los parches de fentanilo y c\u00f3mo funcionan?<\/strong><\/p>\n<p>Los opioides (como los parches de fentanilo) rara vez brindan un alivio total del dolor. Su m\u00e9dico, enfermera o farmac\u00e9utico local determinar\u00e1n el mejor enfoque para controlar su dolor y alterar\u00e1n la dosis para aliviar el dolor la mayor parte del tiempo. Tambi\u00e9n intentar\u00e1n mantener los efectos negativos al m\u00ednimo.<\/p>\n<p>Si estos efectos adversos persisten durante m\u00e1s de unos pocos d\u00edas, su m\u00e9dico puede recetarle medicamentos adicionales para ayudar, como medicamentos contra las n\u00e1useas. El estre\u00f1imiento es un efecto secundario com\u00fan que no desaparece despu\u00e9s de unos d\u00edas. Para tratar el estre\u00f1imiento, es posible que deba probar un laxante o aumentar la cantidad de fibra y agua en su dieta.<\/p>\n<p><strong>Efectos<\/strong><\/p>\n<p>N\u00e1useas, v\u00f3mitos, estre\u00f1imiento, aturdimiento, mareos, somnolencia o dolor de cabeza son todos posibles efectos secundarios. Tambi\u00e9n se pueden presentar molestias leves, picaz\u00f3n o enrojecimiento en el sitio de aplicaci\u00f3n. Algunos de estos efectos adversos pueden desaparecer despu\u00e9s de un per\u00edodo de uso de este medicamento. Informe a su m\u00e9dico o farmac\u00e9utico de inmediato si cualquiera de estos efectos secundarios contin\u00faa o empeora.<\/p>\n<p>Puede comprar parches de fentanilo en l\u00ednea en nuestra tienda sin receta m\u00e9dica.<\/p>\n","protected":false},"excerpt":{"rendered":"<p>El fentanilo, tambi\u00e9n deletreado fentanilo, es un opioide que se usa como medicamento para el dolor y junto con otros medicamentos para la anestesia. El fentanilo tambi\u00e9n se usa como droga recreativa, a menudo mezclado con hero\u00edna o coca\u00edna. Tiene un inicio r\u00e1pido y sus efectos generalmente duran menos de dos horas. Compre fentanilo en l\u00ednea, compre parches de fentanilo en l\u00ednea<\/p>\n<p>&nbsp;<\/p>\n<p><strong>5 parches por caja<\/strong><\/p>\n","protected":false},"featured_media":1734,"comment_status":"open","ping_status":"closed","template":"","meta":{"inline_featured_image":false},"product_brand":[],"product_cat":[347],"product_tag":[97,297,298],"class_list":{"0":"post-1728","1":"product","2":"type-product","3":"status-publish","4":"has-post-thumbnail","6":"product_cat-opioide-analgsico","7":"product_tag-buy-fentanyl-online","8":"product_tag-buy-fentanyl-patches","9":"product_tag-buy-fentanyl-patches-online","11":"first","12":"instock","13":"featured","14":"shipping-taxable","15":"purchasable","16":"product-type-variable","17":"has-default-attributes"},"yoast_head":"<!-- This site is optimized with the Yoast SEO Premium plugin v20.6 (Yoast SEO v27.3) - https:\/\/yoast.com\/product\/yoast-seo-premium-wordpress\/ -->\n<title>Comprar parches de fentanilo - venta de fentanilo | Good Dealers Meds<\/title>\n<meta name=\"description\" content=\"Comprar parches de fentanilo sin receta. El fentanilo es un opioide que se utiliza como analg\u00e9sico para la anestesia o el dolor cr\u00f3nico persistente.\" \/>\n<meta name=\"robots\" content=\"index, follow, max-snippet:-1, max-image-preview:large, max-video-preview:-1\" \/>\n<link rel=\"canonical\" href=\"https:\/\/gooddealersmeds.com\/es\/product\/parches-de-fentanilo\/\" \/>\n<meta property=\"og:locale\" content=\"en_US\" \/>\n<meta property=\"og:type\" content=\"article\" \/>\n<meta property=\"og:title\" content=\"Compre parches de fentanilo en l\u00ednea\" \/>\n<meta property=\"og:description\" content=\"Comprar parches de fentanilo sin receta. El fentanilo es un opioide que se utiliza como analg\u00e9sico para la anestesia o el dolor cr\u00f3nico persistente.\" \/>\n<meta property=\"og:url\" content=\"https:\/\/gooddealersmeds.com\/es\/product\/parches-de-fentanilo\/\" \/>\n<meta property=\"og:site_name\" content=\"Good Dealers Meds\" \/>\n<meta property=\"article:modified_time\" content=\"2023-01-02T15:24:58+00:00\" \/>\n<meta property=\"og:image\" content=\"https:\/\/gooddealersmeds.com\/es\/wp-content\/uploads\/sites\/4\/2022\/03\/Fentanyl-Patch-75mcg-e1573043473107-500x500-1.jpg\" \/>\n\t<meta property=\"og:image:width\" content=\"500\" \/>\n\t<meta property=\"og:image:height\" content=\"500\" \/>\n\t<meta property=\"og:image:type\" content=\"image\/jpeg\" \/>\n<meta name=\"twitter:card\" content=\"summary_large_image\" \/>\n<meta name=\"twitter:label1\" content=\"Est. reading time\" \/>\n\t<meta name=\"twitter:data1\" content=\"2 minutes\" \/>\n<script type=\"application\/ld+json\" class=\"yoast-schema-graph\">{\"@context\":\"https:\\\/\\\/schema.org\",\"@graph\":[{\"@type\":\"WebPage\",\"@id\":\"https:\\\/\\\/gooddealersmeds.com\\\/es\\\/product\\\/parches-de-fentanilo\\\/\",\"url\":\"https:\\\/\\\/gooddealersmeds.com\\\/es\\\/product\\\/parches-de-fentanilo\\\/\",\"name\":\"Comprar parches de fentanilo - venta de fentanilo | Good Dealers Meds\",\"isPartOf\":{\"@id\":\"https:\\\/\\\/gooddealersmeds.com\\\/es\\\/#website\"},\"primaryImageOfPage\":{\"@id\":\"https:\\\/\\\/gooddealersmeds.com\\\/es\\\/product\\\/parches-de-fentanilo\\\/#primaryimage\"},\"image\":{\"@id\":\"https:\\\/\\\/gooddealersmeds.com\\\/es\\\/product\\\/parches-de-fentanilo\\\/#primaryimage\"},\"thumbnailUrl\":\"https:\\\/\\\/gooddealersmeds.com\\\/es\\\/wp-content\\\/uploads\\\/sites\\\/4\\\/2022\\\/03\\\/Fentanyl-Patch-75mcg-e1573043473107-500x500-1.jpg\",\"datePublished\":\"2022-03-19T02:16:28+00:00\",\"dateModified\":\"2023-01-02T15:24:58+00:00\",\"description\":\"Comprar parches de fentanilo sin receta. El fentanilo es un opioide que se utiliza como analg\u00e9sico para la anestesia o el dolor cr\u00f3nico persistente.\",\"breadcrumb\":{\"@id\":\"https:\\\/\\\/gooddealersmeds.com\\\/es\\\/product\\\/parches-de-fentanilo\\\/#breadcrumb\"},\"inLanguage\":\"en-US\",\"potentialAction\":[{\"@type\":\"ReadAction\",\"target\":[\"https:\\\/\\\/gooddealersmeds.com\\\/es\\\/product\\\/parches-de-fentanilo\\\/\"]}]},{\"@type\":\"ImageObject\",\"inLanguage\":\"en-US\",\"@id\":\"https:\\\/\\\/gooddealersmeds.com\\\/es\\\/product\\\/parches-de-fentanilo\\\/#primaryimage\",\"url\":\"https:\\\/\\\/gooddealersmeds.com\\\/es\\\/wp-content\\\/uploads\\\/sites\\\/4\\\/2022\\\/03\\\/Fentanyl-Patch-75mcg-e1573043473107-500x500-1.jpg\",\"contentUrl\":\"https:\\\/\\\/gooddealersmeds.com\\\/es\\\/wp-content\\\/uploads\\\/sites\\\/4\\\/2022\\\/03\\\/Fentanyl-Patch-75mcg-e1573043473107-500x500-1.jpg\",\"width\":500,\"height\":500,\"caption\":\"Buy Fentanyl Online\"},{\"@type\":\"BreadcrumbList\",\"@id\":\"https:\\\/\\\/gooddealersmeds.com\\\/es\\\/product\\\/parches-de-fentanilo\\\/#breadcrumb\",\"itemListElement\":[{\"@type\":\"ListItem\",\"position\":1,\"name\":\"Home\",\"item\":\"https:\\\/\\\/gooddealersmeds.com\\\/es\\\/\"},{\"@type\":\"ListItem\",\"position\":2,\"name\":\"Productos\",\"item\":\"https:\\\/\\\/gooddealersmeds.com\\\/es\\\/productos\\\/\"},{\"@type\":\"ListItem\",\"position\":3,\"name\":\"Compre parches de fentanilo en l\u00ednea\"}]},{\"@type\":\"WebSite\",\"@id\":\"https:\\\/\\\/gooddealersmeds.com\\\/es\\\/#website\",\"url\":\"https:\\\/\\\/gooddealersmeds.com\\\/es\\\/\",\"name\":\"Good Dealers Meds\",\"description\":\"All our best\",\"publisher\":{\"@id\":\"https:\\\/\\\/gooddealersmeds.com\\\/es\\\/#organization\"},\"potentialAction\":[{\"@type\":\"SearchAction\",\"target\":{\"@type\":\"EntryPoint\",\"urlTemplate\":\"https:\\\/\\\/gooddealersmeds.com\\\/es\\\/?s={search_term_string}\"},\"query-input\":{\"@type\":\"PropertyValueSpecification\",\"valueRequired\":true,\"valueName\":\"search_term_string\"}}],\"inLanguage\":\"en-US\"},{\"@type\":\"Organization\",\"@id\":\"https:\\\/\\\/gooddealersmeds.com\\\/es\\\/#organization\",\"name\":\"Good Dealers Meds\",\"url\":\"https:\\\/\\\/gooddealersmeds.com\\\/es\\\/\",\"logo\":{\"@type\":\"ImageObject\",\"inLanguage\":\"en-US\",\"@id\":\"https:\\\/\\\/gooddealersmeds.com\\\/es\\\/#\\\/schema\\\/logo\\\/image\\\/\",\"url\":\"https:\\\/\\\/gooddealersmeds.com\\\/es\\\/wp-content\\\/uploads\\\/sites\\\/4\\\/2022\\\/03\\\/gooddealersmeds__logo__20220317T222800Z.00.png\",\"contentUrl\":\"https:\\\/\\\/gooddealersmeds.com\\\/es\\\/wp-content\\\/uploads\\\/sites\\\/4\\\/2022\\\/03\\\/gooddealersmeds__logo__20220317T222800Z.00.png\",\"width\":500,\"height\":325,\"caption\":\"Good Dealers Meds\"},\"image\":{\"@id\":\"https:\\\/\\\/gooddealersmeds.com\\\/es\\\/#\\\/schema\\\/logo\\\/image\\\/\"}}]}<\/script>\n<!-- \/ Yoast SEO Premium plugin. -->","yoast_head_json":{"title":"Comprar parches de fentanilo - venta de fentanilo | Good Dealers Meds","description":"Comprar parches de fentanilo sin receta. El fentanilo es un opioide que se utiliza como analg\u00e9sico para la anestesia o el dolor cr\u00f3nico persistente.","robots":{"index":"index","follow":"follow","max-snippet":"max-snippet:-1","max-image-preview":"max-image-preview:large","max-video-preview":"max-video-preview:-1"},"canonical":"https:\/\/gooddealersmeds.com\/es\/product\/parches-de-fentanilo\/","og_locale":"en_US","og_type":"article","og_title":"Compre parches de fentanilo en l\u00ednea","og_description":"Comprar parches de fentanilo sin receta. El fentanilo es un opioide que se utiliza como analg\u00e9sico para la anestesia o el dolor cr\u00f3nico persistente.","og_url":"https:\/\/gooddealersmeds.com\/es\/product\/parches-de-fentanilo\/","og_site_name":"Good Dealers Meds","article_modified_time":"2023-01-02T15:24:58+00:00","og_image":[{"width":500,"height":500,"url":"https:\/\/gooddealersmeds.com\/es\/wp-content\/uploads\/sites\/4\/2022\/03\/Fentanyl-Patch-75mcg-e1573043473107-500x500-1.jpg","type":"image\/jpeg"}],"twitter_card":"summary_large_image","twitter_misc":{"Est. reading time":"2 minutes"},"schema":{"@context":"https:\/\/schema.org","@graph":[{"@type":"WebPage","@id":"https:\/\/gooddealersmeds.com\/es\/product\/parches-de-fentanilo\/","url":"https:\/\/gooddealersmeds.com\/es\/product\/parches-de-fentanilo\/","name":"Comprar parches de fentanilo - venta de fentanilo | Good Dealers Meds","isPartOf":{"@id":"https:\/\/gooddealersmeds.com\/es\/#website"},"primaryImageOfPage":{"@id":"https:\/\/gooddealersmeds.com\/es\/product\/parches-de-fentanilo\/#primaryimage"},"image":{"@id":"https:\/\/gooddealersmeds.com\/es\/product\/parches-de-fentanilo\/#primaryimage"},"thumbnailUrl":"https:\/\/gooddealersmeds.com\/es\/wp-content\/uploads\/sites\/4\/2022\/03\/Fentanyl-Patch-75mcg-e1573043473107-500x500-1.jpg","datePublished":"2022-03-19T02:16:28+00:00","dateModified":"2023-01-02T15:24:58+00:00","description":"Comprar parches de fentanilo sin receta. El fentanilo es un opioide que se utiliza como analg\u00e9sico para la anestesia o el dolor cr\u00f3nico persistente.","breadcrumb":{"@id":"https:\/\/gooddealersmeds.com\/es\/product\/parches-de-fentanilo\/#breadcrumb"},"inLanguage":"en-US","potentialAction":[{"@type":"ReadAction","target":["https:\/\/gooddealersmeds.com\/es\/product\/parches-de-fentanilo\/"]}]},{"@type":"ImageObject","inLanguage":"en-US","@id":"https:\/\/gooddealersmeds.com\/es\/product\/parches-de-fentanilo\/#primaryimage","url":"https:\/\/gooddealersmeds.com\/es\/wp-content\/uploads\/sites\/4\/2022\/03\/Fentanyl-Patch-75mcg-e1573043473107-500x500-1.jpg","contentUrl":"https:\/\/gooddealersmeds.com\/es\/wp-content\/uploads\/sites\/4\/2022\/03\/Fentanyl-Patch-75mcg-e1573043473107-500x500-1.jpg","width":500,"height":500,"caption":"Buy Fentanyl Online"},{"@type":"BreadcrumbList","@id":"https:\/\/gooddealersmeds.com\/es\/product\/parches-de-fentanilo\/#breadcrumb","itemListElement":[{"@type":"ListItem","position":1,"name":"Home","item":"https:\/\/gooddealersmeds.com\/es\/"},{"@type":"ListItem","position":2,"name":"Productos","item":"https:\/\/gooddealersmeds.com\/es\/productos\/"},{"@type":"ListItem","position":3,"name":"Compre parches de fentanilo en l\u00ednea"}]},{"@type":"WebSite","@id":"https:\/\/gooddealersmeds.com\/es\/#website","url":"https:\/\/gooddealersmeds.com\/es\/","name":"Good Dealers Meds","description":"All our best","publisher":{"@id":"https:\/\/gooddealersmeds.com\/es\/#organization"},"potentialAction":[{"@type":"SearchAction","target":{"@type":"EntryPoint","urlTemplate":"https:\/\/gooddealersmeds.com\/es\/?s={search_term_string}"},"query-input":{"@type":"PropertyValueSpecification","valueRequired":true,"valueName":"search_term_string"}}],"inLanguage":"en-US"},{"@type":"Organization","@id":"https:\/\/gooddealersmeds.com\/es\/#organization","name":"Good Dealers Meds","url":"https:\/\/gooddealersmeds.com\/es\/","logo":{"@type":"ImageObject","inLanguage":"en-US","@id":"https:\/\/gooddealersmeds.com\/es\/#\/schema\/logo\/image\/","url":"https:\/\/gooddealersmeds.com\/es\/wp-content\/uploads\/sites\/4\/2022\/03\/gooddealersmeds__logo__20220317T222800Z.00.png","contentUrl":"https:\/\/gooddealersmeds.com\/es\/wp-content\/uploads\/sites\/4\/2022\/03\/gooddealersmeds__logo__20220317T222800Z.00.png","width":500,"height":325,"caption":"Good Dealers Meds"},"image":{"@id":"https:\/\/gooddealersmeds.com\/es\/#\/schema\/logo\/image\/"}}]}},"_links":{"self":[{"href":"https:\/\/gooddealersmeds.com\/es\/wp-json\/wp\/v2\/product\/1728","targetHints":{"allow":["GET"]}}],"collection":[{"href":"https:\/\/gooddealersmeds.com\/es\/wp-json\/wp\/v2\/product"}],"about":[{"href":"https:\/\/gooddealersmeds.com\/es\/wp-json\/wp\/v2\/types\/product"}],"replies":[{"embeddable":true,"href":"https:\/\/gooddealersmeds.com\/es\/wp-json\/wp\/v2\/comments?post=1728"}],"wp:featuredmedia":[{"embeddable":true,"href":"https:\/\/gooddealersmeds.com\/es\/wp-json\/wp\/v2\/media\/1734"}],"wp:attachment":[{"href":"https:\/\/gooddealersmeds.com\/es\/wp-json\/wp\/v2\/media?parent=1728"}],"wp:term":[{"taxonomy":"product_brand","embeddable":true,"href":"https:\/\/gooddealersmeds.com\/es\/wp-json\/wp\/v2\/product_brand?post=1728"},{"taxonomy":"product_cat","embeddable":true,"href":"https:\/\/gooddealersmeds.com\/es\/wp-json\/wp\/v2\/product_cat?post=1728"},{"taxonomy":"product_tag","embeddable":true,"href":"https:\/\/gooddealersmeds.com\/es\/wp-json\/wp\/v2\/product_tag?post=1728"}],"curies":[{"name":"wp","href":"https:\/\/api.w.org\/{rel}","templated":true}]}}