{"id":1718,"date":"2022-03-19T01:50:33","date_gmt":"2022-03-19T01:50:33","guid":{"rendered":"https:\/\/gooddealersmeds.com\/es\/?post_type=product&#038;p=1718"},"modified":"2023-01-02T15:33:58","modified_gmt":"2023-01-02T15:33:58","slug":"comprar-morfina-sulfato-online","status":"publish","type":"product","link":"https:\/\/gooddealersmeds.com\/es\/product\/comprar-morfina-sulfato-online\/","title":{"rendered":"Comprar sulfato de morfina en l\u00ednea"},"content":{"rendered":"<h2>Comprar sulfato de morfina en l\u00ednea de primera categor\u00eda<\/h2>\n<p>Comprar morfina en l\u00ednea. La morfina es un analg\u00e9sico fuerte. Se utiliza para tratar el dolor intenso. Este medicamento se usa para tratar el dolor cr\u00f3nico intenso (como el causado por el c\u00e1ncer). La morfina pertenece a la clase de medicamentos analg\u00e9sicos opioides. Cambia la forma en que su cuerpo percibe y responde al dolor al actuar sobre el cerebro. Las concentraciones m\u00e1s altas de este medicamento (90 y 120 miligramos por c\u00e1psula) deben usarse solo si ha estado tomando dosis moderadas a altas de un analg\u00e9sico opioide de manera regular.<\/p>\n<p>&#8220;Nunca mastique, triture, o disuelva este medicamento o el contenido de las c\u00e1psulas. Adem\u00e1s, no consuma alcohol ni use otros productos que contengan alcohol mientras toma este medicamento. Tomar sulfato de morfina junto con alcohol o tipos de morfina de liberaci\u00f3n prolongada triturada, masticada o disuelta podr\u00eda provocar un sobredosis letal&#8221;.<\/p>\n<p>Antes de comenzar a usar morfina, y cada vez que renueve su receta, lea la Gu\u00eda del medicamento que su farmac\u00e9utico le proporcion\u00f3. Consulte a su m\u00e9dico o farmac\u00e9utico si tiene alguna duda.<\/p>\n<p><strong>Efectos que obtiene usando sulfato de morfina<\/strong><\/p>\n<p>La morfina act\u00faa evitando que las se\u00f1ales de dolor lleguen al cerebro a trav\u00e9s de los nervios. Los efectos adversos m\u00e1s frecuentes de la morfina son estre\u00f1imiento, n\u00e1useas y cansancio. La adicci\u00f3n a la morfina es concebible, pero es poco com\u00fan si la toma para controlar el dolor y su m\u00e9dico eval\u00faa su medicaci\u00f3n con frecuencia.<\/p>\n<p>La morfina puede ser tomada por ni\u00f1os y adultos de todas las edades. Sin embargo, los beb\u00e9s, los ni\u00f1os peque\u00f1os y las personas mayores tienen m\u00e1s probabilidades de sufrir efectos secundarios. Informe a su m\u00e9dico antes de comenzar a tomar el medicamento si:<\/p>\n<ul>\n<li>Alguna vez ha tenido una reacci\u00f3n al\u00e9rgica a la <a href=\"https:\/\/gooddealersmeds.com\/es\/product\/comprar-morfina-sulfato-online\/\">morfina<\/a> o a cualquier otro medicamento<\/li>\n<li>Tiene dificultad para respirar o un problema pulmonar<\/li>\n<li>Tiene una adicci\u00f3n al alcohol<\/li>\n<li>Tiene una afecci\u00f3n que provoca ataques o convulsiones<\/li>\n<li>Tiene una lesi\u00f3n en la cabeza<\/li>\n<li>Tiene niveles bajos de tiroides<\/li>\n<li>Tiene problemas en las gl\u00e1ndulas suprarrenales<\/li>\n<li>Tiene problemas renales o hep\u00e1ticos<\/li>\n<li>Tiene agrandamiento de la pr\u00f3stata<\/li>\n<li>Tiene presi\u00f3n arterial baja<\/li>\n<\/ul>\n<p><strong>Aqu\u00ed puede pedir sulfato de morfina, uno de los mejores para liberarse<\/strong><\/p>\n<p>Hacemos hincapi\u00e9 en la excelencia del producto y nos aseguramos de que nuestros medicamentos tengan un precio razonable. Cuando compra en Medications and Chem Store, su privacidad siempre est\u00e1 protegida. Puedes comprar sulfato de morfina online f\u00e1cilmente desde nuestra tienda online. Comprar morfina en l\u00ednea<\/p>\n","protected":false},"excerpt":{"rendered":"<p>La morfina se usa para ayudar a aliviar el dolor intenso. Pertenece a una clase de f\u00e1rmacos conocidos como analg\u00e9sicos opioides. Funciona en el cerebro para cambiar la forma en que su cuerpo se siente y responde al dolor.<\/p>\n","protected":false},"featured_media":1727,"comment_status":"open","ping_status":"closed","template":"","meta":{"inline_featured_image":false},"product_brand":[],"product_cat":[347],"product_tag":[],"class_list":{"0":"post-1718","1":"product","2":"type-product","3":"status-publish","4":"has-post-thumbnail","6":"product_cat-opioide-analgsico","7":"pa_milliliters-100-ml","8":"pa_milliliters-250-ml","9":"pa_milliliters-50-ml","10":"pa_milliliters-500-ml","12":"first","13":"instock","14":"featured","15":"shipping-taxable","16":"purchasable","17":"product-type-variable","18":"has-default-attributes"},"yoast_head":"<!-- This site is optimized with the Yoast SEO Premium plugin v20.6 (Yoast SEO v27.3) - https:\/\/yoast.com\/product\/yoast-seo-premium-wordpress\/ -->\n<title>Comprar morfina en l\u00ednea | Morfina a la venta | Good Dealers Meds<\/title>\n<meta name=\"description\" content=\"Comprar morfina en l\u00ednea vial 50mg\/Ml 20ml de Good Dealers Meds al mejor precio. Se utiliza para ayudar a aliviar el dolor moderado a intenso.\" \/>\n<meta name=\"robots\" content=\"index, follow, max-snippet:-1, max-image-preview:large, max-video-preview:-1\" \/>\n<link rel=\"canonical\" href=\"https:\/\/gooddealersmeds.com\/es\/product\/comprar-morfina-sulfato-online\/\" \/>\n<meta property=\"og:locale\" content=\"en_US\" \/>\n<meta property=\"og:type\" content=\"article\" \/>\n<meta property=\"og:title\" content=\"Comprar sulfato de morfina en l\u00ednea\" \/>\n<meta property=\"og:description\" content=\"Comprar morfina en l\u00ednea vial 50mg\/Ml 20ml de Good Dealers Meds al mejor precio. Se utiliza para ayudar a aliviar el dolor moderado a intenso.\" \/>\n<meta property=\"og:url\" content=\"https:\/\/gooddealersmeds.com\/es\/product\/comprar-morfina-sulfato-online\/\" \/>\n<meta property=\"og:site_name\" content=\"Good Dealers Meds\" \/>\n<meta property=\"article:modified_time\" content=\"2023-01-02T15:33:58+00:00\" \/>\n<meta property=\"og:image\" content=\"https:\/\/gooddealersmeds.com\/es\/wp-content\/uploads\/sites\/4\/2022\/03\/Morphine.jpeg\" \/>\n\t<meta property=\"og:image:width\" content=\"800\" \/>\n\t<meta property=\"og:image:height\" content=\"800\" \/>\n\t<meta property=\"og:image:type\" content=\"image\/jpeg\" \/>\n<meta name=\"twitter:card\" content=\"summary_large_image\" \/>\n<meta name=\"twitter:label1\" content=\"Est. reading time\" \/>\n\t<meta name=\"twitter:data1\" content=\"2 minutes\" \/>\n<script type=\"application\/ld+json\" class=\"yoast-schema-graph\">{\"@context\":\"https:\\\/\\\/schema.org\",\"@graph\":[{\"@type\":\"WebPage\",\"@id\":\"https:\\\/\\\/gooddealersmeds.com\\\/es\\\/product\\\/comprar-morfina-sulfato-online\\\/\",\"url\":\"https:\\\/\\\/gooddealersmeds.com\\\/es\\\/product\\\/comprar-morfina-sulfato-online\\\/\",\"name\":\"Comprar morfina en l\u00ednea | Morfina a la venta | Good Dealers Meds\",\"isPartOf\":{\"@id\":\"https:\\\/\\\/gooddealersmeds.com\\\/es\\\/#website\"},\"primaryImageOfPage\":{\"@id\":\"https:\\\/\\\/gooddealersmeds.com\\\/es\\\/product\\\/comprar-morfina-sulfato-online\\\/#primaryimage\"},\"image\":{\"@id\":\"https:\\\/\\\/gooddealersmeds.com\\\/es\\\/product\\\/comprar-morfina-sulfato-online\\\/#primaryimage\"},\"thumbnailUrl\":\"https:\\\/\\\/gooddealersmeds.com\\\/es\\\/wp-content\\\/uploads\\\/sites\\\/4\\\/2022\\\/03\\\/Morphine.jpeg\",\"datePublished\":\"2022-03-19T01:50:33+00:00\",\"dateModified\":\"2023-01-02T15:33:58+00:00\",\"description\":\"Comprar morfina en l\u00ednea vial 50mg\\\/Ml 20ml de Good Dealers Meds al mejor precio. Se utiliza para ayudar a aliviar el dolor moderado a intenso.\",\"breadcrumb\":{\"@id\":\"https:\\\/\\\/gooddealersmeds.com\\\/es\\\/product\\\/comprar-morfina-sulfato-online\\\/#breadcrumb\"},\"inLanguage\":\"en-US\",\"potentialAction\":[{\"@type\":\"ReadAction\",\"target\":[\"https:\\\/\\\/gooddealersmeds.com\\\/es\\\/product\\\/comprar-morfina-sulfato-online\\\/\"]}]},{\"@type\":\"ImageObject\",\"inLanguage\":\"en-US\",\"@id\":\"https:\\\/\\\/gooddealersmeds.com\\\/es\\\/product\\\/comprar-morfina-sulfato-online\\\/#primaryimage\",\"url\":\"https:\\\/\\\/gooddealersmeds.com\\\/es\\\/wp-content\\\/uploads\\\/sites\\\/4\\\/2022\\\/03\\\/Morphine.jpeg\",\"contentUrl\":\"https:\\\/\\\/gooddealersmeds.com\\\/es\\\/wp-content\\\/uploads\\\/sites\\\/4\\\/2022\\\/03\\\/Morphine.jpeg\",\"width\":800,\"height\":800,\"caption\":\"Buy Morphine Sulfate Online\"},{\"@type\":\"BreadcrumbList\",\"@id\":\"https:\\\/\\\/gooddealersmeds.com\\\/es\\\/product\\\/comprar-morfina-sulfato-online\\\/#breadcrumb\",\"itemListElement\":[{\"@type\":\"ListItem\",\"position\":1,\"name\":\"Home\",\"item\":\"https:\\\/\\\/gooddealersmeds.com\\\/es\\\/\"},{\"@type\":\"ListItem\",\"position\":2,\"name\":\"Productos\",\"item\":\"https:\\\/\\\/gooddealersmeds.com\\\/es\\\/productos\\\/\"},{\"@type\":\"ListItem\",\"position\":3,\"name\":\"Comprar sulfato de morfina en l\u00ednea\"}]},{\"@type\":\"WebSite\",\"@id\":\"https:\\\/\\\/gooddealersmeds.com\\\/es\\\/#website\",\"url\":\"https:\\\/\\\/gooddealersmeds.com\\\/es\\\/\",\"name\":\"Good Dealers Meds\",\"description\":\"All our best\",\"publisher\":{\"@id\":\"https:\\\/\\\/gooddealersmeds.com\\\/es\\\/#organization\"},\"potentialAction\":[{\"@type\":\"SearchAction\",\"target\":{\"@type\":\"EntryPoint\",\"urlTemplate\":\"https:\\\/\\\/gooddealersmeds.com\\\/es\\\/?s={search_term_string}\"},\"query-input\":{\"@type\":\"PropertyValueSpecification\",\"valueRequired\":true,\"valueName\":\"search_term_string\"}}],\"inLanguage\":\"en-US\"},{\"@type\":\"Organization\",\"@id\":\"https:\\\/\\\/gooddealersmeds.com\\\/es\\\/#organization\",\"name\":\"Good Dealers Meds\",\"url\":\"https:\\\/\\\/gooddealersmeds.com\\\/es\\\/\",\"logo\":{\"@type\":\"ImageObject\",\"inLanguage\":\"en-US\",\"@id\":\"https:\\\/\\\/gooddealersmeds.com\\\/es\\\/#\\\/schema\\\/logo\\\/image\\\/\",\"url\":\"https:\\\/\\\/gooddealersmeds.com\\\/es\\\/wp-content\\\/uploads\\\/sites\\\/4\\\/2022\\\/03\\\/gooddealersmeds__logo__20220317T222800Z.00.png\",\"contentUrl\":\"https:\\\/\\\/gooddealersmeds.com\\\/es\\\/wp-content\\\/uploads\\\/sites\\\/4\\\/2022\\\/03\\\/gooddealersmeds__logo__20220317T222800Z.00.png\",\"width\":500,\"height\":325,\"caption\":\"Good Dealers Meds\"},\"image\":{\"@id\":\"https:\\\/\\\/gooddealersmeds.com\\\/es\\\/#\\\/schema\\\/logo\\\/image\\\/\"}}]}<\/script>\n<!-- \/ Yoast SEO Premium plugin. -->","yoast_head_json":{"title":"Comprar morfina en l\u00ednea | Morfina a la venta | Good Dealers Meds","description":"Comprar morfina en l\u00ednea vial 50mg\/Ml 20ml de Good Dealers Meds al mejor precio. Se utiliza para ayudar a aliviar el dolor moderado a intenso.","robots":{"index":"index","follow":"follow","max-snippet":"max-snippet:-1","max-image-preview":"max-image-preview:large","max-video-preview":"max-video-preview:-1"},"canonical":"https:\/\/gooddealersmeds.com\/es\/product\/comprar-morfina-sulfato-online\/","og_locale":"en_US","og_type":"article","og_title":"Comprar sulfato de morfina en l\u00ednea","og_description":"Comprar morfina en l\u00ednea vial 50mg\/Ml 20ml de Good Dealers Meds al mejor precio. Se utiliza para ayudar a aliviar el dolor moderado a intenso.","og_url":"https:\/\/gooddealersmeds.com\/es\/product\/comprar-morfina-sulfato-online\/","og_site_name":"Good Dealers Meds","article_modified_time":"2023-01-02T15:33:58+00:00","og_image":[{"width":800,"height":800,"url":"https:\/\/gooddealersmeds.com\/es\/wp-content\/uploads\/sites\/4\/2022\/03\/Morphine.jpeg","type":"image\/jpeg"}],"twitter_card":"summary_large_image","twitter_misc":{"Est. reading time":"2 minutes"},"schema":{"@context":"https:\/\/schema.org","@graph":[{"@type":"WebPage","@id":"https:\/\/gooddealersmeds.com\/es\/product\/comprar-morfina-sulfato-online\/","url":"https:\/\/gooddealersmeds.com\/es\/product\/comprar-morfina-sulfato-online\/","name":"Comprar morfina en l\u00ednea | Morfina a la venta | Good Dealers Meds","isPartOf":{"@id":"https:\/\/gooddealersmeds.com\/es\/#website"},"primaryImageOfPage":{"@id":"https:\/\/gooddealersmeds.com\/es\/product\/comprar-morfina-sulfato-online\/#primaryimage"},"image":{"@id":"https:\/\/gooddealersmeds.com\/es\/product\/comprar-morfina-sulfato-online\/#primaryimage"},"thumbnailUrl":"https:\/\/gooddealersmeds.com\/es\/wp-content\/uploads\/sites\/4\/2022\/03\/Morphine.jpeg","datePublished":"2022-03-19T01:50:33+00:00","dateModified":"2023-01-02T15:33:58+00:00","description":"Comprar morfina en l\u00ednea vial 50mg\/Ml 20ml de Good Dealers Meds al mejor precio. Se utiliza para ayudar a aliviar el dolor moderado a intenso.","breadcrumb":{"@id":"https:\/\/gooddealersmeds.com\/es\/product\/comprar-morfina-sulfato-online\/#breadcrumb"},"inLanguage":"en-US","potentialAction":[{"@type":"ReadAction","target":["https:\/\/gooddealersmeds.com\/es\/product\/comprar-morfina-sulfato-online\/"]}]},{"@type":"ImageObject","inLanguage":"en-US","@id":"https:\/\/gooddealersmeds.com\/es\/product\/comprar-morfina-sulfato-online\/#primaryimage","url":"https:\/\/gooddealersmeds.com\/es\/wp-content\/uploads\/sites\/4\/2022\/03\/Morphine.jpeg","contentUrl":"https:\/\/gooddealersmeds.com\/es\/wp-content\/uploads\/sites\/4\/2022\/03\/Morphine.jpeg","width":800,"height":800,"caption":"Buy Morphine Sulfate Online"},{"@type":"BreadcrumbList","@id":"https:\/\/gooddealersmeds.com\/es\/product\/comprar-morfina-sulfato-online\/#breadcrumb","itemListElement":[{"@type":"ListItem","position":1,"name":"Home","item":"https:\/\/gooddealersmeds.com\/es\/"},{"@type":"ListItem","position":2,"name":"Productos","item":"https:\/\/gooddealersmeds.com\/es\/productos\/"},{"@type":"ListItem","position":3,"name":"Comprar sulfato de morfina en l\u00ednea"}]},{"@type":"WebSite","@id":"https:\/\/gooddealersmeds.com\/es\/#website","url":"https:\/\/gooddealersmeds.com\/es\/","name":"Good Dealers Meds","description":"All our best","publisher":{"@id":"https:\/\/gooddealersmeds.com\/es\/#organization"},"potentialAction":[{"@type":"SearchAction","target":{"@type":"EntryPoint","urlTemplate":"https:\/\/gooddealersmeds.com\/es\/?s={search_term_string}"},"query-input":{"@type":"PropertyValueSpecification","valueRequired":true,"valueName":"search_term_string"}}],"inLanguage":"en-US"},{"@type":"Organization","@id":"https:\/\/gooddealersmeds.com\/es\/#organization","name":"Good Dealers Meds","url":"https:\/\/gooddealersmeds.com\/es\/","logo":{"@type":"ImageObject","inLanguage":"en-US","@id":"https:\/\/gooddealersmeds.com\/es\/#\/schema\/logo\/image\/","url":"https:\/\/gooddealersmeds.com\/es\/wp-content\/uploads\/sites\/4\/2022\/03\/gooddealersmeds__logo__20220317T222800Z.00.png","contentUrl":"https:\/\/gooddealersmeds.com\/es\/wp-content\/uploads\/sites\/4\/2022\/03\/gooddealersmeds__logo__20220317T222800Z.00.png","width":500,"height":325,"caption":"Good Dealers Meds"},"image":{"@id":"https:\/\/gooddealersmeds.com\/es\/#\/schema\/logo\/image\/"}}]}},"_links":{"self":[{"href":"https:\/\/gooddealersmeds.com\/es\/wp-json\/wp\/v2\/product\/1718","targetHints":{"allow":["GET"]}}],"collection":[{"href":"https:\/\/gooddealersmeds.com\/es\/wp-json\/wp\/v2\/product"}],"about":[{"href":"https:\/\/gooddealersmeds.com\/es\/wp-json\/wp\/v2\/types\/product"}],"replies":[{"embeddable":true,"href":"https:\/\/gooddealersmeds.com\/es\/wp-json\/wp\/v2\/comments?post=1718"}],"wp:featuredmedia":[{"embeddable":true,"href":"https:\/\/gooddealersmeds.com\/es\/wp-json\/wp\/v2\/media\/1727"}],"wp:attachment":[{"href":"https:\/\/gooddealersmeds.com\/es\/wp-json\/wp\/v2\/media?parent=1718"}],"wp:term":[{"taxonomy":"product_brand","embeddable":true,"href":"https:\/\/gooddealersmeds.com\/es\/wp-json\/wp\/v2\/product_brand?post=1718"},{"taxonomy":"product_cat","embeddable":true,"href":"https:\/\/gooddealersmeds.com\/es\/wp-json\/wp\/v2\/product_cat?post=1718"},{"taxonomy":"product_tag","embeddable":true,"href":"https:\/\/gooddealersmeds.com\/es\/wp-json\/wp\/v2\/product_tag?post=1718"}],"curies":[{"name":"wp","href":"https:\/\/api.w.org\/{rel}","templated":true}]}}